{"id":39069,"date":"2024-11-18T14:32:35","date_gmt":"2024-11-18T12:32:35","guid":{"rendered":"https:\/\/baubauwall.com\/?post_type=product&#038;p=39069"},"modified":"2024-11-18T15:34:47","modified_gmt":"2024-11-18T13:34:47","slug":"kordumustriga-tapeet-sobrad-dzunglist-heleroheline","status":"publish","type":"product","link":"https:\/\/baubauwall.com\/et\/toode\/kordumustriga-tapeet-sobrad-dzunglist-heleroheline\/","title":{"rendered":"S\u00f5brad d\u017eunglist &#8211; heleroheline"},"content":{"rendered":"<p>Heleroheline tapeet, mis teeb lastetoa seinad Aafrika savanniks. Vahva tapeet lastetuppa, mis toob d\u017eunglis\u00f5brad lapsele koju k\u00e4tte! Tapeedil on lummav vaade d\u017eunglielule, kus elevandid, uudishimulikud ahvikesed, k\u00f5rged kaelkirjakud ja laisad l\u00f5vid m\u00e4ngivad roheliste palmide vahel.\u00a0 Heleroheline\u00a0 v\u00e4rvipalett sobib erinevate sisustusstiilidega, aidates luua toreda interj\u00f6\u00f6ri, kus fantaasia v\u00f5ib vabalt lennata. Tapeet d\u017eunglis\u00f5pradega sobib nii poistele kui t\u00fcdrukutele. Kuidas valida tapeeti lastetuppa, <a href=\"https:\/\/baubauwall.com\/et\/uudised\/kodu-koige-lustlikum-tuba\/\" target=\"_blank\" rel=\"noopener\">loe ka Baubau ajakirjast.<\/a><\/p>\n<p><strong>Miks osta lastetoa tapeet siit? Tapeetimine pole kunagi nii lihtne olnud!<\/strong><\/p>\n<ul>\n<li>Nummerdatud tapeedipaanid<\/li>\n<li>Just nii pikad tapeedipaanid, kui on Sinu sein<\/li>\n<li>Premium, matt fliistapeedi materjal, 100% taaskasutatud kiust<\/li>\n<li>M\u00fcrgivabad tr\u00fckiv\u00e4rvid, Greenguard sertifitseeritud \u2013 ideaalne lastetuppa<\/li>\n<li>Keskkonnas\u00f5bralik, j\u00e4\u00e4tmevaba tapeetimine<\/li>\n<li>Tasuta tapeediliim<\/li>\n<li>Tasuta transport ja kiire tarne 5 t\u00f6\u00f6p\u00e4evaga<\/li>\n<\/ul>\n<p>Loe l\u00e4hemalt nutikatest, eritellimust\u00f6\u00f6na valmivatest tapeetidest\u00a0<a href=\"https:\/\/baubauwall.com\/et\/keskkonnasobralikud-tapeedid\/\">siit.<\/a><\/p>\n","protected":false},"excerpt":{"rendered":"<p>Heleroheline tapeet, mis teeb lastetoa seinad Aafrika savanniks. Vahva tapeet lastetuppa, mis toob d\u017eunglis\u00f5brad lapsele koju k\u00e4tte! Tapeedil on lummav vaade d\u017eunglielule, kus elevandid, uudishimulikud ahvikesed, k\u00f5rged kaelkirjakud ja laisad l\u00f5vid m\u00e4ngivad roheliste palmide vahel.\u00a0 Heleroheline\u00a0 v\u00e4rvipalett sobib erinevate sisustusstiilidega, aidates luua toreda interj\u00f6\u00f6ri, kus fantaasia v\u00f5ib vabalt lennata. Tapeet d\u017eunglis\u00f5pradega sobib nii poistele kui [&hellip;]<\/p>\n","protected":false},"featured_media":39081,"comment_status":"open","ping_status":"closed","template":"","meta":{"_acf_changed":false,"inline_featured_image":false},"product_brand":[],"product_cat":[629,386,388,271,410,400,250,255],"product_tag":[631,308,724,324],"class_list":{"0":"post-39069","1":"product","2":"type-product","3":"status-publish","4":"has-post-thumbnail","6":"product_cat-kikki-belle-tapeedid","7":"product_cat-kordusmustriga-tapeedid","8":"product_cat-vintage-et","9":"product_cat-rohelised-tapeedid","10":"product_cat-valge-tapeedid","11":"product_cat-lastetoa-tapeedid","12":"product_cat-dzungel-troopika","13":"product_cat-loomad","14":"product_tag-kikki-belle-et","15":"product_tag-poiste-tuba","16":"product_tag-sooneutraalsed-varvid-et","17":"product_tag-tudruku-tuba","18":"pa_designedby-sir-edward","20":"first","21":"instock","22":"taxable","23":"shipping-taxable","24":"purchasable","25":"product-type-simple"},"acf":[],"yoast_head":"<!-- This site is optimized with the Yoast SEO plugin v25.9 - https:\/\/yoast.com\/wordpress\/plugins\/seo\/ -->\n<title>Lastetoa tapeet - S\u00f5brad d\u017eunglist - heleroheline<\/title>\n<meta name=\"description\" content=\"Tapeet lastetuppa, kus m\u00e4ng ei peatu. D\u017eungliteemaline tapeet on lahe valik lastele, millega on raske eksida. Ilus tapeedivalik nii poistele kui t\u00fcdrukutele\" \/>\n<meta name=\"robots\" content=\"index, follow, max-snippet:-1, max-image-preview:large, max-video-preview:-1\" \/>\n<link rel=\"canonical\" href=\"https:\/\/baubauwall.com\/et\/toode\/kordumustriga-tapeet-sobrad-dzunglist-heleroheline\/\" \/>\n<meta property=\"og:locale\" content=\"et_EE\" \/>\n<meta property=\"og:type\" content=\"article\" \/>\n<meta property=\"og:title\" content=\"S\u00f5brad d\u017eunglist - heleroheline\" \/>\n<meta property=\"og:description\" content=\"BAUBAUWALL TAPEEDID\" \/>\n<meta property=\"og:url\" content=\"https:\/\/baubauwall.com\/et\/toode\/kordumustriga-tapeet-sobrad-dzunglist-heleroheline\/\" \/>\n<meta property=\"og:site_name\" content=\"BAUBAUWALL TAPEEDID\" \/>\n<meta property=\"article:publisher\" content=\"https:\/\/www.facebook.com\/Baubauwall\" \/>\n<meta property=\"article:modified_time\" content=\"2024-11-18T13:34:47+00:00\" \/>\n<meta property=\"og:image\" content=\"https:\/\/i0.wp.com\/baubauwall.com\/wp-content\/uploads\/2024\/11\/51100440_JoyfulJungle-Green_Baubauwall_Wallpaper_room2.jpg?fit=1132%2C850&ssl=1\" \/>\n\t<meta property=\"og:image:width\" content=\"1132\" \/>\n\t<meta property=\"og:image:height\" content=\"850\" \/>\n\t<meta property=\"og:image:type\" content=\"image\/jpeg\" \/>\n<meta name=\"twitter:card\" content=\"summary_large_image\" \/>\n<meta name=\"twitter:label1\" content=\"Est. reading time\" \/>\n\t<meta name=\"twitter:data1\" content=\"1 minut\" \/>\n<script type=\"application\/ld+json\" class=\"yoast-schema-graph\">{\"@context\":\"https:\/\/schema.org\",\"@graph\":[{\"@type\":\"WebPage\",\"@id\":\"https:\/\/baubauwall.com\/et\/toode\/kordumustriga-tapeet-sobrad-dzunglist-heleroheline\/\",\"url\":\"https:\/\/baubauwall.com\/et\/toode\/kordumustriga-tapeet-sobrad-dzunglist-heleroheline\/\",\"name\":\"Lastetoa tapeet - S\u00f5brad d\u017eunglist - heleroheline\",\"isPartOf\":{\"@id\":\"https:\/\/baubauwall.com\/et\/#website\"},\"primaryImageOfPage\":{\"@id\":\"https:\/\/baubauwall.com\/et\/toode\/kordumustriga-tapeet-sobrad-dzunglist-heleroheline\/#primaryimage\"},\"image\":{\"@id\":\"https:\/\/baubauwall.com\/et\/toode\/kordumustriga-tapeet-sobrad-dzunglist-heleroheline\/#primaryimage\"},\"thumbnailUrl\":\"https:\/\/baubauwall.com\/wp-content\/uploads\/2024\/11\/51100440_JoyfulJungle-Green_Baubauwall_Wallpaper_room1.jpg\",\"datePublished\":\"2024-11-18T12:32:35+00:00\",\"dateModified\":\"2024-11-18T13:34:47+00:00\",\"description\":\"Tapeet lastetuppa, kus m\u00e4ng ei peatu. D\u017eungliteemaline tapeet on lahe valik lastele, millega on raske eksida. Ilus tapeedivalik nii poistele kui t\u00fcdrukutele\",\"breadcrumb\":{\"@id\":\"https:\/\/baubauwall.com\/et\/toode\/kordumustriga-tapeet-sobrad-dzunglist-heleroheline\/#breadcrumb\"},\"inLanguage\":\"et\",\"potentialAction\":[{\"@type\":\"ReadAction\",\"target\":[\"https:\/\/baubauwall.com\/et\/toode\/kordumustriga-tapeet-sobrad-dzunglist-heleroheline\/\"]}]},{\"@type\":\"ImageObject\",\"inLanguage\":\"et\",\"@id\":\"https:\/\/baubauwall.com\/et\/toode\/kordumustriga-tapeet-sobrad-dzunglist-heleroheline\/#primaryimage\",\"url\":\"https:\/\/baubauwall.com\/wp-content\/uploads\/2024\/11\/51100440_JoyfulJungle-Green_Baubauwall_Wallpaper_room1.jpg\",\"contentUrl\":\"https:\/\/baubauwall.com\/wp-content\/uploads\/2024\/11\/51100440_JoyfulJungle-Green_Baubauwall_Wallpaper_room1.jpg\",\"width\":2400,\"height\":1600,\"caption\":\"Girls bedroom wallpaper idea\"},{\"@type\":\"BreadcrumbList\",\"@id\":\"https:\/\/baubauwall.com\/et\/toode\/kordumustriga-tapeet-sobrad-dzunglist-heleroheline\/#breadcrumb\",\"itemListElement\":[{\"@type\":\"ListItem\",\"position\":1,\"name\":\"Koju\",\"item\":\"https:\/\/baubauwall.com\/et\/\"},{\"@type\":\"ListItem\",\"position\":2,\"name\":\"Tapeedid\",\"item\":\"https:\/\/baubauwall.com\/et\/tapeedid\/\"},{\"@type\":\"ListItem\",\"position\":3,\"name\":\"S\u00f5brad d\u017eunglist &#8211; heleroheline\"}]},{\"@type\":\"WebSite\",\"@id\":\"https:\/\/baubauwall.com\/et\/#website\",\"url\":\"https:\/\/baubauwall.com\/et\/\",\"name\":\"BAUBAUWALL Wallpapers\",\"description\":\"Valmis paanides tapeet Eestist!\",\"publisher\":{\"@id\":\"https:\/\/baubauwall.com\/et\/#organization\"},\"potentialAction\":[{\"@type\":\"SearchAction\",\"target\":{\"@type\":\"EntryPoint\",\"urlTemplate\":\"https:\/\/baubauwall.com\/et\/?s={search_term_string}\"},\"query-input\":{\"@type\":\"PropertyValueSpecification\",\"valueRequired\":true,\"valueName\":\"search_term_string\"}}],\"inLanguage\":\"et\"},{\"@type\":\"Organization\",\"@id\":\"https:\/\/baubauwall.com\/et\/#organization\",\"name\":\"BAUBAUWALL Wallpapers\",\"url\":\"https:\/\/baubauwall.com\/et\/\",\"logo\":{\"@type\":\"ImageObject\",\"inLanguage\":\"et\",\"@id\":\"https:\/\/baubauwall.com\/et\/#\/schema\/logo\/image\/\",\"url\":\"https:\/\/baubauwall.com\/wp-content\/uploads\/2022\/03\/logo-horizontal.svg\",\"contentUrl\":\"https:\/\/baubauwall.com\/wp-content\/uploads\/2022\/03\/logo-horizontal.svg\",\"width\":\"1024\",\"height\":\"1024\",\"caption\":\"BAUBAUWALL Wallpapers\"},\"image\":{\"@id\":\"https:\/\/baubauwall.com\/et\/#\/schema\/logo\/image\/\"},\"sameAs\":[\"https:\/\/www.facebook.com\/Baubauwall\",\"https:\/\/www.instagram.com\/baubauwall\"]}]}<\/script>\n<!-- \/ Yoast SEO plugin. -->","yoast_head_json":{"title":"Lastetoa tapeet - S\u00f5brad d\u017eunglist - heleroheline","description":"Tapeet lastetuppa, kus m\u00e4ng ei peatu. D\u017eungliteemaline tapeet on lahe valik lastele, millega on raske eksida. Ilus tapeedivalik nii poistele kui t\u00fcdrukutele","robots":{"index":"index","follow":"follow","max-snippet":"max-snippet:-1","max-image-preview":"max-image-preview:large","max-video-preview":"max-video-preview:-1"},"canonical":"https:\/\/baubauwall.com\/et\/toode\/kordumustriga-tapeet-sobrad-dzunglist-heleroheline\/","og_locale":"et_EE","og_type":"article","og_title":"S\u00f5brad d\u017eunglist - heleroheline","og_description":"BAUBAUWALL TAPEEDID","og_url":"https:\/\/baubauwall.com\/et\/toode\/kordumustriga-tapeet-sobrad-dzunglist-heleroheline\/","og_site_name":"BAUBAUWALL TAPEEDID","article_publisher":"https:\/\/www.facebook.com\/Baubauwall","article_modified_time":"2024-11-18T13:34:47+00:00","og_image":[{"width":1132,"height":850,"url":"https:\/\/i0.wp.com\/baubauwall.com\/wp-content\/uploads\/2024\/11\/51100440_JoyfulJungle-Green_Baubauwall_Wallpaper_room2.jpg?fit=1132%2C850&ssl=1","type":"image\/jpeg"}],"twitter_card":"summary_large_image","twitter_misc":{"Est. reading time":"1 minut"},"schema":{"@context":"https:\/\/schema.org","@graph":[{"@type":"WebPage","@id":"https:\/\/baubauwall.com\/et\/toode\/kordumustriga-tapeet-sobrad-dzunglist-heleroheline\/","url":"https:\/\/baubauwall.com\/et\/toode\/kordumustriga-tapeet-sobrad-dzunglist-heleroheline\/","name":"Lastetoa tapeet - S\u00f5brad d\u017eunglist - heleroheline","isPartOf":{"@id":"https:\/\/baubauwall.com\/et\/#website"},"primaryImageOfPage":{"@id":"https:\/\/baubauwall.com\/et\/toode\/kordumustriga-tapeet-sobrad-dzunglist-heleroheline\/#primaryimage"},"image":{"@id":"https:\/\/baubauwall.com\/et\/toode\/kordumustriga-tapeet-sobrad-dzunglist-heleroheline\/#primaryimage"},"thumbnailUrl":"https:\/\/baubauwall.com\/wp-content\/uploads\/2024\/11\/51100440_JoyfulJungle-Green_Baubauwall_Wallpaper_room1.jpg","datePublished":"2024-11-18T12:32:35+00:00","dateModified":"2024-11-18T13:34:47+00:00","description":"Tapeet lastetuppa, kus m\u00e4ng ei peatu. D\u017eungliteemaline tapeet on lahe valik lastele, millega on raske eksida. Ilus tapeedivalik nii poistele kui t\u00fcdrukutele","breadcrumb":{"@id":"https:\/\/baubauwall.com\/et\/toode\/kordumustriga-tapeet-sobrad-dzunglist-heleroheline\/#breadcrumb"},"inLanguage":"et","potentialAction":[{"@type":"ReadAction","target":["https:\/\/baubauwall.com\/et\/toode\/kordumustriga-tapeet-sobrad-dzunglist-heleroheline\/"]}]},{"@type":"ImageObject","inLanguage":"et","@id":"https:\/\/baubauwall.com\/et\/toode\/kordumustriga-tapeet-sobrad-dzunglist-heleroheline\/#primaryimage","url":"https:\/\/baubauwall.com\/wp-content\/uploads\/2024\/11\/51100440_JoyfulJungle-Green_Baubauwall_Wallpaper_room1.jpg","contentUrl":"https:\/\/baubauwall.com\/wp-content\/uploads\/2024\/11\/51100440_JoyfulJungle-Green_Baubauwall_Wallpaper_room1.jpg","width":2400,"height":1600,"caption":"Girls bedroom wallpaper idea"},{"@type":"BreadcrumbList","@id":"https:\/\/baubauwall.com\/et\/toode\/kordumustriga-tapeet-sobrad-dzunglist-heleroheline\/#breadcrumb","itemListElement":[{"@type":"ListItem","position":1,"name":"Koju","item":"https:\/\/baubauwall.com\/et\/"},{"@type":"ListItem","position":2,"name":"Tapeedid","item":"https:\/\/baubauwall.com\/et\/tapeedid\/"},{"@type":"ListItem","position":3,"name":"S\u00f5brad d\u017eunglist &#8211; heleroheline"}]},{"@type":"WebSite","@id":"https:\/\/baubauwall.com\/et\/#website","url":"https:\/\/baubauwall.com\/et\/","name":"BAUBAUWALL Wallpapers","description":"Valmis paanides tapeet Eestist!","publisher":{"@id":"https:\/\/baubauwall.com\/et\/#organization"},"potentialAction":[{"@type":"SearchAction","target":{"@type":"EntryPoint","urlTemplate":"https:\/\/baubauwall.com\/et\/?s={search_term_string}"},"query-input":{"@type":"PropertyValueSpecification","valueRequired":true,"valueName":"search_term_string"}}],"inLanguage":"et"},{"@type":"Organization","@id":"https:\/\/baubauwall.com\/et\/#organization","name":"BAUBAUWALL Wallpapers","url":"https:\/\/baubauwall.com\/et\/","logo":{"@type":"ImageObject","inLanguage":"et","@id":"https:\/\/baubauwall.com\/et\/#\/schema\/logo\/image\/","url":"https:\/\/baubauwall.com\/wp-content\/uploads\/2022\/03\/logo-horizontal.svg","contentUrl":"https:\/\/baubauwall.com\/wp-content\/uploads\/2022\/03\/logo-horizontal.svg","width":"1024","height":"1024","caption":"BAUBAUWALL Wallpapers"},"image":{"@id":"https:\/\/baubauwall.com\/et\/#\/schema\/logo\/image\/"},"sameAs":["https:\/\/www.facebook.com\/Baubauwall","https:\/\/www.instagram.com\/baubauwall"]}]}},"jetpack_sharing_enabled":true,"_links":{"self":[{"href":"https:\/\/baubauwall.com\/et\/wp-json\/wp\/v2\/product\/39069","targetHints":{"allow":["GET"]}}],"collection":[{"href":"https:\/\/baubauwall.com\/et\/wp-json\/wp\/v2\/product"}],"about":[{"href":"https:\/\/baubauwall.com\/et\/wp-json\/wp\/v2\/types\/product"}],"replies":[{"embeddable":true,"href":"https:\/\/baubauwall.com\/et\/wp-json\/wp\/v2\/comments?post=39069"}],"wp:featuredmedia":[{"embeddable":true,"href":"https:\/\/baubauwall.com\/et\/wp-json\/wp\/v2\/media\/39081"}],"wp:attachment":[{"href":"https:\/\/baubauwall.com\/et\/wp-json\/wp\/v2\/media?parent=39069"}],"wp:term":[{"taxonomy":"product_brand","embeddable":true,"href":"https:\/\/baubauwall.com\/et\/wp-json\/wp\/v2\/product_brand?post=39069"},{"taxonomy":"product_cat","embeddable":true,"href":"https:\/\/baubauwall.com\/et\/wp-json\/wp\/v2\/product_cat?post=39069"},{"taxonomy":"product_tag","embeddable":true,"href":"https:\/\/baubauwall.com\/et\/wp-json\/wp\/v2\/product_tag?post=39069"}],"curies":[{"name":"wp","href":"https:\/\/api.w.org\/{rel}","templated":true}]}}