{"id":39104,"date":"2024-11-17T15:15:15","date_gmt":"2024-11-17T13:15:15","guid":{"rendered":"https:\/\/baubauwall.com\/product\/wallpaper-happy-hedgehog-cream\/"},"modified":"2025-02-17T09:19:52","modified_gmt":"2025-02-17T07:19:52","slug":"kordumustriga-tapeet-roomsad-siilikesed-beez","status":"publish","type":"product","link":"https:\/\/baubauwall.com\/et\/toode\/kordumustriga-tapeet-roomsad-siilikesed-beez\/","title":{"rendered":"R\u00f5\u00f5msad siilikesed &#8211; bee\u017e"},"content":{"rendered":"<p>T\u00e4iuslik tapeedivalik beebituppa, lastetuppa v\u00f5i m\u00e4ngunurka. Bee\u017eides toonides tapeet loob sooja ja fantaasiarikka lastetoa interj\u00f6\u00f6ri, kus laps saab sukelduda looduse v\u00f5lumaailma. Mahedad, loodusl\u00e4hedased toonid koos lustakate detailidega teevad sellest tapeedist muinasjutulise tausta m\u00e4nguks ja puhkuseks. Siilidega tapeet on see disain, mille saad paigaldada beebi s\u00fcndides ja j\u00e4tta muretult tema toa seinale veel mitmeks aastaks.<\/p>\n<p><strong>Miks osta lastetoa tapeet siit? Tapeetimine pole kunagi nii lihtne olnud!<\/strong><\/p>\n<ul>\n<li>Nummerdatud tapeedipaanid<\/li>\n<li>Just nii pikad tapeedipaanid, kui on Sinu sein<\/li>\n<li>Premium, matt fliistapeedi materjal, 100% taaskasutatud kiust<\/li>\n<li>M\u00fcrgivabad tr\u00fckiv\u00e4rvid, Greenguard sertifitseeritud \u2013 ideaalne lastetuppa<\/li>\n<li>Keskkonnas\u00f5bralik, j\u00e4\u00e4tmevaba tapeetimine<\/li>\n<li>Tasuta tapeediliim<\/li>\n<li>Tasuta transport ja kiire tarne 5 t\u00f6\u00f6p\u00e4evaga<\/li>\n<\/ul>\n<p>Loe l\u00e4hemalt nutikatest, eritellimust\u00f6\u00f6na valmivatest tapeetidest\u00a0<a href=\"https:\/\/baubauwall.com\/et\/keskkonnasobralikud-tapeedid\/\">siit.<\/a><\/p>\n","protected":false},"excerpt":{"rendered":"<p>T\u00e4iuslik tapeedivalik beebituppa, lastetuppa v\u00f5i m\u00e4ngunurka. Bee\u017eides toonides tapeet loob sooja ja fantaasiarikka lastetoa interj\u00f6\u00f6ri, kus laps saab sukelduda looduse v\u00f5lumaailma. Mahedad, loodusl\u00e4hedased toonid koos lustakate detailidega teevad sellest tapeedist muinasjutulise tausta m\u00e4nguks ja puhkuseks. Siilidega tapeet on see disain, mille saad paigaldada beebi s\u00fcndides ja j\u00e4tta muretult tema toa seinale veel mitmeks aastaks. Miks [&hellip;]<\/p>\n","protected":false},"featured_media":39087,"comment_status":"open","ping_status":"closed","template":"","meta":{"_acf_changed":false,"inline_featured_image":false},"product_brand":[],"product_cat":[386,265,269,273,255],"product_tag":[631,724],"class_list":{"0":"post-39104","1":"product","2":"type-product","3":"status-publish","4":"has-post-thumbnail","6":"product_cat-kordusmustriga-tapeedid","7":"product_cat-beezid-tapeedid","8":"product_cat-pruunid-tapeedid","9":"product_cat-heledad-tapeedid","10":"product_cat-loomad","11":"product_tag-kikki-belle-et","12":"product_tag-sooneutraalsed-varvid-et","13":"pa_designedby-sir-edward","15":"first","16":"instock","17":"taxable","18":"shipping-taxable","19":"purchasable","20":"product-type-simple"},"acf":[],"yoast_head":"<!-- This site is optimized with the Yoast SEO plugin v25.9 - https:\/\/yoast.com\/wordpress\/plugins\/seo\/ -->\n<title>R\u00f5\u00f5msad siilikesed - bee\u017e tapeet lastele<\/title>\n<meta name=\"description\" content=\"Kena tapeet lastetuppa, mille disainil on nunnud siilid. Bee\u017eide toonidega on lihtne siduda lastetoa muud sisustust. Nagu ikka, sinu toa m\u00f5\u00f5dus paanides.\" \/>\n<meta name=\"robots\" content=\"index, follow, max-snippet:-1, max-image-preview:large, max-video-preview:-1\" \/>\n<link rel=\"canonical\" href=\"https:\/\/baubauwall.com\/et\/toode\/kordumustriga-tapeet-roomsad-siilikesed-beez\/\" \/>\n<meta property=\"og:locale\" content=\"et_EE\" \/>\n<meta property=\"og:type\" content=\"article\" \/>\n<meta property=\"og:title\" content=\"R\u00f5\u00f5msad siilikesed - bee\u017e tapeet lastele\" \/>\n<meta property=\"og:description\" content=\"Kena tapeet lastetuppa, mille disainil on nunnud siilid. Bee\u017eide toonidega on lihtne siduda lastetoa muud sisustust. Nagu ikka, sinu toa m\u00f5\u00f5dus paanides.\" \/>\n<meta property=\"og:url\" content=\"https:\/\/baubauwall.com\/et\/toode\/kordumustriga-tapeet-roomsad-siilikesed-beez\/\" \/>\n<meta property=\"og:site_name\" content=\"BAUBAUWALL TAPEEDID\" \/>\n<meta property=\"article:publisher\" content=\"https:\/\/www.facebook.com\/Baubauwall\" \/>\n<meta property=\"article:modified_time\" content=\"2025-02-17T07:19:52+00:00\" \/>\n<meta property=\"og:image\" content=\"https:\/\/baubauwall.com\/wp-content\/uploads\/2022\/11\/51100441_HappyHedgehog-White_Baubauwall_Wallpaper_closeup.jpg\" \/>\n\t<meta property=\"og:image:width\" content=\"2000\" \/>\n\t<meta property=\"og:image:height\" content=\"800\" \/>\n\t<meta property=\"og:image:type\" content=\"image\/jpeg\" \/>\n<meta name=\"twitter:card\" content=\"summary_large_image\" \/>\n<meta name=\"twitter:label1\" content=\"Est. reading time\" \/>\n\t<meta name=\"twitter:data1\" content=\"1 minut\" \/>\n<script type=\"application\/ld+json\" class=\"yoast-schema-graph\">{\"@context\":\"https:\/\/schema.org\",\"@graph\":[{\"@type\":\"WebPage\",\"@id\":\"https:\/\/baubauwall.com\/et\/toode\/kordumustriga-tapeet-roomsad-siilikesed-beez\/\",\"url\":\"https:\/\/baubauwall.com\/et\/toode\/kordumustriga-tapeet-roomsad-siilikesed-beez\/\",\"name\":\"R\u00f5\u00f5msad siilikesed - bee\u017e tapeet lastele\",\"isPartOf\":{\"@id\":\"https:\/\/baubauwall.com\/et\/#website\"},\"primaryImageOfPage\":{\"@id\":\"https:\/\/baubauwall.com\/et\/toode\/kordumustriga-tapeet-roomsad-siilikesed-beez\/#primaryimage\"},\"image\":{\"@id\":\"https:\/\/baubauwall.com\/et\/toode\/kordumustriga-tapeet-roomsad-siilikesed-beez\/#primaryimage\"},\"thumbnailUrl\":\"https:\/\/baubauwall.com\/wp-content\/uploads\/2022\/11\/51100441_HappyHedgehog-White_Baubauwall_Wallpaper_closeup.jpg\",\"datePublished\":\"2024-11-17T13:15:15+00:00\",\"dateModified\":\"2025-02-17T07:19:52+00:00\",\"description\":\"Kena tapeet lastetuppa, mille disainil on nunnud siilid. Bee\u017eide toonidega on lihtne siduda lastetoa muud sisustust. Nagu ikka, sinu toa m\u00f5\u00f5dus paanides.\",\"breadcrumb\":{\"@id\":\"https:\/\/baubauwall.com\/et\/toode\/kordumustriga-tapeet-roomsad-siilikesed-beez\/#breadcrumb\"},\"inLanguage\":\"et\",\"potentialAction\":[{\"@type\":\"ReadAction\",\"target\":[\"https:\/\/baubauwall.com\/et\/toode\/kordumustriga-tapeet-roomsad-siilikesed-beez\/\"]}]},{\"@type\":\"ImageObject\",\"inLanguage\":\"et\",\"@id\":\"https:\/\/baubauwall.com\/et\/toode\/kordumustriga-tapeet-roomsad-siilikesed-beez\/#primaryimage\",\"url\":\"https:\/\/baubauwall.com\/wp-content\/uploads\/2022\/11\/51100441_HappyHedgehog-White_Baubauwall_Wallpaper_closeup.jpg\",\"contentUrl\":\"https:\/\/baubauwall.com\/wp-content\/uploads\/2022\/11\/51100441_HappyHedgehog-White_Baubauwall_Wallpaper_closeup.jpg\",\"width\":2000,\"height\":800,\"caption\":\"Kids room wallpaper, repeating pattern on beige with cute hedgehogs\"},{\"@type\":\"BreadcrumbList\",\"@id\":\"https:\/\/baubauwall.com\/et\/toode\/kordumustriga-tapeet-roomsad-siilikesed-beez\/#breadcrumb\",\"itemListElement\":[{\"@type\":\"ListItem\",\"position\":1,\"name\":\"Koju\",\"item\":\"https:\/\/baubauwall.com\/et\/\"},{\"@type\":\"ListItem\",\"position\":2,\"name\":\"Tapeedid\",\"item\":\"https:\/\/baubauwall.com\/et\/tapeedid\/\"},{\"@type\":\"ListItem\",\"position\":3,\"name\":\"R\u00f5\u00f5msad siilikesed &#8211; bee\u017e\"}]},{\"@type\":\"WebSite\",\"@id\":\"https:\/\/baubauwall.com\/et\/#website\",\"url\":\"https:\/\/baubauwall.com\/et\/\",\"name\":\"BAUBAUWALL Wallpapers\",\"description\":\"Valmis paanides tapeet Eestist!\",\"publisher\":{\"@id\":\"https:\/\/baubauwall.com\/et\/#organization\"},\"potentialAction\":[{\"@type\":\"SearchAction\",\"target\":{\"@type\":\"EntryPoint\",\"urlTemplate\":\"https:\/\/baubauwall.com\/et\/?s={search_term_string}\"},\"query-input\":{\"@type\":\"PropertyValueSpecification\",\"valueRequired\":true,\"valueName\":\"search_term_string\"}}],\"inLanguage\":\"et\"},{\"@type\":\"Organization\",\"@id\":\"https:\/\/baubauwall.com\/et\/#organization\",\"name\":\"BAUBAUWALL Wallpapers\",\"url\":\"https:\/\/baubauwall.com\/et\/\",\"logo\":{\"@type\":\"ImageObject\",\"inLanguage\":\"et\",\"@id\":\"https:\/\/baubauwall.com\/et\/#\/schema\/logo\/image\/\",\"url\":\"https:\/\/baubauwall.com\/wp-content\/uploads\/2022\/03\/logo-horizontal.svg\",\"contentUrl\":\"https:\/\/baubauwall.com\/wp-content\/uploads\/2022\/03\/logo-horizontal.svg\",\"width\":\"1024\",\"height\":\"1024\",\"caption\":\"BAUBAUWALL Wallpapers\"},\"image\":{\"@id\":\"https:\/\/baubauwall.com\/et\/#\/schema\/logo\/image\/\"},\"sameAs\":[\"https:\/\/www.facebook.com\/Baubauwall\",\"https:\/\/www.instagram.com\/baubauwall\"]}]}<\/script>\n<!-- \/ Yoast SEO plugin. -->","yoast_head_json":{"title":"R\u00f5\u00f5msad siilikesed - bee\u017e tapeet lastele","description":"Kena tapeet lastetuppa, mille disainil on nunnud siilid. Bee\u017eide toonidega on lihtne siduda lastetoa muud sisustust. Nagu ikka, sinu toa m\u00f5\u00f5dus paanides.","robots":{"index":"index","follow":"follow","max-snippet":"max-snippet:-1","max-image-preview":"max-image-preview:large","max-video-preview":"max-video-preview:-1"},"canonical":"https:\/\/baubauwall.com\/et\/toode\/kordumustriga-tapeet-roomsad-siilikesed-beez\/","og_locale":"et_EE","og_type":"article","og_title":"R\u00f5\u00f5msad siilikesed - bee\u017e tapeet lastele","og_description":"Kena tapeet lastetuppa, mille disainil on nunnud siilid. Bee\u017eide toonidega on lihtne siduda lastetoa muud sisustust. Nagu ikka, sinu toa m\u00f5\u00f5dus paanides.","og_url":"https:\/\/baubauwall.com\/et\/toode\/kordumustriga-tapeet-roomsad-siilikesed-beez\/","og_site_name":"BAUBAUWALL TAPEEDID","article_publisher":"https:\/\/www.facebook.com\/Baubauwall","article_modified_time":"2025-02-17T07:19:52+00:00","og_image":[{"width":2000,"height":800,"url":"https:\/\/baubauwall.com\/wp-content\/uploads\/2022\/11\/51100441_HappyHedgehog-White_Baubauwall_Wallpaper_closeup.jpg","type":"image\/jpeg"}],"twitter_card":"summary_large_image","twitter_misc":{"Est. reading time":"1 minut"},"schema":{"@context":"https:\/\/schema.org","@graph":[{"@type":"WebPage","@id":"https:\/\/baubauwall.com\/et\/toode\/kordumustriga-tapeet-roomsad-siilikesed-beez\/","url":"https:\/\/baubauwall.com\/et\/toode\/kordumustriga-tapeet-roomsad-siilikesed-beez\/","name":"R\u00f5\u00f5msad siilikesed - bee\u017e tapeet lastele","isPartOf":{"@id":"https:\/\/baubauwall.com\/et\/#website"},"primaryImageOfPage":{"@id":"https:\/\/baubauwall.com\/et\/toode\/kordumustriga-tapeet-roomsad-siilikesed-beez\/#primaryimage"},"image":{"@id":"https:\/\/baubauwall.com\/et\/toode\/kordumustriga-tapeet-roomsad-siilikesed-beez\/#primaryimage"},"thumbnailUrl":"https:\/\/baubauwall.com\/wp-content\/uploads\/2022\/11\/51100441_HappyHedgehog-White_Baubauwall_Wallpaper_closeup.jpg","datePublished":"2024-11-17T13:15:15+00:00","dateModified":"2025-02-17T07:19:52+00:00","description":"Kena tapeet lastetuppa, mille disainil on nunnud siilid. Bee\u017eide toonidega on lihtne siduda lastetoa muud sisustust. Nagu ikka, sinu toa m\u00f5\u00f5dus paanides.","breadcrumb":{"@id":"https:\/\/baubauwall.com\/et\/toode\/kordumustriga-tapeet-roomsad-siilikesed-beez\/#breadcrumb"},"inLanguage":"et","potentialAction":[{"@type":"ReadAction","target":["https:\/\/baubauwall.com\/et\/toode\/kordumustriga-tapeet-roomsad-siilikesed-beez\/"]}]},{"@type":"ImageObject","inLanguage":"et","@id":"https:\/\/baubauwall.com\/et\/toode\/kordumustriga-tapeet-roomsad-siilikesed-beez\/#primaryimage","url":"https:\/\/baubauwall.com\/wp-content\/uploads\/2022\/11\/51100441_HappyHedgehog-White_Baubauwall_Wallpaper_closeup.jpg","contentUrl":"https:\/\/baubauwall.com\/wp-content\/uploads\/2022\/11\/51100441_HappyHedgehog-White_Baubauwall_Wallpaper_closeup.jpg","width":2000,"height":800,"caption":"Kids room wallpaper, repeating pattern on beige with cute hedgehogs"},{"@type":"BreadcrumbList","@id":"https:\/\/baubauwall.com\/et\/toode\/kordumustriga-tapeet-roomsad-siilikesed-beez\/#breadcrumb","itemListElement":[{"@type":"ListItem","position":1,"name":"Koju","item":"https:\/\/baubauwall.com\/et\/"},{"@type":"ListItem","position":2,"name":"Tapeedid","item":"https:\/\/baubauwall.com\/et\/tapeedid\/"},{"@type":"ListItem","position":3,"name":"R\u00f5\u00f5msad siilikesed &#8211; bee\u017e"}]},{"@type":"WebSite","@id":"https:\/\/baubauwall.com\/et\/#website","url":"https:\/\/baubauwall.com\/et\/","name":"BAUBAUWALL Wallpapers","description":"Valmis paanides tapeet Eestist!","publisher":{"@id":"https:\/\/baubauwall.com\/et\/#organization"},"potentialAction":[{"@type":"SearchAction","target":{"@type":"EntryPoint","urlTemplate":"https:\/\/baubauwall.com\/et\/?s={search_term_string}"},"query-input":{"@type":"PropertyValueSpecification","valueRequired":true,"valueName":"search_term_string"}}],"inLanguage":"et"},{"@type":"Organization","@id":"https:\/\/baubauwall.com\/et\/#organization","name":"BAUBAUWALL Wallpapers","url":"https:\/\/baubauwall.com\/et\/","logo":{"@type":"ImageObject","inLanguage":"et","@id":"https:\/\/baubauwall.com\/et\/#\/schema\/logo\/image\/","url":"https:\/\/baubauwall.com\/wp-content\/uploads\/2022\/03\/logo-horizontal.svg","contentUrl":"https:\/\/baubauwall.com\/wp-content\/uploads\/2022\/03\/logo-horizontal.svg","width":"1024","height":"1024","caption":"BAUBAUWALL Wallpapers"},"image":{"@id":"https:\/\/baubauwall.com\/et\/#\/schema\/logo\/image\/"},"sameAs":["https:\/\/www.facebook.com\/Baubauwall","https:\/\/www.instagram.com\/baubauwall"]}]}},"jetpack_sharing_enabled":true,"_links":{"self":[{"href":"https:\/\/baubauwall.com\/et\/wp-json\/wp\/v2\/product\/39104","targetHints":{"allow":["GET"]}}],"collection":[{"href":"https:\/\/baubauwall.com\/et\/wp-json\/wp\/v2\/product"}],"about":[{"href":"https:\/\/baubauwall.com\/et\/wp-json\/wp\/v2\/types\/product"}],"replies":[{"embeddable":true,"href":"https:\/\/baubauwall.com\/et\/wp-json\/wp\/v2\/comments?post=39104"}],"wp:featuredmedia":[{"embeddable":true,"href":"https:\/\/baubauwall.com\/et\/wp-json\/wp\/v2\/media\/39087"}],"wp:attachment":[{"href":"https:\/\/baubauwall.com\/et\/wp-json\/wp\/v2\/media?parent=39104"}],"wp:term":[{"taxonomy":"product_brand","embeddable":true,"href":"https:\/\/baubauwall.com\/et\/wp-json\/wp\/v2\/product_brand?post=39104"},{"taxonomy":"product_cat","embeddable":true,"href":"https:\/\/baubauwall.com\/et\/wp-json\/wp\/v2\/product_cat?post=39104"},{"taxonomy":"product_tag","embeddable":true,"href":"https:\/\/baubauwall.com\/et\/wp-json\/wp\/v2\/product_tag?post=39104"}],"curies":[{"name":"wp","href":"https:\/\/api.w.org\/{rel}","templated":true}]}}