{"id":39108,"date":"2024-11-18T15:38:02","date_gmt":"2024-11-18T13:38:02","guid":{"rendered":"https:\/\/baubauwall.com\/?post_type=product&#038;p=39108"},"modified":"2024-11-18T16:05:16","modified_gmt":"2024-11-18T14:05:16","slug":"kordusmustriga-tapeet-roomsad-siilikesed-pruunikashall","status":"publish","type":"product","link":"https:\/\/baubauwall.com\/et\/toode\/kordusmustriga-tapeet-roomsad-siilikesed-pruunikashall\/","title":{"rendered":"R\u00f5\u00f5msad siilikesed &#8211; pruunikashall"},"content":{"rendered":"<p>Lastetoa tapeet Sulle, kes otsid tavap\u00e4rasest eristuvat v\u00e4rvilahendust. Pruunikashall toon on huvitav valik, millega saab siduda just veidi tumedamat m\u00f6\u00f6blit v\u00f5i n\u00e4iteks tapeedidisainil oleva seenejala tooni heledat! Lastetoa tapeet, mille disainil seiklevad k\u00f5ige nunnumad siilid ja maiustavad metsaseentega. Too nad oma lapse tuppa seltsiks ning looma oma lugusid. See on tapeet, mis sobib h\u00e4sti kooliealise lapse toa seinale &#8211; kas mitmele seinale v\u00f5i vaid \u00fchele aktsentseinale.<\/p>\n<p><strong>Miks osta lastetoa tapeet siit? Tapeetimine pole kunagi nii lihtne olnud!<\/strong><\/p>\n<ul>\n<li>Nummerdatud tapeedipaanid<\/li>\n<li>Just nii pikad tapeedipaanid, kui on Sinu sein<\/li>\n<li>Premium, matt fliistapeedi materjal, 100% taaskasutatud kiust<\/li>\n<li>M\u00fcrgivabad tr\u00fckiv\u00e4rvid, Greenguard sertifitseeritud \u2013 ideaalne lastetuppa<\/li>\n<li>Keskkonnas\u00f5bralik, j\u00e4\u00e4tmevaba tapeetimine<\/li>\n<li>Tasuta tapeediliim<\/li>\n<li>Tasuta transport ja kiire tarne 5 t\u00f6\u00f6p\u00e4evaga<\/li>\n<\/ul>\n<p>Loe l\u00e4hemalt nutikatest, eritellimust\u00f6\u00f6na valmivatest tapeetidest\u00a0<a href=\"https:\/\/baubauwall.com\/et\/keskkonnasobralikud-tapeedid\/\">siit.<\/a><\/p>\n","protected":false},"excerpt":{"rendered":"<p>Lastetoa tapeet Sulle, kes otsid tavap\u00e4rasest eristuvat v\u00e4rvilahendust. Pruunikashall toon on huvitav valik, millega saab siduda just veidi tumedamat m\u00f6\u00f6blit v\u00f5i n\u00e4iteks tapeedidisainil oleva seenejala tooni heledat! Lastetoa tapeet, mille disainil seiklevad k\u00f5ige nunnumad siilid ja maiustavad metsaseentega. Too nad oma lapse tuppa seltsiks ning looma oma lugusid. See on tapeet, mis sobib h\u00e4sti kooliealise [&hellip;]<\/p>\n","protected":false},"featured_media":39119,"comment_status":"open","ping_status":"closed","template":"","meta":{"_acf_changed":false,"inline_featured_image":false},"product_brand":[],"product_cat":[386,388,265,269,270,273,255],"product_tag":[631,308],"class_list":{"0":"post-39108","1":"product","2":"type-product","3":"status-publish","4":"has-post-thumbnail","6":"product_cat-kordusmustriga-tapeedid","7":"product_cat-vintage-et","8":"product_cat-beezid-tapeedid","9":"product_cat-pruunid-tapeedid","10":"product_cat-tumedad-tapeedid","11":"product_cat-heledad-tapeedid","12":"product_cat-loomad","13":"product_tag-kikki-belle-et","14":"product_tag-poiste-tuba","15":"pa_designedby-sir-edward","17":"first","18":"instock","19":"taxable","20":"shipping-taxable","21":"purchasable","22":"product-type-simple"},"acf":[],"yoast_head":"<!-- This site is optimized with the Yoast SEO plugin v25.9 - https:\/\/yoast.com\/wordpress\/plugins\/seo\/ -->\n<title>R\u00f5\u00f5msad siilikesed - pruunikashall tapeet lastetuppa<\/title>\n<meta name=\"description\" content=\"Tumedam tapeet lastetuppa, mille disainil on nunnud siilid. Tr\u00fckitud keskkonnas\u00f5bralikule fliistapeedile. Nagu ikka, sinu toa m\u00f5\u00f5dus paanides.\" \/>\n<meta name=\"robots\" content=\"index, follow, max-snippet:-1, max-image-preview:large, max-video-preview:-1\" \/>\n<link rel=\"canonical\" href=\"https:\/\/baubauwall.com\/et\/toode\/kordusmustriga-tapeet-roomsad-siilikesed-pruunikashall\/\" \/>\n<meta property=\"og:locale\" content=\"et_EE\" \/>\n<meta property=\"og:type\" content=\"article\" \/>\n<meta property=\"og:title\" content=\"R\u00f5\u00f5msad siilikesed - pruunikashall tapeet lastetuppa\" \/>\n<meta property=\"og:description\" content=\"Tumedam tapeet lastetuppa, mille disainil on nunnud siilid. Tr\u00fckitud keskkonnas\u00f5bralikule fliistapeedile. Nagu ikka, sinu toa m\u00f5\u00f5dus paanides.\" \/>\n<meta property=\"og:url\" content=\"https:\/\/baubauwall.com\/et\/toode\/kordusmustriga-tapeet-roomsad-siilikesed-pruunikashall\/\" \/>\n<meta property=\"og:site_name\" content=\"BAUBAUWALL TAPEEDID\" \/>\n<meta property=\"article:publisher\" content=\"https:\/\/www.facebook.com\/Baubauwall\" \/>\n<meta property=\"article:modified_time\" content=\"2024-11-18T14:05:16+00:00\" \/>\n<meta property=\"og:image\" content=\"https:\/\/baubauwall.com\/wp-content\/uploads\/2024\/11\/51100442_HappyHedgehog-Taupe_Baubauwall_Wallpaper_room1.jpg\" \/>\n\t<meta property=\"og:image:width\" content=\"1857\" \/>\n\t<meta property=\"og:image:height\" content=\"1600\" \/>\n\t<meta property=\"og:image:type\" content=\"image\/jpeg\" \/>\n<meta name=\"twitter:card\" content=\"summary_large_image\" \/>\n<meta name=\"twitter:label1\" content=\"Est. reading time\" \/>\n\t<meta name=\"twitter:data1\" content=\"1 minut\" \/>\n<script type=\"application\/ld+json\" class=\"yoast-schema-graph\">{\"@context\":\"https:\/\/schema.org\",\"@graph\":[{\"@type\":\"WebPage\",\"@id\":\"https:\/\/baubauwall.com\/et\/toode\/kordusmustriga-tapeet-roomsad-siilikesed-pruunikashall\/\",\"url\":\"https:\/\/baubauwall.com\/et\/toode\/kordusmustriga-tapeet-roomsad-siilikesed-pruunikashall\/\",\"name\":\"R\u00f5\u00f5msad siilikesed - pruunikashall tapeet lastetuppa\",\"isPartOf\":{\"@id\":\"https:\/\/baubauwall.com\/et\/#website\"},\"primaryImageOfPage\":{\"@id\":\"https:\/\/baubauwall.com\/et\/toode\/kordusmustriga-tapeet-roomsad-siilikesed-pruunikashall\/#primaryimage\"},\"image\":{\"@id\":\"https:\/\/baubauwall.com\/et\/toode\/kordusmustriga-tapeet-roomsad-siilikesed-pruunikashall\/#primaryimage\"},\"thumbnailUrl\":\"https:\/\/baubauwall.com\/wp-content\/uploads\/2024\/11\/51100442_HappyHedgehog-Taupe_Baubauwall_Wallpaper_room1.jpg\",\"datePublished\":\"2024-11-18T13:38:02+00:00\",\"dateModified\":\"2024-11-18T14:05:16+00:00\",\"description\":\"Tumedam tapeet lastetuppa, mille disainil on nunnud siilid. Tr\u00fckitud keskkonnas\u00f5bralikule fliistapeedile. Nagu ikka, sinu toa m\u00f5\u00f5dus paanides.\",\"breadcrumb\":{\"@id\":\"https:\/\/baubauwall.com\/et\/toode\/kordusmustriga-tapeet-roomsad-siilikesed-pruunikashall\/#breadcrumb\"},\"inLanguage\":\"et\",\"potentialAction\":[{\"@type\":\"ReadAction\",\"target\":[\"https:\/\/baubauwall.com\/et\/toode\/kordusmustriga-tapeet-roomsad-siilikesed-pruunikashall\/\"]}]},{\"@type\":\"ImageObject\",\"inLanguage\":\"et\",\"@id\":\"https:\/\/baubauwall.com\/et\/toode\/kordusmustriga-tapeet-roomsad-siilikesed-pruunikashall\/#primaryimage\",\"url\":\"https:\/\/baubauwall.com\/wp-content\/uploads\/2024\/11\/51100442_HappyHedgehog-Taupe_Baubauwall_Wallpaper_room1.jpg\",\"contentUrl\":\"https:\/\/baubauwall.com\/wp-content\/uploads\/2024\/11\/51100442_HappyHedgehog-Taupe_Baubauwall_Wallpaper_room1.jpg\",\"width\":1857,\"height\":1600,\"caption\":\"Hedgehog wallpaper for kids room wall. Taupe hued repeating pattern for kids spaces\"},{\"@type\":\"BreadcrumbList\",\"@id\":\"https:\/\/baubauwall.com\/et\/toode\/kordusmustriga-tapeet-roomsad-siilikesed-pruunikashall\/#breadcrumb\",\"itemListElement\":[{\"@type\":\"ListItem\",\"position\":1,\"name\":\"Koju\",\"item\":\"https:\/\/baubauwall.com\/et\/\"},{\"@type\":\"ListItem\",\"position\":2,\"name\":\"Tapeedid\",\"item\":\"https:\/\/baubauwall.com\/et\/tapeedid\/\"},{\"@type\":\"ListItem\",\"position\":3,\"name\":\"R\u00f5\u00f5msad siilikesed &#8211; pruunikashall\"}]},{\"@type\":\"WebSite\",\"@id\":\"https:\/\/baubauwall.com\/et\/#website\",\"url\":\"https:\/\/baubauwall.com\/et\/\",\"name\":\"BAUBAUWALL Wallpapers\",\"description\":\"Valmis paanides tapeet Eestist!\",\"publisher\":{\"@id\":\"https:\/\/baubauwall.com\/et\/#organization\"},\"potentialAction\":[{\"@type\":\"SearchAction\",\"target\":{\"@type\":\"EntryPoint\",\"urlTemplate\":\"https:\/\/baubauwall.com\/et\/?s={search_term_string}\"},\"query-input\":{\"@type\":\"PropertyValueSpecification\",\"valueRequired\":true,\"valueName\":\"search_term_string\"}}],\"inLanguage\":\"et\"},{\"@type\":\"Organization\",\"@id\":\"https:\/\/baubauwall.com\/et\/#organization\",\"name\":\"BAUBAUWALL Wallpapers\",\"url\":\"https:\/\/baubauwall.com\/et\/\",\"logo\":{\"@type\":\"ImageObject\",\"inLanguage\":\"et\",\"@id\":\"https:\/\/baubauwall.com\/et\/#\/schema\/logo\/image\/\",\"url\":\"https:\/\/baubauwall.com\/wp-content\/uploads\/2022\/03\/logo-horizontal.svg\",\"contentUrl\":\"https:\/\/baubauwall.com\/wp-content\/uploads\/2022\/03\/logo-horizontal.svg\",\"width\":\"1024\",\"height\":\"1024\",\"caption\":\"BAUBAUWALL Wallpapers\"},\"image\":{\"@id\":\"https:\/\/baubauwall.com\/et\/#\/schema\/logo\/image\/\"},\"sameAs\":[\"https:\/\/www.facebook.com\/Baubauwall\",\"https:\/\/www.instagram.com\/baubauwall\"]}]}<\/script>\n<!-- \/ Yoast SEO plugin. -->","yoast_head_json":{"title":"R\u00f5\u00f5msad siilikesed - pruunikashall tapeet lastetuppa","description":"Tumedam tapeet lastetuppa, mille disainil on nunnud siilid. Tr\u00fckitud keskkonnas\u00f5bralikule fliistapeedile. Nagu ikka, sinu toa m\u00f5\u00f5dus paanides.","robots":{"index":"index","follow":"follow","max-snippet":"max-snippet:-1","max-image-preview":"max-image-preview:large","max-video-preview":"max-video-preview:-1"},"canonical":"https:\/\/baubauwall.com\/et\/toode\/kordusmustriga-tapeet-roomsad-siilikesed-pruunikashall\/","og_locale":"et_EE","og_type":"article","og_title":"R\u00f5\u00f5msad siilikesed - pruunikashall tapeet lastetuppa","og_description":"Tumedam tapeet lastetuppa, mille disainil on nunnud siilid. Tr\u00fckitud keskkonnas\u00f5bralikule fliistapeedile. Nagu ikka, sinu toa m\u00f5\u00f5dus paanides.","og_url":"https:\/\/baubauwall.com\/et\/toode\/kordusmustriga-tapeet-roomsad-siilikesed-pruunikashall\/","og_site_name":"BAUBAUWALL TAPEEDID","article_publisher":"https:\/\/www.facebook.com\/Baubauwall","article_modified_time":"2024-11-18T14:05:16+00:00","og_image":[{"width":1857,"height":1600,"url":"https:\/\/baubauwall.com\/wp-content\/uploads\/2024\/11\/51100442_HappyHedgehog-Taupe_Baubauwall_Wallpaper_room1.jpg","type":"image\/jpeg"}],"twitter_card":"summary_large_image","twitter_misc":{"Est. reading time":"1 minut"},"schema":{"@context":"https:\/\/schema.org","@graph":[{"@type":"WebPage","@id":"https:\/\/baubauwall.com\/et\/toode\/kordusmustriga-tapeet-roomsad-siilikesed-pruunikashall\/","url":"https:\/\/baubauwall.com\/et\/toode\/kordusmustriga-tapeet-roomsad-siilikesed-pruunikashall\/","name":"R\u00f5\u00f5msad siilikesed - pruunikashall tapeet lastetuppa","isPartOf":{"@id":"https:\/\/baubauwall.com\/et\/#website"},"primaryImageOfPage":{"@id":"https:\/\/baubauwall.com\/et\/toode\/kordusmustriga-tapeet-roomsad-siilikesed-pruunikashall\/#primaryimage"},"image":{"@id":"https:\/\/baubauwall.com\/et\/toode\/kordusmustriga-tapeet-roomsad-siilikesed-pruunikashall\/#primaryimage"},"thumbnailUrl":"https:\/\/baubauwall.com\/wp-content\/uploads\/2024\/11\/51100442_HappyHedgehog-Taupe_Baubauwall_Wallpaper_room1.jpg","datePublished":"2024-11-18T13:38:02+00:00","dateModified":"2024-11-18T14:05:16+00:00","description":"Tumedam tapeet lastetuppa, mille disainil on nunnud siilid. Tr\u00fckitud keskkonnas\u00f5bralikule fliistapeedile. Nagu ikka, sinu toa m\u00f5\u00f5dus paanides.","breadcrumb":{"@id":"https:\/\/baubauwall.com\/et\/toode\/kordusmustriga-tapeet-roomsad-siilikesed-pruunikashall\/#breadcrumb"},"inLanguage":"et","potentialAction":[{"@type":"ReadAction","target":["https:\/\/baubauwall.com\/et\/toode\/kordusmustriga-tapeet-roomsad-siilikesed-pruunikashall\/"]}]},{"@type":"ImageObject","inLanguage":"et","@id":"https:\/\/baubauwall.com\/et\/toode\/kordusmustriga-tapeet-roomsad-siilikesed-pruunikashall\/#primaryimage","url":"https:\/\/baubauwall.com\/wp-content\/uploads\/2024\/11\/51100442_HappyHedgehog-Taupe_Baubauwall_Wallpaper_room1.jpg","contentUrl":"https:\/\/baubauwall.com\/wp-content\/uploads\/2024\/11\/51100442_HappyHedgehog-Taupe_Baubauwall_Wallpaper_room1.jpg","width":1857,"height":1600,"caption":"Hedgehog wallpaper for kids room wall. Taupe hued repeating pattern for kids spaces"},{"@type":"BreadcrumbList","@id":"https:\/\/baubauwall.com\/et\/toode\/kordusmustriga-tapeet-roomsad-siilikesed-pruunikashall\/#breadcrumb","itemListElement":[{"@type":"ListItem","position":1,"name":"Koju","item":"https:\/\/baubauwall.com\/et\/"},{"@type":"ListItem","position":2,"name":"Tapeedid","item":"https:\/\/baubauwall.com\/et\/tapeedid\/"},{"@type":"ListItem","position":3,"name":"R\u00f5\u00f5msad siilikesed &#8211; pruunikashall"}]},{"@type":"WebSite","@id":"https:\/\/baubauwall.com\/et\/#website","url":"https:\/\/baubauwall.com\/et\/","name":"BAUBAUWALL Wallpapers","description":"Valmis paanides tapeet Eestist!","publisher":{"@id":"https:\/\/baubauwall.com\/et\/#organization"},"potentialAction":[{"@type":"SearchAction","target":{"@type":"EntryPoint","urlTemplate":"https:\/\/baubauwall.com\/et\/?s={search_term_string}"},"query-input":{"@type":"PropertyValueSpecification","valueRequired":true,"valueName":"search_term_string"}}],"inLanguage":"et"},{"@type":"Organization","@id":"https:\/\/baubauwall.com\/et\/#organization","name":"BAUBAUWALL Wallpapers","url":"https:\/\/baubauwall.com\/et\/","logo":{"@type":"ImageObject","inLanguage":"et","@id":"https:\/\/baubauwall.com\/et\/#\/schema\/logo\/image\/","url":"https:\/\/baubauwall.com\/wp-content\/uploads\/2022\/03\/logo-horizontal.svg","contentUrl":"https:\/\/baubauwall.com\/wp-content\/uploads\/2022\/03\/logo-horizontal.svg","width":"1024","height":"1024","caption":"BAUBAUWALL Wallpapers"},"image":{"@id":"https:\/\/baubauwall.com\/et\/#\/schema\/logo\/image\/"},"sameAs":["https:\/\/www.facebook.com\/Baubauwall","https:\/\/www.instagram.com\/baubauwall"]}]}},"jetpack_sharing_enabled":true,"_links":{"self":[{"href":"https:\/\/baubauwall.com\/et\/wp-json\/wp\/v2\/product\/39108","targetHints":{"allow":["GET"]}}],"collection":[{"href":"https:\/\/baubauwall.com\/et\/wp-json\/wp\/v2\/product"}],"about":[{"href":"https:\/\/baubauwall.com\/et\/wp-json\/wp\/v2\/types\/product"}],"replies":[{"embeddable":true,"href":"https:\/\/baubauwall.com\/et\/wp-json\/wp\/v2\/comments?post=39108"}],"wp:featuredmedia":[{"embeddable":true,"href":"https:\/\/baubauwall.com\/et\/wp-json\/wp\/v2\/media\/39119"}],"wp:attachment":[{"href":"https:\/\/baubauwall.com\/et\/wp-json\/wp\/v2\/media?parent=39108"}],"wp:term":[{"taxonomy":"product_brand","embeddable":true,"href":"https:\/\/baubauwall.com\/et\/wp-json\/wp\/v2\/product_brand?post=39108"},{"taxonomy":"product_cat","embeddable":true,"href":"https:\/\/baubauwall.com\/et\/wp-json\/wp\/v2\/product_cat?post=39108"},{"taxonomy":"product_tag","embeddable":true,"href":"https:\/\/baubauwall.com\/et\/wp-json\/wp\/v2\/product_tag?post=39108"}],"curies":[{"name":"wp","href":"https:\/\/api.w.org\/{rel}","templated":true}]}}