{"id":39155,"date":"2024-11-17T15:15:16","date_gmt":"2024-11-17T13:15:16","guid":{"rendered":"https:\/\/baubauwall.com\/product\/wallpaper-fantastic-forest-white\/"},"modified":"2024-12-03T10:34:59","modified_gmt":"2024-12-03T08:34:59","slug":"kordumustriga-tapeet-metsamaagia","status":"publish","type":"product","link":"https:\/\/baubauwall.com\/et\/toode\/kordumustriga-tapeet-metsamaagia\/","title":{"rendered":"Metsamaagia"},"content":{"rendered":"<p>Lummav tapeet lastetuppa, kuid mitte ainult! See P\u00f5hjamaine tapeet sobib nii mitmele seinale kui ka vaid \u00fchele &#8211; tegemist on kordusmustriga tapeediga. Tapeedi disainilt leiad k\u00f5ige armsamad loomad ja looduse &#8211; \u00a0majesteetlikud hirved, uudishimulikud oravad, m\u00e4ngulised j\u00e4nesed, targad \u00f6\u00f6kullid ja isegi \u00fcks tagasihoidlik m\u00e4ger. Lopsakad puud ja \u00f5rnad metsikud lilled t\u00e4iendavad seda maalilist metsa, luues inspireeriva tausta teie interj\u00f6\u00f6ri.<\/p>\n<p>Tapeedi mahedad toonid loovad P\u00f5hjamaise \u00f5hkkonna, mis on nii rahustav kui ka inspireeriv. See on ideaalne valik, et luua helge ja avar keskkond, kus laps saab unistada ja m\u00e4ngida. Tapeedi disain sobib suurep\u00e4raselt minimalistliku ja funktsionaalse P\u00f5hjamaade sisustusega, lisades ruumile just paraja annuse looduse v\u00f5lu.<\/p>\n<p><strong>Miks osta lastetoa tapeet siit? Tapeetimine pole kunagi nii lihtne olnud!<\/strong><\/p>\n<ul>\n<li>Nummerdatud tapeedipaanid<\/li>\n<li>Just nii pikad tapeedipaanid, kui on Sinu sein<\/li>\n<li>Premium, matt fliistapeedi materjal, 100% taaskasutatud kiust<\/li>\n<li>M\u00fcrgivabad tr\u00fckiv\u00e4rvid, Greenguard sertifitseeritud \u2013 ideaalne lastetuppa<\/li>\n<li>Keskkonnas\u00f5bralik, j\u00e4\u00e4tmevaba tapeetimine<\/li>\n<li>Tasuta tapeediliim<\/li>\n<li>Tasuta transport ja kiire tarne 5 t\u00f6\u00f6p\u00e4evaga<\/li>\n<\/ul>\n<p>Loe l\u00e4hemalt nutikatest, eritellimust\u00f6\u00f6na valmivatest tapeetidest\u00a0<a href=\"https:\/\/baubauwall.com\/et\/keskkonnasobralikud-tapeedid\/\">siit.<\/a><\/p>\n","protected":false},"excerpt":{"rendered":"<p>Lummav tapeet lastetuppa, kuid mitte ainult! See P\u00f5hjamaine tapeet sobib nii mitmele seinale kui ka vaid \u00fchele &#8211; tegemist on kordusmustriga tapeediga. Tapeedi disainilt leiad k\u00f5ige armsamad loomad ja looduse &#8211; \u00a0majesteetlikud hirved, uudishimulikud oravad, m\u00e4ngulised j\u00e4nesed, targad \u00f6\u00f6kullid ja isegi \u00fcks tagasihoidlik m\u00e4ger. Lopsakad puud ja \u00f5rnad metsikud lilled t\u00e4iendavad seda maalilist metsa, luues [&hellip;]<\/p>\n","protected":false},"featured_media":39147,"comment_status":"open","ping_status":"closed","template":"","meta":{"_acf_changed":false,"inline_featured_image":false},"product_brand":[],"product_cat":[629,386,395,396,388,265,271,273,410,413,400,248,254,255,561],"product_tag":[563,298,631,832,324],"class_list":{"0":"post-39155","1":"product","2":"type-product","3":"status-publish","4":"has-post-thumbnail","6":"product_cat-kikki-belle-tapeedid","7":"product_cat-kordusmustriga-tapeedid","8":"product_cat-romantiline","9":"product_cat-skandinaavia","10":"product_cat-vintage-et","11":"product_cat-beezid-tapeedid","12":"product_cat-rohelised-tapeedid","13":"product_cat-heledad-tapeedid","14":"product_cat-valge-tapeedid","15":"product_cat-magamistoa-tapeedid","16":"product_cat-lastetoa-tapeedid","17":"product_cat-mets","18":"product_cat-loodus","19":"product_cat-loomad","20":"product_cat-suvised-tapeedid","21":"product_tag-biofiilia-stiil","22":"product_tag-botaaniline","23":"product_tag-kikki-belle-et","24":"product_tag-kordusmustriga-tapeedid","25":"product_tag-tudruku-tuba","26":"pa_designedby-sir-edward","28":"first","29":"instock","30":"taxable","31":"shipping-taxable","32":"purchasable","33":"product-type-simple"},"acf":[],"yoast_head":"<!-- This site is optimized with the Yoast SEO plugin v25.9 - https:\/\/yoast.com\/wordpress\/plugins\/seo\/ -->\n<title>P\u00f5hjamaine disain lastetoa tapeedil - V\u00f5lumets<\/title>\n<meta name=\"description\" content=\"Kordusmustriga tapeet, mille disainilt leiad Skandinaavia stiilis looduse ja loomad. Keskkonnas\u00f5bralik fliistapeet, just sinu seina suuruses paanides\" \/>\n<meta name=\"robots\" content=\"index, follow, max-snippet:-1, max-image-preview:large, max-video-preview:-1\" \/>\n<link rel=\"canonical\" href=\"https:\/\/baubauwall.com\/et\/toode\/kordumustriga-tapeet-metsamaagia\/\" \/>\n<meta property=\"og:locale\" content=\"et_EE\" \/>\n<meta property=\"og:type\" content=\"article\" \/>\n<meta property=\"og:title\" content=\"BAUBAUWALL Wallpapers\" \/>\n<meta property=\"og:description\" content=\"Kordusmustriga tapeet, mille disainilt leiad Skandinaavia stiilis looduse ja loomad. Keskkonnas\u00f5bralik fliistapeet, just sinu seina suuruses paanides\" \/>\n<meta property=\"og:url\" content=\"https:\/\/baubauwall.com\/et\/toode\/kordumustriga-tapeet-metsamaagia\/\" \/>\n<meta property=\"og:site_name\" content=\"BAUBAUWALL Wallpapers\" \/>\n<meta property=\"article:publisher\" content=\"https:\/\/www.facebook.com\/Baubauwall\" \/>\n<meta property=\"article:modified_time\" content=\"2024-12-03T08:34:59+00:00\" \/>\n<meta property=\"og:image\" content=\"https:\/\/baubauwall.com\/wp-content\/uploads\/2022\/11\/51100444_FantasticForest-White_Baubauwall_Wallpaper_room1.jpg\" \/>\n\t<meta property=\"og:image:width\" content=\"1132\" \/>\n\t<meta property=\"og:image:height\" content=\"1600\" \/>\n\t<meta property=\"og:image:type\" content=\"image\/jpeg\" \/>\n<meta name=\"twitter:card\" content=\"summary_large_image\" \/>\n<meta name=\"twitter:label1\" content=\"Est. reading time\" \/>\n\t<meta name=\"twitter:data1\" content=\"1 minut\" \/>\n<script type=\"application\/ld+json\" class=\"yoast-schema-graph\">{\"@context\":\"https:\/\/schema.org\",\"@graph\":[{\"@type\":\"WebPage\",\"@id\":\"https:\/\/baubauwall.com\/et\/toode\/kordumustriga-tapeet-metsamaagia\/\",\"url\":\"https:\/\/baubauwall.com\/et\/toode\/kordumustriga-tapeet-metsamaagia\/\",\"name\":\"P\u00f5hjamaine disain lastetoa tapeedil - V\u00f5lumets\",\"isPartOf\":{\"@id\":\"https:\/\/baubauwall.com\/et\/#website\"},\"primaryImageOfPage\":{\"@id\":\"https:\/\/baubauwall.com\/et\/toode\/kordumustriga-tapeet-metsamaagia\/#primaryimage\"},\"image\":{\"@id\":\"https:\/\/baubauwall.com\/et\/toode\/kordumustriga-tapeet-metsamaagia\/#primaryimage\"},\"thumbnailUrl\":\"https:\/\/baubauwall.com\/wp-content\/uploads\/2022\/11\/51100444_FantasticForest-White_Baubauwall_Wallpaper_room1.jpg\",\"datePublished\":\"2024-11-17T13:15:16+00:00\",\"dateModified\":\"2024-12-03T08:34:59+00:00\",\"description\":\"Kordusmustriga tapeet, mille disainilt leiad Skandinaavia stiilis looduse ja loomad. Keskkonnas\u00f5bralik fliistapeet, just sinu seina suuruses paanides\",\"breadcrumb\":{\"@id\":\"https:\/\/baubauwall.com\/et\/toode\/kordumustriga-tapeet-metsamaagia\/#breadcrumb\"},\"inLanguage\":\"et\",\"potentialAction\":[{\"@type\":\"ReadAction\",\"target\":[\"https:\/\/baubauwall.com\/et\/toode\/kordumustriga-tapeet-metsamaagia\/\"]}]},{\"@type\":\"ImageObject\",\"inLanguage\":\"et\",\"@id\":\"https:\/\/baubauwall.com\/et\/toode\/kordumustriga-tapeet-metsamaagia\/#primaryimage\",\"url\":\"https:\/\/baubauwall.com\/wp-content\/uploads\/2022\/11\/51100444_FantasticForest-White_Baubauwall_Wallpaper_room1.jpg\",\"contentUrl\":\"https:\/\/baubauwall.com\/wp-content\/uploads\/2022\/11\/51100444_FantasticForest-White_Baubauwall_Wallpaper_room1.jpg\",\"width\":1132,\"height\":1600,\"caption\":\"Scandinavian style wallpaper for romantic spaces - kids rooms or own bedroom wall\"},{\"@type\":\"BreadcrumbList\",\"@id\":\"https:\/\/baubauwall.com\/et\/toode\/kordumustriga-tapeet-metsamaagia\/#breadcrumb\",\"itemListElement\":[{\"@type\":\"ListItem\",\"position\":1,\"name\":\"Koju\",\"item\":\"https:\/\/baubauwall.com\/et\/\"},{\"@type\":\"ListItem\",\"position\":2,\"name\":\"Tapeedid\",\"item\":\"https:\/\/baubauwall.com\/et\/tapeedid\/\"},{\"@type\":\"ListItem\",\"position\":3,\"name\":\"Metsamaagia\"}]},{\"@type\":\"WebSite\",\"@id\":\"https:\/\/baubauwall.com\/et\/#website\",\"url\":\"https:\/\/baubauwall.com\/et\/\",\"name\":\"BAUBAUWALL Wallpapers\",\"description\":\"Valmis paanides tapeet Eestist!\",\"publisher\":{\"@id\":\"https:\/\/baubauwall.com\/et\/#organization\"},\"potentialAction\":[{\"@type\":\"SearchAction\",\"target\":{\"@type\":\"EntryPoint\",\"urlTemplate\":\"https:\/\/baubauwall.com\/et\/?s={search_term_string}\"},\"query-input\":{\"@type\":\"PropertyValueSpecification\",\"valueRequired\":true,\"valueName\":\"search_term_string\"}}],\"inLanguage\":\"et\"},{\"@type\":\"Organization\",\"@id\":\"https:\/\/baubauwall.com\/et\/#organization\",\"name\":\"BAUBAUWALL Wallpapers\",\"url\":\"https:\/\/baubauwall.com\/et\/\",\"logo\":{\"@type\":\"ImageObject\",\"inLanguage\":\"et\",\"@id\":\"https:\/\/baubauwall.com\/et\/#\/schema\/logo\/image\/\",\"url\":\"https:\/\/baubauwall.com\/wp-content\/uploads\/2022\/03\/logo-horizontal.svg\",\"contentUrl\":\"https:\/\/baubauwall.com\/wp-content\/uploads\/2022\/03\/logo-horizontal.svg\",\"width\":\"1024\",\"height\":\"1024\",\"caption\":\"BAUBAUWALL Wallpapers\"},\"image\":{\"@id\":\"https:\/\/baubauwall.com\/et\/#\/schema\/logo\/image\/\"},\"sameAs\":[\"https:\/\/www.facebook.com\/Baubauwall\",\"https:\/\/www.instagram.com\/baubauwall\"]}]}<\/script>\n<!-- \/ Yoast SEO plugin. -->","yoast_head_json":{"title":"P\u00f5hjamaine disain lastetoa tapeedil - V\u00f5lumets","description":"Kordusmustriga tapeet, mille disainilt leiad Skandinaavia stiilis looduse ja loomad. Keskkonnas\u00f5bralik fliistapeet, just sinu seina suuruses paanides","robots":{"index":"index","follow":"follow","max-snippet":"max-snippet:-1","max-image-preview":"max-image-preview:large","max-video-preview":"max-video-preview:-1"},"canonical":"https:\/\/baubauwall.com\/et\/toode\/kordumustriga-tapeet-metsamaagia\/","og_locale":"et_EE","og_type":"article","og_title":"BAUBAUWALL Wallpapers","og_description":"Kordusmustriga tapeet, mille disainilt leiad Skandinaavia stiilis looduse ja loomad. Keskkonnas\u00f5bralik fliistapeet, just sinu seina suuruses paanides","og_url":"https:\/\/baubauwall.com\/et\/toode\/kordumustriga-tapeet-metsamaagia\/","og_site_name":"BAUBAUWALL Wallpapers","article_publisher":"https:\/\/www.facebook.com\/Baubauwall","article_modified_time":"2024-12-03T08:34:59+00:00","og_image":[{"width":1132,"height":1600,"url":"https:\/\/baubauwall.com\/wp-content\/uploads\/2022\/11\/51100444_FantasticForest-White_Baubauwall_Wallpaper_room1.jpg","type":"image\/jpeg"}],"twitter_card":"summary_large_image","twitter_misc":{"Est. reading time":"1 minut"},"schema":{"@context":"https:\/\/schema.org","@graph":[{"@type":"WebPage","@id":"https:\/\/baubauwall.com\/et\/toode\/kordumustriga-tapeet-metsamaagia\/","url":"https:\/\/baubauwall.com\/et\/toode\/kordumustriga-tapeet-metsamaagia\/","name":"P\u00f5hjamaine disain lastetoa tapeedil - V\u00f5lumets","isPartOf":{"@id":"https:\/\/baubauwall.com\/et\/#website"},"primaryImageOfPage":{"@id":"https:\/\/baubauwall.com\/et\/toode\/kordumustriga-tapeet-metsamaagia\/#primaryimage"},"image":{"@id":"https:\/\/baubauwall.com\/et\/toode\/kordumustriga-tapeet-metsamaagia\/#primaryimage"},"thumbnailUrl":"https:\/\/baubauwall.com\/wp-content\/uploads\/2022\/11\/51100444_FantasticForest-White_Baubauwall_Wallpaper_room1.jpg","datePublished":"2024-11-17T13:15:16+00:00","dateModified":"2024-12-03T08:34:59+00:00","description":"Kordusmustriga tapeet, mille disainilt leiad Skandinaavia stiilis looduse ja loomad. Keskkonnas\u00f5bralik fliistapeet, just sinu seina suuruses paanides","breadcrumb":{"@id":"https:\/\/baubauwall.com\/et\/toode\/kordumustriga-tapeet-metsamaagia\/#breadcrumb"},"inLanguage":"et","potentialAction":[{"@type":"ReadAction","target":["https:\/\/baubauwall.com\/et\/toode\/kordumustriga-tapeet-metsamaagia\/"]}]},{"@type":"ImageObject","inLanguage":"et","@id":"https:\/\/baubauwall.com\/et\/toode\/kordumustriga-tapeet-metsamaagia\/#primaryimage","url":"https:\/\/baubauwall.com\/wp-content\/uploads\/2022\/11\/51100444_FantasticForest-White_Baubauwall_Wallpaper_room1.jpg","contentUrl":"https:\/\/baubauwall.com\/wp-content\/uploads\/2022\/11\/51100444_FantasticForest-White_Baubauwall_Wallpaper_room1.jpg","width":1132,"height":1600,"caption":"Scandinavian style wallpaper for romantic spaces - kids rooms or own bedroom wall"},{"@type":"BreadcrumbList","@id":"https:\/\/baubauwall.com\/et\/toode\/kordumustriga-tapeet-metsamaagia\/#breadcrumb","itemListElement":[{"@type":"ListItem","position":1,"name":"Koju","item":"https:\/\/baubauwall.com\/et\/"},{"@type":"ListItem","position":2,"name":"Tapeedid","item":"https:\/\/baubauwall.com\/et\/tapeedid\/"},{"@type":"ListItem","position":3,"name":"Metsamaagia"}]},{"@type":"WebSite","@id":"https:\/\/baubauwall.com\/et\/#website","url":"https:\/\/baubauwall.com\/et\/","name":"BAUBAUWALL Wallpapers","description":"Valmis paanides tapeet Eestist!","publisher":{"@id":"https:\/\/baubauwall.com\/et\/#organization"},"potentialAction":[{"@type":"SearchAction","target":{"@type":"EntryPoint","urlTemplate":"https:\/\/baubauwall.com\/et\/?s={search_term_string}"},"query-input":{"@type":"PropertyValueSpecification","valueRequired":true,"valueName":"search_term_string"}}],"inLanguage":"et"},{"@type":"Organization","@id":"https:\/\/baubauwall.com\/et\/#organization","name":"BAUBAUWALL Wallpapers","url":"https:\/\/baubauwall.com\/et\/","logo":{"@type":"ImageObject","inLanguage":"et","@id":"https:\/\/baubauwall.com\/et\/#\/schema\/logo\/image\/","url":"https:\/\/baubauwall.com\/wp-content\/uploads\/2022\/03\/logo-horizontal.svg","contentUrl":"https:\/\/baubauwall.com\/wp-content\/uploads\/2022\/03\/logo-horizontal.svg","width":"1024","height":"1024","caption":"BAUBAUWALL Wallpapers"},"image":{"@id":"https:\/\/baubauwall.com\/et\/#\/schema\/logo\/image\/"},"sameAs":["https:\/\/www.facebook.com\/Baubauwall","https:\/\/www.instagram.com\/baubauwall"]}]}},"jetpack_sharing_enabled":true,"_links":{"self":[{"href":"https:\/\/baubauwall.com\/et\/wp-json\/wp\/v2\/product\/39155","targetHints":{"allow":["GET"]}}],"collection":[{"href":"https:\/\/baubauwall.com\/et\/wp-json\/wp\/v2\/product"}],"about":[{"href":"https:\/\/baubauwall.com\/et\/wp-json\/wp\/v2\/types\/product"}],"replies":[{"embeddable":true,"href":"https:\/\/baubauwall.com\/et\/wp-json\/wp\/v2\/comments?post=39155"}],"wp:featuredmedia":[{"embeddable":true,"href":"https:\/\/baubauwall.com\/et\/wp-json\/wp\/v2\/media\/39147"}],"wp:attachment":[{"href":"https:\/\/baubauwall.com\/et\/wp-json\/wp\/v2\/media?parent=39155"}],"wp:term":[{"taxonomy":"product_brand","embeddable":true,"href":"https:\/\/baubauwall.com\/et\/wp-json\/wp\/v2\/product_brand?post=39155"},{"taxonomy":"product_cat","embeddable":true,"href":"https:\/\/baubauwall.com\/et\/wp-json\/wp\/v2\/product_cat?post=39155"},{"taxonomy":"product_tag","embeddable":true,"href":"https:\/\/baubauwall.com\/et\/wp-json\/wp\/v2\/product_tag?post=39155"}],"curies":[{"name":"wp","href":"https:\/\/api.w.org\/{rel}","templated":true}]}}