{"id":39164,"date":"2024-11-18T16:50:29","date_gmt":"2024-11-18T14:50:29","guid":{"rendered":"https:\/\/baubauwall.com\/?post_type=product&#038;p=39164"},"modified":"2025-10-29T18:03:49","modified_gmt":"2025-10-29T16:03:49","slug":"volumets-roosa","status":"publish","type":"product","link":"https:\/\/baubauwall.com\/et\/toode\/volumets-roosa\/","title":{"rendered":"V\u00f5lumets &#8211; roosa"},"content":{"rendered":"<p>Roosa tapeet t\u00fcdruku tuppa, mis sobib nii mitmele seinale kui ka vaid \u00fchele &#8211; tegemist on kordusmustriga tapeediga. Tapeedi disainilt leiad k\u00f5ige armsamad loomad ja looduse &#8211; \u00a0majesteetlikud hirved, uudishimulikud oravad, m\u00e4ngulised j\u00e4nesed, targad \u00f6\u00f6kullid ja isegi \u00fcks tagasihoidlik m\u00e4ger. Lopsakad puud ja \u00f5rnad metsikud lilled t\u00e4iendavad seda roosat maalilist metsa, luues inspireeriva tausta teie interj\u00f6\u00f6ri.<\/p>\n<p>Tapeedi mahedad toonid loovad P\u00f5hjamaise \u00f5hkkonna, mis on nii rahustav kui ka inspireeriv. See on ideaalne valik, et luua helge ja avar keskkond, kus laps saab unistada ja m\u00e4ngida. Tapeedi disain sobib suurep\u00e4raselt minimalistliku ja funktsionaalse P\u00f5hjamaade sisustusega, lisades ruumile just paraja annuse looduse v\u00f5lu.<\/p>\n<p><strong>Miks osta lastetoa tapeet siit? Tapeetimine pole kunagi nii lihtne olnud!<\/strong><\/p>\n<ul>\n<li>Nummerdatud tapeedipaanid<\/li>\n<li>Roosa tapeet t\u00fcdruku toas on ikkagi klassika<\/li>\n<li>Just nii pikad tapeedipaanid, kui on Sinu sein<\/li>\n<li>Premium, matt fliistapeedi materjal, 100% taaskasutatud kiust<\/li>\n<li>M\u00fcrgivabad tr\u00fckiv\u00e4rvid, Greenguard sertifitseeritud \u2013 ideaalne lastetuppa<\/li>\n<li>Keskkonnas\u00f5bralik, j\u00e4\u00e4tmevaba tapeetimine<\/li>\n<li>Tasuta tapeediliim<\/li>\n<li>Tasuta transport ja kiire tarne 5 t\u00f6\u00f6p\u00e4evaga<\/li>\n<\/ul>\n<p>Loe l\u00e4hemalt nutikatest, eritellimust\u00f6\u00f6na valmivatest tapeetidest\u00a0<a href=\"https:\/\/portail.ee\/uudne-tapeediteenus-eestis\/\">siit.<\/a><\/p>\n","protected":false},"excerpt":{"rendered":"<p>Roosa tapeet t\u00fcdruku tuppa, mis sobib nii mitmele seinale kui ka vaid \u00fchele &#8211; tegemist on kordusmustriga tapeediga. Tapeedi disainilt leiad k\u00f5ige armsamad loomad ja looduse &#8211; \u00a0majesteetlikud hirved, uudishimulikud oravad, m\u00e4ngulised j\u00e4nesed, targad \u00f6\u00f6kullid ja isegi \u00fcks tagasihoidlik m\u00e4ger. Lopsakad puud ja \u00f5rnad metsikud lilled t\u00e4iendavad seda roosat maalilist metsa, luues inspireeriva tausta teie [&hellip;]<\/p>\n","protected":false},"featured_media":39637,"comment_status":"open","ping_status":"closed","template":"","meta":{"_acf_changed":false,"inline_featured_image":false},"product_brand":[],"product_cat":[629,386,395,396,388,278,413,400,248,254,255,561],"product_tag":[349,631,324],"class_list":{"0":"post-39164","1":"product","2":"type-product","3":"status-publish","4":"has-post-thumbnail","6":"product_cat-kikki-belle-tapeedid","7":"product_cat-kordusmustriga-tapeedid","8":"product_cat-romantiline","9":"product_cat-skandinaavia","10":"product_cat-vintage-et","11":"product_cat-roosad-tapeedid","12":"product_cat-magamistoa-tapeedid","13":"product_cat-lastetoa-tapeedid","14":"product_cat-mets","15":"product_cat-loodus","16":"product_cat-loomad","17":"product_cat-suvised-tapeedid","18":"product_tag-beebituba","19":"product_tag-kikki-belle-et","20":"product_tag-tudruku-tuba","22":"first","23":"instock","24":"taxable","25":"shipping-taxable","26":"purchasable","27":"product-type-simple"},"acf":[],"yoast_head":"<!-- This site is optimized with the Yoast SEO plugin v25.9 - https:\/\/yoast.com\/wordpress\/plugins\/seo\/ -->\n<title>Roosa tapeet t\u00fcdruku tuppa - V\u00f5lumets<\/title>\n<meta name=\"description\" content=\"Kordusmustriga roosa tapeet t\u00fcdruku tuppa, mille disainilt leiad Skandinaavia stiilis looduse ja loomad. Keskkonnas\u00f5bralik fliistapeet\" \/>\n<meta name=\"robots\" content=\"index, follow, max-snippet:-1, max-image-preview:large, max-video-preview:-1\" \/>\n<link rel=\"canonical\" href=\"https:\/\/baubauwall.com\/et\/toode\/volumets-roosa\/\" \/>\n<meta property=\"og:locale\" content=\"et_EE\" \/>\n<meta property=\"og:type\" content=\"article\" \/>\n<meta property=\"og:title\" content=\"BAUBAUWALL TAPEEDID\" \/>\n<meta property=\"og:description\" content=\"Kordusmustriga roosa tapeet t\u00fcdruku tuppa, mille disainilt leiad Skandinaavia stiilis looduse ja loomad. Keskkonnas\u00f5bralik fliistapeet\" \/>\n<meta property=\"og:url\" content=\"https:\/\/baubauwall.com\/et\/toode\/volumets-roosa\/\" \/>\n<meta property=\"og:site_name\" content=\"BAUBAUWALL TAPEEDID\" \/>\n<meta property=\"article:publisher\" content=\"https:\/\/www.facebook.com\/Baubauwall\" \/>\n<meta property=\"article:modified_time\" content=\"2025-10-29T16:03:49+00:00\" \/>\n<meta property=\"og:image\" content=\"https:\/\/baubauwall.com\/wp-content\/uploads\/2024\/11\/51100446_FantasticForest-VintagePink_Baubauwall_Wallpaper_room5-1.jpg\" \/>\n\t<meta property=\"og:image:width\" content=\"2400\" \/>\n\t<meta property=\"og:image:height\" content=\"1600\" \/>\n\t<meta property=\"og:image:type\" content=\"image\/jpeg\" \/>\n<meta name=\"twitter:card\" content=\"summary_large_image\" \/>\n<meta name=\"twitter:label1\" content=\"Est. reading time\" \/>\n\t<meta name=\"twitter:data1\" content=\"1 minut\" \/>\n<script type=\"application\/ld+json\" class=\"yoast-schema-graph\">{\"@context\":\"https:\/\/schema.org\",\"@graph\":[{\"@type\":\"WebPage\",\"@id\":\"https:\/\/baubauwall.com\/et\/toode\/volumets-roosa\/\",\"url\":\"https:\/\/baubauwall.com\/et\/toode\/volumets-roosa\/\",\"name\":\"Roosa tapeet t\u00fcdruku tuppa - V\u00f5lumets\",\"isPartOf\":{\"@id\":\"https:\/\/baubauwall.com\/et\/#website\"},\"primaryImageOfPage\":{\"@id\":\"https:\/\/baubauwall.com\/et\/toode\/volumets-roosa\/#primaryimage\"},\"image\":{\"@id\":\"https:\/\/baubauwall.com\/et\/toode\/volumets-roosa\/#primaryimage\"},\"thumbnailUrl\":\"https:\/\/baubauwall.com\/wp-content\/uploads\/2024\/11\/51100446_FantasticForest-VintagePink_Baubauwall_Wallpaper_room4.jpg\",\"datePublished\":\"2024-11-18T14:50:29+00:00\",\"dateModified\":\"2025-10-29T16:03:49+00:00\",\"description\":\"Kordusmustriga roosa tapeet t\u00fcdruku tuppa, mille disainilt leiad Skandinaavia stiilis looduse ja loomad. Keskkonnas\u00f5bralik fliistapeet\",\"breadcrumb\":{\"@id\":\"https:\/\/baubauwall.com\/et\/toode\/volumets-roosa\/#breadcrumb\"},\"inLanguage\":\"et\",\"potentialAction\":[{\"@type\":\"ReadAction\",\"target\":[\"https:\/\/baubauwall.com\/et\/toode\/volumets-roosa\/\"]}]},{\"@type\":\"ImageObject\",\"inLanguage\":\"et\",\"@id\":\"https:\/\/baubauwall.com\/et\/toode\/volumets-roosa\/#primaryimage\",\"url\":\"https:\/\/baubauwall.com\/wp-content\/uploads\/2024\/11\/51100446_FantasticForest-VintagePink_Baubauwall_Wallpaper_room4.jpg\",\"contentUrl\":\"https:\/\/baubauwall.com\/wp-content\/uploads\/2024\/11\/51100446_FantasticForest-VintagePink_Baubauwall_Wallpaper_room4.jpg\",\"width\":2400,\"height\":1600,\"caption\":\"Dusty pink wallpaper for Nordic home walls\"},{\"@type\":\"BreadcrumbList\",\"@id\":\"https:\/\/baubauwall.com\/et\/toode\/volumets-roosa\/#breadcrumb\",\"itemListElement\":[{\"@type\":\"ListItem\",\"position\":1,\"name\":\"Koju\",\"item\":\"https:\/\/baubauwall.com\/et\/\"},{\"@type\":\"ListItem\",\"position\":2,\"name\":\"Tapeedid\",\"item\":\"https:\/\/baubauwall.com\/et\/tapeedid\/\"},{\"@type\":\"ListItem\",\"position\":3,\"name\":\"V\u00f5lumets &#8211; roosa\"}]},{\"@type\":\"WebSite\",\"@id\":\"https:\/\/baubauwall.com\/et\/#website\",\"url\":\"https:\/\/baubauwall.com\/et\/\",\"name\":\"BAUBAUWALL Wallpapers\",\"description\":\"Valmis paanides tapeet Eestist!\",\"publisher\":{\"@id\":\"https:\/\/baubauwall.com\/et\/#organization\"},\"potentialAction\":[{\"@type\":\"SearchAction\",\"target\":{\"@type\":\"EntryPoint\",\"urlTemplate\":\"https:\/\/baubauwall.com\/et\/?s={search_term_string}\"},\"query-input\":{\"@type\":\"PropertyValueSpecification\",\"valueRequired\":true,\"valueName\":\"search_term_string\"}}],\"inLanguage\":\"et\"},{\"@type\":\"Organization\",\"@id\":\"https:\/\/baubauwall.com\/et\/#organization\",\"name\":\"BAUBAUWALL Wallpapers\",\"url\":\"https:\/\/baubauwall.com\/et\/\",\"logo\":{\"@type\":\"ImageObject\",\"inLanguage\":\"et\",\"@id\":\"https:\/\/baubauwall.com\/et\/#\/schema\/logo\/image\/\",\"url\":\"https:\/\/baubauwall.com\/wp-content\/uploads\/2022\/03\/logo-horizontal.svg\",\"contentUrl\":\"https:\/\/baubauwall.com\/wp-content\/uploads\/2022\/03\/logo-horizontal.svg\",\"width\":\"1024\",\"height\":\"1024\",\"caption\":\"BAUBAUWALL Wallpapers\"},\"image\":{\"@id\":\"https:\/\/baubauwall.com\/et\/#\/schema\/logo\/image\/\"},\"sameAs\":[\"https:\/\/www.facebook.com\/Baubauwall\",\"https:\/\/www.instagram.com\/baubauwall\"]}]}<\/script>\n<!-- \/ Yoast SEO plugin. -->","yoast_head_json":{"title":"Roosa tapeet t\u00fcdruku tuppa - V\u00f5lumets","description":"Kordusmustriga roosa tapeet t\u00fcdruku tuppa, mille disainilt leiad Skandinaavia stiilis looduse ja loomad. Keskkonnas\u00f5bralik fliistapeet","robots":{"index":"index","follow":"follow","max-snippet":"max-snippet:-1","max-image-preview":"max-image-preview:large","max-video-preview":"max-video-preview:-1"},"canonical":"https:\/\/baubauwall.com\/et\/toode\/volumets-roosa\/","og_locale":"et_EE","og_type":"article","og_title":"BAUBAUWALL TAPEEDID","og_description":"Kordusmustriga roosa tapeet t\u00fcdruku tuppa, mille disainilt leiad Skandinaavia stiilis looduse ja loomad. Keskkonnas\u00f5bralik fliistapeet","og_url":"https:\/\/baubauwall.com\/et\/toode\/volumets-roosa\/","og_site_name":"BAUBAUWALL TAPEEDID","article_publisher":"https:\/\/www.facebook.com\/Baubauwall","article_modified_time":"2025-10-29T16:03:49+00:00","og_image":[{"width":2400,"height":1600,"url":"https:\/\/baubauwall.com\/wp-content\/uploads\/2024\/11\/51100446_FantasticForest-VintagePink_Baubauwall_Wallpaper_room5-1.jpg","type":"image\/jpeg"}],"twitter_card":"summary_large_image","twitter_misc":{"Est. reading time":"1 minut"},"schema":{"@context":"https:\/\/schema.org","@graph":[{"@type":"WebPage","@id":"https:\/\/baubauwall.com\/et\/toode\/volumets-roosa\/","url":"https:\/\/baubauwall.com\/et\/toode\/volumets-roosa\/","name":"Roosa tapeet t\u00fcdruku tuppa - V\u00f5lumets","isPartOf":{"@id":"https:\/\/baubauwall.com\/et\/#website"},"primaryImageOfPage":{"@id":"https:\/\/baubauwall.com\/et\/toode\/volumets-roosa\/#primaryimage"},"image":{"@id":"https:\/\/baubauwall.com\/et\/toode\/volumets-roosa\/#primaryimage"},"thumbnailUrl":"https:\/\/baubauwall.com\/wp-content\/uploads\/2024\/11\/51100446_FantasticForest-VintagePink_Baubauwall_Wallpaper_room4.jpg","datePublished":"2024-11-18T14:50:29+00:00","dateModified":"2025-10-29T16:03:49+00:00","description":"Kordusmustriga roosa tapeet t\u00fcdruku tuppa, mille disainilt leiad Skandinaavia stiilis looduse ja loomad. Keskkonnas\u00f5bralik fliistapeet","breadcrumb":{"@id":"https:\/\/baubauwall.com\/et\/toode\/volumets-roosa\/#breadcrumb"},"inLanguage":"et","potentialAction":[{"@type":"ReadAction","target":["https:\/\/baubauwall.com\/et\/toode\/volumets-roosa\/"]}]},{"@type":"ImageObject","inLanguage":"et","@id":"https:\/\/baubauwall.com\/et\/toode\/volumets-roosa\/#primaryimage","url":"https:\/\/baubauwall.com\/wp-content\/uploads\/2024\/11\/51100446_FantasticForest-VintagePink_Baubauwall_Wallpaper_room4.jpg","contentUrl":"https:\/\/baubauwall.com\/wp-content\/uploads\/2024\/11\/51100446_FantasticForest-VintagePink_Baubauwall_Wallpaper_room4.jpg","width":2400,"height":1600,"caption":"Dusty pink wallpaper for Nordic home walls"},{"@type":"BreadcrumbList","@id":"https:\/\/baubauwall.com\/et\/toode\/volumets-roosa\/#breadcrumb","itemListElement":[{"@type":"ListItem","position":1,"name":"Koju","item":"https:\/\/baubauwall.com\/et\/"},{"@type":"ListItem","position":2,"name":"Tapeedid","item":"https:\/\/baubauwall.com\/et\/tapeedid\/"},{"@type":"ListItem","position":3,"name":"V\u00f5lumets &#8211; roosa"}]},{"@type":"WebSite","@id":"https:\/\/baubauwall.com\/et\/#website","url":"https:\/\/baubauwall.com\/et\/","name":"BAUBAUWALL Wallpapers","description":"Valmis paanides tapeet Eestist!","publisher":{"@id":"https:\/\/baubauwall.com\/et\/#organization"},"potentialAction":[{"@type":"SearchAction","target":{"@type":"EntryPoint","urlTemplate":"https:\/\/baubauwall.com\/et\/?s={search_term_string}"},"query-input":{"@type":"PropertyValueSpecification","valueRequired":true,"valueName":"search_term_string"}}],"inLanguage":"et"},{"@type":"Organization","@id":"https:\/\/baubauwall.com\/et\/#organization","name":"BAUBAUWALL Wallpapers","url":"https:\/\/baubauwall.com\/et\/","logo":{"@type":"ImageObject","inLanguage":"et","@id":"https:\/\/baubauwall.com\/et\/#\/schema\/logo\/image\/","url":"https:\/\/baubauwall.com\/wp-content\/uploads\/2022\/03\/logo-horizontal.svg","contentUrl":"https:\/\/baubauwall.com\/wp-content\/uploads\/2022\/03\/logo-horizontal.svg","width":"1024","height":"1024","caption":"BAUBAUWALL Wallpapers"},"image":{"@id":"https:\/\/baubauwall.com\/et\/#\/schema\/logo\/image\/"},"sameAs":["https:\/\/www.facebook.com\/Baubauwall","https:\/\/www.instagram.com\/baubauwall"]}]}},"jetpack_sharing_enabled":true,"_links":{"self":[{"href":"https:\/\/baubauwall.com\/et\/wp-json\/wp\/v2\/product\/39164","targetHints":{"allow":["GET"]}}],"collection":[{"href":"https:\/\/baubauwall.com\/et\/wp-json\/wp\/v2\/product"}],"about":[{"href":"https:\/\/baubauwall.com\/et\/wp-json\/wp\/v2\/types\/product"}],"replies":[{"embeddable":true,"href":"https:\/\/baubauwall.com\/et\/wp-json\/wp\/v2\/comments?post=39164"}],"wp:featuredmedia":[{"embeddable":true,"href":"https:\/\/baubauwall.com\/et\/wp-json\/wp\/v2\/media\/39637"}],"wp:attachment":[{"href":"https:\/\/baubauwall.com\/et\/wp-json\/wp\/v2\/media?parent=39164"}],"wp:term":[{"taxonomy":"product_brand","embeddable":true,"href":"https:\/\/baubauwall.com\/et\/wp-json\/wp\/v2\/product_brand?post=39164"},{"taxonomy":"product_cat","embeddable":true,"href":"https:\/\/baubauwall.com\/et\/wp-json\/wp\/v2\/product_cat?post=39164"},{"taxonomy":"product_tag","embeddable":true,"href":"https:\/\/baubauwall.com\/et\/wp-json\/wp\/v2\/product_tag?post=39164"}],"curies":[{"name":"wp","href":"https:\/\/api.w.org\/{rel}","templated":true}]}}