{"id":39247,"date":"2024-11-14T12:11:39","date_gmt":"2024-11-14T10:11:39","guid":{"rendered":"https:\/\/baubauwall.com\/?post_type=product&#038;p=39247"},"modified":"2024-11-20T17:58:17","modified_gmt":"2024-11-20T15:58:17","slug":"kordusmustriga-tapeet-metsamaagia-heleroheline","status":"publish","type":"product","link":"https:\/\/baubauwall.com\/et\/toode\/kordusmustriga-tapeet-metsamaagia-heleroheline\/","title":{"rendered":"Metsamaagia &#8211; heleroheline"},"content":{"rendered":"<p>Lummav tapeet t\u00e4is ajatut P\u00f5hjamaist stiili. Romantiline kordusmustriga tapeet viib m\u00f5tted suvesse, kui suvilas on aias aed kaetud ja k\u00f6\u00f6gis ootab salat lauda viimist. Heleroheline tapeet, mis sobib \u00fchtviisi h\u00e4sti lastetuppa ja ei n\u00f5ua selle vahetamist juba paari aasta p\u00e4rast! Metsamaagia tapeet sobib interj\u00f6\u00f6ri nii mitmele seinale kui ka vaid \u00fchele &#8211; tegemist on kordusmustriga tapeediga. Tapeedi disainilt leiad k\u00f5ige armsamad loomad ja looduse &#8211; \u00a0majesteetlikud hirved, uudishimulikud oravad, m\u00e4ngulised j\u00e4nesed, targad \u00f6\u00f6kullid ja isegi \u00fcks tagasihoidlik m\u00e4ger.<\/p>\n<p><strong>Miks osta lastetoa tapeet siit? Tapeetimine pole kunagi nii lihtne olnud!<\/strong><\/p>\n<ul>\n<li>Nummerdatud tapeedipaanid<\/li>\n<li>Just nii pikad tapeedipaanid, kui on Sinu sein<\/li>\n<li>Premium, matt fliistapeedi materjal, 100% taaskasutatud kiust<\/li>\n<li>M\u00fcrgivabad tr\u00fckiv\u00e4rvid, Greenguard sertifitseeritud \u2013 ideaalne lastetuppa<\/li>\n<li>Keskkonnas\u00f5bralik, j\u00e4\u00e4tmevaba tapeetimine<\/li>\n<li>Tasuta tapeediliim<\/li>\n<li>Tasuta transport ja kiire tarne 5 t\u00f6\u00f6p\u00e4evaga<\/li>\n<\/ul>\n<p>Loe l\u00e4hemalt nutikatest, eritellimust\u00f6\u00f6na valmivatest tapeetidest\u00a0<a href=\"https:\/\/baubauwall.com\/et\/keskkonnasobralikud-tapeedid\/\">siit.<\/a><\/p>\n","protected":false},"excerpt":{"rendered":"<p>Lummav tapeet t\u00e4is ajatut P\u00f5hjamaist stiili. Romantiline kordusmustriga tapeet viib m\u00f5tted suvesse, kui suvilas on aias aed kaetud ja k\u00f6\u00f6gis ootab salat lauda viimist. Heleroheline tapeet, mis sobib \u00fchtviisi h\u00e4sti lastetuppa ja ei n\u00f5ua selle vahetamist juba paari aasta p\u00e4rast! Metsamaagia tapeet sobib interj\u00f6\u00f6ri nii mitmele seinale kui ka vaid \u00fchele &#8211; tegemist on kordusmustriga [&hellip;]<\/p>\n","protected":false},"featured_media":39430,"comment_status":"open","ping_status":"closed","template":"","meta":{"_acf_changed":false,"inline_featured_image":false},"product_brand":[],"product_cat":[629,386,395,396,388,271,413,400,415,402,248,254,255,561],"product_tag":[631,724],"class_list":{"0":"post-39247","1":"product","2":"type-product","3":"status-publish","4":"has-post-thumbnail","6":"product_cat-kikki-belle-tapeedid","7":"product_cat-kordusmustriga-tapeedid","8":"product_cat-romantiline","9":"product_cat-skandinaavia","10":"product_cat-vintage-et","11":"product_cat-rohelised-tapeedid","12":"product_cat-magamistoa-tapeedid","13":"product_cat-lastetoa-tapeedid","14":"product_cat-kulalistetoa-tapeedid","15":"product_cat-elutoa-tapeedid","16":"product_cat-mets","17":"product_cat-loodus","18":"product_cat-loomad","19":"product_cat-suvised-tapeedid","20":"product_tag-kikki-belle-et","21":"product_tag-sooneutraalsed-varvid-et","22":"pa_designedby-sir-edward","24":"first","25":"instock","26":"taxable","27":"shipping-taxable","28":"purchasable","29":"product-type-simple"},"acf":[],"yoast_head":"<!-- This site is optimized with the Yoast SEO plugin v25.9 - https:\/\/yoast.com\/wordpress\/plugins\/seo\/ -->\n<title>Heleroheline, P\u00f5hjamaine tapeet - Metsamaagia<\/title>\n<meta name=\"description\" content=\"Kordusmustriga heleroheline tapeet koju, mille disainilt leiad Skandinaavia stiilis looduse ja loomad. Keskkonnas\u00f5bralik fliistapeet, sinu seina suuruses\" \/>\n<meta name=\"robots\" content=\"index, follow, max-snippet:-1, max-image-preview:large, max-video-preview:-1\" \/>\n<link rel=\"canonical\" href=\"https:\/\/baubauwall.com\/et\/toode\/kordusmustriga-tapeet-metsamaagia-heleroheline\/\" \/>\n<meta property=\"og:locale\" content=\"et_EE\" \/>\n<meta property=\"og:type\" content=\"article\" \/>\n<meta property=\"og:title\" content=\"BAUBAUWALL TAPEEDID\" \/>\n<meta property=\"og:description\" content=\"Metsamaagia - heleroheline\" \/>\n<meta property=\"og:url\" content=\"https:\/\/baubauwall.com\/et\/toode\/kordusmustriga-tapeet-metsamaagia-heleroheline\/\" \/>\n<meta property=\"og:site_name\" content=\"BAUBAUWALL TAPEEDID\" \/>\n<meta property=\"article:publisher\" content=\"https:\/\/www.facebook.com\/Baubauwall\" \/>\n<meta property=\"article:modified_time\" content=\"2024-11-20T15:58:17+00:00\" \/>\n<meta property=\"og:image\" content=\"https:\/\/i0.wp.com\/baubauwall.com\/wp-content\/uploads\/2024\/11\/51100452_FantasticForest-Green_Baubauwall_Wallpaper_room3.jpg?fit=2400%2C1600&ssl=1\" \/>\n\t<meta property=\"og:image:width\" content=\"2400\" \/>\n\t<meta property=\"og:image:height\" content=\"1600\" \/>\n\t<meta property=\"og:image:type\" content=\"image\/jpeg\" \/>\n<meta name=\"twitter:card\" content=\"summary_large_image\" \/>\n<meta name=\"twitter:label1\" content=\"Est. reading time\" \/>\n\t<meta name=\"twitter:data1\" content=\"1 minut\" \/>\n<script type=\"application\/ld+json\" class=\"yoast-schema-graph\">{\"@context\":\"https:\/\/schema.org\",\"@graph\":[{\"@type\":\"WebPage\",\"@id\":\"https:\/\/baubauwall.com\/et\/toode\/kordusmustriga-tapeet-metsamaagia-heleroheline\/\",\"url\":\"https:\/\/baubauwall.com\/et\/toode\/kordusmustriga-tapeet-metsamaagia-heleroheline\/\",\"name\":\"Heleroheline, P\u00f5hjamaine tapeet - Metsamaagia\",\"isPartOf\":{\"@id\":\"https:\/\/baubauwall.com\/et\/#website\"},\"primaryImageOfPage\":{\"@id\":\"https:\/\/baubauwall.com\/et\/toode\/kordusmustriga-tapeet-metsamaagia-heleroheline\/#primaryimage\"},\"image\":{\"@id\":\"https:\/\/baubauwall.com\/et\/toode\/kordusmustriga-tapeet-metsamaagia-heleroheline\/#primaryimage\"},\"thumbnailUrl\":\"https:\/\/baubauwall.com\/wp-content\/uploads\/2024\/11\/51100452_FantasticForest-Green_Baubauwall_Wallpaper_room3.jpg\",\"datePublished\":\"2024-11-14T10:11:39+00:00\",\"dateModified\":\"2024-11-20T15:58:17+00:00\",\"description\":\"Kordusmustriga heleroheline tapeet koju, mille disainilt leiad Skandinaavia stiilis looduse ja loomad. Keskkonnas\u00f5bralik fliistapeet, sinu seina suuruses\",\"breadcrumb\":{\"@id\":\"https:\/\/baubauwall.com\/et\/toode\/kordusmustriga-tapeet-metsamaagia-heleroheline\/#breadcrumb\"},\"inLanguage\":\"et\",\"potentialAction\":[{\"@type\":\"ReadAction\",\"target\":[\"https:\/\/baubauwall.com\/et\/toode\/kordusmustriga-tapeet-metsamaagia-heleroheline\/\"]}]},{\"@type\":\"ImageObject\",\"inLanguage\":\"et\",\"@id\":\"https:\/\/baubauwall.com\/et\/toode\/kordusmustriga-tapeet-metsamaagia-heleroheline\/#primaryimage\",\"url\":\"https:\/\/baubauwall.com\/wp-content\/uploads\/2024\/11\/51100452_FantasticForest-Green_Baubauwall_Wallpaper_room3.jpg\",\"contentUrl\":\"https:\/\/baubauwall.com\/wp-content\/uploads\/2024\/11\/51100452_FantasticForest-Green_Baubauwall_Wallpaper_room3.jpg\",\"width\":2400,\"height\":1600,\"caption\":\"Sage green bedroom feature wall. Light green wallpaper on a Nordic feel bedroom wall\"},{\"@type\":\"BreadcrumbList\",\"@id\":\"https:\/\/baubauwall.com\/et\/toode\/kordusmustriga-tapeet-metsamaagia-heleroheline\/#breadcrumb\",\"itemListElement\":[{\"@type\":\"ListItem\",\"position\":1,\"name\":\"Koju\",\"item\":\"https:\/\/baubauwall.com\/et\/\"},{\"@type\":\"ListItem\",\"position\":2,\"name\":\"Tapeedid\",\"item\":\"https:\/\/baubauwall.com\/et\/tapeedid\/\"},{\"@type\":\"ListItem\",\"position\":3,\"name\":\"Metsamaagia &#8211; heleroheline\"}]},{\"@type\":\"WebSite\",\"@id\":\"https:\/\/baubauwall.com\/et\/#website\",\"url\":\"https:\/\/baubauwall.com\/et\/\",\"name\":\"BAUBAUWALL Wallpapers\",\"description\":\"Valmis paanides tapeet Eestist!\",\"publisher\":{\"@id\":\"https:\/\/baubauwall.com\/et\/#organization\"},\"potentialAction\":[{\"@type\":\"SearchAction\",\"target\":{\"@type\":\"EntryPoint\",\"urlTemplate\":\"https:\/\/baubauwall.com\/et\/?s={search_term_string}\"},\"query-input\":{\"@type\":\"PropertyValueSpecification\",\"valueRequired\":true,\"valueName\":\"search_term_string\"}}],\"inLanguage\":\"et\"},{\"@type\":\"Organization\",\"@id\":\"https:\/\/baubauwall.com\/et\/#organization\",\"name\":\"BAUBAUWALL Wallpapers\",\"url\":\"https:\/\/baubauwall.com\/et\/\",\"logo\":{\"@type\":\"ImageObject\",\"inLanguage\":\"et\",\"@id\":\"https:\/\/baubauwall.com\/et\/#\/schema\/logo\/image\/\",\"url\":\"https:\/\/baubauwall.com\/wp-content\/uploads\/2022\/03\/logo-horizontal.svg\",\"contentUrl\":\"https:\/\/baubauwall.com\/wp-content\/uploads\/2022\/03\/logo-horizontal.svg\",\"width\":\"1024\",\"height\":\"1024\",\"caption\":\"BAUBAUWALL Wallpapers\"},\"image\":{\"@id\":\"https:\/\/baubauwall.com\/et\/#\/schema\/logo\/image\/\"},\"sameAs\":[\"https:\/\/www.facebook.com\/Baubauwall\",\"https:\/\/www.instagram.com\/baubauwall\"]}]}<\/script>\n<!-- \/ Yoast SEO plugin. -->","yoast_head_json":{"title":"Heleroheline, P\u00f5hjamaine tapeet - Metsamaagia","description":"Kordusmustriga heleroheline tapeet koju, mille disainilt leiad Skandinaavia stiilis looduse ja loomad. Keskkonnas\u00f5bralik fliistapeet, sinu seina suuruses","robots":{"index":"index","follow":"follow","max-snippet":"max-snippet:-1","max-image-preview":"max-image-preview:large","max-video-preview":"max-video-preview:-1"},"canonical":"https:\/\/baubauwall.com\/et\/toode\/kordusmustriga-tapeet-metsamaagia-heleroheline\/","og_locale":"et_EE","og_type":"article","og_title":"BAUBAUWALL TAPEEDID","og_description":"Metsamaagia - heleroheline","og_url":"https:\/\/baubauwall.com\/et\/toode\/kordusmustriga-tapeet-metsamaagia-heleroheline\/","og_site_name":"BAUBAUWALL TAPEEDID","article_publisher":"https:\/\/www.facebook.com\/Baubauwall","article_modified_time":"2024-11-20T15:58:17+00:00","og_image":[{"width":2400,"height":1600,"url":"https:\/\/i0.wp.com\/baubauwall.com\/wp-content\/uploads\/2024\/11\/51100452_FantasticForest-Green_Baubauwall_Wallpaper_room3.jpg?fit=2400%2C1600&ssl=1","type":"image\/jpeg"}],"twitter_card":"summary_large_image","twitter_misc":{"Est. reading time":"1 minut"},"schema":{"@context":"https:\/\/schema.org","@graph":[{"@type":"WebPage","@id":"https:\/\/baubauwall.com\/et\/toode\/kordusmustriga-tapeet-metsamaagia-heleroheline\/","url":"https:\/\/baubauwall.com\/et\/toode\/kordusmustriga-tapeet-metsamaagia-heleroheline\/","name":"Heleroheline, P\u00f5hjamaine tapeet - Metsamaagia","isPartOf":{"@id":"https:\/\/baubauwall.com\/et\/#website"},"primaryImageOfPage":{"@id":"https:\/\/baubauwall.com\/et\/toode\/kordusmustriga-tapeet-metsamaagia-heleroheline\/#primaryimage"},"image":{"@id":"https:\/\/baubauwall.com\/et\/toode\/kordusmustriga-tapeet-metsamaagia-heleroheline\/#primaryimage"},"thumbnailUrl":"https:\/\/baubauwall.com\/wp-content\/uploads\/2024\/11\/51100452_FantasticForest-Green_Baubauwall_Wallpaper_room3.jpg","datePublished":"2024-11-14T10:11:39+00:00","dateModified":"2024-11-20T15:58:17+00:00","description":"Kordusmustriga heleroheline tapeet koju, mille disainilt leiad Skandinaavia stiilis looduse ja loomad. Keskkonnas\u00f5bralik fliistapeet, sinu seina suuruses","breadcrumb":{"@id":"https:\/\/baubauwall.com\/et\/toode\/kordusmustriga-tapeet-metsamaagia-heleroheline\/#breadcrumb"},"inLanguage":"et","potentialAction":[{"@type":"ReadAction","target":["https:\/\/baubauwall.com\/et\/toode\/kordusmustriga-tapeet-metsamaagia-heleroheline\/"]}]},{"@type":"ImageObject","inLanguage":"et","@id":"https:\/\/baubauwall.com\/et\/toode\/kordusmustriga-tapeet-metsamaagia-heleroheline\/#primaryimage","url":"https:\/\/baubauwall.com\/wp-content\/uploads\/2024\/11\/51100452_FantasticForest-Green_Baubauwall_Wallpaper_room3.jpg","contentUrl":"https:\/\/baubauwall.com\/wp-content\/uploads\/2024\/11\/51100452_FantasticForest-Green_Baubauwall_Wallpaper_room3.jpg","width":2400,"height":1600,"caption":"Sage green bedroom feature wall. Light green wallpaper on a Nordic feel bedroom wall"},{"@type":"BreadcrumbList","@id":"https:\/\/baubauwall.com\/et\/toode\/kordusmustriga-tapeet-metsamaagia-heleroheline\/#breadcrumb","itemListElement":[{"@type":"ListItem","position":1,"name":"Koju","item":"https:\/\/baubauwall.com\/et\/"},{"@type":"ListItem","position":2,"name":"Tapeedid","item":"https:\/\/baubauwall.com\/et\/tapeedid\/"},{"@type":"ListItem","position":3,"name":"Metsamaagia &#8211; heleroheline"}]},{"@type":"WebSite","@id":"https:\/\/baubauwall.com\/et\/#website","url":"https:\/\/baubauwall.com\/et\/","name":"BAUBAUWALL Wallpapers","description":"Valmis paanides tapeet Eestist!","publisher":{"@id":"https:\/\/baubauwall.com\/et\/#organization"},"potentialAction":[{"@type":"SearchAction","target":{"@type":"EntryPoint","urlTemplate":"https:\/\/baubauwall.com\/et\/?s={search_term_string}"},"query-input":{"@type":"PropertyValueSpecification","valueRequired":true,"valueName":"search_term_string"}}],"inLanguage":"et"},{"@type":"Organization","@id":"https:\/\/baubauwall.com\/et\/#organization","name":"BAUBAUWALL Wallpapers","url":"https:\/\/baubauwall.com\/et\/","logo":{"@type":"ImageObject","inLanguage":"et","@id":"https:\/\/baubauwall.com\/et\/#\/schema\/logo\/image\/","url":"https:\/\/baubauwall.com\/wp-content\/uploads\/2022\/03\/logo-horizontal.svg","contentUrl":"https:\/\/baubauwall.com\/wp-content\/uploads\/2022\/03\/logo-horizontal.svg","width":"1024","height":"1024","caption":"BAUBAUWALL Wallpapers"},"image":{"@id":"https:\/\/baubauwall.com\/et\/#\/schema\/logo\/image\/"},"sameAs":["https:\/\/www.facebook.com\/Baubauwall","https:\/\/www.instagram.com\/baubauwall"]}]}},"jetpack_sharing_enabled":true,"_links":{"self":[{"href":"https:\/\/baubauwall.com\/et\/wp-json\/wp\/v2\/product\/39247","targetHints":{"allow":["GET"]}}],"collection":[{"href":"https:\/\/baubauwall.com\/et\/wp-json\/wp\/v2\/product"}],"about":[{"href":"https:\/\/baubauwall.com\/et\/wp-json\/wp\/v2\/types\/product"}],"replies":[{"embeddable":true,"href":"https:\/\/baubauwall.com\/et\/wp-json\/wp\/v2\/comments?post=39247"}],"wp:featuredmedia":[{"embeddable":true,"href":"https:\/\/baubauwall.com\/et\/wp-json\/wp\/v2\/media\/39430"}],"wp:attachment":[{"href":"https:\/\/baubauwall.com\/et\/wp-json\/wp\/v2\/media?parent=39247"}],"wp:term":[{"taxonomy":"product_brand","embeddable":true,"href":"https:\/\/baubauwall.com\/et\/wp-json\/wp\/v2\/product_brand?post=39247"},{"taxonomy":"product_cat","embeddable":true,"href":"https:\/\/baubauwall.com\/et\/wp-json\/wp\/v2\/product_cat?post=39247"},{"taxonomy":"product_tag","embeddable":true,"href":"https:\/\/baubauwall.com\/et\/wp-json\/wp\/v2\/product_tag?post=39247"}],"curies":[{"name":"wp","href":"https:\/\/api.w.org\/{rel}","templated":true}]}}