{"id":39449,"date":"2024-11-20T02:45:04","date_gmt":"2024-11-20T00:45:04","guid":{"rendered":"https:\/\/baubauwall.com\/product\/repeat-pattern-wallpaper-dashing-dinos\/"},"modified":"2024-11-20T16:37:03","modified_gmt":"2024-11-20T14:37:03","slug":"lastetoa-tapeet-dzungli-dinosaurused","status":"publish","type":"product","link":"https:\/\/baubauwall.com\/et\/toode\/lastetoa-tapeet-dzungli-dinosaurused\/","title":{"rendered":"D\u017eungli dinosaurused &#8211; valge"},"content":{"rendered":"<p>Lastetoa tapeet k\u00f5ige armsamate dinosaurustega. See lustakas tapeet viib su lapse miljoneid aastaid ajas tagasi, kus majesteetlikud dinosaurused elasid palmide vahel. Uhkest T-Rex kuni s\u00f5braliku Brachiosauruseni \u2013 need k\u00e4sitsi maalitud dinosaurused pole mitte ainult uhked, vaid ka t\u00e4is elu ja seiklusi!\u00a0Ideaalne tapeet v\u00e4ikestele paleontoloogidele (ja dinosauruste f\u00e4nnidele), see disain s\u00fctitab kujutlusv\u00f5ime ja muudab lastetoa eelajalooliseks seiklusalaks ilma olemata liiga koormav.\u00a0 Dinosaurustega tapeet on ilmselt just v\u00e4ikeste poiste lemmik ja p\u00fcsib nii aastaid.<\/p>\n<p><strong>Miks osta lastetoa tapeet siit? Tapeetimine pole kunagi nii lihtne olnud!<\/strong><\/p>\n<ul>\n<li>Nummerdatud tapeedipaanid<\/li>\n<li>Just nii pikad tapeedipaanid, kui on Sinu sein<\/li>\n<li>Premium, matt fliistapeedi materjal, 100% taaskasutatud kiust<\/li>\n<li>M\u00fcrgivabad tr\u00fckiv\u00e4rvid, Greenguard sertifitseeritud \u2013 ideaalne lastetuppa<\/li>\n<li>Keskkonnas\u00f5bralik, j\u00e4\u00e4tmevaba tapeetimine<\/li>\n<li>Tasuta tapeediliim<\/li>\n<li>Tasuta transport ja kiire tarne 5 t\u00f6\u00f6p\u00e4evaga<\/li>\n<\/ul>\n<p>Loe l\u00e4hemalt nutikatest, eritellimust\u00f6\u00f6na valmivatest tapeetidest\u00a0<a href=\"https:\/\/baubauwall.com\/et\/keskkonnasobralikud-tapeedid\/\">siit.<\/a><\/p>\n","protected":false},"excerpt":{"rendered":"<p>Lastetoa tapeet k\u00f5ige armsamate dinosaurustega. See lustakas tapeet viib su lapse miljoneid aastaid ajas tagasi, kus majesteetlikud dinosaurused elasid palmide vahel. Uhkest T-Rex kuni s\u00f5braliku Brachiosauruseni \u2013 need k\u00e4sitsi maalitud dinosaurused pole mitte ainult uhked, vaid ka t\u00e4is elu ja seiklusi!\u00a0Ideaalne tapeet v\u00e4ikestele paleontoloogidele (ja dinosauruste f\u00e4nnidele), see disain s\u00fctitab kujutlusv\u00f5ime ja muudab lastetoa eelajalooliseks [&hellip;]<\/p>\n","protected":false},"featured_media":39561,"comment_status":"open","ping_status":"closed","template":"","meta":{"_acf_changed":false,"inline_featured_image":false},"product_brand":[],"product_cat":[629,386,406,396,265,271,410,400,255],"product_tag":[726,631,308],"class_list":{"0":"post-39449","1":"product","2":"type-product","3":"status-publish","4":"has-post-thumbnail","6":"product_cat-kikki-belle-tapeedid","7":"product_cat-kordusmustriga-tapeedid","8":"product_cat-klassika","9":"product_cat-skandinaavia","10":"product_cat-beezid-tapeedid","11":"product_cat-rohelised-tapeedid","12":"product_cat-valge-tapeedid","13":"product_cat-lastetoa-tapeedid","14":"product_cat-loomad","15":"product_tag-dinosaurused","16":"product_tag-kikki-belle-et","17":"product_tag-poiste-tuba","18":"pa_designedby-sir-edward","20":"first","21":"instock","22":"taxable","23":"shipping-taxable","24":"purchasable","25":"product-type-simple"},"acf":[],"yoast_head":"<!-- This site is optimized with the Yoast SEO plugin v25.9 - https:\/\/yoast.com\/wordpress\/plugins\/seo\/ -->\n<title>Poiste toa tapeet - D\u017eungli dinosaurused - valge<\/title>\n<meta name=\"description\" content=\"Dinosaurustega tapeet v\u00e4ikestele poistele. Muuda lastetoa seinad eriliseks selle l\u00f5busa dino mustriga. Tapeet, mis sobib just v\u00e4ikeste poiste seintele.\" \/>\n<meta name=\"robots\" content=\"index, follow, max-snippet:-1, max-image-preview:large, max-video-preview:-1\" \/>\n<link rel=\"canonical\" href=\"https:\/\/baubauwall.com\/et\/toode\/lastetoa-tapeet-dzungli-dinosaurused\/\" \/>\n<meta property=\"og:locale\" content=\"et_EE\" \/>\n<meta property=\"og:type\" content=\"article\" \/>\n<meta property=\"og:title\" content=\"Poiste toa tapeet - D\u017eungli dinosaurused - valge\" \/>\n<meta property=\"og:description\" content=\"Dinosaurustega tapeet v\u00e4ikestele poistele. Muuda lastetoa seinad eriliseks selle l\u00f5busa dino mustriga. Tapeet, mis sobib just v\u00e4ikeste poiste seintele.\" \/>\n<meta property=\"og:url\" content=\"https:\/\/baubauwall.com\/et\/toode\/lastetoa-tapeet-dzungli-dinosaurused\/\" \/>\n<meta property=\"og:site_name\" content=\"BAUBAUWALL TAPEEDID\" \/>\n<meta property=\"article:publisher\" content=\"https:\/\/www.facebook.com\/Baubauwall\" \/>\n<meta property=\"article:modified_time\" content=\"2024-11-20T14:37:03+00:00\" \/>\n<meta property=\"og:image\" content=\"https:\/\/i0.wp.com\/baubauwall.com\/wp-content\/uploads\/2024\/11\/51100453_DashingDinos-White_Baubauwall_Wallpaper_room1.jpg?fit=2400%2C1600&ssl=1\" \/>\n\t<meta property=\"og:image:width\" content=\"2400\" \/>\n\t<meta property=\"og:image:height\" content=\"1600\" \/>\n\t<meta property=\"og:image:type\" content=\"image\/jpeg\" \/>\n<meta name=\"twitter:card\" content=\"summary_large_image\" \/>\n<meta name=\"twitter:label1\" content=\"Est. reading time\" \/>\n\t<meta name=\"twitter:data1\" content=\"1 minut\" \/>\n<script type=\"application\/ld+json\" class=\"yoast-schema-graph\">{\"@context\":\"https:\/\/schema.org\",\"@graph\":[{\"@type\":\"WebPage\",\"@id\":\"https:\/\/baubauwall.com\/et\/toode\/lastetoa-tapeet-dzungli-dinosaurused\/\",\"url\":\"https:\/\/baubauwall.com\/et\/toode\/lastetoa-tapeet-dzungli-dinosaurused\/\",\"name\":\"Poiste toa tapeet - D\u017eungli dinosaurused - valge\",\"isPartOf\":{\"@id\":\"https:\/\/baubauwall.com\/et\/#website\"},\"primaryImageOfPage\":{\"@id\":\"https:\/\/baubauwall.com\/et\/toode\/lastetoa-tapeet-dzungli-dinosaurused\/#primaryimage\"},\"image\":{\"@id\":\"https:\/\/baubauwall.com\/et\/toode\/lastetoa-tapeet-dzungli-dinosaurused\/#primaryimage\"},\"thumbnailUrl\":\"https:\/\/baubauwall.com\/wp-content\/uploads\/2024\/11\/51100453_DashingDinos-White_Baubauwall_Wallpaper_room2-1-scaled.jpg\",\"datePublished\":\"2024-11-20T00:45:04+00:00\",\"dateModified\":\"2024-11-20T14:37:03+00:00\",\"description\":\"Dinosaurustega tapeet v\u00e4ikestele poistele. Muuda lastetoa seinad eriliseks selle l\u00f5busa dino mustriga. Tapeet, mis sobib just v\u00e4ikeste poiste seintele.\",\"breadcrumb\":{\"@id\":\"https:\/\/baubauwall.com\/et\/toode\/lastetoa-tapeet-dzungli-dinosaurused\/#breadcrumb\"},\"inLanguage\":\"et\",\"potentialAction\":[{\"@type\":\"ReadAction\",\"target\":[\"https:\/\/baubauwall.com\/et\/toode\/lastetoa-tapeet-dzungli-dinosaurused\/\"]}]},{\"@type\":\"ImageObject\",\"inLanguage\":\"et\",\"@id\":\"https:\/\/baubauwall.com\/et\/toode\/lastetoa-tapeet-dzungli-dinosaurused\/#primaryimage\",\"url\":\"https:\/\/baubauwall.com\/wp-content\/uploads\/2024\/11\/51100453_DashingDinos-White_Baubauwall_Wallpaper_room2-1-scaled.jpg\",\"contentUrl\":\"https:\/\/baubauwall.com\/wp-content\/uploads\/2024\/11\/51100453_DashingDinos-White_Baubauwall_Wallpaper_room2-1-scaled.jpg\",\"width\":2560,\"height\":1280,\"caption\":\"Dinosaur wallpaper for kids room walls | Fliistapeet lastetuppa\"},{\"@type\":\"BreadcrumbList\",\"@id\":\"https:\/\/baubauwall.com\/et\/toode\/lastetoa-tapeet-dzungli-dinosaurused\/#breadcrumb\",\"itemListElement\":[{\"@type\":\"ListItem\",\"position\":1,\"name\":\"Koju\",\"item\":\"https:\/\/baubauwall.com\/et\/\"},{\"@type\":\"ListItem\",\"position\":2,\"name\":\"Tapeedid\",\"item\":\"https:\/\/baubauwall.com\/et\/tapeedid\/\"},{\"@type\":\"ListItem\",\"position\":3,\"name\":\"D\u017eungli dinosaurused &#8211; valge\"}]},{\"@type\":\"WebSite\",\"@id\":\"https:\/\/baubauwall.com\/et\/#website\",\"url\":\"https:\/\/baubauwall.com\/et\/\",\"name\":\"BAUBAUWALL Wallpapers\",\"description\":\"Valmis paanides tapeet Eestist!\",\"publisher\":{\"@id\":\"https:\/\/baubauwall.com\/et\/#organization\"},\"potentialAction\":[{\"@type\":\"SearchAction\",\"target\":{\"@type\":\"EntryPoint\",\"urlTemplate\":\"https:\/\/baubauwall.com\/et\/?s={search_term_string}\"},\"query-input\":{\"@type\":\"PropertyValueSpecification\",\"valueRequired\":true,\"valueName\":\"search_term_string\"}}],\"inLanguage\":\"et\"},{\"@type\":\"Organization\",\"@id\":\"https:\/\/baubauwall.com\/et\/#organization\",\"name\":\"BAUBAUWALL Wallpapers\",\"url\":\"https:\/\/baubauwall.com\/et\/\",\"logo\":{\"@type\":\"ImageObject\",\"inLanguage\":\"et\",\"@id\":\"https:\/\/baubauwall.com\/et\/#\/schema\/logo\/image\/\",\"url\":\"https:\/\/baubauwall.com\/wp-content\/uploads\/2022\/03\/logo-horizontal.svg\",\"contentUrl\":\"https:\/\/baubauwall.com\/wp-content\/uploads\/2022\/03\/logo-horizontal.svg\",\"width\":\"1024\",\"height\":\"1024\",\"caption\":\"BAUBAUWALL Wallpapers\"},\"image\":{\"@id\":\"https:\/\/baubauwall.com\/et\/#\/schema\/logo\/image\/\"},\"sameAs\":[\"https:\/\/www.facebook.com\/Baubauwall\",\"https:\/\/www.instagram.com\/baubauwall\"]}]}<\/script>\n<!-- \/ Yoast SEO plugin. -->","yoast_head_json":{"title":"Poiste toa tapeet - D\u017eungli dinosaurused - valge","description":"Dinosaurustega tapeet v\u00e4ikestele poistele. Muuda lastetoa seinad eriliseks selle l\u00f5busa dino mustriga. Tapeet, mis sobib just v\u00e4ikeste poiste seintele.","robots":{"index":"index","follow":"follow","max-snippet":"max-snippet:-1","max-image-preview":"max-image-preview:large","max-video-preview":"max-video-preview:-1"},"canonical":"https:\/\/baubauwall.com\/et\/toode\/lastetoa-tapeet-dzungli-dinosaurused\/","og_locale":"et_EE","og_type":"article","og_title":"Poiste toa tapeet - D\u017eungli dinosaurused - valge","og_description":"Dinosaurustega tapeet v\u00e4ikestele poistele. Muuda lastetoa seinad eriliseks selle l\u00f5busa dino mustriga. Tapeet, mis sobib just v\u00e4ikeste poiste seintele.","og_url":"https:\/\/baubauwall.com\/et\/toode\/lastetoa-tapeet-dzungli-dinosaurused\/","og_site_name":"BAUBAUWALL TAPEEDID","article_publisher":"https:\/\/www.facebook.com\/Baubauwall","article_modified_time":"2024-11-20T14:37:03+00:00","og_image":[{"width":2400,"height":1600,"url":"https:\/\/i0.wp.com\/baubauwall.com\/wp-content\/uploads\/2024\/11\/51100453_DashingDinos-White_Baubauwall_Wallpaper_room1.jpg?fit=2400%2C1600&ssl=1","type":"image\/jpeg"}],"twitter_card":"summary_large_image","twitter_misc":{"Est. reading time":"1 minut"},"schema":{"@context":"https:\/\/schema.org","@graph":[{"@type":"WebPage","@id":"https:\/\/baubauwall.com\/et\/toode\/lastetoa-tapeet-dzungli-dinosaurused\/","url":"https:\/\/baubauwall.com\/et\/toode\/lastetoa-tapeet-dzungli-dinosaurused\/","name":"Poiste toa tapeet - D\u017eungli dinosaurused - valge","isPartOf":{"@id":"https:\/\/baubauwall.com\/et\/#website"},"primaryImageOfPage":{"@id":"https:\/\/baubauwall.com\/et\/toode\/lastetoa-tapeet-dzungli-dinosaurused\/#primaryimage"},"image":{"@id":"https:\/\/baubauwall.com\/et\/toode\/lastetoa-tapeet-dzungli-dinosaurused\/#primaryimage"},"thumbnailUrl":"https:\/\/baubauwall.com\/wp-content\/uploads\/2024\/11\/51100453_DashingDinos-White_Baubauwall_Wallpaper_room2-1-scaled.jpg","datePublished":"2024-11-20T00:45:04+00:00","dateModified":"2024-11-20T14:37:03+00:00","description":"Dinosaurustega tapeet v\u00e4ikestele poistele. Muuda lastetoa seinad eriliseks selle l\u00f5busa dino mustriga. Tapeet, mis sobib just v\u00e4ikeste poiste seintele.","breadcrumb":{"@id":"https:\/\/baubauwall.com\/et\/toode\/lastetoa-tapeet-dzungli-dinosaurused\/#breadcrumb"},"inLanguage":"et","potentialAction":[{"@type":"ReadAction","target":["https:\/\/baubauwall.com\/et\/toode\/lastetoa-tapeet-dzungli-dinosaurused\/"]}]},{"@type":"ImageObject","inLanguage":"et","@id":"https:\/\/baubauwall.com\/et\/toode\/lastetoa-tapeet-dzungli-dinosaurused\/#primaryimage","url":"https:\/\/baubauwall.com\/wp-content\/uploads\/2024\/11\/51100453_DashingDinos-White_Baubauwall_Wallpaper_room2-1-scaled.jpg","contentUrl":"https:\/\/baubauwall.com\/wp-content\/uploads\/2024\/11\/51100453_DashingDinos-White_Baubauwall_Wallpaper_room2-1-scaled.jpg","width":2560,"height":1280,"caption":"Dinosaur wallpaper for kids room walls | Fliistapeet lastetuppa"},{"@type":"BreadcrumbList","@id":"https:\/\/baubauwall.com\/et\/toode\/lastetoa-tapeet-dzungli-dinosaurused\/#breadcrumb","itemListElement":[{"@type":"ListItem","position":1,"name":"Koju","item":"https:\/\/baubauwall.com\/et\/"},{"@type":"ListItem","position":2,"name":"Tapeedid","item":"https:\/\/baubauwall.com\/et\/tapeedid\/"},{"@type":"ListItem","position":3,"name":"D\u017eungli dinosaurused &#8211; valge"}]},{"@type":"WebSite","@id":"https:\/\/baubauwall.com\/et\/#website","url":"https:\/\/baubauwall.com\/et\/","name":"BAUBAUWALL Wallpapers","description":"Valmis paanides tapeet Eestist!","publisher":{"@id":"https:\/\/baubauwall.com\/et\/#organization"},"potentialAction":[{"@type":"SearchAction","target":{"@type":"EntryPoint","urlTemplate":"https:\/\/baubauwall.com\/et\/?s={search_term_string}"},"query-input":{"@type":"PropertyValueSpecification","valueRequired":true,"valueName":"search_term_string"}}],"inLanguage":"et"},{"@type":"Organization","@id":"https:\/\/baubauwall.com\/et\/#organization","name":"BAUBAUWALL Wallpapers","url":"https:\/\/baubauwall.com\/et\/","logo":{"@type":"ImageObject","inLanguage":"et","@id":"https:\/\/baubauwall.com\/et\/#\/schema\/logo\/image\/","url":"https:\/\/baubauwall.com\/wp-content\/uploads\/2022\/03\/logo-horizontal.svg","contentUrl":"https:\/\/baubauwall.com\/wp-content\/uploads\/2022\/03\/logo-horizontal.svg","width":"1024","height":"1024","caption":"BAUBAUWALL Wallpapers"},"image":{"@id":"https:\/\/baubauwall.com\/et\/#\/schema\/logo\/image\/"},"sameAs":["https:\/\/www.facebook.com\/Baubauwall","https:\/\/www.instagram.com\/baubauwall"]}]}},"jetpack_sharing_enabled":true,"_links":{"self":[{"href":"https:\/\/baubauwall.com\/et\/wp-json\/wp\/v2\/product\/39449","targetHints":{"allow":["GET"]}}],"collection":[{"href":"https:\/\/baubauwall.com\/et\/wp-json\/wp\/v2\/product"}],"about":[{"href":"https:\/\/baubauwall.com\/et\/wp-json\/wp\/v2\/types\/product"}],"replies":[{"embeddable":true,"href":"https:\/\/baubauwall.com\/et\/wp-json\/wp\/v2\/comments?post=39449"}],"wp:featuredmedia":[{"embeddable":true,"href":"https:\/\/baubauwall.com\/et\/wp-json\/wp\/v2\/media\/39561"}],"wp:attachment":[{"href":"https:\/\/baubauwall.com\/et\/wp-json\/wp\/v2\/media?parent=39449"}],"wp:term":[{"taxonomy":"product_brand","embeddable":true,"href":"https:\/\/baubauwall.com\/et\/wp-json\/wp\/v2\/product_brand?post=39449"},{"taxonomy":"product_cat","embeddable":true,"href":"https:\/\/baubauwall.com\/et\/wp-json\/wp\/v2\/product_cat?post=39449"},{"taxonomy":"product_tag","embeddable":true,"href":"https:\/\/baubauwall.com\/et\/wp-json\/wp\/v2\/product_tag?post=39449"}],"curies":[{"name":"wp","href":"https:\/\/api.w.org\/{rel}","templated":true}]}}