{"id":39510,"date":"2024-11-10T02:45:04","date_gmt":"2024-11-10T00:45:04","guid":{"rendered":"https:\/\/baubauwall.com\/product\/kids-wallpaper-dancing-deer-white\/"},"modified":"2024-11-20T17:21:47","modified_gmt":"2024-11-20T15:21:47","slug":"lastetoa-tapeet-hirvekeste-tants-valge","status":"publish","type":"product","link":"https:\/\/baubauwall.com\/et\/toode\/lastetoa-tapeet-hirvekeste-tants-valge\/","title":{"rendered":"Hirvekeste tants &#8211; valge"},"content":{"rendered":"<p>Armas lastetoa tapeet, mille kordusmustriga disainilt tabad kitsekesed lillede ja rohelusega. Kooslus, mis loob rahuliku ja neutraalse tausta lastetuppa, kus alati kipub olema h\u00e4sti palju asju! Tapeedi disain sobib oma neutraalse v\u00e4rvipaletiga h\u00e4sti nii poiste kui t\u00fcdrukute tuppa. Valmistatud keskkonnas\u00f5bralikest materjalidest ja tr\u00fckitud mittem\u00fcrgiste tr\u00fckiv\u00e4rvidega, on see tapeet sama kvaliteetne kui ka kaunis! Lisaks oleme tapeedi paigaldamise muutnud \u00fclilihtsaks: iga paan on eelnevalt l\u00f5igatud, nummerdatud ja valmis paigalduseks, muutes lastetoa tapeetimise imelihtsaks.<\/p>\n<p><strong>Miks osta lastetoa tapeet meilt?\u00a0\u00a0<\/strong><\/p>\n<ul>\n<li>Eesti ettev\u00f5te<\/li>\n<li>Nummerdatud tapeedipaanid<\/li>\n<li>Just nii pikad tapeedipaanid, kui on Sinu sein<\/li>\n<li>Premium, matt fliistapeedi materjal, 100% taaskasutatud kiust<\/li>\n<li>M\u00fcrgivabad tr\u00fckiv\u00e4rvid, Greenguard sertifitseeritud \u2013 ideaalne lastetuppa<\/li>\n<li>Keskkonnas\u00f5bralik, j\u00e4\u00e4tmevaba tapeetimine<\/li>\n<li>Tasuta tapeediliim<\/li>\n<li>Tasuta transport ja kiire tarne 5 t\u00f6\u00f6p\u00e4evaga<\/li>\n<\/ul>\n<p>Loe l\u00e4hemalt nutikatest, eritellimust\u00f6\u00f6na valmivatest tapeetidest\u00a0<a href=\"https:\/\/baubauwall.com\/et\/keskkonnasobralikud-tapeedid\/\">siit.<\/a>hea<\/p>\n","protected":false},"excerpt":{"rendered":"<p>Armas lastetoa tapeet, mille kordusmustriga disainilt tabad kitsekesed lillede ja rohelusega. Kooslus, mis loob rahuliku ja neutraalse tausta lastetuppa, kus alati kipub olema h\u00e4sti palju asju! Tapeedi disain sobib oma neutraalse v\u00e4rvipaletiga h\u00e4sti nii poiste kui t\u00fcdrukute tuppa. Valmistatud keskkonnas\u00f5bralikest materjalidest ja tr\u00fckitud mittem\u00fcrgiste tr\u00fckiv\u00e4rvidega, on see tapeet sama kvaliteetne kui ka kaunis! Lisaks oleme [&hellip;]<\/p>\n","protected":false},"featured_media":39573,"comment_status":"open","ping_status":"closed","template":"","meta":{"_acf_changed":false,"inline_featured_image":false},"product_brand":[],"product_cat":[629,386,395,396,265,273,276,410,400,255],"product_tag":[631,308,324],"class_list":{"0":"post-39510","1":"product","2":"type-product","3":"status-publish","4":"has-post-thumbnail","6":"product_cat-kikki-belle-tapeedid","7":"product_cat-kordusmustriga-tapeedid","8":"product_cat-romantiline","9":"product_cat-skandinaavia","10":"product_cat-beezid-tapeedid","11":"product_cat-heledad-tapeedid","12":"product_cat-pastelsed-tapeedid","13":"product_cat-valge-tapeedid","14":"product_cat-lastetoa-tapeedid","15":"product_cat-loomad","16":"product_tag-kikki-belle-et","17":"product_tag-poiste-tuba","18":"product_tag-tudruku-tuba","19":"pa_designedby-sir-edward","21":"first","22":"instock","23":"taxable","24":"shipping-taxable","25":"purchasable","26":"product-type-simple"},"acf":[],"yoast_head":"<!-- This site is optimized with the Yoast SEO plugin v25.9 - https:\/\/yoast.com\/wordpress\/plugins\/seo\/ -->\n<title>Lastetoa tapeetHirvekeste tants - valge -<\/title>\n<meta name=\"description\" content=\"Armas tapeet lastetoa seinale. Kordusmustriga tapeet sobib h\u00e4sti toa mitmele seinale v\u00f5i vaid 1-2. Flistapeedid sinu seina suuruses\" \/>\n<meta name=\"robots\" content=\"index, follow, max-snippet:-1, max-image-preview:large, max-video-preview:-1\" \/>\n<link rel=\"canonical\" href=\"https:\/\/baubauwall.com\/et\/toode\/lastetoa-tapeet-hirvekeste-tants-valge\/\" \/>\n<meta property=\"og:locale\" content=\"et_EE\" \/>\n<meta property=\"og:type\" content=\"article\" \/>\n<meta property=\"og:title\" content=\"Lastetoa tapeetHirvekeste tants - valge -\" \/>\n<meta property=\"og:description\" content=\"Armas tapeet lastetoa seinale. Kordusmustriga tapeet sobib h\u00e4sti toa mitmele seinale v\u00f5i vaid 1-2. Flistapeedid sinu seina suuruses\" \/>\n<meta property=\"og:url\" content=\"https:\/\/baubauwall.com\/et\/toode\/lastetoa-tapeet-hirvekeste-tants-valge\/\" \/>\n<meta property=\"og:site_name\" content=\"BAUBAUWALL TAPEEDID\" \/>\n<meta property=\"article:publisher\" content=\"https:\/\/www.facebook.com\/Baubauwall\" \/>\n<meta property=\"article:modified_time\" content=\"2024-11-20T15:21:47+00:00\" \/>\n<meta property=\"og:image\" content=\"https:\/\/baubauwall.com\/wp-content\/uploads\/2024\/11\/51100455_DancingDeer-White_Baubauwall_Wallpaper_room1-1.jpg\" \/>\n\t<meta property=\"og:image:width\" content=\"2240\" \/>\n\t<meta property=\"og:image:height\" content=\"1600\" \/>\n\t<meta property=\"og:image:type\" content=\"image\/jpeg\" \/>\n<meta name=\"twitter:card\" content=\"summary_large_image\" \/>\n<meta name=\"twitter:label1\" content=\"Est. reading time\" \/>\n\t<meta name=\"twitter:data1\" content=\"1 minut\" \/>\n<script type=\"application\/ld+json\" class=\"yoast-schema-graph\">{\"@context\":\"https:\/\/schema.org\",\"@graph\":[{\"@type\":\"WebPage\",\"@id\":\"https:\/\/baubauwall.com\/et\/toode\/lastetoa-tapeet-hirvekeste-tants-valge\/\",\"url\":\"https:\/\/baubauwall.com\/et\/toode\/lastetoa-tapeet-hirvekeste-tants-valge\/\",\"name\":\"Lastetoa tapeetHirvekeste tants - valge -\",\"isPartOf\":{\"@id\":\"https:\/\/baubauwall.com\/et\/#website\"},\"primaryImageOfPage\":{\"@id\":\"https:\/\/baubauwall.com\/et\/toode\/lastetoa-tapeet-hirvekeste-tants-valge\/#primaryimage\"},\"image\":{\"@id\":\"https:\/\/baubauwall.com\/et\/toode\/lastetoa-tapeet-hirvekeste-tants-valge\/#primaryimage\"},\"thumbnailUrl\":\"https:\/\/baubauwall.com\/wp-content\/uploads\/2024\/11\/51100455_DancingDeer-White_Baubauwall_Wallpaper_room1-1.jpg\",\"datePublished\":\"2024-11-10T00:45:04+00:00\",\"dateModified\":\"2024-11-20T15:21:47+00:00\",\"description\":\"Armas tapeet lastetoa seinale. Kordusmustriga tapeet sobib h\u00e4sti toa mitmele seinale v\u00f5i vaid 1-2. Flistapeedid sinu seina suuruses\",\"breadcrumb\":{\"@id\":\"https:\/\/baubauwall.com\/et\/toode\/lastetoa-tapeet-hirvekeste-tants-valge\/#breadcrumb\"},\"inLanguage\":\"et\",\"potentialAction\":[{\"@type\":\"ReadAction\",\"target\":[\"https:\/\/baubauwall.com\/et\/toode\/lastetoa-tapeet-hirvekeste-tants-valge\/\"]}]},{\"@type\":\"ImageObject\",\"inLanguage\":\"et\",\"@id\":\"https:\/\/baubauwall.com\/et\/toode\/lastetoa-tapeet-hirvekeste-tants-valge\/#primaryimage\",\"url\":\"https:\/\/baubauwall.com\/wp-content\/uploads\/2024\/11\/51100455_DancingDeer-White_Baubauwall_Wallpaper_room1-1.jpg\",\"contentUrl\":\"https:\/\/baubauwall.com\/wp-content\/uploads\/2024\/11\/51100455_DancingDeer-White_Baubauwall_Wallpaper_room1-1.jpg\",\"width\":2240,\"height\":1600,\"caption\":\"Children room wallpaper with cute deer | Fliistapeet lastetuppa\"},{\"@type\":\"BreadcrumbList\",\"@id\":\"https:\/\/baubauwall.com\/et\/toode\/lastetoa-tapeet-hirvekeste-tants-valge\/#breadcrumb\",\"itemListElement\":[{\"@type\":\"ListItem\",\"position\":1,\"name\":\"Koju\",\"item\":\"https:\/\/baubauwall.com\/et\/\"},{\"@type\":\"ListItem\",\"position\":2,\"name\":\"Tapeedid\",\"item\":\"https:\/\/baubauwall.com\/et\/tapeedid\/\"},{\"@type\":\"ListItem\",\"position\":3,\"name\":\"Hirvekeste tants &#8211; valge\"}]},{\"@type\":\"WebSite\",\"@id\":\"https:\/\/baubauwall.com\/et\/#website\",\"url\":\"https:\/\/baubauwall.com\/et\/\",\"name\":\"BAUBAUWALL Wallpapers\",\"description\":\"Valmis paanides tapeet Eestist!\",\"publisher\":{\"@id\":\"https:\/\/baubauwall.com\/et\/#organization\"},\"potentialAction\":[{\"@type\":\"SearchAction\",\"target\":{\"@type\":\"EntryPoint\",\"urlTemplate\":\"https:\/\/baubauwall.com\/et\/?s={search_term_string}\"},\"query-input\":{\"@type\":\"PropertyValueSpecification\",\"valueRequired\":true,\"valueName\":\"search_term_string\"}}],\"inLanguage\":\"et\"},{\"@type\":\"Organization\",\"@id\":\"https:\/\/baubauwall.com\/et\/#organization\",\"name\":\"BAUBAUWALL Wallpapers\",\"url\":\"https:\/\/baubauwall.com\/et\/\",\"logo\":{\"@type\":\"ImageObject\",\"inLanguage\":\"et\",\"@id\":\"https:\/\/baubauwall.com\/et\/#\/schema\/logo\/image\/\",\"url\":\"https:\/\/baubauwall.com\/wp-content\/uploads\/2022\/03\/logo-horizontal.svg\",\"contentUrl\":\"https:\/\/baubauwall.com\/wp-content\/uploads\/2022\/03\/logo-horizontal.svg\",\"width\":\"1024\",\"height\":\"1024\",\"caption\":\"BAUBAUWALL Wallpapers\"},\"image\":{\"@id\":\"https:\/\/baubauwall.com\/et\/#\/schema\/logo\/image\/\"},\"sameAs\":[\"https:\/\/www.facebook.com\/Baubauwall\",\"https:\/\/www.instagram.com\/baubauwall\"]}]}<\/script>\n<!-- \/ Yoast SEO plugin. -->","yoast_head_json":{"title":"Lastetoa tapeetHirvekeste tants - valge -","description":"Armas tapeet lastetoa seinale. Kordusmustriga tapeet sobib h\u00e4sti toa mitmele seinale v\u00f5i vaid 1-2. Flistapeedid sinu seina suuruses","robots":{"index":"index","follow":"follow","max-snippet":"max-snippet:-1","max-image-preview":"max-image-preview:large","max-video-preview":"max-video-preview:-1"},"canonical":"https:\/\/baubauwall.com\/et\/toode\/lastetoa-tapeet-hirvekeste-tants-valge\/","og_locale":"et_EE","og_type":"article","og_title":"Lastetoa tapeetHirvekeste tants - valge -","og_description":"Armas tapeet lastetoa seinale. Kordusmustriga tapeet sobib h\u00e4sti toa mitmele seinale v\u00f5i vaid 1-2. Flistapeedid sinu seina suuruses","og_url":"https:\/\/baubauwall.com\/et\/toode\/lastetoa-tapeet-hirvekeste-tants-valge\/","og_site_name":"BAUBAUWALL TAPEEDID","article_publisher":"https:\/\/www.facebook.com\/Baubauwall","article_modified_time":"2024-11-20T15:21:47+00:00","og_image":[{"width":2240,"height":1600,"url":"https:\/\/baubauwall.com\/wp-content\/uploads\/2024\/11\/51100455_DancingDeer-White_Baubauwall_Wallpaper_room1-1.jpg","type":"image\/jpeg"}],"twitter_card":"summary_large_image","twitter_misc":{"Est. reading time":"1 minut"},"schema":{"@context":"https:\/\/schema.org","@graph":[{"@type":"WebPage","@id":"https:\/\/baubauwall.com\/et\/toode\/lastetoa-tapeet-hirvekeste-tants-valge\/","url":"https:\/\/baubauwall.com\/et\/toode\/lastetoa-tapeet-hirvekeste-tants-valge\/","name":"Lastetoa tapeetHirvekeste tants - valge -","isPartOf":{"@id":"https:\/\/baubauwall.com\/et\/#website"},"primaryImageOfPage":{"@id":"https:\/\/baubauwall.com\/et\/toode\/lastetoa-tapeet-hirvekeste-tants-valge\/#primaryimage"},"image":{"@id":"https:\/\/baubauwall.com\/et\/toode\/lastetoa-tapeet-hirvekeste-tants-valge\/#primaryimage"},"thumbnailUrl":"https:\/\/baubauwall.com\/wp-content\/uploads\/2024\/11\/51100455_DancingDeer-White_Baubauwall_Wallpaper_room1-1.jpg","datePublished":"2024-11-10T00:45:04+00:00","dateModified":"2024-11-20T15:21:47+00:00","description":"Armas tapeet lastetoa seinale. Kordusmustriga tapeet sobib h\u00e4sti toa mitmele seinale v\u00f5i vaid 1-2. Flistapeedid sinu seina suuruses","breadcrumb":{"@id":"https:\/\/baubauwall.com\/et\/toode\/lastetoa-tapeet-hirvekeste-tants-valge\/#breadcrumb"},"inLanguage":"et","potentialAction":[{"@type":"ReadAction","target":["https:\/\/baubauwall.com\/et\/toode\/lastetoa-tapeet-hirvekeste-tants-valge\/"]}]},{"@type":"ImageObject","inLanguage":"et","@id":"https:\/\/baubauwall.com\/et\/toode\/lastetoa-tapeet-hirvekeste-tants-valge\/#primaryimage","url":"https:\/\/baubauwall.com\/wp-content\/uploads\/2024\/11\/51100455_DancingDeer-White_Baubauwall_Wallpaper_room1-1.jpg","contentUrl":"https:\/\/baubauwall.com\/wp-content\/uploads\/2024\/11\/51100455_DancingDeer-White_Baubauwall_Wallpaper_room1-1.jpg","width":2240,"height":1600,"caption":"Children room wallpaper with cute deer | Fliistapeet lastetuppa"},{"@type":"BreadcrumbList","@id":"https:\/\/baubauwall.com\/et\/toode\/lastetoa-tapeet-hirvekeste-tants-valge\/#breadcrumb","itemListElement":[{"@type":"ListItem","position":1,"name":"Koju","item":"https:\/\/baubauwall.com\/et\/"},{"@type":"ListItem","position":2,"name":"Tapeedid","item":"https:\/\/baubauwall.com\/et\/tapeedid\/"},{"@type":"ListItem","position":3,"name":"Hirvekeste tants &#8211; valge"}]},{"@type":"WebSite","@id":"https:\/\/baubauwall.com\/et\/#website","url":"https:\/\/baubauwall.com\/et\/","name":"BAUBAUWALL Wallpapers","description":"Valmis paanides tapeet Eestist!","publisher":{"@id":"https:\/\/baubauwall.com\/et\/#organization"},"potentialAction":[{"@type":"SearchAction","target":{"@type":"EntryPoint","urlTemplate":"https:\/\/baubauwall.com\/et\/?s={search_term_string}"},"query-input":{"@type":"PropertyValueSpecification","valueRequired":true,"valueName":"search_term_string"}}],"inLanguage":"et"},{"@type":"Organization","@id":"https:\/\/baubauwall.com\/et\/#organization","name":"BAUBAUWALL Wallpapers","url":"https:\/\/baubauwall.com\/et\/","logo":{"@type":"ImageObject","inLanguage":"et","@id":"https:\/\/baubauwall.com\/et\/#\/schema\/logo\/image\/","url":"https:\/\/baubauwall.com\/wp-content\/uploads\/2022\/03\/logo-horizontal.svg","contentUrl":"https:\/\/baubauwall.com\/wp-content\/uploads\/2022\/03\/logo-horizontal.svg","width":"1024","height":"1024","caption":"BAUBAUWALL Wallpapers"},"image":{"@id":"https:\/\/baubauwall.com\/et\/#\/schema\/logo\/image\/"},"sameAs":["https:\/\/www.facebook.com\/Baubauwall","https:\/\/www.instagram.com\/baubauwall"]}]}},"jetpack_sharing_enabled":true,"_links":{"self":[{"href":"https:\/\/baubauwall.com\/et\/wp-json\/wp\/v2\/product\/39510","targetHints":{"allow":["GET"]}}],"collection":[{"href":"https:\/\/baubauwall.com\/et\/wp-json\/wp\/v2\/product"}],"about":[{"href":"https:\/\/baubauwall.com\/et\/wp-json\/wp\/v2\/types\/product"}],"replies":[{"embeddable":true,"href":"https:\/\/baubauwall.com\/et\/wp-json\/wp\/v2\/comments?post=39510"}],"wp:featuredmedia":[{"embeddable":true,"href":"https:\/\/baubauwall.com\/et\/wp-json\/wp\/v2\/media\/39573"}],"wp:attachment":[{"href":"https:\/\/baubauwall.com\/et\/wp-json\/wp\/v2\/media?parent=39510"}],"wp:term":[{"taxonomy":"product_brand","embeddable":true,"href":"https:\/\/baubauwall.com\/et\/wp-json\/wp\/v2\/product_brand?post=39510"},{"taxonomy":"product_cat","embeddable":true,"href":"https:\/\/baubauwall.com\/et\/wp-json\/wp\/v2\/product_cat?post=39510"},{"taxonomy":"product_tag","embeddable":true,"href":"https:\/\/baubauwall.com\/et\/wp-json\/wp\/v2\/product_tag?post=39510"}],"curies":[{"name":"wp","href":"https:\/\/api.w.org\/{rel}","templated":true}]}}