{"id":39599,"date":"2024-11-26T10:00:30","date_gmt":"2024-11-26T08:00:30","guid":{"rendered":"https:\/\/baubauwall.com\/?post_type=product&#038;p=39599"},"modified":"2025-07-31T11:14:56","modified_gmt":"2025-07-31T09:14:56","slug":"pilttapeet-tindi-triloogia-uks","status":"publish","type":"product","link":"https:\/\/baubauwall.com\/et\/toode\/pilttapeet-tindi-triloogia-uks\/","title":{"rendered":"Tindi triloogia: \u00fcks"},"content":{"rendered":"<p>Tapeet, mis on julge, abstraktne ja kompromissitult P\u00f5hjamaine. Tindi triloogia: \u00fcks on esimene (tapeedi) peat\u00fckk <strong>Metsik Tint<\/strong> <a href=\"https:\/\/edasi.org\/251304\/mood-disain-arhitektuur-veebruari-uudised-3\/\" target=\"_blank\" rel=\"noopener\">tapeedikollektsioonist,<\/a> kus looduse kohtub&#8230;tindi ja pintslitega! Inspireeritud Skandinaavia metsikutest maastikest, j\u00e4\u00e4dvustab see pilttapeet looduse kontrastid \u2013 s\u00fcgav sinised veed ja l\u00f5putute suve\u00f6\u00f6de kirkad toonid. Selle pilttapeedi iga pintslit\u00f5mme jutustab justkui oma loo. S\u00fcgavsiniste ja valgete tintide m\u00e4ng loob abstraktse kompositsiooni, mis lisab interj\u00f6\u00f6rile pisut dramaatilisust. Kasuta seda tapeeti interj\u00f6\u00f6ri \u00fchel seinal, olgu selleks avalik ruum nagu hotell, kontor, butiik v\u00f5i hoopis Sinu enda P\u00f5hjamaine kodu.<\/p>\n<p>Tapeedikollektsiooni \u201c<a href=\"https:\/\/baubauwall.com\/et\/tootekategooria\/tapeedi-kollektsioonid\/metsik-tint-tapeedid\/\"><strong>Metsik tint<\/strong><\/a>\u201d idee ja disainid on loodud\u00a0<strong>Triinu Silla<\/strong>\u00a0reisim\u00e4lestustest suvises P\u00f5hja-Soomes ja Norras. K\u00e4sitsi valmistatud pintslite ja hoolikalt valitud tintidega maalis ta kogetu tapeetidele. Need autentsust t\u00e4is pilttapeedid on loodud muutma seinad lugudeks. Ideaalne valik julgesesse interj\u00f6\u00f6ri \u2013 olgu selleks\u00a0 kodu v\u00f5i avalik ruum.<\/p>\n<p><strong>Miks valida pilttapeet Baubauwallist? Sest me teeme tapeedi valimise, ostmise ja paigalduse lihtsaks.\u00a0<\/strong><\/p>\n<ul>\n<li>Eesti disain, Eesti ettev\u00f5te<\/li>\n<li>Tr\u00fckime t\u00e4pselt Sinu seina m\u00f5\u00f5dus tapeedi<\/li>\n<li>Just nii pikad tapeedipaanid, kui on Sinu sein<\/li>\n<li>Premium, matt fliistapeedi materjal, 100% taaskasutatud kiust<\/li>\n<li>M\u00fcrgivabad tr\u00fckiv\u00e4rvid, Greenguard sertifitseeritud<\/li>\n<li>Keskkonnas\u00f5bralik, j\u00e4\u00e4tmevaba tapeetimine<\/li>\n<li>Tasuta tapeediliim<\/li>\n<li>Tasuta transport ja kiire tarne 5 t\u00f6\u00f6p\u00e4evaga<\/li>\n<\/ul>\n<p>Loe l\u00e4hemalt nutikatest, eritellimust\u00f6\u00f6na valmivatest tapeetidest\u00a0<a href=\"https:\/\/baubauwall.com\/et\/keskkonnasobralikud-tapeedid\/\">siit.<\/a><\/p>\n","protected":false},"excerpt":{"rendered":"<p>Tapeet, mis on julge, abstraktne ja kompromissitult P\u00f5hjamaine. Tindi triloogia: \u00fcks on esimene (tapeedi) peat\u00fckk Metsik Tint tapeedikollektsioonist, kus looduse kohtub&#8230;tindi ja pintslitega! Inspireeritud Skandinaavia metsikutest maastikest, j\u00e4\u00e4dvustab see pilttapeet looduse kontrastid \u2013 s\u00fcgav sinised veed ja l\u00f5putute suve\u00f6\u00f6de kirkad toonid. Selle pilttapeedi iga pintslit\u00f5mme jutustab justkui oma loo. S\u00fcgavsiniste ja valgete tintide m\u00e4ng loob [&hellip;]<\/p>\n","protected":false},"featured_media":40224,"comment_status":"open","ping_status":"closed","template":"","meta":{"_acf_changed":false,"inline_featured_image":false},"product_brand":[],"product_cat":[748,387,622,404,396,267,270,752,413,414,399,402,699,254],"product_tag":[695,320,750,345,381],"class_list":{"0":"post-39599","1":"product","2":"type-product","3":"status-publish","4":"has-post-thumbnail","6":"product_cat-metsik-tint-tapeedid","7":"product_cat-pilttapeedid","8":"product_cat-julged-tapeedid","9":"product_cat-abstraktne","10":"product_cat-skandinaavia","11":"product_cat-sinised-tapeedid","12":"product_cat-tumedad-tapeedid","13":"product_cat-avalik-ruum","14":"product_cat-magamistoa-tapeedid","15":"product_cat-soogitoa-tapeedid","16":"product_cat-kodukontori-tapeedid","17":"product_cat-elutoa-tapeedid","18":"product_cat-eesti-disain-tapeedid","19":"product_cat-loodus","20":"product_tag-eesti-disain-tapeedid","21":"product_tag-kasitoo","22":"product_tag-metsik-tint","23":"product_tag-pilttapeet","24":"product_tag-vesivarv","25":"pa_designedby-triinu-silla","27":"first","28":"instock","29":"taxable","30":"shipping-taxable","31":"purchasable","32":"product-type-simple"},"acf":[],"yoast_head":"<!-- This site is optimized with the Yoast SEO plugin v25.9 - https:\/\/yoast.com\/wordpress\/plugins\/seo\/ -->\n<title>Disaintapeet sinistes toonides - Tindi triloogia: \u00fcks<\/title>\n<meta name=\"description\" content=\"Efektne, abstraktse disainiga pilttapeet Tindi triloogia. Sinine pilttapeet, mis sobib avaliku ruumi kui kodu seinale. Tapeedid just sinu seina suuruses\" \/>\n<meta name=\"robots\" content=\"index, follow, max-snippet:-1, max-image-preview:large, max-video-preview:-1\" \/>\n<link rel=\"canonical\" href=\"https:\/\/baubauwall.com\/et\/toode\/pilttapeet-tindi-triloogia-uks\/\" \/>\n<meta property=\"og:locale\" content=\"et_EE\" \/>\n<meta property=\"og:type\" content=\"article\" \/>\n<meta property=\"og:title\" content=\"BAUBAUWALL TAPEEDID\" \/>\n<meta property=\"og:description\" content=\"Efektne, abstraktse disainiga pilttapeet Tindi triloogia. Sinine pilttapeet, mis sobib avaliku ruumi kui kodu seinale. Tapeedid just sinu seina suuruses\" \/>\n<meta property=\"og:url\" content=\"https:\/\/baubauwall.com\/et\/toode\/pilttapeet-tindi-triloogia-uks\/\" \/>\n<meta property=\"og:site_name\" content=\"BAUBAUWALL TAPEEDID\" \/>\n<meta property=\"article:publisher\" content=\"https:\/\/www.facebook.com\/Baubauwall\" \/>\n<meta property=\"article:modified_time\" content=\"2025-07-31T09:14:56+00:00\" \/>\n<meta property=\"og:image\" content=\"https:\/\/baubauwall.com\/wp-content\/uploads\/2022\/11\/51200434_InkTrilogyOne_Baubauwall_Wall_Mural_wallpaper-room1.jpg\" \/>\n\t<meta property=\"og:image:width\" content=\"1439\" \/>\n\t<meta property=\"og:image:height\" content=\"1009\" \/>\n\t<meta property=\"og:image:type\" content=\"image\/jpeg\" \/>\n<meta name=\"twitter:card\" content=\"summary_large_image\" \/>\n<meta name=\"twitter:label1\" content=\"Est. reading time\" \/>\n\t<meta name=\"twitter:data1\" content=\"2 minutit\" \/>\n<script type=\"application\/ld+json\" class=\"yoast-schema-graph\">{\"@context\":\"https:\/\/schema.org\",\"@graph\":[{\"@type\":\"WebPage\",\"@id\":\"https:\/\/baubauwall.com\/et\/toode\/pilttapeet-tindi-triloogia-uks\/\",\"url\":\"https:\/\/baubauwall.com\/et\/toode\/pilttapeet-tindi-triloogia-uks\/\",\"name\":\"Disaintapeet sinistes toonides - Tindi triloogia: \u00fcks\",\"isPartOf\":{\"@id\":\"https:\/\/baubauwall.com\/et\/#website\"},\"primaryImageOfPage\":{\"@id\":\"https:\/\/baubauwall.com\/et\/toode\/pilttapeet-tindi-triloogia-uks\/#primaryimage\"},\"image\":{\"@id\":\"https:\/\/baubauwall.com\/et\/toode\/pilttapeet-tindi-triloogia-uks\/#primaryimage\"},\"thumbnailUrl\":\"https:\/\/baubauwall.com\/wp-content\/uploads\/2024\/11\/51200434_InkTrilogyOne_Baubauwall_Wall_Mural_wallpaper-room3.jpg\",\"datePublished\":\"2024-11-26T08:00:30+00:00\",\"dateModified\":\"2025-07-31T09:14:56+00:00\",\"description\":\"Efektne, abstraktse disainiga pilttapeet Tindi triloogia. Sinine pilttapeet, mis sobib avaliku ruumi kui kodu seinale. Tapeedid just sinu seina suuruses\",\"breadcrumb\":{\"@id\":\"https:\/\/baubauwall.com\/et\/toode\/pilttapeet-tindi-triloogia-uks\/#breadcrumb\"},\"inLanguage\":\"et\",\"potentialAction\":[{\"@type\":\"ReadAction\",\"target\":[\"https:\/\/baubauwall.com\/et\/toode\/pilttapeet-tindi-triloogia-uks\/\"]}]},{\"@type\":\"ImageObject\",\"inLanguage\":\"et\",\"@id\":\"https:\/\/baubauwall.com\/et\/toode\/pilttapeet-tindi-triloogia-uks\/#primaryimage\",\"url\":\"https:\/\/baubauwall.com\/wp-content\/uploads\/2024\/11\/51200434_InkTrilogyOne_Baubauwall_Wall_Mural_wallpaper-room3.jpg\",\"contentUrl\":\"https:\/\/baubauwall.com\/wp-content\/uploads\/2024\/11\/51200434_InkTrilogyOne_Baubauwall_Wall_Mural_wallpaper-room3.jpg\",\"width\":975,\"height\":549,\"caption\":\"Blue, abstract mural wallpaper\"},{\"@type\":\"BreadcrumbList\",\"@id\":\"https:\/\/baubauwall.com\/et\/toode\/pilttapeet-tindi-triloogia-uks\/#breadcrumb\",\"itemListElement\":[{\"@type\":\"ListItem\",\"position\":1,\"name\":\"Koju\",\"item\":\"https:\/\/baubauwall.com\/et\/\"},{\"@type\":\"ListItem\",\"position\":2,\"name\":\"Tapeedid\",\"item\":\"https:\/\/baubauwall.com\/et\/tapeedid\/\"},{\"@type\":\"ListItem\",\"position\":3,\"name\":\"Tindi triloogia: \u00fcks\"}]},{\"@type\":\"WebSite\",\"@id\":\"https:\/\/baubauwall.com\/et\/#website\",\"url\":\"https:\/\/baubauwall.com\/et\/\",\"name\":\"BAUBAUWALL Wallpapers\",\"description\":\"Valmis paanides tapeet Eestist!\",\"publisher\":{\"@id\":\"https:\/\/baubauwall.com\/et\/#organization\"},\"potentialAction\":[{\"@type\":\"SearchAction\",\"target\":{\"@type\":\"EntryPoint\",\"urlTemplate\":\"https:\/\/baubauwall.com\/et\/?s={search_term_string}\"},\"query-input\":{\"@type\":\"PropertyValueSpecification\",\"valueRequired\":true,\"valueName\":\"search_term_string\"}}],\"inLanguage\":\"et\"},{\"@type\":\"Organization\",\"@id\":\"https:\/\/baubauwall.com\/et\/#organization\",\"name\":\"BAUBAUWALL Wallpapers\",\"url\":\"https:\/\/baubauwall.com\/et\/\",\"logo\":{\"@type\":\"ImageObject\",\"inLanguage\":\"et\",\"@id\":\"https:\/\/baubauwall.com\/et\/#\/schema\/logo\/image\/\",\"url\":\"https:\/\/baubauwall.com\/wp-content\/uploads\/2022\/03\/logo-horizontal.svg\",\"contentUrl\":\"https:\/\/baubauwall.com\/wp-content\/uploads\/2022\/03\/logo-horizontal.svg\",\"width\":\"1024\",\"height\":\"1024\",\"caption\":\"BAUBAUWALL Wallpapers\"},\"image\":{\"@id\":\"https:\/\/baubauwall.com\/et\/#\/schema\/logo\/image\/\"},\"sameAs\":[\"https:\/\/www.facebook.com\/Baubauwall\",\"https:\/\/www.instagram.com\/baubauwall\"]}]}<\/script>\n<!-- \/ Yoast SEO plugin. -->","yoast_head_json":{"title":"Disaintapeet sinistes toonides - Tindi triloogia: \u00fcks","description":"Efektne, abstraktse disainiga pilttapeet Tindi triloogia. Sinine pilttapeet, mis sobib avaliku ruumi kui kodu seinale. Tapeedid just sinu seina suuruses","robots":{"index":"index","follow":"follow","max-snippet":"max-snippet:-1","max-image-preview":"max-image-preview:large","max-video-preview":"max-video-preview:-1"},"canonical":"https:\/\/baubauwall.com\/et\/toode\/pilttapeet-tindi-triloogia-uks\/","og_locale":"et_EE","og_type":"article","og_title":"BAUBAUWALL TAPEEDID","og_description":"Efektne, abstraktse disainiga pilttapeet Tindi triloogia. Sinine pilttapeet, mis sobib avaliku ruumi kui kodu seinale. Tapeedid just sinu seina suuruses","og_url":"https:\/\/baubauwall.com\/et\/toode\/pilttapeet-tindi-triloogia-uks\/","og_site_name":"BAUBAUWALL TAPEEDID","article_publisher":"https:\/\/www.facebook.com\/Baubauwall","article_modified_time":"2025-07-31T09:14:56+00:00","og_image":[{"width":1439,"height":1009,"url":"https:\/\/baubauwall.com\/wp-content\/uploads\/2022\/11\/51200434_InkTrilogyOne_Baubauwall_Wall_Mural_wallpaper-room1.jpg","type":"image\/jpeg"}],"twitter_card":"summary_large_image","twitter_misc":{"Est. reading time":"2 minutit"},"schema":{"@context":"https:\/\/schema.org","@graph":[{"@type":"WebPage","@id":"https:\/\/baubauwall.com\/et\/toode\/pilttapeet-tindi-triloogia-uks\/","url":"https:\/\/baubauwall.com\/et\/toode\/pilttapeet-tindi-triloogia-uks\/","name":"Disaintapeet sinistes toonides - Tindi triloogia: \u00fcks","isPartOf":{"@id":"https:\/\/baubauwall.com\/et\/#website"},"primaryImageOfPage":{"@id":"https:\/\/baubauwall.com\/et\/toode\/pilttapeet-tindi-triloogia-uks\/#primaryimage"},"image":{"@id":"https:\/\/baubauwall.com\/et\/toode\/pilttapeet-tindi-triloogia-uks\/#primaryimage"},"thumbnailUrl":"https:\/\/baubauwall.com\/wp-content\/uploads\/2024\/11\/51200434_InkTrilogyOne_Baubauwall_Wall_Mural_wallpaper-room3.jpg","datePublished":"2024-11-26T08:00:30+00:00","dateModified":"2025-07-31T09:14:56+00:00","description":"Efektne, abstraktse disainiga pilttapeet Tindi triloogia. Sinine pilttapeet, mis sobib avaliku ruumi kui kodu seinale. Tapeedid just sinu seina suuruses","breadcrumb":{"@id":"https:\/\/baubauwall.com\/et\/toode\/pilttapeet-tindi-triloogia-uks\/#breadcrumb"},"inLanguage":"et","potentialAction":[{"@type":"ReadAction","target":["https:\/\/baubauwall.com\/et\/toode\/pilttapeet-tindi-triloogia-uks\/"]}]},{"@type":"ImageObject","inLanguage":"et","@id":"https:\/\/baubauwall.com\/et\/toode\/pilttapeet-tindi-triloogia-uks\/#primaryimage","url":"https:\/\/baubauwall.com\/wp-content\/uploads\/2024\/11\/51200434_InkTrilogyOne_Baubauwall_Wall_Mural_wallpaper-room3.jpg","contentUrl":"https:\/\/baubauwall.com\/wp-content\/uploads\/2024\/11\/51200434_InkTrilogyOne_Baubauwall_Wall_Mural_wallpaper-room3.jpg","width":975,"height":549,"caption":"Blue, abstract mural wallpaper"},{"@type":"BreadcrumbList","@id":"https:\/\/baubauwall.com\/et\/toode\/pilttapeet-tindi-triloogia-uks\/#breadcrumb","itemListElement":[{"@type":"ListItem","position":1,"name":"Koju","item":"https:\/\/baubauwall.com\/et\/"},{"@type":"ListItem","position":2,"name":"Tapeedid","item":"https:\/\/baubauwall.com\/et\/tapeedid\/"},{"@type":"ListItem","position":3,"name":"Tindi triloogia: \u00fcks"}]},{"@type":"WebSite","@id":"https:\/\/baubauwall.com\/et\/#website","url":"https:\/\/baubauwall.com\/et\/","name":"BAUBAUWALL Wallpapers","description":"Valmis paanides tapeet Eestist!","publisher":{"@id":"https:\/\/baubauwall.com\/et\/#organization"},"potentialAction":[{"@type":"SearchAction","target":{"@type":"EntryPoint","urlTemplate":"https:\/\/baubauwall.com\/et\/?s={search_term_string}"},"query-input":{"@type":"PropertyValueSpecification","valueRequired":true,"valueName":"search_term_string"}}],"inLanguage":"et"},{"@type":"Organization","@id":"https:\/\/baubauwall.com\/et\/#organization","name":"BAUBAUWALL Wallpapers","url":"https:\/\/baubauwall.com\/et\/","logo":{"@type":"ImageObject","inLanguage":"et","@id":"https:\/\/baubauwall.com\/et\/#\/schema\/logo\/image\/","url":"https:\/\/baubauwall.com\/wp-content\/uploads\/2022\/03\/logo-horizontal.svg","contentUrl":"https:\/\/baubauwall.com\/wp-content\/uploads\/2022\/03\/logo-horizontal.svg","width":"1024","height":"1024","caption":"BAUBAUWALL Wallpapers"},"image":{"@id":"https:\/\/baubauwall.com\/et\/#\/schema\/logo\/image\/"},"sameAs":["https:\/\/www.facebook.com\/Baubauwall","https:\/\/www.instagram.com\/baubauwall"]}]}},"jetpack_sharing_enabled":true,"_links":{"self":[{"href":"https:\/\/baubauwall.com\/et\/wp-json\/wp\/v2\/product\/39599","targetHints":{"allow":["GET"]}}],"collection":[{"href":"https:\/\/baubauwall.com\/et\/wp-json\/wp\/v2\/product"}],"about":[{"href":"https:\/\/baubauwall.com\/et\/wp-json\/wp\/v2\/types\/product"}],"replies":[{"embeddable":true,"href":"https:\/\/baubauwall.com\/et\/wp-json\/wp\/v2\/comments?post=39599"}],"wp:featuredmedia":[{"embeddable":true,"href":"https:\/\/baubauwall.com\/et\/wp-json\/wp\/v2\/media\/40224"}],"wp:attachment":[{"href":"https:\/\/baubauwall.com\/et\/wp-json\/wp\/v2\/media?parent=39599"}],"wp:term":[{"taxonomy":"product_brand","embeddable":true,"href":"https:\/\/baubauwall.com\/et\/wp-json\/wp\/v2\/product_brand?post=39599"},{"taxonomy":"product_cat","embeddable":true,"href":"https:\/\/baubauwall.com\/et\/wp-json\/wp\/v2\/product_cat?post=39599"},{"taxonomy":"product_tag","embeddable":true,"href":"https:\/\/baubauwall.com\/et\/wp-json\/wp\/v2\/product_tag?post=39599"}],"curies":[{"name":"wp","href":"https:\/\/api.w.org\/{rel}","templated":true}]}}