{"id":39660,"date":"2024-11-25T21:00:30","date_gmt":"2024-11-25T19:00:30","guid":{"rendered":"https:\/\/baubauwall.com\/?post_type=product&#038;p=39660"},"modified":"2024-12-19T14:04:38","modified_gmt":"2024-12-19T12:04:38","slug":"pilttapeet-jaatunud-summeetria","status":"publish","type":"product","link":"https:\/\/baubauwall.com\/et\/toode\/pilttapeet-jaatunud-summeetria\/","title":{"rendered":"J\u00e4\u00e4tunud s\u00fcmmeetria"},"content":{"rendered":"<p>Imeline pilttapeet, mis \u00fchendab struktuuri ja pehmuse. &#8220;J\u00e4\u00e4tunud s\u00fcmmeetria&#8221; pilttapeet toob interj\u00f6\u00f6ri karged sinised toonid ja geomeetrilised mustrid, mis loovad iseloomuka ja pilkup\u00fc\u00fcdva disaini. K\u00fclm, aga mitte kuidagi igav sinine v\u00e4rvipalett loob rahuliku atmosf\u00e4\u00e4ri. Tapeedi disain detailirohke, millelt avastad kogu aeg uusi n\u00fcansse ja t\u00f5lgendusi. Kasuta seda tapeeti avaliku ruumi v\u00f5i kodu interj\u00f6\u00f6ri aktsentseinal ning sobita juurde tumesinised v\u00f5i valged tekstiilid.<\/p>\n<p>Tapeedikollektsiooni \u201c<a href=\"https:\/\/baubauwall.com\/et\/tootekategooria\/tapeedi-kollektsioonid\/metsik-tint-tapeedid\/\"><strong>Metsik tint<\/strong><\/a>\u201d idee ja disainid on loodud\u00a0<strong>Triinu Silla<\/strong>\u00a0reisim\u00e4lestustest suvises P\u00f5hja-Soomes ja Norras. K\u00e4sitsi valmistatud pintslite ja hoolikalt valitud tintidega maalis ta kogetu tapeetidele. Need autentsust t\u00e4is pilttapeedid on loodud muutma seinad lugudeks. Ideaalne valik julgesesse interj\u00f6\u00f6ri \u2013 olgu selleks\u00a0 kodu v\u00f5i avalik ruum.<\/p>\n<p><strong>Miks valida pilttapeet Baubauwallist? Sest me teeme tapeedi valimise, ostmise ja paigalduse lihtsaks.\u00a0<\/strong><\/p>\n<ul>\n<li>Eesti disain, Eesti ettev\u00f5te<\/li>\n<li>Tr\u00fckime t\u00e4pselt Sinu seina m\u00f5\u00f5dus tapeedi<\/li>\n<li>Just nii pikad tapeedipaanid, kui on Sinu sein<\/li>\n<li>Premium, matt fliistapeedi materjal, 100% taaskasutatud kiust<\/li>\n<li>M\u00fcrgivabad tr\u00fckiv\u00e4rvid, Greenguard sertifitseeritud<\/li>\n<li>Keskkonnas\u00f5bralik, j\u00e4\u00e4tmevaba tapeetimine<\/li>\n<li>Tasuta tapeediliim<\/li>\n<li>Tasuta transport ja kiire tarne 5 t\u00f6\u00f6p\u00e4evaga<\/li>\n<\/ul>\n<p>Loe l\u00e4hemalt nutikatest, eritellimust\u00f6\u00f6na valmivatest tapeetidest\u00a0<a href=\"https:\/\/baubauwall.com\/et\/keskkonnasobralikud-tapeedid\/\">siit.<\/a><\/p>\n","protected":false},"excerpt":{"rendered":"<p>Imeline pilttapeet, mis \u00fchendab struktuuri ja pehmuse. &#8220;J\u00e4\u00e4tunud s\u00fcmmeetria&#8221; pilttapeet toob interj\u00f6\u00f6ri karged sinised toonid ja geomeetrilised mustrid, mis loovad iseloomuka ja pilkup\u00fc\u00fcdva disaini. K\u00fclm, aga mitte kuidagi igav sinine v\u00e4rvipalett loob rahuliku atmosf\u00e4\u00e4ri. Tapeedi disain detailirohke, millelt avastad kogu aeg uusi n\u00fcansse ja t\u00f5lgendusi. Kasuta seda tapeeti avaliku ruumi v\u00f5i kodu interj\u00f6\u00f6ri aktsentseinal ning [&hellip;]<\/p>\n","protected":false},"featured_media":39657,"comment_status":"open","ping_status":"closed","template":"","meta":{"_acf_changed":false,"inline_featured_image":false},"product_brand":[],"product_cat":[748,387,622,404,396,264,267,752,413,414,416,402,699],"product_tag":[320,750,345],"class_list":{"0":"post-39660","1":"product","2":"type-product","3":"status-publish","4":"has-post-thumbnail","6":"product_cat-metsik-tint-tapeedid","7":"product_cat-pilttapeedid","8":"product_cat-julged-tapeedid","9":"product_cat-abstraktne","10":"product_cat-skandinaavia","11":"product_cat-varv","12":"product_cat-sinised-tapeedid","13":"product_cat-avalik-ruum","14":"product_cat-magamistoa-tapeedid","15":"product_cat-soogitoa-tapeedid","16":"product_cat-esiku-tapeedid","17":"product_cat-elutoa-tapeedid","18":"product_cat-eesti-disain-tapeedid","19":"product_tag-kasitoo","20":"product_tag-metsik-tint","21":"product_tag-pilttapeet","22":"pa_designedby-triinu-silla","24":"first","25":"instock","26":"taxable","27":"shipping-taxable","28":"purchasable","29":"product-type-simple"},"acf":[],"yoast_head":"<!-- This site is optimized with the Yoast SEO plugin v25.9 - https:\/\/yoast.com\/wordpress\/plugins\/seo\/ -->\n<title>J\u00e4\u00e4tunud s\u00fcmmeetria - tapeet avalikku ruumi ja koju<\/title>\n<meta name=\"description\" content=\"Sinine, abstraktne disaintapeet Metsik tint tapeedikollektsioonis. Pilttapeet, mis sobib avalikku ruumi kui ka koju. Tapeedid sinu seina m\u00f5\u00f5dus.\" \/>\n<meta name=\"robots\" content=\"index, follow, max-snippet:-1, max-image-preview:large, max-video-preview:-1\" \/>\n<link rel=\"canonical\" href=\"https:\/\/baubauwall.com\/et\/toode\/pilttapeet-jaatunud-summeetria\/\" \/>\n<meta property=\"og:locale\" content=\"et_EE\" \/>\n<meta property=\"og:type\" content=\"article\" \/>\n<meta property=\"og:title\" content=\"J\u00e4\u00e4tunud s\u00fcmmeetria\" \/>\n<meta property=\"og:description\" content=\"BAUBAUWALL TAPEEDID\" \/>\n<meta property=\"og:url\" content=\"https:\/\/baubauwall.com\/et\/toode\/pilttapeet-jaatunud-summeetria\/\" \/>\n<meta property=\"og:site_name\" content=\"BAUBAUWALL TAPEEDID\" \/>\n<meta property=\"article:publisher\" content=\"https:\/\/www.facebook.com\/Baubauwall\" \/>\n<meta property=\"article:modified_time\" content=\"2024-12-19T12:04:38+00:00\" \/>\n<meta property=\"og:image\" content=\"https:\/\/baubauwall.com\/wp-content\/uploads\/2022\/11\/51200437_FrozenSymmetry_Baubauwall_Wall_Mural_preview.jpg\" \/>\n\t<meta property=\"og:image:width\" content=\"1600\" \/>\n\t<meta property=\"og:image:height\" content=\"800\" \/>\n\t<meta property=\"og:image:type\" content=\"image\/jpeg\" \/>\n<meta name=\"twitter:card\" content=\"summary_large_image\" \/>\n<meta name=\"twitter:label1\" content=\"Est. reading time\" \/>\n\t<meta name=\"twitter:data1\" content=\"1 minut\" \/>\n<script type=\"application\/ld+json\" class=\"yoast-schema-graph\">{\"@context\":\"https:\/\/schema.org\",\"@graph\":[{\"@type\":\"WebPage\",\"@id\":\"https:\/\/baubauwall.com\/et\/toode\/pilttapeet-jaatunud-summeetria\/\",\"url\":\"https:\/\/baubauwall.com\/et\/toode\/pilttapeet-jaatunud-summeetria\/\",\"name\":\"J\u00e4\u00e4tunud s\u00fcmmeetria - tapeet avalikku ruumi ja koju\",\"isPartOf\":{\"@id\":\"https:\/\/baubauwall.com\/et\/#website\"},\"primaryImageOfPage\":{\"@id\":\"https:\/\/baubauwall.com\/et\/toode\/pilttapeet-jaatunud-summeetria\/#primaryimage\"},\"image\":{\"@id\":\"https:\/\/baubauwall.com\/et\/toode\/pilttapeet-jaatunud-summeetria\/#primaryimage\"},\"thumbnailUrl\":\"https:\/\/baubauwall.com\/wp-content\/uploads\/2022\/11\/51200437_FrozenSymmetry_Baubauwall_Wall_Mural_preview.jpg\",\"datePublished\":\"2024-11-25T19:00:30+00:00\",\"dateModified\":\"2024-12-19T12:04:38+00:00\",\"description\":\"Sinine, abstraktne disaintapeet Metsik tint tapeedikollektsioonis. Pilttapeet, mis sobib avalikku ruumi kui ka koju. Tapeedid sinu seina m\u00f5\u00f5dus.\",\"breadcrumb\":{\"@id\":\"https:\/\/baubauwall.com\/et\/toode\/pilttapeet-jaatunud-summeetria\/#breadcrumb\"},\"inLanguage\":\"et\",\"potentialAction\":[{\"@type\":\"ReadAction\",\"target\":[\"https:\/\/baubauwall.com\/et\/toode\/pilttapeet-jaatunud-summeetria\/\"]}]},{\"@type\":\"ImageObject\",\"inLanguage\":\"et\",\"@id\":\"https:\/\/baubauwall.com\/et\/toode\/pilttapeet-jaatunud-summeetria\/#primaryimage\",\"url\":\"https:\/\/baubauwall.com\/wp-content\/uploads\/2022\/11\/51200437_FrozenSymmetry_Baubauwall_Wall_Mural_preview.jpg\",\"contentUrl\":\"https:\/\/baubauwall.com\/wp-content\/uploads\/2022\/11\/51200437_FrozenSymmetry_Baubauwall_Wall_Mural_preview.jpg\",\"width\":1600,\"height\":800},{\"@type\":\"BreadcrumbList\",\"@id\":\"https:\/\/baubauwall.com\/et\/toode\/pilttapeet-jaatunud-summeetria\/#breadcrumb\",\"itemListElement\":[{\"@type\":\"ListItem\",\"position\":1,\"name\":\"Koju\",\"item\":\"https:\/\/baubauwall.com\/et\/\"},{\"@type\":\"ListItem\",\"position\":2,\"name\":\"Tapeedid\",\"item\":\"https:\/\/baubauwall.com\/et\/tapeedid\/\"},{\"@type\":\"ListItem\",\"position\":3,\"name\":\"J\u00e4\u00e4tunud s\u00fcmmeetria\"}]},{\"@type\":\"WebSite\",\"@id\":\"https:\/\/baubauwall.com\/et\/#website\",\"url\":\"https:\/\/baubauwall.com\/et\/\",\"name\":\"BAUBAUWALL Wallpapers\",\"description\":\"Valmis paanides tapeet Eestist!\",\"publisher\":{\"@id\":\"https:\/\/baubauwall.com\/et\/#organization\"},\"potentialAction\":[{\"@type\":\"SearchAction\",\"target\":{\"@type\":\"EntryPoint\",\"urlTemplate\":\"https:\/\/baubauwall.com\/et\/?s={search_term_string}\"},\"query-input\":{\"@type\":\"PropertyValueSpecification\",\"valueRequired\":true,\"valueName\":\"search_term_string\"}}],\"inLanguage\":\"et\"},{\"@type\":\"Organization\",\"@id\":\"https:\/\/baubauwall.com\/et\/#organization\",\"name\":\"BAUBAUWALL Wallpapers\",\"url\":\"https:\/\/baubauwall.com\/et\/\",\"logo\":{\"@type\":\"ImageObject\",\"inLanguage\":\"et\",\"@id\":\"https:\/\/baubauwall.com\/et\/#\/schema\/logo\/image\/\",\"url\":\"https:\/\/baubauwall.com\/wp-content\/uploads\/2022\/03\/logo-horizontal.svg\",\"contentUrl\":\"https:\/\/baubauwall.com\/wp-content\/uploads\/2022\/03\/logo-horizontal.svg\",\"width\":\"1024\",\"height\":\"1024\",\"caption\":\"BAUBAUWALL Wallpapers\"},\"image\":{\"@id\":\"https:\/\/baubauwall.com\/et\/#\/schema\/logo\/image\/\"},\"sameAs\":[\"https:\/\/www.facebook.com\/Baubauwall\",\"https:\/\/www.instagram.com\/baubauwall\"]}]}<\/script>\n<!-- \/ Yoast SEO plugin. -->","yoast_head_json":{"title":"J\u00e4\u00e4tunud s\u00fcmmeetria - tapeet avalikku ruumi ja koju","description":"Sinine, abstraktne disaintapeet Metsik tint tapeedikollektsioonis. Pilttapeet, mis sobib avalikku ruumi kui ka koju. Tapeedid sinu seina m\u00f5\u00f5dus.","robots":{"index":"index","follow":"follow","max-snippet":"max-snippet:-1","max-image-preview":"max-image-preview:large","max-video-preview":"max-video-preview:-1"},"canonical":"https:\/\/baubauwall.com\/et\/toode\/pilttapeet-jaatunud-summeetria\/","og_locale":"et_EE","og_type":"article","og_title":"J\u00e4\u00e4tunud s\u00fcmmeetria","og_description":"BAUBAUWALL TAPEEDID","og_url":"https:\/\/baubauwall.com\/et\/toode\/pilttapeet-jaatunud-summeetria\/","og_site_name":"BAUBAUWALL TAPEEDID","article_publisher":"https:\/\/www.facebook.com\/Baubauwall","article_modified_time":"2024-12-19T12:04:38+00:00","og_image":[{"width":1600,"height":800,"url":"https:\/\/baubauwall.com\/wp-content\/uploads\/2022\/11\/51200437_FrozenSymmetry_Baubauwall_Wall_Mural_preview.jpg","type":"image\/jpeg"}],"twitter_card":"summary_large_image","twitter_misc":{"Est. reading time":"1 minut"},"schema":{"@context":"https:\/\/schema.org","@graph":[{"@type":"WebPage","@id":"https:\/\/baubauwall.com\/et\/toode\/pilttapeet-jaatunud-summeetria\/","url":"https:\/\/baubauwall.com\/et\/toode\/pilttapeet-jaatunud-summeetria\/","name":"J\u00e4\u00e4tunud s\u00fcmmeetria - tapeet avalikku ruumi ja koju","isPartOf":{"@id":"https:\/\/baubauwall.com\/et\/#website"},"primaryImageOfPage":{"@id":"https:\/\/baubauwall.com\/et\/toode\/pilttapeet-jaatunud-summeetria\/#primaryimage"},"image":{"@id":"https:\/\/baubauwall.com\/et\/toode\/pilttapeet-jaatunud-summeetria\/#primaryimage"},"thumbnailUrl":"https:\/\/baubauwall.com\/wp-content\/uploads\/2022\/11\/51200437_FrozenSymmetry_Baubauwall_Wall_Mural_preview.jpg","datePublished":"2024-11-25T19:00:30+00:00","dateModified":"2024-12-19T12:04:38+00:00","description":"Sinine, abstraktne disaintapeet Metsik tint tapeedikollektsioonis. Pilttapeet, mis sobib avalikku ruumi kui ka koju. Tapeedid sinu seina m\u00f5\u00f5dus.","breadcrumb":{"@id":"https:\/\/baubauwall.com\/et\/toode\/pilttapeet-jaatunud-summeetria\/#breadcrumb"},"inLanguage":"et","potentialAction":[{"@type":"ReadAction","target":["https:\/\/baubauwall.com\/et\/toode\/pilttapeet-jaatunud-summeetria\/"]}]},{"@type":"ImageObject","inLanguage":"et","@id":"https:\/\/baubauwall.com\/et\/toode\/pilttapeet-jaatunud-summeetria\/#primaryimage","url":"https:\/\/baubauwall.com\/wp-content\/uploads\/2022\/11\/51200437_FrozenSymmetry_Baubauwall_Wall_Mural_preview.jpg","contentUrl":"https:\/\/baubauwall.com\/wp-content\/uploads\/2022\/11\/51200437_FrozenSymmetry_Baubauwall_Wall_Mural_preview.jpg","width":1600,"height":800},{"@type":"BreadcrumbList","@id":"https:\/\/baubauwall.com\/et\/toode\/pilttapeet-jaatunud-summeetria\/#breadcrumb","itemListElement":[{"@type":"ListItem","position":1,"name":"Koju","item":"https:\/\/baubauwall.com\/et\/"},{"@type":"ListItem","position":2,"name":"Tapeedid","item":"https:\/\/baubauwall.com\/et\/tapeedid\/"},{"@type":"ListItem","position":3,"name":"J\u00e4\u00e4tunud s\u00fcmmeetria"}]},{"@type":"WebSite","@id":"https:\/\/baubauwall.com\/et\/#website","url":"https:\/\/baubauwall.com\/et\/","name":"BAUBAUWALL Wallpapers","description":"Valmis paanides tapeet Eestist!","publisher":{"@id":"https:\/\/baubauwall.com\/et\/#organization"},"potentialAction":[{"@type":"SearchAction","target":{"@type":"EntryPoint","urlTemplate":"https:\/\/baubauwall.com\/et\/?s={search_term_string}"},"query-input":{"@type":"PropertyValueSpecification","valueRequired":true,"valueName":"search_term_string"}}],"inLanguage":"et"},{"@type":"Organization","@id":"https:\/\/baubauwall.com\/et\/#organization","name":"BAUBAUWALL Wallpapers","url":"https:\/\/baubauwall.com\/et\/","logo":{"@type":"ImageObject","inLanguage":"et","@id":"https:\/\/baubauwall.com\/et\/#\/schema\/logo\/image\/","url":"https:\/\/baubauwall.com\/wp-content\/uploads\/2022\/03\/logo-horizontal.svg","contentUrl":"https:\/\/baubauwall.com\/wp-content\/uploads\/2022\/03\/logo-horizontal.svg","width":"1024","height":"1024","caption":"BAUBAUWALL Wallpapers"},"image":{"@id":"https:\/\/baubauwall.com\/et\/#\/schema\/logo\/image\/"},"sameAs":["https:\/\/www.facebook.com\/Baubauwall","https:\/\/www.instagram.com\/baubauwall"]}]}},"jetpack_sharing_enabled":true,"_links":{"self":[{"href":"https:\/\/baubauwall.com\/et\/wp-json\/wp\/v2\/product\/39660","targetHints":{"allow":["GET"]}}],"collection":[{"href":"https:\/\/baubauwall.com\/et\/wp-json\/wp\/v2\/product"}],"about":[{"href":"https:\/\/baubauwall.com\/et\/wp-json\/wp\/v2\/types\/product"}],"replies":[{"embeddable":true,"href":"https:\/\/baubauwall.com\/et\/wp-json\/wp\/v2\/comments?post=39660"}],"wp:featuredmedia":[{"embeddable":true,"href":"https:\/\/baubauwall.com\/et\/wp-json\/wp\/v2\/media\/39657"}],"wp:attachment":[{"href":"https:\/\/baubauwall.com\/et\/wp-json\/wp\/v2\/media?parent=39660"}],"wp:term":[{"taxonomy":"product_brand","embeddable":true,"href":"https:\/\/baubauwall.com\/et\/wp-json\/wp\/v2\/product_brand?post=39660"},{"taxonomy":"product_cat","embeddable":true,"href":"https:\/\/baubauwall.com\/et\/wp-json\/wp\/v2\/product_cat?post=39660"},{"taxonomy":"product_tag","embeddable":true,"href":"https:\/\/baubauwall.com\/et\/wp-json\/wp\/v2\/product_tag?post=39660"}],"curies":[{"name":"wp","href":"https:\/\/api.w.org\/{rel}","templated":true}]}}