{"id":39714,"date":"2024-11-25T17:00:31","date_gmt":"2024-11-25T15:00:31","guid":{"rendered":"https:\/\/baubauwall.com\/?post_type=product&#038;p=39714"},"modified":"2024-12-19T14:41:32","modified_gmt":"2024-12-19T12:41:32","slug":"pilttapeet-uhutud-kaljud-hall","status":"publish","type":"product","link":"https:\/\/baubauwall.com\/et\/toode\/pilttapeet-uhutud-kaljud-hall\/","title":{"rendered":"Uhutud kaljud \u2013 hall"},"content":{"rendered":"<p>Hall pilttapeet on kui vaikne austusavaldus looduse j\u00f5ule. See tapeet on s\u00fcndinud looduse ja loomingulisuse kohtumisest \u2013 disain on loodud k\u00e4sitsi valmistatud pintslitega ning hoolikalt valitud tintidega. Nii moodustub interj\u00f6\u00f6ri seinal (v\u00f5i ka mitmel) ainulaadne pintslit\u00f5mmete tekstuud ja iseloom. Mahedate hallide toonidega ja abstraktsete, vaba k\u00e4ega maalitud vormidega tapeet meenutab r\u00e4situd rannakaljusid ja nende kohal m\u00e4nglevat valguse-m\u00e4ngu. See disaintapeet sobib looma julget atmosf\u00e4\u00e4ri s\u00f6\u00f6gituppa, elutuppa v\u00f5i avalikku ruumi \u2013 lisades seintele karakterit ja s\u00fcgavust.<\/p>\n<p><a href=\"https:\/\/baubauwall.com\/et\/tootekategooria\/tapeedi-kollektsioonid\/metsik-tint-tapeedid\/\"><strong>\u201cMetsik tint\u201d<\/strong><\/a>\u00a0tapeedikollektsioon on disainer Triinu Silla visuaalne p\u00e4evik suvisest reisist P\u00f5hja-Soome ja Norrasse. Seal, kus fjordid kohtuvad taevaga ja looduse v\u00e4rvid on puutumatud. L\u00f5putu p\u00e4evavalguse all kogutud inspiratsioon ja P\u00f5hjala ilu peegeldub selles tapeedikollektsioonis. Iga tapeedidisain kajastab n\u00e4htut ja kogetut \u2013 tuuliseid rannajooni, rahulikke metsi ja vaikset elu.<\/p>\n<p><strong>Miks valida pilttapeet Baubauwallist? Sest me teeme tapeedi valimise, ostmise ja paigalduse lihtsaks.\u00a0<\/strong><\/p>\n<ul>\n<li>Eesti disain, Eesti ettev\u00f5te<\/li>\n<li>Tr\u00fckime t\u00e4pselt Sinu seina m\u00f5\u00f5dus tapeedi<\/li>\n<li>Just nii pikad tapeedipaanid, kui on Sinu sein<\/li>\n<li>Premium, matt fliistapeedi materjal, 100% taaskasutatud kiust<\/li>\n<li>M\u00fcrgivabad tr\u00fckiv\u00e4rvid, Greenguard sertifitseeritud<\/li>\n<li>Keskkonnas\u00f5bralik, j\u00e4\u00e4tmevaba tapeetimine<\/li>\n<li>Tasuta tapeediliim<\/li>\n<li>Tasuta transport ja kiire tarne 5 t\u00f6\u00f6p\u00e4evaga<\/li>\n<\/ul>\n","protected":false},"excerpt":{"rendered":"<p>Hall pilttapeet on kui vaikne austusavaldus looduse j\u00f5ule. See tapeet on s\u00fcndinud looduse ja loomingulisuse kohtumisest \u2013 disain on loodud k\u00e4sitsi valmistatud pintslitega ning hoolikalt valitud tintidega. Nii moodustub interj\u00f6\u00f6ri seinal (v\u00f5i ka mitmel) ainulaadne pintslit\u00f5mmete tekstuud ja iseloom. Mahedate hallide toonidega ja abstraktsete, vaba k\u00e4ega maalitud vormidega tapeet meenutab r\u00e4situd rannakaljusid ja nende kohal [&hellip;]<\/p>\n","protected":false},"featured_media":40544,"comment_status":"open","ping_status":"closed","template":"","meta":{"_acf_changed":false,"inline_featured_image":false},"product_brand":[],"product_cat":[748,387,622,404,447,396,272,752,413,414,415,416,399,402,699,583],"product_tag":[584,320,750,294,345],"class_list":{"0":"post-39714","1":"product","2":"type-product","3":"status-publish","4":"has-post-thumbnail","6":"product_cat-metsik-tint-tapeedid","7":"product_cat-pilttapeedid","8":"product_cat-julged-tapeedid","9":"product_cat-abstraktne","10":"product_cat-maksimalistlik-et","11":"product_cat-skandinaavia","12":"product_cat-hallid-tapeedid","13":"product_cat-avalik-ruum","14":"product_cat-magamistoa-tapeedid","15":"product_cat-soogitoa-tapeedid","16":"product_cat-kulalistetoa-tapeedid","17":"product_cat-esiku-tapeedid","18":"product_cat-kodukontori-tapeedid","19":"product_cat-elutoa-tapeedid","20":"product_cat-eesti-disain-tapeedid","21":"product_cat-vesivarv","22":"product_tag-boho-et","23":"product_tag-kasitoo","24":"product_tag-metsik-tint","25":"product_tag-mustvalge","26":"product_tag-pilttapeet","27":"pa_designedby-triinu-silla","29":"first","30":"instock","31":"taxable","32":"shipping-taxable","33":"purchasable","34":"product-type-simple"},"acf":[],"yoast_head":"<!-- This site is optimized with the Yoast SEO plugin v25.9 - https:\/\/yoast.com\/wordpress\/plugins\/seo\/ -->\n<title>Hall pilttapeet Uhutud kaljud. Disaintapeet koju v\u00f5i kontori seinale<\/title>\n<meta name=\"description\" content=\"Hall disaintapeet efektse seina loomiseks. K\u00e4sitsi maalitud tapeet vesiv\u00e4rvidega. Pilttapeet, mis kaunistab kodu kui avaliku ruumi seina.\" \/>\n<meta name=\"robots\" content=\"index, follow, max-snippet:-1, max-image-preview:large, max-video-preview:-1\" \/>\n<link rel=\"canonical\" href=\"https:\/\/baubauwall.com\/et\/toode\/pilttapeet-uhutud-kaljud-hall\/\" \/>\n<meta property=\"og:locale\" content=\"et_EE\" \/>\n<meta property=\"og:type\" content=\"article\" \/>\n<meta property=\"og:title\" content=\"BAUBAUWALL TAPEEDID\" \/>\n<meta property=\"og:description\" content=\"Hall disaintapeet efektse seina loomiseks. K\u00e4sitsi maalitud tapeet vesiv\u00e4rvidega. Pilttapeet, mis kaunistab kodu kui avaliku ruumi seina.\" \/>\n<meta property=\"og:url\" content=\"https:\/\/baubauwall.com\/et\/toode\/pilttapeet-uhutud-kaljud-hall\/\" \/>\n<meta property=\"og:site_name\" content=\"BAUBAUWALL TAPEEDID\" \/>\n<meta property=\"article:publisher\" content=\"https:\/\/www.facebook.com\/Baubauwall\" \/>\n<meta property=\"article:modified_time\" content=\"2024-12-19T12:41:32+00:00\" \/>\n<meta property=\"og:image\" content=\"https:\/\/baubauwall.com\/wp-content\/uploads\/2022\/11\/51200443_TumbledbySea-Grey_Baubauwall_Wall_Mural_room-1_.jpg\" \/>\n\t<meta property=\"og:image:width\" content=\"1238\" \/>\n\t<meta property=\"og:image:height\" content=\"767\" \/>\n\t<meta property=\"og:image:type\" content=\"image\/jpeg\" \/>\n<meta name=\"twitter:card\" content=\"summary_large_image\" \/>\n<meta name=\"twitter:label1\" content=\"Est. reading time\" \/>\n\t<meta name=\"twitter:data1\" content=\"1 minut\" \/>\n<script type=\"application\/ld+json\" class=\"yoast-schema-graph\">{\"@context\":\"https:\/\/schema.org\",\"@graph\":[{\"@type\":\"WebPage\",\"@id\":\"https:\/\/baubauwall.com\/et\/toode\/pilttapeet-uhutud-kaljud-hall\/\",\"url\":\"https:\/\/baubauwall.com\/et\/toode\/pilttapeet-uhutud-kaljud-hall\/\",\"name\":\"Hall pilttapeet Uhutud kaljud. Disaintapeet koju v\u00f5i kontori seinale\",\"isPartOf\":{\"@id\":\"https:\/\/baubauwall.com\/et\/#website\"},\"primaryImageOfPage\":{\"@id\":\"https:\/\/baubauwall.com\/et\/toode\/pilttapeet-uhutud-kaljud-hall\/#primaryimage\"},\"image\":{\"@id\":\"https:\/\/baubauwall.com\/et\/toode\/pilttapeet-uhutud-kaljud-hall\/#primaryimage\"},\"thumbnailUrl\":\"https:\/\/baubauwall.com\/wp-content\/uploads\/2024\/11\/51200443_TumbledbySea-Grey_Baubauwall_Wall_Mural_room4.jpg\",\"datePublished\":\"2024-11-25T15:00:31+00:00\",\"dateModified\":\"2024-12-19T12:41:32+00:00\",\"description\":\"Hall disaintapeet efektse seina loomiseks. K\u00e4sitsi maalitud tapeet vesiv\u00e4rvidega. Pilttapeet, mis kaunistab kodu kui avaliku ruumi seina.\",\"breadcrumb\":{\"@id\":\"https:\/\/baubauwall.com\/et\/toode\/pilttapeet-uhutud-kaljud-hall\/#breadcrumb\"},\"inLanguage\":\"et\",\"potentialAction\":[{\"@type\":\"ReadAction\",\"target\":[\"https:\/\/baubauwall.com\/et\/toode\/pilttapeet-uhutud-kaljud-hall\/\"]}]},{\"@type\":\"ImageObject\",\"inLanguage\":\"et\",\"@id\":\"https:\/\/baubauwall.com\/et\/toode\/pilttapeet-uhutud-kaljud-hall\/#primaryimage\",\"url\":\"https:\/\/baubauwall.com\/wp-content\/uploads\/2024\/11\/51200443_TumbledbySea-Grey_Baubauwall_Wall_Mural_room4.jpg\",\"contentUrl\":\"https:\/\/baubauwall.com\/wp-content\/uploads\/2024\/11\/51200443_TumbledbySea-Grey_Baubauwall_Wall_Mural_room4.jpg\",\"width\":1920,\"height\":1281,\"caption\":\"Wild Ink wallpaper\"},{\"@type\":\"BreadcrumbList\",\"@id\":\"https:\/\/baubauwall.com\/et\/toode\/pilttapeet-uhutud-kaljud-hall\/#breadcrumb\",\"itemListElement\":[{\"@type\":\"ListItem\",\"position\":1,\"name\":\"Koju\",\"item\":\"https:\/\/baubauwall.com\/et\/\"},{\"@type\":\"ListItem\",\"position\":2,\"name\":\"Tapeedid\",\"item\":\"https:\/\/baubauwall.com\/et\/tapeedid\/\"},{\"@type\":\"ListItem\",\"position\":3,\"name\":\"Uhutud kaljud \u2013 hall\"}]},{\"@type\":\"WebSite\",\"@id\":\"https:\/\/baubauwall.com\/et\/#website\",\"url\":\"https:\/\/baubauwall.com\/et\/\",\"name\":\"BAUBAUWALL Wallpapers\",\"description\":\"Valmis paanides tapeet Eestist!\",\"publisher\":{\"@id\":\"https:\/\/baubauwall.com\/et\/#organization\"},\"potentialAction\":[{\"@type\":\"SearchAction\",\"target\":{\"@type\":\"EntryPoint\",\"urlTemplate\":\"https:\/\/baubauwall.com\/et\/?s={search_term_string}\"},\"query-input\":{\"@type\":\"PropertyValueSpecification\",\"valueRequired\":true,\"valueName\":\"search_term_string\"}}],\"inLanguage\":\"et\"},{\"@type\":\"Organization\",\"@id\":\"https:\/\/baubauwall.com\/et\/#organization\",\"name\":\"BAUBAUWALL Wallpapers\",\"url\":\"https:\/\/baubauwall.com\/et\/\",\"logo\":{\"@type\":\"ImageObject\",\"inLanguage\":\"et\",\"@id\":\"https:\/\/baubauwall.com\/et\/#\/schema\/logo\/image\/\",\"url\":\"https:\/\/baubauwall.com\/wp-content\/uploads\/2022\/03\/logo-horizontal.svg\",\"contentUrl\":\"https:\/\/baubauwall.com\/wp-content\/uploads\/2022\/03\/logo-horizontal.svg\",\"width\":\"1024\",\"height\":\"1024\",\"caption\":\"BAUBAUWALL Wallpapers\"},\"image\":{\"@id\":\"https:\/\/baubauwall.com\/et\/#\/schema\/logo\/image\/\"},\"sameAs\":[\"https:\/\/www.facebook.com\/Baubauwall\",\"https:\/\/www.instagram.com\/baubauwall\"]}]}<\/script>\n<!-- \/ Yoast SEO plugin. -->","yoast_head_json":{"title":"Hall pilttapeet Uhutud kaljud. Disaintapeet koju v\u00f5i kontori seinale","description":"Hall disaintapeet efektse seina loomiseks. K\u00e4sitsi maalitud tapeet vesiv\u00e4rvidega. Pilttapeet, mis kaunistab kodu kui avaliku ruumi seina.","robots":{"index":"index","follow":"follow","max-snippet":"max-snippet:-1","max-image-preview":"max-image-preview:large","max-video-preview":"max-video-preview:-1"},"canonical":"https:\/\/baubauwall.com\/et\/toode\/pilttapeet-uhutud-kaljud-hall\/","og_locale":"et_EE","og_type":"article","og_title":"BAUBAUWALL TAPEEDID","og_description":"Hall disaintapeet efektse seina loomiseks. K\u00e4sitsi maalitud tapeet vesiv\u00e4rvidega. Pilttapeet, mis kaunistab kodu kui avaliku ruumi seina.","og_url":"https:\/\/baubauwall.com\/et\/toode\/pilttapeet-uhutud-kaljud-hall\/","og_site_name":"BAUBAUWALL TAPEEDID","article_publisher":"https:\/\/www.facebook.com\/Baubauwall","article_modified_time":"2024-12-19T12:41:32+00:00","og_image":[{"width":1238,"height":767,"url":"https:\/\/baubauwall.com\/wp-content\/uploads\/2022\/11\/51200443_TumbledbySea-Grey_Baubauwall_Wall_Mural_room-1_.jpg","type":"image\/jpeg"}],"twitter_card":"summary_large_image","twitter_misc":{"Est. reading time":"1 minut"},"schema":{"@context":"https:\/\/schema.org","@graph":[{"@type":"WebPage","@id":"https:\/\/baubauwall.com\/et\/toode\/pilttapeet-uhutud-kaljud-hall\/","url":"https:\/\/baubauwall.com\/et\/toode\/pilttapeet-uhutud-kaljud-hall\/","name":"Hall pilttapeet Uhutud kaljud. Disaintapeet koju v\u00f5i kontori seinale","isPartOf":{"@id":"https:\/\/baubauwall.com\/et\/#website"},"primaryImageOfPage":{"@id":"https:\/\/baubauwall.com\/et\/toode\/pilttapeet-uhutud-kaljud-hall\/#primaryimage"},"image":{"@id":"https:\/\/baubauwall.com\/et\/toode\/pilttapeet-uhutud-kaljud-hall\/#primaryimage"},"thumbnailUrl":"https:\/\/baubauwall.com\/wp-content\/uploads\/2024\/11\/51200443_TumbledbySea-Grey_Baubauwall_Wall_Mural_room4.jpg","datePublished":"2024-11-25T15:00:31+00:00","dateModified":"2024-12-19T12:41:32+00:00","description":"Hall disaintapeet efektse seina loomiseks. K\u00e4sitsi maalitud tapeet vesiv\u00e4rvidega. Pilttapeet, mis kaunistab kodu kui avaliku ruumi seina.","breadcrumb":{"@id":"https:\/\/baubauwall.com\/et\/toode\/pilttapeet-uhutud-kaljud-hall\/#breadcrumb"},"inLanguage":"et","potentialAction":[{"@type":"ReadAction","target":["https:\/\/baubauwall.com\/et\/toode\/pilttapeet-uhutud-kaljud-hall\/"]}]},{"@type":"ImageObject","inLanguage":"et","@id":"https:\/\/baubauwall.com\/et\/toode\/pilttapeet-uhutud-kaljud-hall\/#primaryimage","url":"https:\/\/baubauwall.com\/wp-content\/uploads\/2024\/11\/51200443_TumbledbySea-Grey_Baubauwall_Wall_Mural_room4.jpg","contentUrl":"https:\/\/baubauwall.com\/wp-content\/uploads\/2024\/11\/51200443_TumbledbySea-Grey_Baubauwall_Wall_Mural_room4.jpg","width":1920,"height":1281,"caption":"Wild Ink wallpaper"},{"@type":"BreadcrumbList","@id":"https:\/\/baubauwall.com\/et\/toode\/pilttapeet-uhutud-kaljud-hall\/#breadcrumb","itemListElement":[{"@type":"ListItem","position":1,"name":"Koju","item":"https:\/\/baubauwall.com\/et\/"},{"@type":"ListItem","position":2,"name":"Tapeedid","item":"https:\/\/baubauwall.com\/et\/tapeedid\/"},{"@type":"ListItem","position":3,"name":"Uhutud kaljud \u2013 hall"}]},{"@type":"WebSite","@id":"https:\/\/baubauwall.com\/et\/#website","url":"https:\/\/baubauwall.com\/et\/","name":"BAUBAUWALL Wallpapers","description":"Valmis paanides tapeet Eestist!","publisher":{"@id":"https:\/\/baubauwall.com\/et\/#organization"},"potentialAction":[{"@type":"SearchAction","target":{"@type":"EntryPoint","urlTemplate":"https:\/\/baubauwall.com\/et\/?s={search_term_string}"},"query-input":{"@type":"PropertyValueSpecification","valueRequired":true,"valueName":"search_term_string"}}],"inLanguage":"et"},{"@type":"Organization","@id":"https:\/\/baubauwall.com\/et\/#organization","name":"BAUBAUWALL Wallpapers","url":"https:\/\/baubauwall.com\/et\/","logo":{"@type":"ImageObject","inLanguage":"et","@id":"https:\/\/baubauwall.com\/et\/#\/schema\/logo\/image\/","url":"https:\/\/baubauwall.com\/wp-content\/uploads\/2022\/03\/logo-horizontal.svg","contentUrl":"https:\/\/baubauwall.com\/wp-content\/uploads\/2022\/03\/logo-horizontal.svg","width":"1024","height":"1024","caption":"BAUBAUWALL Wallpapers"},"image":{"@id":"https:\/\/baubauwall.com\/et\/#\/schema\/logo\/image\/"},"sameAs":["https:\/\/www.facebook.com\/Baubauwall","https:\/\/www.instagram.com\/baubauwall"]}]}},"jetpack_sharing_enabled":true,"_links":{"self":[{"href":"https:\/\/baubauwall.com\/et\/wp-json\/wp\/v2\/product\/39714","targetHints":{"allow":["GET"]}}],"collection":[{"href":"https:\/\/baubauwall.com\/et\/wp-json\/wp\/v2\/product"}],"about":[{"href":"https:\/\/baubauwall.com\/et\/wp-json\/wp\/v2\/types\/product"}],"replies":[{"embeddable":true,"href":"https:\/\/baubauwall.com\/et\/wp-json\/wp\/v2\/comments?post=39714"}],"wp:featuredmedia":[{"embeddable":true,"href":"https:\/\/baubauwall.com\/et\/wp-json\/wp\/v2\/media\/40544"}],"wp:attachment":[{"href":"https:\/\/baubauwall.com\/et\/wp-json\/wp\/v2\/media?parent=39714"}],"wp:term":[{"taxonomy":"product_brand","embeddable":true,"href":"https:\/\/baubauwall.com\/et\/wp-json\/wp\/v2\/product_brand?post=39714"},{"taxonomy":"product_cat","embeddable":true,"href":"https:\/\/baubauwall.com\/et\/wp-json\/wp\/v2\/product_cat?post=39714"},{"taxonomy":"product_tag","embeddable":true,"href":"https:\/\/baubauwall.com\/et\/wp-json\/wp\/v2\/product_tag?post=39714"}],"curies":[{"name":"wp","href":"https:\/\/api.w.org\/{rel}","templated":true}]}}