{"id":39755,"date":"2024-11-25T17:00:31","date_gmt":"2024-11-25T15:00:31","guid":{"rendered":"https:\/\/baubauwall.com\/?post_type=product&#038;p=39755"},"modified":"2024-12-18T17:06:22","modified_gmt":"2024-12-18T15:06:22","slug":"pilttapeet-uitpuit-sinine","status":"publish","type":"product","link":"https:\/\/baubauwall.com\/et\/toode\/pilttapeet-uitpuit-sinine\/","title":{"rendered":"Uitpuit &#8211; sinine"},"content":{"rendered":"<p>D\u00fcnaamiline ja tekstuurine pilttapeet, mis toob interj\u00f6\u00f6ri t\u00f5lgenduse ajahambast vormitud triivpuidu ilust.\u00a0Disainer <strong>Triinu Silla<\/strong> j\u00e4\u00e4dvustas tapeedile julgete pintslit\u00f5mmetega triivpuidu loo \u2013 puidu, mida on looduse j\u00f5udude poolt lihvinud lained, tuul ja aeg. Rannale uhutuna ootab triivpuit avastamist, kandes endas mere pidevalt muutuvat r\u00fctmi ja ilu. See lugu v\u00f5iks kaunistada Sinu kodu v\u00f5i kontori aktsentseina. Sinistes toonides tapeet loob julge ja orgaanilise tausta nii t\u00f6istele tegemistele kui kodustele.<\/p>\n<p><strong>Stiilinipp:<\/strong> Kombineeri tapeet interj\u00f6\u00f6ris antratsiit v\u00e4rvi m\u00f6\u00f6bli ning siniste tekstiilidega. Tulemuseks on P\u00f5hjamaine, modernselt maitsekas interj\u00f6\u00f6r.<\/p>\n<p><strong>Miks valida pilttapeet Baubauwallist? Sest me teeme tapeedi valimise, ostmise ja paigalduse lihtsaks.\u00a0<\/strong><\/p>\n<ul>\n<li>Eesti disain, Eesti ettev\u00f5te<\/li>\n<li>Tr\u00fckime t\u00e4pselt Sinu seina m\u00f5\u00f5dus tapeedi<\/li>\n<li>Just nii pikad tapeedipaanid, kui on Sinu sein<\/li>\n<li>Premium, matt fliistapeedi materjal, 100% taaskasutatud kiust<\/li>\n<li>M\u00fcrgivabad tr\u00fckiv\u00e4rvid, Greenguard sertifitseeritud<\/li>\n<li>Keskkonnas\u00f5bralik, j\u00e4\u00e4tmevaba tapeetimine<\/li>\n<li>Tasuta tapeediliim<\/li>\n<li>Tasuta transport ja kiire tarne 5 t\u00f6\u00f6p\u00e4evaga<\/li>\n<\/ul>\n<p>Loe l\u00e4hemalt nutikatest, eritellimust\u00f6\u00f6na valmivatest tapeetidest\u00a0<a href=\"https:\/\/baubauwall.com\/et\/keskkonnasobralikud-tapeedid\/\">siit.<\/a><\/p>\n","protected":false},"excerpt":{"rendered":"<p>D\u00fcnaamiline ja tekstuurine pilttapeet, mis toob interj\u00f6\u00f6ri t\u00f5lgenduse ajahambast vormitud triivpuidu ilust.\u00a0Disainer Triinu Silla j\u00e4\u00e4dvustas tapeedile julgete pintslit\u00f5mmetega triivpuidu loo \u2013 puidu, mida on looduse j\u00f5udude poolt lihvinud lained, tuul ja aeg. Rannale uhutuna ootab triivpuit avastamist, kandes endas mere pidevalt muutuvat r\u00fctmi ja ilu. See lugu v\u00f5iks kaunistada Sinu kodu v\u00f5i kontori aktsentseina. Sinistes [&hellip;]<\/p>\n","protected":false},"featured_media":40556,"comment_status":"open","ping_status":"closed","template":"","meta":{"_acf_changed":false,"inline_featured_image":false},"product_brand":[],"product_cat":[748,387,267,270,272,752,413,414,415,416],"product_tag":[320,750,345],"class_list":{"0":"post-39755","1":"product","2":"type-product","3":"status-publish","4":"has-post-thumbnail","6":"product_cat-metsik-tint-tapeedid","7":"product_cat-pilttapeedid","8":"product_cat-sinised-tapeedid","9":"product_cat-tumedad-tapeedid","10":"product_cat-hallid-tapeedid","11":"product_cat-avalik-ruum","12":"product_cat-magamistoa-tapeedid","13":"product_cat-soogitoa-tapeedid","14":"product_cat-kulalistetoa-tapeedid","15":"product_cat-esiku-tapeedid","16":"product_tag-kasitoo","17":"product_tag-metsik-tint","18":"product_tag-pilttapeet","19":"pa_designedby-triinu-silla","21":"first","22":"instock","23":"taxable","24":"shipping-taxable","25":"purchasable","26":"product-type-simple"},"acf":[],"yoast_head":"<!-- This site is optimized with the Yoast SEO plugin v25.9 - https:\/\/yoast.com\/wordpress\/plugins\/seo\/ -->\n<title>Uitpuit - sinine efektne pilttapeet aktsentseinale<\/title>\n<meta name=\"description\" content=\"Julge, sinine tapeet tasakaalustama minimalistlikku sisustust. Sobita pilttapeet aktsentseinale s\u00f6\u00f6gitoas, magamistoas v\u00f5i kasuta avaliku ruumi tapeedina\" \/>\n<meta name=\"robots\" content=\"index, follow, max-snippet:-1, max-image-preview:large, max-video-preview:-1\" \/>\n<link rel=\"canonical\" href=\"https:\/\/baubauwall.com\/et\/toode\/pilttapeet-uitpuit-sinine\/\" \/>\n<meta property=\"og:locale\" content=\"et_EE\" \/>\n<meta property=\"og:type\" content=\"article\" \/>\n<meta property=\"og:title\" content=\"Uitpuit - sinine efektne pilttapeet aktsentseinale\" \/>\n<meta property=\"og:description\" content=\"Julge, sinine tapeet tasakaalustama minimalistlikku sisustust. Sobita pilttapeet aktsentseinale s\u00f6\u00f6gitoas, magamistoas v\u00f5i kasuta avaliku ruumi tapeedina\" \/>\n<meta property=\"og:url\" content=\"https:\/\/baubauwall.com\/et\/toode\/pilttapeet-uitpuit-sinine\/\" \/>\n<meta property=\"og:site_name\" content=\"BAUBAUWALL Wallpapers\" \/>\n<meta property=\"article:publisher\" content=\"https:\/\/www.facebook.com\/Baubauwall\" \/>\n<meta property=\"article:modified_time\" content=\"2024-12-18T15:06:22+00:00\" \/>\n<meta property=\"og:image\" content=\"https:\/\/baubauwall.com\/wp-content\/uploads\/2024\/11\/51200446_Driftwood-Blue_Baubauwall_Wall_Mural_wallpaper-room1-Copy.jpg\" \/>\n\t<meta property=\"og:image:width\" content=\"1125\" \/>\n\t<meta property=\"og:image:height\" content=\"750\" \/>\n\t<meta property=\"og:image:type\" content=\"image\/jpeg\" \/>\n<meta name=\"twitter:card\" content=\"summary_large_image\" \/>\n<meta name=\"twitter:label1\" content=\"Est. reading time\" \/>\n\t<meta name=\"twitter:data1\" content=\"1 minut\" \/>\n<script type=\"application\/ld+json\" class=\"yoast-schema-graph\">{\"@context\":\"https:\/\/schema.org\",\"@graph\":[{\"@type\":\"WebPage\",\"@id\":\"https:\/\/baubauwall.com\/et\/toode\/pilttapeet-uitpuit-sinine\/\",\"url\":\"https:\/\/baubauwall.com\/et\/toode\/pilttapeet-uitpuit-sinine\/\",\"name\":\"Uitpuit - sinine efektne pilttapeet aktsentseinale\",\"isPartOf\":{\"@id\":\"https:\/\/baubauwall.com\/et\/#website\"},\"primaryImageOfPage\":{\"@id\":\"https:\/\/baubauwall.com\/et\/toode\/pilttapeet-uitpuit-sinine\/#primaryimage\"},\"image\":{\"@id\":\"https:\/\/baubauwall.com\/et\/toode\/pilttapeet-uitpuit-sinine\/#primaryimage\"},\"thumbnailUrl\":\"https:\/\/baubauwall.com\/wp-content\/uploads\/2024\/11\/51200446_Driftwood-Blue_Baubauwall_Wall_Mural_wallpaper-room4.jpg\",\"datePublished\":\"2024-11-25T15:00:31+00:00\",\"dateModified\":\"2024-12-18T15:06:22+00:00\",\"description\":\"Julge, sinine tapeet tasakaalustama minimalistlikku sisustust. Sobita pilttapeet aktsentseinale s\u00f6\u00f6gitoas, magamistoas v\u00f5i kasuta avaliku ruumi tapeedina\",\"breadcrumb\":{\"@id\":\"https:\/\/baubauwall.com\/et\/toode\/pilttapeet-uitpuit-sinine\/#breadcrumb\"},\"inLanguage\":\"et\",\"potentialAction\":[{\"@type\":\"ReadAction\",\"target\":[\"https:\/\/baubauwall.com\/et\/toode\/pilttapeet-uitpuit-sinine\/\"]}]},{\"@type\":\"ImageObject\",\"inLanguage\":\"et\",\"@id\":\"https:\/\/baubauwall.com\/et\/toode\/pilttapeet-uitpuit-sinine\/#primaryimage\",\"url\":\"https:\/\/baubauwall.com\/wp-content\/uploads\/2024\/11\/51200446_Driftwood-Blue_Baubauwall_Wall_Mural_wallpaper-room4.jpg\",\"contentUrl\":\"https:\/\/baubauwall.com\/wp-content\/uploads\/2024\/11\/51200446_Driftwood-Blue_Baubauwall_Wall_Mural_wallpaper-room4.jpg\",\"width\":2133,\"height\":1600,\"caption\":\"Accent wall wallpaper for commercial space or home.\"},{\"@type\":\"BreadcrumbList\",\"@id\":\"https:\/\/baubauwall.com\/et\/toode\/pilttapeet-uitpuit-sinine\/#breadcrumb\",\"itemListElement\":[{\"@type\":\"ListItem\",\"position\":1,\"name\":\"Koju\",\"item\":\"https:\/\/baubauwall.com\/et\/\"},{\"@type\":\"ListItem\",\"position\":2,\"name\":\"Tapeedid\",\"item\":\"https:\/\/baubauwall.com\/et\/tapeedid\/\"},{\"@type\":\"ListItem\",\"position\":3,\"name\":\"Uitpuit &#8211; sinine\"}]},{\"@type\":\"WebSite\",\"@id\":\"https:\/\/baubauwall.com\/et\/#website\",\"url\":\"https:\/\/baubauwall.com\/et\/\",\"name\":\"BAUBAUWALL Wallpapers\",\"description\":\"Valmis paanides tapeet Eestist!\",\"publisher\":{\"@id\":\"https:\/\/baubauwall.com\/et\/#organization\"},\"potentialAction\":[{\"@type\":\"SearchAction\",\"target\":{\"@type\":\"EntryPoint\",\"urlTemplate\":\"https:\/\/baubauwall.com\/et\/?s={search_term_string}\"},\"query-input\":{\"@type\":\"PropertyValueSpecification\",\"valueRequired\":true,\"valueName\":\"search_term_string\"}}],\"inLanguage\":\"et\"},{\"@type\":\"Organization\",\"@id\":\"https:\/\/baubauwall.com\/et\/#organization\",\"name\":\"BAUBAUWALL Wallpapers\",\"url\":\"https:\/\/baubauwall.com\/et\/\",\"logo\":{\"@type\":\"ImageObject\",\"inLanguage\":\"et\",\"@id\":\"https:\/\/baubauwall.com\/et\/#\/schema\/logo\/image\/\",\"url\":\"https:\/\/baubauwall.com\/wp-content\/uploads\/2022\/03\/logo-horizontal.svg\",\"contentUrl\":\"https:\/\/baubauwall.com\/wp-content\/uploads\/2022\/03\/logo-horizontal.svg\",\"width\":\"1024\",\"height\":\"1024\",\"caption\":\"BAUBAUWALL Wallpapers\"},\"image\":{\"@id\":\"https:\/\/baubauwall.com\/et\/#\/schema\/logo\/image\/\"},\"sameAs\":[\"https:\/\/www.facebook.com\/Baubauwall\",\"https:\/\/www.instagram.com\/baubauwall\"]}]}<\/script>\n<!-- \/ Yoast SEO plugin. -->","yoast_head_json":{"title":"Uitpuit - sinine efektne pilttapeet aktsentseinale","description":"Julge, sinine tapeet tasakaalustama minimalistlikku sisustust. Sobita pilttapeet aktsentseinale s\u00f6\u00f6gitoas, magamistoas v\u00f5i kasuta avaliku ruumi tapeedina","robots":{"index":"index","follow":"follow","max-snippet":"max-snippet:-1","max-image-preview":"max-image-preview:large","max-video-preview":"max-video-preview:-1"},"canonical":"https:\/\/baubauwall.com\/et\/toode\/pilttapeet-uitpuit-sinine\/","og_locale":"et_EE","og_type":"article","og_title":"Uitpuit - sinine efektne pilttapeet aktsentseinale","og_description":"Julge, sinine tapeet tasakaalustama minimalistlikku sisustust. Sobita pilttapeet aktsentseinale s\u00f6\u00f6gitoas, magamistoas v\u00f5i kasuta avaliku ruumi tapeedina","og_url":"https:\/\/baubauwall.com\/et\/toode\/pilttapeet-uitpuit-sinine\/","og_site_name":"BAUBAUWALL Wallpapers","article_publisher":"https:\/\/www.facebook.com\/Baubauwall","article_modified_time":"2024-12-18T15:06:22+00:00","og_image":[{"width":1125,"height":750,"url":"https:\/\/baubauwall.com\/wp-content\/uploads\/2024\/11\/51200446_Driftwood-Blue_Baubauwall_Wall_Mural_wallpaper-room1-Copy.jpg","type":"image\/jpeg"}],"twitter_card":"summary_large_image","twitter_misc":{"Est. reading time":"1 minut"},"schema":{"@context":"https:\/\/schema.org","@graph":[{"@type":"WebPage","@id":"https:\/\/baubauwall.com\/et\/toode\/pilttapeet-uitpuit-sinine\/","url":"https:\/\/baubauwall.com\/et\/toode\/pilttapeet-uitpuit-sinine\/","name":"Uitpuit - sinine efektne pilttapeet aktsentseinale","isPartOf":{"@id":"https:\/\/baubauwall.com\/et\/#website"},"primaryImageOfPage":{"@id":"https:\/\/baubauwall.com\/et\/toode\/pilttapeet-uitpuit-sinine\/#primaryimage"},"image":{"@id":"https:\/\/baubauwall.com\/et\/toode\/pilttapeet-uitpuit-sinine\/#primaryimage"},"thumbnailUrl":"https:\/\/baubauwall.com\/wp-content\/uploads\/2024\/11\/51200446_Driftwood-Blue_Baubauwall_Wall_Mural_wallpaper-room4.jpg","datePublished":"2024-11-25T15:00:31+00:00","dateModified":"2024-12-18T15:06:22+00:00","description":"Julge, sinine tapeet tasakaalustama minimalistlikku sisustust. Sobita pilttapeet aktsentseinale s\u00f6\u00f6gitoas, magamistoas v\u00f5i kasuta avaliku ruumi tapeedina","breadcrumb":{"@id":"https:\/\/baubauwall.com\/et\/toode\/pilttapeet-uitpuit-sinine\/#breadcrumb"},"inLanguage":"et","potentialAction":[{"@type":"ReadAction","target":["https:\/\/baubauwall.com\/et\/toode\/pilttapeet-uitpuit-sinine\/"]}]},{"@type":"ImageObject","inLanguage":"et","@id":"https:\/\/baubauwall.com\/et\/toode\/pilttapeet-uitpuit-sinine\/#primaryimage","url":"https:\/\/baubauwall.com\/wp-content\/uploads\/2024\/11\/51200446_Driftwood-Blue_Baubauwall_Wall_Mural_wallpaper-room4.jpg","contentUrl":"https:\/\/baubauwall.com\/wp-content\/uploads\/2024\/11\/51200446_Driftwood-Blue_Baubauwall_Wall_Mural_wallpaper-room4.jpg","width":2133,"height":1600,"caption":"Accent wall wallpaper for commercial space or home."},{"@type":"BreadcrumbList","@id":"https:\/\/baubauwall.com\/et\/toode\/pilttapeet-uitpuit-sinine\/#breadcrumb","itemListElement":[{"@type":"ListItem","position":1,"name":"Koju","item":"https:\/\/baubauwall.com\/et\/"},{"@type":"ListItem","position":2,"name":"Tapeedid","item":"https:\/\/baubauwall.com\/et\/tapeedid\/"},{"@type":"ListItem","position":3,"name":"Uitpuit &#8211; sinine"}]},{"@type":"WebSite","@id":"https:\/\/baubauwall.com\/et\/#website","url":"https:\/\/baubauwall.com\/et\/","name":"BAUBAUWALL Wallpapers","description":"Valmis paanides tapeet Eestist!","publisher":{"@id":"https:\/\/baubauwall.com\/et\/#organization"},"potentialAction":[{"@type":"SearchAction","target":{"@type":"EntryPoint","urlTemplate":"https:\/\/baubauwall.com\/et\/?s={search_term_string}"},"query-input":{"@type":"PropertyValueSpecification","valueRequired":true,"valueName":"search_term_string"}}],"inLanguage":"et"},{"@type":"Organization","@id":"https:\/\/baubauwall.com\/et\/#organization","name":"BAUBAUWALL Wallpapers","url":"https:\/\/baubauwall.com\/et\/","logo":{"@type":"ImageObject","inLanguage":"et","@id":"https:\/\/baubauwall.com\/et\/#\/schema\/logo\/image\/","url":"https:\/\/baubauwall.com\/wp-content\/uploads\/2022\/03\/logo-horizontal.svg","contentUrl":"https:\/\/baubauwall.com\/wp-content\/uploads\/2022\/03\/logo-horizontal.svg","width":"1024","height":"1024","caption":"BAUBAUWALL Wallpapers"},"image":{"@id":"https:\/\/baubauwall.com\/et\/#\/schema\/logo\/image\/"},"sameAs":["https:\/\/www.facebook.com\/Baubauwall","https:\/\/www.instagram.com\/baubauwall"]}]}},"jetpack_sharing_enabled":true,"_links":{"self":[{"href":"https:\/\/baubauwall.com\/et\/wp-json\/wp\/v2\/product\/39755","targetHints":{"allow":["GET"]}}],"collection":[{"href":"https:\/\/baubauwall.com\/et\/wp-json\/wp\/v2\/product"}],"about":[{"href":"https:\/\/baubauwall.com\/et\/wp-json\/wp\/v2\/types\/product"}],"replies":[{"embeddable":true,"href":"https:\/\/baubauwall.com\/et\/wp-json\/wp\/v2\/comments?post=39755"}],"wp:featuredmedia":[{"embeddable":true,"href":"https:\/\/baubauwall.com\/et\/wp-json\/wp\/v2\/media\/40556"}],"wp:attachment":[{"href":"https:\/\/baubauwall.com\/et\/wp-json\/wp\/v2\/media?parent=39755"}],"wp:term":[{"taxonomy":"product_brand","embeddable":true,"href":"https:\/\/baubauwall.com\/et\/wp-json\/wp\/v2\/product_brand?post=39755"},{"taxonomy":"product_cat","embeddable":true,"href":"https:\/\/baubauwall.com\/et\/wp-json\/wp\/v2\/product_cat?post=39755"},{"taxonomy":"product_tag","embeddable":true,"href":"https:\/\/baubauwall.com\/et\/wp-json\/wp\/v2\/product_tag?post=39755"}],"curies":[{"name":"wp","href":"https:\/\/api.w.org\/{rel}","templated":true}]}}