{"id":39807,"date":"2024-11-25T17:00:31","date_gmt":"2024-11-25T15:00:31","guid":{"rendered":"https:\/\/baubauwall.com\/?post_type=product&#038;p=39807"},"modified":"2024-12-19T14:37:31","modified_gmt":"2024-12-19T12:37:31","slug":"pilttapeet-pintslitommete-mosaiik","status":"publish","type":"product","link":"https:\/\/baubauwall.com\/et\/toode\/pilttapeet-pintslitommete-mosaiik\/","title":{"rendered":"Pintslit\u00f5mmete mosaiik"},"content":{"rendered":"<p>Pilttapeet julgemasse interj\u00f6\u00f6ri! &#8220;Pintslit\u00f5mmete mosaiik&#8221; on kaasaegse disainiga tapeet, mis loob vau efekti just interj\u00f6\u00f6ri \u00fchel seinal. Disain on loodud k\u00e4sitsi maalitud ja mosaiik ruudustikku s\u00e4titud detailidest, moodustades d\u00fcnaamilise terviku. Tapeet, mis sobib ideaalselt nii kodu efektseinale kui ka avalikesse ruumidesse \u2013 olgu see salong, hotell v\u00f5i kontor. Rahulikud rohelised, efektne petrooleumsinine, s\u00fcgavad pruunid ja hallid toonid loovad omamoodi geomeetrilise mustri.<\/p>\n<p><strong>Stiilinipp: <\/strong>Lase tapeedil olla ruumi keskpunkt! Hoia muu sisustus lihtne ja looduslikes toonides ning tekstiilide v\u00e4rv n\u00e4ppa tapeedilt &#8211; ja neid on sel palju!<\/p>\n<p><a href=\"https:\/\/baubauwall.com\/et\/tootekategooria\/tapeedi-kollektsioonid\/metsik-tint-tapeedid\/\"><strong>\u201cMetsik tint\u201d<\/strong><\/a>\u00a0tapeedikollektsioon on disainer Triinu Silla visuaalne p\u00e4evik suvisest reisist P\u00f5hja-Soome ja Norrasse. Seal, kus fjordid kohtuvad taevaga ja looduse v\u00e4rvid on puutumatud. L\u00f5putu p\u00e4evavalguse all kogutud inspiratsioon ja P\u00f5hjala ilu peegeldub selles tapeedikollektsioonis. Iga tapeedidisain kajastab n\u00e4htut ja kogetut \u2013 tuuliseid rannajooni, rahulikke metsi ja vaikset elu.<\/p>\n<p><strong>Miks valida pilttapeet Baubauwallist? Sest me teeme tapeedi valimise, ostmise ja paigalduse lihtsaks.\u00a0<\/strong><\/p>\n<ul>\n<li>Eesti disain, Eesti ettev\u00f5te<\/li>\n<li>Tr\u00fckime t\u00e4pselt Sinu seina m\u00f5\u00f5dus tapeedi<\/li>\n<li>Just nii pikad tapeedipaanid, kui on Sinu sein<\/li>\n<li>Premium, matt fliistapeedi materjal, 100% taaskasutatud kiust<\/li>\n<li>M\u00fcrgivabad tr\u00fckiv\u00e4rvid, Greenguard sertifitseeritud<\/li>\n<li>Keskkonnas\u00f5bralik, j\u00e4\u00e4tmevaba tapeetimine<\/li>\n<li>Tasuta tapeediliim<\/li>\n<li>Tasuta transport ja kiire tarne 5 t\u00f6\u00f6p\u00e4evaga<\/li>\n<\/ul>\n<p><b>\u00a0<\/b><\/p>\n","protected":false},"excerpt":{"rendered":"<p>Pilttapeet julgemasse interj\u00f6\u00f6ri! &#8220;Pintslit\u00f5mmete mosaiik&#8221; on kaasaegse disainiga tapeet, mis loob vau efekti just interj\u00f6\u00f6ri \u00fchel seinal. Disain on loodud k\u00e4sitsi maalitud ja mosaiik ruudustikku s\u00e4titud detailidest, moodustades d\u00fcnaamilise terviku. Tapeet, mis sobib ideaalselt nii kodu efektseinale kui ka avalikesse ruumidesse \u2013 olgu see salong, hotell v\u00f5i kontor. Rahulikud rohelised, efektne petrooleumsinine, s\u00fcgavad pruunid ja [&hellip;]<\/p>\n","protected":false},"featured_media":39802,"comment_status":"open","ping_status":"closed","template":"","meta":{"_acf_changed":false,"inline_featured_image":false},"product_brand":[],"product_cat":[748,387,622,404,447,394,396,267,271,752,413,414,415,399,402,699,583],"product_tag":[695,320,750,345,381],"class_list":{"0":"post-39807","1":"product","2":"type-product","3":"status-publish","4":"has-post-thumbnail","6":"product_cat-metsik-tint-tapeedid","7":"product_cat-pilttapeedid","8":"product_cat-julged-tapeedid","9":"product_cat-abstraktne","10":"product_cat-maksimalistlik-et","11":"product_cat-rikkalik","12":"product_cat-skandinaavia","13":"product_cat-sinised-tapeedid","14":"product_cat-rohelised-tapeedid","15":"product_cat-avalik-ruum","16":"product_cat-magamistoa-tapeedid","17":"product_cat-soogitoa-tapeedid","18":"product_cat-kulalistetoa-tapeedid","19":"product_cat-kodukontori-tapeedid","20":"product_cat-elutoa-tapeedid","21":"product_cat-eesti-disain-tapeedid","22":"product_cat-vesivarv","23":"product_tag-eesti-disain-tapeedid","24":"product_tag-kasitoo","25":"product_tag-metsik-tint","26":"product_tag-pilttapeet","27":"product_tag-vesivarv","28":"pa_designedby-triinu-silla","30":"first","31":"instock","32":"taxable","33":"shipping-taxable","34":"purchasable","35":"product-type-simple"},"acf":[],"yoast_head":"<!-- This site is optimized with the Yoast SEO plugin v25.9 - https:\/\/yoast.com\/wordpress\/plugins\/seo\/ -->\n<title>Pintslit\u00f5mmete mosaiik - julge mustriga pilttapeet<\/title>\n<meta name=\"description\" content=\"Disaintapeet tapeedikollektsioonis Metsik tint. Julge mosaiik muster tumedates toonides. Sobita see tapeet minimalistliku interj\u00f6\u00f6riga\" \/>\n<meta name=\"robots\" content=\"index, follow, max-snippet:-1, max-image-preview:large, max-video-preview:-1\" \/>\n<link rel=\"canonical\" href=\"https:\/\/baubauwall.com\/et\/toode\/pilttapeet-pintslitommete-mosaiik\/\" \/>\n<meta property=\"og:locale\" content=\"et_EE\" \/>\n<meta property=\"og:type\" content=\"article\" \/>\n<meta property=\"og:title\" content=\"BAUBAUWALL TAPEEDID\" \/>\n<meta property=\"og:description\" content=\"Pintslit\u00f5mmete mosaiik\" \/>\n<meta property=\"og:url\" content=\"https:\/\/baubauwall.com\/et\/toode\/pilttapeet-pintslitommete-mosaiik\/\" \/>\n<meta property=\"og:site_name\" content=\"BAUBAUWALL TAPEEDID\" \/>\n<meta property=\"article:publisher\" content=\"https:\/\/www.facebook.com\/Baubauwall\" \/>\n<meta property=\"article:modified_time\" content=\"2024-12-19T12:37:31+00:00\" \/>\n<meta property=\"og:image\" content=\"https:\/\/baubauwall.com\/wp-content\/uploads\/2022\/11\/51200448_MosaicStrokes_Baubauwall_Wall_Mural_Wallpaper_Room-1-Copy.jpg\" \/>\n\t<meta property=\"og:image:width\" content=\"1688\" \/>\n\t<meta property=\"og:image:height\" content=\"1125\" \/>\n\t<meta property=\"og:image:type\" content=\"image\/jpeg\" \/>\n<meta name=\"twitter:card\" content=\"summary_large_image\" \/>\n<meta name=\"twitter:label1\" content=\"Est. reading time\" \/>\n\t<meta name=\"twitter:data1\" content=\"2 minutit\" \/>\n<script type=\"application\/ld+json\" class=\"yoast-schema-graph\">{\"@context\":\"https:\/\/schema.org\",\"@graph\":[{\"@type\":\"WebPage\",\"@id\":\"https:\/\/baubauwall.com\/et\/toode\/pilttapeet-pintslitommete-mosaiik\/\",\"url\":\"https:\/\/baubauwall.com\/et\/toode\/pilttapeet-pintslitommete-mosaiik\/\",\"name\":\"Pintslit\u00f5mmete mosaiik - julge mustriga pilttapeet\",\"isPartOf\":{\"@id\":\"https:\/\/baubauwall.com\/et\/#website\"},\"primaryImageOfPage\":{\"@id\":\"https:\/\/baubauwall.com\/et\/toode\/pilttapeet-pintslitommete-mosaiik\/#primaryimage\"},\"image\":{\"@id\":\"https:\/\/baubauwall.com\/et\/toode\/pilttapeet-pintslitommete-mosaiik\/#primaryimage\"},\"thumbnailUrl\":\"https:\/\/baubauwall.com\/wp-content\/uploads\/2022\/11\/51200448_MosaicStrokes_Baubauwall_Wall_Mural_Wallpaper_Room-1-Copy.jpg\",\"datePublished\":\"2024-11-25T15:00:31+00:00\",\"dateModified\":\"2024-12-19T12:37:31+00:00\",\"description\":\"Disaintapeet tapeedikollektsioonis Metsik tint. Julge mosaiik muster tumedates toonides. Sobita see tapeet minimalistliku interj\u00f6\u00f6riga\",\"breadcrumb\":{\"@id\":\"https:\/\/baubauwall.com\/et\/toode\/pilttapeet-pintslitommete-mosaiik\/#breadcrumb\"},\"inLanguage\":\"et\",\"potentialAction\":[{\"@type\":\"ReadAction\",\"target\":[\"https:\/\/baubauwall.com\/et\/toode\/pilttapeet-pintslitommete-mosaiik\/\"]}]},{\"@type\":\"ImageObject\",\"inLanguage\":\"et\",\"@id\":\"https:\/\/baubauwall.com\/et\/toode\/pilttapeet-pintslitommete-mosaiik\/#primaryimage\",\"url\":\"https:\/\/baubauwall.com\/wp-content\/uploads\/2022\/11\/51200448_MosaicStrokes_Baubauwall_Wall_Mural_Wallpaper_Room-1-Copy.jpg\",\"contentUrl\":\"https:\/\/baubauwall.com\/wp-content\/uploads\/2022\/11\/51200448_MosaicStrokes_Baubauwall_Wall_Mural_Wallpaper_Room-1-Copy.jpg\",\"width\":1688,\"height\":1125,\"caption\":\"Living room wallcovering. Petrol green and blue hued mural wallpaper\"},{\"@type\":\"BreadcrumbList\",\"@id\":\"https:\/\/baubauwall.com\/et\/toode\/pilttapeet-pintslitommete-mosaiik\/#breadcrumb\",\"itemListElement\":[{\"@type\":\"ListItem\",\"position\":1,\"name\":\"Koju\",\"item\":\"https:\/\/baubauwall.com\/et\/\"},{\"@type\":\"ListItem\",\"position\":2,\"name\":\"Tapeedid\",\"item\":\"https:\/\/baubauwall.com\/et\/tapeedid\/\"},{\"@type\":\"ListItem\",\"position\":3,\"name\":\"Pintslit\u00f5mmete mosaiik\"}]},{\"@type\":\"WebSite\",\"@id\":\"https:\/\/baubauwall.com\/et\/#website\",\"url\":\"https:\/\/baubauwall.com\/et\/\",\"name\":\"BAUBAUWALL Wallpapers\",\"description\":\"Valmis paanides tapeet Eestist!\",\"publisher\":{\"@id\":\"https:\/\/baubauwall.com\/et\/#organization\"},\"potentialAction\":[{\"@type\":\"SearchAction\",\"target\":{\"@type\":\"EntryPoint\",\"urlTemplate\":\"https:\/\/baubauwall.com\/et\/?s={search_term_string}\"},\"query-input\":{\"@type\":\"PropertyValueSpecification\",\"valueRequired\":true,\"valueName\":\"search_term_string\"}}],\"inLanguage\":\"et\"},{\"@type\":\"Organization\",\"@id\":\"https:\/\/baubauwall.com\/et\/#organization\",\"name\":\"BAUBAUWALL Wallpapers\",\"url\":\"https:\/\/baubauwall.com\/et\/\",\"logo\":{\"@type\":\"ImageObject\",\"inLanguage\":\"et\",\"@id\":\"https:\/\/baubauwall.com\/et\/#\/schema\/logo\/image\/\",\"url\":\"https:\/\/baubauwall.com\/wp-content\/uploads\/2022\/03\/logo-horizontal.svg\",\"contentUrl\":\"https:\/\/baubauwall.com\/wp-content\/uploads\/2022\/03\/logo-horizontal.svg\",\"width\":\"1024\",\"height\":\"1024\",\"caption\":\"BAUBAUWALL Wallpapers\"},\"image\":{\"@id\":\"https:\/\/baubauwall.com\/et\/#\/schema\/logo\/image\/\"},\"sameAs\":[\"https:\/\/www.facebook.com\/Baubauwall\",\"https:\/\/www.instagram.com\/baubauwall\"]}]}<\/script>\n<!-- \/ Yoast SEO plugin. -->","yoast_head_json":{"title":"Pintslit\u00f5mmete mosaiik - julge mustriga pilttapeet","description":"Disaintapeet tapeedikollektsioonis Metsik tint. Julge mosaiik muster tumedates toonides. Sobita see tapeet minimalistliku interj\u00f6\u00f6riga","robots":{"index":"index","follow":"follow","max-snippet":"max-snippet:-1","max-image-preview":"max-image-preview:large","max-video-preview":"max-video-preview:-1"},"canonical":"https:\/\/baubauwall.com\/et\/toode\/pilttapeet-pintslitommete-mosaiik\/","og_locale":"et_EE","og_type":"article","og_title":"BAUBAUWALL TAPEEDID","og_description":"Pintslit\u00f5mmete mosaiik","og_url":"https:\/\/baubauwall.com\/et\/toode\/pilttapeet-pintslitommete-mosaiik\/","og_site_name":"BAUBAUWALL TAPEEDID","article_publisher":"https:\/\/www.facebook.com\/Baubauwall","article_modified_time":"2024-12-19T12:37:31+00:00","og_image":[{"width":1688,"height":1125,"url":"https:\/\/baubauwall.com\/wp-content\/uploads\/2022\/11\/51200448_MosaicStrokes_Baubauwall_Wall_Mural_Wallpaper_Room-1-Copy.jpg","type":"image\/jpeg"}],"twitter_card":"summary_large_image","twitter_misc":{"Est. reading time":"2 minutit"},"schema":{"@context":"https:\/\/schema.org","@graph":[{"@type":"WebPage","@id":"https:\/\/baubauwall.com\/et\/toode\/pilttapeet-pintslitommete-mosaiik\/","url":"https:\/\/baubauwall.com\/et\/toode\/pilttapeet-pintslitommete-mosaiik\/","name":"Pintslit\u00f5mmete mosaiik - julge mustriga pilttapeet","isPartOf":{"@id":"https:\/\/baubauwall.com\/et\/#website"},"primaryImageOfPage":{"@id":"https:\/\/baubauwall.com\/et\/toode\/pilttapeet-pintslitommete-mosaiik\/#primaryimage"},"image":{"@id":"https:\/\/baubauwall.com\/et\/toode\/pilttapeet-pintslitommete-mosaiik\/#primaryimage"},"thumbnailUrl":"https:\/\/baubauwall.com\/wp-content\/uploads\/2022\/11\/51200448_MosaicStrokes_Baubauwall_Wall_Mural_Wallpaper_Room-1-Copy.jpg","datePublished":"2024-11-25T15:00:31+00:00","dateModified":"2024-12-19T12:37:31+00:00","description":"Disaintapeet tapeedikollektsioonis Metsik tint. Julge mosaiik muster tumedates toonides. Sobita see tapeet minimalistliku interj\u00f6\u00f6riga","breadcrumb":{"@id":"https:\/\/baubauwall.com\/et\/toode\/pilttapeet-pintslitommete-mosaiik\/#breadcrumb"},"inLanguage":"et","potentialAction":[{"@type":"ReadAction","target":["https:\/\/baubauwall.com\/et\/toode\/pilttapeet-pintslitommete-mosaiik\/"]}]},{"@type":"ImageObject","inLanguage":"et","@id":"https:\/\/baubauwall.com\/et\/toode\/pilttapeet-pintslitommete-mosaiik\/#primaryimage","url":"https:\/\/baubauwall.com\/wp-content\/uploads\/2022\/11\/51200448_MosaicStrokes_Baubauwall_Wall_Mural_Wallpaper_Room-1-Copy.jpg","contentUrl":"https:\/\/baubauwall.com\/wp-content\/uploads\/2022\/11\/51200448_MosaicStrokes_Baubauwall_Wall_Mural_Wallpaper_Room-1-Copy.jpg","width":1688,"height":1125,"caption":"Living room wallcovering. Petrol green and blue hued mural wallpaper"},{"@type":"BreadcrumbList","@id":"https:\/\/baubauwall.com\/et\/toode\/pilttapeet-pintslitommete-mosaiik\/#breadcrumb","itemListElement":[{"@type":"ListItem","position":1,"name":"Koju","item":"https:\/\/baubauwall.com\/et\/"},{"@type":"ListItem","position":2,"name":"Tapeedid","item":"https:\/\/baubauwall.com\/et\/tapeedid\/"},{"@type":"ListItem","position":3,"name":"Pintslit\u00f5mmete mosaiik"}]},{"@type":"WebSite","@id":"https:\/\/baubauwall.com\/et\/#website","url":"https:\/\/baubauwall.com\/et\/","name":"BAUBAUWALL Wallpapers","description":"Valmis paanides tapeet Eestist!","publisher":{"@id":"https:\/\/baubauwall.com\/et\/#organization"},"potentialAction":[{"@type":"SearchAction","target":{"@type":"EntryPoint","urlTemplate":"https:\/\/baubauwall.com\/et\/?s={search_term_string}"},"query-input":{"@type":"PropertyValueSpecification","valueRequired":true,"valueName":"search_term_string"}}],"inLanguage":"et"},{"@type":"Organization","@id":"https:\/\/baubauwall.com\/et\/#organization","name":"BAUBAUWALL Wallpapers","url":"https:\/\/baubauwall.com\/et\/","logo":{"@type":"ImageObject","inLanguage":"et","@id":"https:\/\/baubauwall.com\/et\/#\/schema\/logo\/image\/","url":"https:\/\/baubauwall.com\/wp-content\/uploads\/2022\/03\/logo-horizontal.svg","contentUrl":"https:\/\/baubauwall.com\/wp-content\/uploads\/2022\/03\/logo-horizontal.svg","width":"1024","height":"1024","caption":"BAUBAUWALL Wallpapers"},"image":{"@id":"https:\/\/baubauwall.com\/et\/#\/schema\/logo\/image\/"},"sameAs":["https:\/\/www.facebook.com\/Baubauwall","https:\/\/www.instagram.com\/baubauwall"]}]}},"jetpack_sharing_enabled":true,"_links":{"self":[{"href":"https:\/\/baubauwall.com\/et\/wp-json\/wp\/v2\/product\/39807","targetHints":{"allow":["GET"]}}],"collection":[{"href":"https:\/\/baubauwall.com\/et\/wp-json\/wp\/v2\/product"}],"about":[{"href":"https:\/\/baubauwall.com\/et\/wp-json\/wp\/v2\/types\/product"}],"replies":[{"embeddable":true,"href":"https:\/\/baubauwall.com\/et\/wp-json\/wp\/v2\/comments?post=39807"}],"wp:featuredmedia":[{"embeddable":true,"href":"https:\/\/baubauwall.com\/et\/wp-json\/wp\/v2\/media\/39802"}],"wp:attachment":[{"href":"https:\/\/baubauwall.com\/et\/wp-json\/wp\/v2\/media?parent=39807"}],"wp:term":[{"taxonomy":"product_brand","embeddable":true,"href":"https:\/\/baubauwall.com\/et\/wp-json\/wp\/v2\/product_brand?post=39807"},{"taxonomy":"product_cat","embeddable":true,"href":"https:\/\/baubauwall.com\/et\/wp-json\/wp\/v2\/product_cat?post=39807"},{"taxonomy":"product_tag","embeddable":true,"href":"https:\/\/baubauwall.com\/et\/wp-json\/wp\/v2\/product_tag?post=39807"}],"curies":[{"name":"wp","href":"https:\/\/api.w.org\/{rel}","templated":true}]}}