{"id":39829,"date":"2024-11-25T17:00:31","date_gmt":"2024-11-25T15:00:31","guid":{"rendered":"https:\/\/baubauwall.com\/?post_type=product&#038;p=39829"},"modified":"2024-12-18T15:06:00","modified_gmt":"2024-12-18T13:06:00","slug":"pilttapeet-lakselv-kaleido-helehall","status":"publish","type":"product","link":"https:\/\/baubauwall.com\/et\/toode\/pilttapeet-lakselv-kaleido-helehall\/","title":{"rendered":"Lakselv kaleido &#8211; helehall"},"content":{"rendered":"<p>Helehall pilttapeet, mille inspiratsioon p\u00e4rineb Lakselvist, samanimelisest k\u00fclast P\u00f5hja-Norras. Seal kohtuvad avar taevas, meri ja\u00a0 m\u00e4etipud, moodustades rahuliku maastiku. Tulemuseks on kaleidoskoopiline, h\u00e4rmatise kristalle meenutav geomeetriline muster pehmetes sinistes toonides. See efektne pilttapeet kuulub <a href=\"https:\/\/baubauwall.com\/et\/tootekategooria\/tapeedi-kollektsioonid\/metsik-tint-tapeedid\/\"><strong>Metsik tint<\/strong>\u00a0<strong>tapeedikollektsiooni<\/strong><\/a>, mille autoriks on\u00a0<strong>Triinu Silla.\u00a0<\/strong>Tapeedikollektsiooni idee ja disainid ongi loodud tema reisim\u00e4lestustest suvises P\u00f5hja-Soomes ja Norras. K\u00e4sitsi valmistatud pintslite ja hoolikalt valitud tintidega maalis Triinu kogetu tapeetidele. Need autentsust t\u00e4is pilttapeedid on loodud muutma seinad lugudeks. Ideaalne valik julgesesse interj\u00f6\u00f6ri \u2013 olgu selleks\u00a0 kodu v\u00f5i avalik ruum.<\/p>\n<p><strong>Stiilinipp<\/strong>: Kombineeri tapeet interj\u00f6\u00f6ris petrooleumi tooni tekstiilidega, et luua efektne tulemus. Kui eelistad mahedamat, vali tapeedi juurde helehallid kardinad ja muud tekstiilid moodustamaks harmooniline kooslus.<\/p>\n<p><strong>Miks valida pilttapeet Baubauwallist? Sest me teeme tapeedi valimise, ostmise ja paigalduse lihtsaks.\u00a0<\/strong><\/p>\n<ul>\n<li>Eesti disain, Eesti ettev\u00f5te<\/li>\n<li>Tr\u00fckime t\u00e4pselt Sinu seina m\u00f5\u00f5dus tapeedi<\/li>\n<li>Just nii pikad tapeedipaanid, kui on Sinu sein<\/li>\n<li>Premium, matt fliistapeedi materjal, 100% taaskasutatud kiust<\/li>\n<li>M\u00fcrgivabad tr\u00fckiv\u00e4rvid, Greenguard sertifitseeritud<\/li>\n<li>Keskkonnas\u00f5bralik, j\u00e4\u00e4tmevaba tapeetimine<\/li>\n<li>Tasuta tapeediliim<\/li>\n<li>Tasuta transport ja kiire tarne 5 t\u00f6\u00f6p\u00e4evaga<\/li>\n<\/ul>\n<p>Loe l\u00e4hemalt nutikatest, eritellimust\u00f6\u00f6na valmivatest tapeetidest\u00a0<a href=\"https:\/\/baubauwall.com\/et\/keskkonnasobralikud-tapeedid\/\">siit.<\/a><\/p>\n","protected":false},"excerpt":{"rendered":"<p>Helehall pilttapeet, mille inspiratsioon p\u00e4rineb Lakselvist, samanimelisest k\u00fclast P\u00f5hja-Norras. Seal kohtuvad avar taevas, meri ja\u00a0 m\u00e4etipud, moodustades rahuliku maastiku. Tulemuseks on kaleidoskoopiline, h\u00e4rmatise kristalle meenutav geomeetriline muster pehmetes sinistes toonides. See efektne pilttapeet kuulub Metsik tint\u00a0tapeedikollektsiooni, mille autoriks on\u00a0Triinu Silla.\u00a0Tapeedikollektsiooni idee ja disainid ongi loodud tema reisim\u00e4lestustest suvises P\u00f5hja-Soomes ja Norras. K\u00e4sitsi valmistatud pintslite ja [&hellip;]<\/p>\n","protected":false},"featured_media":39824,"comment_status":"open","ping_status":"closed","template":"","meta":{"_acf_changed":false,"inline_featured_image":false},"product_brand":[],"product_cat":[748,387,404,396,272,273,752,413,414,415,416,399,402,699,245],"product_tag":[320,750,345],"class_list":{"0":"post-39829","1":"product","2":"type-product","3":"status-publish","4":"has-post-thumbnail","6":"product_cat-metsik-tint-tapeedid","7":"product_cat-pilttapeedid","8":"product_cat-abstraktne","9":"product_cat-skandinaavia","10":"product_cat-hallid-tapeedid","11":"product_cat-heledad-tapeedid","12":"product_cat-avalik-ruum","13":"product_cat-magamistoa-tapeedid","14":"product_cat-soogitoa-tapeedid","15":"product_cat-kulalistetoa-tapeedid","16":"product_cat-esiku-tapeedid","17":"product_cat-kodukontori-tapeedid","18":"product_cat-elutoa-tapeedid","19":"product_cat-eesti-disain-tapeedid","20":"product_cat-maastik","21":"product_tag-kasitoo","22":"product_tag-metsik-tint","23":"product_tag-pilttapeet","24":"pa_designedby-triinu-silla","26":"first","27":"instock","28":"taxable","29":"shipping-taxable","30":"purchasable","31":"product-type-simple"},"acf":[],"yoast_head":"<!-- This site is optimized with the Yoast SEO plugin v25.9 - https:\/\/yoast.com\/wordpress\/plugins\/seo\/ -->\n<title>Lakselv kaleido - helehall - BAUBAUWALL Wallpapers disaintapeet<\/title>\n<meta name=\"description\" content=\"Helehall imeline pilttapeet sinu interj\u00f6\u00f6ri. Kaleidoskooplik muster disaintapeedil, mis pakub uusi avastusi iga p\u00e4ev. Tapeedid sinu seina j\u00e4rgi\" \/>\n<meta name=\"robots\" content=\"index, follow, max-snippet:-1, max-image-preview:large, max-video-preview:-1\" \/>\n<link rel=\"canonical\" href=\"https:\/\/baubauwall.com\/et\/toode\/pilttapeet-lakselv-kaleido-helehall\/\" \/>\n<meta property=\"og:locale\" content=\"et_EE\" \/>\n<meta property=\"og:type\" content=\"article\" \/>\n<meta property=\"og:title\" content=\"Lakselv kaleido - helehall - BAUBAUWALL Wallpapers disaintapeet\" \/>\n<meta property=\"og:description\" content=\"Helehall imeline pilttapeet sinu interj\u00f6\u00f6ri. Kaleidoskooplik muster disaintapeedil, mis pakub uusi avastusi iga p\u00e4ev. Tapeedid sinu seina j\u00e4rgi\" \/>\n<meta property=\"og:url\" content=\"https:\/\/baubauwall.com\/et\/toode\/pilttapeet-lakselv-kaleido-helehall\/\" \/>\n<meta property=\"og:site_name\" content=\"BAUBAUWALL Wallpapers\" \/>\n<meta property=\"article:publisher\" content=\"https:\/\/www.facebook.com\/Baubauwall\" \/>\n<meta property=\"article:modified_time\" content=\"2024-12-18T13:06:00+00:00\" \/>\n<meta property=\"og:image\" content=\"https:\/\/baubauwall.com\/wp-content\/uploads\/2024\/11\/51200449_LakselvKaleido-LightGrey_Baubauwall_Wall_Mural_wallpaper-room-1-Copy.jpg\" \/>\n\t<meta property=\"og:image:width\" content=\"1908\" \/>\n\t<meta property=\"og:image:height\" content=\"1350\" \/>\n\t<meta property=\"og:image:type\" content=\"image\/jpeg\" \/>\n<meta name=\"twitter:card\" content=\"summary_large_image\" \/>\n<meta name=\"twitter:label1\" content=\"Est. reading time\" \/>\n\t<meta name=\"twitter:data1\" content=\"1 minut\" \/>\n<script type=\"application\/ld+json\" class=\"yoast-schema-graph\">{\"@context\":\"https:\/\/schema.org\",\"@graph\":[{\"@type\":\"WebPage\",\"@id\":\"https:\/\/baubauwall.com\/et\/toode\/pilttapeet-lakselv-kaleido-helehall\/\",\"url\":\"https:\/\/baubauwall.com\/et\/toode\/pilttapeet-lakselv-kaleido-helehall\/\",\"name\":\"Lakselv kaleido - helehall - BAUBAUWALL Wallpapers disaintapeet\",\"isPartOf\":{\"@id\":\"https:\/\/baubauwall.com\/et\/#website\"},\"primaryImageOfPage\":{\"@id\":\"https:\/\/baubauwall.com\/et\/toode\/pilttapeet-lakselv-kaleido-helehall\/#primaryimage\"},\"image\":{\"@id\":\"https:\/\/baubauwall.com\/et\/toode\/pilttapeet-lakselv-kaleido-helehall\/#primaryimage\"},\"thumbnailUrl\":\"https:\/\/baubauwall.com\/wp-content\/uploads\/2024\/11\/51200449_LakselvKaleido-LightGrey_Baubauwall_Wall_Mural_wallpaper-room-1-Copy.jpg\",\"datePublished\":\"2024-11-25T15:00:31+00:00\",\"dateModified\":\"2024-12-18T13:06:00+00:00\",\"description\":\"Helehall imeline pilttapeet sinu interj\u00f6\u00f6ri. Kaleidoskooplik muster disaintapeedil, mis pakub uusi avastusi iga p\u00e4ev. Tapeedid sinu seina j\u00e4rgi\",\"breadcrumb\":{\"@id\":\"https:\/\/baubauwall.com\/et\/toode\/pilttapeet-lakselv-kaleido-helehall\/#breadcrumb\"},\"inLanguage\":\"et\",\"potentialAction\":[{\"@type\":\"ReadAction\",\"target\":[\"https:\/\/baubauwall.com\/et\/toode\/pilttapeet-lakselv-kaleido-helehall\/\"]}]},{\"@type\":\"ImageObject\",\"inLanguage\":\"et\",\"@id\":\"https:\/\/baubauwall.com\/et\/toode\/pilttapeet-lakselv-kaleido-helehall\/#primaryimage\",\"url\":\"https:\/\/baubauwall.com\/wp-content\/uploads\/2024\/11\/51200449_LakselvKaleido-LightGrey_Baubauwall_Wall_Mural_wallpaper-room-1-Copy.jpg\",\"contentUrl\":\"https:\/\/baubauwall.com\/wp-content\/uploads\/2024\/11\/51200449_LakselvKaleido-LightGrey_Baubauwall_Wall_Mural_wallpaper-room-1-Copy.jpg\",\"width\":1908,\"height\":1350,\"caption\":\"Cafe wallpaper by Baubauwall\"},{\"@type\":\"BreadcrumbList\",\"@id\":\"https:\/\/baubauwall.com\/et\/toode\/pilttapeet-lakselv-kaleido-helehall\/#breadcrumb\",\"itemListElement\":[{\"@type\":\"ListItem\",\"position\":1,\"name\":\"Koju\",\"item\":\"https:\/\/baubauwall.com\/et\/\"},{\"@type\":\"ListItem\",\"position\":2,\"name\":\"Tapeedid\",\"item\":\"https:\/\/baubauwall.com\/et\/tapeedid\/\"},{\"@type\":\"ListItem\",\"position\":3,\"name\":\"Lakselv kaleido &#8211; helehall\"}]},{\"@type\":\"WebSite\",\"@id\":\"https:\/\/baubauwall.com\/et\/#website\",\"url\":\"https:\/\/baubauwall.com\/et\/\",\"name\":\"BAUBAUWALL Wallpapers\",\"description\":\"Valmis paanides tapeet Eestist!\",\"publisher\":{\"@id\":\"https:\/\/baubauwall.com\/et\/#organization\"},\"potentialAction\":[{\"@type\":\"SearchAction\",\"target\":{\"@type\":\"EntryPoint\",\"urlTemplate\":\"https:\/\/baubauwall.com\/et\/?s={search_term_string}\"},\"query-input\":{\"@type\":\"PropertyValueSpecification\",\"valueRequired\":true,\"valueName\":\"search_term_string\"}}],\"inLanguage\":\"et\"},{\"@type\":\"Organization\",\"@id\":\"https:\/\/baubauwall.com\/et\/#organization\",\"name\":\"BAUBAUWALL Wallpapers\",\"url\":\"https:\/\/baubauwall.com\/et\/\",\"logo\":{\"@type\":\"ImageObject\",\"inLanguage\":\"et\",\"@id\":\"https:\/\/baubauwall.com\/et\/#\/schema\/logo\/image\/\",\"url\":\"https:\/\/baubauwall.com\/wp-content\/uploads\/2022\/03\/logo-horizontal.svg\",\"contentUrl\":\"https:\/\/baubauwall.com\/wp-content\/uploads\/2022\/03\/logo-horizontal.svg\",\"width\":\"1024\",\"height\":\"1024\",\"caption\":\"BAUBAUWALL Wallpapers\"},\"image\":{\"@id\":\"https:\/\/baubauwall.com\/et\/#\/schema\/logo\/image\/\"},\"sameAs\":[\"https:\/\/www.facebook.com\/Baubauwall\",\"https:\/\/www.instagram.com\/baubauwall\"]}]}<\/script>\n<!-- \/ Yoast SEO plugin. -->","yoast_head_json":{"title":"Lakselv kaleido - helehall - BAUBAUWALL Wallpapers disaintapeet","description":"Helehall imeline pilttapeet sinu interj\u00f6\u00f6ri. Kaleidoskooplik muster disaintapeedil, mis pakub uusi avastusi iga p\u00e4ev. Tapeedid sinu seina j\u00e4rgi","robots":{"index":"index","follow":"follow","max-snippet":"max-snippet:-1","max-image-preview":"max-image-preview:large","max-video-preview":"max-video-preview:-1"},"canonical":"https:\/\/baubauwall.com\/et\/toode\/pilttapeet-lakselv-kaleido-helehall\/","og_locale":"et_EE","og_type":"article","og_title":"Lakselv kaleido - helehall - BAUBAUWALL Wallpapers disaintapeet","og_description":"Helehall imeline pilttapeet sinu interj\u00f6\u00f6ri. Kaleidoskooplik muster disaintapeedil, mis pakub uusi avastusi iga p\u00e4ev. Tapeedid sinu seina j\u00e4rgi","og_url":"https:\/\/baubauwall.com\/et\/toode\/pilttapeet-lakselv-kaleido-helehall\/","og_site_name":"BAUBAUWALL Wallpapers","article_publisher":"https:\/\/www.facebook.com\/Baubauwall","article_modified_time":"2024-12-18T13:06:00+00:00","og_image":[{"width":1908,"height":1350,"url":"https:\/\/baubauwall.com\/wp-content\/uploads\/2024\/11\/51200449_LakselvKaleido-LightGrey_Baubauwall_Wall_Mural_wallpaper-room-1-Copy.jpg","type":"image\/jpeg"}],"twitter_card":"summary_large_image","twitter_misc":{"Est. reading time":"1 minut"},"schema":{"@context":"https:\/\/schema.org","@graph":[{"@type":"WebPage","@id":"https:\/\/baubauwall.com\/et\/toode\/pilttapeet-lakselv-kaleido-helehall\/","url":"https:\/\/baubauwall.com\/et\/toode\/pilttapeet-lakselv-kaleido-helehall\/","name":"Lakselv kaleido - helehall - BAUBAUWALL Wallpapers disaintapeet","isPartOf":{"@id":"https:\/\/baubauwall.com\/et\/#website"},"primaryImageOfPage":{"@id":"https:\/\/baubauwall.com\/et\/toode\/pilttapeet-lakselv-kaleido-helehall\/#primaryimage"},"image":{"@id":"https:\/\/baubauwall.com\/et\/toode\/pilttapeet-lakselv-kaleido-helehall\/#primaryimage"},"thumbnailUrl":"https:\/\/baubauwall.com\/wp-content\/uploads\/2024\/11\/51200449_LakselvKaleido-LightGrey_Baubauwall_Wall_Mural_wallpaper-room-1-Copy.jpg","datePublished":"2024-11-25T15:00:31+00:00","dateModified":"2024-12-18T13:06:00+00:00","description":"Helehall imeline pilttapeet sinu interj\u00f6\u00f6ri. Kaleidoskooplik muster disaintapeedil, mis pakub uusi avastusi iga p\u00e4ev. Tapeedid sinu seina j\u00e4rgi","breadcrumb":{"@id":"https:\/\/baubauwall.com\/et\/toode\/pilttapeet-lakselv-kaleido-helehall\/#breadcrumb"},"inLanguage":"et","potentialAction":[{"@type":"ReadAction","target":["https:\/\/baubauwall.com\/et\/toode\/pilttapeet-lakselv-kaleido-helehall\/"]}]},{"@type":"ImageObject","inLanguage":"et","@id":"https:\/\/baubauwall.com\/et\/toode\/pilttapeet-lakselv-kaleido-helehall\/#primaryimage","url":"https:\/\/baubauwall.com\/wp-content\/uploads\/2024\/11\/51200449_LakselvKaleido-LightGrey_Baubauwall_Wall_Mural_wallpaper-room-1-Copy.jpg","contentUrl":"https:\/\/baubauwall.com\/wp-content\/uploads\/2024\/11\/51200449_LakselvKaleido-LightGrey_Baubauwall_Wall_Mural_wallpaper-room-1-Copy.jpg","width":1908,"height":1350,"caption":"Cafe wallpaper by Baubauwall"},{"@type":"BreadcrumbList","@id":"https:\/\/baubauwall.com\/et\/toode\/pilttapeet-lakselv-kaleido-helehall\/#breadcrumb","itemListElement":[{"@type":"ListItem","position":1,"name":"Koju","item":"https:\/\/baubauwall.com\/et\/"},{"@type":"ListItem","position":2,"name":"Tapeedid","item":"https:\/\/baubauwall.com\/et\/tapeedid\/"},{"@type":"ListItem","position":3,"name":"Lakselv kaleido &#8211; helehall"}]},{"@type":"WebSite","@id":"https:\/\/baubauwall.com\/et\/#website","url":"https:\/\/baubauwall.com\/et\/","name":"BAUBAUWALL Wallpapers","description":"Valmis paanides tapeet Eestist!","publisher":{"@id":"https:\/\/baubauwall.com\/et\/#organization"},"potentialAction":[{"@type":"SearchAction","target":{"@type":"EntryPoint","urlTemplate":"https:\/\/baubauwall.com\/et\/?s={search_term_string}"},"query-input":{"@type":"PropertyValueSpecification","valueRequired":true,"valueName":"search_term_string"}}],"inLanguage":"et"},{"@type":"Organization","@id":"https:\/\/baubauwall.com\/et\/#organization","name":"BAUBAUWALL Wallpapers","url":"https:\/\/baubauwall.com\/et\/","logo":{"@type":"ImageObject","inLanguage":"et","@id":"https:\/\/baubauwall.com\/et\/#\/schema\/logo\/image\/","url":"https:\/\/baubauwall.com\/wp-content\/uploads\/2022\/03\/logo-horizontal.svg","contentUrl":"https:\/\/baubauwall.com\/wp-content\/uploads\/2022\/03\/logo-horizontal.svg","width":"1024","height":"1024","caption":"BAUBAUWALL Wallpapers"},"image":{"@id":"https:\/\/baubauwall.com\/et\/#\/schema\/logo\/image\/"},"sameAs":["https:\/\/www.facebook.com\/Baubauwall","https:\/\/www.instagram.com\/baubauwall"]}]}},"jetpack_sharing_enabled":true,"_links":{"self":[{"href":"https:\/\/baubauwall.com\/et\/wp-json\/wp\/v2\/product\/39829","targetHints":{"allow":["GET"]}}],"collection":[{"href":"https:\/\/baubauwall.com\/et\/wp-json\/wp\/v2\/product"}],"about":[{"href":"https:\/\/baubauwall.com\/et\/wp-json\/wp\/v2\/types\/product"}],"replies":[{"embeddable":true,"href":"https:\/\/baubauwall.com\/et\/wp-json\/wp\/v2\/comments?post=39829"}],"wp:featuredmedia":[{"embeddable":true,"href":"https:\/\/baubauwall.com\/et\/wp-json\/wp\/v2\/media\/39824"}],"wp:attachment":[{"href":"https:\/\/baubauwall.com\/et\/wp-json\/wp\/v2\/media?parent=39829"}],"wp:term":[{"taxonomy":"product_brand","embeddable":true,"href":"https:\/\/baubauwall.com\/et\/wp-json\/wp\/v2\/product_brand?post=39829"},{"taxonomy":"product_cat","embeddable":true,"href":"https:\/\/baubauwall.com\/et\/wp-json\/wp\/v2\/product_cat?post=39829"},{"taxonomy":"product_tag","embeddable":true,"href":"https:\/\/baubauwall.com\/et\/wp-json\/wp\/v2\/product_tag?post=39829"}],"curies":[{"name":"wp","href":"https:\/\/api.w.org\/{rel}","templated":true}]}}