{"id":39886,"date":"2024-11-25T17:00:31","date_gmt":"2024-11-25T15:00:31","guid":{"rendered":"https:\/\/baubauwall.com\/?post_type=product&#038;p=39886"},"modified":"2024-12-19T14:10:32","modified_gmt":"2024-12-19T12:10:32","slug":"pilttapeet-polaarpaeva-polaroidid","status":"publish","type":"product","link":"https:\/\/baubauwall.com\/et\/toode\/pilttapeet-polaarpaeva-polaroidid\/","title":{"rendered":"Polaarp\u00e4eva polaroidid"},"content":{"rendered":"<p>Kaasaegne pilttapeet, mis on inspireeritud polaarsuvede valgusest ja vaikuse lummusest, kui p\u00e4ike ei looju. Tapeedi oman\u00e4olisel disainil on s\u00fcmmeetriline ruudustik, mis moodustab justkui polaroid fotode mustri. Iga tapeedi ruut on m\u00e4lestus \u2013 millestki m\u00f6\u00f6duvast.\u00a0 Polaarp\u00e4eva polaroidid tapeet sobib suurep\u00e4raselt aktsentseinale, olgu see magamistoas, elutoas v\u00f5i avalikus ruumis. Tapeedikollektsiooni <a href=\"https:\/\/baubauwall.com\/et\/tootekategooria\/tapeedi-kollektsioonid\/metsik-tint-tapeedid\/\">\u201c<strong>Metsik tint<\/strong>\u201d<\/a> idee ja disainid on loodud <strong>Triinu Silla<\/strong> reisim\u00e4lestustest suvises P\u00f5hja-Soomes ja Norras. K\u00e4sitsi valmistatud pintslite ja hoolikalt valitud tintidega maalis ta kogetu tapeetidele. Need autentsust t\u00e4is pilttapeedid on loodud muutma seinad lugudeks.<\/p>\n<p><strong>Stiilinipp:<\/strong> Kombineeri tapeet oma seinal raamitud fotode v\u00f5i reisim\u00e4lestustega!<\/p>\n<p><strong>Miks valida pilttapeet Baubauwallist? Sest me teeme tapeedi valimise, ostmise ja paigalduse lihtsaks.\u00a0<\/strong><\/p>\n<ul>\n<li>Eesti disain, Eesti ettev\u00f5te<\/li>\n<li>Tr\u00fckime t\u00e4pselt Sinu seina m\u00f5\u00f5dus tapeedi<\/li>\n<li>Just nii pikad tapeedipaanid, kui on Sinu sein<\/li>\n<li>Premium, matt fliistapeedi materjal, 100% taaskasutatud kiust<\/li>\n<li>M\u00fcrgivabad tr\u00fckiv\u00e4rvid, Greenguard sertifitseeritud<\/li>\n<li>Keskkonnas\u00f5bralik, j\u00e4\u00e4tmevaba tapeetimine<\/li>\n<li>Tasuta tapeediliim<\/li>\n<li>Tasuta transport ja kiire tarne 5 t\u00f6\u00f6p\u00e4evaga<\/li>\n<\/ul>\n","protected":false},"excerpt":{"rendered":"<p>Kaasaegne pilttapeet, mis on inspireeritud polaarsuvede valgusest ja vaikuse lummusest, kui p\u00e4ike ei looju. Tapeedi oman\u00e4olisel disainil on s\u00fcmmeetriline ruudustik, mis moodustab justkui polaroid fotode mustri. Iga tapeedi ruut on m\u00e4lestus \u2013 millestki m\u00f6\u00f6duvast.\u00a0 Polaarp\u00e4eva polaroidid tapeet sobib suurep\u00e4raselt aktsentseinale, olgu see magamistoas, elutoas v\u00f5i avalikus ruumis. Tapeedikollektsiooni \u201cMetsik tint\u201d idee ja disainid on loodud [&hellip;]<\/p>\n","protected":false},"featured_media":39884,"comment_status":"open","ping_status":"closed","template":"","meta":{"_acf_changed":false,"inline_featured_image":false},"product_brand":[],"product_cat":[748,387,820,622,408,396,266,269,270,410,752,413,414,416,399,402,699,583],"product_tag":[320,750,345],"class_list":{"0":"post-39886","1":"product","2":"type-product","3":"status-publish","4":"has-post-thumbnail","6":"product_cat-metsik-tint-tapeedid","7":"product_cat-pilttapeedid","8":"product_cat-triibulised-ruudulised","9":"product_cat-julged-tapeedid","10":"product_cat-geomeetriline","11":"product_cat-skandinaavia","12":"product_cat-mustad-tapeedid","13":"product_cat-pruunid-tapeedid","14":"product_cat-tumedad-tapeedid","15":"product_cat-valge-tapeedid","16":"product_cat-avalik-ruum","17":"product_cat-magamistoa-tapeedid","18":"product_cat-soogitoa-tapeedid","19":"product_cat-esiku-tapeedid","20":"product_cat-kodukontori-tapeedid","21":"product_cat-elutoa-tapeedid","22":"product_cat-eesti-disain-tapeedid","23":"product_cat-vesivarv","24":"product_tag-kasitoo","25":"product_tag-metsik-tint","26":"product_tag-pilttapeet","27":"pa_designedby-triinu-silla","29":"first","30":"instock","31":"taxable","32":"shipping-taxable","33":"purchasable","34":"product-type-simple"},"acf":[],"yoast_head":"<!-- This site is optimized with the Yoast SEO plugin v25.9 - https:\/\/yoast.com\/wordpress\/plugins\/seo\/ -->\n<title>Polaarp\u00e4eva polaroidid - efektne disaintapeet<\/title>\n<meta name=\"description\" content=\"Tapeet t\u00e4is m\u00e4lestusi, talletatud nagu polaroid kaadritele. Efektne tapeet avalikku ruumi v\u00f5i koju looma t\u00e4iuslikku tasakaalu minimalismi ja k\u00fclluse vahel\" \/>\n<meta name=\"robots\" content=\"index, follow, max-snippet:-1, max-image-preview:large, max-video-preview:-1\" \/>\n<link rel=\"canonical\" href=\"https:\/\/baubauwall.com\/et\/toode\/pilttapeet-polaarpaeva-polaroidid\/\" \/>\n<meta property=\"og:locale\" content=\"et_EE\" \/>\n<meta property=\"og:type\" content=\"article\" \/>\n<meta property=\"og:title\" content=\"BAUBAUWALL TAPEEDID\" \/>\n<meta property=\"og:description\" content=\"Tapeet t\u00e4is m\u00e4lestusi, talletatud nagu polaroid kaadritele. Efektne tapeet avalikku ruumi v\u00f5i koju looma t\u00e4iuslikku tasakaalu minimalismi ja k\u00fclluse vahel\" \/>\n<meta property=\"og:url\" content=\"https:\/\/baubauwall.com\/et\/toode\/pilttapeet-polaarpaeva-polaroidid\/\" \/>\n<meta property=\"og:site_name\" content=\"BAUBAUWALL TAPEEDID\" \/>\n<meta property=\"article:publisher\" content=\"https:\/\/www.facebook.com\/Baubauwall\" \/>\n<meta property=\"article:modified_time\" content=\"2024-12-19T12:10:32+00:00\" \/>\n<meta property=\"og:image\" content=\"https:\/\/baubauwall.com\/wp-content\/uploads\/2022\/11\/51200451_PolarDayMemories_Baubauwall_Wall_Mural_wallpaper_room-3.jpg\" \/>\n\t<meta property=\"og:image:width\" content=\"1669\" \/>\n\t<meta property=\"og:image:height\" content=\"1277\" \/>\n\t<meta property=\"og:image:type\" content=\"image\/jpeg\" \/>\n<meta name=\"twitter:card\" content=\"summary_large_image\" \/>\n<meta name=\"twitter:label1\" content=\"Est. reading time\" \/>\n\t<meta name=\"twitter:data1\" content=\"1 minut\" \/>\n<script type=\"application\/ld+json\" class=\"yoast-schema-graph\">{\"@context\":\"https:\/\/schema.org\",\"@graph\":[{\"@type\":\"WebPage\",\"@id\":\"https:\/\/baubauwall.com\/et\/toode\/pilttapeet-polaarpaeva-polaroidid\/\",\"url\":\"https:\/\/baubauwall.com\/et\/toode\/pilttapeet-polaarpaeva-polaroidid\/\",\"name\":\"Polaarp\u00e4eva polaroidid - efektne disaintapeet\",\"isPartOf\":{\"@id\":\"https:\/\/baubauwall.com\/et\/#website\"},\"primaryImageOfPage\":{\"@id\":\"https:\/\/baubauwall.com\/et\/toode\/pilttapeet-polaarpaeva-polaroidid\/#primaryimage\"},\"image\":{\"@id\":\"https:\/\/baubauwall.com\/et\/toode\/pilttapeet-polaarpaeva-polaroidid\/#primaryimage\"},\"thumbnailUrl\":\"https:\/\/baubauwall.com\/wp-content\/uploads\/2024\/11\/51200451_PolarDayMemories_Baubauwall_Wall_Mural_wallpaper_room-2.jpg\",\"datePublished\":\"2024-11-25T15:00:31+00:00\",\"dateModified\":\"2024-12-19T12:10:32+00:00\",\"description\":\"Tapeet t\u00e4is m\u00e4lestusi, talletatud nagu polaroid kaadritele. Efektne tapeet avalikku ruumi v\u00f5i koju looma t\u00e4iuslikku tasakaalu minimalismi ja k\u00fclluse vahel\",\"breadcrumb\":{\"@id\":\"https:\/\/baubauwall.com\/et\/toode\/pilttapeet-polaarpaeva-polaroidid\/#breadcrumb\"},\"inLanguage\":\"et\",\"potentialAction\":[{\"@type\":\"ReadAction\",\"target\":[\"https:\/\/baubauwall.com\/et\/toode\/pilttapeet-polaarpaeva-polaroidid\/\"]}]},{\"@type\":\"ImageObject\",\"inLanguage\":\"et\",\"@id\":\"https:\/\/baubauwall.com\/et\/toode\/pilttapeet-polaarpaeva-polaroidid\/#primaryimage\",\"url\":\"https:\/\/baubauwall.com\/wp-content\/uploads\/2024\/11\/51200451_PolarDayMemories_Baubauwall_Wall_Mural_wallpaper_room-2.jpg\",\"contentUrl\":\"https:\/\/baubauwall.com\/wp-content\/uploads\/2024\/11\/51200451_PolarDayMemories_Baubauwall_Wall_Mural_wallpaper_room-2.jpg\",\"width\":1272,\"height\":964,\"caption\":\"Bedroom feature wall wallpaper by Baubauwall\"},{\"@type\":\"BreadcrumbList\",\"@id\":\"https:\/\/baubauwall.com\/et\/toode\/pilttapeet-polaarpaeva-polaroidid\/#breadcrumb\",\"itemListElement\":[{\"@type\":\"ListItem\",\"position\":1,\"name\":\"Koju\",\"item\":\"https:\/\/baubauwall.com\/et\/\"},{\"@type\":\"ListItem\",\"position\":2,\"name\":\"Tapeedid\",\"item\":\"https:\/\/baubauwall.com\/et\/tapeedid\/\"},{\"@type\":\"ListItem\",\"position\":3,\"name\":\"Polaarp\u00e4eva polaroidid\"}]},{\"@type\":\"WebSite\",\"@id\":\"https:\/\/baubauwall.com\/et\/#website\",\"url\":\"https:\/\/baubauwall.com\/et\/\",\"name\":\"BAUBAUWALL Wallpapers\",\"description\":\"Valmis paanides tapeet Eestist!\",\"publisher\":{\"@id\":\"https:\/\/baubauwall.com\/et\/#organization\"},\"potentialAction\":[{\"@type\":\"SearchAction\",\"target\":{\"@type\":\"EntryPoint\",\"urlTemplate\":\"https:\/\/baubauwall.com\/et\/?s={search_term_string}\"},\"query-input\":{\"@type\":\"PropertyValueSpecification\",\"valueRequired\":true,\"valueName\":\"search_term_string\"}}],\"inLanguage\":\"et\"},{\"@type\":\"Organization\",\"@id\":\"https:\/\/baubauwall.com\/et\/#organization\",\"name\":\"BAUBAUWALL Wallpapers\",\"url\":\"https:\/\/baubauwall.com\/et\/\",\"logo\":{\"@type\":\"ImageObject\",\"inLanguage\":\"et\",\"@id\":\"https:\/\/baubauwall.com\/et\/#\/schema\/logo\/image\/\",\"url\":\"https:\/\/baubauwall.com\/wp-content\/uploads\/2022\/03\/logo-horizontal.svg\",\"contentUrl\":\"https:\/\/baubauwall.com\/wp-content\/uploads\/2022\/03\/logo-horizontal.svg\",\"width\":\"1024\",\"height\":\"1024\",\"caption\":\"BAUBAUWALL Wallpapers\"},\"image\":{\"@id\":\"https:\/\/baubauwall.com\/et\/#\/schema\/logo\/image\/\"},\"sameAs\":[\"https:\/\/www.facebook.com\/Baubauwall\",\"https:\/\/www.instagram.com\/baubauwall\"]}]}<\/script>\n<!-- \/ Yoast SEO plugin. -->","yoast_head_json":{"title":"Polaarp\u00e4eva polaroidid - efektne disaintapeet","description":"Tapeet t\u00e4is m\u00e4lestusi, talletatud nagu polaroid kaadritele. Efektne tapeet avalikku ruumi v\u00f5i koju looma t\u00e4iuslikku tasakaalu minimalismi ja k\u00fclluse vahel","robots":{"index":"index","follow":"follow","max-snippet":"max-snippet:-1","max-image-preview":"max-image-preview:large","max-video-preview":"max-video-preview:-1"},"canonical":"https:\/\/baubauwall.com\/et\/toode\/pilttapeet-polaarpaeva-polaroidid\/","og_locale":"et_EE","og_type":"article","og_title":"BAUBAUWALL TAPEEDID","og_description":"Tapeet t\u00e4is m\u00e4lestusi, talletatud nagu polaroid kaadritele. Efektne tapeet avalikku ruumi v\u00f5i koju looma t\u00e4iuslikku tasakaalu minimalismi ja k\u00fclluse vahel","og_url":"https:\/\/baubauwall.com\/et\/toode\/pilttapeet-polaarpaeva-polaroidid\/","og_site_name":"BAUBAUWALL TAPEEDID","article_publisher":"https:\/\/www.facebook.com\/Baubauwall","article_modified_time":"2024-12-19T12:10:32+00:00","og_image":[{"width":1669,"height":1277,"url":"https:\/\/baubauwall.com\/wp-content\/uploads\/2022\/11\/51200451_PolarDayMemories_Baubauwall_Wall_Mural_wallpaper_room-3.jpg","type":"image\/jpeg"}],"twitter_card":"summary_large_image","twitter_misc":{"Est. reading time":"1 minut"},"schema":{"@context":"https:\/\/schema.org","@graph":[{"@type":"WebPage","@id":"https:\/\/baubauwall.com\/et\/toode\/pilttapeet-polaarpaeva-polaroidid\/","url":"https:\/\/baubauwall.com\/et\/toode\/pilttapeet-polaarpaeva-polaroidid\/","name":"Polaarp\u00e4eva polaroidid - efektne disaintapeet","isPartOf":{"@id":"https:\/\/baubauwall.com\/et\/#website"},"primaryImageOfPage":{"@id":"https:\/\/baubauwall.com\/et\/toode\/pilttapeet-polaarpaeva-polaroidid\/#primaryimage"},"image":{"@id":"https:\/\/baubauwall.com\/et\/toode\/pilttapeet-polaarpaeva-polaroidid\/#primaryimage"},"thumbnailUrl":"https:\/\/baubauwall.com\/wp-content\/uploads\/2024\/11\/51200451_PolarDayMemories_Baubauwall_Wall_Mural_wallpaper_room-2.jpg","datePublished":"2024-11-25T15:00:31+00:00","dateModified":"2024-12-19T12:10:32+00:00","description":"Tapeet t\u00e4is m\u00e4lestusi, talletatud nagu polaroid kaadritele. Efektne tapeet avalikku ruumi v\u00f5i koju looma t\u00e4iuslikku tasakaalu minimalismi ja k\u00fclluse vahel","breadcrumb":{"@id":"https:\/\/baubauwall.com\/et\/toode\/pilttapeet-polaarpaeva-polaroidid\/#breadcrumb"},"inLanguage":"et","potentialAction":[{"@type":"ReadAction","target":["https:\/\/baubauwall.com\/et\/toode\/pilttapeet-polaarpaeva-polaroidid\/"]}]},{"@type":"ImageObject","inLanguage":"et","@id":"https:\/\/baubauwall.com\/et\/toode\/pilttapeet-polaarpaeva-polaroidid\/#primaryimage","url":"https:\/\/baubauwall.com\/wp-content\/uploads\/2024\/11\/51200451_PolarDayMemories_Baubauwall_Wall_Mural_wallpaper_room-2.jpg","contentUrl":"https:\/\/baubauwall.com\/wp-content\/uploads\/2024\/11\/51200451_PolarDayMemories_Baubauwall_Wall_Mural_wallpaper_room-2.jpg","width":1272,"height":964,"caption":"Bedroom feature wall wallpaper by Baubauwall"},{"@type":"BreadcrumbList","@id":"https:\/\/baubauwall.com\/et\/toode\/pilttapeet-polaarpaeva-polaroidid\/#breadcrumb","itemListElement":[{"@type":"ListItem","position":1,"name":"Koju","item":"https:\/\/baubauwall.com\/et\/"},{"@type":"ListItem","position":2,"name":"Tapeedid","item":"https:\/\/baubauwall.com\/et\/tapeedid\/"},{"@type":"ListItem","position":3,"name":"Polaarp\u00e4eva polaroidid"}]},{"@type":"WebSite","@id":"https:\/\/baubauwall.com\/et\/#website","url":"https:\/\/baubauwall.com\/et\/","name":"BAUBAUWALL Wallpapers","description":"Valmis paanides tapeet Eestist!","publisher":{"@id":"https:\/\/baubauwall.com\/et\/#organization"},"potentialAction":[{"@type":"SearchAction","target":{"@type":"EntryPoint","urlTemplate":"https:\/\/baubauwall.com\/et\/?s={search_term_string}"},"query-input":{"@type":"PropertyValueSpecification","valueRequired":true,"valueName":"search_term_string"}}],"inLanguage":"et"},{"@type":"Organization","@id":"https:\/\/baubauwall.com\/et\/#organization","name":"BAUBAUWALL Wallpapers","url":"https:\/\/baubauwall.com\/et\/","logo":{"@type":"ImageObject","inLanguage":"et","@id":"https:\/\/baubauwall.com\/et\/#\/schema\/logo\/image\/","url":"https:\/\/baubauwall.com\/wp-content\/uploads\/2022\/03\/logo-horizontal.svg","contentUrl":"https:\/\/baubauwall.com\/wp-content\/uploads\/2022\/03\/logo-horizontal.svg","width":"1024","height":"1024","caption":"BAUBAUWALL Wallpapers"},"image":{"@id":"https:\/\/baubauwall.com\/et\/#\/schema\/logo\/image\/"},"sameAs":["https:\/\/www.facebook.com\/Baubauwall","https:\/\/www.instagram.com\/baubauwall"]}]}},"jetpack_sharing_enabled":true,"_links":{"self":[{"href":"https:\/\/baubauwall.com\/et\/wp-json\/wp\/v2\/product\/39886","targetHints":{"allow":["GET"]}}],"collection":[{"href":"https:\/\/baubauwall.com\/et\/wp-json\/wp\/v2\/product"}],"about":[{"href":"https:\/\/baubauwall.com\/et\/wp-json\/wp\/v2\/types\/product"}],"replies":[{"embeddable":true,"href":"https:\/\/baubauwall.com\/et\/wp-json\/wp\/v2\/comments?post=39886"}],"wp:featuredmedia":[{"embeddable":true,"href":"https:\/\/baubauwall.com\/et\/wp-json\/wp\/v2\/media\/39884"}],"wp:attachment":[{"href":"https:\/\/baubauwall.com\/et\/wp-json\/wp\/v2\/media?parent=39886"}],"wp:term":[{"taxonomy":"product_brand","embeddable":true,"href":"https:\/\/baubauwall.com\/et\/wp-json\/wp\/v2\/product_brand?post=39886"},{"taxonomy":"product_cat","embeddable":true,"href":"https:\/\/baubauwall.com\/et\/wp-json\/wp\/v2\/product_cat?post=39886"},{"taxonomy":"product_tag","embeddable":true,"href":"https:\/\/baubauwall.com\/et\/wp-json\/wp\/v2\/product_tag?post=39886"}],"curies":[{"name":"wp","href":"https:\/\/api.w.org\/{rel}","templated":true}]}}