{"id":39903,"date":"2024-11-25T19:10:12","date_gmt":"2024-11-25T17:10:12","guid":{"rendered":"https:\/\/baubauwall.com\/?post_type=product&#038;p=39903"},"modified":"2025-07-31T11:14:04","modified_gmt":"2025-07-31T09:14:04","slug":"pilttapeet-arhipelaag-dunaamika","status":"publish","type":"product","link":"https:\/\/baubauwall.com\/et\/toode\/pilttapeet-arhipelaag-dunaamika\/","title":{"rendered":"Arhipelaag: d\u00fcnaamika"},"content":{"rendered":"<p>Disaintapeet, mis kombineerib oskuslikult musta, sinepikollase, tumehalli ja valge v\u00e4rvi. Pilttapeedi disain on inspireeritud suvise P\u00f5hja-Soome saarestikest, vetest ja radadest. &#8220;Arhipelaag: d\u00fcnaamika&#8221; on autori <strong>Triinu Silla\u00a0<\/strong>t\u00f5lgendus P\u00f5hja-Soomes suvel n\u00e4htust ja kogetust. Disaintapeet, mis peegeldab looduse d\u00fcnaamikat, kaasaegses v\u00f5tmes. <a href=\"https:\/\/edasi.org\/251304\/mood-disain-arhitektuur-veebruari-uudised-3\/\" target=\"_blank\" rel=\"noopener\">Tapeedikollektsiooni idee<\/a> ja disainid ongi loodud Triinu reisim\u00e4lestustest suvises P\u00f5hja-Soomes ja Norras. K\u00e4sitsi valmistatud pintslite ja hoolikalt valitud tintidega maalis ta kogetu tapeetidele. Need autentsust t\u00e4is pilttapeedid on loodud muutma seinad lugudeks. Ideaalne valik julgesesse interj\u00f6\u00f6ri \u2013 olgu selleks\u00a0 kodu v\u00f5i avalik ruum.<\/p>\n<p><strong>Stiilinipp:<\/strong> vali interj\u00f6\u00f6ri muu sisustuse p\u00f5hiv\u00e4rvid n\u00e4pates tapeedilt ideid: must ja\/v\u00f5i sinepikollane!<\/p>\n<p><strong>Miks valida pilttapeet Baubauwallist? Sest me teeme tapeedi valimise, ostmise ja paigalduse lihtsaks.\u00a0<\/strong><\/p>\n<ul>\n<li>Eesti disain, Eesti ettev\u00f5te<\/li>\n<li>Tr\u00fckime t\u00e4pselt Sinu seina m\u00f5\u00f5dus tapeedi<\/li>\n<li>Just nii pikad tapeedipaanid, kui on Sinu sein<\/li>\n<li>Premium, matt fliistapeedi materjal, 100% taaskasutatud kiust<\/li>\n<li>M\u00fcrgivabad tr\u00fckiv\u00e4rvid, Greenguard sertifitseeritud<\/li>\n<li>Keskkonnas\u00f5bralik, j\u00e4\u00e4tmevaba tapeetimine<\/li>\n<li>Tasuta tapeediliim<\/li>\n<li>Tasuta transport ja kiire tarne 5 t\u00f6\u00f6p\u00e4evaga<\/li>\n<\/ul>\n<p>Loe l\u00e4hemalt nutikatest, eritellimust\u00f6\u00f6na valmivatest tapeetidest\u00a0<a href=\"https:\/\/baubauwall.com\/et\/keskkonnasobralikud-tapeedid\/\">siit.<\/a><\/p>\n","protected":false},"excerpt":{"rendered":"<p>Disaintapeet, mis kombineerib oskuslikult musta, sinepikollase, tumehalli ja valge v\u00e4rvi. Pilttapeedi disain on inspireeritud suvise P\u00f5hja-Soome saarestikest, vetest ja radadest. &#8220;Arhipelaag: d\u00fcnaamika&#8221; on autori Triinu Silla\u00a0t\u00f5lgendus P\u00f5hja-Soomes suvel n\u00e4htust ja kogetust. Disaintapeet, mis peegeldab looduse d\u00fcnaamikat, kaasaegses v\u00f5tmes. Tapeedikollektsiooni idee ja disainid ongi loodud Triinu reisim\u00e4lestustest suvises P\u00f5hja-Soomes ja Norras. K\u00e4sitsi valmistatud pintslite ja hoolikalt [&hellip;]<\/p>\n","protected":false},"featured_media":40535,"comment_status":"open","ping_status":"closed","template":"","meta":{"_acf_changed":false,"inline_featured_image":false},"product_brand":[],"product_cat":[748,387,622,404,447,266,270,411,752,413],"product_tag":[320,750,345],"class_list":{"0":"post-39903","1":"product","2":"type-product","3":"status-publish","4":"has-post-thumbnail","6":"product_cat-metsik-tint-tapeedid","7":"product_cat-pilttapeedid","8":"product_cat-julged-tapeedid","9":"product_cat-abstraktne","10":"product_cat-maksimalistlik-et","11":"product_cat-mustad-tapeedid","12":"product_cat-tumedad-tapeedid","13":"product_cat-kollased-tapeedid","14":"product_cat-avalik-ruum","15":"product_cat-magamistoa-tapeedid","16":"product_tag-kasitoo","17":"product_tag-metsik-tint","18":"product_tag-pilttapeet","19":"pa_designedby-triinu-silla","21":"first","22":"instock","23":"taxable","24":"shipping-taxable","25":"purchasable","26":"product-type-simple"},"acf":[],"yoast_head":"<!-- This site is optimized with the Yoast SEO plugin v25.9 - https:\/\/yoast.com\/wordpress\/plugins\/seo\/ -->\n<title>Arhipelaag: d\u00fcnaamika - efektne disaintapeet<\/title>\n<meta name=\"description\" content=\"Disaintapeet koju v\u00f5i avalikku ruumi. Abstraktne, P\u00f5hjamaine disain tapeet. Metsik tint tapeedikollektsioon t\u00e4is julgeid tapeete teie interj\u00f6\u00f6ridesse\" \/>\n<meta name=\"robots\" content=\"index, follow, max-snippet:-1, max-image-preview:large, max-video-preview:-1\" \/>\n<link rel=\"canonical\" href=\"https:\/\/baubauwall.com\/et\/toode\/pilttapeet-arhipelaag-dunaamika\/\" \/>\n<meta property=\"og:locale\" content=\"et_EE\" \/>\n<meta property=\"og:type\" content=\"article\" \/>\n<meta property=\"og:title\" content=\"BAUBAUWALL TAPEEDID\" \/>\n<meta property=\"og:description\" content=\"Arhipelaag: d\u00fcnaamika\" \/>\n<meta property=\"og:url\" content=\"https:\/\/baubauwall.com\/et\/toode\/pilttapeet-arhipelaag-dunaamika\/\" \/>\n<meta property=\"og:site_name\" content=\"BAUBAUWALL TAPEEDID\" \/>\n<meta property=\"article:publisher\" content=\"https:\/\/www.facebook.com\/Baubauwall\" \/>\n<meta property=\"article:modified_time\" content=\"2025-07-31T09:14:04+00:00\" \/>\n<meta property=\"og:image\" content=\"https:\/\/baubauwall.com\/wp-content\/uploads\/2022\/11\/51200439_ArchipelagoPaintedPaths_Baubauwall_Wall_Mural_preview.jpg\" \/>\n\t<meta property=\"og:image:width\" content=\"1600\" \/>\n\t<meta property=\"og:image:height\" content=\"800\" \/>\n\t<meta property=\"og:image:type\" content=\"image\/jpeg\" \/>\n<meta name=\"twitter:card\" content=\"summary_large_image\" \/>\n<meta name=\"twitter:label1\" content=\"Est. reading time\" \/>\n\t<meta name=\"twitter:data1\" content=\"1 minut\" \/>\n<script type=\"application\/ld+json\" class=\"yoast-schema-graph\">{\"@context\":\"https:\/\/schema.org\",\"@graph\":[{\"@type\":\"WebPage\",\"@id\":\"https:\/\/baubauwall.com\/et\/toode\/pilttapeet-arhipelaag-dunaamika\/\",\"url\":\"https:\/\/baubauwall.com\/et\/toode\/pilttapeet-arhipelaag-dunaamika\/\",\"name\":\"Arhipelaag: d\u00fcnaamika - efektne disaintapeet\",\"isPartOf\":{\"@id\":\"https:\/\/baubauwall.com\/et\/#website\"},\"primaryImageOfPage\":{\"@id\":\"https:\/\/baubauwall.com\/et\/toode\/pilttapeet-arhipelaag-dunaamika\/#primaryimage\"},\"image\":{\"@id\":\"https:\/\/baubauwall.com\/et\/toode\/pilttapeet-arhipelaag-dunaamika\/#primaryimage\"},\"thumbnailUrl\":\"https:\/\/baubauwall.com\/wp-content\/uploads\/2024\/11\/51200440_ArchipelagoInMotion_Baubauwall_Wall_Mural_room5.jpg\",\"datePublished\":\"2024-11-25T17:10:12+00:00\",\"dateModified\":\"2025-07-31T09:14:04+00:00\",\"description\":\"Disaintapeet koju v\u00f5i avalikku ruumi. Abstraktne, P\u00f5hjamaine disain tapeet. Metsik tint tapeedikollektsioon t\u00e4is julgeid tapeete teie interj\u00f6\u00f6ridesse\",\"breadcrumb\":{\"@id\":\"https:\/\/baubauwall.com\/et\/toode\/pilttapeet-arhipelaag-dunaamika\/#breadcrumb\"},\"inLanguage\":\"et\",\"potentialAction\":[{\"@type\":\"ReadAction\",\"target\":[\"https:\/\/baubauwall.com\/et\/toode\/pilttapeet-arhipelaag-dunaamika\/\"]}]},{\"@type\":\"ImageObject\",\"inLanguage\":\"et\",\"@id\":\"https:\/\/baubauwall.com\/et\/toode\/pilttapeet-arhipelaag-dunaamika\/#primaryimage\",\"url\":\"https:\/\/baubauwall.com\/wp-content\/uploads\/2024\/11\/51200440_ArchipelagoInMotion_Baubauwall_Wall_Mural_room5.jpg\",\"contentUrl\":\"https:\/\/baubauwall.com\/wp-content\/uploads\/2024\/11\/51200440_ArchipelagoInMotion_Baubauwall_Wall_Mural_room5.jpg\",\"width\":2400,\"height\":1600,\"caption\":\"Striking accent wall wallpaper with mustard yellow and black set on a office wall. Baubauwall Wallpapers\"},{\"@type\":\"BreadcrumbList\",\"@id\":\"https:\/\/baubauwall.com\/et\/toode\/pilttapeet-arhipelaag-dunaamika\/#breadcrumb\",\"itemListElement\":[{\"@type\":\"ListItem\",\"position\":1,\"name\":\"Koju\",\"item\":\"https:\/\/baubauwall.com\/et\/\"},{\"@type\":\"ListItem\",\"position\":2,\"name\":\"Tapeedid\",\"item\":\"https:\/\/baubauwall.com\/et\/tapeedid\/\"},{\"@type\":\"ListItem\",\"position\":3,\"name\":\"Arhipelaag: d\u00fcnaamika\"}]},{\"@type\":\"WebSite\",\"@id\":\"https:\/\/baubauwall.com\/et\/#website\",\"url\":\"https:\/\/baubauwall.com\/et\/\",\"name\":\"BAUBAUWALL Wallpapers\",\"description\":\"Valmis paanides tapeet Eestist!\",\"publisher\":{\"@id\":\"https:\/\/baubauwall.com\/et\/#organization\"},\"potentialAction\":[{\"@type\":\"SearchAction\",\"target\":{\"@type\":\"EntryPoint\",\"urlTemplate\":\"https:\/\/baubauwall.com\/et\/?s={search_term_string}\"},\"query-input\":{\"@type\":\"PropertyValueSpecification\",\"valueRequired\":true,\"valueName\":\"search_term_string\"}}],\"inLanguage\":\"et\"},{\"@type\":\"Organization\",\"@id\":\"https:\/\/baubauwall.com\/et\/#organization\",\"name\":\"BAUBAUWALL Wallpapers\",\"url\":\"https:\/\/baubauwall.com\/et\/\",\"logo\":{\"@type\":\"ImageObject\",\"inLanguage\":\"et\",\"@id\":\"https:\/\/baubauwall.com\/et\/#\/schema\/logo\/image\/\",\"url\":\"https:\/\/baubauwall.com\/wp-content\/uploads\/2022\/03\/logo-horizontal.svg\",\"contentUrl\":\"https:\/\/baubauwall.com\/wp-content\/uploads\/2022\/03\/logo-horizontal.svg\",\"width\":\"1024\",\"height\":\"1024\",\"caption\":\"BAUBAUWALL Wallpapers\"},\"image\":{\"@id\":\"https:\/\/baubauwall.com\/et\/#\/schema\/logo\/image\/\"},\"sameAs\":[\"https:\/\/www.facebook.com\/Baubauwall\",\"https:\/\/www.instagram.com\/baubauwall\"]}]}<\/script>\n<!-- \/ Yoast SEO plugin. -->","yoast_head_json":{"title":"Arhipelaag: d\u00fcnaamika - efektne disaintapeet","description":"Disaintapeet koju v\u00f5i avalikku ruumi. Abstraktne, P\u00f5hjamaine disain tapeet. Metsik tint tapeedikollektsioon t\u00e4is julgeid tapeete teie interj\u00f6\u00f6ridesse","robots":{"index":"index","follow":"follow","max-snippet":"max-snippet:-1","max-image-preview":"max-image-preview:large","max-video-preview":"max-video-preview:-1"},"canonical":"https:\/\/baubauwall.com\/et\/toode\/pilttapeet-arhipelaag-dunaamika\/","og_locale":"et_EE","og_type":"article","og_title":"BAUBAUWALL TAPEEDID","og_description":"Arhipelaag: d\u00fcnaamika","og_url":"https:\/\/baubauwall.com\/et\/toode\/pilttapeet-arhipelaag-dunaamika\/","og_site_name":"BAUBAUWALL TAPEEDID","article_publisher":"https:\/\/www.facebook.com\/Baubauwall","article_modified_time":"2025-07-31T09:14:04+00:00","og_image":[{"width":1600,"height":800,"url":"https:\/\/baubauwall.com\/wp-content\/uploads\/2022\/11\/51200439_ArchipelagoPaintedPaths_Baubauwall_Wall_Mural_preview.jpg","type":"image\/jpeg"}],"twitter_card":"summary_large_image","twitter_misc":{"Est. reading time":"1 minut"},"schema":{"@context":"https:\/\/schema.org","@graph":[{"@type":"WebPage","@id":"https:\/\/baubauwall.com\/et\/toode\/pilttapeet-arhipelaag-dunaamika\/","url":"https:\/\/baubauwall.com\/et\/toode\/pilttapeet-arhipelaag-dunaamika\/","name":"Arhipelaag: d\u00fcnaamika - efektne disaintapeet","isPartOf":{"@id":"https:\/\/baubauwall.com\/et\/#website"},"primaryImageOfPage":{"@id":"https:\/\/baubauwall.com\/et\/toode\/pilttapeet-arhipelaag-dunaamika\/#primaryimage"},"image":{"@id":"https:\/\/baubauwall.com\/et\/toode\/pilttapeet-arhipelaag-dunaamika\/#primaryimage"},"thumbnailUrl":"https:\/\/baubauwall.com\/wp-content\/uploads\/2024\/11\/51200440_ArchipelagoInMotion_Baubauwall_Wall_Mural_room5.jpg","datePublished":"2024-11-25T17:10:12+00:00","dateModified":"2025-07-31T09:14:04+00:00","description":"Disaintapeet koju v\u00f5i avalikku ruumi. Abstraktne, P\u00f5hjamaine disain tapeet. Metsik tint tapeedikollektsioon t\u00e4is julgeid tapeete teie interj\u00f6\u00f6ridesse","breadcrumb":{"@id":"https:\/\/baubauwall.com\/et\/toode\/pilttapeet-arhipelaag-dunaamika\/#breadcrumb"},"inLanguage":"et","potentialAction":[{"@type":"ReadAction","target":["https:\/\/baubauwall.com\/et\/toode\/pilttapeet-arhipelaag-dunaamika\/"]}]},{"@type":"ImageObject","inLanguage":"et","@id":"https:\/\/baubauwall.com\/et\/toode\/pilttapeet-arhipelaag-dunaamika\/#primaryimage","url":"https:\/\/baubauwall.com\/wp-content\/uploads\/2024\/11\/51200440_ArchipelagoInMotion_Baubauwall_Wall_Mural_room5.jpg","contentUrl":"https:\/\/baubauwall.com\/wp-content\/uploads\/2024\/11\/51200440_ArchipelagoInMotion_Baubauwall_Wall_Mural_room5.jpg","width":2400,"height":1600,"caption":"Striking accent wall wallpaper with mustard yellow and black set on a office wall. Baubauwall Wallpapers"},{"@type":"BreadcrumbList","@id":"https:\/\/baubauwall.com\/et\/toode\/pilttapeet-arhipelaag-dunaamika\/#breadcrumb","itemListElement":[{"@type":"ListItem","position":1,"name":"Koju","item":"https:\/\/baubauwall.com\/et\/"},{"@type":"ListItem","position":2,"name":"Tapeedid","item":"https:\/\/baubauwall.com\/et\/tapeedid\/"},{"@type":"ListItem","position":3,"name":"Arhipelaag: d\u00fcnaamika"}]},{"@type":"WebSite","@id":"https:\/\/baubauwall.com\/et\/#website","url":"https:\/\/baubauwall.com\/et\/","name":"BAUBAUWALL Wallpapers","description":"Valmis paanides tapeet Eestist!","publisher":{"@id":"https:\/\/baubauwall.com\/et\/#organization"},"potentialAction":[{"@type":"SearchAction","target":{"@type":"EntryPoint","urlTemplate":"https:\/\/baubauwall.com\/et\/?s={search_term_string}"},"query-input":{"@type":"PropertyValueSpecification","valueRequired":true,"valueName":"search_term_string"}}],"inLanguage":"et"},{"@type":"Organization","@id":"https:\/\/baubauwall.com\/et\/#organization","name":"BAUBAUWALL Wallpapers","url":"https:\/\/baubauwall.com\/et\/","logo":{"@type":"ImageObject","inLanguage":"et","@id":"https:\/\/baubauwall.com\/et\/#\/schema\/logo\/image\/","url":"https:\/\/baubauwall.com\/wp-content\/uploads\/2022\/03\/logo-horizontal.svg","contentUrl":"https:\/\/baubauwall.com\/wp-content\/uploads\/2022\/03\/logo-horizontal.svg","width":"1024","height":"1024","caption":"BAUBAUWALL Wallpapers"},"image":{"@id":"https:\/\/baubauwall.com\/et\/#\/schema\/logo\/image\/"},"sameAs":["https:\/\/www.facebook.com\/Baubauwall","https:\/\/www.instagram.com\/baubauwall"]}]}},"jetpack_sharing_enabled":true,"_links":{"self":[{"href":"https:\/\/baubauwall.com\/et\/wp-json\/wp\/v2\/product\/39903","targetHints":{"allow":["GET"]}}],"collection":[{"href":"https:\/\/baubauwall.com\/et\/wp-json\/wp\/v2\/product"}],"about":[{"href":"https:\/\/baubauwall.com\/et\/wp-json\/wp\/v2\/types\/product"}],"replies":[{"embeddable":true,"href":"https:\/\/baubauwall.com\/et\/wp-json\/wp\/v2\/comments?post=39903"}],"wp:featuredmedia":[{"embeddable":true,"href":"https:\/\/baubauwall.com\/et\/wp-json\/wp\/v2\/media\/40535"}],"wp:attachment":[{"href":"https:\/\/baubauwall.com\/et\/wp-json\/wp\/v2\/media?parent=39903"}],"wp:term":[{"taxonomy":"product_brand","embeddable":true,"href":"https:\/\/baubauwall.com\/et\/wp-json\/wp\/v2\/product_brand?post=39903"},{"taxonomy":"product_cat","embeddable":true,"href":"https:\/\/baubauwall.com\/et\/wp-json\/wp\/v2\/product_cat?post=39903"},{"taxonomy":"product_tag","embeddable":true,"href":"https:\/\/baubauwall.com\/et\/wp-json\/wp\/v2\/product_tag?post=39903"}],"curies":[{"name":"wp","href":"https:\/\/api.w.org\/{rel}","templated":true}]}}