{"id":39955,"date":"2024-11-25T17:00:31","date_gmt":"2024-11-25T15:00:31","guid":{"rendered":"https:\/\/baubauwall.com\/?post_type=product&#038;p=39955"},"modified":"2024-12-19T14:23:36","modified_gmt":"2024-12-19T12:23:36","slug":"pilttpaeet-metsik-tint-must","status":"publish","type":"product","link":"https:\/\/baubauwall.com\/et\/toode\/pilttpaeet-metsik-tint-must\/","title":{"rendered":"Metsik tint &#8211; must"},"content":{"rendered":"<p>Julge, abstraktne ja t\u00e4is kontraste. &#8220;Metsik Tint&#8221; on efektne pilttapeet, mis loob interj\u00f6\u00f6ris v\u00e4ljendusrikka atmosf\u00e4\u00e4ri. Mustvalge disain on paljude sisustajate lemmik v\u00e4rvikombinatsioon &#8211; l\u00f5ppude l\u00f5puks on must alati \u0161ikk ning valge&#8230;helge! See vastandv\u00e4rvides pilttapeet tekitab seinal kahtlemata vau efekti. Terviklik disain on t\u00e4is julgeid pintslit\u00f5mbeid, energilisi v\u00e4rvipritsmeid, mis moodustavad efektse koosluse. Paigalda pilttapeet \u00fchele seinale, olgu selleks avalik ruum v\u00f5i kodu s\u00f6\u00f6gituba.<\/p>\n<p>Tapeedikollektsiooni \u201c<a href=\"https:\/\/baubauwall.com\/et\/tootekategooria\/tapeedi-kollektsioonid\/metsik-tint-tapeedid\/\"><strong>Metsik tint<\/strong><\/a>\u201d idee ja disainid on loodud\u00a0<strong>Triinu Silla<\/strong> reisim\u00e4lestustest suvises P\u00f5hja-Soomes ja Norras. K\u00e4sitsi valmistatud pintslite ja hoolikalt valitud tintidega maalis ta kogetu tapeetidele. Need autentsust t\u00e4is pilttapeedid on loodud muutma seinad lugudeks.<\/p>\n<p><strong>Miks valida pilttapeet Baubauwallist? Sest me teeme tapeedi valimise, ostmise ja paigalduse lihtsaks.\u00a0<\/strong><\/p>\n<ul>\n<li>Eesti disain, Eesti ettev\u00f5te<\/li>\n<li>Tr\u00fckime t\u00e4pselt Sinu seina m\u00f5\u00f5dus tapeedi<\/li>\n<li>Just nii pikad tapeedipaanid, kui on Sinu sein<\/li>\n<li>Premium, matt fliistapeedi materjal, 100% taaskasutatud kiust<\/li>\n<li>M\u00fcrgivabad tr\u00fckiv\u00e4rvid, Greenguard sertifitseeritud<\/li>\n<li>Keskkonnas\u00f5bralik, j\u00e4\u00e4tmevaba tapeetimine<\/li>\n<li>Tasuta tapeediliim<\/li>\n<li>Tasuta transport ja kiire tarne 5 t\u00f6\u00f6p\u00e4evaga<\/li>\n<\/ul>\n","protected":false},"excerpt":{"rendered":"<p>Julge, abstraktne ja t\u00e4is kontraste. &#8220;Metsik Tint&#8221; on efektne pilttapeet, mis loob interj\u00f6\u00f6ris v\u00e4ljendusrikka atmosf\u00e4\u00e4ri. Mustvalge disain on paljude sisustajate lemmik v\u00e4rvikombinatsioon &#8211; l\u00f5ppude l\u00f5puks on must alati \u0161ikk ning valge&#8230;helge! See vastandv\u00e4rvides pilttapeet tekitab seinal kahtlemata vau efekti. Terviklik disain on t\u00e4is julgeid pintslit\u00f5mbeid, energilisi v\u00e4rvipritsmeid, mis moodustavad efektse koosluse. Paigalda pilttapeet \u00fchele seinale, [&hellip;]<\/p>\n","protected":false},"featured_media":40304,"comment_status":"open","ping_status":"closed","template":"","meta":{"_acf_changed":false,"inline_featured_image":false},"product_brand":[],"product_cat":[748,387,622,447,396,266,270,752,413,414,399,402,699,583],"product_tag":[320,750,345,381],"class_list":{"0":"post-39955","1":"product","2":"type-product","3":"status-publish","4":"has-post-thumbnail","6":"product_cat-metsik-tint-tapeedid","7":"product_cat-pilttapeedid","8":"product_cat-julged-tapeedid","9":"product_cat-maksimalistlik-et","10":"product_cat-skandinaavia","11":"product_cat-mustad-tapeedid","12":"product_cat-tumedad-tapeedid","13":"product_cat-avalik-ruum","14":"product_cat-magamistoa-tapeedid","15":"product_cat-soogitoa-tapeedid","16":"product_cat-kodukontori-tapeedid","17":"product_cat-elutoa-tapeedid","18":"product_cat-eesti-disain-tapeedid","19":"product_cat-vesivarv","20":"product_tag-kasitoo","21":"product_tag-metsik-tint","22":"product_tag-pilttapeet","23":"product_tag-vesivarv","24":"pa_designedby-triinu-silla","26":"first","27":"instock","28":"taxable","29":"shipping-taxable","30":"purchasable","31":"product-type-simple"},"acf":[],"yoast_head":"<!-- This site is optimized with the Yoast SEO plugin v25.9 - https:\/\/yoast.com\/wordpress\/plugins\/seo\/ -->\n<title>Metsik tint - must . Efektne pilttapeet<\/title>\n<meta name=\"description\" content=\"Must tapeet koju v\u00f5i avaliku ruumi interj\u00f6\u00f6ri. K\u00e4sitsi maalitud P\u00f5hjamaa loodus disaintapeedil. Must tapeet, mis pole s\u00fcnge, vaid efektne\" \/>\n<meta name=\"robots\" content=\"index, follow, max-snippet:-1, max-image-preview:large, max-video-preview:-1\" \/>\n<link rel=\"canonical\" href=\"https:\/\/baubauwall.com\/et\/toode\/pilttpaeet-metsik-tint-must\/\" \/>\n<meta property=\"og:locale\" content=\"et_EE\" \/>\n<meta property=\"og:type\" content=\"article\" \/>\n<meta property=\"og:title\" content=\"BAUBAUWALL TAPEEDID\" \/>\n<meta property=\"og:description\" content=\"Must tapeet koju v\u00f5i avaliku ruumi interj\u00f6\u00f6ri. K\u00e4sitsi maalitud P\u00f5hjamaa loodus disaintapeedil. Must tapeet, mis pole s\u00fcnge, vaid efektne\" \/>\n<meta property=\"og:url\" content=\"https:\/\/baubauwall.com\/et\/toode\/pilttpaeet-metsik-tint-must\/\" \/>\n<meta property=\"og:site_name\" content=\"BAUBAUWALL TAPEEDID\" \/>\n<meta property=\"article:publisher\" content=\"https:\/\/www.facebook.com\/Baubauwall\" \/>\n<meta property=\"article:modified_time\" content=\"2024-12-19T12:23:36+00:00\" \/>\n<meta name=\"twitter:card\" content=\"summary_large_image\" \/>\n<meta name=\"twitter:image\" content=\"https:\/\/baubauwall.com\/wp-content\/uploads\/2024\/11\/51200452_WildInk-Black_Baubauwall_Wall_Mural.jpg\" \/>\n<meta name=\"twitter:label1\" content=\"Est. reading time\" \/>\n\t<meta name=\"twitter:data1\" content=\"1 minut\" \/>\n<script type=\"application\/ld+json\" class=\"yoast-schema-graph\">{\"@context\":\"https:\/\/schema.org\",\"@graph\":[{\"@type\":\"WebPage\",\"@id\":\"https:\/\/baubauwall.com\/et\/toode\/pilttpaeet-metsik-tint-must\/\",\"url\":\"https:\/\/baubauwall.com\/et\/toode\/pilttpaeet-metsik-tint-must\/\",\"name\":\"Metsik tint - must . Efektne pilttapeet\",\"isPartOf\":{\"@id\":\"https:\/\/baubauwall.com\/et\/#website\"},\"primaryImageOfPage\":{\"@id\":\"https:\/\/baubauwall.com\/et\/toode\/pilttpaeet-metsik-tint-must\/#primaryimage\"},\"image\":{\"@id\":\"https:\/\/baubauwall.com\/et\/toode\/pilttpaeet-metsik-tint-must\/#primaryimage\"},\"thumbnailUrl\":\"https:\/\/baubauwall.com\/wp-content\/uploads\/2024\/11\/51200452_WildInk-Black_Baubauwall_Wall_Mural.jpg\",\"datePublished\":\"2024-11-25T15:00:31+00:00\",\"dateModified\":\"2024-12-19T12:23:36+00:00\",\"description\":\"Must tapeet koju v\u00f5i avaliku ruumi interj\u00f6\u00f6ri. K\u00e4sitsi maalitud P\u00f5hjamaa loodus disaintapeedil. Must tapeet, mis pole s\u00fcnge, vaid efektne\",\"breadcrumb\":{\"@id\":\"https:\/\/baubauwall.com\/et\/toode\/pilttpaeet-metsik-tint-must\/#breadcrumb\"},\"inLanguage\":\"et\",\"potentialAction\":[{\"@type\":\"ReadAction\",\"target\":[\"https:\/\/baubauwall.com\/et\/toode\/pilttpaeet-metsik-tint-must\/\"]}]},{\"@type\":\"ImageObject\",\"inLanguage\":\"et\",\"@id\":\"https:\/\/baubauwall.com\/et\/toode\/pilttpaeet-metsik-tint-must\/#primaryimage\",\"url\":\"https:\/\/baubauwall.com\/wp-content\/uploads\/2024\/11\/51200452_WildInk-Black_Baubauwall_Wall_Mural.jpg\",\"contentUrl\":\"https:\/\/baubauwall.com\/wp-content\/uploads\/2024\/11\/51200452_WildInk-Black_Baubauwall_Wall_Mural.jpg\",\"width\":1008,\"height\":756,\"caption\":\"Designer wall mural - Wild Ink Wallpaper collection. Hand made detail of a wallpaper by Baubauwall\"},{\"@type\":\"BreadcrumbList\",\"@id\":\"https:\/\/baubauwall.com\/et\/toode\/pilttpaeet-metsik-tint-must\/#breadcrumb\",\"itemListElement\":[{\"@type\":\"ListItem\",\"position\":1,\"name\":\"Koju\",\"item\":\"https:\/\/baubauwall.com\/et\/\"},{\"@type\":\"ListItem\",\"position\":2,\"name\":\"Tapeedid\",\"item\":\"https:\/\/baubauwall.com\/et\/tapeedid\/\"},{\"@type\":\"ListItem\",\"position\":3,\"name\":\"Metsik tint &#8211; must\"}]},{\"@type\":\"WebSite\",\"@id\":\"https:\/\/baubauwall.com\/et\/#website\",\"url\":\"https:\/\/baubauwall.com\/et\/\",\"name\":\"BAUBAUWALL Wallpapers\",\"description\":\"Valmis paanides tapeet Eestist!\",\"publisher\":{\"@id\":\"https:\/\/baubauwall.com\/et\/#organization\"},\"potentialAction\":[{\"@type\":\"SearchAction\",\"target\":{\"@type\":\"EntryPoint\",\"urlTemplate\":\"https:\/\/baubauwall.com\/et\/?s={search_term_string}\"},\"query-input\":{\"@type\":\"PropertyValueSpecification\",\"valueRequired\":true,\"valueName\":\"search_term_string\"}}],\"inLanguage\":\"et\"},{\"@type\":\"Organization\",\"@id\":\"https:\/\/baubauwall.com\/et\/#organization\",\"name\":\"BAUBAUWALL Wallpapers\",\"url\":\"https:\/\/baubauwall.com\/et\/\",\"logo\":{\"@type\":\"ImageObject\",\"inLanguage\":\"et\",\"@id\":\"https:\/\/baubauwall.com\/et\/#\/schema\/logo\/image\/\",\"url\":\"https:\/\/baubauwall.com\/wp-content\/uploads\/2022\/03\/logo-horizontal.svg\",\"contentUrl\":\"https:\/\/baubauwall.com\/wp-content\/uploads\/2022\/03\/logo-horizontal.svg\",\"width\":\"1024\",\"height\":\"1024\",\"caption\":\"BAUBAUWALL Wallpapers\"},\"image\":{\"@id\":\"https:\/\/baubauwall.com\/et\/#\/schema\/logo\/image\/\"},\"sameAs\":[\"https:\/\/www.facebook.com\/Baubauwall\",\"https:\/\/www.instagram.com\/baubauwall\"]}]}<\/script>\n<!-- \/ Yoast SEO plugin. -->","yoast_head_json":{"title":"Metsik tint - must . Efektne pilttapeet","description":"Must tapeet koju v\u00f5i avaliku ruumi interj\u00f6\u00f6ri. K\u00e4sitsi maalitud P\u00f5hjamaa loodus disaintapeedil. Must tapeet, mis pole s\u00fcnge, vaid efektne","robots":{"index":"index","follow":"follow","max-snippet":"max-snippet:-1","max-image-preview":"max-image-preview:large","max-video-preview":"max-video-preview:-1"},"canonical":"https:\/\/baubauwall.com\/et\/toode\/pilttpaeet-metsik-tint-must\/","og_locale":"et_EE","og_type":"article","og_title":"BAUBAUWALL TAPEEDID","og_description":"Must tapeet koju v\u00f5i avaliku ruumi interj\u00f6\u00f6ri. K\u00e4sitsi maalitud P\u00f5hjamaa loodus disaintapeedil. Must tapeet, mis pole s\u00fcnge, vaid efektne","og_url":"https:\/\/baubauwall.com\/et\/toode\/pilttpaeet-metsik-tint-must\/","og_site_name":"BAUBAUWALL TAPEEDID","article_publisher":"https:\/\/www.facebook.com\/Baubauwall","article_modified_time":"2024-12-19T12:23:36+00:00","twitter_card":"summary_large_image","twitter_image":"https:\/\/baubauwall.com\/wp-content\/uploads\/2024\/11\/51200452_WildInk-Black_Baubauwall_Wall_Mural.jpg","twitter_misc":{"Est. reading time":"1 minut"},"schema":{"@context":"https:\/\/schema.org","@graph":[{"@type":"WebPage","@id":"https:\/\/baubauwall.com\/et\/toode\/pilttpaeet-metsik-tint-must\/","url":"https:\/\/baubauwall.com\/et\/toode\/pilttpaeet-metsik-tint-must\/","name":"Metsik tint - must . Efektne pilttapeet","isPartOf":{"@id":"https:\/\/baubauwall.com\/et\/#website"},"primaryImageOfPage":{"@id":"https:\/\/baubauwall.com\/et\/toode\/pilttpaeet-metsik-tint-must\/#primaryimage"},"image":{"@id":"https:\/\/baubauwall.com\/et\/toode\/pilttpaeet-metsik-tint-must\/#primaryimage"},"thumbnailUrl":"https:\/\/baubauwall.com\/wp-content\/uploads\/2024\/11\/51200452_WildInk-Black_Baubauwall_Wall_Mural.jpg","datePublished":"2024-11-25T15:00:31+00:00","dateModified":"2024-12-19T12:23:36+00:00","description":"Must tapeet koju v\u00f5i avaliku ruumi interj\u00f6\u00f6ri. K\u00e4sitsi maalitud P\u00f5hjamaa loodus disaintapeedil. Must tapeet, mis pole s\u00fcnge, vaid efektne","breadcrumb":{"@id":"https:\/\/baubauwall.com\/et\/toode\/pilttpaeet-metsik-tint-must\/#breadcrumb"},"inLanguage":"et","potentialAction":[{"@type":"ReadAction","target":["https:\/\/baubauwall.com\/et\/toode\/pilttpaeet-metsik-tint-must\/"]}]},{"@type":"ImageObject","inLanguage":"et","@id":"https:\/\/baubauwall.com\/et\/toode\/pilttpaeet-metsik-tint-must\/#primaryimage","url":"https:\/\/baubauwall.com\/wp-content\/uploads\/2024\/11\/51200452_WildInk-Black_Baubauwall_Wall_Mural.jpg","contentUrl":"https:\/\/baubauwall.com\/wp-content\/uploads\/2024\/11\/51200452_WildInk-Black_Baubauwall_Wall_Mural.jpg","width":1008,"height":756,"caption":"Designer wall mural - Wild Ink Wallpaper collection. Hand made detail of a wallpaper by Baubauwall"},{"@type":"BreadcrumbList","@id":"https:\/\/baubauwall.com\/et\/toode\/pilttpaeet-metsik-tint-must\/#breadcrumb","itemListElement":[{"@type":"ListItem","position":1,"name":"Koju","item":"https:\/\/baubauwall.com\/et\/"},{"@type":"ListItem","position":2,"name":"Tapeedid","item":"https:\/\/baubauwall.com\/et\/tapeedid\/"},{"@type":"ListItem","position":3,"name":"Metsik tint &#8211; must"}]},{"@type":"WebSite","@id":"https:\/\/baubauwall.com\/et\/#website","url":"https:\/\/baubauwall.com\/et\/","name":"BAUBAUWALL Wallpapers","description":"Valmis paanides tapeet Eestist!","publisher":{"@id":"https:\/\/baubauwall.com\/et\/#organization"},"potentialAction":[{"@type":"SearchAction","target":{"@type":"EntryPoint","urlTemplate":"https:\/\/baubauwall.com\/et\/?s={search_term_string}"},"query-input":{"@type":"PropertyValueSpecification","valueRequired":true,"valueName":"search_term_string"}}],"inLanguage":"et"},{"@type":"Organization","@id":"https:\/\/baubauwall.com\/et\/#organization","name":"BAUBAUWALL Wallpapers","url":"https:\/\/baubauwall.com\/et\/","logo":{"@type":"ImageObject","inLanguage":"et","@id":"https:\/\/baubauwall.com\/et\/#\/schema\/logo\/image\/","url":"https:\/\/baubauwall.com\/wp-content\/uploads\/2022\/03\/logo-horizontal.svg","contentUrl":"https:\/\/baubauwall.com\/wp-content\/uploads\/2022\/03\/logo-horizontal.svg","width":"1024","height":"1024","caption":"BAUBAUWALL Wallpapers"},"image":{"@id":"https:\/\/baubauwall.com\/et\/#\/schema\/logo\/image\/"},"sameAs":["https:\/\/www.facebook.com\/Baubauwall","https:\/\/www.instagram.com\/baubauwall"]}]}},"jetpack_sharing_enabled":true,"_links":{"self":[{"href":"https:\/\/baubauwall.com\/et\/wp-json\/wp\/v2\/product\/39955","targetHints":{"allow":["GET"]}}],"collection":[{"href":"https:\/\/baubauwall.com\/et\/wp-json\/wp\/v2\/product"}],"about":[{"href":"https:\/\/baubauwall.com\/et\/wp-json\/wp\/v2\/types\/product"}],"replies":[{"embeddable":true,"href":"https:\/\/baubauwall.com\/et\/wp-json\/wp\/v2\/comments?post=39955"}],"wp:featuredmedia":[{"embeddable":true,"href":"https:\/\/baubauwall.com\/et\/wp-json\/wp\/v2\/media\/40304"}],"wp:attachment":[{"href":"https:\/\/baubauwall.com\/et\/wp-json\/wp\/v2\/media?parent=39955"}],"wp:term":[{"taxonomy":"product_brand","embeddable":true,"href":"https:\/\/baubauwall.com\/et\/wp-json\/wp\/v2\/product_brand?post=39955"},{"taxonomy":"product_cat","embeddable":true,"href":"https:\/\/baubauwall.com\/et\/wp-json\/wp\/v2\/product_cat?post=39955"},{"taxonomy":"product_tag","embeddable":true,"href":"https:\/\/baubauwall.com\/et\/wp-json\/wp\/v2\/product_tag?post=39955"}],"curies":[{"name":"wp","href":"https:\/\/api.w.org\/{rel}","templated":true}]}}