{"id":39992,"date":"2024-11-25T17:00:31","date_gmt":"2024-11-25T15:00:31","guid":{"rendered":"https:\/\/baubauwall.com\/product\/mural-wallpaper-driftwood-brown\/"},"modified":"2024-12-18T17:03:16","modified_gmt":"2024-12-18T15:03:16","slug":"pilttapeet-uitpuit-pahklipruun","status":"publish","type":"product","link":"https:\/\/baubauwall.com\/et\/toode\/pilttapeet-uitpuit-pahklipruun\/","title":{"rendered":"Uitpuit &#8211; p\u00e4hklipruun"},"content":{"rendered":"<div class=\"flex max-w-full flex-col flex-grow\">\n<div class=\"min-h-8 text-message flex w-full flex-col items-end gap-2 whitespace-normal break-words text-start [.text-message+&amp;]:mt-5\" dir=\"auto\" data-message-author-role=\"assistant\" data-message-id=\"7df45027-3079-4f1c-8c1f-b6adc79721f3\" data-message-model-slug=\"gpt-4o\">\n<div class=\"flex w-full flex-col gap-1 empty:hidden first:pt-[3px]\">\n<div class=\"markdown prose w-full break-words dark:prose-invert light\">\n<p>D\u00fcnaamiline ja tekstuurine pilttapeet, mis toob interj\u00f6\u00f6ri t\u00f5lgenduse ajahambast vormitud triivpuidu ilust.\u00a0Disainer <strong>Triinu Silla<\/strong> j\u00e4\u00e4dvustas tapeedile julgete pintslit\u00f5mmetega triivpuidu loo \u2013 puidu, mida on looduse j\u00f5udude poolt kujundanud lained, tuul ja aeg. Rannale uhutuna ootab triivpuit avastamist, kandes endas mere pidevalt muutuvat r\u00fctmi ja ilu. See lugu v\u00f5iks kaunistada Sinu kodu v\u00f5i kontori aktsentseina. Soojades pruunikates toonides tapeet loob julge ja orgaanilise tausta nii t\u00f6istele tegemistele kui kodustele.<\/p>\n<p><strong>Stiilinipp:<\/strong> Kombineeri tapeet interj\u00f6\u00f6ris kreemikates toonides tekstiilide ja p\u00e4hkelpruuni m\u00f6\u00f6bliga. Tulemuseks on interj\u00f6\u00f6r, mille hubasuses tahaks kauem viibida!<\/p>\n<p><strong>Miks valida pilttapeet Baubauwallist? Sest me teeme tapeedi valimise, ostmise ja paigalduse lihtsaks.\u00a0<\/strong><\/p>\n<ul>\n<li>Eesti disain, Eesti ettev\u00f5te<\/li>\n<li>Tr\u00fckime t\u00e4pselt Sinu seina m\u00f5\u00f5dus tapeedi<\/li>\n<li>Just nii pikad tapeedipaanid, kui on Sinu sein<\/li>\n<li>Premium, matt fliistapeedi materjal, 100% taaskasutatud kiust<\/li>\n<li>M\u00fcrgivabad tr\u00fckiv\u00e4rvid, Greenguard sertifitseeritud<\/li>\n<li>Keskkonnas\u00f5bralik, j\u00e4\u00e4tmevaba tapeetimine<\/li>\n<li>Tasuta tapeediliim<\/li>\n<li>Tasuta transport ja kiire tarne 5 t\u00f6\u00f6p\u00e4evaga<\/li>\n<\/ul>\n<p>Loe l\u00e4hemalt nutikatest, eritellimust\u00f6\u00f6na valmivatest tapeetidest\u00a0<a href=\"https:\/\/baubauwall.com\/et\/keskkonnasobralikud-tapeedid\/\">siit.<\/a><\/p>\n<\/div>\n<\/div>\n<\/div>\n<\/div>\n","protected":false},"excerpt":{"rendered":"<p>D\u00fcnaamiline ja tekstuurine pilttapeet, mis toob interj\u00f6\u00f6ri t\u00f5lgenduse ajahambast vormitud triivpuidu ilust.\u00a0Disainer Triinu Silla j\u00e4\u00e4dvustas tapeedile julgete pintslit\u00f5mmetega triivpuidu loo \u2013 puidu, mida on looduse j\u00f5udude poolt kujundanud lained, tuul ja aeg. Rannale uhutuna ootab triivpuit avastamist, kandes endas mere pidevalt muutuvat r\u00fctmi ja ilu. See lugu v\u00f5iks kaunistada Sinu kodu v\u00f5i kontori aktsentseina. Soojades [&hellip;]<\/p>\n","protected":false},"featured_media":47047,"comment_status":"open","ping_status":"closed","template":"","meta":{"_acf_changed":false,"inline_featured_image":false},"product_brand":[],"product_cat":[748,387,622,447,394,388,265,269,270,752,413,415,402,699,583],"product_tag":[584,320,750,345,381],"class_list":{"0":"post-39992","1":"product","2":"type-product","3":"status-publish","4":"has-post-thumbnail","6":"product_cat-metsik-tint-tapeedid","7":"product_cat-pilttapeedid","8":"product_cat-julged-tapeedid","9":"product_cat-maksimalistlik-et","10":"product_cat-rikkalik","11":"product_cat-vintage-et","12":"product_cat-beezid-tapeedid","13":"product_cat-pruunid-tapeedid","14":"product_cat-tumedad-tapeedid","15":"product_cat-avalik-ruum","16":"product_cat-magamistoa-tapeedid","17":"product_cat-kulalistetoa-tapeedid","18":"product_cat-elutoa-tapeedid","19":"product_cat-eesti-disain-tapeedid","20":"product_cat-vesivarv","21":"product_tag-boho-et","22":"product_tag-kasitoo","23":"product_tag-metsik-tint","24":"product_tag-pilttapeet","25":"product_tag-vesivarv","26":"pa_designedby-triinu-silla","28":"first","29":"instock","30":"taxable","31":"shipping-taxable","32":"purchasable","33":"product-type-simple"},"acf":[],"yoast_head":"<!-- This site is optimized with the Yoast SEO plugin v25.9 - https:\/\/yoast.com\/wordpress\/plugins\/seo\/ -->\n<title>Disaintapeet Uitpuit - p\u00e4hklipruun<\/title>\n<meta name=\"description\" content=\"P\u00e4hklipruun disaintapeet, mis ei j\u00e4ta kedagi k\u00fclmaks. Metsik tint tapeedikollektsiooni uhke, pruun tapeet, mille tapeedid avalikku ruumi v\u00f5i efektset kodu.\" \/>\n<meta name=\"robots\" content=\"index, follow, max-snippet:-1, max-image-preview:large, max-video-preview:-1\" \/>\n<link rel=\"canonical\" href=\"https:\/\/baubauwall.com\/et\/toode\/pilttapeet-uitpuit-pahklipruun\/\" \/>\n<meta property=\"og:locale\" content=\"et_EE\" \/>\n<meta property=\"og:type\" content=\"article\" \/>\n<meta property=\"og:title\" content=\"Disaintapeet Uitpuit - p\u00e4hklipruun\" \/>\n<meta property=\"og:description\" content=\"P\u00e4hklipruun disaintapeet, mis ei j\u00e4ta kedagi k\u00fclmaks. Metsik tint tapeedikollektsiooni uhke, pruun tapeet, mille tapeedid avalikku ruumi v\u00f5i efektset kodu.\" \/>\n<meta property=\"og:url\" content=\"https:\/\/baubauwall.com\/et\/toode\/pilttapeet-uitpuit-pahklipruun\/\" \/>\n<meta property=\"og:site_name\" content=\"BAUBAUWALL TAPEEDID\" \/>\n<meta property=\"article:publisher\" content=\"https:\/\/www.facebook.com\/Baubauwall\" \/>\n<meta property=\"article:modified_time\" content=\"2024-12-18T15:03:16+00:00\" \/>\n<meta property=\"og:image\" content=\"https:\/\/baubauwall.com\/wp-content\/uploads\/2024\/11\/51200447_Driftwood-HazelBrown_Baubauwall_Wall_Mural_wallpapered-room-2-1.jpg\" \/>\n\t<meta property=\"og:image:width\" content=\"1131\" \/>\n\t<meta property=\"og:image:height\" content=\"857\" \/>\n\t<meta property=\"og:image:type\" content=\"image\/jpeg\" \/>\n<meta name=\"twitter:card\" content=\"summary_large_image\" \/>\n<meta name=\"twitter:label1\" content=\"Est. reading time\" \/>\n\t<meta name=\"twitter:data1\" content=\"1 minut\" \/>\n<script type=\"application\/ld+json\" class=\"yoast-schema-graph\">{\"@context\":\"https:\/\/schema.org\",\"@graph\":[{\"@type\":\"WebPage\",\"@id\":\"https:\/\/baubauwall.com\/et\/toode\/pilttapeet-uitpuit-pahklipruun\/\",\"url\":\"https:\/\/baubauwall.com\/et\/toode\/pilttapeet-uitpuit-pahklipruun\/\",\"name\":\"Disaintapeet Uitpuit - p\u00e4hklipruun\",\"isPartOf\":{\"@id\":\"https:\/\/baubauwall.com\/et\/#website\"},\"primaryImageOfPage\":{\"@id\":\"https:\/\/baubauwall.com\/et\/toode\/pilttapeet-uitpuit-pahklipruun\/#primaryimage\"},\"image\":{\"@id\":\"https:\/\/baubauwall.com\/et\/toode\/pilttapeet-uitpuit-pahklipruun\/#primaryimage\"},\"thumbnailUrl\":\"https:\/\/baubauwall.com\/wp-content\/uploads\/2026\/02\/Pruun_Tapeet_Driftwood_Baubuawall_tapeedid-1-scaled.jpg\",\"datePublished\":\"2024-11-25T15:00:31+00:00\",\"dateModified\":\"2024-12-18T15:03:16+00:00\",\"description\":\"P\u00e4hklipruun disaintapeet, mis ei j\u00e4ta kedagi k\u00fclmaks. Metsik tint tapeedikollektsiooni uhke, pruun tapeet, mille tapeedid avalikku ruumi v\u00f5i efektset kodu.\",\"breadcrumb\":{\"@id\":\"https:\/\/baubauwall.com\/et\/toode\/pilttapeet-uitpuit-pahklipruun\/#breadcrumb\"},\"inLanguage\":\"et\",\"potentialAction\":[{\"@type\":\"ReadAction\",\"target\":[\"https:\/\/baubauwall.com\/et\/toode\/pilttapeet-uitpuit-pahklipruun\/\"]}]},{\"@type\":\"ImageObject\",\"inLanguage\":\"et\",\"@id\":\"https:\/\/baubauwall.com\/et\/toode\/pilttapeet-uitpuit-pahklipruun\/#primaryimage\",\"url\":\"https:\/\/baubauwall.com\/wp-content\/uploads\/2026\/02\/Pruun_Tapeet_Driftwood_Baubuawall_tapeedid-1-scaled.jpg\",\"contentUrl\":\"https:\/\/baubauwall.com\/wp-content\/uploads\/2026\/02\/Pruun_Tapeet_Driftwood_Baubuawall_tapeedid-1-scaled.jpg\",\"width\":1441,\"height\":2560,\"caption\":\"Cozy bedroom with red hued brown wallpaper\"},{\"@type\":\"BreadcrumbList\",\"@id\":\"https:\/\/baubauwall.com\/et\/toode\/pilttapeet-uitpuit-pahklipruun\/#breadcrumb\",\"itemListElement\":[{\"@type\":\"ListItem\",\"position\":1,\"name\":\"Koju\",\"item\":\"https:\/\/baubauwall.com\/et\/\"},{\"@type\":\"ListItem\",\"position\":2,\"name\":\"Tapeedid\",\"item\":\"https:\/\/baubauwall.com\/et\/tapeedid\/\"},{\"@type\":\"ListItem\",\"position\":3,\"name\":\"Uitpuit &#8211; p\u00e4hklipruun\"}]},{\"@type\":\"WebSite\",\"@id\":\"https:\/\/baubauwall.com\/et\/#website\",\"url\":\"https:\/\/baubauwall.com\/et\/\",\"name\":\"BAUBAUWALL Wallpapers\",\"description\":\"Valmis paanides tapeet Eestist!\",\"publisher\":{\"@id\":\"https:\/\/baubauwall.com\/et\/#organization\"},\"potentialAction\":[{\"@type\":\"SearchAction\",\"target\":{\"@type\":\"EntryPoint\",\"urlTemplate\":\"https:\/\/baubauwall.com\/et\/?s={search_term_string}\"},\"query-input\":{\"@type\":\"PropertyValueSpecification\",\"valueRequired\":true,\"valueName\":\"search_term_string\"}}],\"inLanguage\":\"et\"},{\"@type\":\"Organization\",\"@id\":\"https:\/\/baubauwall.com\/et\/#organization\",\"name\":\"BAUBAUWALL Wallpapers\",\"url\":\"https:\/\/baubauwall.com\/et\/\",\"logo\":{\"@type\":\"ImageObject\",\"inLanguage\":\"et\",\"@id\":\"https:\/\/baubauwall.com\/et\/#\/schema\/logo\/image\/\",\"url\":\"https:\/\/baubauwall.com\/wp-content\/uploads\/2022\/03\/logo-horizontal.svg\",\"contentUrl\":\"https:\/\/baubauwall.com\/wp-content\/uploads\/2022\/03\/logo-horizontal.svg\",\"width\":\"1024\",\"height\":\"1024\",\"caption\":\"BAUBAUWALL Wallpapers\"},\"image\":{\"@id\":\"https:\/\/baubauwall.com\/et\/#\/schema\/logo\/image\/\"},\"sameAs\":[\"https:\/\/www.facebook.com\/Baubauwall\",\"https:\/\/www.instagram.com\/baubauwall\"]}]}<\/script>\n<!-- \/ Yoast SEO plugin. -->","yoast_head_json":{"title":"Disaintapeet Uitpuit - p\u00e4hklipruun","description":"P\u00e4hklipruun disaintapeet, mis ei j\u00e4ta kedagi k\u00fclmaks. Metsik tint tapeedikollektsiooni uhke, pruun tapeet, mille tapeedid avalikku ruumi v\u00f5i efektset kodu.","robots":{"index":"index","follow":"follow","max-snippet":"max-snippet:-1","max-image-preview":"max-image-preview:large","max-video-preview":"max-video-preview:-1"},"canonical":"https:\/\/baubauwall.com\/et\/toode\/pilttapeet-uitpuit-pahklipruun\/","og_locale":"et_EE","og_type":"article","og_title":"Disaintapeet Uitpuit - p\u00e4hklipruun","og_description":"P\u00e4hklipruun disaintapeet, mis ei j\u00e4ta kedagi k\u00fclmaks. Metsik tint tapeedikollektsiooni uhke, pruun tapeet, mille tapeedid avalikku ruumi v\u00f5i efektset kodu.","og_url":"https:\/\/baubauwall.com\/et\/toode\/pilttapeet-uitpuit-pahklipruun\/","og_site_name":"BAUBAUWALL TAPEEDID","article_publisher":"https:\/\/www.facebook.com\/Baubauwall","article_modified_time":"2024-12-18T15:03:16+00:00","og_image":[{"width":1131,"height":857,"url":"https:\/\/baubauwall.com\/wp-content\/uploads\/2024\/11\/51200447_Driftwood-HazelBrown_Baubauwall_Wall_Mural_wallpapered-room-2-1.jpg","type":"image\/jpeg"}],"twitter_card":"summary_large_image","twitter_misc":{"Est. reading time":"1 minut"},"schema":{"@context":"https:\/\/schema.org","@graph":[{"@type":"WebPage","@id":"https:\/\/baubauwall.com\/et\/toode\/pilttapeet-uitpuit-pahklipruun\/","url":"https:\/\/baubauwall.com\/et\/toode\/pilttapeet-uitpuit-pahklipruun\/","name":"Disaintapeet Uitpuit - p\u00e4hklipruun","isPartOf":{"@id":"https:\/\/baubauwall.com\/et\/#website"},"primaryImageOfPage":{"@id":"https:\/\/baubauwall.com\/et\/toode\/pilttapeet-uitpuit-pahklipruun\/#primaryimage"},"image":{"@id":"https:\/\/baubauwall.com\/et\/toode\/pilttapeet-uitpuit-pahklipruun\/#primaryimage"},"thumbnailUrl":"https:\/\/baubauwall.com\/wp-content\/uploads\/2026\/02\/Pruun_Tapeet_Driftwood_Baubuawall_tapeedid-1-scaled.jpg","datePublished":"2024-11-25T15:00:31+00:00","dateModified":"2024-12-18T15:03:16+00:00","description":"P\u00e4hklipruun disaintapeet, mis ei j\u00e4ta kedagi k\u00fclmaks. Metsik tint tapeedikollektsiooni uhke, pruun tapeet, mille tapeedid avalikku ruumi v\u00f5i efektset kodu.","breadcrumb":{"@id":"https:\/\/baubauwall.com\/et\/toode\/pilttapeet-uitpuit-pahklipruun\/#breadcrumb"},"inLanguage":"et","potentialAction":[{"@type":"ReadAction","target":["https:\/\/baubauwall.com\/et\/toode\/pilttapeet-uitpuit-pahklipruun\/"]}]},{"@type":"ImageObject","inLanguage":"et","@id":"https:\/\/baubauwall.com\/et\/toode\/pilttapeet-uitpuit-pahklipruun\/#primaryimage","url":"https:\/\/baubauwall.com\/wp-content\/uploads\/2026\/02\/Pruun_Tapeet_Driftwood_Baubuawall_tapeedid-1-scaled.jpg","contentUrl":"https:\/\/baubauwall.com\/wp-content\/uploads\/2026\/02\/Pruun_Tapeet_Driftwood_Baubuawall_tapeedid-1-scaled.jpg","width":1441,"height":2560,"caption":"Cozy bedroom with red hued brown wallpaper"},{"@type":"BreadcrumbList","@id":"https:\/\/baubauwall.com\/et\/toode\/pilttapeet-uitpuit-pahklipruun\/#breadcrumb","itemListElement":[{"@type":"ListItem","position":1,"name":"Koju","item":"https:\/\/baubauwall.com\/et\/"},{"@type":"ListItem","position":2,"name":"Tapeedid","item":"https:\/\/baubauwall.com\/et\/tapeedid\/"},{"@type":"ListItem","position":3,"name":"Uitpuit &#8211; p\u00e4hklipruun"}]},{"@type":"WebSite","@id":"https:\/\/baubauwall.com\/et\/#website","url":"https:\/\/baubauwall.com\/et\/","name":"BAUBAUWALL Wallpapers","description":"Valmis paanides tapeet Eestist!","publisher":{"@id":"https:\/\/baubauwall.com\/et\/#organization"},"potentialAction":[{"@type":"SearchAction","target":{"@type":"EntryPoint","urlTemplate":"https:\/\/baubauwall.com\/et\/?s={search_term_string}"},"query-input":{"@type":"PropertyValueSpecification","valueRequired":true,"valueName":"search_term_string"}}],"inLanguage":"et"},{"@type":"Organization","@id":"https:\/\/baubauwall.com\/et\/#organization","name":"BAUBAUWALL Wallpapers","url":"https:\/\/baubauwall.com\/et\/","logo":{"@type":"ImageObject","inLanguage":"et","@id":"https:\/\/baubauwall.com\/et\/#\/schema\/logo\/image\/","url":"https:\/\/baubauwall.com\/wp-content\/uploads\/2022\/03\/logo-horizontal.svg","contentUrl":"https:\/\/baubauwall.com\/wp-content\/uploads\/2022\/03\/logo-horizontal.svg","width":"1024","height":"1024","caption":"BAUBAUWALL Wallpapers"},"image":{"@id":"https:\/\/baubauwall.com\/et\/#\/schema\/logo\/image\/"},"sameAs":["https:\/\/www.facebook.com\/Baubauwall","https:\/\/www.instagram.com\/baubauwall"]}]}},"jetpack_sharing_enabled":true,"_links":{"self":[{"href":"https:\/\/baubauwall.com\/et\/wp-json\/wp\/v2\/product\/39992","targetHints":{"allow":["GET"]}}],"collection":[{"href":"https:\/\/baubauwall.com\/et\/wp-json\/wp\/v2\/product"}],"about":[{"href":"https:\/\/baubauwall.com\/et\/wp-json\/wp\/v2\/types\/product"}],"replies":[{"embeddable":true,"href":"https:\/\/baubauwall.com\/et\/wp-json\/wp\/v2\/comments?post=39992"}],"wp:featuredmedia":[{"embeddable":true,"href":"https:\/\/baubauwall.com\/et\/wp-json\/wp\/v2\/media\/47047"}],"wp:attachment":[{"href":"https:\/\/baubauwall.com\/et\/wp-json\/wp\/v2\/media?parent=39992"}],"wp:term":[{"taxonomy":"product_brand","embeddable":true,"href":"https:\/\/baubauwall.com\/et\/wp-json\/wp\/v2\/product_brand?post=39992"},{"taxonomy":"product_cat","embeddable":true,"href":"https:\/\/baubauwall.com\/et\/wp-json\/wp\/v2\/product_cat?post=39992"},{"taxonomy":"product_tag","embeddable":true,"href":"https:\/\/baubauwall.com\/et\/wp-json\/wp\/v2\/product_tag?post=39992"}],"curies":[{"name":"wp","href":"https:\/\/api.w.org\/{rel}","templated":true}]}}