{"id":39994,"date":"2024-11-26T10:54:51","date_gmt":"2024-11-26T08:54:51","guid":{"rendered":"https:\/\/baubauwall.com\/?post_type=product&#038;p=39994"},"modified":"2024-12-18T15:39:34","modified_gmt":"2024-12-18T13:39:34","slug":"pilttapeet-arhipelaag-pintslitombed","status":"publish","type":"product","link":"https:\/\/baubauwall.com\/et\/toode\/pilttapeet-arhipelaag-pintslitombed\/","title":{"rendered":"Arhipelaag: pintslit\u00f5mbed"},"content":{"rendered":"<div class=\"flex max-w-full flex-col flex-grow\">\n<div class=\"min-h-8 text-message flex w-full flex-col items-end gap-2 whitespace-normal break-words text-start [.text-message+&amp;]:mt-5\" dir=\"auto\" data-message-author-role=\"assistant\" data-message-id=\"a850ab0d-4f10-4746-96fc-44619b15ce41\" data-message-model-slug=\"gpt-4o\">\n<div class=\"flex w-full flex-col gap-1 empty:hidden first:pt-[3px]\">\n<div class=\"markdown prose w-full break-words dark:prose-invert light\">\n<p>Abstraktse disainiga pilttapeet, mis on inspireeritud P\u00f5hja-Soome saarestikest, vetest ja radadest. Pilttapeedi disain on autori <strong>Triinu Silla\u00a0<\/strong>t\u00f5lgendus P\u00f5hja-Soomes suvel n\u00e4htust ja kogetust. Julged pintslit\u00f5mbed, kontrastsed v\u00e4rvid must, valge ja sinepikollane moodustavad tapeedil tekstuurseid kihte. Disaintapeet, mis peegeldab looduse vaikset r\u00fctmi, kaasaegses v\u00f5tmes. Pilttapeet, mis sobib h\u00e4sti avalikku ruumi kui ka julge tunnetusega kodu interj\u00f6\u00f6ri.<\/p>\n<p><strong>Stiilinipp:<\/strong>\u00a0Sobita tapeedi juurde sinepikollane pehme diivan ja\/v\u00f5i tugitoolid!<\/p>\n<p><strong>Miks valida pilttapeet Baubauwallist? Sest me teeme tapeedi valimise, ostmise ja paigalduse lihtsaks.\u00a0<\/strong><\/p>\n<ul>\n<li>Eesti disain, Eesti ettev\u00f5te<\/li>\n<li>Tr\u00fckime t\u00e4pselt Sinu seina m\u00f5\u00f5dus tapeedi<\/li>\n<li>Just nii pikad tapeedipaanid, kui on Sinu sein<\/li>\n<li>Premium, matt fliistapeedi materjal, 100% taaskasutatud kiust<\/li>\n<li>M\u00fcrgivabad tr\u00fckiv\u00e4rvid, Greenguard sertifitseeritud<\/li>\n<li>Keskkonnas\u00f5bralik, j\u00e4\u00e4tmevaba tapeetimine<\/li>\n<li>Tasuta tapeediliim<\/li>\n<li>Tasuta transport ja kiire tarne 5 t\u00f6\u00f6p\u00e4evaga<\/li>\n<\/ul>\n<p>Loe l\u00e4hemalt nutikatest, eritellimust\u00f6\u00f6na valmivatest tapeetidest\u00a0<a href=\"https:\/\/baubauwall.com\/et\/keskkonnasobralikud-tapeedid\/\">siit.<\/a><\/p>\n<\/div>\n<\/div>\n<\/div>\n<\/div>\n<div class=\"mb-2 flex gap-3 empty:hidden -ml-2\">\n<div class=\"items-center justify-start rounded-xl p-1 flex\">\n<div class=\"flex items-center\">\n<div class=\"flex items-center pb-0\"><\/div>\n<\/div>\n<\/div>\n<\/div>\n","protected":false},"excerpt":{"rendered":"<p>Abstraktse disainiga pilttapeet, mis on inspireeritud P\u00f5hja-Soome saarestikest, vetest ja radadest. Pilttapeedi disain on autori Triinu Silla\u00a0t\u00f5lgendus P\u00f5hja-Soomes suvel n\u00e4htust ja kogetust. Julged pintslit\u00f5mbed, kontrastsed v\u00e4rvid must, valge ja sinepikollane moodustavad tapeedil tekstuurseid kihte. Disaintapeet, mis peegeldab looduse vaikset r\u00fctmi, kaasaegses v\u00f5tmes. Pilttapeet, mis sobib h\u00e4sti avalikku ruumi kui ka julge tunnetusega kodu interj\u00f6\u00f6ri. Stiilinipp:\u00a0Sobita [&hellip;]<\/p>\n","protected":false},"featured_media":40541,"comment_status":"open","ping_status":"closed","template":"","meta":{"_acf_changed":false,"inline_featured_image":false},"product_brand":[],"product_cat":[748,387,622,404,447,266,270,411,752,414,415,399,402,699,583],"product_tag":[320,750,345,381],"class_list":{"0":"post-39994","1":"product","2":"type-product","3":"status-publish","4":"has-post-thumbnail","6":"product_cat-metsik-tint-tapeedid","7":"product_cat-pilttapeedid","8":"product_cat-julged-tapeedid","9":"product_cat-abstraktne","10":"product_cat-maksimalistlik-et","11":"product_cat-mustad-tapeedid","12":"product_cat-tumedad-tapeedid","13":"product_cat-kollased-tapeedid","14":"product_cat-avalik-ruum","15":"product_cat-soogitoa-tapeedid","16":"product_cat-kulalistetoa-tapeedid","17":"product_cat-kodukontori-tapeedid","18":"product_cat-elutoa-tapeedid","19":"product_cat-eesti-disain-tapeedid","20":"product_cat-vesivarv","21":"product_tag-kasitoo","22":"product_tag-metsik-tint","23":"product_tag-pilttapeet","24":"product_tag-vesivarv","25":"pa_designedby-triinu-silla","27":"first","28":"instock","29":"taxable","30":"shipping-taxable","31":"purchasable","32":"product-type-simple"},"acf":[],"yoast_head":"<!-- This site is optimized with the Yoast SEO plugin v25.9 - https:\/\/yoast.com\/wordpress\/plugins\/seo\/ -->\n<title>Arhipelaag: pintslit\u00f5mbed - efektne disaintapeet sinepikollasega<\/title>\n<meta name=\"description\" content=\"Disaintapeet koju v\u00f5i avalikku ruumi. Abstraktne, P\u00f5hjamaine sinepikollane pilttapeet. Metsik tint tapeedikollektsioon t\u00e4is julgeid tapeete teie interj\u00f6\u00f6ri\" \/>\n<meta name=\"robots\" content=\"index, follow, max-snippet:-1, max-image-preview:large, max-video-preview:-1\" \/>\n<link rel=\"canonical\" href=\"https:\/\/baubauwall.com\/et\/toode\/pilttapeet-arhipelaag-pintslitombed\/\" \/>\n<meta property=\"og:locale\" content=\"et_EE\" \/>\n<meta property=\"og:type\" content=\"article\" \/>\n<meta property=\"og:title\" content=\"BAUBAUWALL TAPEEDID\" \/>\n<meta property=\"og:description\" content=\"Arhipelaag: pintslit\u00f5mbed\" \/>\n<meta property=\"og:url\" content=\"https:\/\/baubauwall.com\/et\/toode\/pilttapeet-arhipelaag-pintslitombed\/\" \/>\n<meta property=\"og:site_name\" content=\"BAUBAUWALL TAPEEDID\" \/>\n<meta property=\"article:publisher\" content=\"https:\/\/www.facebook.com\/Baubauwall\" \/>\n<meta property=\"article:modified_time\" content=\"2024-12-18T13:39:34+00:00\" \/>\n<meta property=\"og:image\" content=\"https:\/\/baubauwall.com\/wp-content\/uploads\/2022\/11\/51200439_ArchipelagoPaintedPaths_Baubauwall_Wall_Mural_preview.jpg\" \/>\n\t<meta property=\"og:image:width\" content=\"1600\" \/>\n\t<meta property=\"og:image:height\" content=\"800\" \/>\n\t<meta property=\"og:image:type\" content=\"image\/jpeg\" \/>\n<meta name=\"twitter:card\" content=\"summary_large_image\" \/>\n<meta name=\"twitter:label1\" content=\"Est. reading time\" \/>\n\t<meta name=\"twitter:data1\" content=\"1 minut\" \/>\n<script type=\"application\/ld+json\" class=\"yoast-schema-graph\">{\"@context\":\"https:\/\/schema.org\",\"@graph\":[{\"@type\":\"WebPage\",\"@id\":\"https:\/\/baubauwall.com\/et\/toode\/pilttapeet-arhipelaag-pintslitombed\/\",\"url\":\"https:\/\/baubauwall.com\/et\/toode\/pilttapeet-arhipelaag-pintslitombed\/\",\"name\":\"Arhipelaag: pintslit\u00f5mbed - efektne disaintapeet sinepikollasega\",\"isPartOf\":{\"@id\":\"https:\/\/baubauwall.com\/et\/#website\"},\"primaryImageOfPage\":{\"@id\":\"https:\/\/baubauwall.com\/et\/toode\/pilttapeet-arhipelaag-pintslitombed\/#primaryimage\"},\"image\":{\"@id\":\"https:\/\/baubauwall.com\/et\/toode\/pilttapeet-arhipelaag-pintslitombed\/#primaryimage\"},\"thumbnailUrl\":\"https:\/\/baubauwall.com\/wp-content\/uploads\/2024\/11\/51200442_ArchipelagoInked_Baubauwall_Wall_Mural_wallpaper_room3-scaled.jpg\",\"datePublished\":\"2024-11-26T08:54:51+00:00\",\"dateModified\":\"2024-12-18T13:39:34+00:00\",\"description\":\"Disaintapeet koju v\u00f5i avalikku ruumi. Abstraktne, P\u00f5hjamaine sinepikollane pilttapeet. Metsik tint tapeedikollektsioon t\u00e4is julgeid tapeete teie interj\u00f6\u00f6ri\",\"breadcrumb\":{\"@id\":\"https:\/\/baubauwall.com\/et\/toode\/pilttapeet-arhipelaag-pintslitombed\/#breadcrumb\"},\"inLanguage\":\"et\",\"potentialAction\":[{\"@type\":\"ReadAction\",\"target\":[\"https:\/\/baubauwall.com\/et\/toode\/pilttapeet-arhipelaag-pintslitombed\/\"]}]},{\"@type\":\"ImageObject\",\"inLanguage\":\"et\",\"@id\":\"https:\/\/baubauwall.com\/et\/toode\/pilttapeet-arhipelaag-pintslitombed\/#primaryimage\",\"url\":\"https:\/\/baubauwall.com\/wp-content\/uploads\/2024\/11\/51200442_ArchipelagoInked_Baubauwall_Wall_Mural_wallpaper_room3-scaled.jpg\",\"contentUrl\":\"https:\/\/baubauwall.com\/wp-content\/uploads\/2024\/11\/51200442_ArchipelagoInked_Baubauwall_Wall_Mural_wallpaper_room3-scaled.jpg\",\"width\":2560,\"height\":1707,\"caption\":\"Yellow, white and black color mural wallpaper set on an office accent wall.\"},{\"@type\":\"BreadcrumbList\",\"@id\":\"https:\/\/baubauwall.com\/et\/toode\/pilttapeet-arhipelaag-pintslitombed\/#breadcrumb\",\"itemListElement\":[{\"@type\":\"ListItem\",\"position\":1,\"name\":\"Koju\",\"item\":\"https:\/\/baubauwall.com\/et\/\"},{\"@type\":\"ListItem\",\"position\":2,\"name\":\"Tapeedid\",\"item\":\"https:\/\/baubauwall.com\/et\/tapeedid\/\"},{\"@type\":\"ListItem\",\"position\":3,\"name\":\"Arhipelaag: pintslit\u00f5mbed\"}]},{\"@type\":\"WebSite\",\"@id\":\"https:\/\/baubauwall.com\/et\/#website\",\"url\":\"https:\/\/baubauwall.com\/et\/\",\"name\":\"BAUBAUWALL Wallpapers\",\"description\":\"Valmis paanides tapeet Eestist!\",\"publisher\":{\"@id\":\"https:\/\/baubauwall.com\/et\/#organization\"},\"potentialAction\":[{\"@type\":\"SearchAction\",\"target\":{\"@type\":\"EntryPoint\",\"urlTemplate\":\"https:\/\/baubauwall.com\/et\/?s={search_term_string}\"},\"query-input\":{\"@type\":\"PropertyValueSpecification\",\"valueRequired\":true,\"valueName\":\"search_term_string\"}}],\"inLanguage\":\"et\"},{\"@type\":\"Organization\",\"@id\":\"https:\/\/baubauwall.com\/et\/#organization\",\"name\":\"BAUBAUWALL Wallpapers\",\"url\":\"https:\/\/baubauwall.com\/et\/\",\"logo\":{\"@type\":\"ImageObject\",\"inLanguage\":\"et\",\"@id\":\"https:\/\/baubauwall.com\/et\/#\/schema\/logo\/image\/\",\"url\":\"https:\/\/baubauwall.com\/wp-content\/uploads\/2022\/03\/logo-horizontal.svg\",\"contentUrl\":\"https:\/\/baubauwall.com\/wp-content\/uploads\/2022\/03\/logo-horizontal.svg\",\"width\":\"1024\",\"height\":\"1024\",\"caption\":\"BAUBAUWALL Wallpapers\"},\"image\":{\"@id\":\"https:\/\/baubauwall.com\/et\/#\/schema\/logo\/image\/\"},\"sameAs\":[\"https:\/\/www.facebook.com\/Baubauwall\",\"https:\/\/www.instagram.com\/baubauwall\"]}]}<\/script>\n<!-- \/ Yoast SEO plugin. -->","yoast_head_json":{"title":"Arhipelaag: pintslit\u00f5mbed - efektne disaintapeet sinepikollasega","description":"Disaintapeet koju v\u00f5i avalikku ruumi. Abstraktne, P\u00f5hjamaine sinepikollane pilttapeet. Metsik tint tapeedikollektsioon t\u00e4is julgeid tapeete teie interj\u00f6\u00f6ri","robots":{"index":"index","follow":"follow","max-snippet":"max-snippet:-1","max-image-preview":"max-image-preview:large","max-video-preview":"max-video-preview:-1"},"canonical":"https:\/\/baubauwall.com\/et\/toode\/pilttapeet-arhipelaag-pintslitombed\/","og_locale":"et_EE","og_type":"article","og_title":"BAUBAUWALL TAPEEDID","og_description":"Arhipelaag: pintslit\u00f5mbed","og_url":"https:\/\/baubauwall.com\/et\/toode\/pilttapeet-arhipelaag-pintslitombed\/","og_site_name":"BAUBAUWALL TAPEEDID","article_publisher":"https:\/\/www.facebook.com\/Baubauwall","article_modified_time":"2024-12-18T13:39:34+00:00","og_image":[{"width":1600,"height":800,"url":"https:\/\/baubauwall.com\/wp-content\/uploads\/2022\/11\/51200439_ArchipelagoPaintedPaths_Baubauwall_Wall_Mural_preview.jpg","type":"image\/jpeg"}],"twitter_card":"summary_large_image","twitter_misc":{"Est. reading time":"1 minut"},"schema":{"@context":"https:\/\/schema.org","@graph":[{"@type":"WebPage","@id":"https:\/\/baubauwall.com\/et\/toode\/pilttapeet-arhipelaag-pintslitombed\/","url":"https:\/\/baubauwall.com\/et\/toode\/pilttapeet-arhipelaag-pintslitombed\/","name":"Arhipelaag: pintslit\u00f5mbed - efektne disaintapeet sinepikollasega","isPartOf":{"@id":"https:\/\/baubauwall.com\/et\/#website"},"primaryImageOfPage":{"@id":"https:\/\/baubauwall.com\/et\/toode\/pilttapeet-arhipelaag-pintslitombed\/#primaryimage"},"image":{"@id":"https:\/\/baubauwall.com\/et\/toode\/pilttapeet-arhipelaag-pintslitombed\/#primaryimage"},"thumbnailUrl":"https:\/\/baubauwall.com\/wp-content\/uploads\/2024\/11\/51200442_ArchipelagoInked_Baubauwall_Wall_Mural_wallpaper_room3-scaled.jpg","datePublished":"2024-11-26T08:54:51+00:00","dateModified":"2024-12-18T13:39:34+00:00","description":"Disaintapeet koju v\u00f5i avalikku ruumi. Abstraktne, P\u00f5hjamaine sinepikollane pilttapeet. Metsik tint tapeedikollektsioon t\u00e4is julgeid tapeete teie interj\u00f6\u00f6ri","breadcrumb":{"@id":"https:\/\/baubauwall.com\/et\/toode\/pilttapeet-arhipelaag-pintslitombed\/#breadcrumb"},"inLanguage":"et","potentialAction":[{"@type":"ReadAction","target":["https:\/\/baubauwall.com\/et\/toode\/pilttapeet-arhipelaag-pintslitombed\/"]}]},{"@type":"ImageObject","inLanguage":"et","@id":"https:\/\/baubauwall.com\/et\/toode\/pilttapeet-arhipelaag-pintslitombed\/#primaryimage","url":"https:\/\/baubauwall.com\/wp-content\/uploads\/2024\/11\/51200442_ArchipelagoInked_Baubauwall_Wall_Mural_wallpaper_room3-scaled.jpg","contentUrl":"https:\/\/baubauwall.com\/wp-content\/uploads\/2024\/11\/51200442_ArchipelagoInked_Baubauwall_Wall_Mural_wallpaper_room3-scaled.jpg","width":2560,"height":1707,"caption":"Yellow, white and black color mural wallpaper set on an office accent wall."},{"@type":"BreadcrumbList","@id":"https:\/\/baubauwall.com\/et\/toode\/pilttapeet-arhipelaag-pintslitombed\/#breadcrumb","itemListElement":[{"@type":"ListItem","position":1,"name":"Koju","item":"https:\/\/baubauwall.com\/et\/"},{"@type":"ListItem","position":2,"name":"Tapeedid","item":"https:\/\/baubauwall.com\/et\/tapeedid\/"},{"@type":"ListItem","position":3,"name":"Arhipelaag: pintslit\u00f5mbed"}]},{"@type":"WebSite","@id":"https:\/\/baubauwall.com\/et\/#website","url":"https:\/\/baubauwall.com\/et\/","name":"BAUBAUWALL Wallpapers","description":"Valmis paanides tapeet Eestist!","publisher":{"@id":"https:\/\/baubauwall.com\/et\/#organization"},"potentialAction":[{"@type":"SearchAction","target":{"@type":"EntryPoint","urlTemplate":"https:\/\/baubauwall.com\/et\/?s={search_term_string}"},"query-input":{"@type":"PropertyValueSpecification","valueRequired":true,"valueName":"search_term_string"}}],"inLanguage":"et"},{"@type":"Organization","@id":"https:\/\/baubauwall.com\/et\/#organization","name":"BAUBAUWALL Wallpapers","url":"https:\/\/baubauwall.com\/et\/","logo":{"@type":"ImageObject","inLanguage":"et","@id":"https:\/\/baubauwall.com\/et\/#\/schema\/logo\/image\/","url":"https:\/\/baubauwall.com\/wp-content\/uploads\/2022\/03\/logo-horizontal.svg","contentUrl":"https:\/\/baubauwall.com\/wp-content\/uploads\/2022\/03\/logo-horizontal.svg","width":"1024","height":"1024","caption":"BAUBAUWALL Wallpapers"},"image":{"@id":"https:\/\/baubauwall.com\/et\/#\/schema\/logo\/image\/"},"sameAs":["https:\/\/www.facebook.com\/Baubauwall","https:\/\/www.instagram.com\/baubauwall"]}]}},"jetpack_sharing_enabled":true,"_links":{"self":[{"href":"https:\/\/baubauwall.com\/et\/wp-json\/wp\/v2\/product\/39994","targetHints":{"allow":["GET"]}}],"collection":[{"href":"https:\/\/baubauwall.com\/et\/wp-json\/wp\/v2\/product"}],"about":[{"href":"https:\/\/baubauwall.com\/et\/wp-json\/wp\/v2\/types\/product"}],"replies":[{"embeddable":true,"href":"https:\/\/baubauwall.com\/et\/wp-json\/wp\/v2\/comments?post=39994"}],"wp:featuredmedia":[{"embeddable":true,"href":"https:\/\/baubauwall.com\/et\/wp-json\/wp\/v2\/media\/40541"}],"wp:attachment":[{"href":"https:\/\/baubauwall.com\/et\/wp-json\/wp\/v2\/media?parent=39994"}],"wp:term":[{"taxonomy":"product_brand","embeddable":true,"href":"https:\/\/baubauwall.com\/et\/wp-json\/wp\/v2\/product_brand?post=39994"},{"taxonomy":"product_cat","embeddable":true,"href":"https:\/\/baubauwall.com\/et\/wp-json\/wp\/v2\/product_cat?post=39994"},{"taxonomy":"product_tag","embeddable":true,"href":"https:\/\/baubauwall.com\/et\/wp-json\/wp\/v2\/product_tag?post=39994"}],"curies":[{"name":"wp","href":"https:\/\/api.w.org\/{rel}","templated":true}]}}