{"id":40032,"date":"2024-03-29T15:15:55","date_gmt":"2024-03-29T13:15:55","guid":{"rendered":"https:\/\/baubauwall.com\/product\/photo-wallpaper-ocean-sea-waves-blue\/"},"modified":"2025-10-22T08:43:08","modified_gmt":"2025-10-22T06:43:08","slug":"fototapeet-fototapeet-massav-meri-sinine","status":"publish","type":"product","link":"https:\/\/baubauwall.com\/et\/toode\/fototapeet-fototapeet-massav-meri-sinine\/","title":{"rendered":"Fototapeet M\u00e4ssav meri \u2013 sinine"},"content":{"rendered":"<p>Fototoapeet merevaatega tormisele merele, mida naudid nii, et ise oled m\u00f5nusas soojas toas! Kas oled n\u00e4inud filmi \u201cLeave the World Behind\u201d? See film muutis fototapeedi trendikamaks kui kunagi enne. See stseen, kus Julia Robertsi karakter Amanda astub stiilsesse magamistuppa, mille seinal on justnimelt sinakas-hallikas merevaatega fototapeet \u2013 <a href=\"https:\/\/baubauwall.com\/et\/toode\/fototapeet-tormine-ookean\/\" target=\"_blank\" rel=\"noopener\">jah see!<\/a> M\u00e4ssava merega vaade fototapeedil on sobitatud ideaalselt samastuva v\u00e4rvigammaga magamistoa muudes tekstiilides. Meie \u201cM\u00e4ssav meri\u201d fototapeet sai idee just sellest filmist ja on mereliste tapeetide kollektsiooni lisa. Merevaatega fototapeet on ideaalne valik \u00fchte seina, olgu selleks magamistoa sein inspireeriv kontor v\u00f5i elutuba.<\/p>\n<p><strong>Miks osta fototapeet siit? Tapeetimine pole kunagi nii lihtne olnud!<\/strong><\/p>\n<ul>\n<li style=\"list-style-type: none;\">\n<ul>\n<li>Nummerdatud tapeedipaanid<\/li>\n<li>Just nii pikad tapeedipaanid, kui on Sinu sein<\/li>\n<li>Premium, matt fliistapeedi materjal<\/li>\n<li>M\u00fcrgivabad tr\u00fckiv\u00e4rvid, Greenguard sertifitseeritud<\/li>\n<li><a href=\"https:\/\/baubauwall.com\/et\/keskkonnasobralikud-tapeedid\/\" target=\"_blank\" rel=\"noopener\">Keskkonnas\u00f5bralik<\/a>, j\u00e4\u00e4tmevaba tapeetimine<\/li>\n<li>Tasuta tapeediliim<\/li>\n<li>Tasuta transport ja kiire tarne 5 t\u00f6\u00f6p\u00e4evaga<\/li>\n<\/ul>\n<\/li>\n<\/ul>\n<p>Loe l\u00e4hemalt nutikatest, eritellimust\u00f6\u00f6na valmivatest tapeetidest\u00a0<a href=\"https:\/\/baubauwall.com\/et\/keskkonnasobralikud-tapeedid\/\">siit.<\/a><\/p>\n","protected":false},"excerpt":{"rendered":"<p>Fototoapeet merevaatega tormisele merele, mida naudid nii, et ise oled m\u00f5nusas soojas toas! Kas oled n\u00e4inud filmi \u201cLeave the World Behind\u201d? See film muutis fototapeedi trendikamaks kui kunagi enne. See stseen, kus Julia Robertsi karakter Amanda astub stiilsesse magamistuppa, mille seinal on justnimelt sinakas-hallikas merevaatega fototapeet \u2013 jah see! M\u00e4ssava merega vaade fototapeedil on sobitatud [&hellip;]<\/p>\n","protected":false},"featured_media":40029,"comment_status":"open","ping_status":"closed","template":"","meta":{"_acf_changed":false,"inline_featured_image":false},"product_brand":[],"product_cat":[433,267,413,414,415,402,252],"product_tag":[454],"class_list":{"0":"post-40032","1":"product","2":"type-product","3":"status-publish","4":"has-post-thumbnail","6":"product_cat-fototapeedid","7":"product_cat-sinised-tapeedid","8":"product_cat-magamistoa-tapeedid","9":"product_cat-soogitoa-tapeedid","10":"product_cat-kulalistetoa-tapeedid","11":"product_cat-elutoa-tapeedid","12":"product_cat-ookean-meri","13":"product_tag-fototapeet-et","15":"first","16":"instock","17":"taxable","18":"shipping-taxable","19":"purchasable","20":"product-type-simple"},"acf":[],"yoast_head":"<!-- This site is optimized with the Yoast SEO plugin v25.9 - https:\/\/yoast.com\/wordpress\/plugins\/seo\/ -->\n<title>Fototapeet merevaatega | Fototapeet M\u00e4ssav meri \u2013 sinine<\/title>\n<meta name=\"description\" content=\"Fototapeet merevaatega, mille tormine meri v\u00f5iks m\u00e4ssata sinu kodu fototapeedil. Efektne fototapeet sinise mere ja tuulise taevaga! Fliistapeet\" \/>\n<meta name=\"robots\" content=\"index, follow, max-snippet:-1, max-image-preview:large, max-video-preview:-1\" \/>\n<link rel=\"canonical\" href=\"https:\/\/baubauwall.com\/et\/toode\/fototapeet-fototapeet-massav-meri-sinine\/\" \/>\n<meta property=\"og:locale\" content=\"et_EE\" \/>\n<meta property=\"og:type\" content=\"article\" \/>\n<meta property=\"og:title\" content=\"Fototapeet M\u00e4ssav meri \u2013 sinine\" \/>\n<meta property=\"og:description\" content=\"Fototapeet merevaatega, mille tormine meri v\u00f5iks m\u00e4ssata sinu kodu fototapeedil. Efektne fototapeet sinise mere ja tuulise taevaga! Fliistapeet\" \/>\n<meta property=\"og:url\" content=\"https:\/\/baubauwall.com\/et\/toode\/fototapeet-fototapeet-massav-meri-sinine\/\" \/>\n<meta property=\"og:site_name\" content=\"BAUBAUWALL TAPEEDID\" \/>\n<meta property=\"article:publisher\" content=\"https:\/\/www.facebook.com\/Baubauwall\" \/>\n<meta property=\"article:modified_time\" content=\"2025-10-22T06:43:08+00:00\" \/>\n<meta property=\"og:image\" content=\"https:\/\/baubauwall.com\/wp-content\/uploads\/2022\/03\/51300031_OceanSeaWaves-Blue_Baubauwall_Wall_Photo_Wallpaper_room4.jpg\" \/>\n\t<meta property=\"og:image:width\" content=\"2400\" \/>\n\t<meta property=\"og:image:height\" content=\"1600\" \/>\n\t<meta property=\"og:image:type\" content=\"image\/jpeg\" \/>\n<meta name=\"twitter:card\" content=\"summary_large_image\" \/>\n<meta name=\"twitter:label1\" content=\"Est. reading time\" \/>\n\t<meta name=\"twitter:data1\" content=\"1 minut\" \/>\n<script type=\"application\/ld+json\" class=\"yoast-schema-graph\">{\"@context\":\"https:\/\/schema.org\",\"@graph\":[{\"@type\":\"WebPage\",\"@id\":\"https:\/\/baubauwall.com\/et\/toode\/fototapeet-fototapeet-massav-meri-sinine\/\",\"url\":\"https:\/\/baubauwall.com\/et\/toode\/fototapeet-fototapeet-massav-meri-sinine\/\",\"name\":\"Fototapeet merevaatega | Fototapeet M\u00e4ssav meri \u2013 sinine\",\"isPartOf\":{\"@id\":\"https:\/\/baubauwall.com\/et\/#website\"},\"primaryImageOfPage\":{\"@id\":\"https:\/\/baubauwall.com\/et\/toode\/fototapeet-fototapeet-massav-meri-sinine\/#primaryimage\"},\"image\":{\"@id\":\"https:\/\/baubauwall.com\/et\/toode\/fototapeet-fototapeet-massav-meri-sinine\/#primaryimage\"},\"thumbnailUrl\":\"https:\/\/baubauwall.com\/wp-content\/uploads\/2022\/03\/51300031_OceanSeaWaves-Blue_Baubauwall_Wall_Photo_Wallpaper_room4.jpg\",\"datePublished\":\"2024-03-29T13:15:55+00:00\",\"dateModified\":\"2025-10-22T06:43:08+00:00\",\"description\":\"Fototapeet merevaatega, mille tormine meri v\u00f5iks m\u00e4ssata sinu kodu fototapeedil. Efektne fototapeet sinise mere ja tuulise taevaga! Fliistapeet\",\"breadcrumb\":{\"@id\":\"https:\/\/baubauwall.com\/et\/toode\/fototapeet-fototapeet-massav-meri-sinine\/#breadcrumb\"},\"inLanguage\":\"et\",\"potentialAction\":[{\"@type\":\"ReadAction\",\"target\":[\"https:\/\/baubauwall.com\/et\/toode\/fototapeet-fototapeet-massav-meri-sinine\/\"]}]},{\"@type\":\"ImageObject\",\"inLanguage\":\"et\",\"@id\":\"https:\/\/baubauwall.com\/et\/toode\/fototapeet-fototapeet-massav-meri-sinine\/#primaryimage\",\"url\":\"https:\/\/baubauwall.com\/wp-content\/uploads\/2022\/03\/51300031_OceanSeaWaves-Blue_Baubauwall_Wall_Photo_Wallpaper_room4.jpg\",\"contentUrl\":\"https:\/\/baubauwall.com\/wp-content\/uploads\/2022\/03\/51300031_OceanSeaWaves-Blue_Baubauwall_Wall_Photo_Wallpaper_room4.jpg\",\"width\":2400,\"height\":1600,\"caption\":\"Raging ocean view look on a stunning photo wallpaper. Great fit for living room wall decor\"},{\"@type\":\"BreadcrumbList\",\"@id\":\"https:\/\/baubauwall.com\/et\/toode\/fototapeet-fototapeet-massav-meri-sinine\/#breadcrumb\",\"itemListElement\":[{\"@type\":\"ListItem\",\"position\":1,\"name\":\"Koju\",\"item\":\"https:\/\/baubauwall.com\/et\/\"},{\"@type\":\"ListItem\",\"position\":2,\"name\":\"Tapeedid\",\"item\":\"https:\/\/baubauwall.com\/et\/tapeedid\/\"},{\"@type\":\"ListItem\",\"position\":3,\"name\":\"Fototapeet M\u00e4ssav meri \u2013 sinine\"}]},{\"@type\":\"WebSite\",\"@id\":\"https:\/\/baubauwall.com\/et\/#website\",\"url\":\"https:\/\/baubauwall.com\/et\/\",\"name\":\"BAUBAUWALL Wallpapers\",\"description\":\"Valmis paanides tapeet Eestist!\",\"publisher\":{\"@id\":\"https:\/\/baubauwall.com\/et\/#organization\"},\"potentialAction\":[{\"@type\":\"SearchAction\",\"target\":{\"@type\":\"EntryPoint\",\"urlTemplate\":\"https:\/\/baubauwall.com\/et\/?s={search_term_string}\"},\"query-input\":{\"@type\":\"PropertyValueSpecification\",\"valueRequired\":true,\"valueName\":\"search_term_string\"}}],\"inLanguage\":\"et\"},{\"@type\":\"Organization\",\"@id\":\"https:\/\/baubauwall.com\/et\/#organization\",\"name\":\"BAUBAUWALL Wallpapers\",\"url\":\"https:\/\/baubauwall.com\/et\/\",\"logo\":{\"@type\":\"ImageObject\",\"inLanguage\":\"et\",\"@id\":\"https:\/\/baubauwall.com\/et\/#\/schema\/logo\/image\/\",\"url\":\"https:\/\/baubauwall.com\/wp-content\/uploads\/2022\/03\/logo-horizontal.svg\",\"contentUrl\":\"https:\/\/baubauwall.com\/wp-content\/uploads\/2022\/03\/logo-horizontal.svg\",\"width\":\"1024\",\"height\":\"1024\",\"caption\":\"BAUBAUWALL Wallpapers\"},\"image\":{\"@id\":\"https:\/\/baubauwall.com\/et\/#\/schema\/logo\/image\/\"},\"sameAs\":[\"https:\/\/www.facebook.com\/Baubauwall\",\"https:\/\/www.instagram.com\/baubauwall\"]}]}<\/script>\n<!-- \/ Yoast SEO plugin. -->","yoast_head_json":{"title":"Fototapeet merevaatega | Fototapeet M\u00e4ssav meri \u2013 sinine","description":"Fototapeet merevaatega, mille tormine meri v\u00f5iks m\u00e4ssata sinu kodu fototapeedil. Efektne fototapeet sinise mere ja tuulise taevaga! Fliistapeet","robots":{"index":"index","follow":"follow","max-snippet":"max-snippet:-1","max-image-preview":"max-image-preview:large","max-video-preview":"max-video-preview:-1"},"canonical":"https:\/\/baubauwall.com\/et\/toode\/fototapeet-fototapeet-massav-meri-sinine\/","og_locale":"et_EE","og_type":"article","og_title":"Fototapeet M\u00e4ssav meri \u2013 sinine","og_description":"Fototapeet merevaatega, mille tormine meri v\u00f5iks m\u00e4ssata sinu kodu fototapeedil. Efektne fototapeet sinise mere ja tuulise taevaga! Fliistapeet","og_url":"https:\/\/baubauwall.com\/et\/toode\/fototapeet-fototapeet-massav-meri-sinine\/","og_site_name":"BAUBAUWALL TAPEEDID","article_publisher":"https:\/\/www.facebook.com\/Baubauwall","article_modified_time":"2025-10-22T06:43:08+00:00","og_image":[{"width":2400,"height":1600,"url":"https:\/\/baubauwall.com\/wp-content\/uploads\/2022\/03\/51300031_OceanSeaWaves-Blue_Baubauwall_Wall_Photo_Wallpaper_room4.jpg","type":"image\/jpeg"}],"twitter_card":"summary_large_image","twitter_misc":{"Est. reading time":"1 minut"},"schema":{"@context":"https:\/\/schema.org","@graph":[{"@type":"WebPage","@id":"https:\/\/baubauwall.com\/et\/toode\/fototapeet-fototapeet-massav-meri-sinine\/","url":"https:\/\/baubauwall.com\/et\/toode\/fototapeet-fototapeet-massav-meri-sinine\/","name":"Fototapeet merevaatega | Fototapeet M\u00e4ssav meri \u2013 sinine","isPartOf":{"@id":"https:\/\/baubauwall.com\/et\/#website"},"primaryImageOfPage":{"@id":"https:\/\/baubauwall.com\/et\/toode\/fototapeet-fototapeet-massav-meri-sinine\/#primaryimage"},"image":{"@id":"https:\/\/baubauwall.com\/et\/toode\/fototapeet-fototapeet-massav-meri-sinine\/#primaryimage"},"thumbnailUrl":"https:\/\/baubauwall.com\/wp-content\/uploads\/2022\/03\/51300031_OceanSeaWaves-Blue_Baubauwall_Wall_Photo_Wallpaper_room4.jpg","datePublished":"2024-03-29T13:15:55+00:00","dateModified":"2025-10-22T06:43:08+00:00","description":"Fototapeet merevaatega, mille tormine meri v\u00f5iks m\u00e4ssata sinu kodu fototapeedil. Efektne fototapeet sinise mere ja tuulise taevaga! Fliistapeet","breadcrumb":{"@id":"https:\/\/baubauwall.com\/et\/toode\/fototapeet-fototapeet-massav-meri-sinine\/#breadcrumb"},"inLanguage":"et","potentialAction":[{"@type":"ReadAction","target":["https:\/\/baubauwall.com\/et\/toode\/fototapeet-fototapeet-massav-meri-sinine\/"]}]},{"@type":"ImageObject","inLanguage":"et","@id":"https:\/\/baubauwall.com\/et\/toode\/fototapeet-fototapeet-massav-meri-sinine\/#primaryimage","url":"https:\/\/baubauwall.com\/wp-content\/uploads\/2022\/03\/51300031_OceanSeaWaves-Blue_Baubauwall_Wall_Photo_Wallpaper_room4.jpg","contentUrl":"https:\/\/baubauwall.com\/wp-content\/uploads\/2022\/03\/51300031_OceanSeaWaves-Blue_Baubauwall_Wall_Photo_Wallpaper_room4.jpg","width":2400,"height":1600,"caption":"Raging ocean view look on a stunning photo wallpaper. Great fit for living room wall decor"},{"@type":"BreadcrumbList","@id":"https:\/\/baubauwall.com\/et\/toode\/fototapeet-fototapeet-massav-meri-sinine\/#breadcrumb","itemListElement":[{"@type":"ListItem","position":1,"name":"Koju","item":"https:\/\/baubauwall.com\/et\/"},{"@type":"ListItem","position":2,"name":"Tapeedid","item":"https:\/\/baubauwall.com\/et\/tapeedid\/"},{"@type":"ListItem","position":3,"name":"Fototapeet M\u00e4ssav meri \u2013 sinine"}]},{"@type":"WebSite","@id":"https:\/\/baubauwall.com\/et\/#website","url":"https:\/\/baubauwall.com\/et\/","name":"BAUBAUWALL Wallpapers","description":"Valmis paanides tapeet Eestist!","publisher":{"@id":"https:\/\/baubauwall.com\/et\/#organization"},"potentialAction":[{"@type":"SearchAction","target":{"@type":"EntryPoint","urlTemplate":"https:\/\/baubauwall.com\/et\/?s={search_term_string}"},"query-input":{"@type":"PropertyValueSpecification","valueRequired":true,"valueName":"search_term_string"}}],"inLanguage":"et"},{"@type":"Organization","@id":"https:\/\/baubauwall.com\/et\/#organization","name":"BAUBAUWALL Wallpapers","url":"https:\/\/baubauwall.com\/et\/","logo":{"@type":"ImageObject","inLanguage":"et","@id":"https:\/\/baubauwall.com\/et\/#\/schema\/logo\/image\/","url":"https:\/\/baubauwall.com\/wp-content\/uploads\/2022\/03\/logo-horizontal.svg","contentUrl":"https:\/\/baubauwall.com\/wp-content\/uploads\/2022\/03\/logo-horizontal.svg","width":"1024","height":"1024","caption":"BAUBAUWALL Wallpapers"},"image":{"@id":"https:\/\/baubauwall.com\/et\/#\/schema\/logo\/image\/"},"sameAs":["https:\/\/www.facebook.com\/Baubauwall","https:\/\/www.instagram.com\/baubauwall"]}]}},"jetpack_sharing_enabled":true,"_links":{"self":[{"href":"https:\/\/baubauwall.com\/et\/wp-json\/wp\/v2\/product\/40032","targetHints":{"allow":["GET"]}}],"collection":[{"href":"https:\/\/baubauwall.com\/et\/wp-json\/wp\/v2\/product"}],"about":[{"href":"https:\/\/baubauwall.com\/et\/wp-json\/wp\/v2\/types\/product"}],"replies":[{"embeddable":true,"href":"https:\/\/baubauwall.com\/et\/wp-json\/wp\/v2\/comments?post=40032"}],"wp:featuredmedia":[{"embeddable":true,"href":"https:\/\/baubauwall.com\/et\/wp-json\/wp\/v2\/media\/40029"}],"wp:attachment":[{"href":"https:\/\/baubauwall.com\/et\/wp-json\/wp\/v2\/media?parent=40032"}],"wp:term":[{"taxonomy":"product_brand","embeddable":true,"href":"https:\/\/baubauwall.com\/et\/wp-json\/wp\/v2\/product_brand?post=40032"},{"taxonomy":"product_cat","embeddable":true,"href":"https:\/\/baubauwall.com\/et\/wp-json\/wp\/v2\/product_cat?post=40032"},{"taxonomy":"product_tag","embeddable":true,"href":"https:\/\/baubauwall.com\/et\/wp-json\/wp\/v2\/product_tag?post=40032"}],"curies":[{"name":"wp","href":"https:\/\/api.w.org\/{rel}","templated":true}]}}