{"id":40242,"date":"2024-11-25T17:00:32","date_gmt":"2024-11-25T15:00:32","guid":{"rendered":"https:\/\/baubauwall.com\/product\/mural-wallpaper-terracotta-mosaic\/"},"modified":"2024-12-17T17:01:05","modified_gmt":"2024-12-17T15:01:05","slug":"pilttapeet-terrakota-mosaiik","status":"publish","type":"product","link":"https:\/\/baubauwall.com\/et\/toode\/pilttapeet-terrakota-mosaiik\/","title":{"rendered":"Terrakota mosaiik"},"content":{"rendered":"<p>Pilttapeet julge, abstraktse disainiga, mis v\u00f5iks kaunistada Sinu kodu v\u00f5i avaliku ruumi aktsentseina! Tapeedi isikup\u00e4rane disain \u00fchendab harmooniliselt kaasaegse stiili ja ajatu esteetika. Abstraktsest kunstist inspireerituna iseloomustavad seda pilttapeeti efektsed orgaanilised kujundid soojades terrakota toonides. Bee\u017e, pruun &#8211; just need v\u00e4rvid, millesse tahaks end (ja seinad) m\u00e4ssida tundmaks otsatult hubaselt!<\/p>\n<p><strong>Miks osta tapeet siit? Sest tapeetimine ja tapeedi valimine on meil lihtne ja digitaalne!<\/strong><\/p>\n<ul>\n<li>Tr\u00fckime t\u00e4pselt nii palju tapeeti, kui Sul vaja<\/li>\n<li>Nummerdatud tapeedipaanid<\/li>\n<li>Just nii pikad tapeedipaanid, kui on Sinu sein<\/li>\n<li>Premium, matt fliistapeedi materjal<\/li>\n<li>M\u00fcrgivabad tr\u00fckiv\u00e4rvid, Greenguard sertifitseeritud<\/li>\n<li>Keskkonnas\u00f5bralik, j\u00e4\u00e4tmevaba tapeetimine<\/li>\n<li>Tasuta tapeediliim on alati kaasas<\/li>\n<li>Tasuta transport ja kiire tarne 5 t\u00f6\u00f6p\u00e4evaga<\/li>\n<\/ul>\n<p>Loe l\u00e4hemalt nutikatest, eritellimust\u00f6\u00f6na valmivatest tapeetidest\u00a0<a href=\"https:\/\/baubauwall.com\/et\/keskkonnasobralikud-tapeedid\/\">siit.<\/a><\/p>\n","protected":false},"excerpt":{"rendered":"<p>Pilttapeet julge, abstraktse disainiga, mis v\u00f5iks kaunistada Sinu kodu v\u00f5i avaliku ruumi aktsentseina! Tapeedi isikup\u00e4rane disain \u00fchendab harmooniliselt kaasaegse stiili ja ajatu esteetika. Abstraktsest kunstist inspireerituna iseloomustavad seda pilttapeeti efektsed orgaanilised kujundid soojades terrakota toonides. Bee\u017e, pruun &#8211; just need v\u00e4rvid, millesse tahaks end (ja seinad) m\u00e4ssida tundmaks otsatult hubaselt! Miks osta tapeet siit? Sest [&hellip;]<\/p>\n","protected":false},"featured_media":40237,"comment_status":"open","ping_status":"closed","template":"","meta":{"_acf_changed":false,"inline_featured_image":false},"product_brand":[],"product_cat":[387,622,404,408,265,269,275,752,413,414,415,402,583],"product_tag":[],"class_list":{"0":"post-40242","1":"product","2":"type-product","3":"status-publish","4":"has-post-thumbnail","6":"product_cat-pilttapeedid","7":"product_cat-julged-tapeedid","8":"product_cat-abstraktne","9":"product_cat-geomeetriline","10":"product_cat-beezid-tapeedid","11":"product_cat-pruunid-tapeedid","12":"product_cat-oranzid-tapeedid","13":"product_cat-avalik-ruum","14":"product_cat-magamistoa-tapeedid","15":"product_cat-soogitoa-tapeedid","16":"product_cat-kulalistetoa-tapeedid","17":"product_cat-elutoa-tapeedid","18":"product_cat-vesivarv","19":"pa_designedby-baubauwall","21":"first","22":"instock","23":"taxable","24":"shipping-taxable","25":"purchasable","26":"product-type-simple"},"acf":[],"yoast_head":"<!-- This site is optimized with the Yoast SEO plugin v25.9 - https:\/\/yoast.com\/wordpress\/plugins\/seo\/ -->\n<title>Pilttapeet Terrakota mosaiik - koju v\u00f5i avalikku ruumi<\/title>\n<meta name=\"description\" content=\"Efektne, abstraktse disainiga pilttapeet koju v\u00f5i avalikku ruumi. Soojades toonides tapeet, mida on lihtne sobitada muu heleda m\u00f6\u00f6bliga.\" \/>\n<meta name=\"robots\" content=\"index, follow, max-snippet:-1, max-image-preview:large, max-video-preview:-1\" \/>\n<link rel=\"canonical\" href=\"https:\/\/baubauwall.com\/et\/toode\/pilttapeet-terrakota-mosaiik\/\" \/>\n<meta property=\"og:locale\" content=\"et_EE\" \/>\n<meta property=\"og:type\" content=\"article\" \/>\n<meta property=\"og:title\" content=\"BAUBAUWALL TAPEEDID\" \/>\n<meta property=\"og:description\" content=\"Terrakota mosaiik\" \/>\n<meta property=\"og:url\" content=\"https:\/\/baubauwall.com\/et\/toode\/pilttapeet-terrakota-mosaiik\/\" \/>\n<meta property=\"og:site_name\" content=\"BAUBAUWALL TAPEEDID\" \/>\n<meta property=\"article:publisher\" content=\"https:\/\/www.facebook.com\/Baubauwall\" \/>\n<meta property=\"article:modified_time\" content=\"2024-12-17T15:01:05+00:00\" \/>\n<meta property=\"og:image\" content=\"https:\/\/baubauwall.com\/wp-content\/uploads\/2022\/11\/51200457_TerracottaMosaic_Baubauwall_Wall_Mural_room1.jpg\" \/>\n\t<meta property=\"og:image:width\" content=\"2215\" \/>\n\t<meta property=\"og:image:height\" content=\"1600\" \/>\n\t<meta property=\"og:image:type\" content=\"image\/jpeg\" \/>\n<meta name=\"twitter:card\" content=\"summary_large_image\" \/>\n<meta name=\"twitter:label1\" content=\"Est. reading time\" \/>\n\t<meta name=\"twitter:data1\" content=\"1 minut\" \/>\n<script type=\"application\/ld+json\" class=\"yoast-schema-graph\">{\"@context\":\"https:\/\/schema.org\",\"@graph\":[{\"@type\":\"WebPage\",\"@id\":\"https:\/\/baubauwall.com\/et\/toode\/pilttapeet-terrakota-mosaiik\/\",\"url\":\"https:\/\/baubauwall.com\/et\/toode\/pilttapeet-terrakota-mosaiik\/\",\"name\":\"Pilttapeet Terrakota mosaiik - koju v\u00f5i avalikku ruumi\",\"isPartOf\":{\"@id\":\"https:\/\/baubauwall.com\/et\/#website\"},\"primaryImageOfPage\":{\"@id\":\"https:\/\/baubauwall.com\/et\/toode\/pilttapeet-terrakota-mosaiik\/#primaryimage\"},\"image\":{\"@id\":\"https:\/\/baubauwall.com\/et\/toode\/pilttapeet-terrakota-mosaiik\/#primaryimage\"},\"thumbnailUrl\":\"https:\/\/baubauwall.com\/wp-content\/uploads\/2022\/11\/51200457_TerracottaMosaic_Baubauwall_Wall_Mural_room1.jpg\",\"datePublished\":\"2024-11-25T15:00:32+00:00\",\"dateModified\":\"2024-12-17T15:01:05+00:00\",\"description\":\"Efektne, abstraktse disainiga pilttapeet koju v\u00f5i avalikku ruumi. Soojades toonides tapeet, mida on lihtne sobitada muu heleda m\u00f6\u00f6bliga.\",\"breadcrumb\":{\"@id\":\"https:\/\/baubauwall.com\/et\/toode\/pilttapeet-terrakota-mosaiik\/#breadcrumb\"},\"inLanguage\":\"et\",\"potentialAction\":[{\"@type\":\"ReadAction\",\"target\":[\"https:\/\/baubauwall.com\/et\/toode\/pilttapeet-terrakota-mosaiik\/\"]}]},{\"@type\":\"ImageObject\",\"inLanguage\":\"et\",\"@id\":\"https:\/\/baubauwall.com\/et\/toode\/pilttapeet-terrakota-mosaiik\/#primaryimage\",\"url\":\"https:\/\/baubauwall.com\/wp-content\/uploads\/2022\/11\/51200457_TerracottaMosaic_Baubauwall_Wall_Mural_room1.jpg\",\"contentUrl\":\"https:\/\/baubauwall.com\/wp-content\/uploads\/2022\/11\/51200457_TerracottaMosaic_Baubauwall_Wall_Mural_room1.jpg\",\"width\":2215,\"height\":1600,\"caption\":\"Living room wallpaper by Baubauwall. Mural wallpaper in grand scale, terracotta color palette\"},{\"@type\":\"BreadcrumbList\",\"@id\":\"https:\/\/baubauwall.com\/et\/toode\/pilttapeet-terrakota-mosaiik\/#breadcrumb\",\"itemListElement\":[{\"@type\":\"ListItem\",\"position\":1,\"name\":\"Koju\",\"item\":\"https:\/\/baubauwall.com\/et\/\"},{\"@type\":\"ListItem\",\"position\":2,\"name\":\"Tapeedid\",\"item\":\"https:\/\/baubauwall.com\/et\/tapeedid\/\"},{\"@type\":\"ListItem\",\"position\":3,\"name\":\"Terrakota mosaiik\"}]},{\"@type\":\"WebSite\",\"@id\":\"https:\/\/baubauwall.com\/et\/#website\",\"url\":\"https:\/\/baubauwall.com\/et\/\",\"name\":\"BAUBAUWALL Wallpapers\",\"description\":\"Valmis paanides tapeet Eestist!\",\"publisher\":{\"@id\":\"https:\/\/baubauwall.com\/et\/#organization\"},\"potentialAction\":[{\"@type\":\"SearchAction\",\"target\":{\"@type\":\"EntryPoint\",\"urlTemplate\":\"https:\/\/baubauwall.com\/et\/?s={search_term_string}\"},\"query-input\":{\"@type\":\"PropertyValueSpecification\",\"valueRequired\":true,\"valueName\":\"search_term_string\"}}],\"inLanguage\":\"et\"},{\"@type\":\"Organization\",\"@id\":\"https:\/\/baubauwall.com\/et\/#organization\",\"name\":\"BAUBAUWALL Wallpapers\",\"url\":\"https:\/\/baubauwall.com\/et\/\",\"logo\":{\"@type\":\"ImageObject\",\"inLanguage\":\"et\",\"@id\":\"https:\/\/baubauwall.com\/et\/#\/schema\/logo\/image\/\",\"url\":\"https:\/\/baubauwall.com\/wp-content\/uploads\/2022\/03\/logo-horizontal.svg\",\"contentUrl\":\"https:\/\/baubauwall.com\/wp-content\/uploads\/2022\/03\/logo-horizontal.svg\",\"width\":\"1024\",\"height\":\"1024\",\"caption\":\"BAUBAUWALL Wallpapers\"},\"image\":{\"@id\":\"https:\/\/baubauwall.com\/et\/#\/schema\/logo\/image\/\"},\"sameAs\":[\"https:\/\/www.facebook.com\/Baubauwall\",\"https:\/\/www.instagram.com\/baubauwall\"]}]}<\/script>\n<!-- \/ Yoast SEO plugin. -->","yoast_head_json":{"title":"Pilttapeet Terrakota mosaiik - koju v\u00f5i avalikku ruumi","description":"Efektne, abstraktse disainiga pilttapeet koju v\u00f5i avalikku ruumi. Soojades toonides tapeet, mida on lihtne sobitada muu heleda m\u00f6\u00f6bliga.","robots":{"index":"index","follow":"follow","max-snippet":"max-snippet:-1","max-image-preview":"max-image-preview:large","max-video-preview":"max-video-preview:-1"},"canonical":"https:\/\/baubauwall.com\/et\/toode\/pilttapeet-terrakota-mosaiik\/","og_locale":"et_EE","og_type":"article","og_title":"BAUBAUWALL TAPEEDID","og_description":"Terrakota mosaiik","og_url":"https:\/\/baubauwall.com\/et\/toode\/pilttapeet-terrakota-mosaiik\/","og_site_name":"BAUBAUWALL TAPEEDID","article_publisher":"https:\/\/www.facebook.com\/Baubauwall","article_modified_time":"2024-12-17T15:01:05+00:00","og_image":[{"width":2215,"height":1600,"url":"https:\/\/baubauwall.com\/wp-content\/uploads\/2022\/11\/51200457_TerracottaMosaic_Baubauwall_Wall_Mural_room1.jpg","type":"image\/jpeg"}],"twitter_card":"summary_large_image","twitter_misc":{"Est. reading time":"1 minut"},"schema":{"@context":"https:\/\/schema.org","@graph":[{"@type":"WebPage","@id":"https:\/\/baubauwall.com\/et\/toode\/pilttapeet-terrakota-mosaiik\/","url":"https:\/\/baubauwall.com\/et\/toode\/pilttapeet-terrakota-mosaiik\/","name":"Pilttapeet Terrakota mosaiik - koju v\u00f5i avalikku ruumi","isPartOf":{"@id":"https:\/\/baubauwall.com\/et\/#website"},"primaryImageOfPage":{"@id":"https:\/\/baubauwall.com\/et\/toode\/pilttapeet-terrakota-mosaiik\/#primaryimage"},"image":{"@id":"https:\/\/baubauwall.com\/et\/toode\/pilttapeet-terrakota-mosaiik\/#primaryimage"},"thumbnailUrl":"https:\/\/baubauwall.com\/wp-content\/uploads\/2022\/11\/51200457_TerracottaMosaic_Baubauwall_Wall_Mural_room1.jpg","datePublished":"2024-11-25T15:00:32+00:00","dateModified":"2024-12-17T15:01:05+00:00","description":"Efektne, abstraktse disainiga pilttapeet koju v\u00f5i avalikku ruumi. Soojades toonides tapeet, mida on lihtne sobitada muu heleda m\u00f6\u00f6bliga.","breadcrumb":{"@id":"https:\/\/baubauwall.com\/et\/toode\/pilttapeet-terrakota-mosaiik\/#breadcrumb"},"inLanguage":"et","potentialAction":[{"@type":"ReadAction","target":["https:\/\/baubauwall.com\/et\/toode\/pilttapeet-terrakota-mosaiik\/"]}]},{"@type":"ImageObject","inLanguage":"et","@id":"https:\/\/baubauwall.com\/et\/toode\/pilttapeet-terrakota-mosaiik\/#primaryimage","url":"https:\/\/baubauwall.com\/wp-content\/uploads\/2022\/11\/51200457_TerracottaMosaic_Baubauwall_Wall_Mural_room1.jpg","contentUrl":"https:\/\/baubauwall.com\/wp-content\/uploads\/2022\/11\/51200457_TerracottaMosaic_Baubauwall_Wall_Mural_room1.jpg","width":2215,"height":1600,"caption":"Living room wallpaper by Baubauwall. Mural wallpaper in grand scale, terracotta color palette"},{"@type":"BreadcrumbList","@id":"https:\/\/baubauwall.com\/et\/toode\/pilttapeet-terrakota-mosaiik\/#breadcrumb","itemListElement":[{"@type":"ListItem","position":1,"name":"Koju","item":"https:\/\/baubauwall.com\/et\/"},{"@type":"ListItem","position":2,"name":"Tapeedid","item":"https:\/\/baubauwall.com\/et\/tapeedid\/"},{"@type":"ListItem","position":3,"name":"Terrakota mosaiik"}]},{"@type":"WebSite","@id":"https:\/\/baubauwall.com\/et\/#website","url":"https:\/\/baubauwall.com\/et\/","name":"BAUBAUWALL Wallpapers","description":"Valmis paanides tapeet Eestist!","publisher":{"@id":"https:\/\/baubauwall.com\/et\/#organization"},"potentialAction":[{"@type":"SearchAction","target":{"@type":"EntryPoint","urlTemplate":"https:\/\/baubauwall.com\/et\/?s={search_term_string}"},"query-input":{"@type":"PropertyValueSpecification","valueRequired":true,"valueName":"search_term_string"}}],"inLanguage":"et"},{"@type":"Organization","@id":"https:\/\/baubauwall.com\/et\/#organization","name":"BAUBAUWALL Wallpapers","url":"https:\/\/baubauwall.com\/et\/","logo":{"@type":"ImageObject","inLanguage":"et","@id":"https:\/\/baubauwall.com\/et\/#\/schema\/logo\/image\/","url":"https:\/\/baubauwall.com\/wp-content\/uploads\/2022\/03\/logo-horizontal.svg","contentUrl":"https:\/\/baubauwall.com\/wp-content\/uploads\/2022\/03\/logo-horizontal.svg","width":"1024","height":"1024","caption":"BAUBAUWALL Wallpapers"},"image":{"@id":"https:\/\/baubauwall.com\/et\/#\/schema\/logo\/image\/"},"sameAs":["https:\/\/www.facebook.com\/Baubauwall","https:\/\/www.instagram.com\/baubauwall"]}]}},"jetpack_sharing_enabled":true,"_links":{"self":[{"href":"https:\/\/baubauwall.com\/et\/wp-json\/wp\/v2\/product\/40242","targetHints":{"allow":["GET"]}}],"collection":[{"href":"https:\/\/baubauwall.com\/et\/wp-json\/wp\/v2\/product"}],"about":[{"href":"https:\/\/baubauwall.com\/et\/wp-json\/wp\/v2\/types\/product"}],"replies":[{"embeddable":true,"href":"https:\/\/baubauwall.com\/et\/wp-json\/wp\/v2\/comments?post=40242"}],"wp:featuredmedia":[{"embeddable":true,"href":"https:\/\/baubauwall.com\/et\/wp-json\/wp\/v2\/media\/40237"}],"wp:attachment":[{"href":"https:\/\/baubauwall.com\/et\/wp-json\/wp\/v2\/media?parent=40242"}],"wp:term":[{"taxonomy":"product_brand","embeddable":true,"href":"https:\/\/baubauwall.com\/et\/wp-json\/wp\/v2\/product_brand?post=40242"},{"taxonomy":"product_cat","embeddable":true,"href":"https:\/\/baubauwall.com\/et\/wp-json\/wp\/v2\/product_cat?post=40242"},{"taxonomy":"product_tag","embeddable":true,"href":"https:\/\/baubauwall.com\/et\/wp-json\/wp\/v2\/product_tag?post=40242"}],"curies":[{"name":"wp","href":"https:\/\/api.w.org\/{rel}","templated":true}]}}