{"id":40327,"date":"2024-11-15T17:00:32","date_gmt":"2024-11-15T15:00:32","guid":{"rendered":"https:\/\/baubauwall.com\/product\/mural-wallpaper-pebble-harmony\/"},"modified":"2024-12-20T15:55:22","modified_gmt":"2024-12-20T13:55:22","slug":"pilttapeet-kivimite-kooskola","status":"publish","type":"product","link":"https:\/\/baubauwall.com\/et\/toode\/pilttapeet-kivimite-kooskola\/","title":{"rendered":"Kivimite koosk\u00f5la"},"content":{"rendered":"<p>Pilttapeet, mis m\u00f5jub eriliselt h\u00e4sti just \u00fchel seinal, olgu selleks avalik ruum v\u00f5i kodu elutuba. Pehmed hallid, soojad bee\u017eid ja julged mustad geomeetrilised kujundid loovad abstraktse tapeedidisaini, mis on kaasaegne ja hubane. V\u00e4rvid, millega on lihtne sobitada interj\u00f6\u00f6ri muid elemente. Ideaalne pilttapeet, mis m\u00f5jub interj\u00f6\u00f6ris silmapaistvalt, seejuures kuidagi \u00fcle pingutamata.<\/p>\n<p><strong>Miks osta tapeet siit?\u00a0 Sest tegime valimise, ostmise ja m\u00f5\u00f5tmise lihtsaks ning kiireks!<\/strong><\/p>\n<ul>\n<li style=\"list-style-type: none;\">\n<ul>\n<li>Just nii pikad tapeedipaanid, kui on Sinu sein<\/li>\n<li>Nummerdatud tapeedipaanid<\/li>\n<li>Premium, matt fliistapeedi materjal<\/li>\n<li>M\u00fcrgivabad tr\u00fckiv\u00e4rvid, Greenguard sertifitseeritud<\/li>\n<li><a href=\"https:\/\/baubauwall.com\/et\/keskkonnasobralikud-tapeedid\/\" target=\"_blank\" rel=\"noopener\">Keskkonnas\u00f5bralik<\/a>, j\u00e4\u00e4tmevaba tapeetimine<\/li>\n<li>Tasuta tapeediliim<\/li>\n<li>Tasuta transport ja kiire tarne 5 t\u00f6\u00f6p\u00e4evaga<\/li>\n<\/ul>\n<\/li>\n<\/ul>\n<p>Loe l\u00e4hemalt nutikatest, eritellimust\u00f6\u00f6na valmivatest tapeetidest\u00a0<a href=\"https:\/\/baubauwall.com\/et\/keskkonnasobralikud-tapeedid\/\">siit.<\/a><\/p>\n","protected":false},"excerpt":{"rendered":"<p>Pilttapeet, mis m\u00f5jub eriliselt h\u00e4sti just \u00fchel seinal, olgu selleks avalik ruum v\u00f5i kodu elutuba. Pehmed hallid, soojad bee\u017eid ja julged mustad geomeetrilised kujundid loovad abstraktse tapeedidisaini, mis on kaasaegne ja hubane. V\u00e4rvid, millega on lihtne sobitada interj\u00f6\u00f6ri muid elemente. Ideaalne pilttapeet, mis m\u00f5jub interj\u00f6\u00f6ris silmapaistvalt, seejuures kuidagi \u00fcle pingutamata. Miks osta tapeet siit?\u00a0 Sest [&hellip;]<\/p>\n","protected":false},"featured_media":40316,"comment_status":"open","ping_status":"closed","template":"","meta":{"_acf_changed":false,"inline_featured_image":false},"product_brand":[],"product_cat":[387,404,408,265,266,272,273],"product_tag":[345],"class_list":{"0":"post-40327","1":"product","2":"type-product","3":"status-publish","4":"has-post-thumbnail","6":"product_cat-pilttapeedid","7":"product_cat-abstraktne","8":"product_cat-geomeetriline","9":"product_cat-beezid-tapeedid","10":"product_cat-mustad-tapeedid","11":"product_cat-hallid-tapeedid","12":"product_cat-heledad-tapeedid","13":"product_tag-pilttapeet","14":"pa_designedby-baubauwall","16":"first","17":"instock","18":"taxable","19":"shipping-taxable","20":"purchasable","21":"product-type-simple"},"acf":[],"yoast_head":"<!-- This site is optimized with the Yoast SEO plugin v25.9 - https:\/\/yoast.com\/wordpress\/plugins\/seo\/ -->\n<title>Geomeetriliste kujunditega pilttapeet Kivimite koosk\u00f5la<\/title>\n<meta name=\"description\" content=\"Abstraktne pilttapeet, mis sobib h\u00e4sti \u00fchele aktsentseinale. Geomeetriline disain, mis on ajatu. Tapeedi soojades toonides v\u00e4rvidega on lihtne sisustada\" \/>\n<meta name=\"robots\" content=\"index, follow, max-snippet:-1, max-image-preview:large, max-video-preview:-1\" \/>\n<link rel=\"canonical\" href=\"https:\/\/baubauwall.com\/et\/toode\/pilttapeet-kivimite-kooskola\/\" \/>\n<meta property=\"og:locale\" content=\"et_EE\" \/>\n<meta property=\"og:type\" content=\"article\" \/>\n<meta property=\"og:title\" content=\"Kivimite koosk\u00f5la\" \/>\n<meta property=\"og:description\" content=\"Abstraktne pilttapeet, mis sobib h\u00e4sti \u00fchele aktsentseinale. Geomeetriline disain, mis on ajatu. Tapeedi soojades toonides v\u00e4rvidega on lihtne sisustada\" \/>\n<meta property=\"og:url\" content=\"https:\/\/baubauwall.com\/et\/toode\/pilttapeet-kivimite-kooskola\/\" \/>\n<meta property=\"og:site_name\" content=\"BAUBAUWALL TAPEEDID\" \/>\n<meta property=\"article:publisher\" content=\"https:\/\/www.facebook.com\/Baubauwall\" \/>\n<meta property=\"article:modified_time\" content=\"2024-12-20T13:55:22+00:00\" \/>\n<meta property=\"og:image\" content=\"https:\/\/baubauwall.com\/wp-content\/uploads\/2022\/11\/51200458_PebbleHarmony_Baubauwall_Wall_Mural_room2.jpg\" \/>\n\t<meta property=\"og:image:width\" content=\"1693\" \/>\n\t<meta property=\"og:image:height\" content=\"1600\" \/>\n\t<meta property=\"og:image:type\" content=\"image\/jpeg\" \/>\n<meta name=\"twitter:card\" content=\"summary_large_image\" \/>\n<meta name=\"twitter:label1\" content=\"Est. reading time\" \/>\n\t<meta name=\"twitter:data1\" content=\"1 minut\" \/>\n<script type=\"application\/ld+json\" class=\"yoast-schema-graph\">{\"@context\":\"https:\/\/schema.org\",\"@graph\":[{\"@type\":\"WebPage\",\"@id\":\"https:\/\/baubauwall.com\/et\/toode\/pilttapeet-kivimite-kooskola\/\",\"url\":\"https:\/\/baubauwall.com\/et\/toode\/pilttapeet-kivimite-kooskola\/\",\"name\":\"Geomeetriliste kujunditega pilttapeet Kivimite koosk\u00f5la\",\"isPartOf\":{\"@id\":\"https:\/\/baubauwall.com\/et\/#website\"},\"primaryImageOfPage\":{\"@id\":\"https:\/\/baubauwall.com\/et\/toode\/pilttapeet-kivimite-kooskola\/#primaryimage\"},\"image\":{\"@id\":\"https:\/\/baubauwall.com\/et\/toode\/pilttapeet-kivimite-kooskola\/#primaryimage\"},\"thumbnailUrl\":\"https:\/\/baubauwall.com\/wp-content\/uploads\/2022\/11\/51200458_PebbleHarmony_Baubauwall_Wall_Mural_room1.jpg\",\"datePublished\":\"2024-11-15T15:00:32+00:00\",\"dateModified\":\"2024-12-20T13:55:22+00:00\",\"description\":\"Abstraktne pilttapeet, mis sobib h\u00e4sti \u00fchele aktsentseinale. Geomeetriline disain, mis on ajatu. Tapeedi soojades toonides v\u00e4rvidega on lihtne sisustada\",\"breadcrumb\":{\"@id\":\"https:\/\/baubauwall.com\/et\/toode\/pilttapeet-kivimite-kooskola\/#breadcrumb\"},\"inLanguage\":\"et\",\"potentialAction\":[{\"@type\":\"ReadAction\",\"target\":[\"https:\/\/baubauwall.com\/et\/toode\/pilttapeet-kivimite-kooskola\/\"]}]},{\"@type\":\"ImageObject\",\"inLanguage\":\"et\",\"@id\":\"https:\/\/baubauwall.com\/et\/toode\/pilttapeet-kivimite-kooskola\/#primaryimage\",\"url\":\"https:\/\/baubauwall.com\/wp-content\/uploads\/2022\/11\/51200458_PebbleHarmony_Baubauwall_Wall_Mural_room1.jpg\",\"contentUrl\":\"https:\/\/baubauwall.com\/wp-content\/uploads\/2022\/11\/51200458_PebbleHarmony_Baubauwall_Wall_Mural_room1.jpg\",\"width\":2400,\"height\":1600,\"caption\":\"Contemporary mural wallpaper by Baubauwall featuring abstract pebble-like shapes in grey, beige, and black tones, displayed on a bright feature wall\"},{\"@type\":\"BreadcrumbList\",\"@id\":\"https:\/\/baubauwall.com\/et\/toode\/pilttapeet-kivimite-kooskola\/#breadcrumb\",\"itemListElement\":[{\"@type\":\"ListItem\",\"position\":1,\"name\":\"Koju\",\"item\":\"https:\/\/baubauwall.com\/et\/\"},{\"@type\":\"ListItem\",\"position\":2,\"name\":\"Tapeedid\",\"item\":\"https:\/\/baubauwall.com\/et\/tapeedid\/\"},{\"@type\":\"ListItem\",\"position\":3,\"name\":\"Kivimite koosk\u00f5la\"}]},{\"@type\":\"WebSite\",\"@id\":\"https:\/\/baubauwall.com\/et\/#website\",\"url\":\"https:\/\/baubauwall.com\/et\/\",\"name\":\"BAUBAUWALL Wallpapers\",\"description\":\"Valmis paanides tapeet Eestist!\",\"publisher\":{\"@id\":\"https:\/\/baubauwall.com\/et\/#organization\"},\"potentialAction\":[{\"@type\":\"SearchAction\",\"target\":{\"@type\":\"EntryPoint\",\"urlTemplate\":\"https:\/\/baubauwall.com\/et\/?s={search_term_string}\"},\"query-input\":{\"@type\":\"PropertyValueSpecification\",\"valueRequired\":true,\"valueName\":\"search_term_string\"}}],\"inLanguage\":\"et\"},{\"@type\":\"Organization\",\"@id\":\"https:\/\/baubauwall.com\/et\/#organization\",\"name\":\"BAUBAUWALL Wallpapers\",\"url\":\"https:\/\/baubauwall.com\/et\/\",\"logo\":{\"@type\":\"ImageObject\",\"inLanguage\":\"et\",\"@id\":\"https:\/\/baubauwall.com\/et\/#\/schema\/logo\/image\/\",\"url\":\"https:\/\/baubauwall.com\/wp-content\/uploads\/2022\/03\/logo-horizontal.svg\",\"contentUrl\":\"https:\/\/baubauwall.com\/wp-content\/uploads\/2022\/03\/logo-horizontal.svg\",\"width\":\"1024\",\"height\":\"1024\",\"caption\":\"BAUBAUWALL Wallpapers\"},\"image\":{\"@id\":\"https:\/\/baubauwall.com\/et\/#\/schema\/logo\/image\/\"},\"sameAs\":[\"https:\/\/www.facebook.com\/Baubauwall\",\"https:\/\/www.instagram.com\/baubauwall\"]}]}<\/script>\n<!-- \/ Yoast SEO plugin. -->","yoast_head_json":{"title":"Geomeetriliste kujunditega pilttapeet Kivimite koosk\u00f5la","description":"Abstraktne pilttapeet, mis sobib h\u00e4sti \u00fchele aktsentseinale. Geomeetriline disain, mis on ajatu. Tapeedi soojades toonides v\u00e4rvidega on lihtne sisustada","robots":{"index":"index","follow":"follow","max-snippet":"max-snippet:-1","max-image-preview":"max-image-preview:large","max-video-preview":"max-video-preview:-1"},"canonical":"https:\/\/baubauwall.com\/et\/toode\/pilttapeet-kivimite-kooskola\/","og_locale":"et_EE","og_type":"article","og_title":"Kivimite koosk\u00f5la","og_description":"Abstraktne pilttapeet, mis sobib h\u00e4sti \u00fchele aktsentseinale. Geomeetriline disain, mis on ajatu. Tapeedi soojades toonides v\u00e4rvidega on lihtne sisustada","og_url":"https:\/\/baubauwall.com\/et\/toode\/pilttapeet-kivimite-kooskola\/","og_site_name":"BAUBAUWALL TAPEEDID","article_publisher":"https:\/\/www.facebook.com\/Baubauwall","article_modified_time":"2024-12-20T13:55:22+00:00","og_image":[{"width":1693,"height":1600,"url":"https:\/\/baubauwall.com\/wp-content\/uploads\/2022\/11\/51200458_PebbleHarmony_Baubauwall_Wall_Mural_room2.jpg","type":"image\/jpeg"}],"twitter_card":"summary_large_image","twitter_misc":{"Est. reading time":"1 minut"},"schema":{"@context":"https:\/\/schema.org","@graph":[{"@type":"WebPage","@id":"https:\/\/baubauwall.com\/et\/toode\/pilttapeet-kivimite-kooskola\/","url":"https:\/\/baubauwall.com\/et\/toode\/pilttapeet-kivimite-kooskola\/","name":"Geomeetriliste kujunditega pilttapeet Kivimite koosk\u00f5la","isPartOf":{"@id":"https:\/\/baubauwall.com\/et\/#website"},"primaryImageOfPage":{"@id":"https:\/\/baubauwall.com\/et\/toode\/pilttapeet-kivimite-kooskola\/#primaryimage"},"image":{"@id":"https:\/\/baubauwall.com\/et\/toode\/pilttapeet-kivimite-kooskola\/#primaryimage"},"thumbnailUrl":"https:\/\/baubauwall.com\/wp-content\/uploads\/2022\/11\/51200458_PebbleHarmony_Baubauwall_Wall_Mural_room1.jpg","datePublished":"2024-11-15T15:00:32+00:00","dateModified":"2024-12-20T13:55:22+00:00","description":"Abstraktne pilttapeet, mis sobib h\u00e4sti \u00fchele aktsentseinale. Geomeetriline disain, mis on ajatu. Tapeedi soojades toonides v\u00e4rvidega on lihtne sisustada","breadcrumb":{"@id":"https:\/\/baubauwall.com\/et\/toode\/pilttapeet-kivimite-kooskola\/#breadcrumb"},"inLanguage":"et","potentialAction":[{"@type":"ReadAction","target":["https:\/\/baubauwall.com\/et\/toode\/pilttapeet-kivimite-kooskola\/"]}]},{"@type":"ImageObject","inLanguage":"et","@id":"https:\/\/baubauwall.com\/et\/toode\/pilttapeet-kivimite-kooskola\/#primaryimage","url":"https:\/\/baubauwall.com\/wp-content\/uploads\/2022\/11\/51200458_PebbleHarmony_Baubauwall_Wall_Mural_room1.jpg","contentUrl":"https:\/\/baubauwall.com\/wp-content\/uploads\/2022\/11\/51200458_PebbleHarmony_Baubauwall_Wall_Mural_room1.jpg","width":2400,"height":1600,"caption":"Contemporary mural wallpaper by Baubauwall featuring abstract pebble-like shapes in grey, beige, and black tones, displayed on a bright feature wall"},{"@type":"BreadcrumbList","@id":"https:\/\/baubauwall.com\/et\/toode\/pilttapeet-kivimite-kooskola\/#breadcrumb","itemListElement":[{"@type":"ListItem","position":1,"name":"Koju","item":"https:\/\/baubauwall.com\/et\/"},{"@type":"ListItem","position":2,"name":"Tapeedid","item":"https:\/\/baubauwall.com\/et\/tapeedid\/"},{"@type":"ListItem","position":3,"name":"Kivimite koosk\u00f5la"}]},{"@type":"WebSite","@id":"https:\/\/baubauwall.com\/et\/#website","url":"https:\/\/baubauwall.com\/et\/","name":"BAUBAUWALL Wallpapers","description":"Valmis paanides tapeet Eestist!","publisher":{"@id":"https:\/\/baubauwall.com\/et\/#organization"},"potentialAction":[{"@type":"SearchAction","target":{"@type":"EntryPoint","urlTemplate":"https:\/\/baubauwall.com\/et\/?s={search_term_string}"},"query-input":{"@type":"PropertyValueSpecification","valueRequired":true,"valueName":"search_term_string"}}],"inLanguage":"et"},{"@type":"Organization","@id":"https:\/\/baubauwall.com\/et\/#organization","name":"BAUBAUWALL Wallpapers","url":"https:\/\/baubauwall.com\/et\/","logo":{"@type":"ImageObject","inLanguage":"et","@id":"https:\/\/baubauwall.com\/et\/#\/schema\/logo\/image\/","url":"https:\/\/baubauwall.com\/wp-content\/uploads\/2022\/03\/logo-horizontal.svg","contentUrl":"https:\/\/baubauwall.com\/wp-content\/uploads\/2022\/03\/logo-horizontal.svg","width":"1024","height":"1024","caption":"BAUBAUWALL Wallpapers"},"image":{"@id":"https:\/\/baubauwall.com\/et\/#\/schema\/logo\/image\/"},"sameAs":["https:\/\/www.facebook.com\/Baubauwall","https:\/\/www.instagram.com\/baubauwall"]}]}},"jetpack_sharing_enabled":true,"_links":{"self":[{"href":"https:\/\/baubauwall.com\/et\/wp-json\/wp\/v2\/product\/40327","targetHints":{"allow":["GET"]}}],"collection":[{"href":"https:\/\/baubauwall.com\/et\/wp-json\/wp\/v2\/product"}],"about":[{"href":"https:\/\/baubauwall.com\/et\/wp-json\/wp\/v2\/types\/product"}],"replies":[{"embeddable":true,"href":"https:\/\/baubauwall.com\/et\/wp-json\/wp\/v2\/comments?post=40327"}],"wp:featuredmedia":[{"embeddable":true,"href":"https:\/\/baubauwall.com\/et\/wp-json\/wp\/v2\/media\/40316"}],"wp:attachment":[{"href":"https:\/\/baubauwall.com\/et\/wp-json\/wp\/v2\/media?parent=40327"}],"wp:term":[{"taxonomy":"product_brand","embeddable":true,"href":"https:\/\/baubauwall.com\/et\/wp-json\/wp\/v2\/product_brand?post=40327"},{"taxonomy":"product_cat","embeddable":true,"href":"https:\/\/baubauwall.com\/et\/wp-json\/wp\/v2\/product_cat?post=40327"},{"taxonomy":"product_tag","embeddable":true,"href":"https:\/\/baubauwall.com\/et\/wp-json\/wp\/v2\/product_tag?post=40327"}],"curies":[{"name":"wp","href":"https:\/\/api.w.org\/{rel}","templated":true}]}}