{"id":40345,"date":"2024-11-25T17:00:32","date_gmt":"2024-11-25T15:00:32","guid":{"rendered":"https:\/\/baubauwall.com\/product\/mura-wallpaper-radiant-ripples\/"},"modified":"2024-12-20T16:01:19","modified_gmt":"2024-12-20T14:01:19","slug":"pilttapeet-lummavad-varvivonked","status":"publish","type":"product","link":"https:\/\/baubauwall.com\/et\/toode\/pilttapeet-lummavad-varvivonked\/","title":{"rendered":"Lummavad v\u00e4rviv\u00f5nked"},"content":{"rendered":"<p>Pilttapeet Sulle, kes Sa armastad v\u00e4rve! Julge disainiga tapeet soojades toonides hoiavad justkui l\u00f5unamaise soojuse toas aastaringselt. See tapeet sobib h\u00e4sti just \u00fchele seinale interj\u00f6\u00f6ris, mis vajab veidike d\u00fcnaamikat ja palju isikup\u00e4ra. Olgu selleks aktsentseinaks avalik ruum v\u00f5i kodune elutuba. Pilttapeet, mida on raske m\u00e4rkamata j\u00e4tta!<\/p>\n<p><strong>Miks osta tapeet siit?\u00a0 Sest tegime valimise, ostmise ja m\u00f5\u00f5tmise lihtsaks ning kiireks!<\/strong><\/p>\n<ul>\n<li style=\"list-style-type: none;\">\n<ul>\n<li>Just nii pikad tapeedipaanid, kui on Sinu sein<\/li>\n<li>Nummerdatud tapeedipaanid<\/li>\n<li>Premium, matt fliistapeedi materjal<\/li>\n<li>M\u00fcrgivabad tr\u00fckiv\u00e4rvid, Greenguard sertifitseeritud<\/li>\n<li><a href=\"https:\/\/baubauwall.com\/et\/keskkonnasobralikud-tapeedid\/\" target=\"_blank\" rel=\"noopener\">Keskkonnas\u00f5bralik<\/a>, j\u00e4\u00e4tmevaba tapeetimine<\/li>\n<li>Tasuta tapeediliim<\/li>\n<li>Tasuta transport ja kiire tarne 5 t\u00f6\u00f6p\u00e4evaga<\/li>\n<\/ul>\n<\/li>\n<\/ul>\n<p>Loe l\u00e4hemalt nutikatest, eritellimust\u00f6\u00f6na valmivatest tapeetidest\u00a0<a href=\"https:\/\/baubauwall.com\/et\/keskkonnasobralikud-tapeedid\/\">siit.<\/a><\/p>\n","protected":false},"excerpt":{"rendered":"<p>Pilttapeet Sulle, kes Sa armastad v\u00e4rve! Julge disainiga tapeet soojades toonides hoiavad justkui l\u00f5unamaise soojuse toas aastaringselt. See tapeet sobib h\u00e4sti just \u00fchele seinale interj\u00f6\u00f6ris, mis vajab veidike d\u00fcnaamikat ja palju isikup\u00e4ra. Olgu selleks aktsentseinaks avalik ruum v\u00f5i kodune elutuba. Pilttapeet, mida on raske m\u00e4rkamata j\u00e4tta! Miks osta tapeet siit?\u00a0 Sest tegime valimise, ostmise ja [&hellip;]<\/p>\n","protected":false},"featured_media":40336,"comment_status":"open","ping_status":"closed","template":"","meta":{"_acf_changed":false,"inline_featured_image":false},"product_brand":[],"product_cat":[387,622,404,447,268,275,418,411,413,414,399,402],"product_tag":[345],"class_list":{"0":"post-40345","1":"product","2":"type-product","3":"status-publish","4":"has-post-thumbnail","6":"product_cat-pilttapeedid","7":"product_cat-julged-tapeedid","8":"product_cat-abstraktne","9":"product_cat-maksimalistlik-et","10":"product_cat-kirkad-tapeedid","11":"product_cat-oranzid-tapeedid","12":"product_cat-punased-tapeedid","13":"product_cat-kollased-tapeedid","14":"product_cat-magamistoa-tapeedid","15":"product_cat-soogitoa-tapeedid","16":"product_cat-kodukontori-tapeedid","17":"product_cat-elutoa-tapeedid","18":"product_tag-pilttapeet","19":"pa_designedby-baubauwall","21":"first","22":"instock","23":"taxable","24":"shipping-taxable","25":"purchasable","26":"product-type-simple"},"acf":[],"yoast_head":"<!-- This site is optimized with the Yoast SEO plugin v25.9 - https:\/\/yoast.com\/wordpress\/plugins\/seo\/ -->\n<title>Julge pilttapeet Lummavad v\u00e4rviv\u00f5nked<\/title>\n<meta name=\"description\" content=\"Julge ja silmapaistev pilttapeet v\u00e4rvide armastaja interj\u00f6\u00f6ri. See tapeet sobib imeliselt just \u00fchele seinale, tooma isikup\u00e4ra ja v\u00e4rvi sisekujundusesse.\" \/>\n<meta name=\"robots\" content=\"index, follow, max-snippet:-1, max-image-preview:large, max-video-preview:-1\" \/>\n<link rel=\"canonical\" href=\"https:\/\/baubauwall.com\/et\/toode\/pilttapeet-lummavad-varvivonked\/\" \/>\n<meta property=\"og:locale\" content=\"et_EE\" \/>\n<meta property=\"og:type\" content=\"article\" \/>\n<meta property=\"og:title\" content=\"Julge pilttapeet Lummavad v\u00e4rviv\u00f5nked\" \/>\n<meta property=\"og:description\" content=\"Julge ja silmapaistev pilttapeet v\u00e4rvide armastaja interj\u00f6\u00f6ri. See tapeet sobib imeliselt just \u00fchele seinale, tooma isikup\u00e4ra ja v\u00e4rvi sisekujundusesse.\" \/>\n<meta property=\"og:url\" content=\"https:\/\/baubauwall.com\/et\/toode\/pilttapeet-lummavad-varvivonked\/\" \/>\n<meta property=\"og:site_name\" content=\"BAUBAUWALL Wallpapers\" \/>\n<meta property=\"article:publisher\" content=\"https:\/\/www.facebook.com\/Baubauwall\" \/>\n<meta property=\"article:modified_time\" content=\"2024-12-20T14:01:19+00:00\" \/>\n<meta property=\"og:image\" content=\"https:\/\/baubauwall.com\/wp-content\/uploads\/2022\/11\/51200459_RadiantRipples_Baubauwall_Wall_Mural_room2.jpg\" \/>\n\t<meta property=\"og:image:width\" content=\"2400\" \/>\n\t<meta property=\"og:image:height\" content=\"1600\" \/>\n\t<meta property=\"og:image:type\" content=\"image\/jpeg\" \/>\n<meta name=\"twitter:card\" content=\"summary_large_image\" \/>\n<meta name=\"twitter:label1\" content=\"Est. reading time\" \/>\n\t<meta name=\"twitter:data1\" content=\"1 minut\" \/>\n<script type=\"application\/ld+json\" class=\"yoast-schema-graph\">{\"@context\":\"https:\/\/schema.org\",\"@graph\":[{\"@type\":\"WebPage\",\"@id\":\"https:\/\/baubauwall.com\/et\/toode\/pilttapeet-lummavad-varvivonked\/\",\"url\":\"https:\/\/baubauwall.com\/et\/toode\/pilttapeet-lummavad-varvivonked\/\",\"name\":\"Julge pilttapeet Lummavad v\u00e4rviv\u00f5nked\",\"isPartOf\":{\"@id\":\"https:\/\/baubauwall.com\/et\/#website\"},\"primaryImageOfPage\":{\"@id\":\"https:\/\/baubauwall.com\/et\/toode\/pilttapeet-lummavad-varvivonked\/#primaryimage\"},\"image\":{\"@id\":\"https:\/\/baubauwall.com\/et\/toode\/pilttapeet-lummavad-varvivonked\/#primaryimage\"},\"thumbnailUrl\":\"https:\/\/baubauwall.com\/wp-content\/uploads\/2022\/11\/51200459_RadiantRipples_Baubauwall_Wall_Mural_room2.jpg\",\"datePublished\":\"2024-11-25T15:00:32+00:00\",\"dateModified\":\"2024-12-20T14:01:19+00:00\",\"description\":\"Julge ja silmapaistev pilttapeet v\u00e4rvide armastaja interj\u00f6\u00f6ri. See tapeet sobib imeliselt just \u00fchele seinale, tooma isikup\u00e4ra ja v\u00e4rvi sisekujundusesse.\",\"breadcrumb\":{\"@id\":\"https:\/\/baubauwall.com\/et\/toode\/pilttapeet-lummavad-varvivonked\/#breadcrumb\"},\"inLanguage\":\"et\",\"potentialAction\":[{\"@type\":\"ReadAction\",\"target\":[\"https:\/\/baubauwall.com\/et\/toode\/pilttapeet-lummavad-varvivonked\/\"]}]},{\"@type\":\"ImageObject\",\"inLanguage\":\"et\",\"@id\":\"https:\/\/baubauwall.com\/et\/toode\/pilttapeet-lummavad-varvivonked\/#primaryimage\",\"url\":\"https:\/\/baubauwall.com\/wp-content\/uploads\/2022\/11\/51200459_RadiantRipples_Baubauwall_Wall_Mural_room2.jpg\",\"contentUrl\":\"https:\/\/baubauwall.com\/wp-content\/uploads\/2022\/11\/51200459_RadiantRipples_Baubauwall_Wall_Mural_room2.jpg\",\"width\":2400,\"height\":1600,\"caption\":\"Bold and bright mural wallpaper by Baubauwall featuring abstract sweeping curves in terracotta, ochre, and sage tones, styled with a rattan sofa, colorful cushions, and potted plants.\"},{\"@type\":\"BreadcrumbList\",\"@id\":\"https:\/\/baubauwall.com\/et\/toode\/pilttapeet-lummavad-varvivonked\/#breadcrumb\",\"itemListElement\":[{\"@type\":\"ListItem\",\"position\":1,\"name\":\"Koju\",\"item\":\"https:\/\/baubauwall.com\/et\/\"},{\"@type\":\"ListItem\",\"position\":2,\"name\":\"Tapeedid\",\"item\":\"https:\/\/baubauwall.com\/et\/tapeedid\/\"},{\"@type\":\"ListItem\",\"position\":3,\"name\":\"Lummavad v\u00e4rviv\u00f5nked\"}]},{\"@type\":\"WebSite\",\"@id\":\"https:\/\/baubauwall.com\/et\/#website\",\"url\":\"https:\/\/baubauwall.com\/et\/\",\"name\":\"BAUBAUWALL Wallpapers\",\"description\":\"Valmis paanides tapeet Eestist!\",\"publisher\":{\"@id\":\"https:\/\/baubauwall.com\/et\/#organization\"},\"potentialAction\":[{\"@type\":\"SearchAction\",\"target\":{\"@type\":\"EntryPoint\",\"urlTemplate\":\"https:\/\/baubauwall.com\/et\/?s={search_term_string}\"},\"query-input\":{\"@type\":\"PropertyValueSpecification\",\"valueRequired\":true,\"valueName\":\"search_term_string\"}}],\"inLanguage\":\"et\"},{\"@type\":\"Organization\",\"@id\":\"https:\/\/baubauwall.com\/et\/#organization\",\"name\":\"BAUBAUWALL Wallpapers\",\"url\":\"https:\/\/baubauwall.com\/et\/\",\"logo\":{\"@type\":\"ImageObject\",\"inLanguage\":\"et\",\"@id\":\"https:\/\/baubauwall.com\/et\/#\/schema\/logo\/image\/\",\"url\":\"https:\/\/baubauwall.com\/wp-content\/uploads\/2022\/03\/logo-horizontal.svg\",\"contentUrl\":\"https:\/\/baubauwall.com\/wp-content\/uploads\/2022\/03\/logo-horizontal.svg\",\"width\":\"1024\",\"height\":\"1024\",\"caption\":\"BAUBAUWALL Wallpapers\"},\"image\":{\"@id\":\"https:\/\/baubauwall.com\/et\/#\/schema\/logo\/image\/\"},\"sameAs\":[\"https:\/\/www.facebook.com\/Baubauwall\",\"https:\/\/www.instagram.com\/baubauwall\"]}]}<\/script>\n<!-- \/ Yoast SEO plugin. -->","yoast_head_json":{"title":"Julge pilttapeet Lummavad v\u00e4rviv\u00f5nked","description":"Julge ja silmapaistev pilttapeet v\u00e4rvide armastaja interj\u00f6\u00f6ri. See tapeet sobib imeliselt just \u00fchele seinale, tooma isikup\u00e4ra ja v\u00e4rvi sisekujundusesse.","robots":{"index":"index","follow":"follow","max-snippet":"max-snippet:-1","max-image-preview":"max-image-preview:large","max-video-preview":"max-video-preview:-1"},"canonical":"https:\/\/baubauwall.com\/et\/toode\/pilttapeet-lummavad-varvivonked\/","og_locale":"et_EE","og_type":"article","og_title":"Julge pilttapeet Lummavad v\u00e4rviv\u00f5nked","og_description":"Julge ja silmapaistev pilttapeet v\u00e4rvide armastaja interj\u00f6\u00f6ri. See tapeet sobib imeliselt just \u00fchele seinale, tooma isikup\u00e4ra ja v\u00e4rvi sisekujundusesse.","og_url":"https:\/\/baubauwall.com\/et\/toode\/pilttapeet-lummavad-varvivonked\/","og_site_name":"BAUBAUWALL Wallpapers","article_publisher":"https:\/\/www.facebook.com\/Baubauwall","article_modified_time":"2024-12-20T14:01:19+00:00","og_image":[{"width":2400,"height":1600,"url":"https:\/\/baubauwall.com\/wp-content\/uploads\/2022\/11\/51200459_RadiantRipples_Baubauwall_Wall_Mural_room2.jpg","type":"image\/jpeg"}],"twitter_card":"summary_large_image","twitter_misc":{"Est. reading time":"1 minut"},"schema":{"@context":"https:\/\/schema.org","@graph":[{"@type":"WebPage","@id":"https:\/\/baubauwall.com\/et\/toode\/pilttapeet-lummavad-varvivonked\/","url":"https:\/\/baubauwall.com\/et\/toode\/pilttapeet-lummavad-varvivonked\/","name":"Julge pilttapeet Lummavad v\u00e4rviv\u00f5nked","isPartOf":{"@id":"https:\/\/baubauwall.com\/et\/#website"},"primaryImageOfPage":{"@id":"https:\/\/baubauwall.com\/et\/toode\/pilttapeet-lummavad-varvivonked\/#primaryimage"},"image":{"@id":"https:\/\/baubauwall.com\/et\/toode\/pilttapeet-lummavad-varvivonked\/#primaryimage"},"thumbnailUrl":"https:\/\/baubauwall.com\/wp-content\/uploads\/2022\/11\/51200459_RadiantRipples_Baubauwall_Wall_Mural_room2.jpg","datePublished":"2024-11-25T15:00:32+00:00","dateModified":"2024-12-20T14:01:19+00:00","description":"Julge ja silmapaistev pilttapeet v\u00e4rvide armastaja interj\u00f6\u00f6ri. See tapeet sobib imeliselt just \u00fchele seinale, tooma isikup\u00e4ra ja v\u00e4rvi sisekujundusesse.","breadcrumb":{"@id":"https:\/\/baubauwall.com\/et\/toode\/pilttapeet-lummavad-varvivonked\/#breadcrumb"},"inLanguage":"et","potentialAction":[{"@type":"ReadAction","target":["https:\/\/baubauwall.com\/et\/toode\/pilttapeet-lummavad-varvivonked\/"]}]},{"@type":"ImageObject","inLanguage":"et","@id":"https:\/\/baubauwall.com\/et\/toode\/pilttapeet-lummavad-varvivonked\/#primaryimage","url":"https:\/\/baubauwall.com\/wp-content\/uploads\/2022\/11\/51200459_RadiantRipples_Baubauwall_Wall_Mural_room2.jpg","contentUrl":"https:\/\/baubauwall.com\/wp-content\/uploads\/2022\/11\/51200459_RadiantRipples_Baubauwall_Wall_Mural_room2.jpg","width":2400,"height":1600,"caption":"Bold and bright mural wallpaper by Baubauwall featuring abstract sweeping curves in terracotta, ochre, and sage tones, styled with a rattan sofa, colorful cushions, and potted plants."},{"@type":"BreadcrumbList","@id":"https:\/\/baubauwall.com\/et\/toode\/pilttapeet-lummavad-varvivonked\/#breadcrumb","itemListElement":[{"@type":"ListItem","position":1,"name":"Koju","item":"https:\/\/baubauwall.com\/et\/"},{"@type":"ListItem","position":2,"name":"Tapeedid","item":"https:\/\/baubauwall.com\/et\/tapeedid\/"},{"@type":"ListItem","position":3,"name":"Lummavad v\u00e4rviv\u00f5nked"}]},{"@type":"WebSite","@id":"https:\/\/baubauwall.com\/et\/#website","url":"https:\/\/baubauwall.com\/et\/","name":"BAUBAUWALL Wallpapers","description":"Valmis paanides tapeet Eestist!","publisher":{"@id":"https:\/\/baubauwall.com\/et\/#organization"},"potentialAction":[{"@type":"SearchAction","target":{"@type":"EntryPoint","urlTemplate":"https:\/\/baubauwall.com\/et\/?s={search_term_string}"},"query-input":{"@type":"PropertyValueSpecification","valueRequired":true,"valueName":"search_term_string"}}],"inLanguage":"et"},{"@type":"Organization","@id":"https:\/\/baubauwall.com\/et\/#organization","name":"BAUBAUWALL Wallpapers","url":"https:\/\/baubauwall.com\/et\/","logo":{"@type":"ImageObject","inLanguage":"et","@id":"https:\/\/baubauwall.com\/et\/#\/schema\/logo\/image\/","url":"https:\/\/baubauwall.com\/wp-content\/uploads\/2022\/03\/logo-horizontal.svg","contentUrl":"https:\/\/baubauwall.com\/wp-content\/uploads\/2022\/03\/logo-horizontal.svg","width":"1024","height":"1024","caption":"BAUBAUWALL Wallpapers"},"image":{"@id":"https:\/\/baubauwall.com\/et\/#\/schema\/logo\/image\/"},"sameAs":["https:\/\/www.facebook.com\/Baubauwall","https:\/\/www.instagram.com\/baubauwall"]}]}},"jetpack_sharing_enabled":true,"_links":{"self":[{"href":"https:\/\/baubauwall.com\/et\/wp-json\/wp\/v2\/product\/40345","targetHints":{"allow":["GET"]}}],"collection":[{"href":"https:\/\/baubauwall.com\/et\/wp-json\/wp\/v2\/product"}],"about":[{"href":"https:\/\/baubauwall.com\/et\/wp-json\/wp\/v2\/types\/product"}],"replies":[{"embeddable":true,"href":"https:\/\/baubauwall.com\/et\/wp-json\/wp\/v2\/comments?post=40345"}],"wp:featuredmedia":[{"embeddable":true,"href":"https:\/\/baubauwall.com\/et\/wp-json\/wp\/v2\/media\/40336"}],"wp:attachment":[{"href":"https:\/\/baubauwall.com\/et\/wp-json\/wp\/v2\/media?parent=40345"}],"wp:term":[{"taxonomy":"product_brand","embeddable":true,"href":"https:\/\/baubauwall.com\/et\/wp-json\/wp\/v2\/product_brand?post=40345"},{"taxonomy":"product_cat","embeddable":true,"href":"https:\/\/baubauwall.com\/et\/wp-json\/wp\/v2\/product_cat?post=40345"},{"taxonomy":"product_tag","embeddable":true,"href":"https:\/\/baubauwall.com\/et\/wp-json\/wp\/v2\/product_tag?post=40345"}],"curies":[{"name":"wp","href":"https:\/\/api.w.org\/{rel}","templated":true}]}}