{"id":40363,"date":"2024-11-25T17:00:32","date_gmt":"2024-11-25T15:00:32","guid":{"rendered":"https:\/\/baubauwall.com\/product\/mural-wallpaper-lavender-mountains\/"},"modified":"2024-12-20T16:18:35","modified_gmt":"2024-12-20T14:18:35","slug":"pilttapeet-lavendlimaestik","status":"publish","type":"product","link":"https:\/\/baubauwall.com\/et\/toode\/pilttapeet-lavendlimaestik\/","title":{"rendered":"Lavendlim\u00e4estik"},"content":{"rendered":"<p>Lavendlim\u00e4estik on imeliselt rahulik pilttapeet, mis sobib mitmete sisekujunduse stiilidega.\u00a0See pilttapeet \u00fchendab pehmed lavendli- ja hallid toonid unen\u00e4oliseks m\u00e4gimaastikuks, luues rahuliku pelgupaiga n\u00e4iteks magamistoas. V\u00f5i paigalda see tapeet headeks m\u00f5teteks (kodu)kontori aktsentseinale.<\/p>\n<p><strong>Miks osta tapeet siit?\u00a0 Sest tegime valimise, ostmise ja m\u00f5\u00f5tmise lihtsaks ning kiireks!<\/strong><\/p>\n<ul>\n<li style=\"list-style-type: none;\">\n<ul>\n<li>Just nii pikad tapeedipaanid, kui on Sinu sein<\/li>\n<li>Nummerdatud tapeedipaanid<\/li>\n<li>Premium, matt fliistapeedi materjal<\/li>\n<li>M\u00fcrgivabad tr\u00fckiv\u00e4rvid, Greenguard sertifitseeritud<\/li>\n<li><a href=\"https:\/\/baubauwall.com\/et\/keskkonnasobralikud-tapeedid\/\" target=\"_blank\" rel=\"noopener\">Keskkonnas\u00f5bralik<\/a>, j\u00e4\u00e4tmevaba tapeetimine<\/li>\n<li>Tasuta tapeediliim<\/li>\n<li>Tasuta transport ja kiire tarne 5 t\u00f6\u00f6p\u00e4evaga<\/li>\n<\/ul>\n<\/li>\n<\/ul>\n<p>Loe l\u00e4hemalt nutikatest, eritellimust\u00f6\u00f6na valmivatest tapeetidest\u00a0<a href=\"https:\/\/baubauwall.com\/et\/keskkonnasobralikud-tapeedid\/\">siit.<\/a><\/p>\n","protected":false},"excerpt":{"rendered":"<p>Lavendlim\u00e4estik on imeliselt rahulik pilttapeet, mis sobib mitmete sisekujunduse stiilidega.\u00a0See pilttapeet \u00fchendab pehmed lavendli- ja hallid toonid unen\u00e4oliseks m\u00e4gimaastikuks, luues rahuliku pelgupaiga n\u00e4iteks magamistoas. V\u00f5i paigalda see tapeet headeks m\u00f5teteks (kodu)kontori aktsentseinale. Miks osta tapeet siit?\u00a0 Sest tegime valimise, ostmise ja m\u00f5\u00f5tmise lihtsaks ning kiireks! Just nii pikad tapeedipaanid, kui on Sinu sein Nummerdatud tapeedipaanid [&hellip;]<\/p>\n","protected":false},"featured_media":40352,"comment_status":"open","ping_status":"closed","template":"","meta":{"_acf_changed":false,"inline_featured_image":false},"product_brand":[],"product_cat":[387,406,396,272,273,276,417,752,413,414,415,399,402,583,245,251,229],"product_tag":[345],"class_list":{"0":"post-40363","1":"product","2":"type-product","3":"status-publish","4":"has-post-thumbnail","6":"product_cat-pilttapeedid","7":"product_cat-klassika","8":"product_cat-skandinaavia","9":"product_cat-hallid-tapeedid","10":"product_cat-heledad-tapeedid","11":"product_cat-pastelsed-tapeedid","12":"product_cat-purpur-tapeedid","13":"product_cat-avalik-ruum","14":"product_cat-magamistoa-tapeedid","15":"product_cat-soogitoa-tapeedid","16":"product_cat-kulalistetoa-tapeedid","17":"product_cat-kodukontori-tapeedid","18":"product_cat-elutoa-tapeedid","19":"product_cat-vesivarv","20":"product_cat-maastik","21":"product_cat-maed","22":"product_cat-tekstuurid","23":"product_tag-pilttapeet","24":"pa_designedby-baubauwall","26":"first","27":"instock","28":"taxable","29":"shipping-taxable","30":"purchasable","31":"product-type-simple"},"acf":[],"yoast_head":"<!-- This site is optimized with the Yoast SEO plugin v25.9 - https:\/\/yoast.com\/wordpress\/plugins\/seo\/ -->\n<title>Pilttapeet aktsentseina - Lavendlim\u00e4estik<\/title>\n<meta name=\"description\" content=\"Rahulik, abstraktne m\u00e4estik pilttapeedil, mis on maalitud mahedate helelillade ja hallide toonidega. Ilus tapeet aktsentseina magamistoas v\u00f5i mujal.\" \/>\n<meta name=\"robots\" content=\"index, follow, max-snippet:-1, max-image-preview:large, max-video-preview:-1\" \/>\n<link rel=\"canonical\" href=\"https:\/\/baubauwall.com\/et\/toode\/pilttapeet-lavendlimaestik\/\" \/>\n<meta property=\"og:locale\" content=\"et_EE\" \/>\n<meta property=\"og:type\" content=\"article\" \/>\n<meta property=\"og:title\" content=\"Pilttapeet aktsentseina - Lavendlim\u00e4estik\" \/>\n<meta property=\"og:description\" content=\"Rahulik, abstraktne m\u00e4estik pilttapeedil, mis on maalitud mahedate helelillade ja hallide toonidega. Ilus tapeet aktsentseina magamistoas v\u00f5i mujal.\" \/>\n<meta property=\"og:url\" content=\"https:\/\/baubauwall.com\/et\/toode\/pilttapeet-lavendlimaestik\/\" \/>\n<meta property=\"og:site_name\" content=\"BAUBAUWALL TAPEEDID\" \/>\n<meta property=\"article:publisher\" content=\"https:\/\/www.facebook.com\/Baubauwall\" \/>\n<meta property=\"article:modified_time\" content=\"2024-12-20T14:18:35+00:00\" \/>\n<meta property=\"og:image\" content=\"https:\/\/baubauwall.com\/wp-content\/uploads\/2022\/11\/51200460_LavenderMountains_Baubauwall_Wall_Mural_room2.jpg\" \/>\n\t<meta property=\"og:image:width\" content=\"2400\" \/>\n\t<meta property=\"og:image:height\" content=\"1600\" \/>\n\t<meta property=\"og:image:type\" content=\"image\/jpeg\" \/>\n<meta name=\"twitter:card\" content=\"summary_large_image\" \/>\n<meta name=\"twitter:label1\" content=\"Est. reading time\" \/>\n\t<meta name=\"twitter:data1\" content=\"1 minut\" \/>\n<script type=\"application\/ld+json\" class=\"yoast-schema-graph\">{\"@context\":\"https:\/\/schema.org\",\"@graph\":[{\"@type\":\"WebPage\",\"@id\":\"https:\/\/baubauwall.com\/et\/toode\/pilttapeet-lavendlimaestik\/\",\"url\":\"https:\/\/baubauwall.com\/et\/toode\/pilttapeet-lavendlimaestik\/\",\"name\":\"Pilttapeet aktsentseina - Lavendlim\u00e4estik\",\"isPartOf\":{\"@id\":\"https:\/\/baubauwall.com\/et\/#website\"},\"primaryImageOfPage\":{\"@id\":\"https:\/\/baubauwall.com\/et\/toode\/pilttapeet-lavendlimaestik\/#primaryimage\"},\"image\":{\"@id\":\"https:\/\/baubauwall.com\/et\/toode\/pilttapeet-lavendlimaestik\/#primaryimage\"},\"thumbnailUrl\":\"https:\/\/baubauwall.com\/wp-content\/uploads\/2022\/11\/51200460_LavenderMountains_Baubauwall_Wall_Mural_room2.jpg\",\"datePublished\":\"2024-11-25T15:00:32+00:00\",\"dateModified\":\"2024-12-20T14:18:35+00:00\",\"description\":\"Rahulik, abstraktne m\u00e4estik pilttapeedil, mis on maalitud mahedate helelillade ja hallide toonidega. Ilus tapeet aktsentseina magamistoas v\u00f5i mujal.\",\"breadcrumb\":{\"@id\":\"https:\/\/baubauwall.com\/et\/toode\/pilttapeet-lavendlimaestik\/#breadcrumb\"},\"inLanguage\":\"et\",\"potentialAction\":[{\"@type\":\"ReadAction\",\"target\":[\"https:\/\/baubauwall.com\/et\/toode\/pilttapeet-lavendlimaestik\/\"]}]},{\"@type\":\"ImageObject\",\"inLanguage\":\"et\",\"@id\":\"https:\/\/baubauwall.com\/et\/toode\/pilttapeet-lavendlimaestik\/#primaryimage\",\"url\":\"https:\/\/baubauwall.com\/wp-content\/uploads\/2022\/11\/51200460_LavenderMountains_Baubauwall_Wall_Mural_room2.jpg\",\"contentUrl\":\"https:\/\/baubauwall.com\/wp-content\/uploads\/2022\/11\/51200460_LavenderMountains_Baubauwall_Wall_Mural_room2.jpg\",\"width\":2400,\"height\":1600,\"caption\":\"A calming mural wallpaper featuring misty mountain layers in lavender and gray tones by Baubauwall\"},{\"@type\":\"BreadcrumbList\",\"@id\":\"https:\/\/baubauwall.com\/et\/toode\/pilttapeet-lavendlimaestik\/#breadcrumb\",\"itemListElement\":[{\"@type\":\"ListItem\",\"position\":1,\"name\":\"Koju\",\"item\":\"https:\/\/baubauwall.com\/et\/\"},{\"@type\":\"ListItem\",\"position\":2,\"name\":\"Tapeedid\",\"item\":\"https:\/\/baubauwall.com\/et\/tapeedid\/\"},{\"@type\":\"ListItem\",\"position\":3,\"name\":\"Lavendlim\u00e4estik\"}]},{\"@type\":\"WebSite\",\"@id\":\"https:\/\/baubauwall.com\/et\/#website\",\"url\":\"https:\/\/baubauwall.com\/et\/\",\"name\":\"BAUBAUWALL Wallpapers\",\"description\":\"Valmis paanides tapeet Eestist!\",\"publisher\":{\"@id\":\"https:\/\/baubauwall.com\/et\/#organization\"},\"potentialAction\":[{\"@type\":\"SearchAction\",\"target\":{\"@type\":\"EntryPoint\",\"urlTemplate\":\"https:\/\/baubauwall.com\/et\/?s={search_term_string}\"},\"query-input\":{\"@type\":\"PropertyValueSpecification\",\"valueRequired\":true,\"valueName\":\"search_term_string\"}}],\"inLanguage\":\"et\"},{\"@type\":\"Organization\",\"@id\":\"https:\/\/baubauwall.com\/et\/#organization\",\"name\":\"BAUBAUWALL Wallpapers\",\"url\":\"https:\/\/baubauwall.com\/et\/\",\"logo\":{\"@type\":\"ImageObject\",\"inLanguage\":\"et\",\"@id\":\"https:\/\/baubauwall.com\/et\/#\/schema\/logo\/image\/\",\"url\":\"https:\/\/baubauwall.com\/wp-content\/uploads\/2022\/03\/logo-horizontal.svg\",\"contentUrl\":\"https:\/\/baubauwall.com\/wp-content\/uploads\/2022\/03\/logo-horizontal.svg\",\"width\":\"1024\",\"height\":\"1024\",\"caption\":\"BAUBAUWALL Wallpapers\"},\"image\":{\"@id\":\"https:\/\/baubauwall.com\/et\/#\/schema\/logo\/image\/\"},\"sameAs\":[\"https:\/\/www.facebook.com\/Baubauwall\",\"https:\/\/www.instagram.com\/baubauwall\"]}]}<\/script>\n<!-- \/ Yoast SEO plugin. -->","yoast_head_json":{"title":"Pilttapeet aktsentseina - Lavendlim\u00e4estik","description":"Rahulik, abstraktne m\u00e4estik pilttapeedil, mis on maalitud mahedate helelillade ja hallide toonidega. Ilus tapeet aktsentseina magamistoas v\u00f5i mujal.","robots":{"index":"index","follow":"follow","max-snippet":"max-snippet:-1","max-image-preview":"max-image-preview:large","max-video-preview":"max-video-preview:-1"},"canonical":"https:\/\/baubauwall.com\/et\/toode\/pilttapeet-lavendlimaestik\/","og_locale":"et_EE","og_type":"article","og_title":"Pilttapeet aktsentseina - Lavendlim\u00e4estik","og_description":"Rahulik, abstraktne m\u00e4estik pilttapeedil, mis on maalitud mahedate helelillade ja hallide toonidega. Ilus tapeet aktsentseina magamistoas v\u00f5i mujal.","og_url":"https:\/\/baubauwall.com\/et\/toode\/pilttapeet-lavendlimaestik\/","og_site_name":"BAUBAUWALL TAPEEDID","article_publisher":"https:\/\/www.facebook.com\/Baubauwall","article_modified_time":"2024-12-20T14:18:35+00:00","og_image":[{"width":2400,"height":1600,"url":"https:\/\/baubauwall.com\/wp-content\/uploads\/2022\/11\/51200460_LavenderMountains_Baubauwall_Wall_Mural_room2.jpg","type":"image\/jpeg"}],"twitter_card":"summary_large_image","twitter_misc":{"Est. reading time":"1 minut"},"schema":{"@context":"https:\/\/schema.org","@graph":[{"@type":"WebPage","@id":"https:\/\/baubauwall.com\/et\/toode\/pilttapeet-lavendlimaestik\/","url":"https:\/\/baubauwall.com\/et\/toode\/pilttapeet-lavendlimaestik\/","name":"Pilttapeet aktsentseina - Lavendlim\u00e4estik","isPartOf":{"@id":"https:\/\/baubauwall.com\/et\/#website"},"primaryImageOfPage":{"@id":"https:\/\/baubauwall.com\/et\/toode\/pilttapeet-lavendlimaestik\/#primaryimage"},"image":{"@id":"https:\/\/baubauwall.com\/et\/toode\/pilttapeet-lavendlimaestik\/#primaryimage"},"thumbnailUrl":"https:\/\/baubauwall.com\/wp-content\/uploads\/2022\/11\/51200460_LavenderMountains_Baubauwall_Wall_Mural_room2.jpg","datePublished":"2024-11-25T15:00:32+00:00","dateModified":"2024-12-20T14:18:35+00:00","description":"Rahulik, abstraktne m\u00e4estik pilttapeedil, mis on maalitud mahedate helelillade ja hallide toonidega. Ilus tapeet aktsentseina magamistoas v\u00f5i mujal.","breadcrumb":{"@id":"https:\/\/baubauwall.com\/et\/toode\/pilttapeet-lavendlimaestik\/#breadcrumb"},"inLanguage":"et","potentialAction":[{"@type":"ReadAction","target":["https:\/\/baubauwall.com\/et\/toode\/pilttapeet-lavendlimaestik\/"]}]},{"@type":"ImageObject","inLanguage":"et","@id":"https:\/\/baubauwall.com\/et\/toode\/pilttapeet-lavendlimaestik\/#primaryimage","url":"https:\/\/baubauwall.com\/wp-content\/uploads\/2022\/11\/51200460_LavenderMountains_Baubauwall_Wall_Mural_room2.jpg","contentUrl":"https:\/\/baubauwall.com\/wp-content\/uploads\/2022\/11\/51200460_LavenderMountains_Baubauwall_Wall_Mural_room2.jpg","width":2400,"height":1600,"caption":"A calming mural wallpaper featuring misty mountain layers in lavender and gray tones by Baubauwall"},{"@type":"BreadcrumbList","@id":"https:\/\/baubauwall.com\/et\/toode\/pilttapeet-lavendlimaestik\/#breadcrumb","itemListElement":[{"@type":"ListItem","position":1,"name":"Koju","item":"https:\/\/baubauwall.com\/et\/"},{"@type":"ListItem","position":2,"name":"Tapeedid","item":"https:\/\/baubauwall.com\/et\/tapeedid\/"},{"@type":"ListItem","position":3,"name":"Lavendlim\u00e4estik"}]},{"@type":"WebSite","@id":"https:\/\/baubauwall.com\/et\/#website","url":"https:\/\/baubauwall.com\/et\/","name":"BAUBAUWALL Wallpapers","description":"Valmis paanides tapeet Eestist!","publisher":{"@id":"https:\/\/baubauwall.com\/et\/#organization"},"potentialAction":[{"@type":"SearchAction","target":{"@type":"EntryPoint","urlTemplate":"https:\/\/baubauwall.com\/et\/?s={search_term_string}"},"query-input":{"@type":"PropertyValueSpecification","valueRequired":true,"valueName":"search_term_string"}}],"inLanguage":"et"},{"@type":"Organization","@id":"https:\/\/baubauwall.com\/et\/#organization","name":"BAUBAUWALL Wallpapers","url":"https:\/\/baubauwall.com\/et\/","logo":{"@type":"ImageObject","inLanguage":"et","@id":"https:\/\/baubauwall.com\/et\/#\/schema\/logo\/image\/","url":"https:\/\/baubauwall.com\/wp-content\/uploads\/2022\/03\/logo-horizontal.svg","contentUrl":"https:\/\/baubauwall.com\/wp-content\/uploads\/2022\/03\/logo-horizontal.svg","width":"1024","height":"1024","caption":"BAUBAUWALL Wallpapers"},"image":{"@id":"https:\/\/baubauwall.com\/et\/#\/schema\/logo\/image\/"},"sameAs":["https:\/\/www.facebook.com\/Baubauwall","https:\/\/www.instagram.com\/baubauwall"]}]}},"jetpack_sharing_enabled":true,"_links":{"self":[{"href":"https:\/\/baubauwall.com\/et\/wp-json\/wp\/v2\/product\/40363","targetHints":{"allow":["GET"]}}],"collection":[{"href":"https:\/\/baubauwall.com\/et\/wp-json\/wp\/v2\/product"}],"about":[{"href":"https:\/\/baubauwall.com\/et\/wp-json\/wp\/v2\/types\/product"}],"replies":[{"embeddable":true,"href":"https:\/\/baubauwall.com\/et\/wp-json\/wp\/v2\/comments?post=40363"}],"wp:featuredmedia":[{"embeddable":true,"href":"https:\/\/baubauwall.com\/et\/wp-json\/wp\/v2\/media\/40352"}],"wp:attachment":[{"href":"https:\/\/baubauwall.com\/et\/wp-json\/wp\/v2\/media?parent=40363"}],"wp:term":[{"taxonomy":"product_brand","embeddable":true,"href":"https:\/\/baubauwall.com\/et\/wp-json\/wp\/v2\/product_brand?post=40363"},{"taxonomy":"product_cat","embeddable":true,"href":"https:\/\/baubauwall.com\/et\/wp-json\/wp\/v2\/product_cat?post=40363"},{"taxonomy":"product_tag","embeddable":true,"href":"https:\/\/baubauwall.com\/et\/wp-json\/wp\/v2\/product_tag?post=40363"}],"curies":[{"name":"wp","href":"https:\/\/api.w.org\/{rel}","templated":true}]}}