{"id":40640,"date":"2025-01-09T02:45:05","date_gmt":"2025-01-09T00:45:05","guid":{"rendered":"https:\/\/baubauwall.com\/product\/repeat-pattern-wallpaper-urban-green-wall\/"},"modified":"2025-01-09T18:30:25","modified_gmt":"2025-01-09T16:30:25","slug":"kordusmustriga-tapeet-urbanistlik-roheline-aed","status":"publish","type":"product","link":"https:\/\/baubauwall.com\/et\/toode\/kordusmustriga-tapeet-urbanistlik-roheline-aed\/","title":{"rendered":"Urbanistlik roheline aed"},"content":{"rendered":"<p>S\u00fcgavates rohelistes toonides tapeet t\u00e4is lopsakat lehestikku t\u00e4is \u00e4ratundmisr\u00f5\u00f5mu botaanikaaiast. T\u00f5eliselt roheline tapeet on ideaalne valik, kui soovid luua interj\u00f6\u00f6ris veidi\u00a0 eksootilise atmosf\u00e4\u00e4ri. Rikkalik lehestiku ja taimede muster viib m\u00f5tted Amazonose d\u017eunglisse v\u00f5i siis&#8230; botaanikaaeda!\u00a0Urbanistlik aed tapeet sobib s\u00f6\u00f6gitoa aktsentseinale, magamistuppa v\u00f5i avalikku ruumi, et tuua sisekujundusesse troopikat ja inspiratsiooni. Fantastiline\u00a0 tapeedivalik loomaks vau-efekt!<\/p>\n<p><strong>Miks valida tapeet Baubauwallist? Sest me teeme tapeedi valimise, ostmise ja paigalduse lihtsaks.\u00a0<\/strong><\/p>\n<ul>\n<li>Eesti disain, Eesti ettev\u00f5te<\/li>\n<li>Tr\u00fckime t\u00e4pselt Sinu seina m\u00f5\u00f5dus tapeedi<\/li>\n<li>Just nii pikad tapeedipaanid, kui on Sinu sein<\/li>\n<li>Premium, matt fliistapeedi materjal, 100% taaskasutatud kiust<\/li>\n<li>M\u00fcrgivabad tr\u00fckiv\u00e4rvid, Greenguard sertifitseeritud<\/li>\n<li>Keskkonnas\u00f5bralik, j\u00e4\u00e4tmevaba tapeetimine<\/li>\n<li>Tasuta tapeediliim<\/li>\n<li>Tasuta transport ja kiire tarne 5 t\u00f6\u00f6p\u00e4evaga<\/li>\n<\/ul>\n<p>Loe l\u00e4hemalt nutikatest, eritellimust\u00f6\u00f6na valmivatest tapeetidest\u00a0<a href=\"https:\/\/baubauwall.com\/et\/keskkonnasobralikud-tapeedid\/\">siit.<\/a><\/p>\n","protected":false},"excerpt":{"rendered":"<p>S\u00fcgavates rohelistes toonides tapeet t\u00e4is lopsakat lehestikku t\u00e4is \u00e4ratundmisr\u00f5\u00f5mu botaanikaaiast. T\u00f5eliselt roheline tapeet on ideaalne valik, kui soovid luua interj\u00f6\u00f6ris veidi\u00a0 eksootilise atmosf\u00e4\u00e4ri. Rikkalik lehestiku ja taimede muster viib m\u00f5tted Amazonose d\u017eunglisse v\u00f5i siis&#8230; botaanikaaeda!\u00a0Urbanistlik aed tapeet sobib s\u00f6\u00f6gitoa aktsentseinale, magamistuppa v\u00f5i avalikku ruumi, et tuua sisekujundusesse troopikat ja inspiratsiooni. Fantastiline\u00a0 tapeedivalik loomaks vau-efekt! Miks [&hellip;]<\/p>\n","protected":false},"featured_media":40635,"comment_status":"open","ping_status":"closed","template":"","meta":{"_acf_changed":false,"inline_featured_image":false},"product_brand":[],"product_cat":[386,622,447,394,268,271,413,414,415,399,401,402,412,248,250,254],"product_tag":[563,298],"class_list":{"0":"post-40640","1":"product","2":"type-product","3":"status-publish","4":"has-post-thumbnail","6":"product_cat-kordusmustriga-tapeedid","7":"product_cat-julged-tapeedid","8":"product_cat-maksimalistlik-et","9":"product_cat-rikkalik","10":"product_cat-kirkad-tapeedid","11":"product_cat-rohelised-tapeedid","12":"product_cat-magamistoa-tapeedid","13":"product_cat-soogitoa-tapeedid","14":"product_cat-kulalistetoa-tapeedid","15":"product_cat-kodukontori-tapeedid","16":"product_cat-koogi-tapeedid","17":"product_cat-elutoa-tapeedid","18":"product_cat-vannitoa-tapeedid","19":"product_cat-mets","20":"product_cat-dzungel-troopika","21":"product_cat-loodus","22":"product_tag-biofiilia-stiil","23":"product_tag-botaaniline","24":"pa_designedby-baubauwall","26":"first","27":"instock","28":"taxable","29":"shipping-taxable","30":"purchasable","31":"product-type-simple"},"acf":[],"yoast_head":"<!-- This site is optimized with the Yoast SEO plugin v25.9 - https:\/\/yoast.com\/wordpress\/plugins\/seo\/ -->\n<title>Tapeet Urbanistlik roheline aed - muster t\u00e4is lehti<\/title>\n<meta name=\"description\" content=\"T\u00f5eliselt roheline tapeet, mis \u00fchendab kirka v\u00e4rvi ja looduse. See tapeet on otsekui vertikaalne aed seinal ja toob looduse tunde Sinu linnakodusse!\" \/>\n<meta name=\"robots\" content=\"index, follow, max-snippet:-1, max-image-preview:large, max-video-preview:-1\" \/>\n<link rel=\"canonical\" href=\"https:\/\/baubauwall.com\/et\/toode\/kordusmustriga-tapeet-urbanistlik-roheline-aed\/\" \/>\n<meta property=\"og:locale\" content=\"et_EE\" \/>\n<meta property=\"og:type\" content=\"article\" \/>\n<meta property=\"og:title\" content=\"Tapeet Urbanistlik roheline aed - muster t\u00e4is lehti\" \/>\n<meta property=\"og:description\" content=\"T\u00f5eliselt roheline tapeet, mis \u00fchendab kirka v\u00e4rvi ja looduse. See tapeet on otsekui vertikaalne aed seinal ja toob looduse tunde Sinu linnakodusse!\" \/>\n<meta property=\"og:url\" content=\"https:\/\/baubauwall.com\/et\/toode\/kordusmustriga-tapeet-urbanistlik-roheline-aed\/\" \/>\n<meta property=\"og:site_name\" content=\"BAUBAUWALL TAPEEDID\" \/>\n<meta property=\"article:publisher\" content=\"https:\/\/www.facebook.com\/Baubauwall\" \/>\n<meta property=\"article:modified_time\" content=\"2025-01-09T16:30:25+00:00\" \/>\n<meta property=\"og:image\" content=\"https:\/\/baubauwall.com\/wp-content\/uploads\/2024\/11\/51100459_UrbanGreenWall_Baubauwall_Wallpaper_room4.jpg\" \/>\n\t<meta property=\"og:image:width\" content=\"2400\" \/>\n\t<meta property=\"og:image:height\" content=\"1600\" \/>\n\t<meta property=\"og:image:type\" content=\"image\/jpeg\" \/>\n<meta name=\"twitter:card\" content=\"summary_large_image\" \/>\n<meta name=\"twitter:label1\" content=\"Est. reading time\" \/>\n\t<meta name=\"twitter:data1\" content=\"1 minut\" \/>\n<script type=\"application\/ld+json\" class=\"yoast-schema-graph\">{\"@context\":\"https:\/\/schema.org\",\"@graph\":[{\"@type\":\"WebPage\",\"@id\":\"https:\/\/baubauwall.com\/et\/toode\/kordusmustriga-tapeet-urbanistlik-roheline-aed\/\",\"url\":\"https:\/\/baubauwall.com\/et\/toode\/kordusmustriga-tapeet-urbanistlik-roheline-aed\/\",\"name\":\"Tapeet Urbanistlik roheline aed - muster t\u00e4is lehti\",\"isPartOf\":{\"@id\":\"https:\/\/baubauwall.com\/et\/#website\"},\"primaryImageOfPage\":{\"@id\":\"https:\/\/baubauwall.com\/et\/toode\/kordusmustriga-tapeet-urbanistlik-roheline-aed\/#primaryimage\"},\"image\":{\"@id\":\"https:\/\/baubauwall.com\/et\/toode\/kordusmustriga-tapeet-urbanistlik-roheline-aed\/#primaryimage\"},\"thumbnailUrl\":\"https:\/\/baubauwall.com\/wp-content\/uploads\/2024\/11\/51100459_UrbanGreenWall_Baubauwall_Wallpaper_room4.jpg\",\"datePublished\":\"2025-01-09T00:45:05+00:00\",\"dateModified\":\"2025-01-09T16:30:25+00:00\",\"description\":\"T\u00f5eliselt roheline tapeet, mis \u00fchendab kirka v\u00e4rvi ja looduse. See tapeet on otsekui vertikaalne aed seinal ja toob looduse tunde Sinu linnakodusse!\",\"breadcrumb\":{\"@id\":\"https:\/\/baubauwall.com\/et\/toode\/kordusmustriga-tapeet-urbanistlik-roheline-aed\/#breadcrumb\"},\"inLanguage\":\"et\",\"potentialAction\":[{\"@type\":\"ReadAction\",\"target\":[\"https:\/\/baubauwall.com\/et\/toode\/kordusmustriga-tapeet-urbanistlik-roheline-aed\/\"]}]},{\"@type\":\"ImageObject\",\"inLanguage\":\"et\",\"@id\":\"https:\/\/baubauwall.com\/et\/toode\/kordusmustriga-tapeet-urbanistlik-roheline-aed\/#primaryimage\",\"url\":\"https:\/\/baubauwall.com\/wp-content\/uploads\/2024\/11\/51100459_UrbanGreenWall_Baubauwall_Wallpaper_room4.jpg\",\"contentUrl\":\"https:\/\/baubauwall.com\/wp-content\/uploads\/2024\/11\/51100459_UrbanGreenWall_Baubauwall_Wallpaper_room4.jpg\",\"width\":2400,\"height\":1600,\"caption\":\"Perfect for an accent wall, a serene bedroom, or a vibrant office, this wallpaper features a stunning mix of ferns, leaves, and botanical details.\"},{\"@type\":\"BreadcrumbList\",\"@id\":\"https:\/\/baubauwall.com\/et\/toode\/kordusmustriga-tapeet-urbanistlik-roheline-aed\/#breadcrumb\",\"itemListElement\":[{\"@type\":\"ListItem\",\"position\":1,\"name\":\"Koju\",\"item\":\"https:\/\/baubauwall.com\/et\/\"},{\"@type\":\"ListItem\",\"position\":2,\"name\":\"Tapeedid\",\"item\":\"https:\/\/baubauwall.com\/et\/tapeedid\/\"},{\"@type\":\"ListItem\",\"position\":3,\"name\":\"Urbanistlik roheline aed\"}]},{\"@type\":\"WebSite\",\"@id\":\"https:\/\/baubauwall.com\/et\/#website\",\"url\":\"https:\/\/baubauwall.com\/et\/\",\"name\":\"BAUBAUWALL Wallpapers\",\"description\":\"Valmis paanides tapeet Eestist!\",\"publisher\":{\"@id\":\"https:\/\/baubauwall.com\/et\/#organization\"},\"potentialAction\":[{\"@type\":\"SearchAction\",\"target\":{\"@type\":\"EntryPoint\",\"urlTemplate\":\"https:\/\/baubauwall.com\/et\/?s={search_term_string}\"},\"query-input\":{\"@type\":\"PropertyValueSpecification\",\"valueRequired\":true,\"valueName\":\"search_term_string\"}}],\"inLanguage\":\"et\"},{\"@type\":\"Organization\",\"@id\":\"https:\/\/baubauwall.com\/et\/#organization\",\"name\":\"BAUBAUWALL Wallpapers\",\"url\":\"https:\/\/baubauwall.com\/et\/\",\"logo\":{\"@type\":\"ImageObject\",\"inLanguage\":\"et\",\"@id\":\"https:\/\/baubauwall.com\/et\/#\/schema\/logo\/image\/\",\"url\":\"https:\/\/baubauwall.com\/wp-content\/uploads\/2022\/03\/logo-horizontal.svg\",\"contentUrl\":\"https:\/\/baubauwall.com\/wp-content\/uploads\/2022\/03\/logo-horizontal.svg\",\"width\":\"1024\",\"height\":\"1024\",\"caption\":\"BAUBAUWALL Wallpapers\"},\"image\":{\"@id\":\"https:\/\/baubauwall.com\/et\/#\/schema\/logo\/image\/\"},\"sameAs\":[\"https:\/\/www.facebook.com\/Baubauwall\",\"https:\/\/www.instagram.com\/baubauwall\"]}]}<\/script>\n<!-- \/ Yoast SEO plugin. -->","yoast_head_json":{"title":"Tapeet Urbanistlik roheline aed - muster t\u00e4is lehti","description":"T\u00f5eliselt roheline tapeet, mis \u00fchendab kirka v\u00e4rvi ja looduse. See tapeet on otsekui vertikaalne aed seinal ja toob looduse tunde Sinu linnakodusse!","robots":{"index":"index","follow":"follow","max-snippet":"max-snippet:-1","max-image-preview":"max-image-preview:large","max-video-preview":"max-video-preview:-1"},"canonical":"https:\/\/baubauwall.com\/et\/toode\/kordusmustriga-tapeet-urbanistlik-roheline-aed\/","og_locale":"et_EE","og_type":"article","og_title":"Tapeet Urbanistlik roheline aed - muster t\u00e4is lehti","og_description":"T\u00f5eliselt roheline tapeet, mis \u00fchendab kirka v\u00e4rvi ja looduse. See tapeet on otsekui vertikaalne aed seinal ja toob looduse tunde Sinu linnakodusse!","og_url":"https:\/\/baubauwall.com\/et\/toode\/kordusmustriga-tapeet-urbanistlik-roheline-aed\/","og_site_name":"BAUBAUWALL TAPEEDID","article_publisher":"https:\/\/www.facebook.com\/Baubauwall","article_modified_time":"2025-01-09T16:30:25+00:00","og_image":[{"width":2400,"height":1600,"url":"https:\/\/baubauwall.com\/wp-content\/uploads\/2024\/11\/51100459_UrbanGreenWall_Baubauwall_Wallpaper_room4.jpg","type":"image\/jpeg"}],"twitter_card":"summary_large_image","twitter_misc":{"Est. reading time":"1 minut"},"schema":{"@context":"https:\/\/schema.org","@graph":[{"@type":"WebPage","@id":"https:\/\/baubauwall.com\/et\/toode\/kordusmustriga-tapeet-urbanistlik-roheline-aed\/","url":"https:\/\/baubauwall.com\/et\/toode\/kordusmustriga-tapeet-urbanistlik-roheline-aed\/","name":"Tapeet Urbanistlik roheline aed - muster t\u00e4is lehti","isPartOf":{"@id":"https:\/\/baubauwall.com\/et\/#website"},"primaryImageOfPage":{"@id":"https:\/\/baubauwall.com\/et\/toode\/kordusmustriga-tapeet-urbanistlik-roheline-aed\/#primaryimage"},"image":{"@id":"https:\/\/baubauwall.com\/et\/toode\/kordusmustriga-tapeet-urbanistlik-roheline-aed\/#primaryimage"},"thumbnailUrl":"https:\/\/baubauwall.com\/wp-content\/uploads\/2024\/11\/51100459_UrbanGreenWall_Baubauwall_Wallpaper_room4.jpg","datePublished":"2025-01-09T00:45:05+00:00","dateModified":"2025-01-09T16:30:25+00:00","description":"T\u00f5eliselt roheline tapeet, mis \u00fchendab kirka v\u00e4rvi ja looduse. See tapeet on otsekui vertikaalne aed seinal ja toob looduse tunde Sinu linnakodusse!","breadcrumb":{"@id":"https:\/\/baubauwall.com\/et\/toode\/kordusmustriga-tapeet-urbanistlik-roheline-aed\/#breadcrumb"},"inLanguage":"et","potentialAction":[{"@type":"ReadAction","target":["https:\/\/baubauwall.com\/et\/toode\/kordusmustriga-tapeet-urbanistlik-roheline-aed\/"]}]},{"@type":"ImageObject","inLanguage":"et","@id":"https:\/\/baubauwall.com\/et\/toode\/kordusmustriga-tapeet-urbanistlik-roheline-aed\/#primaryimage","url":"https:\/\/baubauwall.com\/wp-content\/uploads\/2024\/11\/51100459_UrbanGreenWall_Baubauwall_Wallpaper_room4.jpg","contentUrl":"https:\/\/baubauwall.com\/wp-content\/uploads\/2024\/11\/51100459_UrbanGreenWall_Baubauwall_Wallpaper_room4.jpg","width":2400,"height":1600,"caption":"Perfect for an accent wall, a serene bedroom, or a vibrant office, this wallpaper features a stunning mix of ferns, leaves, and botanical details."},{"@type":"BreadcrumbList","@id":"https:\/\/baubauwall.com\/et\/toode\/kordusmustriga-tapeet-urbanistlik-roheline-aed\/#breadcrumb","itemListElement":[{"@type":"ListItem","position":1,"name":"Koju","item":"https:\/\/baubauwall.com\/et\/"},{"@type":"ListItem","position":2,"name":"Tapeedid","item":"https:\/\/baubauwall.com\/et\/tapeedid\/"},{"@type":"ListItem","position":3,"name":"Urbanistlik roheline aed"}]},{"@type":"WebSite","@id":"https:\/\/baubauwall.com\/et\/#website","url":"https:\/\/baubauwall.com\/et\/","name":"BAUBAUWALL Wallpapers","description":"Valmis paanides tapeet Eestist!","publisher":{"@id":"https:\/\/baubauwall.com\/et\/#organization"},"potentialAction":[{"@type":"SearchAction","target":{"@type":"EntryPoint","urlTemplate":"https:\/\/baubauwall.com\/et\/?s={search_term_string}"},"query-input":{"@type":"PropertyValueSpecification","valueRequired":true,"valueName":"search_term_string"}}],"inLanguage":"et"},{"@type":"Organization","@id":"https:\/\/baubauwall.com\/et\/#organization","name":"BAUBAUWALL Wallpapers","url":"https:\/\/baubauwall.com\/et\/","logo":{"@type":"ImageObject","inLanguage":"et","@id":"https:\/\/baubauwall.com\/et\/#\/schema\/logo\/image\/","url":"https:\/\/baubauwall.com\/wp-content\/uploads\/2022\/03\/logo-horizontal.svg","contentUrl":"https:\/\/baubauwall.com\/wp-content\/uploads\/2022\/03\/logo-horizontal.svg","width":"1024","height":"1024","caption":"BAUBAUWALL Wallpapers"},"image":{"@id":"https:\/\/baubauwall.com\/et\/#\/schema\/logo\/image\/"},"sameAs":["https:\/\/www.facebook.com\/Baubauwall","https:\/\/www.instagram.com\/baubauwall"]}]}},"jetpack_sharing_enabled":true,"_links":{"self":[{"href":"https:\/\/baubauwall.com\/et\/wp-json\/wp\/v2\/product\/40640","targetHints":{"allow":["GET"]}}],"collection":[{"href":"https:\/\/baubauwall.com\/et\/wp-json\/wp\/v2\/product"}],"about":[{"href":"https:\/\/baubauwall.com\/et\/wp-json\/wp\/v2\/types\/product"}],"replies":[{"embeddable":true,"href":"https:\/\/baubauwall.com\/et\/wp-json\/wp\/v2\/comments?post=40640"}],"wp:featuredmedia":[{"embeddable":true,"href":"https:\/\/baubauwall.com\/et\/wp-json\/wp\/v2\/media\/40635"}],"wp:attachment":[{"href":"https:\/\/baubauwall.com\/et\/wp-json\/wp\/v2\/media?parent=40640"}],"wp:term":[{"taxonomy":"product_brand","embeddable":true,"href":"https:\/\/baubauwall.com\/et\/wp-json\/wp\/v2\/product_brand?post=40640"},{"taxonomy":"product_cat","embeddable":true,"href":"https:\/\/baubauwall.com\/et\/wp-json\/wp\/v2\/product_cat?post=40640"},{"taxonomy":"product_tag","embeddable":true,"href":"https:\/\/baubauwall.com\/et\/wp-json\/wp\/v2\/product_tag?post=40640"}],"curies":[{"name":"wp","href":"https:\/\/api.w.org\/{rel}","templated":true}]}}