{"id":40643,"date":"2025-01-09T17:03:11","date_gmt":"2025-01-09T15:03:11","guid":{"rendered":"https:\/\/baubauwall.com\/?post_type=product&#038;p=40643"},"modified":"2025-01-09T18:16:14","modified_gmt":"2025-01-09T16:16:14","slug":"kordusmustriga-tapeet-urbanistlik-roheline-aed-tume","status":"publish","type":"product","link":"https:\/\/baubauwall.com\/et\/toode\/kordusmustriga-tapeet-urbanistlik-roheline-aed-tume\/","title":{"rendered":"Urbanistlik roheline aed &#8211; tume"},"content":{"rendered":"<p>S\u00fcgavates rohelistes toonides tapeet t\u00e4is lopsakat lehestikku. See roheline tapeet on ideaalne valik, kui soovid luua interj\u00f6\u00f6ris veidi dramaatilise ja eksootilise atmosf\u00e4\u00e4ri. Lopsakas lehestiku ja taimede muster viib m\u00f5tted Amazonose d\u017eunglisse v\u00f5i siis&#8230; botaanikaaeda!<\/p>\n<p>Urbanistlik aed tapeet sobib h\u00e4sti elutoa aktsentseinale, magamistuppa v\u00f5i hoopis kontorisse, et tuua sinna troopikat ja inspiratsiooni. Sobita tapeet neutraalsete toonidega nagu bee\u017e v\u00f5i hall. Julgemaks lahenduseks proovi helelillat!<\/p>\n<p><strong>Miks valida tapeet Baubauwallist? Sest me teeme tapeedi valimise, ostmise ja paigalduse lihtsaks.\u00a0<\/strong><\/p>\n<ul>\n<li>Eesti disain, Eesti ettev\u00f5te<\/li>\n<li>Tr\u00fckime t\u00e4pselt Sinu seina m\u00f5\u00f5dus tapeedi<\/li>\n<li>Just nii pikad tapeedipaanid, kui on Sinu sein<\/li>\n<li>Premium, matt fliistapeedi materjal, 100% taaskasutatud kiust<\/li>\n<li>M\u00fcrgivabad tr\u00fckiv\u00e4rvid, Greenguard sertifitseeritud<\/li>\n<li>Keskkonnas\u00f5bralik, j\u00e4\u00e4tmevaba tapeetimine<\/li>\n<li>Tasuta tapeediliim<\/li>\n<li>Tasuta transport ja kiire tarne 5 t\u00f6\u00f6p\u00e4evaga<\/li>\n<\/ul>\n<p>Loe l\u00e4hemalt nutikatest, eritellimust\u00f6\u00f6na valmivatest tapeetidest\u00a0<a href=\"https:\/\/baubauwall.com\/et\/keskkonnasobralikud-tapeedid\/\">siit.<\/a><\/p>\n","protected":false},"excerpt":{"rendered":"<p>S\u00fcgavates rohelistes toonides tapeet t\u00e4is lopsakat lehestikku. See roheline tapeet on ideaalne valik, kui soovid luua interj\u00f6\u00f6ris veidi dramaatilise ja eksootilise atmosf\u00e4\u00e4ri. Lopsakas lehestiku ja taimede muster viib m\u00f5tted Amazonose d\u017eunglisse v\u00f5i siis&#8230; botaanikaaeda! Urbanistlik aed tapeet sobib h\u00e4sti elutoa aktsentseinale, magamistuppa v\u00f5i hoopis kontorisse, et tuua sinna troopikat ja inspiratsiooni. Sobita tapeet neutraalsete toonidega [&hellip;]<\/p>\n","protected":false},"featured_media":40645,"comment_status":"open","ping_status":"closed","template":"","meta":{"_acf_changed":false,"inline_featured_image":false},"product_brand":[],"product_cat":[386,447,270,271,413,414,415,416,399,401,402,412,254],"product_tag":[563,298,832],"class_list":{"0":"post-40643","1":"product","2":"type-product","3":"status-publish","4":"has-post-thumbnail","6":"product_cat-kordusmustriga-tapeedid","7":"product_cat-maksimalistlik-et","8":"product_cat-tumedad-tapeedid","9":"product_cat-rohelised-tapeedid","10":"product_cat-magamistoa-tapeedid","11":"product_cat-soogitoa-tapeedid","12":"product_cat-kulalistetoa-tapeedid","13":"product_cat-esiku-tapeedid","14":"product_cat-kodukontori-tapeedid","15":"product_cat-koogi-tapeedid","16":"product_cat-elutoa-tapeedid","17":"product_cat-vannitoa-tapeedid","18":"product_cat-loodus","19":"product_tag-biofiilia-stiil","20":"product_tag-botaaniline","21":"product_tag-kordusmustriga-tapeedid","22":"pa_designedby-baubauwall","24":"first","25":"instock","26":"taxable","27":"shipping-taxable","28":"purchasable","29":"product-type-simple"},"acf":[],"yoast_head":"<!-- This site is optimized with the Yoast SEO plugin v25.9 - https:\/\/yoast.com\/wordpress\/plugins\/seo\/ -->\n<title>Tapeet Urbanistlik roheline aed - tume - botaaniline muster<\/title>\n<meta name=\"description\" content=\"T\u00f5eliselt roheline tapeet, mis \u00fchendab kirka v\u00e4rvi ja looduse. See tapeet on otsekui vertikaalne aed seinal ja toob looduse tunde Sinu linnakodusse!\" \/>\n<meta name=\"robots\" content=\"index, follow, max-snippet:-1, max-image-preview:large, max-video-preview:-1\" \/>\n<link rel=\"canonical\" href=\"https:\/\/baubauwall.com\/et\/toode\/kordusmustriga-tapeet-urbanistlik-roheline-aed-tume\/\" \/>\n<meta property=\"og:locale\" content=\"et_EE\" \/>\n<meta property=\"og:type\" content=\"article\" \/>\n<meta property=\"og:title\" content=\"Tapeet Urbanistlik roheline aed - tume - botaaniline muster\" \/>\n<meta property=\"og:description\" content=\"T\u00f5eliselt roheline tapeet, mis \u00fchendab kirka v\u00e4rvi ja looduse. See tapeet on otsekui vertikaalne aed seinal ja toob looduse tunde Sinu linnakodusse!\" \/>\n<meta property=\"og:url\" content=\"https:\/\/baubauwall.com\/et\/toode\/kordusmustriga-tapeet-urbanistlik-roheline-aed-tume\/\" \/>\n<meta property=\"og:site_name\" content=\"BAUBAUWALL Wallpapers\" \/>\n<meta property=\"article:publisher\" content=\"https:\/\/www.facebook.com\/Baubauwall\" \/>\n<meta property=\"article:modified_time\" content=\"2025-01-09T16:16:14+00:00\" \/>\n<meta property=\"og:image\" content=\"https:\/\/baubauwall.com\/wp-content\/uploads\/2025\/01\/51100460_UrbanGreenWall-Dark_Baubauwall_Wallpaper_room1.jpg\" \/>\n\t<meta property=\"og:image:width\" content=\"2403\" \/>\n\t<meta property=\"og:image:height\" content=\"1600\" \/>\n\t<meta property=\"og:image:type\" content=\"image\/jpeg\" \/>\n<meta name=\"twitter:card\" content=\"summary_large_image\" \/>\n<meta name=\"twitter:label1\" content=\"Est. reading time\" \/>\n\t<meta name=\"twitter:data1\" content=\"1 minut\" \/>\n<script type=\"application\/ld+json\" class=\"yoast-schema-graph\">{\"@context\":\"https:\/\/schema.org\",\"@graph\":[{\"@type\":\"WebPage\",\"@id\":\"https:\/\/baubauwall.com\/et\/toode\/kordusmustriga-tapeet-urbanistlik-roheline-aed-tume\/\",\"url\":\"https:\/\/baubauwall.com\/et\/toode\/kordusmustriga-tapeet-urbanistlik-roheline-aed-tume\/\",\"name\":\"Tapeet Urbanistlik roheline aed - tume - botaaniline muster\",\"isPartOf\":{\"@id\":\"https:\/\/baubauwall.com\/et\/#website\"},\"primaryImageOfPage\":{\"@id\":\"https:\/\/baubauwall.com\/et\/toode\/kordusmustriga-tapeet-urbanistlik-roheline-aed-tume\/#primaryimage\"},\"image\":{\"@id\":\"https:\/\/baubauwall.com\/et\/toode\/kordusmustriga-tapeet-urbanistlik-roheline-aed-tume\/#primaryimage\"},\"thumbnailUrl\":\"https:\/\/baubauwall.com\/wp-content\/uploads\/2025\/01\/51100460_UrbanGreenWall-Dark_Baubauwall_Wallpaper_room1.jpg\",\"datePublished\":\"2025-01-09T15:03:11+00:00\",\"dateModified\":\"2025-01-09T16:16:14+00:00\",\"description\":\"T\u00f5eliselt roheline tapeet, mis \u00fchendab kirka v\u00e4rvi ja looduse. See tapeet on otsekui vertikaalne aed seinal ja toob looduse tunde Sinu linnakodusse!\",\"breadcrumb\":{\"@id\":\"https:\/\/baubauwall.com\/et\/toode\/kordusmustriga-tapeet-urbanistlik-roheline-aed-tume\/#breadcrumb\"},\"inLanguage\":\"et\",\"potentialAction\":[{\"@type\":\"ReadAction\",\"target\":[\"https:\/\/baubauwall.com\/et\/toode\/kordusmustriga-tapeet-urbanistlik-roheline-aed-tume\/\"]}]},{\"@type\":\"ImageObject\",\"inLanguage\":\"et\",\"@id\":\"https:\/\/baubauwall.com\/et\/toode\/kordusmustriga-tapeet-urbanistlik-roheline-aed-tume\/#primaryimage\",\"url\":\"https:\/\/baubauwall.com\/wp-content\/uploads\/2025\/01\/51100460_UrbanGreenWall-Dark_Baubauwall_Wallpaper_room1.jpg\",\"contentUrl\":\"https:\/\/baubauwall.com\/wp-content\/uploads\/2025\/01\/51100460_UrbanGreenWall-Dark_Baubauwall_Wallpaper_room1.jpg\",\"width\":2403,\"height\":1600,\"caption\":\"Green urban wall - bring in the lush greens!\"},{\"@type\":\"BreadcrumbList\",\"@id\":\"https:\/\/baubauwall.com\/et\/toode\/kordusmustriga-tapeet-urbanistlik-roheline-aed-tume\/#breadcrumb\",\"itemListElement\":[{\"@type\":\"ListItem\",\"position\":1,\"name\":\"Koju\",\"item\":\"https:\/\/baubauwall.com\/et\/\"},{\"@type\":\"ListItem\",\"position\":2,\"name\":\"Tapeedid\",\"item\":\"https:\/\/baubauwall.com\/et\/tapeedid\/\"},{\"@type\":\"ListItem\",\"position\":3,\"name\":\"Urbanistlik roheline aed &#8211; tume\"}]},{\"@type\":\"WebSite\",\"@id\":\"https:\/\/baubauwall.com\/et\/#website\",\"url\":\"https:\/\/baubauwall.com\/et\/\",\"name\":\"BAUBAUWALL Wallpapers\",\"description\":\"Valmis paanides tapeet Eestist!\",\"publisher\":{\"@id\":\"https:\/\/baubauwall.com\/et\/#organization\"},\"potentialAction\":[{\"@type\":\"SearchAction\",\"target\":{\"@type\":\"EntryPoint\",\"urlTemplate\":\"https:\/\/baubauwall.com\/et\/?s={search_term_string}\"},\"query-input\":{\"@type\":\"PropertyValueSpecification\",\"valueRequired\":true,\"valueName\":\"search_term_string\"}}],\"inLanguage\":\"et\"},{\"@type\":\"Organization\",\"@id\":\"https:\/\/baubauwall.com\/et\/#organization\",\"name\":\"BAUBAUWALL Wallpapers\",\"url\":\"https:\/\/baubauwall.com\/et\/\",\"logo\":{\"@type\":\"ImageObject\",\"inLanguage\":\"et\",\"@id\":\"https:\/\/baubauwall.com\/et\/#\/schema\/logo\/image\/\",\"url\":\"https:\/\/baubauwall.com\/wp-content\/uploads\/2022\/03\/logo-horizontal.svg\",\"contentUrl\":\"https:\/\/baubauwall.com\/wp-content\/uploads\/2022\/03\/logo-horizontal.svg\",\"width\":\"1024\",\"height\":\"1024\",\"caption\":\"BAUBAUWALL Wallpapers\"},\"image\":{\"@id\":\"https:\/\/baubauwall.com\/et\/#\/schema\/logo\/image\/\"},\"sameAs\":[\"https:\/\/www.facebook.com\/Baubauwall\",\"https:\/\/www.instagram.com\/baubauwall\"]}]}<\/script>\n<!-- \/ Yoast SEO plugin. -->","yoast_head_json":{"title":"Tapeet Urbanistlik roheline aed - tume - botaaniline muster","description":"T\u00f5eliselt roheline tapeet, mis \u00fchendab kirka v\u00e4rvi ja looduse. See tapeet on otsekui vertikaalne aed seinal ja toob looduse tunde Sinu linnakodusse!","robots":{"index":"index","follow":"follow","max-snippet":"max-snippet:-1","max-image-preview":"max-image-preview:large","max-video-preview":"max-video-preview:-1"},"canonical":"https:\/\/baubauwall.com\/et\/toode\/kordusmustriga-tapeet-urbanistlik-roheline-aed-tume\/","og_locale":"et_EE","og_type":"article","og_title":"Tapeet Urbanistlik roheline aed - tume - botaaniline muster","og_description":"T\u00f5eliselt roheline tapeet, mis \u00fchendab kirka v\u00e4rvi ja looduse. See tapeet on otsekui vertikaalne aed seinal ja toob looduse tunde Sinu linnakodusse!","og_url":"https:\/\/baubauwall.com\/et\/toode\/kordusmustriga-tapeet-urbanistlik-roheline-aed-tume\/","og_site_name":"BAUBAUWALL Wallpapers","article_publisher":"https:\/\/www.facebook.com\/Baubauwall","article_modified_time":"2025-01-09T16:16:14+00:00","og_image":[{"width":2403,"height":1600,"url":"https:\/\/baubauwall.com\/wp-content\/uploads\/2025\/01\/51100460_UrbanGreenWall-Dark_Baubauwall_Wallpaper_room1.jpg","type":"image\/jpeg"}],"twitter_card":"summary_large_image","twitter_misc":{"Est. reading time":"1 minut"},"schema":{"@context":"https:\/\/schema.org","@graph":[{"@type":"WebPage","@id":"https:\/\/baubauwall.com\/et\/toode\/kordusmustriga-tapeet-urbanistlik-roheline-aed-tume\/","url":"https:\/\/baubauwall.com\/et\/toode\/kordusmustriga-tapeet-urbanistlik-roheline-aed-tume\/","name":"Tapeet Urbanistlik roheline aed - tume - botaaniline muster","isPartOf":{"@id":"https:\/\/baubauwall.com\/et\/#website"},"primaryImageOfPage":{"@id":"https:\/\/baubauwall.com\/et\/toode\/kordusmustriga-tapeet-urbanistlik-roheline-aed-tume\/#primaryimage"},"image":{"@id":"https:\/\/baubauwall.com\/et\/toode\/kordusmustriga-tapeet-urbanistlik-roheline-aed-tume\/#primaryimage"},"thumbnailUrl":"https:\/\/baubauwall.com\/wp-content\/uploads\/2025\/01\/51100460_UrbanGreenWall-Dark_Baubauwall_Wallpaper_room1.jpg","datePublished":"2025-01-09T15:03:11+00:00","dateModified":"2025-01-09T16:16:14+00:00","description":"T\u00f5eliselt roheline tapeet, mis \u00fchendab kirka v\u00e4rvi ja looduse. See tapeet on otsekui vertikaalne aed seinal ja toob looduse tunde Sinu linnakodusse!","breadcrumb":{"@id":"https:\/\/baubauwall.com\/et\/toode\/kordusmustriga-tapeet-urbanistlik-roheline-aed-tume\/#breadcrumb"},"inLanguage":"et","potentialAction":[{"@type":"ReadAction","target":["https:\/\/baubauwall.com\/et\/toode\/kordusmustriga-tapeet-urbanistlik-roheline-aed-tume\/"]}]},{"@type":"ImageObject","inLanguage":"et","@id":"https:\/\/baubauwall.com\/et\/toode\/kordusmustriga-tapeet-urbanistlik-roheline-aed-tume\/#primaryimage","url":"https:\/\/baubauwall.com\/wp-content\/uploads\/2025\/01\/51100460_UrbanGreenWall-Dark_Baubauwall_Wallpaper_room1.jpg","contentUrl":"https:\/\/baubauwall.com\/wp-content\/uploads\/2025\/01\/51100460_UrbanGreenWall-Dark_Baubauwall_Wallpaper_room1.jpg","width":2403,"height":1600,"caption":"Green urban wall - bring in the lush greens!"},{"@type":"BreadcrumbList","@id":"https:\/\/baubauwall.com\/et\/toode\/kordusmustriga-tapeet-urbanistlik-roheline-aed-tume\/#breadcrumb","itemListElement":[{"@type":"ListItem","position":1,"name":"Koju","item":"https:\/\/baubauwall.com\/et\/"},{"@type":"ListItem","position":2,"name":"Tapeedid","item":"https:\/\/baubauwall.com\/et\/tapeedid\/"},{"@type":"ListItem","position":3,"name":"Urbanistlik roheline aed &#8211; tume"}]},{"@type":"WebSite","@id":"https:\/\/baubauwall.com\/et\/#website","url":"https:\/\/baubauwall.com\/et\/","name":"BAUBAUWALL Wallpapers","description":"Valmis paanides tapeet Eestist!","publisher":{"@id":"https:\/\/baubauwall.com\/et\/#organization"},"potentialAction":[{"@type":"SearchAction","target":{"@type":"EntryPoint","urlTemplate":"https:\/\/baubauwall.com\/et\/?s={search_term_string}"},"query-input":{"@type":"PropertyValueSpecification","valueRequired":true,"valueName":"search_term_string"}}],"inLanguage":"et"},{"@type":"Organization","@id":"https:\/\/baubauwall.com\/et\/#organization","name":"BAUBAUWALL Wallpapers","url":"https:\/\/baubauwall.com\/et\/","logo":{"@type":"ImageObject","inLanguage":"et","@id":"https:\/\/baubauwall.com\/et\/#\/schema\/logo\/image\/","url":"https:\/\/baubauwall.com\/wp-content\/uploads\/2022\/03\/logo-horizontal.svg","contentUrl":"https:\/\/baubauwall.com\/wp-content\/uploads\/2022\/03\/logo-horizontal.svg","width":"1024","height":"1024","caption":"BAUBAUWALL Wallpapers"},"image":{"@id":"https:\/\/baubauwall.com\/et\/#\/schema\/logo\/image\/"},"sameAs":["https:\/\/www.facebook.com\/Baubauwall","https:\/\/www.instagram.com\/baubauwall"]}]}},"jetpack_sharing_enabled":true,"_links":{"self":[{"href":"https:\/\/baubauwall.com\/et\/wp-json\/wp\/v2\/product\/40643","targetHints":{"allow":["GET"]}}],"collection":[{"href":"https:\/\/baubauwall.com\/et\/wp-json\/wp\/v2\/product"}],"about":[{"href":"https:\/\/baubauwall.com\/et\/wp-json\/wp\/v2\/types\/product"}],"replies":[{"embeddable":true,"href":"https:\/\/baubauwall.com\/et\/wp-json\/wp\/v2\/comments?post=40643"}],"wp:featuredmedia":[{"embeddable":true,"href":"https:\/\/baubauwall.com\/et\/wp-json\/wp\/v2\/media\/40645"}],"wp:attachment":[{"href":"https:\/\/baubauwall.com\/et\/wp-json\/wp\/v2\/media?parent=40643"}],"wp:term":[{"taxonomy":"product_brand","embeddable":true,"href":"https:\/\/baubauwall.com\/et\/wp-json\/wp\/v2\/product_brand?post=40643"},{"taxonomy":"product_cat","embeddable":true,"href":"https:\/\/baubauwall.com\/et\/wp-json\/wp\/v2\/product_cat?post=40643"},{"taxonomy":"product_tag","embeddable":true,"href":"https:\/\/baubauwall.com\/et\/wp-json\/wp\/v2\/product_tag?post=40643"}],"curies":[{"name":"wp","href":"https:\/\/api.w.org\/{rel}","templated":true}]}}