{"id":40664,"date":"2025-01-09T17:16:58","date_gmt":"2025-01-09T15:16:58","guid":{"rendered":"https:\/\/baubauwall.com\/?post_type=product&#038;p=40664"},"modified":"2025-01-09T18:37:18","modified_gmt":"2025-01-09T16:37:18","slug":"kordusmustriga-tapeet-urbanistlik-roheline-aed-hele","status":"publish","type":"product","link":"https:\/\/baubauwall.com\/et\/toode\/kordusmustriga-tapeet-urbanistlik-roheline-aed-hele\/","title":{"rendered":"Urbanistlik roheline aed &#8211; hele"},"content":{"rendered":"<p>Too looduse ilu oma seinale rohelise, mahedalt lopsaka tapeediga! See roheline tapeet on ilus valik, kui soovid luua interj\u00f6\u00f6ris rahulikku, ent oman\u00e4olist atmosf\u00e4\u00e4ri. Lopsakas lehestiku ja taimede muster lisab sisekujundusele botaanilist v\u00f5lu loob sideme loodusega.<\/p>\n<p>Urbanistlik aed tapeet sobib suurep\u00e4raselt elutoa aktsentseinale, magamistuppa v\u00f5i hoopis kontorisse, et tuua sinna v\u00e4rskust ja inspiratsiooni. Sobita tapeet oma interj\u00f6\u00f6ris neutraalsete toonidega &#8211; bee\u017e v\u00f5i hall. Julgemaks lahenduseks lisa juurde sinepikollaseid v\u00f5i siis roosasid detaile. S\u00e4ti lauale vaas t\u00e4is suuri lilli ja Su isiklik oaas on valmis!<\/p>\n<p><strong>Miks valida tapeet Baubauwallist? Sest me teeme tapeedi valimise, ostmise ja paigalduse lihtsaks.\u00a0<\/strong><\/p>\n<ul>\n<li>Eesti disain, Eesti ettev\u00f5te<\/li>\n<li>Tr\u00fckime t\u00e4pselt Sinu seina m\u00f5\u00f5dus tapeedi<\/li>\n<li>Just nii pikad tapeedipaanid, kui on Sinu sein<\/li>\n<li>Premium, matt fliistapeedi materjal, 100% taaskasutatud kiust<\/li>\n<li>M\u00fcrgivabad tr\u00fckiv\u00e4rvid, Greenguard sertifitseeritud<\/li>\n<li>Keskkonnas\u00f5bralik, j\u00e4\u00e4tmevaba tapeetimine<\/li>\n<li>Tasuta tapeediliim<\/li>\n<li>Tasuta transport ja kiire tarne 5 t\u00f6\u00f6p\u00e4evaga<\/li>\n<\/ul>\n<p>Loe l\u00e4hemalt nutikatest, eritellimust\u00f6\u00f6na valmivatest tapeetidest\u00a0<a href=\"https:\/\/baubauwall.com\/et\/keskkonnasobralikud-tapeedid\/\">siit.<\/a><\/p>\n","protected":false},"excerpt":{"rendered":"<p>Too looduse ilu oma seinale rohelise, mahedalt lopsaka tapeediga! See roheline tapeet on ilus valik, kui soovid luua interj\u00f6\u00f6ris rahulikku, ent oman\u00e4olist atmosf\u00e4\u00e4ri. Lopsakas lehestiku ja taimede muster lisab sisekujundusele botaanilist v\u00f5lu loob sideme loodusega. Urbanistlik aed tapeet sobib suurep\u00e4raselt elutoa aktsentseinale, magamistuppa v\u00f5i hoopis kontorisse, et tuua sinna v\u00e4rskust ja inspiratsiooni. Sobita tapeet oma [&hellip;]<\/p>\n","protected":false},"featured_media":40666,"comment_status":"open","ping_status":"closed","template":"","meta":{"_acf_changed":false,"inline_featured_image":false},"product_brand":[],"product_cat":[386,391,271,413,414,415,416,399,401,402,248,250,254],"product_tag":[563,298],"class_list":{"0":"post-40664","1":"product","2":"type-product","3":"status-publish","4":"has-post-thumbnail","6":"product_cat-kordusmustriga-tapeedid","7":"product_cat-vahemereline","8":"product_cat-rohelised-tapeedid","9":"product_cat-magamistoa-tapeedid","10":"product_cat-soogitoa-tapeedid","11":"product_cat-kulalistetoa-tapeedid","12":"product_cat-esiku-tapeedid","13":"product_cat-kodukontori-tapeedid","14":"product_cat-koogi-tapeedid","15":"product_cat-elutoa-tapeedid","16":"product_cat-mets","17":"product_cat-dzungel-troopika","18":"product_cat-loodus","19":"product_tag-biofiilia-stiil","20":"product_tag-botaaniline","21":"pa_designedby-baubauwall","23":"first","24":"instock","25":"taxable","26":"shipping-taxable","27":"purchasable","28":"product-type-simple"},"acf":[],"yoast_head":"<!-- This site is optimized with the Yoast SEO plugin v25.9 - https:\/\/yoast.com\/wordpress\/plugins\/seo\/ -->\n<title>Tapeet Urbanistlik roheline aed - hele - botaaniline muster<\/title>\n<meta name=\"description\" content=\"Mahedalt roheline tapeet, mis \u00fchendab disaini ja looduse. See tapeet on otsekui vertikaalne aed seinal ja toob looduse tunde Sinu linnakodusse!\" \/>\n<meta name=\"robots\" content=\"index, follow, max-snippet:-1, max-image-preview:large, max-video-preview:-1\" \/>\n<link rel=\"canonical\" href=\"https:\/\/baubauwall.com\/et\/toode\/kordusmustriga-tapeet-urbanistlik-roheline-aed-hele\/\" \/>\n<meta property=\"og:locale\" content=\"et_EE\" \/>\n<meta property=\"og:type\" content=\"article\" \/>\n<meta property=\"og:title\" content=\"Tapeet Urbanistlik roheline aed - hele - botaaniline muster\" \/>\n<meta property=\"og:description\" content=\"Mahedalt roheline tapeet, mis \u00fchendab disaini ja looduse. See tapeet on otsekui vertikaalne aed seinal ja toob looduse tunde Sinu linnakodusse!\" \/>\n<meta property=\"og:url\" content=\"https:\/\/baubauwall.com\/et\/toode\/kordusmustriga-tapeet-urbanistlik-roheline-aed-hele\/\" \/>\n<meta property=\"og:site_name\" content=\"BAUBAUWALL Wallpapers\" \/>\n<meta property=\"article:publisher\" content=\"https:\/\/www.facebook.com\/Baubauwall\" \/>\n<meta property=\"article:modified_time\" content=\"2025-01-09T16:37:18+00:00\" \/>\n<meta property=\"og:image\" content=\"https:\/\/baubauwall.com\/wp-content\/uploads\/2025\/01\/51100461_UrbanGreenWall-Light_Baubauwall_Wallpaper_room4.jpg\" \/>\n\t<meta property=\"og:image:width\" content=\"2400\" \/>\n\t<meta property=\"og:image:height\" content=\"1600\" \/>\n\t<meta property=\"og:image:type\" content=\"image\/jpeg\" \/>\n<meta name=\"twitter:card\" content=\"summary_large_image\" \/>\n<meta name=\"twitter:label1\" content=\"Est. reading time\" \/>\n\t<meta name=\"twitter:data1\" content=\"1 minut\" \/>\n<script type=\"application\/ld+json\" class=\"yoast-schema-graph\">{\"@context\":\"https:\/\/schema.org\",\"@graph\":[{\"@type\":\"WebPage\",\"@id\":\"https:\/\/baubauwall.com\/et\/toode\/kordusmustriga-tapeet-urbanistlik-roheline-aed-hele\/\",\"url\":\"https:\/\/baubauwall.com\/et\/toode\/kordusmustriga-tapeet-urbanistlik-roheline-aed-hele\/\",\"name\":\"Tapeet Urbanistlik roheline aed - hele - botaaniline muster\",\"isPartOf\":{\"@id\":\"https:\/\/baubauwall.com\/et\/#website\"},\"primaryImageOfPage\":{\"@id\":\"https:\/\/baubauwall.com\/et\/toode\/kordusmustriga-tapeet-urbanistlik-roheline-aed-hele\/#primaryimage\"},\"image\":{\"@id\":\"https:\/\/baubauwall.com\/et\/toode\/kordusmustriga-tapeet-urbanistlik-roheline-aed-hele\/#primaryimage\"},\"thumbnailUrl\":\"https:\/\/baubauwall.com\/wp-content\/uploads\/2025\/01\/51100461_UrbanGreenWall-Light_Baubauwall_Wallpaper_room4.jpg\",\"datePublished\":\"2025-01-09T15:16:58+00:00\",\"dateModified\":\"2025-01-09T16:37:18+00:00\",\"description\":\"Mahedalt roheline tapeet, mis \u00fchendab disaini ja looduse. See tapeet on otsekui vertikaalne aed seinal ja toob looduse tunde Sinu linnakodusse!\",\"breadcrumb\":{\"@id\":\"https:\/\/baubauwall.com\/et\/toode\/kordusmustriga-tapeet-urbanistlik-roheline-aed-hele\/#breadcrumb\"},\"inLanguage\":\"et\",\"potentialAction\":[{\"@type\":\"ReadAction\",\"target\":[\"https:\/\/baubauwall.com\/et\/toode\/kordusmustriga-tapeet-urbanistlik-roheline-aed-hele\/\"]}]},{\"@type\":\"ImageObject\",\"inLanguage\":\"et\",\"@id\":\"https:\/\/baubauwall.com\/et\/toode\/kordusmustriga-tapeet-urbanistlik-roheline-aed-hele\/#primaryimage\",\"url\":\"https:\/\/baubauwall.com\/wp-content\/uploads\/2025\/01\/51100461_UrbanGreenWall-Light_Baubauwall_Wallpaper_room4.jpg\",\"contentUrl\":\"https:\/\/baubauwall.com\/wp-content\/uploads\/2025\/01\/51100461_UrbanGreenWall-Light_Baubauwall_Wallpaper_room4.jpg\",\"width\":2400,\"height\":1600,\"caption\":\"This wallpaper works beautifully for an accent wall in a living room, a soothing backdrop in your bedroom, or even a cheerful feature in your home office.\"},{\"@type\":\"BreadcrumbList\",\"@id\":\"https:\/\/baubauwall.com\/et\/toode\/kordusmustriga-tapeet-urbanistlik-roheline-aed-hele\/#breadcrumb\",\"itemListElement\":[{\"@type\":\"ListItem\",\"position\":1,\"name\":\"Koju\",\"item\":\"https:\/\/baubauwall.com\/et\/\"},{\"@type\":\"ListItem\",\"position\":2,\"name\":\"Tapeedid\",\"item\":\"https:\/\/baubauwall.com\/et\/tapeedid\/\"},{\"@type\":\"ListItem\",\"position\":3,\"name\":\"Urbanistlik roheline aed &#8211; hele\"}]},{\"@type\":\"WebSite\",\"@id\":\"https:\/\/baubauwall.com\/et\/#website\",\"url\":\"https:\/\/baubauwall.com\/et\/\",\"name\":\"BAUBAUWALL Wallpapers\",\"description\":\"Valmis paanides tapeet Eestist!\",\"publisher\":{\"@id\":\"https:\/\/baubauwall.com\/et\/#organization\"},\"potentialAction\":[{\"@type\":\"SearchAction\",\"target\":{\"@type\":\"EntryPoint\",\"urlTemplate\":\"https:\/\/baubauwall.com\/et\/?s={search_term_string}\"},\"query-input\":{\"@type\":\"PropertyValueSpecification\",\"valueRequired\":true,\"valueName\":\"search_term_string\"}}],\"inLanguage\":\"et\"},{\"@type\":\"Organization\",\"@id\":\"https:\/\/baubauwall.com\/et\/#organization\",\"name\":\"BAUBAUWALL Wallpapers\",\"url\":\"https:\/\/baubauwall.com\/et\/\",\"logo\":{\"@type\":\"ImageObject\",\"inLanguage\":\"et\",\"@id\":\"https:\/\/baubauwall.com\/et\/#\/schema\/logo\/image\/\",\"url\":\"https:\/\/baubauwall.com\/wp-content\/uploads\/2022\/03\/logo-horizontal.svg\",\"contentUrl\":\"https:\/\/baubauwall.com\/wp-content\/uploads\/2022\/03\/logo-horizontal.svg\",\"width\":\"1024\",\"height\":\"1024\",\"caption\":\"BAUBAUWALL Wallpapers\"},\"image\":{\"@id\":\"https:\/\/baubauwall.com\/et\/#\/schema\/logo\/image\/\"},\"sameAs\":[\"https:\/\/www.facebook.com\/Baubauwall\",\"https:\/\/www.instagram.com\/baubauwall\"]}]}<\/script>\n<!-- \/ Yoast SEO plugin. -->","yoast_head_json":{"title":"Tapeet Urbanistlik roheline aed - hele - botaaniline muster","description":"Mahedalt roheline tapeet, mis \u00fchendab disaini ja looduse. See tapeet on otsekui vertikaalne aed seinal ja toob looduse tunde Sinu linnakodusse!","robots":{"index":"index","follow":"follow","max-snippet":"max-snippet:-1","max-image-preview":"max-image-preview:large","max-video-preview":"max-video-preview:-1"},"canonical":"https:\/\/baubauwall.com\/et\/toode\/kordusmustriga-tapeet-urbanistlik-roheline-aed-hele\/","og_locale":"et_EE","og_type":"article","og_title":"Tapeet Urbanistlik roheline aed - hele - botaaniline muster","og_description":"Mahedalt roheline tapeet, mis \u00fchendab disaini ja looduse. See tapeet on otsekui vertikaalne aed seinal ja toob looduse tunde Sinu linnakodusse!","og_url":"https:\/\/baubauwall.com\/et\/toode\/kordusmustriga-tapeet-urbanistlik-roheline-aed-hele\/","og_site_name":"BAUBAUWALL Wallpapers","article_publisher":"https:\/\/www.facebook.com\/Baubauwall","article_modified_time":"2025-01-09T16:37:18+00:00","og_image":[{"width":2400,"height":1600,"url":"https:\/\/baubauwall.com\/wp-content\/uploads\/2025\/01\/51100461_UrbanGreenWall-Light_Baubauwall_Wallpaper_room4.jpg","type":"image\/jpeg"}],"twitter_card":"summary_large_image","twitter_misc":{"Est. reading time":"1 minut"},"schema":{"@context":"https:\/\/schema.org","@graph":[{"@type":"WebPage","@id":"https:\/\/baubauwall.com\/et\/toode\/kordusmustriga-tapeet-urbanistlik-roheline-aed-hele\/","url":"https:\/\/baubauwall.com\/et\/toode\/kordusmustriga-tapeet-urbanistlik-roheline-aed-hele\/","name":"Tapeet Urbanistlik roheline aed - hele - botaaniline muster","isPartOf":{"@id":"https:\/\/baubauwall.com\/et\/#website"},"primaryImageOfPage":{"@id":"https:\/\/baubauwall.com\/et\/toode\/kordusmustriga-tapeet-urbanistlik-roheline-aed-hele\/#primaryimage"},"image":{"@id":"https:\/\/baubauwall.com\/et\/toode\/kordusmustriga-tapeet-urbanistlik-roheline-aed-hele\/#primaryimage"},"thumbnailUrl":"https:\/\/baubauwall.com\/wp-content\/uploads\/2025\/01\/51100461_UrbanGreenWall-Light_Baubauwall_Wallpaper_room4.jpg","datePublished":"2025-01-09T15:16:58+00:00","dateModified":"2025-01-09T16:37:18+00:00","description":"Mahedalt roheline tapeet, mis \u00fchendab disaini ja looduse. See tapeet on otsekui vertikaalne aed seinal ja toob looduse tunde Sinu linnakodusse!","breadcrumb":{"@id":"https:\/\/baubauwall.com\/et\/toode\/kordusmustriga-tapeet-urbanistlik-roheline-aed-hele\/#breadcrumb"},"inLanguage":"et","potentialAction":[{"@type":"ReadAction","target":["https:\/\/baubauwall.com\/et\/toode\/kordusmustriga-tapeet-urbanistlik-roheline-aed-hele\/"]}]},{"@type":"ImageObject","inLanguage":"et","@id":"https:\/\/baubauwall.com\/et\/toode\/kordusmustriga-tapeet-urbanistlik-roheline-aed-hele\/#primaryimage","url":"https:\/\/baubauwall.com\/wp-content\/uploads\/2025\/01\/51100461_UrbanGreenWall-Light_Baubauwall_Wallpaper_room4.jpg","contentUrl":"https:\/\/baubauwall.com\/wp-content\/uploads\/2025\/01\/51100461_UrbanGreenWall-Light_Baubauwall_Wallpaper_room4.jpg","width":2400,"height":1600,"caption":"This wallpaper works beautifully for an accent wall in a living room, a soothing backdrop in your bedroom, or even a cheerful feature in your home office."},{"@type":"BreadcrumbList","@id":"https:\/\/baubauwall.com\/et\/toode\/kordusmustriga-tapeet-urbanistlik-roheline-aed-hele\/#breadcrumb","itemListElement":[{"@type":"ListItem","position":1,"name":"Koju","item":"https:\/\/baubauwall.com\/et\/"},{"@type":"ListItem","position":2,"name":"Tapeedid","item":"https:\/\/baubauwall.com\/et\/tapeedid\/"},{"@type":"ListItem","position":3,"name":"Urbanistlik roheline aed &#8211; hele"}]},{"@type":"WebSite","@id":"https:\/\/baubauwall.com\/et\/#website","url":"https:\/\/baubauwall.com\/et\/","name":"BAUBAUWALL Wallpapers","description":"Valmis paanides tapeet Eestist!","publisher":{"@id":"https:\/\/baubauwall.com\/et\/#organization"},"potentialAction":[{"@type":"SearchAction","target":{"@type":"EntryPoint","urlTemplate":"https:\/\/baubauwall.com\/et\/?s={search_term_string}"},"query-input":{"@type":"PropertyValueSpecification","valueRequired":true,"valueName":"search_term_string"}}],"inLanguage":"et"},{"@type":"Organization","@id":"https:\/\/baubauwall.com\/et\/#organization","name":"BAUBAUWALL Wallpapers","url":"https:\/\/baubauwall.com\/et\/","logo":{"@type":"ImageObject","inLanguage":"et","@id":"https:\/\/baubauwall.com\/et\/#\/schema\/logo\/image\/","url":"https:\/\/baubauwall.com\/wp-content\/uploads\/2022\/03\/logo-horizontal.svg","contentUrl":"https:\/\/baubauwall.com\/wp-content\/uploads\/2022\/03\/logo-horizontal.svg","width":"1024","height":"1024","caption":"BAUBAUWALL Wallpapers"},"image":{"@id":"https:\/\/baubauwall.com\/et\/#\/schema\/logo\/image\/"},"sameAs":["https:\/\/www.facebook.com\/Baubauwall","https:\/\/www.instagram.com\/baubauwall"]}]}},"jetpack_sharing_enabled":true,"_links":{"self":[{"href":"https:\/\/baubauwall.com\/et\/wp-json\/wp\/v2\/product\/40664","targetHints":{"allow":["GET"]}}],"collection":[{"href":"https:\/\/baubauwall.com\/et\/wp-json\/wp\/v2\/product"}],"about":[{"href":"https:\/\/baubauwall.com\/et\/wp-json\/wp\/v2\/types\/product"}],"replies":[{"embeddable":true,"href":"https:\/\/baubauwall.com\/et\/wp-json\/wp\/v2\/comments?post=40664"}],"wp:featuredmedia":[{"embeddable":true,"href":"https:\/\/baubauwall.com\/et\/wp-json\/wp\/v2\/media\/40666"}],"wp:attachment":[{"href":"https:\/\/baubauwall.com\/et\/wp-json\/wp\/v2\/media?parent=40664"}],"wp:term":[{"taxonomy":"product_brand","embeddable":true,"href":"https:\/\/baubauwall.com\/et\/wp-json\/wp\/v2\/product_brand?post=40664"},{"taxonomy":"product_cat","embeddable":true,"href":"https:\/\/baubauwall.com\/et\/wp-json\/wp\/v2\/product_cat?post=40664"},{"taxonomy":"product_tag","embeddable":true,"href":"https:\/\/baubauwall.com\/et\/wp-json\/wp\/v2\/product_tag?post=40664"}],"curies":[{"name":"wp","href":"https:\/\/api.w.org\/{rel}","templated":true}]}}