{"id":40938,"date":"2024-11-20T02:45:08","date_gmt":"2024-11-20T00:45:08","guid":{"rendered":"https:\/\/baubauwall.com\/product\/wallpaper-cloud-serenade-powder-blue\/"},"modified":"2025-02-20T14:32:30","modified_gmt":"2025-02-20T12:32:30","slug":"kordusmustriga-tapeet-pilveserenaad-roosa","status":"publish","type":"product","link":"https:\/\/baubauwall.com\/et\/toode\/kordusmustriga-tapeet-pilveserenaad-roosa\/","title":{"rendered":"Pilveserenaad &#8211; roosa"},"content":{"rendered":"<p data-start=\"0\" data-end=\"290\">M\u00f5ni p\u00e4ev on lihtsalt pilvede p\u00f5rnitsemiseks loodud. Ja see tapeet on just selline \u2013 pehmete roosade pilvede meri, mis viib m\u00f5tted kuhugi h\u00e4sti rahulikku ja unen\u00e4olisesse paika. Kas see on hetk nagu kohev suhkruvatt? V\u00f5i stseen filmist, olgu selleks Barbie v\u00f5i Wes Andersoni meistriteos? V\u00f5ta hetk, vaata tapeeti ja otsusta ise! Tapeet, mis loob atmosf\u00e4\u00e4ri, mis pole liiga t\u00f5sine. Ning roosa tapeet ei ole vaid v\u00e4ikeste t\u00fcdrukute lemmik!<\/p>\n<p data-start=\"292\" data-end=\"583\">\u00d5rna ja \u00f5hulise mustriga roosa tapeet sobib \u00fchtviisi h\u00e4sti magamistuppa, lastetuppa v\u00f5i hoopis buduaari nurga tapeetimiseks. \u00dches\u00f5naga &#8211; interj\u00f6\u00f6rid, kus on vaja rahu, ilu ja veidi fantaasiamaailma.<\/p>\n<p data-start=\"585\" data-end=\"774\" data-is-last-node=\"\"><strong>Ja nagu ikka \u2013 see tapeet on tr\u00fckitud keskkonnas\u00f5bralike v\u00e4rvidega hingavale, fliistapeedi materjalile. Ei mingeid m\u00fcrke, ei mingeid imelikke l\u00f5hnu \u2013 lihtsalt ilusad seinad ja head unen\u00e4od.<\/strong><\/p>\n","protected":false},"excerpt":{"rendered":"<p>M\u00f5ni p\u00e4ev on lihtsalt pilvede p\u00f5rnitsemiseks loodud. Ja see tapeet on just selline \u2013 pehmete roosade pilvede meri, mis viib m\u00f5tted kuhugi h\u00e4sti rahulikku ja unen\u00e4olisesse paika. Kas see on hetk nagu kohev suhkruvatt? V\u00f5i stseen filmist, olgu selleks Barbie v\u00f5i Wes Andersoni meistriteos? V\u00f5ta hetk, vaata tapeeti ja otsusta ise! Tapeet, mis loob atmosf\u00e4\u00e4ri, [&hellip;]<\/p>\n","protected":false},"featured_media":40929,"comment_status":"open","ping_status":"closed","template":"","meta":{"_acf_changed":false,"inline_featured_image":false},"product_brand":[],"product_cat":[386,395,273],"product_tag":[],"class_list":{"0":"post-40938","1":"product","2":"type-product","3":"status-publish","4":"has-post-thumbnail","6":"product_cat-kordusmustriga-tapeedid","7":"product_cat-romantiline","8":"product_cat-heledad-tapeedid","9":"pa_designedby-baubauwall","11":"first","12":"instock","13":"taxable","14":"shipping-taxable","15":"purchasable","16":"product-type-simple"},"acf":[],"yoast_head":"<!-- This site is optimized with the Yoast SEO plugin v25.9 - https:\/\/yoast.com\/wordpress\/plugins\/seo\/ -->\n<title>Pilveserenaad - roosa tapeet, mille pilvedel tahaks h\u00f5ljuda<\/title>\n<meta name=\"description\" content=\"Pilvedega tapeet on alati moes, pealegi roosa! Roosa, kordusmustriga tapeet sobib \u00fchtviisi h\u00e4sti nii magamistuppa kui lastetuppa.\" \/>\n<meta name=\"robots\" content=\"index, follow, max-snippet:-1, max-image-preview:large, max-video-preview:-1\" \/>\n<link rel=\"canonical\" href=\"https:\/\/baubauwall.com\/et\/toode\/kordusmustriga-tapeet-pilveserenaad-roosa\/\" \/>\n<meta property=\"og:locale\" content=\"et_EE\" \/>\n<meta property=\"og:type\" content=\"article\" \/>\n<meta property=\"og:title\" content=\"Pilveserenaad - roosa tapeet, mille pilvedel tahaks h\u00f5ljuda\" \/>\n<meta property=\"og:description\" content=\"Pilvedega tapeet on alati moes, pealegi roosa! Roosa, kordusmustriga tapeet sobib \u00fchtviisi h\u00e4sti nii magamistuppa kui lastetuppa.\" \/>\n<meta property=\"og:url\" content=\"https:\/\/baubauwall.com\/et\/toode\/kordusmustriga-tapeet-pilveserenaad-roosa\/\" \/>\n<meta property=\"og:site_name\" content=\"BAUBAUWALL TAPEEDID\" \/>\n<meta property=\"article:publisher\" content=\"https:\/\/www.facebook.com\/Baubauwall\" \/>\n<meta property=\"article:modified_time\" content=\"2025-02-20T12:32:30+00:00\" \/>\n<meta property=\"og:image\" content=\"https:\/\/baubauwall.com\/wp-content\/uploads\/2024\/11\/51100473_CloudSerenade-FluffyPink_Baubauwall_Wallpaper_room3.jpg\" \/>\n\t<meta property=\"og:image:width\" content=\"1067\" \/>\n\t<meta property=\"og:image:height\" content=\"1600\" \/>\n\t<meta property=\"og:image:type\" content=\"image\/jpeg\" \/>\n<meta name=\"twitter:card\" content=\"summary_large_image\" \/>\n<meta name=\"twitter:label1\" content=\"Est. reading time\" \/>\n\t<meta name=\"twitter:data1\" content=\"1 minut\" \/>\n<script type=\"application\/ld+json\" class=\"yoast-schema-graph\">{\"@context\":\"https:\/\/schema.org\",\"@graph\":[{\"@type\":\"WebPage\",\"@id\":\"https:\/\/baubauwall.com\/et\/toode\/kordusmustriga-tapeet-pilveserenaad-roosa\/\",\"url\":\"https:\/\/baubauwall.com\/et\/toode\/kordusmustriga-tapeet-pilveserenaad-roosa\/\",\"name\":\"Pilveserenaad - roosa tapeet, mille pilvedel tahaks h\u00f5ljuda\",\"isPartOf\":{\"@id\":\"https:\/\/baubauwall.com\/et\/#website\"},\"primaryImageOfPage\":{\"@id\":\"https:\/\/baubauwall.com\/et\/toode\/kordusmustriga-tapeet-pilveserenaad-roosa\/#primaryimage\"},\"image\":{\"@id\":\"https:\/\/baubauwall.com\/et\/toode\/kordusmustriga-tapeet-pilveserenaad-roosa\/#primaryimage\"},\"thumbnailUrl\":\"https:\/\/baubauwall.com\/wp-content\/uploads\/2024\/11\/51100473_CloudSerenade-FluffyPink_Baubauwall_Wallpaper_room3.jpg\",\"datePublished\":\"2024-11-20T00:45:08+00:00\",\"dateModified\":\"2025-02-20T12:32:30+00:00\",\"description\":\"Pilvedega tapeet on alati moes, pealegi roosa! Roosa, kordusmustriga tapeet sobib \u00fchtviisi h\u00e4sti nii magamistuppa kui lastetuppa.\",\"breadcrumb\":{\"@id\":\"https:\/\/baubauwall.com\/et\/toode\/kordusmustriga-tapeet-pilveserenaad-roosa\/#breadcrumb\"},\"inLanguage\":\"et\",\"potentialAction\":[{\"@type\":\"ReadAction\",\"target\":[\"https:\/\/baubauwall.com\/et\/toode\/kordusmustriga-tapeet-pilveserenaad-roosa\/\"]}]},{\"@type\":\"ImageObject\",\"inLanguage\":\"et\",\"@id\":\"https:\/\/baubauwall.com\/et\/toode\/kordusmustriga-tapeet-pilveserenaad-roosa\/#primaryimage\",\"url\":\"https:\/\/baubauwall.com\/wp-content\/uploads\/2024\/11\/51100473_CloudSerenade-FluffyPink_Baubauwall_Wallpaper_room3.jpg\",\"contentUrl\":\"https:\/\/baubauwall.com\/wp-content\/uploads\/2024\/11\/51100473_CloudSerenade-FluffyPink_Baubauwall_Wallpaper_room3.jpg\",\"width\":1067,\"height\":1600},{\"@type\":\"BreadcrumbList\",\"@id\":\"https:\/\/baubauwall.com\/et\/toode\/kordusmustriga-tapeet-pilveserenaad-roosa\/#breadcrumb\",\"itemListElement\":[{\"@type\":\"ListItem\",\"position\":1,\"name\":\"Koju\",\"item\":\"https:\/\/baubauwall.com\/et\/\"},{\"@type\":\"ListItem\",\"position\":2,\"name\":\"Tapeedid\",\"item\":\"https:\/\/baubauwall.com\/et\/tapeedid\/\"},{\"@type\":\"ListItem\",\"position\":3,\"name\":\"Pilveserenaad &#8211; roosa\"}]},{\"@type\":\"WebSite\",\"@id\":\"https:\/\/baubauwall.com\/et\/#website\",\"url\":\"https:\/\/baubauwall.com\/et\/\",\"name\":\"BAUBAUWALL Wallpapers\",\"description\":\"Valmis paanides tapeet Eestist!\",\"publisher\":{\"@id\":\"https:\/\/baubauwall.com\/et\/#organization\"},\"potentialAction\":[{\"@type\":\"SearchAction\",\"target\":{\"@type\":\"EntryPoint\",\"urlTemplate\":\"https:\/\/baubauwall.com\/et\/?s={search_term_string}\"},\"query-input\":{\"@type\":\"PropertyValueSpecification\",\"valueRequired\":true,\"valueName\":\"search_term_string\"}}],\"inLanguage\":\"et\"},{\"@type\":\"Organization\",\"@id\":\"https:\/\/baubauwall.com\/et\/#organization\",\"name\":\"BAUBAUWALL Wallpapers\",\"url\":\"https:\/\/baubauwall.com\/et\/\",\"logo\":{\"@type\":\"ImageObject\",\"inLanguage\":\"et\",\"@id\":\"https:\/\/baubauwall.com\/et\/#\/schema\/logo\/image\/\",\"url\":\"https:\/\/baubauwall.com\/wp-content\/uploads\/2022\/03\/logo-horizontal.svg\",\"contentUrl\":\"https:\/\/baubauwall.com\/wp-content\/uploads\/2022\/03\/logo-horizontal.svg\",\"width\":\"1024\",\"height\":\"1024\",\"caption\":\"BAUBAUWALL Wallpapers\"},\"image\":{\"@id\":\"https:\/\/baubauwall.com\/et\/#\/schema\/logo\/image\/\"},\"sameAs\":[\"https:\/\/www.facebook.com\/Baubauwall\",\"https:\/\/www.instagram.com\/baubauwall\"]}]}<\/script>\n<!-- \/ Yoast SEO plugin. -->","yoast_head_json":{"title":"Pilveserenaad - roosa tapeet, mille pilvedel tahaks h\u00f5ljuda","description":"Pilvedega tapeet on alati moes, pealegi roosa! Roosa, kordusmustriga tapeet sobib \u00fchtviisi h\u00e4sti nii magamistuppa kui lastetuppa.","robots":{"index":"index","follow":"follow","max-snippet":"max-snippet:-1","max-image-preview":"max-image-preview:large","max-video-preview":"max-video-preview:-1"},"canonical":"https:\/\/baubauwall.com\/et\/toode\/kordusmustriga-tapeet-pilveserenaad-roosa\/","og_locale":"et_EE","og_type":"article","og_title":"Pilveserenaad - roosa tapeet, mille pilvedel tahaks h\u00f5ljuda","og_description":"Pilvedega tapeet on alati moes, pealegi roosa! Roosa, kordusmustriga tapeet sobib \u00fchtviisi h\u00e4sti nii magamistuppa kui lastetuppa.","og_url":"https:\/\/baubauwall.com\/et\/toode\/kordusmustriga-tapeet-pilveserenaad-roosa\/","og_site_name":"BAUBAUWALL TAPEEDID","article_publisher":"https:\/\/www.facebook.com\/Baubauwall","article_modified_time":"2025-02-20T12:32:30+00:00","og_image":[{"width":1067,"height":1600,"url":"https:\/\/baubauwall.com\/wp-content\/uploads\/2024\/11\/51100473_CloudSerenade-FluffyPink_Baubauwall_Wallpaper_room3.jpg","type":"image\/jpeg"}],"twitter_card":"summary_large_image","twitter_misc":{"Est. reading time":"1 minut"},"schema":{"@context":"https:\/\/schema.org","@graph":[{"@type":"WebPage","@id":"https:\/\/baubauwall.com\/et\/toode\/kordusmustriga-tapeet-pilveserenaad-roosa\/","url":"https:\/\/baubauwall.com\/et\/toode\/kordusmustriga-tapeet-pilveserenaad-roosa\/","name":"Pilveserenaad - roosa tapeet, mille pilvedel tahaks h\u00f5ljuda","isPartOf":{"@id":"https:\/\/baubauwall.com\/et\/#website"},"primaryImageOfPage":{"@id":"https:\/\/baubauwall.com\/et\/toode\/kordusmustriga-tapeet-pilveserenaad-roosa\/#primaryimage"},"image":{"@id":"https:\/\/baubauwall.com\/et\/toode\/kordusmustriga-tapeet-pilveserenaad-roosa\/#primaryimage"},"thumbnailUrl":"https:\/\/baubauwall.com\/wp-content\/uploads\/2024\/11\/51100473_CloudSerenade-FluffyPink_Baubauwall_Wallpaper_room3.jpg","datePublished":"2024-11-20T00:45:08+00:00","dateModified":"2025-02-20T12:32:30+00:00","description":"Pilvedega tapeet on alati moes, pealegi roosa! Roosa, kordusmustriga tapeet sobib \u00fchtviisi h\u00e4sti nii magamistuppa kui lastetuppa.","breadcrumb":{"@id":"https:\/\/baubauwall.com\/et\/toode\/kordusmustriga-tapeet-pilveserenaad-roosa\/#breadcrumb"},"inLanguage":"et","potentialAction":[{"@type":"ReadAction","target":["https:\/\/baubauwall.com\/et\/toode\/kordusmustriga-tapeet-pilveserenaad-roosa\/"]}]},{"@type":"ImageObject","inLanguage":"et","@id":"https:\/\/baubauwall.com\/et\/toode\/kordusmustriga-tapeet-pilveserenaad-roosa\/#primaryimage","url":"https:\/\/baubauwall.com\/wp-content\/uploads\/2024\/11\/51100473_CloudSerenade-FluffyPink_Baubauwall_Wallpaper_room3.jpg","contentUrl":"https:\/\/baubauwall.com\/wp-content\/uploads\/2024\/11\/51100473_CloudSerenade-FluffyPink_Baubauwall_Wallpaper_room3.jpg","width":1067,"height":1600},{"@type":"BreadcrumbList","@id":"https:\/\/baubauwall.com\/et\/toode\/kordusmustriga-tapeet-pilveserenaad-roosa\/#breadcrumb","itemListElement":[{"@type":"ListItem","position":1,"name":"Koju","item":"https:\/\/baubauwall.com\/et\/"},{"@type":"ListItem","position":2,"name":"Tapeedid","item":"https:\/\/baubauwall.com\/et\/tapeedid\/"},{"@type":"ListItem","position":3,"name":"Pilveserenaad &#8211; roosa"}]},{"@type":"WebSite","@id":"https:\/\/baubauwall.com\/et\/#website","url":"https:\/\/baubauwall.com\/et\/","name":"BAUBAUWALL Wallpapers","description":"Valmis paanides tapeet Eestist!","publisher":{"@id":"https:\/\/baubauwall.com\/et\/#organization"},"potentialAction":[{"@type":"SearchAction","target":{"@type":"EntryPoint","urlTemplate":"https:\/\/baubauwall.com\/et\/?s={search_term_string}"},"query-input":{"@type":"PropertyValueSpecification","valueRequired":true,"valueName":"search_term_string"}}],"inLanguage":"et"},{"@type":"Organization","@id":"https:\/\/baubauwall.com\/et\/#organization","name":"BAUBAUWALL Wallpapers","url":"https:\/\/baubauwall.com\/et\/","logo":{"@type":"ImageObject","inLanguage":"et","@id":"https:\/\/baubauwall.com\/et\/#\/schema\/logo\/image\/","url":"https:\/\/baubauwall.com\/wp-content\/uploads\/2022\/03\/logo-horizontal.svg","contentUrl":"https:\/\/baubauwall.com\/wp-content\/uploads\/2022\/03\/logo-horizontal.svg","width":"1024","height":"1024","caption":"BAUBAUWALL Wallpapers"},"image":{"@id":"https:\/\/baubauwall.com\/et\/#\/schema\/logo\/image\/"},"sameAs":["https:\/\/www.facebook.com\/Baubauwall","https:\/\/www.instagram.com\/baubauwall"]}]}},"jetpack_sharing_enabled":true,"_links":{"self":[{"href":"https:\/\/baubauwall.com\/et\/wp-json\/wp\/v2\/product\/40938","targetHints":{"allow":["GET"]}}],"collection":[{"href":"https:\/\/baubauwall.com\/et\/wp-json\/wp\/v2\/product"}],"about":[{"href":"https:\/\/baubauwall.com\/et\/wp-json\/wp\/v2\/types\/product"}],"replies":[{"embeddable":true,"href":"https:\/\/baubauwall.com\/et\/wp-json\/wp\/v2\/comments?post=40938"}],"wp:featuredmedia":[{"embeddable":true,"href":"https:\/\/baubauwall.com\/et\/wp-json\/wp\/v2\/media\/40929"}],"wp:attachment":[{"href":"https:\/\/baubauwall.com\/et\/wp-json\/wp\/v2\/media?parent=40938"}],"wp:term":[{"taxonomy":"product_brand","embeddable":true,"href":"https:\/\/baubauwall.com\/et\/wp-json\/wp\/v2\/product_brand?post=40938"},{"taxonomy":"product_cat","embeddable":true,"href":"https:\/\/baubauwall.com\/et\/wp-json\/wp\/v2\/product_cat?post=40938"},{"taxonomy":"product_tag","embeddable":true,"href":"https:\/\/baubauwall.com\/et\/wp-json\/wp\/v2\/product_tag?post=40938"}],"curies":[{"name":"wp","href":"https:\/\/api.w.org\/{rel}","templated":true}]}}