{"id":40970,"date":"2024-01-20T02:45:08","date_gmt":"2024-01-20T00:45:08","guid":{"rendered":"https:\/\/baubauwall.com\/product\/repeat-pattern-wallpaper-cloud-serenade-powder-blue\/"},"modified":"2025-02-19T17:10:32","modified_gmt":"2025-02-19T15:10:32","slug":"kordusmustriga-tapeet-pileveserenaad-helesinine","status":"publish","type":"product","link":"https:\/\/baubauwall.com\/et\/toode\/kordusmustriga-tapeet-pileveserenaad-helesinine\/","title":{"rendered":"Pilveserenaad &#8211; helesinine"},"content":{"rendered":"<p data-start=\"0\" data-end=\"306\">M\u00f5ni p\u00e4ev on lihtsalt pilvede p\u00f5rnitsemiseks loodud \u2013 ja selle tapeediga on see t\u00e4iesti v\u00f5imalik. Helesiniste, pehmete pilvede muster tapeedil toob tuppa v\u00e4rskuse ja kerguse. Justkui oleks akna asemel avar vaade l\u00f5putusse taevasse!<\/p>\n<p data-start=\"308\" data-end=\"610\">Helesinine kordusmuster pilvedega loob kauni ja rahuliku r\u00fctmi, mis sobib nii magamistuppa, lastetuppa kui ka elutuppa \u2013 kuhu iganes soovid veidi avarust ning pilvede pehmust. Pehmed helesinised toonid m\u00f5juvad alati rahustavalt, aga samas ei ole sugugi igavad!<\/p>\n<p data-start=\"612\" data-end=\"840\" data-is-last-node=\"\">Ja nagu ikka \u2013 see tapeet on tr\u00fckitud keskkonnas\u00f5bralike v\u00e4rvidega hingavale, fliistapeedi materjalile. Ei mingeid m\u00fcrke, ei mingeid imelikke l\u00f5hnu \u2013 lihtsalt ilusad seinad ja head unen\u00e4od.<\/p>\n","protected":false},"excerpt":{"rendered":"<p>M\u00f5ni p\u00e4ev on lihtsalt pilvede p\u00f5rnitsemiseks loodud \u2013 ja selle tapeediga on see t\u00e4iesti v\u00f5imalik. Helesiniste, pehmete pilvede muster tapeedil toob tuppa v\u00e4rskuse ja kerguse. Justkui oleks akna asemel avar vaade l\u00f5putusse taevasse! Helesinine kordusmuster pilvedega loob kauni ja rahuliku r\u00fctmi, mis sobib nii magamistuppa, lastetuppa kui ka elutuppa \u2013 kuhu iganes soovid veidi avarust [&hellip;]<\/p>\n","protected":false},"featured_media":40961,"comment_status":"open","ping_status":"closed","template":"","meta":{"_acf_changed":false,"inline_featured_image":false},"product_brand":[],"product_cat":[386,395,396,267,273,413,400,583,465],"product_tag":[832],"class_list":{"0":"post-40970","1":"product","2":"type-product","3":"status-publish","4":"has-post-thumbnail","6":"product_cat-kordusmustriga-tapeedid","7":"product_cat-romantiline","8":"product_cat-skandinaavia","9":"product_cat-sinised-tapeedid","10":"product_cat-heledad-tapeedid","11":"product_cat-magamistoa-tapeedid","12":"product_cat-lastetoa-tapeedid","13":"product_cat-vesivarv","14":"product_cat-taevas-ja-pilved","15":"product_tag-kordusmustriga-tapeedid","16":"pa_designedby-baubauwall","18":"first","19":"instock","20":"taxable","21":"shipping-taxable","22":"purchasable","23":"product-type-simple"},"acf":[],"yoast_head":"<!-- This site is optimized with the Yoast SEO plugin v25.9 - https:\/\/yoast.com\/wordpress\/plugins\/seo\/ -->\n<title>Pilveserenaad - helesinine - BAUBAUWALL Wallpapers<\/title>\n<meta name=\"description\" content=\"Helesinine, pehmete pilvedega tapeet magamistuppa v\u00f5i lastetoa seinale. Pilved viivad m\u00f5tted lendu, seega pane see tapeet magamistoa v\u00f5i kodukontori seinale\" \/>\n<meta name=\"robots\" content=\"index, follow, max-snippet:-1, max-image-preview:large, max-video-preview:-1\" \/>\n<link rel=\"canonical\" href=\"https:\/\/baubauwall.com\/et\/toode\/kordusmustriga-tapeet-pileveserenaad-helesinine\/\" \/>\n<meta property=\"og:locale\" content=\"et_EE\" \/>\n<meta property=\"og:type\" content=\"article\" \/>\n<meta property=\"og:title\" content=\"Pilveserenaad - helesinine - BAUBAUWALL Wallpapers\" \/>\n<meta property=\"og:description\" content=\"Helesinine, pehmete pilvedega tapeet magamistuppa v\u00f5i lastetoa seinale. Pilved viivad m\u00f5tted lendu, seega pane see tapeet magamistoa v\u00f5i kodukontori seinale\" \/>\n<meta property=\"og:url\" content=\"https:\/\/baubauwall.com\/et\/toode\/kordusmustriga-tapeet-pileveserenaad-helesinine\/\" \/>\n<meta property=\"og:site_name\" content=\"BAUBAUWALL Wallpapers\" \/>\n<meta property=\"article:publisher\" content=\"https:\/\/www.facebook.com\/Baubauwall\" \/>\n<meta property=\"article:modified_time\" content=\"2025-02-19T15:10:32+00:00\" \/>\n<meta property=\"og:image\" content=\"https:\/\/baubauwall.com\/wp-content\/uploads\/2024\/11\/51100474_CloudSerenade-PowderBlue_Baubauwall_Wallpaper_room3.jpg\" \/>\n\t<meta property=\"og:image:width\" content=\"2397\" \/>\n\t<meta property=\"og:image:height\" content=\"1600\" \/>\n\t<meta property=\"og:image:type\" content=\"image\/jpeg\" \/>\n<meta name=\"twitter:card\" content=\"summary_large_image\" \/>\n<meta name=\"twitter:label1\" content=\"Est. reading time\" \/>\n\t<meta name=\"twitter:data1\" content=\"1 minut\" \/>\n<script type=\"application\/ld+json\" class=\"yoast-schema-graph\">{\"@context\":\"https:\/\/schema.org\",\"@graph\":[{\"@type\":\"WebPage\",\"@id\":\"https:\/\/baubauwall.com\/et\/toode\/kordusmustriga-tapeet-pileveserenaad-helesinine\/\",\"url\":\"https:\/\/baubauwall.com\/et\/toode\/kordusmustriga-tapeet-pileveserenaad-helesinine\/\",\"name\":\"Pilveserenaad - helesinine - BAUBAUWALL Wallpapers\",\"isPartOf\":{\"@id\":\"https:\/\/baubauwall.com\/et\/#website\"},\"primaryImageOfPage\":{\"@id\":\"https:\/\/baubauwall.com\/et\/toode\/kordusmustriga-tapeet-pileveserenaad-helesinine\/#primaryimage\"},\"image\":{\"@id\":\"https:\/\/baubauwall.com\/et\/toode\/kordusmustriga-tapeet-pileveserenaad-helesinine\/#primaryimage\"},\"thumbnailUrl\":\"https:\/\/baubauwall.com\/wp-content\/uploads\/2024\/11\/51100474_CloudSerenade-PowderBlue_Baubauwall_Wallpaper_room3.jpg\",\"datePublished\":\"2024-01-20T00:45:08+00:00\",\"dateModified\":\"2025-02-19T15:10:32+00:00\",\"description\":\"Helesinine, pehmete pilvedega tapeet magamistuppa v\u00f5i lastetoa seinale. Pilved viivad m\u00f5tted lendu, seega pane see tapeet magamistoa v\u00f5i kodukontori seinale\",\"breadcrumb\":{\"@id\":\"https:\/\/baubauwall.com\/et\/toode\/kordusmustriga-tapeet-pileveserenaad-helesinine\/#breadcrumb\"},\"inLanguage\":\"et\",\"potentialAction\":[{\"@type\":\"ReadAction\",\"target\":[\"https:\/\/baubauwall.com\/et\/toode\/kordusmustriga-tapeet-pileveserenaad-helesinine\/\"]}]},{\"@type\":\"ImageObject\",\"inLanguage\":\"et\",\"@id\":\"https:\/\/baubauwall.com\/et\/toode\/kordusmustriga-tapeet-pileveserenaad-helesinine\/#primaryimage\",\"url\":\"https:\/\/baubauwall.com\/wp-content\/uploads\/2024\/11\/51100474_CloudSerenade-PowderBlue_Baubauwall_Wallpaper_room3.jpg\",\"contentUrl\":\"https:\/\/baubauwall.com\/wp-content\/uploads\/2024\/11\/51100474_CloudSerenade-PowderBlue_Baubauwall_Wallpaper_room3.jpg\",\"width\":2397,\"height\":1600,\"caption\":\"Light blue wallpaper with clouds. Accent wall wallpaper\"},{\"@type\":\"BreadcrumbList\",\"@id\":\"https:\/\/baubauwall.com\/et\/toode\/kordusmustriga-tapeet-pileveserenaad-helesinine\/#breadcrumb\",\"itemListElement\":[{\"@type\":\"ListItem\",\"position\":1,\"name\":\"Koju\",\"item\":\"https:\/\/baubauwall.com\/et\/\"},{\"@type\":\"ListItem\",\"position\":2,\"name\":\"Tapeedid\",\"item\":\"https:\/\/baubauwall.com\/et\/tapeedid\/\"},{\"@type\":\"ListItem\",\"position\":3,\"name\":\"Pilveserenaad &#8211; helesinine\"}]},{\"@type\":\"WebSite\",\"@id\":\"https:\/\/baubauwall.com\/et\/#website\",\"url\":\"https:\/\/baubauwall.com\/et\/\",\"name\":\"BAUBAUWALL Wallpapers\",\"description\":\"Valmis paanides tapeet Eestist!\",\"publisher\":{\"@id\":\"https:\/\/baubauwall.com\/et\/#organization\"},\"potentialAction\":[{\"@type\":\"SearchAction\",\"target\":{\"@type\":\"EntryPoint\",\"urlTemplate\":\"https:\/\/baubauwall.com\/et\/?s={search_term_string}\"},\"query-input\":{\"@type\":\"PropertyValueSpecification\",\"valueRequired\":true,\"valueName\":\"search_term_string\"}}],\"inLanguage\":\"et\"},{\"@type\":\"Organization\",\"@id\":\"https:\/\/baubauwall.com\/et\/#organization\",\"name\":\"BAUBAUWALL Wallpapers\",\"url\":\"https:\/\/baubauwall.com\/et\/\",\"logo\":{\"@type\":\"ImageObject\",\"inLanguage\":\"et\",\"@id\":\"https:\/\/baubauwall.com\/et\/#\/schema\/logo\/image\/\",\"url\":\"https:\/\/baubauwall.com\/wp-content\/uploads\/2022\/03\/logo-horizontal.svg\",\"contentUrl\":\"https:\/\/baubauwall.com\/wp-content\/uploads\/2022\/03\/logo-horizontal.svg\",\"width\":\"1024\",\"height\":\"1024\",\"caption\":\"BAUBAUWALL Wallpapers\"},\"image\":{\"@id\":\"https:\/\/baubauwall.com\/et\/#\/schema\/logo\/image\/\"},\"sameAs\":[\"https:\/\/www.facebook.com\/Baubauwall\",\"https:\/\/www.instagram.com\/baubauwall\"]}]}<\/script>\n<!-- \/ Yoast SEO plugin. -->","yoast_head_json":{"title":"Pilveserenaad - helesinine - BAUBAUWALL Wallpapers","description":"Helesinine, pehmete pilvedega tapeet magamistuppa v\u00f5i lastetoa seinale. Pilved viivad m\u00f5tted lendu, seega pane see tapeet magamistoa v\u00f5i kodukontori seinale","robots":{"index":"index","follow":"follow","max-snippet":"max-snippet:-1","max-image-preview":"max-image-preview:large","max-video-preview":"max-video-preview:-1"},"canonical":"https:\/\/baubauwall.com\/et\/toode\/kordusmustriga-tapeet-pileveserenaad-helesinine\/","og_locale":"et_EE","og_type":"article","og_title":"Pilveserenaad - helesinine - BAUBAUWALL Wallpapers","og_description":"Helesinine, pehmete pilvedega tapeet magamistuppa v\u00f5i lastetoa seinale. Pilved viivad m\u00f5tted lendu, seega pane see tapeet magamistoa v\u00f5i kodukontori seinale","og_url":"https:\/\/baubauwall.com\/et\/toode\/kordusmustriga-tapeet-pileveserenaad-helesinine\/","og_site_name":"BAUBAUWALL Wallpapers","article_publisher":"https:\/\/www.facebook.com\/Baubauwall","article_modified_time":"2025-02-19T15:10:32+00:00","og_image":[{"width":2397,"height":1600,"url":"https:\/\/baubauwall.com\/wp-content\/uploads\/2024\/11\/51100474_CloudSerenade-PowderBlue_Baubauwall_Wallpaper_room3.jpg","type":"image\/jpeg"}],"twitter_card":"summary_large_image","twitter_misc":{"Est. reading time":"1 minut"},"schema":{"@context":"https:\/\/schema.org","@graph":[{"@type":"WebPage","@id":"https:\/\/baubauwall.com\/et\/toode\/kordusmustriga-tapeet-pileveserenaad-helesinine\/","url":"https:\/\/baubauwall.com\/et\/toode\/kordusmustriga-tapeet-pileveserenaad-helesinine\/","name":"Pilveserenaad - helesinine - BAUBAUWALL Wallpapers","isPartOf":{"@id":"https:\/\/baubauwall.com\/et\/#website"},"primaryImageOfPage":{"@id":"https:\/\/baubauwall.com\/et\/toode\/kordusmustriga-tapeet-pileveserenaad-helesinine\/#primaryimage"},"image":{"@id":"https:\/\/baubauwall.com\/et\/toode\/kordusmustriga-tapeet-pileveserenaad-helesinine\/#primaryimage"},"thumbnailUrl":"https:\/\/baubauwall.com\/wp-content\/uploads\/2024\/11\/51100474_CloudSerenade-PowderBlue_Baubauwall_Wallpaper_room3.jpg","datePublished":"2024-01-20T00:45:08+00:00","dateModified":"2025-02-19T15:10:32+00:00","description":"Helesinine, pehmete pilvedega tapeet magamistuppa v\u00f5i lastetoa seinale. Pilved viivad m\u00f5tted lendu, seega pane see tapeet magamistoa v\u00f5i kodukontori seinale","breadcrumb":{"@id":"https:\/\/baubauwall.com\/et\/toode\/kordusmustriga-tapeet-pileveserenaad-helesinine\/#breadcrumb"},"inLanguage":"et","potentialAction":[{"@type":"ReadAction","target":["https:\/\/baubauwall.com\/et\/toode\/kordusmustriga-tapeet-pileveserenaad-helesinine\/"]}]},{"@type":"ImageObject","inLanguage":"et","@id":"https:\/\/baubauwall.com\/et\/toode\/kordusmustriga-tapeet-pileveserenaad-helesinine\/#primaryimage","url":"https:\/\/baubauwall.com\/wp-content\/uploads\/2024\/11\/51100474_CloudSerenade-PowderBlue_Baubauwall_Wallpaper_room3.jpg","contentUrl":"https:\/\/baubauwall.com\/wp-content\/uploads\/2024\/11\/51100474_CloudSerenade-PowderBlue_Baubauwall_Wallpaper_room3.jpg","width":2397,"height":1600,"caption":"Light blue wallpaper with clouds. Accent wall wallpaper"},{"@type":"BreadcrumbList","@id":"https:\/\/baubauwall.com\/et\/toode\/kordusmustriga-tapeet-pileveserenaad-helesinine\/#breadcrumb","itemListElement":[{"@type":"ListItem","position":1,"name":"Koju","item":"https:\/\/baubauwall.com\/et\/"},{"@type":"ListItem","position":2,"name":"Tapeedid","item":"https:\/\/baubauwall.com\/et\/tapeedid\/"},{"@type":"ListItem","position":3,"name":"Pilveserenaad &#8211; helesinine"}]},{"@type":"WebSite","@id":"https:\/\/baubauwall.com\/et\/#website","url":"https:\/\/baubauwall.com\/et\/","name":"BAUBAUWALL Wallpapers","description":"Valmis paanides tapeet Eestist!","publisher":{"@id":"https:\/\/baubauwall.com\/et\/#organization"},"potentialAction":[{"@type":"SearchAction","target":{"@type":"EntryPoint","urlTemplate":"https:\/\/baubauwall.com\/et\/?s={search_term_string}"},"query-input":{"@type":"PropertyValueSpecification","valueRequired":true,"valueName":"search_term_string"}}],"inLanguage":"et"},{"@type":"Organization","@id":"https:\/\/baubauwall.com\/et\/#organization","name":"BAUBAUWALL Wallpapers","url":"https:\/\/baubauwall.com\/et\/","logo":{"@type":"ImageObject","inLanguage":"et","@id":"https:\/\/baubauwall.com\/et\/#\/schema\/logo\/image\/","url":"https:\/\/baubauwall.com\/wp-content\/uploads\/2022\/03\/logo-horizontal.svg","contentUrl":"https:\/\/baubauwall.com\/wp-content\/uploads\/2022\/03\/logo-horizontal.svg","width":"1024","height":"1024","caption":"BAUBAUWALL Wallpapers"},"image":{"@id":"https:\/\/baubauwall.com\/et\/#\/schema\/logo\/image\/"},"sameAs":["https:\/\/www.facebook.com\/Baubauwall","https:\/\/www.instagram.com\/baubauwall"]}]}},"jetpack_sharing_enabled":true,"_links":{"self":[{"href":"https:\/\/baubauwall.com\/et\/wp-json\/wp\/v2\/product\/40970","targetHints":{"allow":["GET"]}}],"collection":[{"href":"https:\/\/baubauwall.com\/et\/wp-json\/wp\/v2\/product"}],"about":[{"href":"https:\/\/baubauwall.com\/et\/wp-json\/wp\/v2\/types\/product"}],"replies":[{"embeddable":true,"href":"https:\/\/baubauwall.com\/et\/wp-json\/wp\/v2\/comments?post=40970"}],"wp:featuredmedia":[{"embeddable":true,"href":"https:\/\/baubauwall.com\/et\/wp-json\/wp\/v2\/media\/40961"}],"wp:attachment":[{"href":"https:\/\/baubauwall.com\/et\/wp-json\/wp\/v2\/media?parent=40970"}],"wp:term":[{"taxonomy":"product_brand","embeddable":true,"href":"https:\/\/baubauwall.com\/et\/wp-json\/wp\/v2\/product_brand?post=40970"},{"taxonomy":"product_cat","embeddable":true,"href":"https:\/\/baubauwall.com\/et\/wp-json\/wp\/v2\/product_cat?post=40970"},{"taxonomy":"product_tag","embeddable":true,"href":"https:\/\/baubauwall.com\/et\/wp-json\/wp\/v2\/product_tag?post=40970"}],"curies":[{"name":"wp","href":"https:\/\/api.w.org\/{rel}","templated":true}]}}