{"id":41394,"date":"2025-02-27T01:45:08","date_gmt":"2025-02-26T23:45:08","guid":{"rendered":"https:\/\/baubauwall.com\/product\/repeat-pattern-wallpaper-toile-light-blue\/"},"modified":"2025-02-27T14:07:15","modified_gmt":"2025-02-27T12:07:15","slug":"kordusmustriga-tapeet-toile-de-castlebird-helesinine","status":"publish","type":"product","link":"https:\/\/baubauwall.com\/et\/toode\/kordusmustriga-tapeet-toile-de-castlebird-helesinine\/","title":{"rendered":"Toile de Castlebird \u2013 helesinine"},"content":{"rendered":"<p>Sellelt Maison Castlebird kollektsiooni helesiniselt tapeedilt leiad br\u00e4ndi vapilinnu papagoi graatsiliselt poseerimas oma aias. Helesinine v\u00e4rvigamma on\u00a0<em>Toile\u00a0<\/em>stiilis tapeetide elegantne klassika!\u00a0 Ilus valik \u00fchele seinale aktsendiks v\u00f5i mitmele.<\/p>\n<p><em>Toile de Jouy<\/em>\u00a0tapeedi nimi on tuletatud kangast (<em>toile<\/em>\u00a0\u2013 pr k), millega kaeti ajalooliste losside seinu Prantsusmaal. Kangas p\u00e4rineb 18. sajandi Jouy\u2019 piirkonnast Prantsusmaal ja see oli tavaliselt dekoreeritud kahev\u00e4rviliste illustratsioonidega. Kuigi trendid tulevad ja l\u00e4hevad, on\u00a0<em>toile\u00a0<\/em>stiil j\u00e4\u00e4nud p\u00fcsima.<\/p>\n<p><a href=\"https:\/\/www.castlebirdrose.com\/\" target=\"_blank\" rel=\"noopener\">Maison Castlebird<\/a>\u00a0ainulaadsed mustrid on inspireeritud 19. sajandi Prantsuse kunstnike originaalloomingust, mis k\u00f5ik \u00a0kuuluvad br\u00e4ndi looja Aira Priksi erakogusse. Br\u00e4nd taaselustab m\u00f6\u00f6dunud sajandite kunstnike maale uuel v\u00e4ljundil \u2013 luksuslikul siidil. N\u00fc\u00fcd on needsamad maalide fragmendid j\u00f5udnud lisaks siidile ka tapeetidele kaunistamaks Sinu interj\u00f6\u00f6ri. Olgu Sinu sisustustiiliks luksuslik klassika v\u00f5i eklektika \u2013 need on tapeedid, mis ei l\u00e4he iialgi moest.<\/p>\n<p><strong>Nagu k\u00f5ik Baubauwalli kordusmustriga tapeedid ja pilttapeedid, on ka see imeilus disain tr\u00fckitud\u00a0<a href=\"https:\/\/baubauwall.com\/et\/keskkonnasobralikud-tapeedid\/\" target=\"_blank\" rel=\"noopener\">keskkonnas\u00f5bralike v\u00e4rvidega<\/a>, hingavale fliistapeedi materjalile, mis ei l\u00e4igi ja on lihtne paigaldada. Sinu uus tapeet tuleb valmis l\u00f5igatud ning nummerdatud paanides, mis on t\u00e4pselt nii k\u00f5rged, kui Sinu sein.<\/strong><\/p>\n","protected":false},"excerpt":{"rendered":"<p>Sellelt Maison Castlebird kollektsiooni helesiniselt tapeedilt leiad br\u00e4ndi vapilinnu papagoi graatsiliselt poseerimas oma aias. Helesinine v\u00e4rvigamma on\u00a0Toile\u00a0stiilis tapeetide elegantne klassika!\u00a0 Ilus valik \u00fchele seinale aktsendiks v\u00f5i mitmele. Toile de Jouy\u00a0tapeedi nimi on tuletatud kangast (toile\u00a0\u2013 pr k), millega kaeti ajalooliste losside seinu Prantsusmaal. Kangas p\u00e4rineb 18. sajandi Jouy\u2019 piirkonnast Prantsusmaal ja see oli tavaliselt dekoreeritud [&hellip;]<\/p>\n","protected":false},"featured_media":45244,"comment_status":"open","ping_status":"closed","template":"","meta":{"_acf_changed":false,"inline_featured_image":false},"product_brand":[],"product_cat":[710,386,395,398,388,267,273,410,752,413,414,415,416,402,699,254,257],"product_tag":[448,708],"class_list":{"0":"post-41394","1":"product","2":"type-product","3":"status-publish","4":"has-post-thumbnail","6":"product_cat-house-of-castlebird-rose-tapeedid","7":"product_cat-kordusmustriga-tapeedid","8":"product_cat-romantiline","9":"product_cat-toile-de-jouy-et","10":"product_cat-vintage-et","11":"product_cat-sinised-tapeedid","12":"product_cat-heledad-tapeedid","13":"product_cat-valge-tapeedid","14":"product_cat-avalik-ruum","15":"product_cat-magamistoa-tapeedid","16":"product_cat-soogitoa-tapeedid","17":"product_cat-kulalistetoa-tapeedid","18":"product_cat-esiku-tapeedid","19":"product_cat-elutoa-tapeedid","20":"product_cat-eesti-disain-tapeedid","21":"product_cat-loodus","22":"product_cat-linnud","23":"product_tag-kunst-et","24":"product_tag-castlebird-rose-et","25":"pa_designedby-castlebird-rose-murals-wallpapers","27":"first","28":"instock","29":"taxable","30":"shipping-taxable","31":"purchasable","32":"product-type-simple"},"acf":[],"yoast_head":"<!-- This site is optimized with the Yoast SEO plugin v25.9 - https:\/\/yoast.com\/wordpress\/plugins\/seo\/ -->\n<title>Toile de Jouy stiilis helesinine tapeet - BAUBAUWALL TAPEEDID<\/title>\n<meta name=\"description\" content=\"Maison Casltebird kollektsiooni helesinine kaunis tapeet. Toile de Jouy stiilis ajatu muster teeb tapeedi elegantse kodu lahutamatuks osaks!\" \/>\n<meta name=\"robots\" content=\"index, follow, max-snippet:-1, max-image-preview:large, max-video-preview:-1\" \/>\n<link rel=\"canonical\" href=\"https:\/\/baubauwall.com\/et\/toode\/kordusmustriga-tapeet-toile-de-castlebird-helesinine\/\" \/>\n<meta property=\"og:locale\" content=\"et_EE\" \/>\n<meta property=\"og:type\" content=\"article\" \/>\n<meta property=\"og:title\" content=\"BAUBAUWALL TAPEEDID\" \/>\n<meta property=\"og:description\" content=\"Toile de Castlebird \u2013 helesinine\" \/>\n<meta property=\"og:url\" content=\"https:\/\/baubauwall.com\/et\/toode\/kordusmustriga-tapeet-toile-de-castlebird-helesinine\/\" \/>\n<meta property=\"og:site_name\" content=\"BAUBAUWALL TAPEEDID\" \/>\n<meta property=\"article:publisher\" content=\"https:\/\/www.facebook.com\/Baubauwall\" \/>\n<meta property=\"article:modified_time\" content=\"2025-02-27T12:07:15+00:00\" \/>\n<meta property=\"og:image\" content=\"https:\/\/baubauwall.com\/wp-content\/uploads\/2025\/02\/51100475_ToileDeCastlebird-lightblue_Baubauwall_Wallpaper_room2.jpg\" \/>\n\t<meta property=\"og:image:width\" content=\"1067\" \/>\n\t<meta property=\"og:image:height\" content=\"1600\" \/>\n\t<meta property=\"og:image:type\" content=\"image\/jpeg\" \/>\n<meta name=\"twitter:card\" content=\"summary_large_image\" \/>\n<meta name=\"twitter:label1\" content=\"Est. reading time\" \/>\n\t<meta name=\"twitter:data1\" content=\"1 minut\" \/>\n<script type=\"application\/ld+json\" class=\"yoast-schema-graph\">{\"@context\":\"https:\/\/schema.org\",\"@graph\":[{\"@type\":\"WebPage\",\"@id\":\"https:\/\/baubauwall.com\/et\/toode\/kordusmustriga-tapeet-toile-de-castlebird-helesinine\/\",\"url\":\"https:\/\/baubauwall.com\/et\/toode\/kordusmustriga-tapeet-toile-de-castlebird-helesinine\/\",\"name\":\"Toile de Jouy stiilis helesinine tapeet - BAUBAUWALL TAPEEDID\",\"isPartOf\":{\"@id\":\"https:\/\/baubauwall.com\/et\/#website\"},\"primaryImageOfPage\":{\"@id\":\"https:\/\/baubauwall.com\/et\/toode\/kordusmustriga-tapeet-toile-de-castlebird-helesinine\/#primaryimage\"},\"image\":{\"@id\":\"https:\/\/baubauwall.com\/et\/toode\/kordusmustriga-tapeet-toile-de-castlebird-helesinine\/#primaryimage\"},\"thumbnailUrl\":\"https:\/\/baubauwall.com\/wp-content\/uploads\/2025\/02\/luxury_wallpapers_maison_castlebird_bauba-10.jpg\",\"datePublished\":\"2025-02-26T23:45:08+00:00\",\"dateModified\":\"2025-02-27T12:07:15+00:00\",\"description\":\"Maison Casltebird kollektsiooni helesinine kaunis tapeet. Toile de Jouy stiilis ajatu muster teeb tapeedi elegantse kodu lahutamatuks osaks!\",\"breadcrumb\":{\"@id\":\"https:\/\/baubauwall.com\/et\/toode\/kordusmustriga-tapeet-toile-de-castlebird-helesinine\/#breadcrumb\"},\"inLanguage\":\"et\",\"potentialAction\":[{\"@type\":\"ReadAction\",\"target\":[\"https:\/\/baubauwall.com\/et\/toode\/kordusmustriga-tapeet-toile-de-castlebird-helesinine\/\"]}]},{\"@type\":\"ImageObject\",\"inLanguage\":\"et\",\"@id\":\"https:\/\/baubauwall.com\/et\/toode\/kordusmustriga-tapeet-toile-de-castlebird-helesinine\/#primaryimage\",\"url\":\"https:\/\/baubauwall.com\/wp-content\/uploads\/2025\/02\/luxury_wallpapers_maison_castlebird_bauba-10.jpg\",\"contentUrl\":\"https:\/\/baubauwall.com\/wp-content\/uploads\/2025\/02\/luxury_wallpapers_maison_castlebird_bauba-10.jpg\",\"width\":1250,\"height\":882,\"caption\":\"luxury wallpaper repeat pattern for walls\"},{\"@type\":\"BreadcrumbList\",\"@id\":\"https:\/\/baubauwall.com\/et\/toode\/kordusmustriga-tapeet-toile-de-castlebird-helesinine\/#breadcrumb\",\"itemListElement\":[{\"@type\":\"ListItem\",\"position\":1,\"name\":\"Koju\",\"item\":\"https:\/\/baubauwall.com\/et\/\"},{\"@type\":\"ListItem\",\"position\":2,\"name\":\"Tapeedid\",\"item\":\"https:\/\/baubauwall.com\/et\/tapeedid\/\"},{\"@type\":\"ListItem\",\"position\":3,\"name\":\"Toile de Castlebird \u2013 helesinine\"}]},{\"@type\":\"WebSite\",\"@id\":\"https:\/\/baubauwall.com\/et\/#website\",\"url\":\"https:\/\/baubauwall.com\/et\/\",\"name\":\"BAUBAUWALL Wallpapers\",\"description\":\"Valmis paanides tapeet Eestist!\",\"publisher\":{\"@id\":\"https:\/\/baubauwall.com\/et\/#organization\"},\"potentialAction\":[{\"@type\":\"SearchAction\",\"target\":{\"@type\":\"EntryPoint\",\"urlTemplate\":\"https:\/\/baubauwall.com\/et\/?s={search_term_string}\"},\"query-input\":{\"@type\":\"PropertyValueSpecification\",\"valueRequired\":true,\"valueName\":\"search_term_string\"}}],\"inLanguage\":\"et\"},{\"@type\":\"Organization\",\"@id\":\"https:\/\/baubauwall.com\/et\/#organization\",\"name\":\"BAUBAUWALL Wallpapers\",\"url\":\"https:\/\/baubauwall.com\/et\/\",\"logo\":{\"@type\":\"ImageObject\",\"inLanguage\":\"et\",\"@id\":\"https:\/\/baubauwall.com\/et\/#\/schema\/logo\/image\/\",\"url\":\"https:\/\/baubauwall.com\/wp-content\/uploads\/2022\/03\/logo-horizontal.svg\",\"contentUrl\":\"https:\/\/baubauwall.com\/wp-content\/uploads\/2022\/03\/logo-horizontal.svg\",\"width\":\"1024\",\"height\":\"1024\",\"caption\":\"BAUBAUWALL Wallpapers\"},\"image\":{\"@id\":\"https:\/\/baubauwall.com\/et\/#\/schema\/logo\/image\/\"},\"sameAs\":[\"https:\/\/www.facebook.com\/Baubauwall\",\"https:\/\/www.instagram.com\/baubauwall\"]}]}<\/script>\n<!-- \/ Yoast SEO plugin. -->","yoast_head_json":{"title":"Toile de Jouy stiilis helesinine tapeet - BAUBAUWALL TAPEEDID","description":"Maison Casltebird kollektsiooni helesinine kaunis tapeet. Toile de Jouy stiilis ajatu muster teeb tapeedi elegantse kodu lahutamatuks osaks!","robots":{"index":"index","follow":"follow","max-snippet":"max-snippet:-1","max-image-preview":"max-image-preview:large","max-video-preview":"max-video-preview:-1"},"canonical":"https:\/\/baubauwall.com\/et\/toode\/kordusmustriga-tapeet-toile-de-castlebird-helesinine\/","og_locale":"et_EE","og_type":"article","og_title":"BAUBAUWALL TAPEEDID","og_description":"Toile de Castlebird \u2013 helesinine","og_url":"https:\/\/baubauwall.com\/et\/toode\/kordusmustriga-tapeet-toile-de-castlebird-helesinine\/","og_site_name":"BAUBAUWALL TAPEEDID","article_publisher":"https:\/\/www.facebook.com\/Baubauwall","article_modified_time":"2025-02-27T12:07:15+00:00","og_image":[{"width":1067,"height":1600,"url":"https:\/\/baubauwall.com\/wp-content\/uploads\/2025\/02\/51100475_ToileDeCastlebird-lightblue_Baubauwall_Wallpaper_room2.jpg","type":"image\/jpeg"}],"twitter_card":"summary_large_image","twitter_misc":{"Est. reading time":"1 minut"},"schema":{"@context":"https:\/\/schema.org","@graph":[{"@type":"WebPage","@id":"https:\/\/baubauwall.com\/et\/toode\/kordusmustriga-tapeet-toile-de-castlebird-helesinine\/","url":"https:\/\/baubauwall.com\/et\/toode\/kordusmustriga-tapeet-toile-de-castlebird-helesinine\/","name":"Toile de Jouy stiilis helesinine tapeet - BAUBAUWALL TAPEEDID","isPartOf":{"@id":"https:\/\/baubauwall.com\/et\/#website"},"primaryImageOfPage":{"@id":"https:\/\/baubauwall.com\/et\/toode\/kordusmustriga-tapeet-toile-de-castlebird-helesinine\/#primaryimage"},"image":{"@id":"https:\/\/baubauwall.com\/et\/toode\/kordusmustriga-tapeet-toile-de-castlebird-helesinine\/#primaryimage"},"thumbnailUrl":"https:\/\/baubauwall.com\/wp-content\/uploads\/2025\/02\/luxury_wallpapers_maison_castlebird_bauba-10.jpg","datePublished":"2025-02-26T23:45:08+00:00","dateModified":"2025-02-27T12:07:15+00:00","description":"Maison Casltebird kollektsiooni helesinine kaunis tapeet. Toile de Jouy stiilis ajatu muster teeb tapeedi elegantse kodu lahutamatuks osaks!","breadcrumb":{"@id":"https:\/\/baubauwall.com\/et\/toode\/kordusmustriga-tapeet-toile-de-castlebird-helesinine\/#breadcrumb"},"inLanguage":"et","potentialAction":[{"@type":"ReadAction","target":["https:\/\/baubauwall.com\/et\/toode\/kordusmustriga-tapeet-toile-de-castlebird-helesinine\/"]}]},{"@type":"ImageObject","inLanguage":"et","@id":"https:\/\/baubauwall.com\/et\/toode\/kordusmustriga-tapeet-toile-de-castlebird-helesinine\/#primaryimage","url":"https:\/\/baubauwall.com\/wp-content\/uploads\/2025\/02\/luxury_wallpapers_maison_castlebird_bauba-10.jpg","contentUrl":"https:\/\/baubauwall.com\/wp-content\/uploads\/2025\/02\/luxury_wallpapers_maison_castlebird_bauba-10.jpg","width":1250,"height":882,"caption":"luxury wallpaper repeat pattern for walls"},{"@type":"BreadcrumbList","@id":"https:\/\/baubauwall.com\/et\/toode\/kordusmustriga-tapeet-toile-de-castlebird-helesinine\/#breadcrumb","itemListElement":[{"@type":"ListItem","position":1,"name":"Koju","item":"https:\/\/baubauwall.com\/et\/"},{"@type":"ListItem","position":2,"name":"Tapeedid","item":"https:\/\/baubauwall.com\/et\/tapeedid\/"},{"@type":"ListItem","position":3,"name":"Toile de Castlebird \u2013 helesinine"}]},{"@type":"WebSite","@id":"https:\/\/baubauwall.com\/et\/#website","url":"https:\/\/baubauwall.com\/et\/","name":"BAUBAUWALL Wallpapers","description":"Valmis paanides tapeet Eestist!","publisher":{"@id":"https:\/\/baubauwall.com\/et\/#organization"},"potentialAction":[{"@type":"SearchAction","target":{"@type":"EntryPoint","urlTemplate":"https:\/\/baubauwall.com\/et\/?s={search_term_string}"},"query-input":{"@type":"PropertyValueSpecification","valueRequired":true,"valueName":"search_term_string"}}],"inLanguage":"et"},{"@type":"Organization","@id":"https:\/\/baubauwall.com\/et\/#organization","name":"BAUBAUWALL Wallpapers","url":"https:\/\/baubauwall.com\/et\/","logo":{"@type":"ImageObject","inLanguage":"et","@id":"https:\/\/baubauwall.com\/et\/#\/schema\/logo\/image\/","url":"https:\/\/baubauwall.com\/wp-content\/uploads\/2022\/03\/logo-horizontal.svg","contentUrl":"https:\/\/baubauwall.com\/wp-content\/uploads\/2022\/03\/logo-horizontal.svg","width":"1024","height":"1024","caption":"BAUBAUWALL Wallpapers"},"image":{"@id":"https:\/\/baubauwall.com\/et\/#\/schema\/logo\/image\/"},"sameAs":["https:\/\/www.facebook.com\/Baubauwall","https:\/\/www.instagram.com\/baubauwall"]}]}},"jetpack_sharing_enabled":true,"_links":{"self":[{"href":"https:\/\/baubauwall.com\/et\/wp-json\/wp\/v2\/product\/41394","targetHints":{"allow":["GET"]}}],"collection":[{"href":"https:\/\/baubauwall.com\/et\/wp-json\/wp\/v2\/product"}],"about":[{"href":"https:\/\/baubauwall.com\/et\/wp-json\/wp\/v2\/types\/product"}],"replies":[{"embeddable":true,"href":"https:\/\/baubauwall.com\/et\/wp-json\/wp\/v2\/comments?post=41394"}],"wp:featuredmedia":[{"embeddable":true,"href":"https:\/\/baubauwall.com\/et\/wp-json\/wp\/v2\/media\/45244"}],"wp:attachment":[{"href":"https:\/\/baubauwall.com\/et\/wp-json\/wp\/v2\/media?parent=41394"}],"wp:term":[{"taxonomy":"product_brand","embeddable":true,"href":"https:\/\/baubauwall.com\/et\/wp-json\/wp\/v2\/product_brand?post=41394"},{"taxonomy":"product_cat","embeddable":true,"href":"https:\/\/baubauwall.com\/et\/wp-json\/wp\/v2\/product_cat?post=41394"},{"taxonomy":"product_tag","embeddable":true,"href":"https:\/\/baubauwall.com\/et\/wp-json\/wp\/v2\/product_tag?post=41394"}],"curies":[{"name":"wp","href":"https:\/\/api.w.org\/{rel}","templated":true}]}}