{"id":41591,"date":"2025-03-07T02:45:09","date_gmt":"2025-03-07T00:45:09","guid":{"rendered":"https:\/\/baubauwall.com\/product\/repeat-pattern-wallpaper-lagoon-whispering-nymphs\/"},"modified":"2025-03-07T15:08:35","modified_gmt":"2025-03-07T13:08:35","slug":"kordusmustriga-tapeet-sosistavad-numfid","status":"publish","type":"product","link":"https:\/\/baubauwall.com\/et\/toode\/kordusmustriga-tapeet-sosistavad-numfid\/","title":{"rendered":"Sosistavad n\u00fcmfid"},"content":{"rendered":"<p data-start=\"102\" data-end=\"191\">Kordusmustriga tapeet eklektilistesse interj\u00f6\u00f6ridesse!\u00a0 Tapeet Sosistavad n\u00fcmfid kutsub Sind unen\u00e4gude maailma, kus p\u00f5imuvad m\u00fctoloogia ja loodus. Tapeedi detailirohke disain kujutab kauneid n\u00fcmfe \u00f5itsevate vesiroosidega salap\u00e4rases tumedas vees.<\/p>\n<p data-start=\"556\" data-end=\"746\">Ideaalne tapeet Sulle, kes armastavad eklektilist ja isikup\u00e4rast interj\u00f6\u00f6ri. Tapeedi sellega m\u00f5ni v\u00e4iksem nurk v\u00f5i kasuta \u00fchel seinal magamistoas v\u00f5i elutoas.<\/p>\n<p><strong>Miks osta tapeet siit? Tapeetimine pole kunagi nii lihtne olnud!<\/strong><\/p>\n<ul>\n<li>Eesti disain<\/li>\n<li>Nummerdatud tapeedipaanid<\/li>\n<li>Just nii pikad tapeedipaanid, kui on Sinu sein<\/li>\n<li>Premium, matt fliistapeedi materjal<\/li>\n<li>M\u00fcrgivabad tr\u00fckiv\u00e4rvid, Greenguard sertifitseeritud<\/li>\n<li>Keskkonnas\u00f5bralik, j\u00e4\u00e4tmevaba tapeetimine<\/li>\n<li>Tasuta tapeediliim<\/li>\n<li>Tasuta transport ja kiire tarne 5 t\u00f6\u00f6p\u00e4evaga<\/li>\n<\/ul>\n<p>Loe l\u00e4hemalt nutikatest, eritellimust\u00f6\u00f6na valmivatest tapeetidest\u00a0<a href=\"https:\/\/baubauwall.com\/et\/keskkonnasobralikud-tapeedid\/\">siit.<\/a><\/p>\n","protected":false},"excerpt":{"rendered":"<p>Kordusmustriga tapeet eklektilistesse interj\u00f6\u00f6ridesse!\u00a0 Tapeet Sosistavad n\u00fcmfid kutsub Sind unen\u00e4gude maailma, kus p\u00f5imuvad m\u00fctoloogia ja loodus. Tapeedi detailirohke disain kujutab kauneid n\u00fcmfe \u00f5itsevate vesiroosidega salap\u00e4rases tumedas vees. Ideaalne tapeet Sulle, kes armastavad eklektilist ja isikup\u00e4rast interj\u00f6\u00f6ri. Tapeedi sellega m\u00f5ni v\u00e4iksem nurk v\u00f5i kasuta \u00fchel seinal magamistoas v\u00f5i elutoas. Miks osta tapeet siit? Tapeetimine pole kunagi [&hellip;]<\/p>\n","protected":false},"featured_media":41583,"comment_status":"open","ping_status":"closed","template":"","meta":{"_acf_changed":false,"inline_featured_image":false},"product_brand":[],"product_cat":[386,395,447,394,393,388,266,270,752,413,402,412,253,259,260],"product_tag":[],"class_list":{"0":"post-41591","1":"product","2":"type-product","3":"status-publish","4":"has-post-thumbnail","6":"product_cat-kordusmustriga-tapeedid","7":"product_cat-romantiline","8":"product_cat-maksimalistlik-et","9":"product_cat-rikkalik","10":"product_cat-idamaine","11":"product_cat-vintage-et","12":"product_cat-mustad-tapeedid","13":"product_cat-tumedad-tapeedid","14":"product_cat-avalik-ruum","15":"product_cat-magamistoa-tapeedid","16":"product_cat-elutoa-tapeedid","17":"product_cat-vannitoa-tapeedid","18":"product_cat-joed-jarved","19":"product_cat-kalad-veealune-maailm","20":"product_cat-lilled","21":"pa_designedby-triinu-silla","23":"first","24":"instock","25":"taxable","26":"shipping-taxable","27":"purchasable","28":"product-type-simple"},"acf":[],"yoast_head":"<!-- This site is optimized with the Yoast SEO plugin v25.9 - https:\/\/yoast.com\/wordpress\/plugins\/seo\/ -->\n<title>Eklektiline ja elegantne tapeet - Sosistavad n\u00fcmfid<\/title>\n<meta name=\"description\" content=\"Rikkalik, eklektilise stiiliga tapeet t\u00e4is n\u00fcmfe ja vesiroose! Tume tapeet, millega tapeetida v\u00e4iksem sein v\u00f5i pisem ruum - tualett n\u00e4iteks!\" \/>\n<meta name=\"robots\" content=\"index, follow, max-snippet:-1, max-image-preview:large, max-video-preview:-1\" \/>\n<link rel=\"canonical\" href=\"https:\/\/baubauwall.com\/et\/toode\/kordusmustriga-tapeet-sosistavad-numfid\/\" \/>\n<meta property=\"og:locale\" content=\"et_EE\" \/>\n<meta property=\"og:type\" content=\"article\" \/>\n<meta property=\"og:title\" content=\"Eklektiline ja elegantne tapeet - Sosistavad n\u00fcmfid\" \/>\n<meta property=\"og:description\" content=\"Rikkalik, eklektilise stiiliga tapeet t\u00e4is n\u00fcmfe ja vesiroose! Tume tapeet, millega tapeetida v\u00e4iksem sein v\u00f5i pisem ruum - tualett n\u00e4iteks!\" \/>\n<meta property=\"og:url\" content=\"https:\/\/baubauwall.com\/et\/toode\/kordusmustriga-tapeet-sosistavad-numfid\/\" \/>\n<meta property=\"og:site_name\" content=\"BAUBAUWALL TAPEEDID\" \/>\n<meta property=\"article:publisher\" content=\"https:\/\/www.facebook.com\/Baubauwall\" \/>\n<meta property=\"article:modified_time\" content=\"2025-03-07T13:08:35+00:00\" \/>\n<meta property=\"og:image\" content=\"https:\/\/baubauwall.com\/wp-content\/uploads\/2024\/11\/51100479_LagoonofWhisperingNymphs_Baubauwall_Wallpaper_room2.jpg\" \/>\n\t<meta property=\"og:image:width\" content=\"1894\" \/>\n\t<meta property=\"og:image:height\" content=\"1600\" \/>\n\t<meta property=\"og:image:type\" content=\"image\/jpeg\" \/>\n<meta name=\"twitter:card\" content=\"summary_large_image\" \/>\n<meta name=\"twitter:label1\" content=\"Est. reading time\" \/>\n\t<meta name=\"twitter:data1\" content=\"1 minut\" \/>\n<script type=\"application\/ld+json\" class=\"yoast-schema-graph\">{\"@context\":\"https:\/\/schema.org\",\"@graph\":[{\"@type\":\"WebPage\",\"@id\":\"https:\/\/baubauwall.com\/et\/toode\/kordusmustriga-tapeet-sosistavad-numfid\/\",\"url\":\"https:\/\/baubauwall.com\/et\/toode\/kordusmustriga-tapeet-sosistavad-numfid\/\",\"name\":\"Eklektiline ja elegantne tapeet - Sosistavad n\u00fcmfid\",\"isPartOf\":{\"@id\":\"https:\/\/baubauwall.com\/et\/#website\"},\"primaryImageOfPage\":{\"@id\":\"https:\/\/baubauwall.com\/et\/toode\/kordusmustriga-tapeet-sosistavad-numfid\/#primaryimage\"},\"image\":{\"@id\":\"https:\/\/baubauwall.com\/et\/toode\/kordusmustriga-tapeet-sosistavad-numfid\/#primaryimage\"},\"thumbnailUrl\":\"https:\/\/baubauwall.com\/wp-content\/uploads\/2024\/11\/51100479_LagoonofWhisperingNymphs_Baubauwall_Wallpaper_room2.jpg\",\"datePublished\":\"2025-03-07T00:45:09+00:00\",\"dateModified\":\"2025-03-07T13:08:35+00:00\",\"description\":\"Rikkalik, eklektilise stiiliga tapeet t\u00e4is n\u00fcmfe ja vesiroose! Tume tapeet, millega tapeetida v\u00e4iksem sein v\u00f5i pisem ruum - tualett n\u00e4iteks!\",\"breadcrumb\":{\"@id\":\"https:\/\/baubauwall.com\/et\/toode\/kordusmustriga-tapeet-sosistavad-numfid\/#breadcrumb\"},\"inLanguage\":\"et\",\"potentialAction\":[{\"@type\":\"ReadAction\",\"target\":[\"https:\/\/baubauwall.com\/et\/toode\/kordusmustriga-tapeet-sosistavad-numfid\/\"]}]},{\"@type\":\"ImageObject\",\"inLanguage\":\"et\",\"@id\":\"https:\/\/baubauwall.com\/et\/toode\/kordusmustriga-tapeet-sosistavad-numfid\/#primaryimage\",\"url\":\"https:\/\/baubauwall.com\/wp-content\/uploads\/2024\/11\/51100479_LagoonofWhisperingNymphs_Baubauwall_Wallpaper_room2.jpg\",\"contentUrl\":\"https:\/\/baubauwall.com\/wp-content\/uploads\/2024\/11\/51100479_LagoonofWhisperingNymphs_Baubauwall_Wallpaper_room2.jpg\",\"width\":1894,\"height\":1600,\"caption\":\"Tume tapeet antiikse peegliga seinal. baubauwall tapeedipood\"},{\"@type\":\"BreadcrumbList\",\"@id\":\"https:\/\/baubauwall.com\/et\/toode\/kordusmustriga-tapeet-sosistavad-numfid\/#breadcrumb\",\"itemListElement\":[{\"@type\":\"ListItem\",\"position\":1,\"name\":\"Koju\",\"item\":\"https:\/\/baubauwall.com\/et\/\"},{\"@type\":\"ListItem\",\"position\":2,\"name\":\"Tapeedid\",\"item\":\"https:\/\/baubauwall.com\/et\/tapeedid\/\"},{\"@type\":\"ListItem\",\"position\":3,\"name\":\"Sosistavad n\u00fcmfid\"}]},{\"@type\":\"WebSite\",\"@id\":\"https:\/\/baubauwall.com\/et\/#website\",\"url\":\"https:\/\/baubauwall.com\/et\/\",\"name\":\"BAUBAUWALL Wallpapers\",\"description\":\"Valmis paanides tapeet Eestist!\",\"publisher\":{\"@id\":\"https:\/\/baubauwall.com\/et\/#organization\"},\"potentialAction\":[{\"@type\":\"SearchAction\",\"target\":{\"@type\":\"EntryPoint\",\"urlTemplate\":\"https:\/\/baubauwall.com\/et\/?s={search_term_string}\"},\"query-input\":{\"@type\":\"PropertyValueSpecification\",\"valueRequired\":true,\"valueName\":\"search_term_string\"}}],\"inLanguage\":\"et\"},{\"@type\":\"Organization\",\"@id\":\"https:\/\/baubauwall.com\/et\/#organization\",\"name\":\"BAUBAUWALL Wallpapers\",\"url\":\"https:\/\/baubauwall.com\/et\/\",\"logo\":{\"@type\":\"ImageObject\",\"inLanguage\":\"et\",\"@id\":\"https:\/\/baubauwall.com\/et\/#\/schema\/logo\/image\/\",\"url\":\"https:\/\/baubauwall.com\/wp-content\/uploads\/2022\/03\/logo-horizontal.svg\",\"contentUrl\":\"https:\/\/baubauwall.com\/wp-content\/uploads\/2022\/03\/logo-horizontal.svg\",\"width\":\"1024\",\"height\":\"1024\",\"caption\":\"BAUBAUWALL Wallpapers\"},\"image\":{\"@id\":\"https:\/\/baubauwall.com\/et\/#\/schema\/logo\/image\/\"},\"sameAs\":[\"https:\/\/www.facebook.com\/Baubauwall\",\"https:\/\/www.instagram.com\/baubauwall\"]}]}<\/script>\n<!-- \/ Yoast SEO plugin. -->","yoast_head_json":{"title":"Eklektiline ja elegantne tapeet - Sosistavad n\u00fcmfid","description":"Rikkalik, eklektilise stiiliga tapeet t\u00e4is n\u00fcmfe ja vesiroose! Tume tapeet, millega tapeetida v\u00e4iksem sein v\u00f5i pisem ruum - tualett n\u00e4iteks!","robots":{"index":"index","follow":"follow","max-snippet":"max-snippet:-1","max-image-preview":"max-image-preview:large","max-video-preview":"max-video-preview:-1"},"canonical":"https:\/\/baubauwall.com\/et\/toode\/kordusmustriga-tapeet-sosistavad-numfid\/","og_locale":"et_EE","og_type":"article","og_title":"Eklektiline ja elegantne tapeet - Sosistavad n\u00fcmfid","og_description":"Rikkalik, eklektilise stiiliga tapeet t\u00e4is n\u00fcmfe ja vesiroose! Tume tapeet, millega tapeetida v\u00e4iksem sein v\u00f5i pisem ruum - tualett n\u00e4iteks!","og_url":"https:\/\/baubauwall.com\/et\/toode\/kordusmustriga-tapeet-sosistavad-numfid\/","og_site_name":"BAUBAUWALL TAPEEDID","article_publisher":"https:\/\/www.facebook.com\/Baubauwall","article_modified_time":"2025-03-07T13:08:35+00:00","og_image":[{"width":1894,"height":1600,"url":"https:\/\/baubauwall.com\/wp-content\/uploads\/2024\/11\/51100479_LagoonofWhisperingNymphs_Baubauwall_Wallpaper_room2.jpg","type":"image\/jpeg"}],"twitter_card":"summary_large_image","twitter_misc":{"Est. reading time":"1 minut"},"schema":{"@context":"https:\/\/schema.org","@graph":[{"@type":"WebPage","@id":"https:\/\/baubauwall.com\/et\/toode\/kordusmustriga-tapeet-sosistavad-numfid\/","url":"https:\/\/baubauwall.com\/et\/toode\/kordusmustriga-tapeet-sosistavad-numfid\/","name":"Eklektiline ja elegantne tapeet - Sosistavad n\u00fcmfid","isPartOf":{"@id":"https:\/\/baubauwall.com\/et\/#website"},"primaryImageOfPage":{"@id":"https:\/\/baubauwall.com\/et\/toode\/kordusmustriga-tapeet-sosistavad-numfid\/#primaryimage"},"image":{"@id":"https:\/\/baubauwall.com\/et\/toode\/kordusmustriga-tapeet-sosistavad-numfid\/#primaryimage"},"thumbnailUrl":"https:\/\/baubauwall.com\/wp-content\/uploads\/2024\/11\/51100479_LagoonofWhisperingNymphs_Baubauwall_Wallpaper_room2.jpg","datePublished":"2025-03-07T00:45:09+00:00","dateModified":"2025-03-07T13:08:35+00:00","description":"Rikkalik, eklektilise stiiliga tapeet t\u00e4is n\u00fcmfe ja vesiroose! Tume tapeet, millega tapeetida v\u00e4iksem sein v\u00f5i pisem ruum - tualett n\u00e4iteks!","breadcrumb":{"@id":"https:\/\/baubauwall.com\/et\/toode\/kordusmustriga-tapeet-sosistavad-numfid\/#breadcrumb"},"inLanguage":"et","potentialAction":[{"@type":"ReadAction","target":["https:\/\/baubauwall.com\/et\/toode\/kordusmustriga-tapeet-sosistavad-numfid\/"]}]},{"@type":"ImageObject","inLanguage":"et","@id":"https:\/\/baubauwall.com\/et\/toode\/kordusmustriga-tapeet-sosistavad-numfid\/#primaryimage","url":"https:\/\/baubauwall.com\/wp-content\/uploads\/2024\/11\/51100479_LagoonofWhisperingNymphs_Baubauwall_Wallpaper_room2.jpg","contentUrl":"https:\/\/baubauwall.com\/wp-content\/uploads\/2024\/11\/51100479_LagoonofWhisperingNymphs_Baubauwall_Wallpaper_room2.jpg","width":1894,"height":1600,"caption":"Tume tapeet antiikse peegliga seinal. baubauwall tapeedipood"},{"@type":"BreadcrumbList","@id":"https:\/\/baubauwall.com\/et\/toode\/kordusmustriga-tapeet-sosistavad-numfid\/#breadcrumb","itemListElement":[{"@type":"ListItem","position":1,"name":"Koju","item":"https:\/\/baubauwall.com\/et\/"},{"@type":"ListItem","position":2,"name":"Tapeedid","item":"https:\/\/baubauwall.com\/et\/tapeedid\/"},{"@type":"ListItem","position":3,"name":"Sosistavad n\u00fcmfid"}]},{"@type":"WebSite","@id":"https:\/\/baubauwall.com\/et\/#website","url":"https:\/\/baubauwall.com\/et\/","name":"BAUBAUWALL Wallpapers","description":"Valmis paanides tapeet Eestist!","publisher":{"@id":"https:\/\/baubauwall.com\/et\/#organization"},"potentialAction":[{"@type":"SearchAction","target":{"@type":"EntryPoint","urlTemplate":"https:\/\/baubauwall.com\/et\/?s={search_term_string}"},"query-input":{"@type":"PropertyValueSpecification","valueRequired":true,"valueName":"search_term_string"}}],"inLanguage":"et"},{"@type":"Organization","@id":"https:\/\/baubauwall.com\/et\/#organization","name":"BAUBAUWALL Wallpapers","url":"https:\/\/baubauwall.com\/et\/","logo":{"@type":"ImageObject","inLanguage":"et","@id":"https:\/\/baubauwall.com\/et\/#\/schema\/logo\/image\/","url":"https:\/\/baubauwall.com\/wp-content\/uploads\/2022\/03\/logo-horizontal.svg","contentUrl":"https:\/\/baubauwall.com\/wp-content\/uploads\/2022\/03\/logo-horizontal.svg","width":"1024","height":"1024","caption":"BAUBAUWALL Wallpapers"},"image":{"@id":"https:\/\/baubauwall.com\/et\/#\/schema\/logo\/image\/"},"sameAs":["https:\/\/www.facebook.com\/Baubauwall","https:\/\/www.instagram.com\/baubauwall"]}]}},"jetpack_sharing_enabled":true,"_links":{"self":[{"href":"https:\/\/baubauwall.com\/et\/wp-json\/wp\/v2\/product\/41591","targetHints":{"allow":["GET"]}}],"collection":[{"href":"https:\/\/baubauwall.com\/et\/wp-json\/wp\/v2\/product"}],"about":[{"href":"https:\/\/baubauwall.com\/et\/wp-json\/wp\/v2\/types\/product"}],"replies":[{"embeddable":true,"href":"https:\/\/baubauwall.com\/et\/wp-json\/wp\/v2\/comments?post=41591"}],"wp:featuredmedia":[{"embeddable":true,"href":"https:\/\/baubauwall.com\/et\/wp-json\/wp\/v2\/media\/41583"}],"wp:attachment":[{"href":"https:\/\/baubauwall.com\/et\/wp-json\/wp\/v2\/media?parent=41591"}],"wp:term":[{"taxonomy":"product_brand","embeddable":true,"href":"https:\/\/baubauwall.com\/et\/wp-json\/wp\/v2\/product_brand?post=41591"},{"taxonomy":"product_cat","embeddable":true,"href":"https:\/\/baubauwall.com\/et\/wp-json\/wp\/v2\/product_cat?post=41591"},{"taxonomy":"product_tag","embeddable":true,"href":"https:\/\/baubauwall.com\/et\/wp-json\/wp\/v2\/product_tag?post=41591"}],"curies":[{"name":"wp","href":"https:\/\/api.w.org\/{rel}","templated":true}]}}