{"id":41594,"date":"2025-03-07T15:11:30","date_gmt":"2025-03-07T13:11:30","guid":{"rendered":"https:\/\/baubauwall.com\/?post_type=product&#038;p=41594"},"modified":"2025-03-07T15:29:14","modified_gmt":"2025-03-07T13:29:14","slug":"kordusmustriga-tapeet-granaatounte-valss","status":"publish","type":"product","link":"https:\/\/baubauwall.com\/et\/toode\/kordusmustriga-tapeet-granaatounte-valss\/","title":{"rendered":"Granaat\u00f5unte valss"},"content":{"rendered":"<p data-start=\"241\" data-end=\"489\">K\u00fclluslik tapeet lopsakate granaat\u00f5untega. Tapeet Sulle, kes armastad maksimalistlikku stiili ja iseloomukat sisekujundust. Selle kordusmustriga tapeedil tantsivad granaat\u00f5unad ja v\u00e4\u00e4nlevad viinapuud. Lopsakate lehtede ja \u00f5rnade \u00f5ite vahel piiluvad viljade rubiinpunased seemned. Granaat\u00f5un on ajaloos olnud s\u00fcmboliks k\u00fcllusele, armastusele ja pikaealisusele. Seda peeti kuninglikuks viljaks ning paljudes kultuurides on usutud, et see toob \u00f5nne ja head energiat. T\u00e4pselt nii v\u00f5iks see tapeet tuua hea energia Sinu koju!<\/p>\n<p data-start=\"241\" data-end=\"489\">Olgu tegu julge aktsentseinaga magamistoas, s\u00f6\u00f6gitoas v\u00f5i vallatu tapeedivalikuga tualetti \u2013 see tapeet lisab ruumi isikup\u00e4ra, eklektikat ja ajatut luksust. Kombineeri granaat\u00f5untega tapeet interj\u00f6\u00f6ris oma lemmik <em>vintage\u00a0<\/em>leidudega, sekka killuke modernset kunsti ning tulemuseks on kordumatu stiil, mis on Sinu n\u00e4gu!<\/p>\n<p><strong>Miks osta tapeet siit? Tapeetimine pole kunagi nii lihtne olnud!<\/strong><\/p>\n<ul>\n<li>Nummerdatud tapeedipaanid<\/li>\n<li>Just nii pikad tapeedipaanid, kui on Sinu sein<\/li>\n<li>Premium, matt fliistapeedi materjal<\/li>\n<li>M\u00fcrgivabad tr\u00fckiv\u00e4rvid, Greenguard sertifitseeritud<\/li>\n<li>Keskkonnas\u00f5bralik, j\u00e4\u00e4tmevaba tapeetimine<\/li>\n<li>Tasuta tapeediliim<\/li>\n<li>Tasuta transport ja kiire tarne 5 t\u00f6\u00f6p\u00e4evaga<\/li>\n<\/ul>\n<p>Loe l\u00e4hemalt nutikatest, eritellimust\u00f6\u00f6na valmivatest tapeetidest\u00a0<a href=\"https:\/\/baubauwall.com\/et\/keskkonnasobralikud-tapeedid\/\">siit.<\/a><\/p>\n<p data-start=\"659\" data-end=\"822\">\n","protected":false},"excerpt":{"rendered":"<p>K\u00fclluslik tapeet lopsakate granaat\u00f5untega. Tapeet Sulle, kes armastad maksimalistlikku stiili ja iseloomukat sisekujundust. Selle kordusmustriga tapeedil tantsivad granaat\u00f5unad ja v\u00e4\u00e4nlevad viinapuud. Lopsakate lehtede ja \u00f5rnade \u00f5ite vahel piiluvad viljade rubiinpunased seemned. Granaat\u00f5un on ajaloos olnud s\u00fcmboliks k\u00fcllusele, armastusele ja pikaealisusele. Seda peeti kuninglikuks viljaks ning paljudes kultuurides on usutud, et see toob \u00f5nne ja head [&hellip;]<\/p>\n","protected":false},"featured_media":41614,"comment_status":"open","ping_status":"closed","template":"","meta":{"_acf_changed":false,"inline_featured_image":false},"product_brand":[],"product_cat":[386,622,395,447,394,391,388,266,270,271,418,752,413,414,416,402,254,256],"product_tag":[],"class_list":{"0":"post-41594","1":"product","2":"type-product","3":"status-publish","4":"has-post-thumbnail","6":"product_cat-kordusmustriga-tapeedid","7":"product_cat-julged-tapeedid","8":"product_cat-romantiline","9":"product_cat-maksimalistlik-et","10":"product_cat-rikkalik","11":"product_cat-vahemereline","12":"product_cat-vintage-et","13":"product_cat-mustad-tapeedid","14":"product_cat-tumedad-tapeedid","15":"product_cat-rohelised-tapeedid","16":"product_cat-punased-tapeedid","17":"product_cat-avalik-ruum","18":"product_cat-magamistoa-tapeedid","19":"product_cat-soogitoa-tapeedid","20":"product_cat-esiku-tapeedid","21":"product_cat-elutoa-tapeedid","22":"product_cat-loodus","23":"product_cat-marjad","24":"pa_designedby-baubauwall","26":"first","27":"instock","28":"taxable","29":"shipping-taxable","30":"purchasable","31":"product-type-simple"},"acf":[],"yoast_head":"<!-- This site is optimized with the Yoast SEO plugin v25.9 - https:\/\/yoast.com\/wordpress\/plugins\/seo\/ -->\n<title>Granaat\u00f5unte valss - tapeet maksimalistliku stiili armastajatele<\/title>\n<meta name=\"description\" content=\"K\u00fclluslik tapeet t\u00e4is granaat\u00f5unu. Maksimalistlik tapeedidisain, mille paigaldad v\u00e4iksemale aktsentseinale. Maksimum efekt!\" \/>\n<meta name=\"robots\" content=\"index, follow, max-snippet:-1, max-image-preview:large, max-video-preview:-1\" \/>\n<link rel=\"canonical\" href=\"https:\/\/baubauwall.com\/et\/toode\/kordusmustriga-tapeet-granaatounte-valss\/\" \/>\n<meta property=\"og:locale\" content=\"et_EE\" \/>\n<meta property=\"og:type\" content=\"article\" \/>\n<meta property=\"og:title\" content=\"BAUBAUWALL TAPEEDID\" \/>\n<meta property=\"og:description\" content=\"Granaat\u00f5unte valss\" \/>\n<meta property=\"og:url\" content=\"https:\/\/baubauwall.com\/et\/toode\/kordusmustriga-tapeet-granaatounte-valss\/\" \/>\n<meta property=\"og:site_name\" content=\"BAUBAUWALL TAPEEDID\" \/>\n<meta property=\"article:publisher\" content=\"https:\/\/www.facebook.com\/Baubauwall\" \/>\n<meta property=\"article:modified_time\" content=\"2025-03-07T13:29:14+00:00\" \/>\n<meta property=\"og:image\" content=\"https:\/\/baubauwall.com\/wp-content\/uploads\/2024\/11\/51100476_MonkeyBusiness_Baubauwall_Wallpaper_room4.jpg\" \/>\n\t<meta property=\"og:image:width\" content=\"1076\" \/>\n\t<meta property=\"og:image:height\" content=\"1600\" \/>\n\t<meta property=\"og:image:type\" content=\"image\/jpeg\" \/>\n<meta name=\"twitter:card\" content=\"summary_large_image\" \/>\n<meta name=\"twitter:label1\" content=\"Est. reading time\" \/>\n\t<meta name=\"twitter:data1\" content=\"1 minut\" \/>\n<script type=\"application\/ld+json\" class=\"yoast-schema-graph\">{\"@context\":\"https:\/\/schema.org\",\"@graph\":[{\"@type\":\"WebPage\",\"@id\":\"https:\/\/baubauwall.com\/et\/toode\/kordusmustriga-tapeet-granaatounte-valss\/\",\"url\":\"https:\/\/baubauwall.com\/et\/toode\/kordusmustriga-tapeet-granaatounte-valss\/\",\"name\":\"Granaat\u00f5unte valss - tapeet maksimalistliku stiili armastajatele\",\"isPartOf\":{\"@id\":\"https:\/\/baubauwall.com\/et\/#website\"},\"primaryImageOfPage\":{\"@id\":\"https:\/\/baubauwall.com\/et\/toode\/kordusmustriga-tapeet-granaatounte-valss\/#primaryimage\"},\"image\":{\"@id\":\"https:\/\/baubauwall.com\/et\/toode\/kordusmustriga-tapeet-granaatounte-valss\/#primaryimage\"},\"thumbnailUrl\":\"https:\/\/baubauwall.com\/wp-content\/uploads\/2025\/03\/51100480_PomegranateWaltz_Baubauwall_Wallpaper_room4.jpg\",\"datePublished\":\"2025-03-07T13:11:30+00:00\",\"dateModified\":\"2025-03-07T13:29:14+00:00\",\"description\":\"K\u00fclluslik tapeet t\u00e4is granaat\u00f5unu. Maksimalistlik tapeedidisain, mille paigaldad v\u00e4iksemale aktsentseinale. Maksimum efekt!\",\"breadcrumb\":{\"@id\":\"https:\/\/baubauwall.com\/et\/toode\/kordusmustriga-tapeet-granaatounte-valss\/#breadcrumb\"},\"inLanguage\":\"et\",\"potentialAction\":[{\"@type\":\"ReadAction\",\"target\":[\"https:\/\/baubauwall.com\/et\/toode\/kordusmustriga-tapeet-granaatounte-valss\/\"]}]},{\"@type\":\"ImageObject\",\"inLanguage\":\"et\",\"@id\":\"https:\/\/baubauwall.com\/et\/toode\/kordusmustriga-tapeet-granaatounte-valss\/#primaryimage\",\"url\":\"https:\/\/baubauwall.com\/wp-content\/uploads\/2025\/03\/51100480_PomegranateWaltz_Baubauwall_Wallpaper_room4.jpg\",\"contentUrl\":\"https:\/\/baubauwall.com\/wp-content\/uploads\/2025\/03\/51100480_PomegranateWaltz_Baubauwall_Wallpaper_room4.jpg\",\"width\":2400,\"height\":1600,\"caption\":\"Hallway wallpaper with pomegranates and green leaves.\"},{\"@type\":\"BreadcrumbList\",\"@id\":\"https:\/\/baubauwall.com\/et\/toode\/kordusmustriga-tapeet-granaatounte-valss\/#breadcrumb\",\"itemListElement\":[{\"@type\":\"ListItem\",\"position\":1,\"name\":\"Koju\",\"item\":\"https:\/\/baubauwall.com\/et\/\"},{\"@type\":\"ListItem\",\"position\":2,\"name\":\"Tapeedid\",\"item\":\"https:\/\/baubauwall.com\/et\/tapeedid\/\"},{\"@type\":\"ListItem\",\"position\":3,\"name\":\"Granaat\u00f5unte valss\"}]},{\"@type\":\"WebSite\",\"@id\":\"https:\/\/baubauwall.com\/et\/#website\",\"url\":\"https:\/\/baubauwall.com\/et\/\",\"name\":\"BAUBAUWALL Wallpapers\",\"description\":\"Valmis paanides tapeet Eestist!\",\"publisher\":{\"@id\":\"https:\/\/baubauwall.com\/et\/#organization\"},\"potentialAction\":[{\"@type\":\"SearchAction\",\"target\":{\"@type\":\"EntryPoint\",\"urlTemplate\":\"https:\/\/baubauwall.com\/et\/?s={search_term_string}\"},\"query-input\":{\"@type\":\"PropertyValueSpecification\",\"valueRequired\":true,\"valueName\":\"search_term_string\"}}],\"inLanguage\":\"et\"},{\"@type\":\"Organization\",\"@id\":\"https:\/\/baubauwall.com\/et\/#organization\",\"name\":\"BAUBAUWALL Wallpapers\",\"url\":\"https:\/\/baubauwall.com\/et\/\",\"logo\":{\"@type\":\"ImageObject\",\"inLanguage\":\"et\",\"@id\":\"https:\/\/baubauwall.com\/et\/#\/schema\/logo\/image\/\",\"url\":\"https:\/\/baubauwall.com\/wp-content\/uploads\/2022\/03\/logo-horizontal.svg\",\"contentUrl\":\"https:\/\/baubauwall.com\/wp-content\/uploads\/2022\/03\/logo-horizontal.svg\",\"width\":\"1024\",\"height\":\"1024\",\"caption\":\"BAUBAUWALL Wallpapers\"},\"image\":{\"@id\":\"https:\/\/baubauwall.com\/et\/#\/schema\/logo\/image\/\"},\"sameAs\":[\"https:\/\/www.facebook.com\/Baubauwall\",\"https:\/\/www.instagram.com\/baubauwall\"]}]}<\/script>\n<!-- \/ Yoast SEO plugin. -->","yoast_head_json":{"title":"Granaat\u00f5unte valss - tapeet maksimalistliku stiili armastajatele","description":"K\u00fclluslik tapeet t\u00e4is granaat\u00f5unu. Maksimalistlik tapeedidisain, mille paigaldad v\u00e4iksemale aktsentseinale. Maksimum efekt!","robots":{"index":"index","follow":"follow","max-snippet":"max-snippet:-1","max-image-preview":"max-image-preview:large","max-video-preview":"max-video-preview:-1"},"canonical":"https:\/\/baubauwall.com\/et\/toode\/kordusmustriga-tapeet-granaatounte-valss\/","og_locale":"et_EE","og_type":"article","og_title":"BAUBAUWALL TAPEEDID","og_description":"Granaat\u00f5unte valss","og_url":"https:\/\/baubauwall.com\/et\/toode\/kordusmustriga-tapeet-granaatounte-valss\/","og_site_name":"BAUBAUWALL TAPEEDID","article_publisher":"https:\/\/www.facebook.com\/Baubauwall","article_modified_time":"2025-03-07T13:29:14+00:00","og_image":[{"width":1076,"height":1600,"url":"https:\/\/baubauwall.com\/wp-content\/uploads\/2024\/11\/51100476_MonkeyBusiness_Baubauwall_Wallpaper_room4.jpg","type":"image\/jpeg"}],"twitter_card":"summary_large_image","twitter_misc":{"Est. reading time":"1 minut"},"schema":{"@context":"https:\/\/schema.org","@graph":[{"@type":"WebPage","@id":"https:\/\/baubauwall.com\/et\/toode\/kordusmustriga-tapeet-granaatounte-valss\/","url":"https:\/\/baubauwall.com\/et\/toode\/kordusmustriga-tapeet-granaatounte-valss\/","name":"Granaat\u00f5unte valss - tapeet maksimalistliku stiili armastajatele","isPartOf":{"@id":"https:\/\/baubauwall.com\/et\/#website"},"primaryImageOfPage":{"@id":"https:\/\/baubauwall.com\/et\/toode\/kordusmustriga-tapeet-granaatounte-valss\/#primaryimage"},"image":{"@id":"https:\/\/baubauwall.com\/et\/toode\/kordusmustriga-tapeet-granaatounte-valss\/#primaryimage"},"thumbnailUrl":"https:\/\/baubauwall.com\/wp-content\/uploads\/2025\/03\/51100480_PomegranateWaltz_Baubauwall_Wallpaper_room4.jpg","datePublished":"2025-03-07T13:11:30+00:00","dateModified":"2025-03-07T13:29:14+00:00","description":"K\u00fclluslik tapeet t\u00e4is granaat\u00f5unu. Maksimalistlik tapeedidisain, mille paigaldad v\u00e4iksemale aktsentseinale. Maksimum efekt!","breadcrumb":{"@id":"https:\/\/baubauwall.com\/et\/toode\/kordusmustriga-tapeet-granaatounte-valss\/#breadcrumb"},"inLanguage":"et","potentialAction":[{"@type":"ReadAction","target":["https:\/\/baubauwall.com\/et\/toode\/kordusmustriga-tapeet-granaatounte-valss\/"]}]},{"@type":"ImageObject","inLanguage":"et","@id":"https:\/\/baubauwall.com\/et\/toode\/kordusmustriga-tapeet-granaatounte-valss\/#primaryimage","url":"https:\/\/baubauwall.com\/wp-content\/uploads\/2025\/03\/51100480_PomegranateWaltz_Baubauwall_Wallpaper_room4.jpg","contentUrl":"https:\/\/baubauwall.com\/wp-content\/uploads\/2025\/03\/51100480_PomegranateWaltz_Baubauwall_Wallpaper_room4.jpg","width":2400,"height":1600,"caption":"Hallway wallpaper with pomegranates and green leaves."},{"@type":"BreadcrumbList","@id":"https:\/\/baubauwall.com\/et\/toode\/kordusmustriga-tapeet-granaatounte-valss\/#breadcrumb","itemListElement":[{"@type":"ListItem","position":1,"name":"Koju","item":"https:\/\/baubauwall.com\/et\/"},{"@type":"ListItem","position":2,"name":"Tapeedid","item":"https:\/\/baubauwall.com\/et\/tapeedid\/"},{"@type":"ListItem","position":3,"name":"Granaat\u00f5unte valss"}]},{"@type":"WebSite","@id":"https:\/\/baubauwall.com\/et\/#website","url":"https:\/\/baubauwall.com\/et\/","name":"BAUBAUWALL Wallpapers","description":"Valmis paanides tapeet Eestist!","publisher":{"@id":"https:\/\/baubauwall.com\/et\/#organization"},"potentialAction":[{"@type":"SearchAction","target":{"@type":"EntryPoint","urlTemplate":"https:\/\/baubauwall.com\/et\/?s={search_term_string}"},"query-input":{"@type":"PropertyValueSpecification","valueRequired":true,"valueName":"search_term_string"}}],"inLanguage":"et"},{"@type":"Organization","@id":"https:\/\/baubauwall.com\/et\/#organization","name":"BAUBAUWALL Wallpapers","url":"https:\/\/baubauwall.com\/et\/","logo":{"@type":"ImageObject","inLanguage":"et","@id":"https:\/\/baubauwall.com\/et\/#\/schema\/logo\/image\/","url":"https:\/\/baubauwall.com\/wp-content\/uploads\/2022\/03\/logo-horizontal.svg","contentUrl":"https:\/\/baubauwall.com\/wp-content\/uploads\/2022\/03\/logo-horizontal.svg","width":"1024","height":"1024","caption":"BAUBAUWALL Wallpapers"},"image":{"@id":"https:\/\/baubauwall.com\/et\/#\/schema\/logo\/image\/"},"sameAs":["https:\/\/www.facebook.com\/Baubauwall","https:\/\/www.instagram.com\/baubauwall"]}]}},"jetpack_sharing_enabled":true,"_links":{"self":[{"href":"https:\/\/baubauwall.com\/et\/wp-json\/wp\/v2\/product\/41594","targetHints":{"allow":["GET"]}}],"collection":[{"href":"https:\/\/baubauwall.com\/et\/wp-json\/wp\/v2\/product"}],"about":[{"href":"https:\/\/baubauwall.com\/et\/wp-json\/wp\/v2\/types\/product"}],"replies":[{"embeddable":true,"href":"https:\/\/baubauwall.com\/et\/wp-json\/wp\/v2\/comments?post=41594"}],"wp:featuredmedia":[{"embeddable":true,"href":"https:\/\/baubauwall.com\/et\/wp-json\/wp\/v2\/media\/41614"}],"wp:attachment":[{"href":"https:\/\/baubauwall.com\/et\/wp-json\/wp\/v2\/media?parent=41594"}],"wp:term":[{"taxonomy":"product_brand","embeddable":true,"href":"https:\/\/baubauwall.com\/et\/wp-json\/wp\/v2\/product_brand?post=41594"},{"taxonomy":"product_cat","embeddable":true,"href":"https:\/\/baubauwall.com\/et\/wp-json\/wp\/v2\/product_cat?post=41594"},{"taxonomy":"product_tag","embeddable":true,"href":"https:\/\/baubauwall.com\/et\/wp-json\/wp\/v2\/product_tag?post=41594"}],"curies":[{"name":"wp","href":"https:\/\/api.w.org\/{rel}","templated":true}]}}