{"id":41667,"date":"2025-03-11T16:30:32","date_gmt":"2025-03-11T14:30:32","guid":{"rendered":"https:\/\/baubauwall.com\/product\/mural-wallpaper-brushed-canvas\/"},"modified":"2026-03-27T08:49:00","modified_gmt":"2026-03-27T06:49:00","slug":"pilttapeet-vaba-pintsel","status":"publish","type":"product","link":"https:\/\/baubauwall.com\/et\/toode\/pilttapeet-vaba-pintsel\/","title":{"rendered":"Vaba pintsel &#8211; see Malluka tapeet"},"content":{"rendered":"<p data-start=\"36\" data-end=\"310\">Tere tulemast &#8211; pilttapeet Vaba pintsel! Tapeedi disain on nagu oleks kunstnik oleks k\u00e4inud elutoas hoogsaid pintslit\u00f5mbeid tegemas \u2013 ainult et ilma segaduseta. Pehmetes bee\u017eides toonides, sooja roosa ja s\u00fcgava rohelisega abstraktne pilttapeet lisab interj\u00f6\u00f6ri v\u00e4rvi ja iseloomu just selliselt, et n\u00e4gu l\u00e4heb naerule. &#8220;Vaba pintsel&#8221; pilttapeedi &#8220;ristiema&#8221; on blogija <a href=\"https:\/\/mallukas.eu\/\" target=\"_blank\" rel=\"noopener\">Mallukas,<\/a> kelle idee j\u00e4rgi sai see tapeet loodud. Sama efektne, julge ja v\u00e4rvikas, nagu tema ise, on ka see disain. Otseloomulikult on see tapeet Malluka uue kodu elutoa seintel!<\/p>\n<p data-start=\"312\" data-end=\"565\"><strong>Miks valida pilttapeet Baubauwallist? Sest me teeme tapeedi valimise, ostmise ja paigalduse lihtsaks.\u00a0<\/strong><\/p>\n<ul>\n<li>Tr\u00fckime t\u00e4pselt Sinu seina m\u00f5\u00f5dus tapeedi<\/li>\n<li>Just nii pikad tapeedipaanid, kui on Sinu sein<\/li>\n<li>Premium, matt fliistapeedi materjal, 100% taaskasutatud kiust<\/li>\n<li>M\u00fcrgivabad tr\u00fckiv\u00e4rvid, Greenguard sertifitseeritud<\/li>\n<li>Keskkonnas\u00f5bralik, j\u00e4\u00e4tmevaba tapeetimine<\/li>\n<li>Tasuta tapeediliim<\/li>\n<li>Tasuta transport ja kiire tarne 5 t\u00f6\u00f6p\u00e4evaga<\/li>\n<\/ul>\n<p>Loe l\u00e4hemalt nutikatest, eritellimust\u00f6\u00f6na valmivatest tapeetidest\u00a0<a href=\"https:\/\/baubauwall.com\/et\/keskkonnasobralikud-tapeedid\/\">siit.<\/a><\/p>\n","protected":false},"excerpt":{"rendered":"<p>Tere tulemast &#8211; pilttapeet Vaba pintsel! Tapeedi disain on nagu oleks kunstnik oleks k\u00e4inud elutoas hoogsaid pintslit\u00f5mbeid tegemas \u2013 ainult et ilma segaduseta. Pehmetes bee\u017eides toonides, sooja roosa ja s\u00fcgava rohelisega abstraktne pilttapeet lisab interj\u00f6\u00f6ri v\u00e4rvi ja iseloomu just selliselt, et n\u00e4gu l\u00e4heb naerule. &#8220;Vaba pintsel&#8221; pilttapeedi &#8220;ristiema&#8221; on blogija Mallukas, kelle idee j\u00e4rgi sai [&hellip;]<\/p>\n","protected":false},"featured_media":41665,"comment_status":"open","ping_status":"closed","template":"","meta":{"_acf_changed":false,"inline_featured_image":false},"product_brand":[],"product_cat":[387,622,404,268,271,278,417,752,413,402,583],"product_tag":[345],"class_list":{"0":"post-41667","1":"product","2":"type-product","3":"status-publish","4":"has-post-thumbnail","6":"product_cat-pilttapeedid","7":"product_cat-julged-tapeedid","8":"product_cat-abstraktne","9":"product_cat-kirkad-tapeedid","10":"product_cat-rohelised-tapeedid","11":"product_cat-roosad-tapeedid","12":"product_cat-purpur-tapeedid","13":"product_cat-avalik-ruum","14":"product_cat-magamistoa-tapeedid","15":"product_cat-elutoa-tapeedid","16":"product_cat-vesivarv","17":"product_tag-pilttapeet","19":"first","20":"instock","21":"taxable","22":"shipping-taxable","23":"purchasable","24":"product-type-simple"},"acf":[],"yoast_head":"<!-- This site is optimized with the Yoast SEO plugin v25.9 - https:\/\/yoast.com\/wordpress\/plugins\/seo\/ -->\n<title>Pilttapeet Vaba pintsel - see Malluka tapeet - efektne elutoa tapeet<\/title>\n<meta name=\"description\" content=\"Just selle tapeedi valis Mallukas oma elutoa seinale. Abstraktne pintslit\u00f5mmetega pilttapeet erksates v\u00e4rvides! Lihtne viis tuua kunst koju!\" \/>\n<meta name=\"robots\" content=\"index, follow, max-snippet:-1, max-image-preview:large, max-video-preview:-1\" \/>\n<link rel=\"canonical\" href=\"https:\/\/baubauwall.com\/et\/toode\/pilttapeet-vaba-pintsel\/\" \/>\n<meta property=\"og:locale\" content=\"et_EE\" \/>\n<meta property=\"og:type\" content=\"article\" \/>\n<meta property=\"og:title\" content=\"BAUBAUWALL TAPEEDID\" \/>\n<meta property=\"og:description\" content=\"Selle tapeedi \u201cristiema\u201d on Mallukas, kelle idee j\u00e4rgi sai see tapeet loodud. Sama efektne, julge ja v\u00e4rvikas, nagu tema ise, on ka see disain. Otseloomulikult on see tapeet Malluka uue kodu elutoa seintel!\" \/>\n<meta property=\"og:url\" content=\"https:\/\/baubauwall.com\/et\/toode\/pilttapeet-vaba-pintsel\/\" \/>\n<meta property=\"og:site_name\" content=\"BAUBAUWALL TAPEEDID\" \/>\n<meta property=\"article:publisher\" content=\"https:\/\/www.facebook.com\/Baubauwall\" \/>\n<meta property=\"article:modified_time\" content=\"2026-03-27T06:49:00+00:00\" \/>\n<meta property=\"og:image\" content=\"https:\/\/baubauwall.com\/wp-content\/uploads\/2022\/11\/51200462_BrushedCanvas_mural-wallpaper_room-1.jpg\" \/>\n\t<meta property=\"og:image:width\" content=\"1417\" \/>\n\t<meta property=\"og:image:height\" content=\"945\" \/>\n\t<meta property=\"og:image:type\" content=\"image\/jpeg\" \/>\n<meta name=\"twitter:card\" content=\"summary_large_image\" \/>\n<meta name=\"twitter:label1\" content=\"Est. reading time\" \/>\n\t<meta name=\"twitter:data1\" content=\"1 minut\" \/>\n<script type=\"application\/ld+json\" class=\"yoast-schema-graph\">{\"@context\":\"https:\/\/schema.org\",\"@graph\":[{\"@type\":\"WebPage\",\"@id\":\"https:\/\/baubauwall.com\/et\/toode\/pilttapeet-vaba-pintsel\/\",\"url\":\"https:\/\/baubauwall.com\/et\/toode\/pilttapeet-vaba-pintsel\/\",\"name\":\"Pilttapeet Vaba pintsel - see Malluka tapeet - efektne elutoa tapeet\",\"isPartOf\":{\"@id\":\"https:\/\/baubauwall.com\/et\/#website\"},\"primaryImageOfPage\":{\"@id\":\"https:\/\/baubauwall.com\/et\/toode\/pilttapeet-vaba-pintsel\/#primaryimage\"},\"image\":{\"@id\":\"https:\/\/baubauwall.com\/et\/toode\/pilttapeet-vaba-pintsel\/#primaryimage\"},\"thumbnailUrl\":\"https:\/\/baubauwall.com\/wp-content\/uploads\/2022\/11\/51200462_BrushedCanvas_mural-wallpaper_room-4.jpg\",\"datePublished\":\"2025-03-11T14:30:32+00:00\",\"dateModified\":\"2026-03-27T06:49:00+00:00\",\"description\":\"Just selle tapeedi valis Mallukas oma elutoa seinale. Abstraktne pintslit\u00f5mmetega pilttapeet erksates v\u00e4rvides! Lihtne viis tuua kunst koju!\",\"breadcrumb\":{\"@id\":\"https:\/\/baubauwall.com\/et\/toode\/pilttapeet-vaba-pintsel\/#breadcrumb\"},\"inLanguage\":\"et\",\"potentialAction\":[{\"@type\":\"ReadAction\",\"target\":[\"https:\/\/baubauwall.com\/et\/toode\/pilttapeet-vaba-pintsel\/\"]}]},{\"@type\":\"ImageObject\",\"inLanguage\":\"et\",\"@id\":\"https:\/\/baubauwall.com\/et\/toode\/pilttapeet-vaba-pintsel\/#primaryimage\",\"url\":\"https:\/\/baubauwall.com\/wp-content\/uploads\/2022\/11\/51200462_BrushedCanvas_mural-wallpaper_room-4.jpg\",\"contentUrl\":\"https:\/\/baubauwall.com\/wp-content\/uploads\/2022\/11\/51200462_BrushedCanvas_mural-wallpaper_room-4.jpg\",\"width\":1181,\"height\":788,\"caption\":\"Living room with artsy wallpaper that adds splash of color. Paired with beige sofa, coffee tabel and light carpet.\"},{\"@type\":\"BreadcrumbList\",\"@id\":\"https:\/\/baubauwall.com\/et\/toode\/pilttapeet-vaba-pintsel\/#breadcrumb\",\"itemListElement\":[{\"@type\":\"ListItem\",\"position\":1,\"name\":\"Koju\",\"item\":\"https:\/\/baubauwall.com\/et\/\"},{\"@type\":\"ListItem\",\"position\":2,\"name\":\"Tapeedid\",\"item\":\"https:\/\/baubauwall.com\/et\/tapeedid\/\"},{\"@type\":\"ListItem\",\"position\":3,\"name\":\"Vaba pintsel &#8211; see Malluka tapeet\"}]},{\"@type\":\"WebSite\",\"@id\":\"https:\/\/baubauwall.com\/et\/#website\",\"url\":\"https:\/\/baubauwall.com\/et\/\",\"name\":\"BAUBAUWALL Wallpapers\",\"description\":\"Valmis paanides tapeet Eestist!\",\"publisher\":{\"@id\":\"https:\/\/baubauwall.com\/et\/#organization\"},\"potentialAction\":[{\"@type\":\"SearchAction\",\"target\":{\"@type\":\"EntryPoint\",\"urlTemplate\":\"https:\/\/baubauwall.com\/et\/?s={search_term_string}\"},\"query-input\":{\"@type\":\"PropertyValueSpecification\",\"valueRequired\":true,\"valueName\":\"search_term_string\"}}],\"inLanguage\":\"et\"},{\"@type\":\"Organization\",\"@id\":\"https:\/\/baubauwall.com\/et\/#organization\",\"name\":\"BAUBAUWALL Wallpapers\",\"url\":\"https:\/\/baubauwall.com\/et\/\",\"logo\":{\"@type\":\"ImageObject\",\"inLanguage\":\"et\",\"@id\":\"https:\/\/baubauwall.com\/et\/#\/schema\/logo\/image\/\",\"url\":\"https:\/\/baubauwall.com\/wp-content\/uploads\/2022\/03\/logo-horizontal.svg\",\"contentUrl\":\"https:\/\/baubauwall.com\/wp-content\/uploads\/2022\/03\/logo-horizontal.svg\",\"width\":\"1024\",\"height\":\"1024\",\"caption\":\"BAUBAUWALL Wallpapers\"},\"image\":{\"@id\":\"https:\/\/baubauwall.com\/et\/#\/schema\/logo\/image\/\"},\"sameAs\":[\"https:\/\/www.facebook.com\/Baubauwall\",\"https:\/\/www.instagram.com\/baubauwall\"]}]}<\/script>\n<!-- \/ Yoast SEO plugin. -->","yoast_head_json":{"title":"Pilttapeet Vaba pintsel - see Malluka tapeet - efektne elutoa tapeet","description":"Just selle tapeedi valis Mallukas oma elutoa seinale. Abstraktne pintslit\u00f5mmetega pilttapeet erksates v\u00e4rvides! Lihtne viis tuua kunst koju!","robots":{"index":"index","follow":"follow","max-snippet":"max-snippet:-1","max-image-preview":"max-image-preview:large","max-video-preview":"max-video-preview:-1"},"canonical":"https:\/\/baubauwall.com\/et\/toode\/pilttapeet-vaba-pintsel\/","og_locale":"et_EE","og_type":"article","og_title":"BAUBAUWALL TAPEEDID","og_description":"Selle tapeedi \u201cristiema\u201d on Mallukas, kelle idee j\u00e4rgi sai see tapeet loodud. Sama efektne, julge ja v\u00e4rvikas, nagu tema ise, on ka see disain. Otseloomulikult on see tapeet Malluka uue kodu elutoa seintel!","og_url":"https:\/\/baubauwall.com\/et\/toode\/pilttapeet-vaba-pintsel\/","og_site_name":"BAUBAUWALL TAPEEDID","article_publisher":"https:\/\/www.facebook.com\/Baubauwall","article_modified_time":"2026-03-27T06:49:00+00:00","og_image":[{"width":1417,"height":945,"url":"https:\/\/baubauwall.com\/wp-content\/uploads\/2022\/11\/51200462_BrushedCanvas_mural-wallpaper_room-1.jpg","type":"image\/jpeg"}],"twitter_card":"summary_large_image","twitter_misc":{"Est. reading time":"1 minut"},"schema":{"@context":"https:\/\/schema.org","@graph":[{"@type":"WebPage","@id":"https:\/\/baubauwall.com\/et\/toode\/pilttapeet-vaba-pintsel\/","url":"https:\/\/baubauwall.com\/et\/toode\/pilttapeet-vaba-pintsel\/","name":"Pilttapeet Vaba pintsel - see Malluka tapeet - efektne elutoa tapeet","isPartOf":{"@id":"https:\/\/baubauwall.com\/et\/#website"},"primaryImageOfPage":{"@id":"https:\/\/baubauwall.com\/et\/toode\/pilttapeet-vaba-pintsel\/#primaryimage"},"image":{"@id":"https:\/\/baubauwall.com\/et\/toode\/pilttapeet-vaba-pintsel\/#primaryimage"},"thumbnailUrl":"https:\/\/baubauwall.com\/wp-content\/uploads\/2022\/11\/51200462_BrushedCanvas_mural-wallpaper_room-4.jpg","datePublished":"2025-03-11T14:30:32+00:00","dateModified":"2026-03-27T06:49:00+00:00","description":"Just selle tapeedi valis Mallukas oma elutoa seinale. Abstraktne pintslit\u00f5mmetega pilttapeet erksates v\u00e4rvides! Lihtne viis tuua kunst koju!","breadcrumb":{"@id":"https:\/\/baubauwall.com\/et\/toode\/pilttapeet-vaba-pintsel\/#breadcrumb"},"inLanguage":"et","potentialAction":[{"@type":"ReadAction","target":["https:\/\/baubauwall.com\/et\/toode\/pilttapeet-vaba-pintsel\/"]}]},{"@type":"ImageObject","inLanguage":"et","@id":"https:\/\/baubauwall.com\/et\/toode\/pilttapeet-vaba-pintsel\/#primaryimage","url":"https:\/\/baubauwall.com\/wp-content\/uploads\/2022\/11\/51200462_BrushedCanvas_mural-wallpaper_room-4.jpg","contentUrl":"https:\/\/baubauwall.com\/wp-content\/uploads\/2022\/11\/51200462_BrushedCanvas_mural-wallpaper_room-4.jpg","width":1181,"height":788,"caption":"Living room with artsy wallpaper that adds splash of color. Paired with beige sofa, coffee tabel and light carpet."},{"@type":"BreadcrumbList","@id":"https:\/\/baubauwall.com\/et\/toode\/pilttapeet-vaba-pintsel\/#breadcrumb","itemListElement":[{"@type":"ListItem","position":1,"name":"Koju","item":"https:\/\/baubauwall.com\/et\/"},{"@type":"ListItem","position":2,"name":"Tapeedid","item":"https:\/\/baubauwall.com\/et\/tapeedid\/"},{"@type":"ListItem","position":3,"name":"Vaba pintsel &#8211; see Malluka tapeet"}]},{"@type":"WebSite","@id":"https:\/\/baubauwall.com\/et\/#website","url":"https:\/\/baubauwall.com\/et\/","name":"BAUBAUWALL Wallpapers","description":"Valmis paanides tapeet Eestist!","publisher":{"@id":"https:\/\/baubauwall.com\/et\/#organization"},"potentialAction":[{"@type":"SearchAction","target":{"@type":"EntryPoint","urlTemplate":"https:\/\/baubauwall.com\/et\/?s={search_term_string}"},"query-input":{"@type":"PropertyValueSpecification","valueRequired":true,"valueName":"search_term_string"}}],"inLanguage":"et"},{"@type":"Organization","@id":"https:\/\/baubauwall.com\/et\/#organization","name":"BAUBAUWALL Wallpapers","url":"https:\/\/baubauwall.com\/et\/","logo":{"@type":"ImageObject","inLanguage":"et","@id":"https:\/\/baubauwall.com\/et\/#\/schema\/logo\/image\/","url":"https:\/\/baubauwall.com\/wp-content\/uploads\/2022\/03\/logo-horizontal.svg","contentUrl":"https:\/\/baubauwall.com\/wp-content\/uploads\/2022\/03\/logo-horizontal.svg","width":"1024","height":"1024","caption":"BAUBAUWALL Wallpapers"},"image":{"@id":"https:\/\/baubauwall.com\/et\/#\/schema\/logo\/image\/"},"sameAs":["https:\/\/www.facebook.com\/Baubauwall","https:\/\/www.instagram.com\/baubauwall"]}]}},"jetpack_sharing_enabled":true,"_links":{"self":[{"href":"https:\/\/baubauwall.com\/et\/wp-json\/wp\/v2\/product\/41667","targetHints":{"allow":["GET"]}}],"collection":[{"href":"https:\/\/baubauwall.com\/et\/wp-json\/wp\/v2\/product"}],"about":[{"href":"https:\/\/baubauwall.com\/et\/wp-json\/wp\/v2\/types\/product"}],"replies":[{"embeddable":true,"href":"https:\/\/baubauwall.com\/et\/wp-json\/wp\/v2\/comments?post=41667"}],"wp:featuredmedia":[{"embeddable":true,"href":"https:\/\/baubauwall.com\/et\/wp-json\/wp\/v2\/media\/41665"}],"wp:attachment":[{"href":"https:\/\/baubauwall.com\/et\/wp-json\/wp\/v2\/media?parent=41667"}],"wp:term":[{"taxonomy":"product_brand","embeddable":true,"href":"https:\/\/baubauwall.com\/et\/wp-json\/wp\/v2\/product_brand?post=41667"},{"taxonomy":"product_cat","embeddable":true,"href":"https:\/\/baubauwall.com\/et\/wp-json\/wp\/v2\/product_cat?post=41667"},{"taxonomy":"product_tag","embeddable":true,"href":"https:\/\/baubauwall.com\/et\/wp-json\/wp\/v2\/product_tag?post=41667"}],"curies":[{"name":"wp","href":"https:\/\/api.w.org\/{rel}","templated":true}]}}