{"id":41706,"date":"2025-03-13T12:47:07","date_gmt":"2025-03-13T10:47:07","guid":{"rendered":"https:\/\/baubauwall.com\/?post_type=product&#038;p=41706"},"modified":"2025-03-14T13:25:39","modified_gmt":"2025-03-14T11:25:39","slug":"kordusmustriga-tapeet-puuskulptuur-roosa","status":"publish","type":"product","link":"https:\/\/baubauwall.com\/et\/toode\/kordusmustriga-tapeet-puuskulptuur-roosa\/","title":{"rendered":"Puuskulptuurid &#8211; roosa"},"content":{"rendered":"<p>Roosa tapeet, mis paneb naeratama! Pastelsel roosal taustal on rohelised, k\u00e4sitsi joonistatud puud, mis m\u00f5juvad tapeedil kui skulptuurid. Ent sugugi mitte liiga t\u00f5sised!<\/p>\n<p>Kui armastad julgeid mustreid, m\u00e4ngulist disaini ja v\u00e4rvik\u00fcllust, siis <strong>Pop Nouveau<\/strong> tapeedid on t\u00e4pselt sinu jaoks loodud. See on kollektsioon m\u00e4ngulisi tapeete, mille autoriks on Ameerika disainer Elissa Bloom. Ta armastab v\u00e4rve ja mustreid ning muidugi sisustamist. Tema disainid on l\u00e4bi aastate leidnud oma koha m\u00f6\u00f6blitekstiilidel, vaipadel ning n\u00fc\u00fcd ka tapeetidel.<\/p>\n<p><strong>Miks valida tapeet Baubauwallist? Sest me teeme tapeedi valimise, ostmise ja paigalduse lihtsaks.\u00a0<\/strong><\/p>\n<ul>\n<li>Tr\u00fckime t\u00e4pselt Sinu seina m\u00f5\u00f5dus tapeedi, siinsamas Eestis<\/li>\n<li>Just nii pikad tapeedipaanid, kui on Sinu sein<\/li>\n<li>Premium, matt fliistapeedi materjal, 100% taaskasutatud kiust<\/li>\n<li>M\u00fcrgivabad tr\u00fckiv\u00e4rvid, Greenguard sertifitseeritud<\/li>\n<li>Keskkonnas\u00f5bralik, j\u00e4\u00e4tmevaba tapeetimine<\/li>\n<li>Tasuta tapeediliim<\/li>\n<li>Tasuta transport ja kiire tarne 5 t\u00f6\u00f6p\u00e4evaga<\/li>\n<\/ul>\n","protected":false},"excerpt":{"rendered":"<p>Roosa tapeet, mis paneb naeratama! Pastelsel roosal taustal on rohelised, k\u00e4sitsi joonistatud puud, mis m\u00f5juvad tapeedil kui skulptuurid. Ent sugugi mitte liiga t\u00f5sised! Kui armastad julgeid mustreid, m\u00e4ngulist disaini ja v\u00e4rvik\u00fcllust, siis Pop Nouveau tapeedid on t\u00e4pselt sinu jaoks loodud. See on kollektsioon m\u00e4ngulisi tapeete, mille autoriks on Ameerika disainer Elissa Bloom. Ta armastab v\u00e4rve [&hellip;]<\/p>\n","protected":false},"featured_media":41154,"comment_status":"open","ping_status":"closed","template":"","meta":{"_acf_changed":false,"inline_featured_image":false},"product_brand":[],"product_cat":[766,386,447,271,278,752,413,400,401,402,248,254],"product_tag":[320,832],"class_list":{"0":"post-41706","1":"product","2":"type-product","3":"status-publish","4":"has-post-thumbnail","6":"product_cat-elissa-bloom-tapeedid-et","7":"product_cat-kordusmustriga-tapeedid","8":"product_cat-maksimalistlik-et","9":"product_cat-rohelised-tapeedid","10":"product_cat-roosad-tapeedid","11":"product_cat-avalik-ruum","12":"product_cat-magamistoa-tapeedid","13":"product_cat-lastetoa-tapeedid","14":"product_cat-koogi-tapeedid","15":"product_cat-elutoa-tapeedid","16":"product_cat-mets","17":"product_cat-loodus","18":"product_tag-kasitoo","19":"product_tag-kordusmustriga-tapeedid","20":"pa_designedby-elissa-bloom","22":"first","23":"instock","24":"taxable","25":"shipping-taxable","26":"purchasable","27":"product-type-simple"},"acf":[],"yoast_head":"<!-- This site is optimized with the Yoast SEO plugin v25.9 - https:\/\/yoast.com\/wordpress\/plugins\/seo\/ -->\n<title>Puuskulptuurid - roosa tapeet. Elissa Bloom tapeedikollektsioon<\/title>\n<meta name=\"description\" content=\"Kordusmustriga roosa tapeet, mille disainil on rohelised puud. K\u00e4sitsi joonistatud naivistlikus stiilis tapeet, millega tapeetida v\u00e4iksem sein!\" \/>\n<meta name=\"robots\" content=\"index, follow, max-snippet:-1, max-image-preview:large, max-video-preview:-1\" \/>\n<link rel=\"canonical\" href=\"https:\/\/baubauwall.com\/et\/toode\/kordusmustriga-tapeet-puuskulptuur-roosa\/\" \/>\n<meta property=\"og:locale\" content=\"et_EE\" \/>\n<meta property=\"og:type\" content=\"article\" \/>\n<meta property=\"og:title\" content=\"%\" \/>\n<meta property=\"og:description\" content=\"Kordusmustriga roosa tapeet, mille disainil on rohelised puud. K\u00e4sitsi joonistatud naivistlikus stiilis tapeet, millega tapeetida v\u00e4iksem sein!\" \/>\n<meta property=\"og:url\" content=\"https:\/\/baubauwall.com\/et\/toode\/kordusmustriga-tapeet-puuskulptuur-roosa\/\" \/>\n<meta property=\"og:site_name\" content=\"BAUBAUWALL Wallpapers\" \/>\n<meta property=\"article:publisher\" content=\"https:\/\/www.facebook.com\/Baubauwall\" \/>\n<meta property=\"article:modified_time\" content=\"2025-03-14T11:25:39+00:00\" \/>\n<meta property=\"og:image\" content=\"https:\/\/baubauwall.com\/wp-content\/uploads\/2025\/02\/51100466_TopiaryTango-SalmonPink_Baubauwall_Wallpaper_room1-1.jpg\" \/>\n\t<meta property=\"og:image:width\" content=\"1346\" \/>\n\t<meta property=\"og:image:height\" content=\"1600\" \/>\n\t<meta property=\"og:image:type\" content=\"image\/jpeg\" \/>\n<meta name=\"twitter:card\" content=\"summary_large_image\" \/>\n<meta name=\"twitter:label1\" content=\"Est. reading time\" \/>\n\t<meta name=\"twitter:data1\" content=\"1 minut\" \/>\n<script type=\"application\/ld+json\" class=\"yoast-schema-graph\">{\"@context\":\"https:\/\/schema.org\",\"@graph\":[{\"@type\":\"WebPage\",\"@id\":\"https:\/\/baubauwall.com\/et\/toode\/kordusmustriga-tapeet-puuskulptuur-roosa\/\",\"url\":\"https:\/\/baubauwall.com\/et\/toode\/kordusmustriga-tapeet-puuskulptuur-roosa\/\",\"name\":\"Puuskulptuurid - roosa tapeet. Elissa Bloom tapeedikollektsioon\",\"isPartOf\":{\"@id\":\"https:\/\/baubauwall.com\/et\/#website\"},\"primaryImageOfPage\":{\"@id\":\"https:\/\/baubauwall.com\/et\/toode\/kordusmustriga-tapeet-puuskulptuur-roosa\/#primaryimage\"},\"image\":{\"@id\":\"https:\/\/baubauwall.com\/et\/toode\/kordusmustriga-tapeet-puuskulptuur-roosa\/#primaryimage\"},\"thumbnailUrl\":\"https:\/\/baubauwall.com\/wp-content\/uploads\/2025\/02\/51100466_TopiaryTango-SalmonPink_Baubauwall_Wallpaper_room1-1.jpg\",\"datePublished\":\"2025-03-13T10:47:07+00:00\",\"dateModified\":\"2025-03-14T11:25:39+00:00\",\"description\":\"Kordusmustriga roosa tapeet, mille disainil on rohelised puud. K\u00e4sitsi joonistatud naivistlikus stiilis tapeet, millega tapeetida v\u00e4iksem sein!\",\"breadcrumb\":{\"@id\":\"https:\/\/baubauwall.com\/et\/toode\/kordusmustriga-tapeet-puuskulptuur-roosa\/#breadcrumb\"},\"inLanguage\":\"et\",\"potentialAction\":[{\"@type\":\"ReadAction\",\"target\":[\"https:\/\/baubauwall.com\/et\/toode\/kordusmustriga-tapeet-puuskulptuur-roosa\/\"]}]},{\"@type\":\"ImageObject\",\"inLanguage\":\"et\",\"@id\":\"https:\/\/baubauwall.com\/et\/toode\/kordusmustriga-tapeet-puuskulptuur-roosa\/#primaryimage\",\"url\":\"https:\/\/baubauwall.com\/wp-content\/uploads\/2025\/02\/51100466_TopiaryTango-SalmonPink_Baubauwall_Wallpaper_room1-1.jpg\",\"contentUrl\":\"https:\/\/baubauwall.com\/wp-content\/uploads\/2025\/02\/51100466_TopiaryTango-SalmonPink_Baubauwall_Wallpaper_room1-1.jpg\",\"width\":1346,\"height\":1600,\"caption\":\"Elissa Bloom tapeedikollektsiooni roosa tapeet\"},{\"@type\":\"BreadcrumbList\",\"@id\":\"https:\/\/baubauwall.com\/et\/toode\/kordusmustriga-tapeet-puuskulptuur-roosa\/#breadcrumb\",\"itemListElement\":[{\"@type\":\"ListItem\",\"position\":1,\"name\":\"Koju\",\"item\":\"https:\/\/baubauwall.com\/et\/\"},{\"@type\":\"ListItem\",\"position\":2,\"name\":\"Tapeedid\",\"item\":\"https:\/\/baubauwall.com\/et\/tapeedid\/\"},{\"@type\":\"ListItem\",\"position\":3,\"name\":\"Puuskulptuurid &#8211; roosa\"}]},{\"@type\":\"WebSite\",\"@id\":\"https:\/\/baubauwall.com\/et\/#website\",\"url\":\"https:\/\/baubauwall.com\/et\/\",\"name\":\"BAUBAUWALL Wallpapers\",\"description\":\"Valmis paanides tapeet Eestist!\",\"publisher\":{\"@id\":\"https:\/\/baubauwall.com\/et\/#organization\"},\"potentialAction\":[{\"@type\":\"SearchAction\",\"target\":{\"@type\":\"EntryPoint\",\"urlTemplate\":\"https:\/\/baubauwall.com\/et\/?s={search_term_string}\"},\"query-input\":{\"@type\":\"PropertyValueSpecification\",\"valueRequired\":true,\"valueName\":\"search_term_string\"}}],\"inLanguage\":\"et\"},{\"@type\":\"Organization\",\"@id\":\"https:\/\/baubauwall.com\/et\/#organization\",\"name\":\"BAUBAUWALL Wallpapers\",\"url\":\"https:\/\/baubauwall.com\/et\/\",\"logo\":{\"@type\":\"ImageObject\",\"inLanguage\":\"et\",\"@id\":\"https:\/\/baubauwall.com\/et\/#\/schema\/logo\/image\/\",\"url\":\"https:\/\/baubauwall.com\/wp-content\/uploads\/2022\/03\/logo-horizontal.svg\",\"contentUrl\":\"https:\/\/baubauwall.com\/wp-content\/uploads\/2022\/03\/logo-horizontal.svg\",\"width\":\"1024\",\"height\":\"1024\",\"caption\":\"BAUBAUWALL Wallpapers\"},\"image\":{\"@id\":\"https:\/\/baubauwall.com\/et\/#\/schema\/logo\/image\/\"},\"sameAs\":[\"https:\/\/www.facebook.com\/Baubauwall\",\"https:\/\/www.instagram.com\/baubauwall\"]}]}<\/script>\n<!-- \/ Yoast SEO plugin. -->","yoast_head_json":{"title":"Puuskulptuurid - roosa tapeet. Elissa Bloom tapeedikollektsioon","description":"Kordusmustriga roosa tapeet, mille disainil on rohelised puud. K\u00e4sitsi joonistatud naivistlikus stiilis tapeet, millega tapeetida v\u00e4iksem sein!","robots":{"index":"index","follow":"follow","max-snippet":"max-snippet:-1","max-image-preview":"max-image-preview:large","max-video-preview":"max-video-preview:-1"},"canonical":"https:\/\/baubauwall.com\/et\/toode\/kordusmustriga-tapeet-puuskulptuur-roosa\/","og_locale":"et_EE","og_type":"article","og_title":"%","og_description":"Kordusmustriga roosa tapeet, mille disainil on rohelised puud. K\u00e4sitsi joonistatud naivistlikus stiilis tapeet, millega tapeetida v\u00e4iksem sein!","og_url":"https:\/\/baubauwall.com\/et\/toode\/kordusmustriga-tapeet-puuskulptuur-roosa\/","og_site_name":"BAUBAUWALL Wallpapers","article_publisher":"https:\/\/www.facebook.com\/Baubauwall","article_modified_time":"2025-03-14T11:25:39+00:00","og_image":[{"width":1346,"height":1600,"url":"https:\/\/baubauwall.com\/wp-content\/uploads\/2025\/02\/51100466_TopiaryTango-SalmonPink_Baubauwall_Wallpaper_room1-1.jpg","type":"image\/jpeg"}],"twitter_card":"summary_large_image","twitter_misc":{"Est. reading time":"1 minut"},"schema":{"@context":"https:\/\/schema.org","@graph":[{"@type":"WebPage","@id":"https:\/\/baubauwall.com\/et\/toode\/kordusmustriga-tapeet-puuskulptuur-roosa\/","url":"https:\/\/baubauwall.com\/et\/toode\/kordusmustriga-tapeet-puuskulptuur-roosa\/","name":"Puuskulptuurid - roosa tapeet. Elissa Bloom tapeedikollektsioon","isPartOf":{"@id":"https:\/\/baubauwall.com\/et\/#website"},"primaryImageOfPage":{"@id":"https:\/\/baubauwall.com\/et\/toode\/kordusmustriga-tapeet-puuskulptuur-roosa\/#primaryimage"},"image":{"@id":"https:\/\/baubauwall.com\/et\/toode\/kordusmustriga-tapeet-puuskulptuur-roosa\/#primaryimage"},"thumbnailUrl":"https:\/\/baubauwall.com\/wp-content\/uploads\/2025\/02\/51100466_TopiaryTango-SalmonPink_Baubauwall_Wallpaper_room1-1.jpg","datePublished":"2025-03-13T10:47:07+00:00","dateModified":"2025-03-14T11:25:39+00:00","description":"Kordusmustriga roosa tapeet, mille disainil on rohelised puud. K\u00e4sitsi joonistatud naivistlikus stiilis tapeet, millega tapeetida v\u00e4iksem sein!","breadcrumb":{"@id":"https:\/\/baubauwall.com\/et\/toode\/kordusmustriga-tapeet-puuskulptuur-roosa\/#breadcrumb"},"inLanguage":"et","potentialAction":[{"@type":"ReadAction","target":["https:\/\/baubauwall.com\/et\/toode\/kordusmustriga-tapeet-puuskulptuur-roosa\/"]}]},{"@type":"ImageObject","inLanguage":"et","@id":"https:\/\/baubauwall.com\/et\/toode\/kordusmustriga-tapeet-puuskulptuur-roosa\/#primaryimage","url":"https:\/\/baubauwall.com\/wp-content\/uploads\/2025\/02\/51100466_TopiaryTango-SalmonPink_Baubauwall_Wallpaper_room1-1.jpg","contentUrl":"https:\/\/baubauwall.com\/wp-content\/uploads\/2025\/02\/51100466_TopiaryTango-SalmonPink_Baubauwall_Wallpaper_room1-1.jpg","width":1346,"height":1600,"caption":"Elissa Bloom tapeedikollektsiooni roosa tapeet"},{"@type":"BreadcrumbList","@id":"https:\/\/baubauwall.com\/et\/toode\/kordusmustriga-tapeet-puuskulptuur-roosa\/#breadcrumb","itemListElement":[{"@type":"ListItem","position":1,"name":"Koju","item":"https:\/\/baubauwall.com\/et\/"},{"@type":"ListItem","position":2,"name":"Tapeedid","item":"https:\/\/baubauwall.com\/et\/tapeedid\/"},{"@type":"ListItem","position":3,"name":"Puuskulptuurid &#8211; roosa"}]},{"@type":"WebSite","@id":"https:\/\/baubauwall.com\/et\/#website","url":"https:\/\/baubauwall.com\/et\/","name":"BAUBAUWALL Wallpapers","description":"Valmis paanides tapeet Eestist!","publisher":{"@id":"https:\/\/baubauwall.com\/et\/#organization"},"potentialAction":[{"@type":"SearchAction","target":{"@type":"EntryPoint","urlTemplate":"https:\/\/baubauwall.com\/et\/?s={search_term_string}"},"query-input":{"@type":"PropertyValueSpecification","valueRequired":true,"valueName":"search_term_string"}}],"inLanguage":"et"},{"@type":"Organization","@id":"https:\/\/baubauwall.com\/et\/#organization","name":"BAUBAUWALL Wallpapers","url":"https:\/\/baubauwall.com\/et\/","logo":{"@type":"ImageObject","inLanguage":"et","@id":"https:\/\/baubauwall.com\/et\/#\/schema\/logo\/image\/","url":"https:\/\/baubauwall.com\/wp-content\/uploads\/2022\/03\/logo-horizontal.svg","contentUrl":"https:\/\/baubauwall.com\/wp-content\/uploads\/2022\/03\/logo-horizontal.svg","width":"1024","height":"1024","caption":"BAUBAUWALL Wallpapers"},"image":{"@id":"https:\/\/baubauwall.com\/et\/#\/schema\/logo\/image\/"},"sameAs":["https:\/\/www.facebook.com\/Baubauwall","https:\/\/www.instagram.com\/baubauwall"]}]}},"jetpack_sharing_enabled":true,"_links":{"self":[{"href":"https:\/\/baubauwall.com\/et\/wp-json\/wp\/v2\/product\/41706","targetHints":{"allow":["GET"]}}],"collection":[{"href":"https:\/\/baubauwall.com\/et\/wp-json\/wp\/v2\/product"}],"about":[{"href":"https:\/\/baubauwall.com\/et\/wp-json\/wp\/v2\/types\/product"}],"replies":[{"embeddable":true,"href":"https:\/\/baubauwall.com\/et\/wp-json\/wp\/v2\/comments?post=41706"}],"wp:featuredmedia":[{"embeddable":true,"href":"https:\/\/baubauwall.com\/et\/wp-json\/wp\/v2\/media\/41154"}],"wp:attachment":[{"href":"https:\/\/baubauwall.com\/et\/wp-json\/wp\/v2\/media?parent=41706"}],"wp:term":[{"taxonomy":"product_brand","embeddable":true,"href":"https:\/\/baubauwall.com\/et\/wp-json\/wp\/v2\/product_brand?post=41706"},{"taxonomy":"product_cat","embeddable":true,"href":"https:\/\/baubauwall.com\/et\/wp-json\/wp\/v2\/product_cat?post=41706"},{"taxonomy":"product_tag","embeddable":true,"href":"https:\/\/baubauwall.com\/et\/wp-json\/wp\/v2\/product_tag?post=41706"}],"curies":[{"name":"wp","href":"https:\/\/api.w.org\/{rel}","templated":true}]}}