{"id":41708,"date":"2025-03-13T12:45:07","date_gmt":"2025-03-13T10:45:07","guid":{"rendered":"https:\/\/baubauwall.com\/?post_type=product&#038;p=41708"},"modified":"2025-03-14T13:16:37","modified_gmt":"2025-03-14T11:16:37","slug":"helesinine-tapeet-chic-clique","status":"publish","type":"product","link":"https:\/\/baubauwall.com\/et\/toode\/helesinine-tapeet-chic-clique\/","title":{"rendered":"Chic Clique &#8211; helesinine"},"content":{"rendered":"<p data-start=\"4518\" data-end=\"4720\">Helesinine tapeet, mis sobib t\u00fcdrukutele, kes pole kunagi p\u00e4riselt suureks kasvanud \u2013 ega plaanigi seda! Ning helesinine v\u00e4rv ju pole vaid poistele. Chic Clique tapeet on t\u00e4is l\u00f5busaid \u0161ikke t\u00fcdrukuid, kellel on oma ainulaadne stiilitunnetus. Nagu Sinulgi! Ilus tapeedivalik esikusse, vannituppa, stuudiosse v\u00f5i interj\u00f6\u00f6ri, kus reeglid on loodud murdmiseks ja seinad v\u00e4\u00e4rivad veidi naeru.<\/p>\n<p>Kui armastad julgeid mustreid, m\u00e4ngulist disaini ja v\u00e4rvik\u00fcllust, siis <strong>Pop Nouveau<\/strong> tapeedid on t\u00e4pselt sinu jaoks loodud. See on kollektsioon m\u00e4ngulisi tapeete, mille autoriks on Ameerika disainer <strong>Elissa Bloom<\/strong>. Ta armastab v\u00e4rve ja mustreid ning muidugi sisustamist. Tema disainid on l\u00e4bi aastate leidnud oma koha m\u00f6\u00f6blitekstiilidel, vaipadel ning n\u00fc\u00fcd ka tapeetidel.<\/p>\n<p><strong>Miks valida tapeet Baubauwallist? Sest me teeme<a href=\"https:\/\/baubauwall.com\/et\/nipid\/online-tapeedistuudiost-tapeedi-tellimine-on-veel-lihtsam\/\" target=\"_blank\" rel=\"noopener\"> tapeedi valimise,<\/a> ostmise ja paigalduse lihtsaks.\u00a0<\/strong><\/p>\n<ul>\n<li>Tr\u00fckime t\u00e4pselt Sinu seina m\u00f5\u00f5dus tapeedi, siinsamas Eestis<\/li>\n<li>Just nii pikad tapeedipaanid, kui on Sinu sein<\/li>\n<li>Premium, matt fliistapeedi materjal, 100% taaskasutatud kiust<\/li>\n<li>M\u00fcrgivabad tr\u00fckiv\u00e4rvid, Greenguard sertifitseeritud<\/li>\n<li>Keskkonnas\u00f5bralik, j\u00e4\u00e4tmevaba tapeetimine<\/li>\n<li>Tasuta tapeediliim<\/li>\n<li>Tasuta transport ja kiire tarne 5 t\u00f6\u00f6p\u00e4evaga. Sina oota vaid s\u00f5numit paki saabumisest!<\/li>\n<\/ul>\n","protected":false},"excerpt":{"rendered":"<p>Helesinine tapeet, mis sobib t\u00fcdrukutele, kes pole kunagi p\u00e4riselt suureks kasvanud \u2013 ega plaanigi seda! Ning helesinine v\u00e4rv ju pole vaid poistele. Chic Clique tapeet on t\u00e4is l\u00f5busaid \u0161ikke t\u00fcdrukuid, kellel on oma ainulaadne stiilitunnetus. Nagu Sinulgi! Ilus tapeedivalik esikusse, vannituppa, stuudiosse v\u00f5i interj\u00f6\u00f6ri, kus reeglid on loodud murdmiseks ja seinad v\u00e4\u00e4rivad veidi naeru. Kui [&hellip;]<\/p>\n","protected":false},"featured_media":47357,"comment_status":"open","ping_status":"closed","template":"","meta":{"_acf_changed":false,"inline_featured_image":false},"product_brand":[],"product_cat":[766,386,388,267,273,752,413,400,416,399,401,402,412],"product_tag":[584,320],"class_list":{"0":"post-41708","1":"product","2":"type-product","3":"status-publish","4":"has-post-thumbnail","6":"product_cat-elissa-bloom-tapeedid-et","7":"product_cat-kordusmustriga-tapeedid","8":"product_cat-vintage-et","9":"product_cat-sinised-tapeedid","10":"product_cat-heledad-tapeedid","11":"product_cat-avalik-ruum","12":"product_cat-magamistoa-tapeedid","13":"product_cat-lastetoa-tapeedid","14":"product_cat-esiku-tapeedid","15":"product_cat-kodukontori-tapeedid","16":"product_cat-koogi-tapeedid","17":"product_cat-elutoa-tapeedid","18":"product_cat-vannitoa-tapeedid","19":"product_tag-boho-et","20":"product_tag-kasitoo","21":"pa_designedby-elissa-bloom","23":"first","24":"instock","25":"taxable","26":"shipping-taxable","27":"purchasable","28":"product-type-simple"},"acf":[],"yoast_head":"<!-- This site is optimized with the Yoast SEO plugin v25.9 - https:\/\/yoast.com\/wordpress\/plugins\/seo\/ -->\n<title>Chic Clique - helesinine - l\u00f5bus tapeet l\u00f5busasse interj\u00f6\u00f6ri<\/title>\n<meta name=\"description\" content=\"Helesinine, otsatult r\u00f5\u00f5mus tapeet v\u00e4iksemale seinale v\u00f5i julgelt suurele! Mahe helesinine tapeet toob tasakaalu ja harmoonia interj\u00f6\u00f6ri\" \/>\n<meta name=\"robots\" content=\"index, follow, max-snippet:-1, max-image-preview:large, max-video-preview:-1\" \/>\n<link rel=\"canonical\" href=\"https:\/\/baubauwall.com\/et\/toode\/helesinine-tapeet-chic-clique\/\" \/>\n<meta property=\"og:locale\" content=\"et_EE\" \/>\n<meta property=\"og:type\" content=\"article\" \/>\n<meta property=\"og:title\" content=\"Chic Clique - helesinine - l\u00f5bus tapeet l\u00f5busasse interj\u00f6\u00f6ri\" \/>\n<meta property=\"og:description\" content=\"Helesinine, otsatult r\u00f5\u00f5mus tapeet v\u00e4iksemale seinale v\u00f5i julgelt suurele! Mahe helesinine tapeet toob tasakaalu ja harmoonia interj\u00f6\u00f6ri\" \/>\n<meta property=\"og:url\" content=\"https:\/\/baubauwall.com\/et\/toode\/helesinine-tapeet-chic-clique\/\" \/>\n<meta property=\"og:site_name\" content=\"BAUBAUWALL TAPEEDID\" \/>\n<meta property=\"article:publisher\" content=\"https:\/\/www.facebook.com\/Baubauwall\" \/>\n<meta property=\"article:modified_time\" content=\"2025-03-14T11:16:37+00:00\" \/>\n<meta property=\"og:image\" content=\"https:\/\/baubauwall.com\/wp-content\/uploads\/2025\/02\/51100469_ChicClique-PowderBlue_Baubauwall_Wallpaper_room2.jpg\" \/>\n\t<meta property=\"og:image:width\" content=\"2400\" \/>\n\t<meta property=\"og:image:height\" content=\"1600\" \/>\n\t<meta property=\"og:image:type\" content=\"image\/jpeg\" \/>\n<meta name=\"twitter:card\" content=\"summary_large_image\" \/>\n<meta name=\"twitter:label1\" content=\"Est. reading time\" \/>\n\t<meta name=\"twitter:data1\" content=\"1 minut\" \/>\n<script type=\"application\/ld+json\" class=\"yoast-schema-graph\">{\"@context\":\"https:\/\/schema.org\",\"@graph\":[{\"@type\":\"WebPage\",\"@id\":\"https:\/\/baubauwall.com\/et\/toode\/helesinine-tapeet-chic-clique\/\",\"url\":\"https:\/\/baubauwall.com\/et\/toode\/helesinine-tapeet-chic-clique\/\",\"name\":\"Chic Clique - helesinine - l\u00f5bus tapeet l\u00f5busasse interj\u00f6\u00f6ri\",\"isPartOf\":{\"@id\":\"https:\/\/baubauwall.com\/et\/#website\"},\"primaryImageOfPage\":{\"@id\":\"https:\/\/baubauwall.com\/et\/toode\/helesinine-tapeet-chic-clique\/#primaryimage\"},\"image\":{\"@id\":\"https:\/\/baubauwall.com\/et\/toode\/helesinine-tapeet-chic-clique\/#primaryimage\"},\"thumbnailUrl\":\"https:\/\/baubauwall.com\/wp-content\/uploads\/2025\/02\/51100469_ChicClique-PowderBlue_Baubauwall_Wallpaper_room2.jpg\",\"datePublished\":\"2025-03-13T10:45:07+00:00\",\"dateModified\":\"2025-03-14T11:16:37+00:00\",\"description\":\"Helesinine, otsatult r\u00f5\u00f5mus tapeet v\u00e4iksemale seinale v\u00f5i julgelt suurele! Mahe helesinine tapeet toob tasakaalu ja harmoonia interj\u00f6\u00f6ri\",\"breadcrumb\":{\"@id\":\"https:\/\/baubauwall.com\/et\/toode\/helesinine-tapeet-chic-clique\/#breadcrumb\"},\"inLanguage\":\"et\",\"potentialAction\":[{\"@type\":\"ReadAction\",\"target\":[\"https:\/\/baubauwall.com\/et\/toode\/helesinine-tapeet-chic-clique\/\"]}]},{\"@type\":\"ImageObject\",\"inLanguage\":\"et\",\"@id\":\"https:\/\/baubauwall.com\/et\/toode\/helesinine-tapeet-chic-clique\/#primaryimage\",\"url\":\"https:\/\/baubauwall.com\/wp-content\/uploads\/2025\/02\/51100469_ChicClique-PowderBlue_Baubauwall_Wallpaper_room2.jpg\",\"contentUrl\":\"https:\/\/baubauwall.com\/wp-content\/uploads\/2025\/02\/51100469_ChicClique-PowderBlue_Baubauwall_Wallpaper_room2.jpg\",\"width\":2400,\"height\":1600,\"caption\":\"Chic Clique - Powder Blue\"},{\"@type\":\"BreadcrumbList\",\"@id\":\"https:\/\/baubauwall.com\/et\/toode\/helesinine-tapeet-chic-clique\/#breadcrumb\",\"itemListElement\":[{\"@type\":\"ListItem\",\"position\":1,\"name\":\"Koju\",\"item\":\"https:\/\/baubauwall.com\/et\/\"},{\"@type\":\"ListItem\",\"position\":2,\"name\":\"Tapeedid\",\"item\":\"https:\/\/baubauwall.com\/et\/tapeedid\/\"},{\"@type\":\"ListItem\",\"position\":3,\"name\":\"Chic Clique &#8211; helesinine\"}]},{\"@type\":\"WebSite\",\"@id\":\"https:\/\/baubauwall.com\/et\/#website\",\"url\":\"https:\/\/baubauwall.com\/et\/\",\"name\":\"BAUBAUWALL Wallpapers\",\"description\":\"Valmis paanides tapeet Eestist!\",\"publisher\":{\"@id\":\"https:\/\/baubauwall.com\/et\/#organization\"},\"potentialAction\":[{\"@type\":\"SearchAction\",\"target\":{\"@type\":\"EntryPoint\",\"urlTemplate\":\"https:\/\/baubauwall.com\/et\/?s={search_term_string}\"},\"query-input\":{\"@type\":\"PropertyValueSpecification\",\"valueRequired\":true,\"valueName\":\"search_term_string\"}}],\"inLanguage\":\"et\"},{\"@type\":\"Organization\",\"@id\":\"https:\/\/baubauwall.com\/et\/#organization\",\"name\":\"BAUBAUWALL Wallpapers\",\"url\":\"https:\/\/baubauwall.com\/et\/\",\"logo\":{\"@type\":\"ImageObject\",\"inLanguage\":\"et\",\"@id\":\"https:\/\/baubauwall.com\/et\/#\/schema\/logo\/image\/\",\"url\":\"https:\/\/baubauwall.com\/wp-content\/uploads\/2022\/03\/logo-horizontal.svg\",\"contentUrl\":\"https:\/\/baubauwall.com\/wp-content\/uploads\/2022\/03\/logo-horizontal.svg\",\"width\":\"1024\",\"height\":\"1024\",\"caption\":\"BAUBAUWALL Wallpapers\"},\"image\":{\"@id\":\"https:\/\/baubauwall.com\/et\/#\/schema\/logo\/image\/\"},\"sameAs\":[\"https:\/\/www.facebook.com\/Baubauwall\",\"https:\/\/www.instagram.com\/baubauwall\"]}]}<\/script>\n<!-- \/ Yoast SEO plugin. -->","yoast_head_json":{"title":"Chic Clique - helesinine - l\u00f5bus tapeet l\u00f5busasse interj\u00f6\u00f6ri","description":"Helesinine, otsatult r\u00f5\u00f5mus tapeet v\u00e4iksemale seinale v\u00f5i julgelt suurele! Mahe helesinine tapeet toob tasakaalu ja harmoonia interj\u00f6\u00f6ri","robots":{"index":"index","follow":"follow","max-snippet":"max-snippet:-1","max-image-preview":"max-image-preview:large","max-video-preview":"max-video-preview:-1"},"canonical":"https:\/\/baubauwall.com\/et\/toode\/helesinine-tapeet-chic-clique\/","og_locale":"et_EE","og_type":"article","og_title":"Chic Clique - helesinine - l\u00f5bus tapeet l\u00f5busasse interj\u00f6\u00f6ri","og_description":"Helesinine, otsatult r\u00f5\u00f5mus tapeet v\u00e4iksemale seinale v\u00f5i julgelt suurele! Mahe helesinine tapeet toob tasakaalu ja harmoonia interj\u00f6\u00f6ri","og_url":"https:\/\/baubauwall.com\/et\/toode\/helesinine-tapeet-chic-clique\/","og_site_name":"BAUBAUWALL TAPEEDID","article_publisher":"https:\/\/www.facebook.com\/Baubauwall","article_modified_time":"2025-03-14T11:16:37+00:00","og_image":[{"width":2400,"height":1600,"url":"https:\/\/baubauwall.com\/wp-content\/uploads\/2025\/02\/51100469_ChicClique-PowderBlue_Baubauwall_Wallpaper_room2.jpg","type":"image\/jpeg"}],"twitter_card":"summary_large_image","twitter_misc":{"Est. reading time":"1 minut"},"schema":{"@context":"https:\/\/schema.org","@graph":[{"@type":"WebPage","@id":"https:\/\/baubauwall.com\/et\/toode\/helesinine-tapeet-chic-clique\/","url":"https:\/\/baubauwall.com\/et\/toode\/helesinine-tapeet-chic-clique\/","name":"Chic Clique - helesinine - l\u00f5bus tapeet l\u00f5busasse interj\u00f6\u00f6ri","isPartOf":{"@id":"https:\/\/baubauwall.com\/et\/#website"},"primaryImageOfPage":{"@id":"https:\/\/baubauwall.com\/et\/toode\/helesinine-tapeet-chic-clique\/#primaryimage"},"image":{"@id":"https:\/\/baubauwall.com\/et\/toode\/helesinine-tapeet-chic-clique\/#primaryimage"},"thumbnailUrl":"https:\/\/baubauwall.com\/wp-content\/uploads\/2025\/02\/51100469_ChicClique-PowderBlue_Baubauwall_Wallpaper_room2.jpg","datePublished":"2025-03-13T10:45:07+00:00","dateModified":"2025-03-14T11:16:37+00:00","description":"Helesinine, otsatult r\u00f5\u00f5mus tapeet v\u00e4iksemale seinale v\u00f5i julgelt suurele! Mahe helesinine tapeet toob tasakaalu ja harmoonia interj\u00f6\u00f6ri","breadcrumb":{"@id":"https:\/\/baubauwall.com\/et\/toode\/helesinine-tapeet-chic-clique\/#breadcrumb"},"inLanguage":"et","potentialAction":[{"@type":"ReadAction","target":["https:\/\/baubauwall.com\/et\/toode\/helesinine-tapeet-chic-clique\/"]}]},{"@type":"ImageObject","inLanguage":"et","@id":"https:\/\/baubauwall.com\/et\/toode\/helesinine-tapeet-chic-clique\/#primaryimage","url":"https:\/\/baubauwall.com\/wp-content\/uploads\/2025\/02\/51100469_ChicClique-PowderBlue_Baubauwall_Wallpaper_room2.jpg","contentUrl":"https:\/\/baubauwall.com\/wp-content\/uploads\/2025\/02\/51100469_ChicClique-PowderBlue_Baubauwall_Wallpaper_room2.jpg","width":2400,"height":1600,"caption":"Chic Clique - Powder Blue"},{"@type":"BreadcrumbList","@id":"https:\/\/baubauwall.com\/et\/toode\/helesinine-tapeet-chic-clique\/#breadcrumb","itemListElement":[{"@type":"ListItem","position":1,"name":"Koju","item":"https:\/\/baubauwall.com\/et\/"},{"@type":"ListItem","position":2,"name":"Tapeedid","item":"https:\/\/baubauwall.com\/et\/tapeedid\/"},{"@type":"ListItem","position":3,"name":"Chic Clique &#8211; helesinine"}]},{"@type":"WebSite","@id":"https:\/\/baubauwall.com\/et\/#website","url":"https:\/\/baubauwall.com\/et\/","name":"BAUBAUWALL Wallpapers","description":"Valmis paanides tapeet Eestist!","publisher":{"@id":"https:\/\/baubauwall.com\/et\/#organization"},"potentialAction":[{"@type":"SearchAction","target":{"@type":"EntryPoint","urlTemplate":"https:\/\/baubauwall.com\/et\/?s={search_term_string}"},"query-input":{"@type":"PropertyValueSpecification","valueRequired":true,"valueName":"search_term_string"}}],"inLanguage":"et"},{"@type":"Organization","@id":"https:\/\/baubauwall.com\/et\/#organization","name":"BAUBAUWALL Wallpapers","url":"https:\/\/baubauwall.com\/et\/","logo":{"@type":"ImageObject","inLanguage":"et","@id":"https:\/\/baubauwall.com\/et\/#\/schema\/logo\/image\/","url":"https:\/\/baubauwall.com\/wp-content\/uploads\/2022\/03\/logo-horizontal.svg","contentUrl":"https:\/\/baubauwall.com\/wp-content\/uploads\/2022\/03\/logo-horizontal.svg","width":"1024","height":"1024","caption":"BAUBAUWALL Wallpapers"},"image":{"@id":"https:\/\/baubauwall.com\/et\/#\/schema\/logo\/image\/"},"sameAs":["https:\/\/www.facebook.com\/Baubauwall","https:\/\/www.instagram.com\/baubauwall"]}]}},"jetpack_sharing_enabled":true,"_links":{"self":[{"href":"https:\/\/baubauwall.com\/et\/wp-json\/wp\/v2\/product\/41708","targetHints":{"allow":["GET"]}}],"collection":[{"href":"https:\/\/baubauwall.com\/et\/wp-json\/wp\/v2\/product"}],"about":[{"href":"https:\/\/baubauwall.com\/et\/wp-json\/wp\/v2\/types\/product"}],"replies":[{"embeddable":true,"href":"https:\/\/baubauwall.com\/et\/wp-json\/wp\/v2\/comments?post=41708"}],"wp:featuredmedia":[{"embeddable":true,"href":"https:\/\/baubauwall.com\/et\/wp-json\/wp\/v2\/media\/47357"}],"wp:attachment":[{"href":"https:\/\/baubauwall.com\/et\/wp-json\/wp\/v2\/media?parent=41708"}],"wp:term":[{"taxonomy":"product_brand","embeddable":true,"href":"https:\/\/baubauwall.com\/et\/wp-json\/wp\/v2\/product_brand?post=41708"},{"taxonomy":"product_cat","embeddable":true,"href":"https:\/\/baubauwall.com\/et\/wp-json\/wp\/v2\/product_cat?post=41708"},{"taxonomy":"product_tag","embeddable":true,"href":"https:\/\/baubauwall.com\/et\/wp-json\/wp\/v2\/product_tag?post=41708"}],"curies":[{"name":"wp","href":"https:\/\/api.w.org\/{rel}","templated":true}]}}