{"id":41710,"date":"2025-03-13T12:29:11","date_gmt":"2025-03-13T10:29:11","guid":{"rendered":"https:\/\/baubauwall.com\/?post_type=product&#038;p=41710"},"modified":"2025-03-14T13:14:49","modified_gmt":"2025-03-14T11:14:49","slug":"kordusmustriga-tapeet-chic-clique-beez","status":"publish","type":"product","link":"https:\/\/baubauwall.com\/et\/toode\/kordusmustriga-tapeet-chic-clique-beez\/","title":{"rendered":"Chic Clique &#8211; bee\u017e"},"content":{"rendered":"<p data-start=\"4518\" data-end=\"4720\">Bee\u017e tapeet, mis sobib neile t\u00fcdrukutele, kes pole kunagi p\u00e4riselt suureks kasvanud \u2013 ega plaanigi seda! See tapeet on t\u00e4is l\u00f5busaid eklektilisi t\u00fcdrukuid, kellel on oma unikaalne stiilitunnetus. Nagu Sinulgi! Ilus tapeedivalik esikusse, magamistuppa, stuudiosse v\u00f5i interj\u00f6\u00f6ri, kus reeglid on loodud murdmiseks ja seinad v\u00e4\u00e4rivad veidi naeru.<\/p>\n<p>Kui armastad julgeid mustreid, m\u00e4ngulist disaini ja v\u00e4rvik\u00fcllust, siis <strong>Pop Nouveau<\/strong> tapeedid on t\u00e4pselt sinu jaoks loodud. See on kollektsioon m\u00e4ngulisi tapeete, mille autoriks on Ameerika disainer <strong>Elissa Bloom<\/strong>. Ta armastab v\u00e4rve ja mustreid ning muidugi sisustamist. Tema disainid on l\u00e4bi aastate leidnud oma koha m\u00f6\u00f6blitekstiilidel, vaipadel ning n\u00fc\u00fcd ka tapeetidel.<\/p>\n<p><strong>Miks valida tapeet Baubauwallist? Sest me teeme<a href=\"https:\/\/baubauwall.com\/et\/nipid\/online-tapeedistuudiost-tapeedi-tellimine-on-veel-lihtsam\/\" target=\"_blank\" rel=\"noopener\"> tapeedi valimise,<\/a> ostmise ja paigalduse lihtsaks.\u00a0<\/strong><\/p>\n<ul>\n<li>Tr\u00fckime t\u00e4pselt Sinu seina m\u00f5\u00f5dus tapeedi, siinsamas Eestis<\/li>\n<li>Just nii pikad tapeedipaanid, kui on Sinu sein<\/li>\n<li>Premium, matt fliistapeedi materjal, 100% taaskasutatud kiust<\/li>\n<li>M\u00fcrgivabad tr\u00fckiv\u00e4rvid, Greenguard sertifitseeritud<\/li>\n<li>Keskkonnas\u00f5bralik, j\u00e4\u00e4tmevaba tapeetimine<\/li>\n<li>Tasuta tapeediliim<\/li>\n<li>Tasuta transport ja kiire tarne 5 t\u00f6\u00f6p\u00e4evaga. Sina oota vaid s\u00f5numit paki saabumisest!<\/li>\n<\/ul>\n","protected":false},"excerpt":{"rendered":"<p>Bee\u017e tapeet, mis sobib neile t\u00fcdrukutele, kes pole kunagi p\u00e4riselt suureks kasvanud \u2013 ega plaanigi seda! See tapeet on t\u00e4is l\u00f5busaid eklektilisi t\u00fcdrukuid, kellel on oma unikaalne stiilitunnetus. Nagu Sinulgi! Ilus tapeedivalik esikusse, magamistuppa, stuudiosse v\u00f5i interj\u00f6\u00f6ri, kus reeglid on loodud murdmiseks ja seinad v\u00e4\u00e4rivad veidi naeru. Kui armastad julgeid mustreid, m\u00e4ngulist disaini ja v\u00e4rvik\u00fcllust, [&hellip;]<\/p>\n","protected":false},"featured_media":41795,"comment_status":"open","ping_status":"closed","template":"","meta":{"_acf_changed":false,"inline_featured_image":false},"product_brand":[],"product_cat":[766,386,388,265,273,276,752,413,400,416,399,402,412],"product_tag":[584,320,832],"class_list":{"0":"post-41710","1":"product","2":"type-product","3":"status-publish","4":"has-post-thumbnail","6":"product_cat-elissa-bloom-tapeedid-et","7":"product_cat-kordusmustriga-tapeedid","8":"product_cat-vintage-et","9":"product_cat-beezid-tapeedid","10":"product_cat-heledad-tapeedid","11":"product_cat-pastelsed-tapeedid","12":"product_cat-avalik-ruum","13":"product_cat-magamistoa-tapeedid","14":"product_cat-lastetoa-tapeedid","15":"product_cat-esiku-tapeedid","16":"product_cat-kodukontori-tapeedid","17":"product_cat-elutoa-tapeedid","18":"product_cat-vannitoa-tapeedid","19":"product_tag-boho-et","20":"product_tag-kasitoo","21":"product_tag-kordusmustriga-tapeedid","22":"pa_designedby-elissa-bloom","24":"first","25":"instock","26":"taxable","27":"shipping-taxable","28":"purchasable","29":"product-type-simple"},"acf":[],"yoast_head":"<!-- This site is optimized with the Yoast SEO plugin v25.9 - https:\/\/yoast.com\/wordpress\/plugins\/seo\/ -->\n<title>Bee\u017e tapeet Chic Clique. Elissa Bloom tapeedikollektsioon<\/title>\n<meta name=\"description\" content=\"Bee\u017e tapeet, mille mahedat tausta tasakaalustavad l\u00f5busad naisfiguurid. Bee\u017ei, heledat tapeeti on lihtne siduda interj\u00f6\u00f6ri muude detailidega!\" \/>\n<meta name=\"robots\" content=\"index, follow, max-snippet:-1, max-image-preview:large, max-video-preview:-1\" \/>\n<link rel=\"canonical\" href=\"https:\/\/baubauwall.com\/et\/toode\/kordusmustriga-tapeet-chic-clique-beez\/\" \/>\n<meta property=\"og:locale\" content=\"et_EE\" \/>\n<meta property=\"og:type\" content=\"article\" \/>\n<meta property=\"og:title\" content=\"Bee\u017e tapeet Chic Clique. Elissa Bloom tapeedikollektsioon\" \/>\n<meta property=\"og:description\" content=\"Bee\u017e tapeet, mille mahedat tausta tasakaalustavad l\u00f5busad naisfiguurid. Bee\u017ei, heledat tapeeti on lihtne siduda interj\u00f6\u00f6ri muude detailidega!\" \/>\n<meta property=\"og:url\" content=\"https:\/\/baubauwall.com\/et\/toode\/kordusmustriga-tapeet-chic-clique-beez\/\" \/>\n<meta property=\"og:site_name\" content=\"BAUBAUWALL Wallpapers\" \/>\n<meta property=\"article:publisher\" content=\"https:\/\/www.facebook.com\/Baubauwall\" \/>\n<meta property=\"article:modified_time\" content=\"2025-03-14T11:14:49+00:00\" \/>\n<meta property=\"og:image\" content=\"https:\/\/baubauwall.com\/wp-content\/uploads\/2025\/03\/51100470_ChicClique-WarmTaupe_Baubauwall_Wallpaper_room3.jpg\" \/>\n\t<meta property=\"og:image:width\" content=\"2400\" \/>\n\t<meta property=\"og:image:height\" content=\"1600\" \/>\n\t<meta property=\"og:image:type\" content=\"image\/jpeg\" \/>\n<meta name=\"twitter:card\" content=\"summary_large_image\" \/>\n<meta name=\"twitter:label1\" content=\"Est. reading time\" \/>\n\t<meta name=\"twitter:data1\" content=\"1 minut\" \/>\n<script type=\"application\/ld+json\" class=\"yoast-schema-graph\">{\"@context\":\"https:\/\/schema.org\",\"@graph\":[{\"@type\":\"WebPage\",\"@id\":\"https:\/\/baubauwall.com\/et\/toode\/kordusmustriga-tapeet-chic-clique-beez\/\",\"url\":\"https:\/\/baubauwall.com\/et\/toode\/kordusmustriga-tapeet-chic-clique-beez\/\",\"name\":\"Bee\u017e tapeet Chic Clique. Elissa Bloom tapeedikollektsioon\",\"isPartOf\":{\"@id\":\"https:\/\/baubauwall.com\/et\/#website\"},\"primaryImageOfPage\":{\"@id\":\"https:\/\/baubauwall.com\/et\/toode\/kordusmustriga-tapeet-chic-clique-beez\/#primaryimage\"},\"image\":{\"@id\":\"https:\/\/baubauwall.com\/et\/toode\/kordusmustriga-tapeet-chic-clique-beez\/#primaryimage\"},\"thumbnailUrl\":\"https:\/\/baubauwall.com\/wp-content\/uploads\/2025\/03\/51100470_ChicClique-WarmTaupe_Baubauwall_Wallpaper_room3.jpg\",\"datePublished\":\"2025-03-13T10:29:11+00:00\",\"dateModified\":\"2025-03-14T11:14:49+00:00\",\"description\":\"Bee\u017e tapeet, mille mahedat tausta tasakaalustavad l\u00f5busad naisfiguurid. Bee\u017ei, heledat tapeeti on lihtne siduda interj\u00f6\u00f6ri muude detailidega!\",\"breadcrumb\":{\"@id\":\"https:\/\/baubauwall.com\/et\/toode\/kordusmustriga-tapeet-chic-clique-beez\/#breadcrumb\"},\"inLanguage\":\"et\",\"potentialAction\":[{\"@type\":\"ReadAction\",\"target\":[\"https:\/\/baubauwall.com\/et\/toode\/kordusmustriga-tapeet-chic-clique-beez\/\"]}]},{\"@type\":\"ImageObject\",\"inLanguage\":\"et\",\"@id\":\"https:\/\/baubauwall.com\/et\/toode\/kordusmustriga-tapeet-chic-clique-beez\/#primaryimage\",\"url\":\"https:\/\/baubauwall.com\/wp-content\/uploads\/2025\/03\/51100470_ChicClique-WarmTaupe_Baubauwall_Wallpaper_room3.jpg\",\"contentUrl\":\"https:\/\/baubauwall.com\/wp-content\/uploads\/2025\/03\/51100470_ChicClique-WarmTaupe_Baubauwall_Wallpaper_room3.jpg\",\"width\":2400,\"height\":1600,\"caption\":\"Beige wallpaper with figures of girls. Wallpaper set on the accent wall of a bedroom\"},{\"@type\":\"BreadcrumbList\",\"@id\":\"https:\/\/baubauwall.com\/et\/toode\/kordusmustriga-tapeet-chic-clique-beez\/#breadcrumb\",\"itemListElement\":[{\"@type\":\"ListItem\",\"position\":1,\"name\":\"Koju\",\"item\":\"https:\/\/baubauwall.com\/et\/\"},{\"@type\":\"ListItem\",\"position\":2,\"name\":\"Tapeedid\",\"item\":\"https:\/\/baubauwall.com\/et\/tapeedid\/\"},{\"@type\":\"ListItem\",\"position\":3,\"name\":\"Chic Clique &#8211; bee\u017e\"}]},{\"@type\":\"WebSite\",\"@id\":\"https:\/\/baubauwall.com\/et\/#website\",\"url\":\"https:\/\/baubauwall.com\/et\/\",\"name\":\"BAUBAUWALL Wallpapers\",\"description\":\"Valmis paanides tapeet Eestist!\",\"publisher\":{\"@id\":\"https:\/\/baubauwall.com\/et\/#organization\"},\"potentialAction\":[{\"@type\":\"SearchAction\",\"target\":{\"@type\":\"EntryPoint\",\"urlTemplate\":\"https:\/\/baubauwall.com\/et\/?s={search_term_string}\"},\"query-input\":{\"@type\":\"PropertyValueSpecification\",\"valueRequired\":true,\"valueName\":\"search_term_string\"}}],\"inLanguage\":\"et\"},{\"@type\":\"Organization\",\"@id\":\"https:\/\/baubauwall.com\/et\/#organization\",\"name\":\"BAUBAUWALL Wallpapers\",\"url\":\"https:\/\/baubauwall.com\/et\/\",\"logo\":{\"@type\":\"ImageObject\",\"inLanguage\":\"et\",\"@id\":\"https:\/\/baubauwall.com\/et\/#\/schema\/logo\/image\/\",\"url\":\"https:\/\/baubauwall.com\/wp-content\/uploads\/2022\/03\/logo-horizontal.svg\",\"contentUrl\":\"https:\/\/baubauwall.com\/wp-content\/uploads\/2022\/03\/logo-horizontal.svg\",\"width\":\"1024\",\"height\":\"1024\",\"caption\":\"BAUBAUWALL Wallpapers\"},\"image\":{\"@id\":\"https:\/\/baubauwall.com\/et\/#\/schema\/logo\/image\/\"},\"sameAs\":[\"https:\/\/www.facebook.com\/Baubauwall\",\"https:\/\/www.instagram.com\/baubauwall\"]}]}<\/script>\n<!-- \/ Yoast SEO plugin. -->","yoast_head_json":{"title":"Bee\u017e tapeet Chic Clique. Elissa Bloom tapeedikollektsioon","description":"Bee\u017e tapeet, mille mahedat tausta tasakaalustavad l\u00f5busad naisfiguurid. Bee\u017ei, heledat tapeeti on lihtne siduda interj\u00f6\u00f6ri muude detailidega!","robots":{"index":"index","follow":"follow","max-snippet":"max-snippet:-1","max-image-preview":"max-image-preview:large","max-video-preview":"max-video-preview:-1"},"canonical":"https:\/\/baubauwall.com\/et\/toode\/kordusmustriga-tapeet-chic-clique-beez\/","og_locale":"et_EE","og_type":"article","og_title":"Bee\u017e tapeet Chic Clique. Elissa Bloom tapeedikollektsioon","og_description":"Bee\u017e tapeet, mille mahedat tausta tasakaalustavad l\u00f5busad naisfiguurid. Bee\u017ei, heledat tapeeti on lihtne siduda interj\u00f6\u00f6ri muude detailidega!","og_url":"https:\/\/baubauwall.com\/et\/toode\/kordusmustriga-tapeet-chic-clique-beez\/","og_site_name":"BAUBAUWALL Wallpapers","article_publisher":"https:\/\/www.facebook.com\/Baubauwall","article_modified_time":"2025-03-14T11:14:49+00:00","og_image":[{"width":2400,"height":1600,"url":"https:\/\/baubauwall.com\/wp-content\/uploads\/2025\/03\/51100470_ChicClique-WarmTaupe_Baubauwall_Wallpaper_room3.jpg","type":"image\/jpeg"}],"twitter_card":"summary_large_image","twitter_misc":{"Est. reading time":"1 minut"},"schema":{"@context":"https:\/\/schema.org","@graph":[{"@type":"WebPage","@id":"https:\/\/baubauwall.com\/et\/toode\/kordusmustriga-tapeet-chic-clique-beez\/","url":"https:\/\/baubauwall.com\/et\/toode\/kordusmustriga-tapeet-chic-clique-beez\/","name":"Bee\u017e tapeet Chic Clique. Elissa Bloom tapeedikollektsioon","isPartOf":{"@id":"https:\/\/baubauwall.com\/et\/#website"},"primaryImageOfPage":{"@id":"https:\/\/baubauwall.com\/et\/toode\/kordusmustriga-tapeet-chic-clique-beez\/#primaryimage"},"image":{"@id":"https:\/\/baubauwall.com\/et\/toode\/kordusmustriga-tapeet-chic-clique-beez\/#primaryimage"},"thumbnailUrl":"https:\/\/baubauwall.com\/wp-content\/uploads\/2025\/03\/51100470_ChicClique-WarmTaupe_Baubauwall_Wallpaper_room3.jpg","datePublished":"2025-03-13T10:29:11+00:00","dateModified":"2025-03-14T11:14:49+00:00","description":"Bee\u017e tapeet, mille mahedat tausta tasakaalustavad l\u00f5busad naisfiguurid. Bee\u017ei, heledat tapeeti on lihtne siduda interj\u00f6\u00f6ri muude detailidega!","breadcrumb":{"@id":"https:\/\/baubauwall.com\/et\/toode\/kordusmustriga-tapeet-chic-clique-beez\/#breadcrumb"},"inLanguage":"et","potentialAction":[{"@type":"ReadAction","target":["https:\/\/baubauwall.com\/et\/toode\/kordusmustriga-tapeet-chic-clique-beez\/"]}]},{"@type":"ImageObject","inLanguage":"et","@id":"https:\/\/baubauwall.com\/et\/toode\/kordusmustriga-tapeet-chic-clique-beez\/#primaryimage","url":"https:\/\/baubauwall.com\/wp-content\/uploads\/2025\/03\/51100470_ChicClique-WarmTaupe_Baubauwall_Wallpaper_room3.jpg","contentUrl":"https:\/\/baubauwall.com\/wp-content\/uploads\/2025\/03\/51100470_ChicClique-WarmTaupe_Baubauwall_Wallpaper_room3.jpg","width":2400,"height":1600,"caption":"Beige wallpaper with figures of girls. Wallpaper set on the accent wall of a bedroom"},{"@type":"BreadcrumbList","@id":"https:\/\/baubauwall.com\/et\/toode\/kordusmustriga-tapeet-chic-clique-beez\/#breadcrumb","itemListElement":[{"@type":"ListItem","position":1,"name":"Koju","item":"https:\/\/baubauwall.com\/et\/"},{"@type":"ListItem","position":2,"name":"Tapeedid","item":"https:\/\/baubauwall.com\/et\/tapeedid\/"},{"@type":"ListItem","position":3,"name":"Chic Clique &#8211; bee\u017e"}]},{"@type":"WebSite","@id":"https:\/\/baubauwall.com\/et\/#website","url":"https:\/\/baubauwall.com\/et\/","name":"BAUBAUWALL Wallpapers","description":"Valmis paanides tapeet Eestist!","publisher":{"@id":"https:\/\/baubauwall.com\/et\/#organization"},"potentialAction":[{"@type":"SearchAction","target":{"@type":"EntryPoint","urlTemplate":"https:\/\/baubauwall.com\/et\/?s={search_term_string}"},"query-input":{"@type":"PropertyValueSpecification","valueRequired":true,"valueName":"search_term_string"}}],"inLanguage":"et"},{"@type":"Organization","@id":"https:\/\/baubauwall.com\/et\/#organization","name":"BAUBAUWALL Wallpapers","url":"https:\/\/baubauwall.com\/et\/","logo":{"@type":"ImageObject","inLanguage":"et","@id":"https:\/\/baubauwall.com\/et\/#\/schema\/logo\/image\/","url":"https:\/\/baubauwall.com\/wp-content\/uploads\/2022\/03\/logo-horizontal.svg","contentUrl":"https:\/\/baubauwall.com\/wp-content\/uploads\/2022\/03\/logo-horizontal.svg","width":"1024","height":"1024","caption":"BAUBAUWALL Wallpapers"},"image":{"@id":"https:\/\/baubauwall.com\/et\/#\/schema\/logo\/image\/"},"sameAs":["https:\/\/www.facebook.com\/Baubauwall","https:\/\/www.instagram.com\/baubauwall"]}]}},"jetpack_sharing_enabled":true,"_links":{"self":[{"href":"https:\/\/baubauwall.com\/et\/wp-json\/wp\/v2\/product\/41710","targetHints":{"allow":["GET"]}}],"collection":[{"href":"https:\/\/baubauwall.com\/et\/wp-json\/wp\/v2\/product"}],"about":[{"href":"https:\/\/baubauwall.com\/et\/wp-json\/wp\/v2\/types\/product"}],"replies":[{"embeddable":true,"href":"https:\/\/baubauwall.com\/et\/wp-json\/wp\/v2\/comments?post=41710"}],"wp:featuredmedia":[{"embeddable":true,"href":"https:\/\/baubauwall.com\/et\/wp-json\/wp\/v2\/media\/41795"}],"wp:attachment":[{"href":"https:\/\/baubauwall.com\/et\/wp-json\/wp\/v2\/media?parent=41710"}],"wp:term":[{"taxonomy":"product_brand","embeddable":true,"href":"https:\/\/baubauwall.com\/et\/wp-json\/wp\/v2\/product_brand?post=41710"},{"taxonomy":"product_cat","embeddable":true,"href":"https:\/\/baubauwall.com\/et\/wp-json\/wp\/v2\/product_cat?post=41710"},{"taxonomy":"product_tag","embeddable":true,"href":"https:\/\/baubauwall.com\/et\/wp-json\/wp\/v2\/product_tag?post=41710"}],"curies":[{"name":"wp","href":"https:\/\/api.w.org\/{rel}","templated":true}]}}