{"id":41712,"date":"2025-03-13T12:45:08","date_gmt":"2025-03-13T10:45:08","guid":{"rendered":"https:\/\/baubauwall.com\/?post_type=product&#038;p=41712"},"modified":"2025-03-14T13:23:42","modified_gmt":"2025-03-14T11:23:42","slug":"kordusmustriga-tapeet-paraadportreed","status":"publish","type":"product","link":"https:\/\/baubauwall.com\/et\/toode\/kordusmustriga-tapeet-paraadportreed\/","title":{"rendered":"Paraadportreed"},"content":{"rendered":"<p data-start=\"3131\" data-end=\"3287\">Olgem ausad, seinad ei peaks kunagi olema igavad. Tapeet &#8220;Paraadportreed&#8221; on t\u00e4is v\u00e4rvikaid ja omap\u00e4raseid tegelasi, iga\u00fcks oma stiili ja isikup\u00e4raga. Kordusmustriga tapeedi selle julge tapeediga oma kodukontori v\u00f5i stuudio sein ja Sa ei pea kunagi muretsema selle \u00fcle, kust inspiratsiooni ammutada. See tapeet lisab s\u00e4rtsu!<\/p>\n<p data-start=\"3131\" data-end=\"3287\">Tapeedi autor on Ameerika disainer <a href=\"http:\/\/www.elissaboom.com\">Elissa Bloom<\/a>. Elissa jumaldab v\u00e4rve ja k\u00fclluslikke mustreid. <em data-start=\"981\" data-end=\"1099\">&#8220;<\/em>Ma tahan, et inimesed m\u00e4ngiksid oma sisekujundusega ning \u00fcmbritseksid end mustrite ja v\u00e4rvidega, mis toovad r\u00f5\u00f5mu,&#8221; \u00fctleb Bloom. Just seda on see l\u00f5bus tapeet!<\/p>\n<p><strong>Miks valida tapeet Baubauwallist? Sest me teeme tapeedi valimise, ostmise ja paigalduse lihtsaks.\u00a0<\/strong><\/p>\n<ul>\n<li>Tr\u00fckime t\u00e4pselt Sinu seina m\u00f5\u00f5dus tapeedi, siinsamas Eestis<\/li>\n<li>Just nii pikad tapeedipaanid, kui on Sinu sein<\/li>\n<li>Premium, matt fliistapeedi materjal, 100% taaskasutatud kiust<\/li>\n<li>M\u00fcrgivabad tr\u00fckiv\u00e4rvid, Greenguard sertifitseeritud<\/li>\n<li>Keskkonnas\u00f5bralik, j\u00e4\u00e4tmevaba tapeetimine<\/li>\n<li>Tasuta tapeediliim<\/li>\n<li>Tasuta transport ja kiire tarne 5 t\u00f6\u00f6p\u00e4evaga<\/li>\n<\/ul>\n","protected":false},"excerpt":{"rendered":"<p>Olgem ausad, seinad ei peaks kunagi olema igavad. Tapeet &#8220;Paraadportreed&#8221; on t\u00e4is v\u00e4rvikaid ja omap\u00e4raseid tegelasi, iga\u00fcks oma stiili ja isikup\u00e4raga. Kordusmustriga tapeedi selle julge tapeediga oma kodukontori v\u00f5i stuudio sein ja Sa ei pea kunagi muretsema selle \u00fcle, kust inspiratsiooni ammutada. See tapeet lisab s\u00e4rtsu! Tapeedi autor on Ameerika disainer Elissa Bloom. Elissa jumaldab [&hellip;]<\/p>\n","protected":false},"featured_media":41240,"comment_status":"open","ping_status":"closed","template":"","meta":{"_acf_changed":false,"inline_featured_image":false},"product_brand":[],"product_cat":[766,386,622,447,394,268,269,270,752,414,415,399,402,412],"product_tag":[320],"class_list":{"0":"post-41712","1":"product","2":"type-product","3":"status-publish","4":"has-post-thumbnail","6":"product_cat-elissa-bloom-tapeedid-et","7":"product_cat-kordusmustriga-tapeedid","8":"product_cat-julged-tapeedid","9":"product_cat-maksimalistlik-et","10":"product_cat-rikkalik","11":"product_cat-kirkad-tapeedid","12":"product_cat-pruunid-tapeedid","13":"product_cat-tumedad-tapeedid","14":"product_cat-avalik-ruum","15":"product_cat-soogitoa-tapeedid","16":"product_cat-kulalistetoa-tapeedid","17":"product_cat-kodukontori-tapeedid","18":"product_cat-elutoa-tapeedid","19":"product_cat-vannitoa-tapeedid","20":"product_tag-kasitoo","21":"pa_designedby-elissa-bloom","23":"first","24":"instock","25":"taxable","26":"shipping-taxable","27":"purchasable","28":"product-type-simple"},"acf":[],"yoast_head":"<!-- This site is optimized with the Yoast SEO plugin v25.9 - https:\/\/yoast.com\/wordpress\/plugins\/seo\/ -->\n<title>Kordusmustriga tapeet Paraadportreed - BAUBAUWALL TAPEEDID Tapeedid<\/title>\n<meta name=\"description\" content=\"Kordusmustriga tapeet t\u00e4is kordumatuid portreid! Pruunides toonides l\u00f5bus ja julge tapeet. Elissa Bloom tapeedikollektsioon\" \/>\n<meta name=\"robots\" content=\"index, follow, max-snippet:-1, max-image-preview:large, max-video-preview:-1\" \/>\n<link rel=\"canonical\" href=\"https:\/\/baubauwall.com\/et\/toode\/kordusmustriga-tapeet-paraadportreed\/\" \/>\n<meta property=\"og:locale\" content=\"et_EE\" \/>\n<meta property=\"og:type\" content=\"article\" \/>\n<meta property=\"og:title\" content=\"Kordusmustriga tapeet Paraadportreed - BAUBAUWALL TAPEEDID Tapeedid\" \/>\n<meta property=\"og:description\" content=\"Kordusmustriga tapeet t\u00e4is kordumatuid portreid! Pruunides toonides l\u00f5bus ja julge tapeet. Elissa Bloom tapeedikollektsioon\" \/>\n<meta property=\"og:url\" content=\"https:\/\/baubauwall.com\/et\/toode\/kordusmustriga-tapeet-paraadportreed\/\" \/>\n<meta property=\"og:site_name\" content=\"BAUBAUWALL TAPEEDID\" \/>\n<meta property=\"article:publisher\" content=\"https:\/\/www.facebook.com\/Baubauwall\" \/>\n<meta property=\"article:modified_time\" content=\"2025-03-14T11:23:42+00:00\" \/>\n<meta property=\"og:image\" content=\"https:\/\/baubauwall.com\/wp-content\/uploads\/2024\/11\/51100472_PortraitParadeVannituba12_490x490.jpg\" \/>\n\t<meta property=\"og:image:width\" content=\"2400\" \/>\n\t<meta property=\"og:image:height\" content=\"1600\" \/>\n\t<meta property=\"og:image:type\" content=\"image\/jpeg\" \/>\n<meta name=\"twitter:card\" content=\"summary_large_image\" \/>\n<meta name=\"twitter:label1\" content=\"Est. reading time\" \/>\n\t<meta name=\"twitter:data1\" content=\"1 minut\" \/>\n<script type=\"application\/ld+json\" class=\"yoast-schema-graph\">{\"@context\":\"https:\/\/schema.org\",\"@graph\":[{\"@type\":\"WebPage\",\"@id\":\"https:\/\/baubauwall.com\/et\/toode\/kordusmustriga-tapeet-paraadportreed\/\",\"url\":\"https:\/\/baubauwall.com\/et\/toode\/kordusmustriga-tapeet-paraadportreed\/\",\"name\":\"Kordusmustriga tapeet Paraadportreed - BAUBAUWALL TAPEEDID Tapeedid\",\"isPartOf\":{\"@id\":\"https:\/\/baubauwall.com\/et\/#website\"},\"primaryImageOfPage\":{\"@id\":\"https:\/\/baubauwall.com\/et\/toode\/kordusmustriga-tapeet-paraadportreed\/#primaryimage\"},\"image\":{\"@id\":\"https:\/\/baubauwall.com\/et\/toode\/kordusmustriga-tapeet-paraadportreed\/#primaryimage\"},\"thumbnailUrl\":\"https:\/\/baubauwall.com\/wp-content\/uploads\/2024\/11\/51100472_PortraitParadeVannituba12_490x490.jpg\",\"datePublished\":\"2025-03-13T10:45:08+00:00\",\"dateModified\":\"2025-03-14T11:23:42+00:00\",\"description\":\"Kordusmustriga tapeet t\u00e4is kordumatuid portreid! Pruunides toonides l\u00f5bus ja julge tapeet. Elissa Bloom tapeedikollektsioon\",\"breadcrumb\":{\"@id\":\"https:\/\/baubauwall.com\/et\/toode\/kordusmustriga-tapeet-paraadportreed\/#breadcrumb\"},\"inLanguage\":\"et\",\"potentialAction\":[{\"@type\":\"ReadAction\",\"target\":[\"https:\/\/baubauwall.com\/et\/toode\/kordusmustriga-tapeet-paraadportreed\/\"]}]},{\"@type\":\"ImageObject\",\"inLanguage\":\"et\",\"@id\":\"https:\/\/baubauwall.com\/et\/toode\/kordusmustriga-tapeet-paraadportreed\/#primaryimage\",\"url\":\"https:\/\/baubauwall.com\/wp-content\/uploads\/2024\/11\/51100472_PortraitParadeVannituba12_490x490.jpg\",\"contentUrl\":\"https:\/\/baubauwall.com\/wp-content\/uploads\/2024\/11\/51100472_PortraitParadeVannituba12_490x490.jpg\",\"width\":2400,\"height\":1600,\"caption\":\"A moody and fun wallpaper featuring numerous stylized human faces with various hairstyles, skin tones, and expressions. Part of Elissa Bloom wallpaper collection\"},{\"@type\":\"BreadcrumbList\",\"@id\":\"https:\/\/baubauwall.com\/et\/toode\/kordusmustriga-tapeet-paraadportreed\/#breadcrumb\",\"itemListElement\":[{\"@type\":\"ListItem\",\"position\":1,\"name\":\"Koju\",\"item\":\"https:\/\/baubauwall.com\/et\/\"},{\"@type\":\"ListItem\",\"position\":2,\"name\":\"Tapeedid\",\"item\":\"https:\/\/baubauwall.com\/et\/tapeedid\/\"},{\"@type\":\"ListItem\",\"position\":3,\"name\":\"Paraadportreed\"}]},{\"@type\":\"WebSite\",\"@id\":\"https:\/\/baubauwall.com\/et\/#website\",\"url\":\"https:\/\/baubauwall.com\/et\/\",\"name\":\"BAUBAUWALL Wallpapers\",\"description\":\"Valmis paanides tapeet Eestist!\",\"publisher\":{\"@id\":\"https:\/\/baubauwall.com\/et\/#organization\"},\"potentialAction\":[{\"@type\":\"SearchAction\",\"target\":{\"@type\":\"EntryPoint\",\"urlTemplate\":\"https:\/\/baubauwall.com\/et\/?s={search_term_string}\"},\"query-input\":{\"@type\":\"PropertyValueSpecification\",\"valueRequired\":true,\"valueName\":\"search_term_string\"}}],\"inLanguage\":\"et\"},{\"@type\":\"Organization\",\"@id\":\"https:\/\/baubauwall.com\/et\/#organization\",\"name\":\"BAUBAUWALL Wallpapers\",\"url\":\"https:\/\/baubauwall.com\/et\/\",\"logo\":{\"@type\":\"ImageObject\",\"inLanguage\":\"et\",\"@id\":\"https:\/\/baubauwall.com\/et\/#\/schema\/logo\/image\/\",\"url\":\"https:\/\/baubauwall.com\/wp-content\/uploads\/2022\/03\/logo-horizontal.svg\",\"contentUrl\":\"https:\/\/baubauwall.com\/wp-content\/uploads\/2022\/03\/logo-horizontal.svg\",\"width\":\"1024\",\"height\":\"1024\",\"caption\":\"BAUBAUWALL Wallpapers\"},\"image\":{\"@id\":\"https:\/\/baubauwall.com\/et\/#\/schema\/logo\/image\/\"},\"sameAs\":[\"https:\/\/www.facebook.com\/Baubauwall\",\"https:\/\/www.instagram.com\/baubauwall\"]}]}<\/script>\n<!-- \/ Yoast SEO plugin. -->","yoast_head_json":{"title":"Kordusmustriga tapeet Paraadportreed - BAUBAUWALL TAPEEDID Tapeedid","description":"Kordusmustriga tapeet t\u00e4is kordumatuid portreid! Pruunides toonides l\u00f5bus ja julge tapeet. Elissa Bloom tapeedikollektsioon","robots":{"index":"index","follow":"follow","max-snippet":"max-snippet:-1","max-image-preview":"max-image-preview:large","max-video-preview":"max-video-preview:-1"},"canonical":"https:\/\/baubauwall.com\/et\/toode\/kordusmustriga-tapeet-paraadportreed\/","og_locale":"et_EE","og_type":"article","og_title":"Kordusmustriga tapeet Paraadportreed - BAUBAUWALL TAPEEDID Tapeedid","og_description":"Kordusmustriga tapeet t\u00e4is kordumatuid portreid! Pruunides toonides l\u00f5bus ja julge tapeet. Elissa Bloom tapeedikollektsioon","og_url":"https:\/\/baubauwall.com\/et\/toode\/kordusmustriga-tapeet-paraadportreed\/","og_site_name":"BAUBAUWALL TAPEEDID","article_publisher":"https:\/\/www.facebook.com\/Baubauwall","article_modified_time":"2025-03-14T11:23:42+00:00","og_image":[{"width":2400,"height":1600,"url":"https:\/\/baubauwall.com\/wp-content\/uploads\/2024\/11\/51100472_PortraitParadeVannituba12_490x490.jpg","type":"image\/jpeg"}],"twitter_card":"summary_large_image","twitter_misc":{"Est. reading time":"1 minut"},"schema":{"@context":"https:\/\/schema.org","@graph":[{"@type":"WebPage","@id":"https:\/\/baubauwall.com\/et\/toode\/kordusmustriga-tapeet-paraadportreed\/","url":"https:\/\/baubauwall.com\/et\/toode\/kordusmustriga-tapeet-paraadportreed\/","name":"Kordusmustriga tapeet Paraadportreed - BAUBAUWALL TAPEEDID Tapeedid","isPartOf":{"@id":"https:\/\/baubauwall.com\/et\/#website"},"primaryImageOfPage":{"@id":"https:\/\/baubauwall.com\/et\/toode\/kordusmustriga-tapeet-paraadportreed\/#primaryimage"},"image":{"@id":"https:\/\/baubauwall.com\/et\/toode\/kordusmustriga-tapeet-paraadportreed\/#primaryimage"},"thumbnailUrl":"https:\/\/baubauwall.com\/wp-content\/uploads\/2024\/11\/51100472_PortraitParadeVannituba12_490x490.jpg","datePublished":"2025-03-13T10:45:08+00:00","dateModified":"2025-03-14T11:23:42+00:00","description":"Kordusmustriga tapeet t\u00e4is kordumatuid portreid! Pruunides toonides l\u00f5bus ja julge tapeet. Elissa Bloom tapeedikollektsioon","breadcrumb":{"@id":"https:\/\/baubauwall.com\/et\/toode\/kordusmustriga-tapeet-paraadportreed\/#breadcrumb"},"inLanguage":"et","potentialAction":[{"@type":"ReadAction","target":["https:\/\/baubauwall.com\/et\/toode\/kordusmustriga-tapeet-paraadportreed\/"]}]},{"@type":"ImageObject","inLanguage":"et","@id":"https:\/\/baubauwall.com\/et\/toode\/kordusmustriga-tapeet-paraadportreed\/#primaryimage","url":"https:\/\/baubauwall.com\/wp-content\/uploads\/2024\/11\/51100472_PortraitParadeVannituba12_490x490.jpg","contentUrl":"https:\/\/baubauwall.com\/wp-content\/uploads\/2024\/11\/51100472_PortraitParadeVannituba12_490x490.jpg","width":2400,"height":1600,"caption":"A moody and fun wallpaper featuring numerous stylized human faces with various hairstyles, skin tones, and expressions. Part of Elissa Bloom wallpaper collection"},{"@type":"BreadcrumbList","@id":"https:\/\/baubauwall.com\/et\/toode\/kordusmustriga-tapeet-paraadportreed\/#breadcrumb","itemListElement":[{"@type":"ListItem","position":1,"name":"Koju","item":"https:\/\/baubauwall.com\/et\/"},{"@type":"ListItem","position":2,"name":"Tapeedid","item":"https:\/\/baubauwall.com\/et\/tapeedid\/"},{"@type":"ListItem","position":3,"name":"Paraadportreed"}]},{"@type":"WebSite","@id":"https:\/\/baubauwall.com\/et\/#website","url":"https:\/\/baubauwall.com\/et\/","name":"BAUBAUWALL Wallpapers","description":"Valmis paanides tapeet Eestist!","publisher":{"@id":"https:\/\/baubauwall.com\/et\/#organization"},"potentialAction":[{"@type":"SearchAction","target":{"@type":"EntryPoint","urlTemplate":"https:\/\/baubauwall.com\/et\/?s={search_term_string}"},"query-input":{"@type":"PropertyValueSpecification","valueRequired":true,"valueName":"search_term_string"}}],"inLanguage":"et"},{"@type":"Organization","@id":"https:\/\/baubauwall.com\/et\/#organization","name":"BAUBAUWALL Wallpapers","url":"https:\/\/baubauwall.com\/et\/","logo":{"@type":"ImageObject","inLanguage":"et","@id":"https:\/\/baubauwall.com\/et\/#\/schema\/logo\/image\/","url":"https:\/\/baubauwall.com\/wp-content\/uploads\/2022\/03\/logo-horizontal.svg","contentUrl":"https:\/\/baubauwall.com\/wp-content\/uploads\/2022\/03\/logo-horizontal.svg","width":"1024","height":"1024","caption":"BAUBAUWALL Wallpapers"},"image":{"@id":"https:\/\/baubauwall.com\/et\/#\/schema\/logo\/image\/"},"sameAs":["https:\/\/www.facebook.com\/Baubauwall","https:\/\/www.instagram.com\/baubauwall"]}]}},"jetpack_sharing_enabled":true,"_links":{"self":[{"href":"https:\/\/baubauwall.com\/et\/wp-json\/wp\/v2\/product\/41712","targetHints":{"allow":["GET"]}}],"collection":[{"href":"https:\/\/baubauwall.com\/et\/wp-json\/wp\/v2\/product"}],"about":[{"href":"https:\/\/baubauwall.com\/et\/wp-json\/wp\/v2\/types\/product"}],"replies":[{"embeddable":true,"href":"https:\/\/baubauwall.com\/et\/wp-json\/wp\/v2\/comments?post=41712"}],"wp:featuredmedia":[{"embeddable":true,"href":"https:\/\/baubauwall.com\/et\/wp-json\/wp\/v2\/media\/41240"}],"wp:attachment":[{"href":"https:\/\/baubauwall.com\/et\/wp-json\/wp\/v2\/media?parent=41712"}],"wp:term":[{"taxonomy":"product_brand","embeddable":true,"href":"https:\/\/baubauwall.com\/et\/wp-json\/wp\/v2\/product_brand?post=41712"},{"taxonomy":"product_cat","embeddable":true,"href":"https:\/\/baubauwall.com\/et\/wp-json\/wp\/v2\/product_cat?post=41712"},{"taxonomy":"product_tag","embeddable":true,"href":"https:\/\/baubauwall.com\/et\/wp-json\/wp\/v2\/product_tag?post=41712"}],"curies":[{"name":"wp","href":"https:\/\/api.w.org\/{rel}","templated":true}]}}