{"id":41716,"date":"2025-03-13T14:29:12","date_gmt":"2025-03-13T12:29:12","guid":{"rendered":"https:\/\/baubauwall.com\/?post_type=product&#038;p=41716"},"modified":"2025-03-14T13:26:13","modified_gmt":"2025-03-14T11:26:13","slug":"kordusmustriga-tapeet-prismatics-heleroheline","status":"publish","type":"product","link":"https:\/\/baubauwall.com\/et\/toode\/kordusmustriga-tapeet-prismatics-heleroheline\/","title":{"rendered":"Prismatica &#8211; heleroheline"},"content":{"rendered":"<p data-start=\"187\" data-end=\"428\">Salveiroheline tapeet, mis sobitub \u00fchtviisi h\u00e4sti minimalistlikku interj\u00f6\u00f6ri toomaks seintele elu, kui ka k\u00fclluslike mustrite austajate kodudesse! Sobita see tapeet v\u00e4iksemale seinale v\u00f5i aktsendiks vaid \u00fchele. Kihilised, justkui j\u00e4ised kolmnurgad ja m\u00e4nglevad perspektiivid muudavad tapeeditud seina elavaks ja ootamatuks!<\/p>\n<p data-start=\"430\" data-end=\"660\">Tapeedi autor on Ameerika disainer Elissa Bloom. Elissa jumaldab v\u00e4rve ja k\u00fclluslikke mustreid. &#8220;Ma usun, et tapeet ei ole lihtsalt taust, vaid kunstiteos ise!&#8221; \u00fctleb Elissa. Oleme temaga t\u00e4iesti n\u00f5us! Sobita helesinise tapeedi juurde tapeedilt n\u00e4patud v\u00e4rvides tekstiilid ja tulemuseks on l\u00f5bus ning kunstip\u00e4rane interj\u00f6\u00f6r.<\/p>\n<p><strong>Miks valida tapeet Baubauwallist? Sest me teeme tapeedi valimise, ostmise ja paigalduse lihtsaks.\u00a0<\/strong><\/p>\n<ul>\n<li>Tr\u00fckime t\u00e4pselt Sinu seina m\u00f5\u00f5dus tapeedi, siinsamas Eestis<\/li>\n<li>Just nii pikad tapeedipaanid, kui on Sinu sein<\/li>\n<li>Premium, matt fliistapeedi materjal, 100% taaskasutatud kiust<\/li>\n<li>M\u00fcrgivabad tr\u00fckiv\u00e4rvid, Greenguard sertifitseeritud<\/li>\n<li>Keskkonnas\u00f5bralik, j\u00e4\u00e4tmevaba tapeetimine<\/li>\n<li>Tasuta tapeediliim<\/li>\n<li>Tasuta transport ja kiire tarne 5 t\u00f6\u00f6p\u00e4evaga<\/li>\n<\/ul>\n","protected":false},"excerpt":{"rendered":"<p>Salveiroheline tapeet, mis sobitub \u00fchtviisi h\u00e4sti minimalistlikku interj\u00f6\u00f6ri toomaks seintele elu, kui ka k\u00fclluslike mustrite austajate kodudesse! Sobita see tapeet v\u00e4iksemale seinale v\u00f5i aktsendiks vaid \u00fchele. Kihilised, justkui j\u00e4ised kolmnurgad ja m\u00e4nglevad perspektiivid muudavad tapeeditud seina elavaks ja ootamatuks! Tapeedi autor on Ameerika disainer Elissa Bloom. Elissa jumaldab v\u00e4rve ja k\u00fclluslikke mustreid. &#8220;Ma usun, et [&hellip;]<\/p>\n","protected":false},"featured_media":40990,"comment_status":"open","ping_status":"closed","template":"","meta":{"_acf_changed":false,"inline_featured_image":false},"product_brand":[],"product_cat":[766,386,622,408,271,752,413,416,399,402],"product_tag":[320,608],"class_list":{"0":"post-41716","1":"product","2":"type-product","3":"status-publish","4":"has-post-thumbnail","6":"product_cat-elissa-bloom-tapeedid-et","7":"product_cat-kordusmustriga-tapeedid","8":"product_cat-julged-tapeedid","9":"product_cat-geomeetriline","10":"product_cat-rohelised-tapeedid","11":"product_cat-avalik-ruum","12":"product_cat-magamistoa-tapeedid","13":"product_cat-esiku-tapeedid","14":"product_cat-kodukontori-tapeedid","15":"product_cat-elutoa-tapeedid","16":"product_tag-kasitoo","17":"product_tag-sage-et","18":"pa_designedby-elissa-bloom","20":"first","21":"instock","22":"taxable","23":"shipping-taxable","24":"purchasable","25":"product-type-simple"},"acf":[],"yoast_head":"<!-- This site is optimized with the Yoast SEO plugin v25.9 - https:\/\/yoast.com\/wordpress\/plugins\/seo\/ -->\n<title>Roheline tapeet Prismatics - Elissa Bloom tapeedid<\/title>\n<meta name=\"description\" content=\"Heleroheline geomeetrilise mustriga tapeet magamistuppa v\u00f5i elutuppa. Sobita salveirohelised tekstiilid tapeedi juurde t\u00e4iuslikuks roheluseks!\" \/>\n<meta name=\"robots\" content=\"index, follow, max-snippet:-1, max-image-preview:large, max-video-preview:-1\" \/>\n<link rel=\"canonical\" href=\"https:\/\/baubauwall.com\/et\/toode\/kordusmustriga-tapeet-prismatics-heleroheline\/\" \/>\n<meta property=\"og:locale\" content=\"et_EE\" \/>\n<meta property=\"og:type\" content=\"article\" \/>\n<meta property=\"og:title\" content=\"BAUBAUWALL TAPEEDID\" \/>\n<meta property=\"og:description\" content=\"Heleroheline geomeetrilise mustriga tapeet magamistuppa v\u00f5i elutuppa. Sobita salveirohelised tekstiilid tapeedi juurde t\u00e4iuslikuks roheluseks!\" \/>\n<meta property=\"og:url\" content=\"https:\/\/baubauwall.com\/et\/toode\/kordusmustriga-tapeet-prismatics-heleroheline\/\" \/>\n<meta property=\"og:site_name\" content=\"BAUBAUWALL TAPEEDID\" \/>\n<meta property=\"article:publisher\" content=\"https:\/\/www.facebook.com\/Baubauwall\" \/>\n<meta property=\"article:modified_time\" content=\"2025-03-14T11:26:13+00:00\" \/>\n<meta property=\"og:image\" content=\"https:\/\/baubauwall.com\/wp-content\/uploads\/2024\/11\/51100462_Prismatics-IcyBlue_Baubauwall_Wallpaper_room1.jpg\" \/>\n\t<meta property=\"og:image:width\" content=\"1200\" \/>\n\t<meta property=\"og:image:height\" content=\"1600\" \/>\n\t<meta property=\"og:image:type\" content=\"image\/jpeg\" \/>\n<meta name=\"twitter:card\" content=\"summary_large_image\" \/>\n<meta name=\"twitter:label1\" content=\"Est. reading time\" \/>\n\t<meta name=\"twitter:data1\" content=\"1 minut\" \/>\n<script type=\"application\/ld+json\" class=\"yoast-schema-graph\">{\"@context\":\"https:\/\/schema.org\",\"@graph\":[{\"@type\":\"WebPage\",\"@id\":\"https:\/\/baubauwall.com\/et\/toode\/kordusmustriga-tapeet-prismatics-heleroheline\/\",\"url\":\"https:\/\/baubauwall.com\/et\/toode\/kordusmustriga-tapeet-prismatics-heleroheline\/\",\"name\":\"Roheline tapeet Prismatics - Elissa Bloom tapeedid\",\"isPartOf\":{\"@id\":\"https:\/\/baubauwall.com\/et\/#website\"},\"primaryImageOfPage\":{\"@id\":\"https:\/\/baubauwall.com\/et\/toode\/kordusmustriga-tapeet-prismatics-heleroheline\/#primaryimage\"},\"image\":{\"@id\":\"https:\/\/baubauwall.com\/et\/toode\/kordusmustriga-tapeet-prismatics-heleroheline\/#primaryimage\"},\"thumbnailUrl\":\"https:\/\/baubauwall.com\/wp-content\/uploads\/2025\/02\/51100464_Prismatics-SageGreen_Baubauwall_Wallpaper_room2.jpg\",\"datePublished\":\"2025-03-13T12:29:12+00:00\",\"dateModified\":\"2025-03-14T11:26:13+00:00\",\"description\":\"Heleroheline geomeetrilise mustriga tapeet magamistuppa v\u00f5i elutuppa. Sobita salveirohelised tekstiilid tapeedi juurde t\u00e4iuslikuks roheluseks!\",\"breadcrumb\":{\"@id\":\"https:\/\/baubauwall.com\/et\/toode\/kordusmustriga-tapeet-prismatics-heleroheline\/#breadcrumb\"},\"inLanguage\":\"et\",\"potentialAction\":[{\"@type\":\"ReadAction\",\"target\":[\"https:\/\/baubauwall.com\/et\/toode\/kordusmustriga-tapeet-prismatics-heleroheline\/\"]}]},{\"@type\":\"ImageObject\",\"inLanguage\":\"et\",\"@id\":\"https:\/\/baubauwall.com\/et\/toode\/kordusmustriga-tapeet-prismatics-heleroheline\/#primaryimage\",\"url\":\"https:\/\/baubauwall.com\/wp-content\/uploads\/2025\/02\/51100464_Prismatics-SageGreen_Baubauwall_Wallpaper_room2.jpg\",\"contentUrl\":\"https:\/\/baubauwall.com\/wp-content\/uploads\/2025\/02\/51100464_Prismatics-SageGreen_Baubauwall_Wallpaper_room2.jpg\",\"width\":1067,\"height\":1600,\"caption\":\"Prismatics - Sage Green\"},{\"@type\":\"BreadcrumbList\",\"@id\":\"https:\/\/baubauwall.com\/et\/toode\/kordusmustriga-tapeet-prismatics-heleroheline\/#breadcrumb\",\"itemListElement\":[{\"@type\":\"ListItem\",\"position\":1,\"name\":\"Koju\",\"item\":\"https:\/\/baubauwall.com\/et\/\"},{\"@type\":\"ListItem\",\"position\":2,\"name\":\"Tapeedid\",\"item\":\"https:\/\/baubauwall.com\/et\/tapeedid\/\"},{\"@type\":\"ListItem\",\"position\":3,\"name\":\"Prismatica &#8211; heleroheline\"}]},{\"@type\":\"WebSite\",\"@id\":\"https:\/\/baubauwall.com\/et\/#website\",\"url\":\"https:\/\/baubauwall.com\/et\/\",\"name\":\"BAUBAUWALL Wallpapers\",\"description\":\"Valmis paanides tapeet Eestist!\",\"publisher\":{\"@id\":\"https:\/\/baubauwall.com\/et\/#organization\"},\"potentialAction\":[{\"@type\":\"SearchAction\",\"target\":{\"@type\":\"EntryPoint\",\"urlTemplate\":\"https:\/\/baubauwall.com\/et\/?s={search_term_string}\"},\"query-input\":{\"@type\":\"PropertyValueSpecification\",\"valueRequired\":true,\"valueName\":\"search_term_string\"}}],\"inLanguage\":\"et\"},{\"@type\":\"Organization\",\"@id\":\"https:\/\/baubauwall.com\/et\/#organization\",\"name\":\"BAUBAUWALL Wallpapers\",\"url\":\"https:\/\/baubauwall.com\/et\/\",\"logo\":{\"@type\":\"ImageObject\",\"inLanguage\":\"et\",\"@id\":\"https:\/\/baubauwall.com\/et\/#\/schema\/logo\/image\/\",\"url\":\"https:\/\/baubauwall.com\/wp-content\/uploads\/2022\/03\/logo-horizontal.svg\",\"contentUrl\":\"https:\/\/baubauwall.com\/wp-content\/uploads\/2022\/03\/logo-horizontal.svg\",\"width\":\"1024\",\"height\":\"1024\",\"caption\":\"BAUBAUWALL Wallpapers\"},\"image\":{\"@id\":\"https:\/\/baubauwall.com\/et\/#\/schema\/logo\/image\/\"},\"sameAs\":[\"https:\/\/www.facebook.com\/Baubauwall\",\"https:\/\/www.instagram.com\/baubauwall\"]}]}<\/script>\n<!-- \/ Yoast SEO plugin. -->","yoast_head_json":{"title":"Roheline tapeet Prismatics - Elissa Bloom tapeedid","description":"Heleroheline geomeetrilise mustriga tapeet magamistuppa v\u00f5i elutuppa. Sobita salveirohelised tekstiilid tapeedi juurde t\u00e4iuslikuks roheluseks!","robots":{"index":"index","follow":"follow","max-snippet":"max-snippet:-1","max-image-preview":"max-image-preview:large","max-video-preview":"max-video-preview:-1"},"canonical":"https:\/\/baubauwall.com\/et\/toode\/kordusmustriga-tapeet-prismatics-heleroheline\/","og_locale":"et_EE","og_type":"article","og_title":"BAUBAUWALL TAPEEDID","og_description":"Heleroheline geomeetrilise mustriga tapeet magamistuppa v\u00f5i elutuppa. Sobita salveirohelised tekstiilid tapeedi juurde t\u00e4iuslikuks roheluseks!","og_url":"https:\/\/baubauwall.com\/et\/toode\/kordusmustriga-tapeet-prismatics-heleroheline\/","og_site_name":"BAUBAUWALL TAPEEDID","article_publisher":"https:\/\/www.facebook.com\/Baubauwall","article_modified_time":"2025-03-14T11:26:13+00:00","og_image":[{"width":1200,"height":1600,"url":"https:\/\/baubauwall.com\/wp-content\/uploads\/2024\/11\/51100462_Prismatics-IcyBlue_Baubauwall_Wallpaper_room1.jpg","type":"image\/jpeg"}],"twitter_card":"summary_large_image","twitter_misc":{"Est. reading time":"1 minut"},"schema":{"@context":"https:\/\/schema.org","@graph":[{"@type":"WebPage","@id":"https:\/\/baubauwall.com\/et\/toode\/kordusmustriga-tapeet-prismatics-heleroheline\/","url":"https:\/\/baubauwall.com\/et\/toode\/kordusmustriga-tapeet-prismatics-heleroheline\/","name":"Roheline tapeet Prismatics - Elissa Bloom tapeedid","isPartOf":{"@id":"https:\/\/baubauwall.com\/et\/#website"},"primaryImageOfPage":{"@id":"https:\/\/baubauwall.com\/et\/toode\/kordusmustriga-tapeet-prismatics-heleroheline\/#primaryimage"},"image":{"@id":"https:\/\/baubauwall.com\/et\/toode\/kordusmustriga-tapeet-prismatics-heleroheline\/#primaryimage"},"thumbnailUrl":"https:\/\/baubauwall.com\/wp-content\/uploads\/2025\/02\/51100464_Prismatics-SageGreen_Baubauwall_Wallpaper_room2.jpg","datePublished":"2025-03-13T12:29:12+00:00","dateModified":"2025-03-14T11:26:13+00:00","description":"Heleroheline geomeetrilise mustriga tapeet magamistuppa v\u00f5i elutuppa. Sobita salveirohelised tekstiilid tapeedi juurde t\u00e4iuslikuks roheluseks!","breadcrumb":{"@id":"https:\/\/baubauwall.com\/et\/toode\/kordusmustriga-tapeet-prismatics-heleroheline\/#breadcrumb"},"inLanguage":"et","potentialAction":[{"@type":"ReadAction","target":["https:\/\/baubauwall.com\/et\/toode\/kordusmustriga-tapeet-prismatics-heleroheline\/"]}]},{"@type":"ImageObject","inLanguage":"et","@id":"https:\/\/baubauwall.com\/et\/toode\/kordusmustriga-tapeet-prismatics-heleroheline\/#primaryimage","url":"https:\/\/baubauwall.com\/wp-content\/uploads\/2025\/02\/51100464_Prismatics-SageGreen_Baubauwall_Wallpaper_room2.jpg","contentUrl":"https:\/\/baubauwall.com\/wp-content\/uploads\/2025\/02\/51100464_Prismatics-SageGreen_Baubauwall_Wallpaper_room2.jpg","width":1067,"height":1600,"caption":"Prismatics - Sage Green"},{"@type":"BreadcrumbList","@id":"https:\/\/baubauwall.com\/et\/toode\/kordusmustriga-tapeet-prismatics-heleroheline\/#breadcrumb","itemListElement":[{"@type":"ListItem","position":1,"name":"Koju","item":"https:\/\/baubauwall.com\/et\/"},{"@type":"ListItem","position":2,"name":"Tapeedid","item":"https:\/\/baubauwall.com\/et\/tapeedid\/"},{"@type":"ListItem","position":3,"name":"Prismatica &#8211; heleroheline"}]},{"@type":"WebSite","@id":"https:\/\/baubauwall.com\/et\/#website","url":"https:\/\/baubauwall.com\/et\/","name":"BAUBAUWALL Wallpapers","description":"Valmis paanides tapeet Eestist!","publisher":{"@id":"https:\/\/baubauwall.com\/et\/#organization"},"potentialAction":[{"@type":"SearchAction","target":{"@type":"EntryPoint","urlTemplate":"https:\/\/baubauwall.com\/et\/?s={search_term_string}"},"query-input":{"@type":"PropertyValueSpecification","valueRequired":true,"valueName":"search_term_string"}}],"inLanguage":"et"},{"@type":"Organization","@id":"https:\/\/baubauwall.com\/et\/#organization","name":"BAUBAUWALL Wallpapers","url":"https:\/\/baubauwall.com\/et\/","logo":{"@type":"ImageObject","inLanguage":"et","@id":"https:\/\/baubauwall.com\/et\/#\/schema\/logo\/image\/","url":"https:\/\/baubauwall.com\/wp-content\/uploads\/2022\/03\/logo-horizontal.svg","contentUrl":"https:\/\/baubauwall.com\/wp-content\/uploads\/2022\/03\/logo-horizontal.svg","width":"1024","height":"1024","caption":"BAUBAUWALL Wallpapers"},"image":{"@id":"https:\/\/baubauwall.com\/et\/#\/schema\/logo\/image\/"},"sameAs":["https:\/\/www.facebook.com\/Baubauwall","https:\/\/www.instagram.com\/baubauwall"]}]}},"jetpack_sharing_enabled":true,"_links":{"self":[{"href":"https:\/\/baubauwall.com\/et\/wp-json\/wp\/v2\/product\/41716","targetHints":{"allow":["GET"]}}],"collection":[{"href":"https:\/\/baubauwall.com\/et\/wp-json\/wp\/v2\/product"}],"about":[{"href":"https:\/\/baubauwall.com\/et\/wp-json\/wp\/v2\/types\/product"}],"replies":[{"embeddable":true,"href":"https:\/\/baubauwall.com\/et\/wp-json\/wp\/v2\/comments?post=41716"}],"wp:featuredmedia":[{"embeddable":true,"href":"https:\/\/baubauwall.com\/et\/wp-json\/wp\/v2\/media\/40990"}],"wp:attachment":[{"href":"https:\/\/baubauwall.com\/et\/wp-json\/wp\/v2\/media?parent=41716"}],"wp:term":[{"taxonomy":"product_brand","embeddable":true,"href":"https:\/\/baubauwall.com\/et\/wp-json\/wp\/v2\/product_brand?post=41716"},{"taxonomy":"product_cat","embeddable":true,"href":"https:\/\/baubauwall.com\/et\/wp-json\/wp\/v2\/product_cat?post=41716"},{"taxonomy":"product_tag","embeddable":true,"href":"https:\/\/baubauwall.com\/et\/wp-json\/wp\/v2\/product_tag?post=41716"}],"curies":[{"name":"wp","href":"https:\/\/api.w.org\/{rel}","templated":true}]}}