{"id":41838,"date":"2025-03-18T16:06:01","date_gmt":"2025-03-18T14:06:01","guid":{"rendered":"https:\/\/baubauwall.com\/?post_type=product&#038;p=41838"},"modified":"2025-03-18T16:25:20","modified_gmt":"2025-03-18T14:25:20","slug":"pilttapeet-pilvetants-helesinine","status":"publish","type":"product","link":"https:\/\/baubauwall.com\/et\/toode\/pilttapeet-pilvetants-helesinine\/","title":{"rendered":"Pilvetants &#8211; helesinine"},"content":{"rendered":"<p data-start=\"54\" data-end=\"283\">Tapeet, mille v\u00f5ib paigaldada kasv\u00f5i lakke! Sest tegelikult v\u00f5iks iga hommik alata nii, et silmi avades n\u00e4ed imeliselt pehmet vaadet enda kohal? Meie helesinine pilvedega pilttapeet teeb selle v\u00f5imalikuks. Tapeedi selle tapeediga n\u00e4iteks oma magamistoa lagi! \u00d5rna helesinise ja valgega segatud pilvevaade muudab lae (ja ka seinad)\u00a0 p\u00fcsivalt justkui taevaks. Olgu tegemist magamistoa v\u00f5i elutoa lae ja seintega &#8211; pehme pilvedisain lisab pehmust ja m\u00e4ngulisust interj\u00f6\u00f6ri.<\/p>\n<p><strong>Miks valida tapeet Baubauwallist? Sest me teeme tapeedi valimise, ostmise ja paigalduse lihtsaks.\u00a0<\/strong><\/p>\n<ul>\n<li>Eesti disain, Eesti ettev\u00f5te<\/li>\n<li>Tr\u00fckime t\u00e4pselt Sinu seina m\u00f5\u00f5dus tapeedi<\/li>\n<li>Just nii pikad tapeedipaanid, kui on Sinu sein<\/li>\n<li>Premium, matt fliistapeedi materjal, 100% taaskasutatud kiust<\/li>\n<li>M\u00fcrgivabad tr\u00fckiv\u00e4rvid, Greenguard sertifitseeritud<\/li>\n<li>Keskkonnas\u00f5bralik, j\u00e4\u00e4tmevaba tapeetimine<\/li>\n<li>Tasuta tapeediliim<\/li>\n<li>Tasuta transport ja kiire tarne 5 t\u00f6\u00f6p\u00e4evaga<\/li>\n<\/ul>\n<p>Loe l\u00e4hemalt nutikatest, eritellimust\u00f6\u00f6na valmivatest tapeetidest\u00a0<a href=\"https:\/\/baubauwall.com\/et\/keskkonnasobralikud-tapeedid\/\">siit.<\/a><\/p>\n","protected":false},"excerpt":{"rendered":"<p>Tapeet, mille v\u00f5ib paigaldada kasv\u00f5i lakke! Sest tegelikult v\u00f5iks iga hommik alata nii, et silmi avades n\u00e4ed imeliselt pehmet vaadet enda kohal? Meie helesinine pilvedega pilttapeet teeb selle v\u00f5imalikuks. Tapeedi selle tapeediga n\u00e4iteks oma magamistoa lagi! \u00d5rna helesinise ja valgega segatud pilvevaade muudab lae (ja ka seinad)\u00a0 p\u00fcsivalt justkui taevaks. Olgu tegemist magamistoa v\u00f5i elutoa [&hellip;]<\/p>\n","protected":false},"featured_media":41846,"comment_status":"open","ping_status":"closed","template":"","meta":{"_acf_changed":false,"inline_featured_image":false},"product_brand":[],"product_cat":[387,433,395,396,267,273,413,414,415,402,465],"product_tag":[563,345],"class_list":{"0":"post-41838","1":"product","2":"type-product","3":"status-publish","4":"has-post-thumbnail","6":"product_cat-pilttapeedid","7":"product_cat-fototapeedid","8":"product_cat-romantiline","9":"product_cat-skandinaavia","10":"product_cat-sinised-tapeedid","11":"product_cat-heledad-tapeedid","12":"product_cat-magamistoa-tapeedid","13":"product_cat-soogitoa-tapeedid","14":"product_cat-kulalistetoa-tapeedid","15":"product_cat-elutoa-tapeedid","16":"product_cat-taevas-ja-pilved","17":"product_tag-biofiilia-stiil","18":"product_tag-pilttapeet","19":"pa_designedby-baubauwall","21":"first","22":"instock","23":"taxable","24":"shipping-taxable","25":"purchasable","26":"product-type-simple"},"acf":[],"yoast_head":"<!-- This site is optimized with the Yoast SEO plugin v25.9 - https:\/\/yoast.com\/wordpress\/plugins\/seo\/ -->\n<title>Pilvetants - helesinine pilttapeet pilvedega. Tapeet lakke v\u00f5i seina!<\/title>\n<meta name=\"description\" content=\"Laetapeet helesiniste pehmete pilvedega. Tapeet, mis sobib magamistoa seinale kui elutuppa. V\u00f5i hoopis paigalda tapeet lakke! Ilus roosa vaade kogu aeg\" \/>\n<meta name=\"robots\" content=\"index, follow, max-snippet:-1, max-image-preview:large, max-video-preview:-1\" \/>\n<link rel=\"canonical\" href=\"https:\/\/baubauwall.com\/et\/toode\/pilttapeet-pilvetants-helesinine\/\" \/>\n<meta property=\"og:locale\" content=\"et_EE\" \/>\n<meta property=\"og:type\" content=\"article\" \/>\n<meta property=\"og:title\" content=\"Laetapeet Pilvetantsija - helesinised pilved tapeedil\" \/>\n<meta property=\"og:description\" content=\"Tapeet pilvedega, mis sobib nii seinale kui lakke.\" \/>\n<meta property=\"og:url\" content=\"https:\/\/baubauwall.com\/et\/toode\/pilttapeet-pilvetants-helesinine\/\" \/>\n<meta property=\"og:site_name\" content=\"BAUBAUWALL TAPEEDID\" \/>\n<meta property=\"article:publisher\" content=\"https:\/\/www.facebook.com\/Baubauwall\" \/>\n<meta property=\"article:modified_time\" content=\"2025-03-18T14:25:20+00:00\" \/>\n<meta property=\"og:image\" content=\"https:\/\/baubauwall.com\/wp-content\/uploads\/2025\/03\/51200465_CloudDancer_mural_wallpaper_baubauwall-6.jpg\" \/>\n\t<meta property=\"og:image:width\" content=\"688\" \/>\n\t<meta property=\"og:image:height\" content=\"757\" \/>\n\t<meta property=\"og:image:type\" content=\"image\/jpeg\" \/>\n<meta name=\"twitter:card\" content=\"summary_large_image\" \/>\n<meta name=\"twitter:label1\" content=\"Est. reading time\" \/>\n\t<meta name=\"twitter:data1\" content=\"1 minut\" \/>\n<script type=\"application\/ld+json\" class=\"yoast-schema-graph\">{\"@context\":\"https:\/\/schema.org\",\"@graph\":[{\"@type\":\"WebPage\",\"@id\":\"https:\/\/baubauwall.com\/et\/toode\/pilttapeet-pilvetants-helesinine\/\",\"url\":\"https:\/\/baubauwall.com\/et\/toode\/pilttapeet-pilvetants-helesinine\/\",\"name\":\"Pilvetants - helesinine pilttapeet pilvedega. Tapeet lakke v\u00f5i seina!\",\"isPartOf\":{\"@id\":\"https:\/\/baubauwall.com\/et\/#website\"},\"primaryImageOfPage\":{\"@id\":\"https:\/\/baubauwall.com\/et\/toode\/pilttapeet-pilvetants-helesinine\/#primaryimage\"},\"image\":{\"@id\":\"https:\/\/baubauwall.com\/et\/toode\/pilttapeet-pilvetants-helesinine\/#primaryimage\"},\"thumbnailUrl\":\"https:\/\/baubauwall.com\/wp-content\/uploads\/2025\/03\/51200465_CloudDancer_mural_wallpaper_baubauwall-6.jpg\",\"datePublished\":\"2025-03-18T14:06:01+00:00\",\"dateModified\":\"2025-03-18T14:25:20+00:00\",\"description\":\"Laetapeet helesiniste pehmete pilvedega. Tapeet, mis sobib magamistoa seinale kui elutuppa. V\u00f5i hoopis paigalda tapeet lakke! Ilus roosa vaade kogu aeg\",\"breadcrumb\":{\"@id\":\"https:\/\/baubauwall.com\/et\/toode\/pilttapeet-pilvetants-helesinine\/#breadcrumb\"},\"inLanguage\":\"et\",\"potentialAction\":[{\"@type\":\"ReadAction\",\"target\":[\"https:\/\/baubauwall.com\/et\/toode\/pilttapeet-pilvetants-helesinine\/\"]}]},{\"@type\":\"ImageObject\",\"inLanguage\":\"et\",\"@id\":\"https:\/\/baubauwall.com\/et\/toode\/pilttapeet-pilvetants-helesinine\/#primaryimage\",\"url\":\"https:\/\/baubauwall.com\/wp-content\/uploads\/2025\/03\/51200465_CloudDancer_mural_wallpaper_baubauwall-6.jpg\",\"contentUrl\":\"https:\/\/baubauwall.com\/wp-content\/uploads\/2025\/03\/51200465_CloudDancer_mural_wallpaper_baubauwall-6.jpg\",\"width\":688,\"height\":757,\"caption\":\"Wallpaper filled with soft blue clouds, installed on a ceiling!\"},{\"@type\":\"BreadcrumbList\",\"@id\":\"https:\/\/baubauwall.com\/et\/toode\/pilttapeet-pilvetants-helesinine\/#breadcrumb\",\"itemListElement\":[{\"@type\":\"ListItem\",\"position\":1,\"name\":\"Koju\",\"item\":\"https:\/\/baubauwall.com\/et\/\"},{\"@type\":\"ListItem\",\"position\":2,\"name\":\"Tapeedid\",\"item\":\"https:\/\/baubauwall.com\/et\/tapeedid\/\"},{\"@type\":\"ListItem\",\"position\":3,\"name\":\"Pilvetants &#8211; helesinine\"}]},{\"@type\":\"WebSite\",\"@id\":\"https:\/\/baubauwall.com\/et\/#website\",\"url\":\"https:\/\/baubauwall.com\/et\/\",\"name\":\"BAUBAUWALL Wallpapers\",\"description\":\"Valmis paanides tapeet Eestist!\",\"publisher\":{\"@id\":\"https:\/\/baubauwall.com\/et\/#organization\"},\"potentialAction\":[{\"@type\":\"SearchAction\",\"target\":{\"@type\":\"EntryPoint\",\"urlTemplate\":\"https:\/\/baubauwall.com\/et\/?s={search_term_string}\"},\"query-input\":{\"@type\":\"PropertyValueSpecification\",\"valueRequired\":true,\"valueName\":\"search_term_string\"}}],\"inLanguage\":\"et\"},{\"@type\":\"Organization\",\"@id\":\"https:\/\/baubauwall.com\/et\/#organization\",\"name\":\"BAUBAUWALL Wallpapers\",\"url\":\"https:\/\/baubauwall.com\/et\/\",\"logo\":{\"@type\":\"ImageObject\",\"inLanguage\":\"et\",\"@id\":\"https:\/\/baubauwall.com\/et\/#\/schema\/logo\/image\/\",\"url\":\"https:\/\/baubauwall.com\/wp-content\/uploads\/2022\/03\/logo-horizontal.svg\",\"contentUrl\":\"https:\/\/baubauwall.com\/wp-content\/uploads\/2022\/03\/logo-horizontal.svg\",\"width\":\"1024\",\"height\":\"1024\",\"caption\":\"BAUBAUWALL Wallpapers\"},\"image\":{\"@id\":\"https:\/\/baubauwall.com\/et\/#\/schema\/logo\/image\/\"},\"sameAs\":[\"https:\/\/www.facebook.com\/Baubauwall\",\"https:\/\/www.instagram.com\/baubauwall\"]}]}<\/script>\n<!-- \/ Yoast SEO plugin. -->","yoast_head_json":{"title":"Pilvetants - helesinine pilttapeet pilvedega. Tapeet lakke v\u00f5i seina!","description":"Laetapeet helesiniste pehmete pilvedega. Tapeet, mis sobib magamistoa seinale kui elutuppa. V\u00f5i hoopis paigalda tapeet lakke! Ilus roosa vaade kogu aeg","robots":{"index":"index","follow":"follow","max-snippet":"max-snippet:-1","max-image-preview":"max-image-preview:large","max-video-preview":"max-video-preview:-1"},"canonical":"https:\/\/baubauwall.com\/et\/toode\/pilttapeet-pilvetants-helesinine\/","og_locale":"et_EE","og_type":"article","og_title":"Laetapeet Pilvetantsija - helesinised pilved tapeedil","og_description":"Tapeet pilvedega, mis sobib nii seinale kui lakke.","og_url":"https:\/\/baubauwall.com\/et\/toode\/pilttapeet-pilvetants-helesinine\/","og_site_name":"BAUBAUWALL TAPEEDID","article_publisher":"https:\/\/www.facebook.com\/Baubauwall","article_modified_time":"2025-03-18T14:25:20+00:00","og_image":[{"width":688,"height":757,"url":"https:\/\/baubauwall.com\/wp-content\/uploads\/2025\/03\/51200465_CloudDancer_mural_wallpaper_baubauwall-6.jpg","type":"image\/jpeg"}],"twitter_card":"summary_large_image","twitter_misc":{"Est. reading time":"1 minut"},"schema":{"@context":"https:\/\/schema.org","@graph":[{"@type":"WebPage","@id":"https:\/\/baubauwall.com\/et\/toode\/pilttapeet-pilvetants-helesinine\/","url":"https:\/\/baubauwall.com\/et\/toode\/pilttapeet-pilvetants-helesinine\/","name":"Pilvetants - helesinine pilttapeet pilvedega. Tapeet lakke v\u00f5i seina!","isPartOf":{"@id":"https:\/\/baubauwall.com\/et\/#website"},"primaryImageOfPage":{"@id":"https:\/\/baubauwall.com\/et\/toode\/pilttapeet-pilvetants-helesinine\/#primaryimage"},"image":{"@id":"https:\/\/baubauwall.com\/et\/toode\/pilttapeet-pilvetants-helesinine\/#primaryimage"},"thumbnailUrl":"https:\/\/baubauwall.com\/wp-content\/uploads\/2025\/03\/51200465_CloudDancer_mural_wallpaper_baubauwall-6.jpg","datePublished":"2025-03-18T14:06:01+00:00","dateModified":"2025-03-18T14:25:20+00:00","description":"Laetapeet helesiniste pehmete pilvedega. Tapeet, mis sobib magamistoa seinale kui elutuppa. V\u00f5i hoopis paigalda tapeet lakke! Ilus roosa vaade kogu aeg","breadcrumb":{"@id":"https:\/\/baubauwall.com\/et\/toode\/pilttapeet-pilvetants-helesinine\/#breadcrumb"},"inLanguage":"et","potentialAction":[{"@type":"ReadAction","target":["https:\/\/baubauwall.com\/et\/toode\/pilttapeet-pilvetants-helesinine\/"]}]},{"@type":"ImageObject","inLanguage":"et","@id":"https:\/\/baubauwall.com\/et\/toode\/pilttapeet-pilvetants-helesinine\/#primaryimage","url":"https:\/\/baubauwall.com\/wp-content\/uploads\/2025\/03\/51200465_CloudDancer_mural_wallpaper_baubauwall-6.jpg","contentUrl":"https:\/\/baubauwall.com\/wp-content\/uploads\/2025\/03\/51200465_CloudDancer_mural_wallpaper_baubauwall-6.jpg","width":688,"height":757,"caption":"Wallpaper filled with soft blue clouds, installed on a ceiling!"},{"@type":"BreadcrumbList","@id":"https:\/\/baubauwall.com\/et\/toode\/pilttapeet-pilvetants-helesinine\/#breadcrumb","itemListElement":[{"@type":"ListItem","position":1,"name":"Koju","item":"https:\/\/baubauwall.com\/et\/"},{"@type":"ListItem","position":2,"name":"Tapeedid","item":"https:\/\/baubauwall.com\/et\/tapeedid\/"},{"@type":"ListItem","position":3,"name":"Pilvetants &#8211; helesinine"}]},{"@type":"WebSite","@id":"https:\/\/baubauwall.com\/et\/#website","url":"https:\/\/baubauwall.com\/et\/","name":"BAUBAUWALL Wallpapers","description":"Valmis paanides tapeet Eestist!","publisher":{"@id":"https:\/\/baubauwall.com\/et\/#organization"},"potentialAction":[{"@type":"SearchAction","target":{"@type":"EntryPoint","urlTemplate":"https:\/\/baubauwall.com\/et\/?s={search_term_string}"},"query-input":{"@type":"PropertyValueSpecification","valueRequired":true,"valueName":"search_term_string"}}],"inLanguage":"et"},{"@type":"Organization","@id":"https:\/\/baubauwall.com\/et\/#organization","name":"BAUBAUWALL Wallpapers","url":"https:\/\/baubauwall.com\/et\/","logo":{"@type":"ImageObject","inLanguage":"et","@id":"https:\/\/baubauwall.com\/et\/#\/schema\/logo\/image\/","url":"https:\/\/baubauwall.com\/wp-content\/uploads\/2022\/03\/logo-horizontal.svg","contentUrl":"https:\/\/baubauwall.com\/wp-content\/uploads\/2022\/03\/logo-horizontal.svg","width":"1024","height":"1024","caption":"BAUBAUWALL Wallpapers"},"image":{"@id":"https:\/\/baubauwall.com\/et\/#\/schema\/logo\/image\/"},"sameAs":["https:\/\/www.facebook.com\/Baubauwall","https:\/\/www.instagram.com\/baubauwall"]}]}},"jetpack_sharing_enabled":true,"_links":{"self":[{"href":"https:\/\/baubauwall.com\/et\/wp-json\/wp\/v2\/product\/41838","targetHints":{"allow":["GET"]}}],"collection":[{"href":"https:\/\/baubauwall.com\/et\/wp-json\/wp\/v2\/product"}],"about":[{"href":"https:\/\/baubauwall.com\/et\/wp-json\/wp\/v2\/types\/product"}],"replies":[{"embeddable":true,"href":"https:\/\/baubauwall.com\/et\/wp-json\/wp\/v2\/comments?post=41838"}],"wp:featuredmedia":[{"embeddable":true,"href":"https:\/\/baubauwall.com\/et\/wp-json\/wp\/v2\/media\/41846"}],"wp:attachment":[{"href":"https:\/\/baubauwall.com\/et\/wp-json\/wp\/v2\/media?parent=41838"}],"wp:term":[{"taxonomy":"product_brand","embeddable":true,"href":"https:\/\/baubauwall.com\/et\/wp-json\/wp\/v2\/product_brand?post=41838"},{"taxonomy":"product_cat","embeddable":true,"href":"https:\/\/baubauwall.com\/et\/wp-json\/wp\/v2\/product_cat?post=41838"},{"taxonomy":"product_tag","embeddable":true,"href":"https:\/\/baubauwall.com\/et\/wp-json\/wp\/v2\/product_tag?post=41838"}],"curies":[{"name":"wp","href":"https:\/\/api.w.org\/{rel}","templated":true}]}}