{"id":41875,"date":"2025-03-18T16:00:32","date_gmt":"2025-03-18T14:00:32","guid":{"rendered":"https:\/\/baubauwall.com\/product\/mural-wallpaper-engraved-sky-clouds-grey\/"},"modified":"2025-03-21T13:15:59","modified_gmt":"2025-03-21T11:15:59","slug":"pilttapeet-pilvegravuur-tumehall","status":"publish","type":"product","link":"https:\/\/baubauwall.com\/et\/toode\/pilttapeet-pilvegravuur-tumehall\/","title":{"rendered":"Pilvegrav\u00fc\u00fcr &#8211; tumehall"},"content":{"rendered":"<p data-start=\"0\" data-end=\"73\">Hall, efektne pilttapeet, mis toob taevamustrid koju! Kas oled kunagi taevasse vaadanud ja pilvedes mustreid ning kujundeid m\u00e4rganud? Tapeet Pilvegrav\u00fc\u00fcr teeb sama, aga j\u00e4\u00e4dvustab need Su seinale (v\u00f5i hoopis lakke!). Pilvetapeedi disain kombineerib pehmed pilved justkui graveeritud optilise mustriga. Nii pakub tapeet seintel tekstuuri ja s\u00fcgavust, muutes tavalise seina v\u00f5i lae justkui kunstiteoseks.<\/p>\n<p data-start=\"367\" data-end=\"546\"><strong>Miks osta tapeet siit? Tapeetimine pole kunagi nii lihtne olnud!<\/strong><\/p>\n<ul>\n<li>Eesti ettev\u00f5te, Eesti disain<\/li>\n<li>Nummerdatud tapeedipaanid<\/li>\n<li>Just nii pikad tapeedipaanid, kui on Sinu sein<\/li>\n<li>Premium, matt fliistapeedi materjal, 100% taaskasutatud kiust<\/li>\n<li>M\u00fcrgivabad tr\u00fckiv\u00e4rvid, Greenguard sertifitseeritud \u2013 ideaalne lastetuppa<\/li>\n<li>Keskkonnas\u00f5bralik, j\u00e4\u00e4tmevaba tapeetimine<\/li>\n<li>Tasuta tapeediliim<\/li>\n<li>Tasuta transport ja kiire tarne 5 t\u00f6\u00f6p\u00e4evaga<\/li>\n<\/ul>\n<p>Loe l\u00e4hemalt nutikatest, eritellimust\u00f6\u00f6na valmivatest tapeetidest\u00a0<a href=\"https:\/\/baubauwall.com\/et\/keskkonnasobralikud-tapeedid\/\">siit.<\/a><\/p>\n","protected":false},"excerpt":{"rendered":"<p>Hall, efektne pilttapeet, mis toob taevamustrid koju! Kas oled kunagi taevasse vaadanud ja pilvedes mustreid ning kujundeid m\u00e4rganud? Tapeet Pilvegrav\u00fc\u00fcr teeb sama, aga j\u00e4\u00e4dvustab need Su seinale (v\u00f5i hoopis lakke!). Pilvetapeedi disain kombineerib pehmed pilved justkui graveeritud optilise mustriga. Nii pakub tapeet seintel tekstuuri ja s\u00fcgavust, muutes tavalise seina v\u00f5i lae justkui kunstiteoseks. Miks osta [&hellip;]<\/p>\n","protected":false},"featured_media":41864,"comment_status":"open","ping_status":"closed","template":"","meta":{"_acf_changed":false,"inline_featured_image":false},"product_brand":[],"product_cat":[387,395,406,391,388,272,273,752,413,414,415,399,402,465],"product_tag":[294,345],"class_list":{"0":"post-41875","1":"product","2":"type-product","3":"status-publish","4":"has-post-thumbnail","6":"product_cat-pilttapeedid","7":"product_cat-romantiline","8":"product_cat-klassika","9":"product_cat-vahemereline","10":"product_cat-vintage-et","11":"product_cat-hallid-tapeedid","12":"product_cat-heledad-tapeedid","13":"product_cat-avalik-ruum","14":"product_cat-magamistoa-tapeedid","15":"product_cat-soogitoa-tapeedid","16":"product_cat-kulalistetoa-tapeedid","17":"product_cat-kodukontori-tapeedid","18":"product_cat-elutoa-tapeedid","19":"product_cat-taevas-ja-pilved","20":"product_tag-mustvalge","21":"product_tag-pilttapeet","22":"pa_designedby-baubauwall","24":"first","25":"instock","26":"taxable","27":"shipping-taxable","28":"purchasable","29":"product-type-simple"},"acf":[],"yoast_head":"<!-- This site is optimized with the Yoast SEO plugin v25.9 - https:\/\/yoast.com\/wordpress\/plugins\/seo\/ -->\n<title>Hall pilvetapeet lakke, seina v\u00f5i m\u00f5lemale<\/title>\n<meta name=\"description\" content=\"Tapeet, mis sobib ka lakke! Hall, aga mitte sugugi igav pilttapeet, millega tapeedid magamistoa lae ja \u00fche seina. Tulemuseks iga p\u00e4ev ilus vaade taevasse!\" \/>\n<meta name=\"robots\" content=\"index, follow, max-snippet:-1, max-image-preview:large, max-video-preview:-1\" \/>\n<link rel=\"canonical\" href=\"https:\/\/baubauwall.com\/et\/toode\/pilttapeet-pilvegravuur-tumehall\/\" \/>\n<meta property=\"og:locale\" content=\"et_EE\" \/>\n<meta property=\"og:type\" content=\"article\" \/>\n<meta property=\"og:title\" content=\"Hall pilvetapeet lakke, seina v\u00f5i m\u00f5lemale\" \/>\n<meta property=\"og:description\" content=\"Tapeet, mis sobib ka lakke! Hall, aga mitte sugugi igav pilttapeet, millega tapeedid magamistoa lae ja \u00fche seina. Tulemuseks iga p\u00e4ev ilus vaade taevasse!\" \/>\n<meta property=\"og:url\" content=\"https:\/\/baubauwall.com\/et\/toode\/pilttapeet-pilvegravuur-tumehall\/\" \/>\n<meta property=\"og:site_name\" content=\"BAUBAUWALL Wallpapers\" \/>\n<meta property=\"article:publisher\" content=\"https:\/\/www.facebook.com\/Baubauwall\" \/>\n<meta property=\"article:modified_time\" content=\"2025-03-21T11:15:59+00:00\" \/>\n<meta property=\"og:image\" content=\"https:\/\/baubauwall.com\/wp-content\/uploads\/2022\/11\/51200466_Mural_wallpaper_Engraved_Sky_of_Clouds_ThunderGrey_-2.jpg\" \/>\n\t<meta property=\"og:image:width\" content=\"1500\" \/>\n\t<meta property=\"og:image:height\" content=\"1000\" \/>\n\t<meta property=\"og:image:type\" content=\"image\/jpeg\" \/>\n<meta name=\"twitter:card\" content=\"summary_large_image\" \/>\n<meta name=\"twitter:label1\" content=\"Est. reading time\" \/>\n\t<meta name=\"twitter:data1\" content=\"1 minut\" \/>\n<script type=\"application\/ld+json\" class=\"yoast-schema-graph\">{\"@context\":\"https:\/\/schema.org\",\"@graph\":[{\"@type\":\"WebPage\",\"@id\":\"https:\/\/baubauwall.com\/et\/toode\/pilttapeet-pilvegravuur-tumehall\/\",\"url\":\"https:\/\/baubauwall.com\/et\/toode\/pilttapeet-pilvegravuur-tumehall\/\",\"name\":\"Hall pilvetapeet lakke, seina v\u00f5i m\u00f5lemale\",\"isPartOf\":{\"@id\":\"https:\/\/baubauwall.com\/et\/#website\"},\"primaryImageOfPage\":{\"@id\":\"https:\/\/baubauwall.com\/et\/toode\/pilttapeet-pilvegravuur-tumehall\/#primaryimage\"},\"image\":{\"@id\":\"https:\/\/baubauwall.com\/et\/toode\/pilttapeet-pilvegravuur-tumehall\/#primaryimage\"},\"thumbnailUrl\":\"https:\/\/baubauwall.com\/wp-content\/uploads\/2022\/11\/51200466_Mural_wallpaper_Engraved_Sky_of_Clouds_ThunderGrey_-1.jpg\",\"datePublished\":\"2025-03-18T14:00:32+00:00\",\"dateModified\":\"2025-03-21T11:15:59+00:00\",\"description\":\"Tapeet, mis sobib ka lakke! Hall, aga mitte sugugi igav pilttapeet, millega tapeedid magamistoa lae ja \u00fche seina. Tulemuseks iga p\u00e4ev ilus vaade taevasse!\",\"breadcrumb\":{\"@id\":\"https:\/\/baubauwall.com\/et\/toode\/pilttapeet-pilvegravuur-tumehall\/#breadcrumb\"},\"inLanguage\":\"et\",\"potentialAction\":[{\"@type\":\"ReadAction\",\"target\":[\"https:\/\/baubauwall.com\/et\/toode\/pilttapeet-pilvegravuur-tumehall\/\"]}]},{\"@type\":\"ImageObject\",\"inLanguage\":\"et\",\"@id\":\"https:\/\/baubauwall.com\/et\/toode\/pilttapeet-pilvegravuur-tumehall\/#primaryimage\",\"url\":\"https:\/\/baubauwall.com\/wp-content\/uploads\/2022\/11\/51200466_Mural_wallpaper_Engraved_Sky_of_Clouds_ThunderGrey_-1.jpg\",\"contentUrl\":\"https:\/\/baubauwall.com\/wp-content\/uploads\/2022\/11\/51200466_Mural_wallpaper_Engraved_Sky_of_Clouds_ThunderGrey_-1.jpg\",\"width\":1254,\"height\":1098,\"caption\":\"Soft grey mural wallpaper filled with clouds. Baubauwall Wallpapers\"},{\"@type\":\"BreadcrumbList\",\"@id\":\"https:\/\/baubauwall.com\/et\/toode\/pilttapeet-pilvegravuur-tumehall\/#breadcrumb\",\"itemListElement\":[{\"@type\":\"ListItem\",\"position\":1,\"name\":\"Koju\",\"item\":\"https:\/\/baubauwall.com\/et\/\"},{\"@type\":\"ListItem\",\"position\":2,\"name\":\"Tapeedid\",\"item\":\"https:\/\/baubauwall.com\/et\/tapeedid\/\"},{\"@type\":\"ListItem\",\"position\":3,\"name\":\"Pilvegrav\u00fc\u00fcr &#8211; tumehall\"}]},{\"@type\":\"WebSite\",\"@id\":\"https:\/\/baubauwall.com\/et\/#website\",\"url\":\"https:\/\/baubauwall.com\/et\/\",\"name\":\"BAUBAUWALL Wallpapers\",\"description\":\"Valmis paanides tapeet Eestist!\",\"publisher\":{\"@id\":\"https:\/\/baubauwall.com\/et\/#organization\"},\"potentialAction\":[{\"@type\":\"SearchAction\",\"target\":{\"@type\":\"EntryPoint\",\"urlTemplate\":\"https:\/\/baubauwall.com\/et\/?s={search_term_string}\"},\"query-input\":{\"@type\":\"PropertyValueSpecification\",\"valueRequired\":true,\"valueName\":\"search_term_string\"}}],\"inLanguage\":\"et\"},{\"@type\":\"Organization\",\"@id\":\"https:\/\/baubauwall.com\/et\/#organization\",\"name\":\"BAUBAUWALL Wallpapers\",\"url\":\"https:\/\/baubauwall.com\/et\/\",\"logo\":{\"@type\":\"ImageObject\",\"inLanguage\":\"et\",\"@id\":\"https:\/\/baubauwall.com\/et\/#\/schema\/logo\/image\/\",\"url\":\"https:\/\/baubauwall.com\/wp-content\/uploads\/2022\/03\/logo-horizontal.svg\",\"contentUrl\":\"https:\/\/baubauwall.com\/wp-content\/uploads\/2022\/03\/logo-horizontal.svg\",\"width\":\"1024\",\"height\":\"1024\",\"caption\":\"BAUBAUWALL Wallpapers\"},\"image\":{\"@id\":\"https:\/\/baubauwall.com\/et\/#\/schema\/logo\/image\/\"},\"sameAs\":[\"https:\/\/www.facebook.com\/Baubauwall\",\"https:\/\/www.instagram.com\/baubauwall\"]}]}<\/script>\n<!-- \/ Yoast SEO plugin. -->","yoast_head_json":{"title":"Hall pilvetapeet lakke, seina v\u00f5i m\u00f5lemale","description":"Tapeet, mis sobib ka lakke! Hall, aga mitte sugugi igav pilttapeet, millega tapeedid magamistoa lae ja \u00fche seina. Tulemuseks iga p\u00e4ev ilus vaade taevasse!","robots":{"index":"index","follow":"follow","max-snippet":"max-snippet:-1","max-image-preview":"max-image-preview:large","max-video-preview":"max-video-preview:-1"},"canonical":"https:\/\/baubauwall.com\/et\/toode\/pilttapeet-pilvegravuur-tumehall\/","og_locale":"et_EE","og_type":"article","og_title":"Hall pilvetapeet lakke, seina v\u00f5i m\u00f5lemale","og_description":"Tapeet, mis sobib ka lakke! Hall, aga mitte sugugi igav pilttapeet, millega tapeedid magamistoa lae ja \u00fche seina. Tulemuseks iga p\u00e4ev ilus vaade taevasse!","og_url":"https:\/\/baubauwall.com\/et\/toode\/pilttapeet-pilvegravuur-tumehall\/","og_site_name":"BAUBAUWALL Wallpapers","article_publisher":"https:\/\/www.facebook.com\/Baubauwall","article_modified_time":"2025-03-21T11:15:59+00:00","og_image":[{"width":1500,"height":1000,"url":"https:\/\/baubauwall.com\/wp-content\/uploads\/2022\/11\/51200466_Mural_wallpaper_Engraved_Sky_of_Clouds_ThunderGrey_-2.jpg","type":"image\/jpeg"}],"twitter_card":"summary_large_image","twitter_misc":{"Est. reading time":"1 minut"},"schema":{"@context":"https:\/\/schema.org","@graph":[{"@type":"WebPage","@id":"https:\/\/baubauwall.com\/et\/toode\/pilttapeet-pilvegravuur-tumehall\/","url":"https:\/\/baubauwall.com\/et\/toode\/pilttapeet-pilvegravuur-tumehall\/","name":"Hall pilvetapeet lakke, seina v\u00f5i m\u00f5lemale","isPartOf":{"@id":"https:\/\/baubauwall.com\/et\/#website"},"primaryImageOfPage":{"@id":"https:\/\/baubauwall.com\/et\/toode\/pilttapeet-pilvegravuur-tumehall\/#primaryimage"},"image":{"@id":"https:\/\/baubauwall.com\/et\/toode\/pilttapeet-pilvegravuur-tumehall\/#primaryimage"},"thumbnailUrl":"https:\/\/baubauwall.com\/wp-content\/uploads\/2022\/11\/51200466_Mural_wallpaper_Engraved_Sky_of_Clouds_ThunderGrey_-1.jpg","datePublished":"2025-03-18T14:00:32+00:00","dateModified":"2025-03-21T11:15:59+00:00","description":"Tapeet, mis sobib ka lakke! Hall, aga mitte sugugi igav pilttapeet, millega tapeedid magamistoa lae ja \u00fche seina. Tulemuseks iga p\u00e4ev ilus vaade taevasse!","breadcrumb":{"@id":"https:\/\/baubauwall.com\/et\/toode\/pilttapeet-pilvegravuur-tumehall\/#breadcrumb"},"inLanguage":"et","potentialAction":[{"@type":"ReadAction","target":["https:\/\/baubauwall.com\/et\/toode\/pilttapeet-pilvegravuur-tumehall\/"]}]},{"@type":"ImageObject","inLanguage":"et","@id":"https:\/\/baubauwall.com\/et\/toode\/pilttapeet-pilvegravuur-tumehall\/#primaryimage","url":"https:\/\/baubauwall.com\/wp-content\/uploads\/2022\/11\/51200466_Mural_wallpaper_Engraved_Sky_of_Clouds_ThunderGrey_-1.jpg","contentUrl":"https:\/\/baubauwall.com\/wp-content\/uploads\/2022\/11\/51200466_Mural_wallpaper_Engraved_Sky_of_Clouds_ThunderGrey_-1.jpg","width":1254,"height":1098,"caption":"Soft grey mural wallpaper filled with clouds. Baubauwall Wallpapers"},{"@type":"BreadcrumbList","@id":"https:\/\/baubauwall.com\/et\/toode\/pilttapeet-pilvegravuur-tumehall\/#breadcrumb","itemListElement":[{"@type":"ListItem","position":1,"name":"Koju","item":"https:\/\/baubauwall.com\/et\/"},{"@type":"ListItem","position":2,"name":"Tapeedid","item":"https:\/\/baubauwall.com\/et\/tapeedid\/"},{"@type":"ListItem","position":3,"name":"Pilvegrav\u00fc\u00fcr &#8211; tumehall"}]},{"@type":"WebSite","@id":"https:\/\/baubauwall.com\/et\/#website","url":"https:\/\/baubauwall.com\/et\/","name":"BAUBAUWALL Wallpapers","description":"Valmis paanides tapeet Eestist!","publisher":{"@id":"https:\/\/baubauwall.com\/et\/#organization"},"potentialAction":[{"@type":"SearchAction","target":{"@type":"EntryPoint","urlTemplate":"https:\/\/baubauwall.com\/et\/?s={search_term_string}"},"query-input":{"@type":"PropertyValueSpecification","valueRequired":true,"valueName":"search_term_string"}}],"inLanguage":"et"},{"@type":"Organization","@id":"https:\/\/baubauwall.com\/et\/#organization","name":"BAUBAUWALL Wallpapers","url":"https:\/\/baubauwall.com\/et\/","logo":{"@type":"ImageObject","inLanguage":"et","@id":"https:\/\/baubauwall.com\/et\/#\/schema\/logo\/image\/","url":"https:\/\/baubauwall.com\/wp-content\/uploads\/2022\/03\/logo-horizontal.svg","contentUrl":"https:\/\/baubauwall.com\/wp-content\/uploads\/2022\/03\/logo-horizontal.svg","width":"1024","height":"1024","caption":"BAUBAUWALL Wallpapers"},"image":{"@id":"https:\/\/baubauwall.com\/et\/#\/schema\/logo\/image\/"},"sameAs":["https:\/\/www.facebook.com\/Baubauwall","https:\/\/www.instagram.com\/baubauwall"]}]}},"jetpack_sharing_enabled":true,"_links":{"self":[{"href":"https:\/\/baubauwall.com\/et\/wp-json\/wp\/v2\/product\/41875","targetHints":{"allow":["GET"]}}],"collection":[{"href":"https:\/\/baubauwall.com\/et\/wp-json\/wp\/v2\/product"}],"about":[{"href":"https:\/\/baubauwall.com\/et\/wp-json\/wp\/v2\/types\/product"}],"replies":[{"embeddable":true,"href":"https:\/\/baubauwall.com\/et\/wp-json\/wp\/v2\/comments?post=41875"}],"wp:featuredmedia":[{"embeddable":true,"href":"https:\/\/baubauwall.com\/et\/wp-json\/wp\/v2\/media\/41864"}],"wp:attachment":[{"href":"https:\/\/baubauwall.com\/et\/wp-json\/wp\/v2\/media?parent=41875"}],"wp:term":[{"taxonomy":"product_brand","embeddable":true,"href":"https:\/\/baubauwall.com\/et\/wp-json\/wp\/v2\/product_brand?post=41875"},{"taxonomy":"product_cat","embeddable":true,"href":"https:\/\/baubauwall.com\/et\/wp-json\/wp\/v2\/product_cat?post=41875"},{"taxonomy":"product_tag","embeddable":true,"href":"https:\/\/baubauwall.com\/et\/wp-json\/wp\/v2\/product_tag?post=41875"}],"curies":[{"name":"wp","href":"https:\/\/api.w.org\/{rel}","templated":true}]}}