{"id":41950,"date":"2025-03-20T11:00:32","date_gmt":"2025-03-20T09:00:32","guid":{"rendered":"https:\/\/baubauwall.com\/product\/mural-wallpaper-ombre-sky-blue\/"},"modified":"2025-04-04T16:04:14","modified_gmt":"2025-04-04T14:04:14","slug":"pilttapeet-ombre-taevasinine","status":"publish","type":"product","link":"https:\/\/baubauwall.com\/et\/toode\/pilttapeet-ombre-taevasinine\/","title":{"rendered":"Ombre &#8211; taevasinine"},"content":{"rendered":"<p>Helesinine ombre tapeet, millel sulanduvad pastelsed sinised toonid. \u201c<em>Ombre<\/em>\u201d t\u00e4hendab prantsuse keeles \u00fche tooni hajumist teiseks. See stiil on v\u00e4ga efektne tapeedil, kuna vaid kvaliteetse tr\u00fckitehnikaga on v\u00f5imalik saavutada t\u00e4pne ja filigraanne tulemus. Ombre tapeete on ka lihtne siduda interj\u00f6\u00f6ri muude detalidega, kuna neil pole otseselt mingit mustrit. Lihtsalt puhas v\u00e4rv, mis sulandub teiseks. Meie valikus on ombre efektiga tapeete, kus tumedam v\u00e4rv on all ja heledam \u00fclal.\u00a0 Aga soovi korral v\u00f5id ka just vastupidiselt tapeeti paigaldada! See ombre tapeet siin on helesinine, mis muutub \u00fclal veel heledamaks taevasiniseks.<\/p>\n<p>Kusjuures, ombre tapeete v\u00f5id julgesti kasutada kas ruumi k\u00f5ikidel seintel ja nii nad justkui m\u00e4hkida stiilselt v\u00e4rvi. V\u00f5i kasuta helesinist ombre pilttapeeti vaid \u00fchel seinal, olgu see magamistuba v\u00f5i kodu muu tuba. <a href=\"https:\/\/www.pinterest.com\/baubauwall\/ombre-effect-mural-wallpapers\/\" target=\"_blank\" rel=\"noopener\">Vaata Pinterestist<\/a> veel ombre tapeetide ideid!<\/p>\n<p><strong>Miks osta tapeet siit? Tapeetimine pole kunagi nii lihtne olnud!<\/strong><\/p>\n<ul>\n<li>Eesti disain<\/li>\n<li>Nummerdatud tapeedipaanid<\/li>\n<li>Just nii pikad tapeedipaanid, kui on Sinu sein<\/li>\n<li>Premium, matt\u00a0<a href=\"https:\/\/baubauwall.com\/et\/nipid\/fliistapeet-voi-pabertapeet\/\" target=\"_blank\" rel=\"noopener\">fliistapeedi materjal<\/a><\/li>\n<li>M\u00fcrgivabad tr\u00fckiv\u00e4rvid, Greenguard sertifitseeritud<\/li>\n<li>Keskkonnas\u00f5bralik, j\u00e4\u00e4tmevaba tapeetimine<\/li>\n<li>Tasuta tapeediliim<\/li>\n<li>Tasuta transport ja kiire tarne 5 t\u00f6\u00f6p\u00e4evaga<\/li>\n<\/ul>\n<p>&nbsp;<\/p>\n<p>&nbsp;<\/p>\n","protected":false},"excerpt":{"rendered":"<p>Helesinine ombre tapeet, millel sulanduvad pastelsed sinised toonid. \u201cOmbre\u201d t\u00e4hendab prantsuse keeles \u00fche tooni hajumist teiseks. See stiil on v\u00e4ga efektne tapeedil, kuna vaid kvaliteetse tr\u00fckitehnikaga on v\u00f5imalik saavutada t\u00e4pne ja filigraanne tulemus. Ombre tapeete on ka lihtne siduda interj\u00f6\u00f6ri muude detalidega, kuna neil pole otseselt mingit mustrit. Lihtsalt puhas v\u00e4rv, mis sulandub teiseks. Meie [&hellip;]<\/p>\n","protected":false},"featured_media":42018,"comment_status":"open","ping_status":"closed","template":"","meta":{"_acf_changed":false,"inline_featured_image":false},"product_brand":[],"product_cat":[387,773,395,406,396,267,273,276,752,413,400,414,415,399,402,465],"product_tag":[345],"class_list":{"0":"post-41950","1":"product","2":"type-product","3":"status-publish","4":"has-post-thumbnail","6":"product_cat-pilttapeedid","7":"product_cat-ombre-et","8":"product_cat-romantiline","9":"product_cat-klassika","10":"product_cat-skandinaavia","11":"product_cat-sinised-tapeedid","12":"product_cat-heledad-tapeedid","13":"product_cat-pastelsed-tapeedid","14":"product_cat-avalik-ruum","15":"product_cat-magamistoa-tapeedid","16":"product_cat-lastetoa-tapeedid","17":"product_cat-soogitoa-tapeedid","18":"product_cat-kulalistetoa-tapeedid","19":"product_cat-kodukontori-tapeedid","20":"product_cat-elutoa-tapeedid","21":"product_cat-taevas-ja-pilved","22":"product_tag-pilttapeet","23":"pa_designedby-baubauwall","25":"first","26":"instock","27":"taxable","28":"shipping-taxable","29":"purchasable","30":"product-type-simple"},"acf":[],"yoast_head":"<!-- This site is optimized with the Yoast SEO plugin v25.9 - https:\/\/yoast.com\/wordpress\/plugins\/seo\/ -->\n<title>Helesinine tapeet Ombre - taevasinine - BAUBAUWALL TAPEEDID disaintapeedid<\/title>\n<meta name=\"description\" content=\"Ombre helesinine tapeet, mille alumine osa on tumedam ja \u00fclalt peaaegu valge. Pilttapeet, mis minimaalse disainiga toob suure efekti interj\u00f6\u00f6ri!\" \/>\n<meta name=\"robots\" content=\"index, follow, max-snippet:-1, max-image-preview:large, max-video-preview:-1\" \/>\n<link rel=\"canonical\" href=\"https:\/\/baubauwall.com\/et\/toode\/pilttapeet-ombre-taevasinine\/\" \/>\n<meta property=\"og:locale\" content=\"et_EE\" \/>\n<meta property=\"og:type\" content=\"article\" \/>\n<meta property=\"og:title\" content=\"Helesinine tapeet Ombre - taevasinine - BAUBAUWALL TAPEEDID disaintapeedid\" \/>\n<meta property=\"og:description\" content=\"Ombre helesinine tapeet, mille alumine osa on tumedam ja \u00fclalt peaaegu valge. Pilttapeet, mis minimaalse disainiga toob suure efekti interj\u00f6\u00f6ri!\" \/>\n<meta property=\"og:url\" content=\"https:\/\/baubauwall.com\/et\/toode\/pilttapeet-ombre-taevasinine\/\" \/>\n<meta property=\"og:site_name\" content=\"BAUBAUWALL TAPEEDID\" \/>\n<meta property=\"article:publisher\" content=\"https:\/\/www.facebook.com\/Baubauwall\" \/>\n<meta property=\"article:modified_time\" content=\"2025-04-04T14:04:14+00:00\" \/>\n<meta property=\"og:image\" content=\"https:\/\/baubauwall.com\/wp-content\/uploads\/2025\/03\/51200468_OmbreSky-Blue_Baubauwall_Wall_Mural_room3.jpg\" \/>\n\t<meta property=\"og:image:width\" content=\"1067\" \/>\n\t<meta property=\"og:image:height\" content=\"1600\" \/>\n\t<meta property=\"og:image:type\" content=\"image\/jpeg\" \/>\n<meta name=\"twitter:card\" content=\"summary_large_image\" \/>\n<meta name=\"twitter:label1\" content=\"Est. reading time\" \/>\n\t<meta name=\"twitter:data1\" content=\"1 minut\" \/>\n<script type=\"application\/ld+json\" class=\"yoast-schema-graph\">{\"@context\":\"https:\/\/schema.org\",\"@graph\":[{\"@type\":\"WebPage\",\"@id\":\"https:\/\/baubauwall.com\/et\/toode\/pilttapeet-ombre-taevasinine\/\",\"url\":\"https:\/\/baubauwall.com\/et\/toode\/pilttapeet-ombre-taevasinine\/\",\"name\":\"Helesinine tapeet Ombre - taevasinine - BAUBAUWALL TAPEEDID disaintapeedid\",\"isPartOf\":{\"@id\":\"https:\/\/baubauwall.com\/et\/#website\"},\"primaryImageOfPage\":{\"@id\":\"https:\/\/baubauwall.com\/et\/toode\/pilttapeet-ombre-taevasinine\/#primaryimage\"},\"image\":{\"@id\":\"https:\/\/baubauwall.com\/et\/toode\/pilttapeet-ombre-taevasinine\/#primaryimage\"},\"thumbnailUrl\":\"https:\/\/baubauwall.com\/wp-content\/uploads\/2025\/03\/51200468_OmbreSky-Blue_Baubauwall_Wall_Mural_room3.jpg\",\"datePublished\":\"2025-03-20T09:00:32+00:00\",\"dateModified\":\"2025-04-04T14:04:14+00:00\",\"description\":\"Ombre helesinine tapeet, mille alumine osa on tumedam ja \u00fclalt peaaegu valge. Pilttapeet, mis minimaalse disainiga toob suure efekti interj\u00f6\u00f6ri!\",\"breadcrumb\":{\"@id\":\"https:\/\/baubauwall.com\/et\/toode\/pilttapeet-ombre-taevasinine\/#breadcrumb\"},\"inLanguage\":\"et\",\"potentialAction\":[{\"@type\":\"ReadAction\",\"target\":[\"https:\/\/baubauwall.com\/et\/toode\/pilttapeet-ombre-taevasinine\/\"]}]},{\"@type\":\"ImageObject\",\"inLanguage\":\"et\",\"@id\":\"https:\/\/baubauwall.com\/et\/toode\/pilttapeet-ombre-taevasinine\/#primaryimage\",\"url\":\"https:\/\/baubauwall.com\/wp-content\/uploads\/2025\/03\/51200468_OmbreSky-Blue_Baubauwall_Wall_Mural_room3.jpg\",\"contentUrl\":\"https:\/\/baubauwall.com\/wp-content\/uploads\/2025\/03\/51200468_OmbreSky-Blue_Baubauwall_Wall_Mural_room3.jpg\",\"width\":1067,\"height\":1600,\"caption\":\"Blue ombre wallpaper set on a modern living room wall by Baubauwall\"},{\"@type\":\"BreadcrumbList\",\"@id\":\"https:\/\/baubauwall.com\/et\/toode\/pilttapeet-ombre-taevasinine\/#breadcrumb\",\"itemListElement\":[{\"@type\":\"ListItem\",\"position\":1,\"name\":\"Koju\",\"item\":\"https:\/\/baubauwall.com\/et\/\"},{\"@type\":\"ListItem\",\"position\":2,\"name\":\"Tapeedid\",\"item\":\"https:\/\/baubauwall.com\/et\/tapeedid\/\"},{\"@type\":\"ListItem\",\"position\":3,\"name\":\"Ombre &#8211; taevasinine\"}]},{\"@type\":\"WebSite\",\"@id\":\"https:\/\/baubauwall.com\/et\/#website\",\"url\":\"https:\/\/baubauwall.com\/et\/\",\"name\":\"BAUBAUWALL Wallpapers\",\"description\":\"Valmis paanides tapeet Eestist!\",\"publisher\":{\"@id\":\"https:\/\/baubauwall.com\/et\/#organization\"},\"potentialAction\":[{\"@type\":\"SearchAction\",\"target\":{\"@type\":\"EntryPoint\",\"urlTemplate\":\"https:\/\/baubauwall.com\/et\/?s={search_term_string}\"},\"query-input\":{\"@type\":\"PropertyValueSpecification\",\"valueRequired\":true,\"valueName\":\"search_term_string\"}}],\"inLanguage\":\"et\"},{\"@type\":\"Organization\",\"@id\":\"https:\/\/baubauwall.com\/et\/#organization\",\"name\":\"BAUBAUWALL Wallpapers\",\"url\":\"https:\/\/baubauwall.com\/et\/\",\"logo\":{\"@type\":\"ImageObject\",\"inLanguage\":\"et\",\"@id\":\"https:\/\/baubauwall.com\/et\/#\/schema\/logo\/image\/\",\"url\":\"https:\/\/baubauwall.com\/wp-content\/uploads\/2022\/03\/logo-horizontal.svg\",\"contentUrl\":\"https:\/\/baubauwall.com\/wp-content\/uploads\/2022\/03\/logo-horizontal.svg\",\"width\":\"1024\",\"height\":\"1024\",\"caption\":\"BAUBAUWALL Wallpapers\"},\"image\":{\"@id\":\"https:\/\/baubauwall.com\/et\/#\/schema\/logo\/image\/\"},\"sameAs\":[\"https:\/\/www.facebook.com\/Baubauwall\",\"https:\/\/www.instagram.com\/baubauwall\"]}]}<\/script>\n<!-- \/ Yoast SEO plugin. -->","yoast_head_json":{"title":"Helesinine tapeet Ombre - taevasinine - BAUBAUWALL TAPEEDID disaintapeedid","description":"Ombre helesinine tapeet, mille alumine osa on tumedam ja \u00fclalt peaaegu valge. Pilttapeet, mis minimaalse disainiga toob suure efekti interj\u00f6\u00f6ri!","robots":{"index":"index","follow":"follow","max-snippet":"max-snippet:-1","max-image-preview":"max-image-preview:large","max-video-preview":"max-video-preview:-1"},"canonical":"https:\/\/baubauwall.com\/et\/toode\/pilttapeet-ombre-taevasinine\/","og_locale":"et_EE","og_type":"article","og_title":"Helesinine tapeet Ombre - taevasinine - BAUBAUWALL TAPEEDID disaintapeedid","og_description":"Ombre helesinine tapeet, mille alumine osa on tumedam ja \u00fclalt peaaegu valge. Pilttapeet, mis minimaalse disainiga toob suure efekti interj\u00f6\u00f6ri!","og_url":"https:\/\/baubauwall.com\/et\/toode\/pilttapeet-ombre-taevasinine\/","og_site_name":"BAUBAUWALL TAPEEDID","article_publisher":"https:\/\/www.facebook.com\/Baubauwall","article_modified_time":"2025-04-04T14:04:14+00:00","og_image":[{"width":1067,"height":1600,"url":"https:\/\/baubauwall.com\/wp-content\/uploads\/2025\/03\/51200468_OmbreSky-Blue_Baubauwall_Wall_Mural_room3.jpg","type":"image\/jpeg"}],"twitter_card":"summary_large_image","twitter_misc":{"Est. reading time":"1 minut"},"schema":{"@context":"https:\/\/schema.org","@graph":[{"@type":"WebPage","@id":"https:\/\/baubauwall.com\/et\/toode\/pilttapeet-ombre-taevasinine\/","url":"https:\/\/baubauwall.com\/et\/toode\/pilttapeet-ombre-taevasinine\/","name":"Helesinine tapeet Ombre - taevasinine - BAUBAUWALL TAPEEDID disaintapeedid","isPartOf":{"@id":"https:\/\/baubauwall.com\/et\/#website"},"primaryImageOfPage":{"@id":"https:\/\/baubauwall.com\/et\/toode\/pilttapeet-ombre-taevasinine\/#primaryimage"},"image":{"@id":"https:\/\/baubauwall.com\/et\/toode\/pilttapeet-ombre-taevasinine\/#primaryimage"},"thumbnailUrl":"https:\/\/baubauwall.com\/wp-content\/uploads\/2025\/03\/51200468_OmbreSky-Blue_Baubauwall_Wall_Mural_room3.jpg","datePublished":"2025-03-20T09:00:32+00:00","dateModified":"2025-04-04T14:04:14+00:00","description":"Ombre helesinine tapeet, mille alumine osa on tumedam ja \u00fclalt peaaegu valge. Pilttapeet, mis minimaalse disainiga toob suure efekti interj\u00f6\u00f6ri!","breadcrumb":{"@id":"https:\/\/baubauwall.com\/et\/toode\/pilttapeet-ombre-taevasinine\/#breadcrumb"},"inLanguage":"et","potentialAction":[{"@type":"ReadAction","target":["https:\/\/baubauwall.com\/et\/toode\/pilttapeet-ombre-taevasinine\/"]}]},{"@type":"ImageObject","inLanguage":"et","@id":"https:\/\/baubauwall.com\/et\/toode\/pilttapeet-ombre-taevasinine\/#primaryimage","url":"https:\/\/baubauwall.com\/wp-content\/uploads\/2025\/03\/51200468_OmbreSky-Blue_Baubauwall_Wall_Mural_room3.jpg","contentUrl":"https:\/\/baubauwall.com\/wp-content\/uploads\/2025\/03\/51200468_OmbreSky-Blue_Baubauwall_Wall_Mural_room3.jpg","width":1067,"height":1600,"caption":"Blue ombre wallpaper set on a modern living room wall by Baubauwall"},{"@type":"BreadcrumbList","@id":"https:\/\/baubauwall.com\/et\/toode\/pilttapeet-ombre-taevasinine\/#breadcrumb","itemListElement":[{"@type":"ListItem","position":1,"name":"Koju","item":"https:\/\/baubauwall.com\/et\/"},{"@type":"ListItem","position":2,"name":"Tapeedid","item":"https:\/\/baubauwall.com\/et\/tapeedid\/"},{"@type":"ListItem","position":3,"name":"Ombre &#8211; taevasinine"}]},{"@type":"WebSite","@id":"https:\/\/baubauwall.com\/et\/#website","url":"https:\/\/baubauwall.com\/et\/","name":"BAUBAUWALL Wallpapers","description":"Valmis paanides tapeet Eestist!","publisher":{"@id":"https:\/\/baubauwall.com\/et\/#organization"},"potentialAction":[{"@type":"SearchAction","target":{"@type":"EntryPoint","urlTemplate":"https:\/\/baubauwall.com\/et\/?s={search_term_string}"},"query-input":{"@type":"PropertyValueSpecification","valueRequired":true,"valueName":"search_term_string"}}],"inLanguage":"et"},{"@type":"Organization","@id":"https:\/\/baubauwall.com\/et\/#organization","name":"BAUBAUWALL Wallpapers","url":"https:\/\/baubauwall.com\/et\/","logo":{"@type":"ImageObject","inLanguage":"et","@id":"https:\/\/baubauwall.com\/et\/#\/schema\/logo\/image\/","url":"https:\/\/baubauwall.com\/wp-content\/uploads\/2022\/03\/logo-horizontal.svg","contentUrl":"https:\/\/baubauwall.com\/wp-content\/uploads\/2022\/03\/logo-horizontal.svg","width":"1024","height":"1024","caption":"BAUBAUWALL Wallpapers"},"image":{"@id":"https:\/\/baubauwall.com\/et\/#\/schema\/logo\/image\/"},"sameAs":["https:\/\/www.facebook.com\/Baubauwall","https:\/\/www.instagram.com\/baubauwall"]}]}},"jetpack_sharing_enabled":true,"_links":{"self":[{"href":"https:\/\/baubauwall.com\/et\/wp-json\/wp\/v2\/product\/41950","targetHints":{"allow":["GET"]}}],"collection":[{"href":"https:\/\/baubauwall.com\/et\/wp-json\/wp\/v2\/product"}],"about":[{"href":"https:\/\/baubauwall.com\/et\/wp-json\/wp\/v2\/types\/product"}],"replies":[{"embeddable":true,"href":"https:\/\/baubauwall.com\/et\/wp-json\/wp\/v2\/comments?post=41950"}],"wp:featuredmedia":[{"embeddable":true,"href":"https:\/\/baubauwall.com\/et\/wp-json\/wp\/v2\/media\/42018"}],"wp:attachment":[{"href":"https:\/\/baubauwall.com\/et\/wp-json\/wp\/v2\/media?parent=41950"}],"wp:term":[{"taxonomy":"product_brand","embeddable":true,"href":"https:\/\/baubauwall.com\/et\/wp-json\/wp\/v2\/product_brand?post=41950"},{"taxonomy":"product_cat","embeddable":true,"href":"https:\/\/baubauwall.com\/et\/wp-json\/wp\/v2\/product_cat?post=41950"},{"taxonomy":"product_tag","embeddable":true,"href":"https:\/\/baubauwall.com\/et\/wp-json\/wp\/v2\/product_tag?post=41950"}],"curies":[{"name":"wp","href":"https:\/\/api.w.org\/{rel}","templated":true}]}}