{"id":42111,"date":"2025-03-24T14:48:04","date_gmt":"2025-03-24T12:48:04","guid":{"rendered":"https:\/\/baubauwall.com\/?post_type=product&#038;p=42111"},"modified":"2025-03-25T13:43:33","modified_gmt":"2025-03-25T11:43:33","slug":"pilttapeet-ombre-cappuccino","status":"publish","type":"product","link":"https:\/\/baubauwall.com\/et\/toode\/pilttapeet-ombre-cappuccino\/","title":{"rendered":"Ombre &#8211; Cappuccino"},"content":{"rendered":"<p><em>Ombre<\/em> pilttapeet, mis on sama m\u00f5nusat v\u00e4rvi, kui Su lemmikkohv! \u201c<em>Ombre<\/em>\u201d t\u00e4hendab prantsuse keeles \u00fche tooni hajumist teiseks. Selline stiil on v\u00e4ga efektne tapeedil, kuna vaid kvaliteetse tr\u00fckitehnikaga on v\u00f5imalik saavutada filigraanne tulemus. Ombre tapeete on ka lihtne siduda interj\u00f6\u00f6ri muude detailidega, kuna neil pole otseselt mingit mustrit. Lihtsalt puhas v\u00e4rv, mis sulandub teiseks. Meie valikus on ombre efektiga tapeete, kus tumedam v\u00e4rv on all ja heledam \u00fclal.\u00a0 Aga soovi korral v\u00f5id ka just vastupidiselt tapeeti paigaldada! See ombre tapeet siin on cappuccino kohvi tooni mis muutub \u00fclal piimjaks.<\/p>\n<p>Kusjuures, ombre efektiga tapeete v\u00f5id julgesti kasutada kas ruumi k\u00f5ikidel seintel ja nii nad justkui m\u00e4hkida stiilselt v\u00e4rvi. V\u00f5i kasuta\u00a0 ombre pilttapeeti vaid \u00fchel seinal, olgu see magamistuba v\u00f5i kodu muu tuba. <a href=\"https:\/\/www.pinterest.com\/baubauwall\/ombre-effect-mural-wallpapers\/\" target=\"_blank\" rel=\"noopener\">Vaata Pinterestist<\/a>\u00a0veel ombre tapeetide ideid!<\/p>\n<p><strong>Miks osta tapeet siit? Tapeetimine pole kunagi nii lihtne olnud!<\/strong><\/p>\n<ul>\n<li>Eesti disain<\/li>\n<li>Nummerdatud tapeedipaanid<\/li>\n<li>Just nii pikad tapeedipaanid, kui on Sinu sein<\/li>\n<li>Premium, matt\u00a0<a href=\"https:\/\/baubauwall.com\/et\/nipid\/fliistapeet-voi-pabertapeet\/\" target=\"_blank\" rel=\"noopener\">fliistapeedi materjal<\/a><\/li>\n<li>M\u00fcrgivabad tr\u00fckiv\u00e4rvid, Greenguard sertifitseeritud<\/li>\n<li>Keskkonnas\u00f5bralik, j\u00e4\u00e4tmevaba tapeetimine<\/li>\n<li>Tasuta tapeediliim<\/li>\n<li>Tasuta transport ja kiire tarne 5 t\u00f6\u00f6p\u00e4evaga<\/li>\n<\/ul>\n<p>&nbsp;<\/p>\n","protected":false},"excerpt":{"rendered":"<p>Ombre pilttapeet, mis on sama m\u00f5nusat v\u00e4rvi, kui Su lemmikkohv! \u201cOmbre\u201d t\u00e4hendab prantsuse keeles \u00fche tooni hajumist teiseks. Selline stiil on v\u00e4ga efektne tapeedil, kuna vaid kvaliteetse tr\u00fckitehnikaga on v\u00f5imalik saavutada filigraanne tulemus. Ombre tapeete on ka lihtne siduda interj\u00f6\u00f6ri muude detailidega, kuna neil pole otseselt mingit mustrit. Lihtsalt puhas v\u00e4rv, mis sulandub teiseks. Meie [&hellip;]<\/p>\n","protected":false},"featured_media":42128,"comment_status":"open","ping_status":"closed","template":"","meta":{"_acf_changed":false,"inline_featured_image":false},"product_brand":[],"product_cat":[387,773,406,396,265,269,276,752,413,414,415,399,402],"product_tag":[345],"class_list":{"0":"post-42111","1":"product","2":"type-product","3":"status-publish","4":"has-post-thumbnail","6":"product_cat-pilttapeedid","7":"product_cat-ombre-et","8":"product_cat-klassika","9":"product_cat-skandinaavia","10":"product_cat-beezid-tapeedid","11":"product_cat-pruunid-tapeedid","12":"product_cat-pastelsed-tapeedid","13":"product_cat-avalik-ruum","14":"product_cat-magamistoa-tapeedid","15":"product_cat-soogitoa-tapeedid","16":"product_cat-kulalistetoa-tapeedid","17":"product_cat-kodukontori-tapeedid","18":"product_cat-elutoa-tapeedid","19":"product_tag-pilttapeet","20":"pa_designedby-baubauwall","22":"first","23":"instock","24":"taxable","25":"shipping-taxable","26":"purchasable","27":"product-type-simple"},"acf":[],"yoast_head":"<!-- This site is optimized with the Yoast SEO plugin v25.9 - https:\/\/yoast.com\/wordpress\/plugins\/seo\/ -->\n<title>Pilttapeet Ombre - Cappuccino - BAUBAUWALL Wallpapers tapeedid<\/title>\n<meta name=\"description\" content=\"Ombre efektiga cappuccino kohvi tooni pilttapeet, mille alumine osa on pruun ja \u00fclalt hele bee\u017e. Tapeet, mis minimaalse ombre disainiga toob suure efekti!\" \/>\n<meta name=\"robots\" content=\"index, follow, max-snippet:-1, max-image-preview:large, max-video-preview:-1\" \/>\n<link rel=\"canonical\" href=\"https:\/\/baubauwall.com\/et\/toode\/pilttapeet-ombre-cappuccino\/\" \/>\n<meta property=\"og:locale\" content=\"et_EE\" \/>\n<meta property=\"og:type\" content=\"article\" \/>\n<meta property=\"og:title\" content=\"Ombre efektiga pruunides toonides tapeet\" \/>\n<meta property=\"og:description\" content=\"Ombre efektiga cappuccino kohvi tooni pilttapeet, mille alumine osa on pruun ja \u00fclalt hele bee\u017e. Tapeet, mis minimaalse ombre disainiga toob suure efekti!\" \/>\n<meta property=\"og:url\" content=\"https:\/\/baubauwall.com\/et\/toode\/pilttapeet-ombre-cappuccino\/\" \/>\n<meta property=\"og:site_name\" content=\"BAUBAUWALL Wallpapers\" \/>\n<meta property=\"article:publisher\" content=\"https:\/\/www.facebook.com\/Baubauwall\" \/>\n<meta property=\"article:modified_time\" content=\"2025-03-25T11:43:33+00:00\" \/>\n<meta property=\"og:image\" content=\"https:\/\/baubauwall.com\/wp-content\/uploads\/2025\/03\/51200472_OmbreCappucino_Baubauwall_Wall_Mural_room1.jpg\" \/>\n\t<meta property=\"og:image:width\" content=\"1200\" \/>\n\t<meta property=\"og:image:height\" content=\"800\" \/>\n\t<meta property=\"og:image:type\" content=\"image\/jpeg\" \/>\n<meta name=\"twitter:card\" content=\"summary_large_image\" \/>\n<meta name=\"twitter:label1\" content=\"Est. reading time\" \/>\n\t<meta name=\"twitter:data1\" content=\"1 minut\" \/>\n<script type=\"application\/ld+json\" class=\"yoast-schema-graph\">{\"@context\":\"https:\/\/schema.org\",\"@graph\":[{\"@type\":\"WebPage\",\"@id\":\"https:\/\/baubauwall.com\/et\/toode\/pilttapeet-ombre-cappuccino\/\",\"url\":\"https:\/\/baubauwall.com\/et\/toode\/pilttapeet-ombre-cappuccino\/\",\"name\":\"Pilttapeet Ombre - Cappuccino - BAUBAUWALL Wallpapers tapeedid\",\"isPartOf\":{\"@id\":\"https:\/\/baubauwall.com\/et\/#website\"},\"primaryImageOfPage\":{\"@id\":\"https:\/\/baubauwall.com\/et\/toode\/pilttapeet-ombre-cappuccino\/#primaryimage\"},\"image\":{\"@id\":\"https:\/\/baubauwall.com\/et\/toode\/pilttapeet-ombre-cappuccino\/#primaryimage\"},\"thumbnailUrl\":\"https:\/\/baubauwall.com\/wp-content\/uploads\/2025\/03\/51200472_OmbreCappucino_Baubauwall_Wall_Mural_room3.jpg\",\"datePublished\":\"2025-03-24T12:48:04+00:00\",\"dateModified\":\"2025-03-25T11:43:33+00:00\",\"description\":\"Ombre efektiga cappuccino kohvi tooni pilttapeet, mille alumine osa on pruun ja \u00fclalt hele bee\u017e. Tapeet, mis minimaalse ombre disainiga toob suure efekti!\",\"breadcrumb\":{\"@id\":\"https:\/\/baubauwall.com\/et\/toode\/pilttapeet-ombre-cappuccino\/#breadcrumb\"},\"inLanguage\":\"et\",\"potentialAction\":[{\"@type\":\"ReadAction\",\"target\":[\"https:\/\/baubauwall.com\/et\/toode\/pilttapeet-ombre-cappuccino\/\"]}]},{\"@type\":\"ImageObject\",\"inLanguage\":\"et\",\"@id\":\"https:\/\/baubauwall.com\/et\/toode\/pilttapeet-ombre-cappuccino\/#primaryimage\",\"url\":\"https:\/\/baubauwall.com\/wp-content\/uploads\/2025\/03\/51200472_OmbreCappucino_Baubauwall_Wall_Mural_room3.jpg\",\"contentUrl\":\"https:\/\/baubauwall.com\/wp-content\/uploads\/2025\/03\/51200472_OmbreCappucino_Baubauwall_Wall_Mural_room3.jpg\",\"width\":1517,\"height\":800,\"caption\":\"Soft brown ombre wallpaper. Cappuccino color wallcovering set on modern living room walls. Baubuawall Wallpapers\"},{\"@type\":\"BreadcrumbList\",\"@id\":\"https:\/\/baubauwall.com\/et\/toode\/pilttapeet-ombre-cappuccino\/#breadcrumb\",\"itemListElement\":[{\"@type\":\"ListItem\",\"position\":1,\"name\":\"Koju\",\"item\":\"https:\/\/baubauwall.com\/et\/\"},{\"@type\":\"ListItem\",\"position\":2,\"name\":\"Tapeedid\",\"item\":\"https:\/\/baubauwall.com\/et\/tapeedid\/\"},{\"@type\":\"ListItem\",\"position\":3,\"name\":\"Ombre &#8211; Cappuccino\"}]},{\"@type\":\"WebSite\",\"@id\":\"https:\/\/baubauwall.com\/et\/#website\",\"url\":\"https:\/\/baubauwall.com\/et\/\",\"name\":\"BAUBAUWALL Wallpapers\",\"description\":\"Valmis paanides tapeet Eestist!\",\"publisher\":{\"@id\":\"https:\/\/baubauwall.com\/et\/#organization\"},\"potentialAction\":[{\"@type\":\"SearchAction\",\"target\":{\"@type\":\"EntryPoint\",\"urlTemplate\":\"https:\/\/baubauwall.com\/et\/?s={search_term_string}\"},\"query-input\":{\"@type\":\"PropertyValueSpecification\",\"valueRequired\":true,\"valueName\":\"search_term_string\"}}],\"inLanguage\":\"et\"},{\"@type\":\"Organization\",\"@id\":\"https:\/\/baubauwall.com\/et\/#organization\",\"name\":\"BAUBAUWALL Wallpapers\",\"url\":\"https:\/\/baubauwall.com\/et\/\",\"logo\":{\"@type\":\"ImageObject\",\"inLanguage\":\"et\",\"@id\":\"https:\/\/baubauwall.com\/et\/#\/schema\/logo\/image\/\",\"url\":\"https:\/\/baubauwall.com\/wp-content\/uploads\/2022\/03\/logo-horizontal.svg\",\"contentUrl\":\"https:\/\/baubauwall.com\/wp-content\/uploads\/2022\/03\/logo-horizontal.svg\",\"width\":\"1024\",\"height\":\"1024\",\"caption\":\"BAUBAUWALL Wallpapers\"},\"image\":{\"@id\":\"https:\/\/baubauwall.com\/et\/#\/schema\/logo\/image\/\"},\"sameAs\":[\"https:\/\/www.facebook.com\/Baubauwall\",\"https:\/\/www.instagram.com\/baubauwall\"]}]}<\/script>\n<!-- \/ Yoast SEO plugin. -->","yoast_head_json":{"title":"Pilttapeet Ombre - Cappuccino - BAUBAUWALL Wallpapers tapeedid","description":"Ombre efektiga cappuccino kohvi tooni pilttapeet, mille alumine osa on pruun ja \u00fclalt hele bee\u017e. Tapeet, mis minimaalse ombre disainiga toob suure efekti!","robots":{"index":"index","follow":"follow","max-snippet":"max-snippet:-1","max-image-preview":"max-image-preview:large","max-video-preview":"max-video-preview:-1"},"canonical":"https:\/\/baubauwall.com\/et\/toode\/pilttapeet-ombre-cappuccino\/","og_locale":"et_EE","og_type":"article","og_title":"Ombre efektiga pruunides toonides tapeet","og_description":"Ombre efektiga cappuccino kohvi tooni pilttapeet, mille alumine osa on pruun ja \u00fclalt hele bee\u017e. Tapeet, mis minimaalse ombre disainiga toob suure efekti!","og_url":"https:\/\/baubauwall.com\/et\/toode\/pilttapeet-ombre-cappuccino\/","og_site_name":"BAUBAUWALL Wallpapers","article_publisher":"https:\/\/www.facebook.com\/Baubauwall","article_modified_time":"2025-03-25T11:43:33+00:00","og_image":[{"width":1200,"height":800,"url":"https:\/\/baubauwall.com\/wp-content\/uploads\/2025\/03\/51200472_OmbreCappucino_Baubauwall_Wall_Mural_room1.jpg","type":"image\/jpeg"}],"twitter_card":"summary_large_image","twitter_misc":{"Est. reading time":"1 minut"},"schema":{"@context":"https:\/\/schema.org","@graph":[{"@type":"WebPage","@id":"https:\/\/baubauwall.com\/et\/toode\/pilttapeet-ombre-cappuccino\/","url":"https:\/\/baubauwall.com\/et\/toode\/pilttapeet-ombre-cappuccino\/","name":"Pilttapeet Ombre - Cappuccino - BAUBAUWALL Wallpapers tapeedid","isPartOf":{"@id":"https:\/\/baubauwall.com\/et\/#website"},"primaryImageOfPage":{"@id":"https:\/\/baubauwall.com\/et\/toode\/pilttapeet-ombre-cappuccino\/#primaryimage"},"image":{"@id":"https:\/\/baubauwall.com\/et\/toode\/pilttapeet-ombre-cappuccino\/#primaryimage"},"thumbnailUrl":"https:\/\/baubauwall.com\/wp-content\/uploads\/2025\/03\/51200472_OmbreCappucino_Baubauwall_Wall_Mural_room3.jpg","datePublished":"2025-03-24T12:48:04+00:00","dateModified":"2025-03-25T11:43:33+00:00","description":"Ombre efektiga cappuccino kohvi tooni pilttapeet, mille alumine osa on pruun ja \u00fclalt hele bee\u017e. Tapeet, mis minimaalse ombre disainiga toob suure efekti!","breadcrumb":{"@id":"https:\/\/baubauwall.com\/et\/toode\/pilttapeet-ombre-cappuccino\/#breadcrumb"},"inLanguage":"et","potentialAction":[{"@type":"ReadAction","target":["https:\/\/baubauwall.com\/et\/toode\/pilttapeet-ombre-cappuccino\/"]}]},{"@type":"ImageObject","inLanguage":"et","@id":"https:\/\/baubauwall.com\/et\/toode\/pilttapeet-ombre-cappuccino\/#primaryimage","url":"https:\/\/baubauwall.com\/wp-content\/uploads\/2025\/03\/51200472_OmbreCappucino_Baubauwall_Wall_Mural_room3.jpg","contentUrl":"https:\/\/baubauwall.com\/wp-content\/uploads\/2025\/03\/51200472_OmbreCappucino_Baubauwall_Wall_Mural_room3.jpg","width":1517,"height":800,"caption":"Soft brown ombre wallpaper. Cappuccino color wallcovering set on modern living room walls. Baubuawall Wallpapers"},{"@type":"BreadcrumbList","@id":"https:\/\/baubauwall.com\/et\/toode\/pilttapeet-ombre-cappuccino\/#breadcrumb","itemListElement":[{"@type":"ListItem","position":1,"name":"Koju","item":"https:\/\/baubauwall.com\/et\/"},{"@type":"ListItem","position":2,"name":"Tapeedid","item":"https:\/\/baubauwall.com\/et\/tapeedid\/"},{"@type":"ListItem","position":3,"name":"Ombre &#8211; Cappuccino"}]},{"@type":"WebSite","@id":"https:\/\/baubauwall.com\/et\/#website","url":"https:\/\/baubauwall.com\/et\/","name":"BAUBAUWALL Wallpapers","description":"Valmis paanides tapeet Eestist!","publisher":{"@id":"https:\/\/baubauwall.com\/et\/#organization"},"potentialAction":[{"@type":"SearchAction","target":{"@type":"EntryPoint","urlTemplate":"https:\/\/baubauwall.com\/et\/?s={search_term_string}"},"query-input":{"@type":"PropertyValueSpecification","valueRequired":true,"valueName":"search_term_string"}}],"inLanguage":"et"},{"@type":"Organization","@id":"https:\/\/baubauwall.com\/et\/#organization","name":"BAUBAUWALL Wallpapers","url":"https:\/\/baubauwall.com\/et\/","logo":{"@type":"ImageObject","inLanguage":"et","@id":"https:\/\/baubauwall.com\/et\/#\/schema\/logo\/image\/","url":"https:\/\/baubauwall.com\/wp-content\/uploads\/2022\/03\/logo-horizontal.svg","contentUrl":"https:\/\/baubauwall.com\/wp-content\/uploads\/2022\/03\/logo-horizontal.svg","width":"1024","height":"1024","caption":"BAUBAUWALL Wallpapers"},"image":{"@id":"https:\/\/baubauwall.com\/et\/#\/schema\/logo\/image\/"},"sameAs":["https:\/\/www.facebook.com\/Baubauwall","https:\/\/www.instagram.com\/baubauwall"]}]}},"jetpack_sharing_enabled":true,"_links":{"self":[{"href":"https:\/\/baubauwall.com\/et\/wp-json\/wp\/v2\/product\/42111","targetHints":{"allow":["GET"]}}],"collection":[{"href":"https:\/\/baubauwall.com\/et\/wp-json\/wp\/v2\/product"}],"about":[{"href":"https:\/\/baubauwall.com\/et\/wp-json\/wp\/v2\/types\/product"}],"replies":[{"embeddable":true,"href":"https:\/\/baubauwall.com\/et\/wp-json\/wp\/v2\/comments?post=42111"}],"wp:featuredmedia":[{"embeddable":true,"href":"https:\/\/baubauwall.com\/et\/wp-json\/wp\/v2\/media\/42128"}],"wp:attachment":[{"href":"https:\/\/baubauwall.com\/et\/wp-json\/wp\/v2\/media?parent=42111"}],"wp:term":[{"taxonomy":"product_brand","embeddable":true,"href":"https:\/\/baubauwall.com\/et\/wp-json\/wp\/v2\/product_brand?post=42111"},{"taxonomy":"product_cat","embeddable":true,"href":"https:\/\/baubauwall.com\/et\/wp-json\/wp\/v2\/product_cat?post=42111"},{"taxonomy":"product_tag","embeddable":true,"href":"https:\/\/baubauwall.com\/et\/wp-json\/wp\/v2\/product_tag?post=42111"}],"curies":[{"name":"wp","href":"https:\/\/api.w.org\/{rel}","templated":true}]}}