{"id":42250,"date":"2025-03-26T17:10:14","date_gmt":"2025-03-26T15:10:14","guid":{"rendered":"https:\/\/baubauwall.com\/?post_type=product&#038;p=42250"},"modified":"2025-04-02T12:11:56","modified_gmt":"2025-04-02T10:11:56","slug":"pilttapeet-harmoonia-aed-beez","status":"publish","type":"product","link":"https:\/\/baubauwall.com\/et\/toode\/pilttapeet-harmoonia-aed-beez\/","title":{"rendered":"Harmoonia aed &#8211; bee\u017e"},"content":{"rendered":"<p class=\"\" data-start=\"193\" data-end=\"555\">Elegantne pilttapeet justkui unen\u00e4olisest minevikust \u2013 tapeet &#8220;Harmoonia aed&#8221; toob seinale ajaloolise stseeni. Bee\u017e tapeet p\u00f5hineb Hollandi keraamika kunstniku <a href=\"https:\/\/www.wga.hu\/bio_m\/f\/frytom\/biograph.html\" target=\"_blank\" rel=\"noopener\"><strong>Frederick van Frijtom<\/strong><\/a> Itaalia maastiku ainelisel teosel 17 . sajandist. Algselt keraamilisel plaadil olnud illustratsioon on digitaliseeritud ja loodud n\u00fc\u00fcd tapeediks, s\u00e4ilitades ajastule iseloomulikud detailid. Ajalooline tapeet sobib interj\u00f6\u00f6ri, mis otsib salap\u00e4ra ja luksust. Olgu tegemist avaliku ruumi v\u00f5i hoopis eramu elutoaga. Tapeedi bee\u017e v\u00e4rvigamma lubab disaini kasutada klassikalise sisekujundusega loomaks elegantset ning ajatut interj\u00f6\u00f6ri.<\/p>\n<p><strong>Miks valida pilttapeet Baubauwallist? Sest me teeme tapeedi valimise, ostmise ja paigalduse lihtsaks.\u00a0<\/strong><\/p>\n<ul>\n<li>Eesti ettev\u00f5te<\/li>\n<li>Tr\u00fckime t\u00e4pselt Sinu seina m\u00f5\u00f5dus tapeedi<\/li>\n<li>Just nii pikad tapeedipaanid, kui on Sinu sein<\/li>\n<li>Premium, matt fliistapeedi materjal, 100% taaskasutatud kiust<\/li>\n<li>M\u00fcrgivabad tr\u00fckiv\u00e4rvid, Greenguard sertifitseeritud<\/li>\n<li>Keskkonnas\u00f5bralik, j\u00e4\u00e4tmevaba tapeetimine<\/li>\n<li>Tasuta tapeediliim<\/li>\n<li>Tasuta transport ja kiire tarne 5 t\u00f6\u00f6p\u00e4evaga<\/li>\n<\/ul>\n<p>Loe l\u00e4hemalt nutikatest, eritellimust\u00f6\u00f6na valmivatest tapeetidest\u00a0<a href=\"https:\/\/baubauwall.com\/et\/keskkonnasobralikud-tapeedid\/\">siit.<\/a><\/p>\n<p class=\"\" data-start=\"557\" data-end=\"886\"><i>\u00a0<\/i><\/p>\n<p class=\"\" data-start=\"888\" data-end=\"1055\">\n","protected":false},"excerpt":{"rendered":"<p>mura<\/p>\n","protected":false},"featured_media":42258,"comment_status":"open","ping_status":"closed","template":"","meta":{"_acf_changed":false,"inline_featured_image":false},"product_brand":[],"product_cat":[780,387,395,406,391,388,265,273,276,752,413,414,415,416,399,402,245,248,254],"product_tag":[448,294,345],"class_list":{"0":"post-42250","1":"product","2":"type-product","3":"status-publish","4":"has-post-thumbnail","6":"product_cat-pilttapeedid-lugudega","7":"product_cat-pilttapeedid","8":"product_cat-romantiline","9":"product_cat-klassika","10":"product_cat-vahemereline","11":"product_cat-vintage-et","12":"product_cat-beezid-tapeedid","13":"product_cat-heledad-tapeedid","14":"product_cat-pastelsed-tapeedid","15":"product_cat-avalik-ruum","16":"product_cat-magamistoa-tapeedid","17":"product_cat-soogitoa-tapeedid","18":"product_cat-kulalistetoa-tapeedid","19":"product_cat-esiku-tapeedid","20":"product_cat-kodukontori-tapeedid","21":"product_cat-elutoa-tapeedid","22":"product_cat-maastik","23":"product_cat-mets","24":"product_cat-loodus","25":"product_tag-kunst-et","26":"product_tag-mustvalge","27":"product_tag-pilttapeet","28":"pa_designedby-baubauwall","30":"first","31":"instock","32":"taxable","33":"shipping-taxable","34":"purchasable","35":"product-type-simple"},"acf":[],"yoast_head":"<!-- This site is optimized with the Yoast SEO plugin v25.9 - https:\/\/yoast.com\/wordpress\/plugins\/seo\/ -->\n<title>Pilttapeet Harmoonia aed - bee\u017e<\/title>\n<meta name=\"description\" content=\"Elegantne pilttapeet magamistoa seinale v\u00f5i elutuppa. Bee\u017e pilttapeet ajaloolise grav\u00fc\u00fcri visuaaliga id\u00fcllilisest aiast, Tapeet, mis toob kunsti seinale!\" \/>\n<meta name=\"robots\" content=\"index, follow, max-snippet:-1, max-image-preview:large, max-video-preview:-1\" \/>\n<link rel=\"canonical\" href=\"https:\/\/baubauwall.com\/et\/toode\/pilttapeet-harmoonia-aed-beez\/\" \/>\n<meta property=\"og:locale\" content=\"et_EE\" \/>\n<meta property=\"og:type\" content=\"article\" \/>\n<meta property=\"og:title\" content=\"Pilttapeet Harmoonia aed - bee\u017e\" \/>\n<meta property=\"og:description\" content=\"Elegantne pilttapeet magamistoa seinale v\u00f5i elutuppa. Bee\u017e pilttapeet ajaloolise grav\u00fc\u00fcri visuaaliga id\u00fcllilisest aiast, Tapeet, mis toob kunsti seinale!\" \/>\n<meta property=\"og:url\" content=\"https:\/\/baubauwall.com\/et\/toode\/pilttapeet-harmoonia-aed-beez\/\" \/>\n<meta property=\"og:site_name\" content=\"BAUBAUWALL TAPEEDID\" \/>\n<meta property=\"article:publisher\" content=\"https:\/\/www.facebook.com\/Baubauwall\" \/>\n<meta property=\"article:modified_time\" content=\"2025-04-02T10:11:56+00:00\" \/>\n<meta property=\"og:image\" content=\"https:\/\/baubauwall.com\/wp-content\/uploads\/2025\/03\/51200479_EchoesofArcadia-Beige_Baubauwall_Wall_Mural_room1.jpg\" \/>\n\t<meta property=\"og:image:width\" content=\"1472\" \/>\n\t<meta property=\"og:image:height\" content=\"1600\" \/>\n\t<meta property=\"og:image:type\" content=\"image\/jpeg\" \/>\n<meta name=\"twitter:card\" content=\"summary_large_image\" \/>\n<meta name=\"twitter:label1\" content=\"Est. reading time\" \/>\n\t<meta name=\"twitter:data1\" content=\"1 minut\" \/>\n<script type=\"application\/ld+json\" class=\"yoast-schema-graph\">{\"@context\":\"https:\/\/schema.org\",\"@graph\":[{\"@type\":\"WebPage\",\"@id\":\"https:\/\/baubauwall.com\/et\/toode\/pilttapeet-harmoonia-aed-beez\/\",\"url\":\"https:\/\/baubauwall.com\/et\/toode\/pilttapeet-harmoonia-aed-beez\/\",\"name\":\"Pilttapeet Harmoonia aed - bee\u017e\",\"isPartOf\":{\"@id\":\"https:\/\/baubauwall.com\/et\/#website\"},\"primaryImageOfPage\":{\"@id\":\"https:\/\/baubauwall.com\/et\/toode\/pilttapeet-harmoonia-aed-beez\/#primaryimage\"},\"image\":{\"@id\":\"https:\/\/baubauwall.com\/et\/toode\/pilttapeet-harmoonia-aed-beez\/#primaryimage\"},\"thumbnailUrl\":\"https:\/\/baubauwall.com\/wp-content\/uploads\/2025\/03\/51200479_EchoesofArcadia-Beige_Baubauwall_Wall_Mural_room1.jpg\",\"datePublished\":\"2025-03-26T15:10:14+00:00\",\"dateModified\":\"2025-04-02T10:11:56+00:00\",\"description\":\"Elegantne pilttapeet magamistoa seinale v\u00f5i elutuppa. Bee\u017e pilttapeet ajaloolise grav\u00fc\u00fcri visuaaliga id\u00fcllilisest aiast, Tapeet, mis toob kunsti seinale!\",\"breadcrumb\":{\"@id\":\"https:\/\/baubauwall.com\/et\/toode\/pilttapeet-harmoonia-aed-beez\/#breadcrumb\"},\"inLanguage\":\"et\",\"potentialAction\":[{\"@type\":\"ReadAction\",\"target\":[\"https:\/\/baubauwall.com\/et\/toode\/pilttapeet-harmoonia-aed-beez\/\"]}]},{\"@type\":\"ImageObject\",\"inLanguage\":\"et\",\"@id\":\"https:\/\/baubauwall.com\/et\/toode\/pilttapeet-harmoonia-aed-beez\/#primaryimage\",\"url\":\"https:\/\/baubauwall.com\/wp-content\/uploads\/2025\/03\/51200479_EchoesofArcadia-Beige_Baubauwall_Wall_Mural_room1.jpg\",\"contentUrl\":\"https:\/\/baubauwall.com\/wp-content\/uploads\/2025\/03\/51200479_EchoesofArcadia-Beige_Baubauwall_Wall_Mural_room1.jpg\",\"width\":1472,\"height\":1600,\"caption\":\"Vintage panoramic mural wallpaper in beige. Bedroom or living room mural wallpaper Echoes of Arcadia by Baubauwall Wallpapers\"},{\"@type\":\"BreadcrumbList\",\"@id\":\"https:\/\/baubauwall.com\/et\/toode\/pilttapeet-harmoonia-aed-beez\/#breadcrumb\",\"itemListElement\":[{\"@type\":\"ListItem\",\"position\":1,\"name\":\"Koju\",\"item\":\"https:\/\/baubauwall.com\/et\/\"},{\"@type\":\"ListItem\",\"position\":2,\"name\":\"Tapeedid\",\"item\":\"https:\/\/baubauwall.com\/et\/tapeedid\/\"},{\"@type\":\"ListItem\",\"position\":3,\"name\":\"Harmoonia aed &#8211; bee\u017e\"}]},{\"@type\":\"WebSite\",\"@id\":\"https:\/\/baubauwall.com\/et\/#website\",\"url\":\"https:\/\/baubauwall.com\/et\/\",\"name\":\"BAUBAUWALL Wallpapers\",\"description\":\"Valmis paanides tapeet Eestist!\",\"publisher\":{\"@id\":\"https:\/\/baubauwall.com\/et\/#organization\"},\"potentialAction\":[{\"@type\":\"SearchAction\",\"target\":{\"@type\":\"EntryPoint\",\"urlTemplate\":\"https:\/\/baubauwall.com\/et\/?s={search_term_string}\"},\"query-input\":{\"@type\":\"PropertyValueSpecification\",\"valueRequired\":true,\"valueName\":\"search_term_string\"}}],\"inLanguage\":\"et\"},{\"@type\":\"Organization\",\"@id\":\"https:\/\/baubauwall.com\/et\/#organization\",\"name\":\"BAUBAUWALL Wallpapers\",\"url\":\"https:\/\/baubauwall.com\/et\/\",\"logo\":{\"@type\":\"ImageObject\",\"inLanguage\":\"et\",\"@id\":\"https:\/\/baubauwall.com\/et\/#\/schema\/logo\/image\/\",\"url\":\"https:\/\/baubauwall.com\/wp-content\/uploads\/2022\/03\/logo-horizontal.svg\",\"contentUrl\":\"https:\/\/baubauwall.com\/wp-content\/uploads\/2022\/03\/logo-horizontal.svg\",\"width\":\"1024\",\"height\":\"1024\",\"caption\":\"BAUBAUWALL Wallpapers\"},\"image\":{\"@id\":\"https:\/\/baubauwall.com\/et\/#\/schema\/logo\/image\/\"},\"sameAs\":[\"https:\/\/www.facebook.com\/Baubauwall\",\"https:\/\/www.instagram.com\/baubauwall\"]}]}<\/script>\n<!-- \/ Yoast SEO plugin. -->","yoast_head_json":{"title":"Pilttapeet Harmoonia aed - bee\u017e","description":"Elegantne pilttapeet magamistoa seinale v\u00f5i elutuppa. Bee\u017e pilttapeet ajaloolise grav\u00fc\u00fcri visuaaliga id\u00fcllilisest aiast, Tapeet, mis toob kunsti seinale!","robots":{"index":"index","follow":"follow","max-snippet":"max-snippet:-1","max-image-preview":"max-image-preview:large","max-video-preview":"max-video-preview:-1"},"canonical":"https:\/\/baubauwall.com\/et\/toode\/pilttapeet-harmoonia-aed-beez\/","og_locale":"et_EE","og_type":"article","og_title":"Pilttapeet Harmoonia aed - bee\u017e","og_description":"Elegantne pilttapeet magamistoa seinale v\u00f5i elutuppa. Bee\u017e pilttapeet ajaloolise grav\u00fc\u00fcri visuaaliga id\u00fcllilisest aiast, Tapeet, mis toob kunsti seinale!","og_url":"https:\/\/baubauwall.com\/et\/toode\/pilttapeet-harmoonia-aed-beez\/","og_site_name":"BAUBAUWALL TAPEEDID","article_publisher":"https:\/\/www.facebook.com\/Baubauwall","article_modified_time":"2025-04-02T10:11:56+00:00","og_image":[{"width":1472,"height":1600,"url":"https:\/\/baubauwall.com\/wp-content\/uploads\/2025\/03\/51200479_EchoesofArcadia-Beige_Baubauwall_Wall_Mural_room1.jpg","type":"image\/jpeg"}],"twitter_card":"summary_large_image","twitter_misc":{"Est. reading time":"1 minut"},"schema":{"@context":"https:\/\/schema.org","@graph":[{"@type":"WebPage","@id":"https:\/\/baubauwall.com\/et\/toode\/pilttapeet-harmoonia-aed-beez\/","url":"https:\/\/baubauwall.com\/et\/toode\/pilttapeet-harmoonia-aed-beez\/","name":"Pilttapeet Harmoonia aed - bee\u017e","isPartOf":{"@id":"https:\/\/baubauwall.com\/et\/#website"},"primaryImageOfPage":{"@id":"https:\/\/baubauwall.com\/et\/toode\/pilttapeet-harmoonia-aed-beez\/#primaryimage"},"image":{"@id":"https:\/\/baubauwall.com\/et\/toode\/pilttapeet-harmoonia-aed-beez\/#primaryimage"},"thumbnailUrl":"https:\/\/baubauwall.com\/wp-content\/uploads\/2025\/03\/51200479_EchoesofArcadia-Beige_Baubauwall_Wall_Mural_room1.jpg","datePublished":"2025-03-26T15:10:14+00:00","dateModified":"2025-04-02T10:11:56+00:00","description":"Elegantne pilttapeet magamistoa seinale v\u00f5i elutuppa. Bee\u017e pilttapeet ajaloolise grav\u00fc\u00fcri visuaaliga id\u00fcllilisest aiast, Tapeet, mis toob kunsti seinale!","breadcrumb":{"@id":"https:\/\/baubauwall.com\/et\/toode\/pilttapeet-harmoonia-aed-beez\/#breadcrumb"},"inLanguage":"et","potentialAction":[{"@type":"ReadAction","target":["https:\/\/baubauwall.com\/et\/toode\/pilttapeet-harmoonia-aed-beez\/"]}]},{"@type":"ImageObject","inLanguage":"et","@id":"https:\/\/baubauwall.com\/et\/toode\/pilttapeet-harmoonia-aed-beez\/#primaryimage","url":"https:\/\/baubauwall.com\/wp-content\/uploads\/2025\/03\/51200479_EchoesofArcadia-Beige_Baubauwall_Wall_Mural_room1.jpg","contentUrl":"https:\/\/baubauwall.com\/wp-content\/uploads\/2025\/03\/51200479_EchoesofArcadia-Beige_Baubauwall_Wall_Mural_room1.jpg","width":1472,"height":1600,"caption":"Vintage panoramic mural wallpaper in beige. Bedroom or living room mural wallpaper Echoes of Arcadia by Baubauwall Wallpapers"},{"@type":"BreadcrumbList","@id":"https:\/\/baubauwall.com\/et\/toode\/pilttapeet-harmoonia-aed-beez\/#breadcrumb","itemListElement":[{"@type":"ListItem","position":1,"name":"Koju","item":"https:\/\/baubauwall.com\/et\/"},{"@type":"ListItem","position":2,"name":"Tapeedid","item":"https:\/\/baubauwall.com\/et\/tapeedid\/"},{"@type":"ListItem","position":3,"name":"Harmoonia aed &#8211; bee\u017e"}]},{"@type":"WebSite","@id":"https:\/\/baubauwall.com\/et\/#website","url":"https:\/\/baubauwall.com\/et\/","name":"BAUBAUWALL Wallpapers","description":"Valmis paanides tapeet Eestist!","publisher":{"@id":"https:\/\/baubauwall.com\/et\/#organization"},"potentialAction":[{"@type":"SearchAction","target":{"@type":"EntryPoint","urlTemplate":"https:\/\/baubauwall.com\/et\/?s={search_term_string}"},"query-input":{"@type":"PropertyValueSpecification","valueRequired":true,"valueName":"search_term_string"}}],"inLanguage":"et"},{"@type":"Organization","@id":"https:\/\/baubauwall.com\/et\/#organization","name":"BAUBAUWALL Wallpapers","url":"https:\/\/baubauwall.com\/et\/","logo":{"@type":"ImageObject","inLanguage":"et","@id":"https:\/\/baubauwall.com\/et\/#\/schema\/logo\/image\/","url":"https:\/\/baubauwall.com\/wp-content\/uploads\/2022\/03\/logo-horizontal.svg","contentUrl":"https:\/\/baubauwall.com\/wp-content\/uploads\/2022\/03\/logo-horizontal.svg","width":"1024","height":"1024","caption":"BAUBAUWALL Wallpapers"},"image":{"@id":"https:\/\/baubauwall.com\/et\/#\/schema\/logo\/image\/"},"sameAs":["https:\/\/www.facebook.com\/Baubauwall","https:\/\/www.instagram.com\/baubauwall"]}]}},"jetpack_sharing_enabled":true,"_links":{"self":[{"href":"https:\/\/baubauwall.com\/et\/wp-json\/wp\/v2\/product\/42250","targetHints":{"allow":["GET"]}}],"collection":[{"href":"https:\/\/baubauwall.com\/et\/wp-json\/wp\/v2\/product"}],"about":[{"href":"https:\/\/baubauwall.com\/et\/wp-json\/wp\/v2\/types\/product"}],"replies":[{"embeddable":true,"href":"https:\/\/baubauwall.com\/et\/wp-json\/wp\/v2\/comments?post=42250"}],"wp:featuredmedia":[{"embeddable":true,"href":"https:\/\/baubauwall.com\/et\/wp-json\/wp\/v2\/media\/42258"}],"wp:attachment":[{"href":"https:\/\/baubauwall.com\/et\/wp-json\/wp\/v2\/media?parent=42250"}],"wp:term":[{"taxonomy":"product_brand","embeddable":true,"href":"https:\/\/baubauwall.com\/et\/wp-json\/wp\/v2\/product_brand?post=42250"},{"taxonomy":"product_cat","embeddable":true,"href":"https:\/\/baubauwall.com\/et\/wp-json\/wp\/v2\/product_cat?post=42250"},{"taxonomy":"product_tag","embeddable":true,"href":"https:\/\/baubauwall.com\/et\/wp-json\/wp\/v2\/product_tag?post=42250"}],"curies":[{"name":"wp","href":"https:\/\/api.w.org\/{rel}","templated":true}]}}