{"id":42334,"date":"2025-03-27T15:15:27","date_gmt":"2025-03-27T13:15:27","guid":{"rendered":"https:\/\/baubauwall.com\/product\/mural-wallpaper-pine-garden-grey\/"},"modified":"2026-05-09T21:47:01","modified_gmt":"2026-05-09T19:47:01","slug":"pilttapeet-villa-dei-pini-hall","status":"publish","type":"product","link":"https:\/\/baubauwall.com\/et\/toode\/pilttapeet-villa-dei-pini-hall\/","title":{"rendered":"Villa dei Pini &#8211; hall"},"content":{"rendered":"<p data-start=\"197\" data-end=\"474\">Imeilus m\u00e4ndidega tapeet, mis p\u00f5hineb 19. sajandi maalil, autoriks <a href=\"https:\/\/www.rijksmuseum.nl\/en\/collection\/object\/Italian-Landscape-with-Umbrella-Pines--ebe61d8e3b3a3817793b7503ac99752b\" target=\"_blank\" rel=\"noopener\">Hendrik Voogd<\/a>. Kunstnik oli tuntud just oma maalide poolest, mis kujutasid Itaalia maastikke. Sell pilttapeedi keskmeks on k\u00f5rged ja \u00f5hulised Itaalia m\u00e4nnid (nn Umbrella pines), mis k\u00f5rguvad rahulikul maastikul. Kui oled k\u00e4inud Roomas Villa Borghese aias jalutamas, siis tunned need imeilusad graatsilised m\u00e4nnid \u00e4ra! Hall koloriit teeb tapeedist ajatu rahu ning elegantsiga disaini interj\u00f6\u00f6ri seinale. Ilus tapeedivalik ajaloolisse majja, olgu selleks avalik ruum v\u00f5i eramu. Sobita graatsiliste m\u00e4ndidega tapeet s\u00f6\u00f6gitoa seinale ja juttu j\u00e4tkub Vahemere m\u00e4ndide taustal kauemaks!<\/p>\n<p data-start=\"197\" data-end=\"474\">Algne \u00f5limaal on digitaliseeritud ja loodud n\u00fc\u00fcd tapeediks, s\u00e4ilitades ajastule iseloomulikud detailid ning samas moderniseerides disaini optilise mustriga.<\/p>\n<p><strong>Miks valida pilttapeet Baubauwallist? Sest me teeme tapeedi valimise, ostmise ja paigalduse lihtsaks.\u00a0<\/strong><\/p>\n<ul>\n<li>Eesti ettev\u00f5te<\/li>\n<li>Tr\u00fckime t\u00e4pselt Sinu seina m\u00f5\u00f5dus tapeedi<\/li>\n<li>Just nii pikad tapeedipaanid, kui on Sinu sein<\/li>\n<li>Premium, matt fliistapeedi materjal, 100% taaskasutatud kiust<\/li>\n<li>M\u00fcrgivabad tr\u00fckiv\u00e4rvid, Greenguard sertifitseeritud<\/li>\n<li>Keskkonnas\u00f5bralik, j\u00e4\u00e4tmevaba tapeetimine<\/li>\n<li>Tasuta tapeediliim<\/li>\n<li>Tasuta transport ja kiire tarne 5 t\u00f6\u00f6p\u00e4evaga<\/li>\n<\/ul>\n<p>Loe l\u00e4hemalt nutikatest, eritellimust\u00f6\u00f6na valmivatest tapeetidest\u00a0<a href=\"https:\/\/baubauwall.com\/et\/keskkonnasobralikud-tapeedid\/\">siit.<\/a><\/p>\n<p class=\"\" data-start=\"557\" data-end=\"886\"><i>\u00a0<\/i><\/p>\n<p data-start=\"197\" data-end=\"474\">\n","protected":false},"excerpt":{"rendered":"<p>Imeilus m\u00e4ndidega tapeet, mis p\u00f5hineb 19. sajandi maalil, autoriks Hendrik Voogd. Kunstnik oli tuntud just oma maalide poolest, mis kujutasid Itaalia maastikke. Sell pilttapeedi keskmeks on k\u00f5rged ja \u00f5hulised Itaalia m\u00e4nnid (nn Umbrella pines), mis k\u00f5rguvad rahulikul maastikul. Kui oled k\u00e4inud Roomas Villa Borghese aias jalutamas, siis tunned need imeilusad graatsilised m\u00e4nnid \u00e4ra! Hall koloriit [&hellip;]<\/p>\n","protected":false},"featured_media":42305,"comment_status":"open","ping_status":"closed","template":"","meta":{"_acf_changed":false,"inline_featured_image":false},"product_brand":[],"product_cat":[780,387,395,406,388,272,752,413,414,415,416,402,245,248,254],"product_tag":[448,294,345],"class_list":{"0":"post-42334","1":"product","2":"type-product","3":"status-publish","4":"has-post-thumbnail","6":"product_cat-pilttapeedid-lugudega","7":"product_cat-pilttapeedid","8":"product_cat-romantiline","9":"product_cat-klassika","10":"product_cat-vintage-et","11":"product_cat-hallid-tapeedid","12":"product_cat-avalik-ruum","13":"product_cat-magamistoa-tapeedid","14":"product_cat-soogitoa-tapeedid","15":"product_cat-kulalistetoa-tapeedid","16":"product_cat-esiku-tapeedid","17":"product_cat-elutoa-tapeedid","18":"product_cat-maastik","19":"product_cat-mets","20":"product_cat-loodus","21":"product_tag-kunst-et","22":"product_tag-mustvalge","23":"product_tag-pilttapeet","25":"first","26":"instock","27":"taxable","28":"shipping-taxable","29":"purchasable","30":"product-type-simple"},"acf":[],"yoast_head":"<!-- This site is optimized with the Yoast SEO plugin v25.9 - https:\/\/yoast.com\/wordpress\/plugins\/seo\/ -->\n<title>Graatsiliste m\u00e4ndidega tapeet Villa dei Pini - hall<\/title>\n<meta name=\"description\" content=\"Villa Borghese m\u00e4ndidega tapeet, mis on ajatu ja luksuslik valik ajaloolisesse interj\u00f6\u00f6ri, ent mitte ainult. Hall tapeet magamistoa v\u00f5i elutoa seinale.\" \/>\n<meta name=\"robots\" content=\"index, follow, max-snippet:-1, max-image-preview:large, max-video-preview:-1\" \/>\n<link rel=\"canonical\" href=\"https:\/\/baubauwall.com\/et\/toode\/pilttapeet-villa-dei-pini-hall\/\" \/>\n<meta property=\"og:locale\" content=\"et_EE\" \/>\n<meta property=\"og:type\" content=\"article\" \/>\n<meta property=\"og:title\" content=\"BAUBAUWALL Wallpapers\" \/>\n<meta property=\"og:description\" content=\"Villa Borghese m\u00e4ndidega tapeet, mis on ajatu ja luksuslik valik ajaloolisesse interj\u00f6\u00f6ri, ent mitte ainult. Hall tapeet magamistoa v\u00f5i elutoa seinale.\" \/>\n<meta property=\"og:url\" content=\"https:\/\/baubauwall.com\/et\/toode\/pilttapeet-villa-dei-pini-hall\/\" \/>\n<meta property=\"og:site_name\" content=\"BAUBAUWALL Wallpapers\" \/>\n<meta property=\"article:publisher\" content=\"https:\/\/www.facebook.com\/Baubauwall\" \/>\n<meta property=\"article:modified_time\" content=\"2026-05-09T19:47:01+00:00\" \/>\n<meta property=\"og:image\" content=\"https:\/\/baubauwall.com\/wp-content\/uploads\/2025\/03\/51200478_The_Pine_Garden_grey_mural_wallpaper_room-4.jpg\" \/>\n\t<meta property=\"og:image:width\" content=\"1067\" \/>\n\t<meta property=\"og:image:height\" content=\"1600\" \/>\n\t<meta property=\"og:image:type\" content=\"image\/jpeg\" \/>\n<meta name=\"twitter:card\" content=\"summary_large_image\" \/>\n<meta name=\"twitter:label1\" content=\"Est. reading time\" \/>\n\t<meta name=\"twitter:data1\" content=\"1 minut\" \/>\n<script type=\"application\/ld+json\" class=\"yoast-schema-graph\">{\"@context\":\"https:\/\/schema.org\",\"@graph\":[{\"@type\":\"WebPage\",\"@id\":\"https:\/\/baubauwall.com\/et\/toode\/pilttapeet-villa-dei-pini-hall\/\",\"url\":\"https:\/\/baubauwall.com\/et\/toode\/pilttapeet-villa-dei-pini-hall\/\",\"name\":\"Graatsiliste m\u00e4ndidega tapeet Villa dei Pini - hall\",\"isPartOf\":{\"@id\":\"https:\/\/baubauwall.com\/et\/#website\"},\"primaryImageOfPage\":{\"@id\":\"https:\/\/baubauwall.com\/et\/toode\/pilttapeet-villa-dei-pini-hall\/#primaryimage\"},\"image\":{\"@id\":\"https:\/\/baubauwall.com\/et\/toode\/pilttapeet-villa-dei-pini-hall\/#primaryimage\"},\"thumbnailUrl\":\"https:\/\/baubauwall.com\/wp-content\/uploads\/2025\/03\/51200478_The_Pine_Garden_grey_mural_wallpaper_room-4.jpg\",\"datePublished\":\"2025-03-27T13:15:27+00:00\",\"dateModified\":\"2026-05-09T19:47:01+00:00\",\"description\":\"Villa Borghese m\u00e4ndidega tapeet, mis on ajatu ja luksuslik valik ajaloolisesse interj\u00f6\u00f6ri, ent mitte ainult. Hall tapeet magamistoa v\u00f5i elutoa seinale.\",\"breadcrumb\":{\"@id\":\"https:\/\/baubauwall.com\/et\/toode\/pilttapeet-villa-dei-pini-hall\/#breadcrumb\"},\"inLanguage\":\"et\",\"potentialAction\":[{\"@type\":\"ReadAction\",\"target\":[\"https:\/\/baubauwall.com\/et\/toode\/pilttapeet-villa-dei-pini-hall\/\"]}]},{\"@type\":\"ImageObject\",\"inLanguage\":\"et\",\"@id\":\"https:\/\/baubauwall.com\/et\/toode\/pilttapeet-villa-dei-pini-hall\/#primaryimage\",\"url\":\"https:\/\/baubauwall.com\/wp-content\/uploads\/2025\/03\/51200478_The_Pine_Garden_grey_mural_wallpaper_room-4.jpg\",\"contentUrl\":\"https:\/\/baubauwall.com\/wp-content\/uploads\/2025\/03\/51200478_The_Pine_Garden_grey_mural_wallpaper_room-4.jpg\",\"width\":1067,\"height\":1600,\"caption\":\"Mural wallpaper with elegant pine trees. Greyscale, easy to match with rest of living room decor. Baubauwall Wallpapers | Elegantne, m\u00e4ndidega tapeet t\u00e4is ajalugu\"},{\"@type\":\"BreadcrumbList\",\"@id\":\"https:\/\/baubauwall.com\/et\/toode\/pilttapeet-villa-dei-pini-hall\/#breadcrumb\",\"itemListElement\":[{\"@type\":\"ListItem\",\"position\":1,\"name\":\"Koju\",\"item\":\"https:\/\/baubauwall.com\/et\/\"},{\"@type\":\"ListItem\",\"position\":2,\"name\":\"Tapeedid\",\"item\":\"https:\/\/baubauwall.com\/et\/tapeedid\/\"},{\"@type\":\"ListItem\",\"position\":3,\"name\":\"Villa dei Pini &#8211; hall\"}]},{\"@type\":\"WebSite\",\"@id\":\"https:\/\/baubauwall.com\/et\/#website\",\"url\":\"https:\/\/baubauwall.com\/et\/\",\"name\":\"BAUBAUWALL Wallpapers\",\"description\":\"Valmis paanides tapeet Eestist!\",\"publisher\":{\"@id\":\"https:\/\/baubauwall.com\/et\/#organization\"},\"potentialAction\":[{\"@type\":\"SearchAction\",\"target\":{\"@type\":\"EntryPoint\",\"urlTemplate\":\"https:\/\/baubauwall.com\/et\/?s={search_term_string}\"},\"query-input\":{\"@type\":\"PropertyValueSpecification\",\"valueRequired\":true,\"valueName\":\"search_term_string\"}}],\"inLanguage\":\"et\"},{\"@type\":\"Organization\",\"@id\":\"https:\/\/baubauwall.com\/et\/#organization\",\"name\":\"BAUBAUWALL Wallpapers\",\"url\":\"https:\/\/baubauwall.com\/et\/\",\"logo\":{\"@type\":\"ImageObject\",\"inLanguage\":\"et\",\"@id\":\"https:\/\/baubauwall.com\/et\/#\/schema\/logo\/image\/\",\"url\":\"https:\/\/baubauwall.com\/wp-content\/uploads\/2022\/03\/logo-horizontal.svg\",\"contentUrl\":\"https:\/\/baubauwall.com\/wp-content\/uploads\/2022\/03\/logo-horizontal.svg\",\"width\":\"1024\",\"height\":\"1024\",\"caption\":\"BAUBAUWALL Wallpapers\"},\"image\":{\"@id\":\"https:\/\/baubauwall.com\/et\/#\/schema\/logo\/image\/\"},\"sameAs\":[\"https:\/\/www.facebook.com\/Baubauwall\",\"https:\/\/www.instagram.com\/baubauwall\"]}]}<\/script>\n<!-- \/ Yoast SEO plugin. -->","yoast_head_json":{"title":"Graatsiliste m\u00e4ndidega tapeet Villa dei Pini - hall","description":"Villa Borghese m\u00e4ndidega tapeet, mis on ajatu ja luksuslik valik ajaloolisesse interj\u00f6\u00f6ri, ent mitte ainult. Hall tapeet magamistoa v\u00f5i elutoa seinale.","robots":{"index":"index","follow":"follow","max-snippet":"max-snippet:-1","max-image-preview":"max-image-preview:large","max-video-preview":"max-video-preview:-1"},"canonical":"https:\/\/baubauwall.com\/et\/toode\/pilttapeet-villa-dei-pini-hall\/","og_locale":"et_EE","og_type":"article","og_title":"BAUBAUWALL Wallpapers","og_description":"Villa Borghese m\u00e4ndidega tapeet, mis on ajatu ja luksuslik valik ajaloolisesse interj\u00f6\u00f6ri, ent mitte ainult. Hall tapeet magamistoa v\u00f5i elutoa seinale.","og_url":"https:\/\/baubauwall.com\/et\/toode\/pilttapeet-villa-dei-pini-hall\/","og_site_name":"BAUBAUWALL Wallpapers","article_publisher":"https:\/\/www.facebook.com\/Baubauwall","article_modified_time":"2026-05-09T19:47:01+00:00","og_image":[{"width":1067,"height":1600,"url":"https:\/\/baubauwall.com\/wp-content\/uploads\/2025\/03\/51200478_The_Pine_Garden_grey_mural_wallpaper_room-4.jpg","type":"image\/jpeg"}],"twitter_card":"summary_large_image","twitter_misc":{"Est. reading time":"1 minut"},"schema":{"@context":"https:\/\/schema.org","@graph":[{"@type":"WebPage","@id":"https:\/\/baubauwall.com\/et\/toode\/pilttapeet-villa-dei-pini-hall\/","url":"https:\/\/baubauwall.com\/et\/toode\/pilttapeet-villa-dei-pini-hall\/","name":"Graatsiliste m\u00e4ndidega tapeet Villa dei Pini - hall","isPartOf":{"@id":"https:\/\/baubauwall.com\/et\/#website"},"primaryImageOfPage":{"@id":"https:\/\/baubauwall.com\/et\/toode\/pilttapeet-villa-dei-pini-hall\/#primaryimage"},"image":{"@id":"https:\/\/baubauwall.com\/et\/toode\/pilttapeet-villa-dei-pini-hall\/#primaryimage"},"thumbnailUrl":"https:\/\/baubauwall.com\/wp-content\/uploads\/2025\/03\/51200478_The_Pine_Garden_grey_mural_wallpaper_room-4.jpg","datePublished":"2025-03-27T13:15:27+00:00","dateModified":"2026-05-09T19:47:01+00:00","description":"Villa Borghese m\u00e4ndidega tapeet, mis on ajatu ja luksuslik valik ajaloolisesse interj\u00f6\u00f6ri, ent mitte ainult. Hall tapeet magamistoa v\u00f5i elutoa seinale.","breadcrumb":{"@id":"https:\/\/baubauwall.com\/et\/toode\/pilttapeet-villa-dei-pini-hall\/#breadcrumb"},"inLanguage":"et","potentialAction":[{"@type":"ReadAction","target":["https:\/\/baubauwall.com\/et\/toode\/pilttapeet-villa-dei-pini-hall\/"]}]},{"@type":"ImageObject","inLanguage":"et","@id":"https:\/\/baubauwall.com\/et\/toode\/pilttapeet-villa-dei-pini-hall\/#primaryimage","url":"https:\/\/baubauwall.com\/wp-content\/uploads\/2025\/03\/51200478_The_Pine_Garden_grey_mural_wallpaper_room-4.jpg","contentUrl":"https:\/\/baubauwall.com\/wp-content\/uploads\/2025\/03\/51200478_The_Pine_Garden_grey_mural_wallpaper_room-4.jpg","width":1067,"height":1600,"caption":"Mural wallpaper with elegant pine trees. Greyscale, easy to match with rest of living room decor. Baubauwall Wallpapers | Elegantne, m\u00e4ndidega tapeet t\u00e4is ajalugu"},{"@type":"BreadcrumbList","@id":"https:\/\/baubauwall.com\/et\/toode\/pilttapeet-villa-dei-pini-hall\/#breadcrumb","itemListElement":[{"@type":"ListItem","position":1,"name":"Koju","item":"https:\/\/baubauwall.com\/et\/"},{"@type":"ListItem","position":2,"name":"Tapeedid","item":"https:\/\/baubauwall.com\/et\/tapeedid\/"},{"@type":"ListItem","position":3,"name":"Villa dei Pini &#8211; hall"}]},{"@type":"WebSite","@id":"https:\/\/baubauwall.com\/et\/#website","url":"https:\/\/baubauwall.com\/et\/","name":"BAUBAUWALL Wallpapers","description":"Valmis paanides tapeet Eestist!","publisher":{"@id":"https:\/\/baubauwall.com\/et\/#organization"},"potentialAction":[{"@type":"SearchAction","target":{"@type":"EntryPoint","urlTemplate":"https:\/\/baubauwall.com\/et\/?s={search_term_string}"},"query-input":{"@type":"PropertyValueSpecification","valueRequired":true,"valueName":"search_term_string"}}],"inLanguage":"et"},{"@type":"Organization","@id":"https:\/\/baubauwall.com\/et\/#organization","name":"BAUBAUWALL Wallpapers","url":"https:\/\/baubauwall.com\/et\/","logo":{"@type":"ImageObject","inLanguage":"et","@id":"https:\/\/baubauwall.com\/et\/#\/schema\/logo\/image\/","url":"https:\/\/baubauwall.com\/wp-content\/uploads\/2022\/03\/logo-horizontal.svg","contentUrl":"https:\/\/baubauwall.com\/wp-content\/uploads\/2022\/03\/logo-horizontal.svg","width":"1024","height":"1024","caption":"BAUBAUWALL Wallpapers"},"image":{"@id":"https:\/\/baubauwall.com\/et\/#\/schema\/logo\/image\/"},"sameAs":["https:\/\/www.facebook.com\/Baubauwall","https:\/\/www.instagram.com\/baubauwall"]}]}},"jetpack_sharing_enabled":true,"_links":{"self":[{"href":"https:\/\/baubauwall.com\/et\/wp-json\/wp\/v2\/product\/42334","targetHints":{"allow":["GET"]}}],"collection":[{"href":"https:\/\/baubauwall.com\/et\/wp-json\/wp\/v2\/product"}],"about":[{"href":"https:\/\/baubauwall.com\/et\/wp-json\/wp\/v2\/types\/product"}],"replies":[{"embeddable":true,"href":"https:\/\/baubauwall.com\/et\/wp-json\/wp\/v2\/comments?post=42334"}],"wp:featuredmedia":[{"embeddable":true,"href":"https:\/\/baubauwall.com\/et\/wp-json\/wp\/v2\/media\/42305"}],"wp:attachment":[{"href":"https:\/\/baubauwall.com\/et\/wp-json\/wp\/v2\/media?parent=42334"}],"wp:term":[{"taxonomy":"product_brand","embeddable":true,"href":"https:\/\/baubauwall.com\/et\/wp-json\/wp\/v2\/product_brand?post=42334"},{"taxonomy":"product_cat","embeddable":true,"href":"https:\/\/baubauwall.com\/et\/wp-json\/wp\/v2\/product_cat?post=42334"},{"taxonomy":"product_tag","embeddable":true,"href":"https:\/\/baubauwall.com\/et\/wp-json\/wp\/v2\/product_tag?post=42334"}],"curies":[{"name":"wp","href":"https:\/\/api.w.org\/{rel}","templated":true}]}}