{"id":42432,"date":"2025-03-31T16:00:34","date_gmt":"2025-03-31T14:00:34","guid":{"rendered":"https:\/\/baubauwall.com\/product\/mural-wallpaper-faded-splendor\/"},"modified":"2025-04-02T11:32:32","modified_gmt":"2025-04-02T09:32:32","slug":"pilttapeet-kaduv-ilu-hadrian-aed","status":"publish","type":"product","link":"https:\/\/baubauwall.com\/et\/toode\/pilttapeet-kaduv-ilu-hadrian-aed\/","title":{"rendered":"Kaduv ilu &#8211; Hadriani aed"},"content":{"rendered":"<p class=\"\" data-start=\"171\" data-end=\"446\">Pilttapeet &#8220;Kaduv ilu&#8221; on justkui vaikselt jutustatud luuletus \u2013 see kujutab hetke, kus ajaloolised varemed on vaikselt tagasi v\u00f5tnud loodus. Tapeedi detailne kujundus p\u00f5hineb <a href=\"https:\/\/digikogu.ekm.ee\/authors\/author_id-1974\" target=\"_blank\" rel=\"noopener\">Friedrich-Wilhelm Gmelini<\/a> 1792. aasta grav\u00fc\u00fcril \u201eVaade Hadrianuse villale Tivolis\u201c. Ta oli tuntud just oma Itaalia maastikke kujutavate t\u00f6\u00f6de eest.\u00a0M\u00f5ranenud kivipinnad, m\u00fc\u00fcre kattev luuderohi ja pehmed varjud loovad tapeedil terviku, mis on \u00fclev ja t\u00e4is lugusid. Mustvalge, ajalooline tapeet sobib interj\u00f6\u00f6ri, mis otsib salap\u00e4ra ja luksust. Olgu tegemist avaliku ruumi v\u00f5i eramuga.<\/p>\n<p data-start=\"171\" data-end=\"446\">Pilttapeedi lai formaat teeb sellest efektse valiku suurel seinal. Kui Sinu sein on kitsam \u2013 siis vali disainist meeldivam osa endale ning tapeet t\u00f6\u00f6tab \u00fchtviisi h\u00e4sti.<\/p>\n<p><strong>Miks valida pilttapeet Baubauwallist? Sest me teeme tapeedi valimise, ostmise ja paigalduse lihtsaks.\u00a0<\/strong><\/p>\n<ul>\n<li>Eesti ettev\u00f5te<\/li>\n<li>Tr\u00fckime t\u00e4pselt Sinu seina m\u00f5\u00f5dus tapeedi<\/li>\n<li>Just nii pikad tapeedipaanid, kui on Sinu sein<\/li>\n<li>Premium, matt fliistapeedi materjal, 100% taaskasutatud kiust<\/li>\n<li>M\u00fcrgivabad tr\u00fckiv\u00e4rvid, Greenguard sertifitseeritud<\/li>\n<li>Keskkonnas\u00f5bralik, j\u00e4\u00e4tmevaba tapeetimine<\/li>\n<li>Tasuta tapeediliim<\/li>\n<li>Tasuta transport ja kiire tarne 5 t\u00f6\u00f6p\u00e4evaga<\/li>\n<\/ul>\n<p>Loe l\u00e4hemalt nutikatest, eritellimust\u00f6\u00f6na valmivatest tapeetidest\u00a0<a href=\"https:\/\/baubauwall.com\/et\/keskkonnasobralikud-tapeedid\/\">siit.<\/a><\/p>\n","protected":false},"excerpt":{"rendered":"<p>Pilttapeet &#8220;Kaduv ilu&#8221; on justkui vaikselt jutustatud luuletus \u2013 see kujutab hetke, kus ajaloolised varemed on vaikselt tagasi v\u00f5tnud loodus. Tapeedi detailne kujundus p\u00f5hineb Friedrich-Wilhelm Gmelini 1792. aasta grav\u00fc\u00fcril \u201eVaade Hadrianuse villale Tivolis\u201c. Ta oli tuntud just oma Itaalia maastikke kujutavate t\u00f6\u00f6de eest.\u00a0M\u00f5ranenud kivipinnad, m\u00fc\u00fcre kattev luuderohi ja pehmed varjud loovad tapeedil terviku, mis on [&hellip;]<\/p>\n","protected":false},"featured_media":42415,"comment_status":"open","ping_status":"closed","template":"","meta":{"_acf_changed":false,"inline_featured_image":false},"product_brand":[],"product_cat":[780,387,395,406,391,388,272,752,413,414,415,402,245,248],"product_tag":[448,294,345],"class_list":{"0":"post-42432","1":"product","2":"type-product","3":"status-publish","4":"has-post-thumbnail","6":"product_cat-pilttapeedid-lugudega","7":"product_cat-pilttapeedid","8":"product_cat-romantiline","9":"product_cat-klassika","10":"product_cat-vahemereline","11":"product_cat-vintage-et","12":"product_cat-hallid-tapeedid","13":"product_cat-avalik-ruum","14":"product_cat-magamistoa-tapeedid","15":"product_cat-soogitoa-tapeedid","16":"product_cat-kulalistetoa-tapeedid","17":"product_cat-elutoa-tapeedid","18":"product_cat-maastik","19":"product_cat-mets","20":"product_tag-kunst-et","21":"product_tag-mustvalge","22":"product_tag-pilttapeet","23":"pa_designedby-baubauwall","25":"first","26":"instock","27":"taxable","28":"shipping-taxable","29":"purchasable","30":"product-type-simple"},"acf":[],"yoast_head":"<!-- This site is optimized with the Yoast SEO plugin v25.9 - https:\/\/yoast.com\/wordpress\/plugins\/seo\/ -->\n<title>Lai pilttapeet Kaduv ilu - Hadriani aed - BAUBAUWALL TAPEEDID Tapeedid<\/title>\n<meta name=\"description\" content=\"Suurejooneline, lai tapeet Hadriani aed. Pilttapeet ajaloolise grav\u00fc\u00fcriga, mis sobib luksust v\u00f5i eklektikat otsiva elutoa v\u00f5i magamistoa seinale\" \/>\n<meta name=\"robots\" content=\"index, follow, max-snippet:-1, max-image-preview:large, max-video-preview:-1\" \/>\n<link rel=\"canonical\" href=\"https:\/\/baubauwall.com\/et\/toode\/pilttapeet-kaduv-ilu-hadrian-aed\/\" \/>\n<meta property=\"og:locale\" content=\"et_EE\" \/>\n<meta property=\"og:type\" content=\"article\" \/>\n<meta property=\"og:title\" content=\"Lai pilttapeet Kaduv ilu - Hadriani aed - BAUBAUWALL TAPEEDID Tapeedid\" \/>\n<meta property=\"og:description\" content=\"Suurejooneline, lai tapeet Hadriani aed. Pilttapeet ajaloolise grav\u00fc\u00fcriga, mis sobib luksust v\u00f5i eklektikat otsiva elutoa v\u00f5i magamistoa seinale\" \/>\n<meta property=\"og:url\" content=\"https:\/\/baubauwall.com\/et\/toode\/pilttapeet-kaduv-ilu-hadrian-aed\/\" \/>\n<meta property=\"og:site_name\" content=\"BAUBAUWALL TAPEEDID\" \/>\n<meta property=\"article:publisher\" content=\"https:\/\/www.facebook.com\/Baubauwall\" \/>\n<meta property=\"article:modified_time\" content=\"2025-04-02T09:32:32+00:00\" \/>\n<meta property=\"og:image\" content=\"https:\/\/baubauwall.com\/wp-content\/uploads\/2022\/11\/51200483_Mural-Wallpaper_Faded-Splendor_Room_BaubauwallWallpapapers-2-scaled.jpg\" \/>\n\t<meta property=\"og:image:width\" content=\"2560\" \/>\n\t<meta property=\"og:image:height\" content=\"1440\" \/>\n\t<meta property=\"og:image:type\" content=\"image\/jpeg\" \/>\n<meta name=\"twitter:card\" content=\"summary_large_image\" \/>\n<meta name=\"twitter:label1\" content=\"Est. reading time\" \/>\n\t<meta name=\"twitter:data1\" content=\"1 minut\" \/>\n<script type=\"application\/ld+json\" class=\"yoast-schema-graph\">{\"@context\":\"https:\/\/schema.org\",\"@graph\":[{\"@type\":\"WebPage\",\"@id\":\"https:\/\/baubauwall.com\/et\/toode\/pilttapeet-kaduv-ilu-hadrian-aed\/\",\"url\":\"https:\/\/baubauwall.com\/et\/toode\/pilttapeet-kaduv-ilu-hadrian-aed\/\",\"name\":\"Lai pilttapeet Kaduv ilu - Hadriani aed - BAUBAUWALL TAPEEDID Tapeedid\",\"isPartOf\":{\"@id\":\"https:\/\/baubauwall.com\/et\/#website\"},\"primaryImageOfPage\":{\"@id\":\"https:\/\/baubauwall.com\/et\/toode\/pilttapeet-kaduv-ilu-hadrian-aed\/#primaryimage\"},\"image\":{\"@id\":\"https:\/\/baubauwall.com\/et\/toode\/pilttapeet-kaduv-ilu-hadrian-aed\/#primaryimage\"},\"thumbnailUrl\":\"https:\/\/baubauwall.com\/wp-content\/uploads\/2022\/11\/51200483_Mural-Wallpaper_Faded-Splendor_Room_BaubauwallWallpapapers-2-scaled.jpg\",\"datePublished\":\"2025-03-31T14:00:34+00:00\",\"dateModified\":\"2025-04-02T09:32:32+00:00\",\"description\":\"Suurejooneline, lai tapeet Hadriani aed. Pilttapeet ajaloolise grav\u00fc\u00fcriga, mis sobib luksust v\u00f5i eklektikat otsiva elutoa v\u00f5i magamistoa seinale\",\"breadcrumb\":{\"@id\":\"https:\/\/baubauwall.com\/et\/toode\/pilttapeet-kaduv-ilu-hadrian-aed\/#breadcrumb\"},\"inLanguage\":\"et\",\"potentialAction\":[{\"@type\":\"ReadAction\",\"target\":[\"https:\/\/baubauwall.com\/et\/toode\/pilttapeet-kaduv-ilu-hadrian-aed\/\"]}]},{\"@type\":\"ImageObject\",\"inLanguage\":\"et\",\"@id\":\"https:\/\/baubauwall.com\/et\/toode\/pilttapeet-kaduv-ilu-hadrian-aed\/#primaryimage\",\"url\":\"https:\/\/baubauwall.com\/wp-content\/uploads\/2022\/11\/51200483_Mural-Wallpaper_Faded-Splendor_Room_BaubauwallWallpapapers-2-scaled.jpg\",\"contentUrl\":\"https:\/\/baubauwall.com\/wp-content\/uploads\/2022\/11\/51200483_Mural-Wallpaper_Faded-Splendor_Room_BaubauwallWallpapapers-2-scaled.jpg\",\"width\":2560,\"height\":1440,\"caption\":\"Panoramic Mural Wallpaper in a living room. Baubauwall Wallpapers\"},{\"@type\":\"BreadcrumbList\",\"@id\":\"https:\/\/baubauwall.com\/et\/toode\/pilttapeet-kaduv-ilu-hadrian-aed\/#breadcrumb\",\"itemListElement\":[{\"@type\":\"ListItem\",\"position\":1,\"name\":\"Koju\",\"item\":\"https:\/\/baubauwall.com\/et\/\"},{\"@type\":\"ListItem\",\"position\":2,\"name\":\"Tapeedid\",\"item\":\"https:\/\/baubauwall.com\/et\/tapeedid\/\"},{\"@type\":\"ListItem\",\"position\":3,\"name\":\"Kaduv ilu &#8211; Hadriani aed\"}]},{\"@type\":\"WebSite\",\"@id\":\"https:\/\/baubauwall.com\/et\/#website\",\"url\":\"https:\/\/baubauwall.com\/et\/\",\"name\":\"BAUBAUWALL Wallpapers\",\"description\":\"Valmis paanides tapeet Eestist!\",\"publisher\":{\"@id\":\"https:\/\/baubauwall.com\/et\/#organization\"},\"potentialAction\":[{\"@type\":\"SearchAction\",\"target\":{\"@type\":\"EntryPoint\",\"urlTemplate\":\"https:\/\/baubauwall.com\/et\/?s={search_term_string}\"},\"query-input\":{\"@type\":\"PropertyValueSpecification\",\"valueRequired\":true,\"valueName\":\"search_term_string\"}}],\"inLanguage\":\"et\"},{\"@type\":\"Organization\",\"@id\":\"https:\/\/baubauwall.com\/et\/#organization\",\"name\":\"BAUBAUWALL Wallpapers\",\"url\":\"https:\/\/baubauwall.com\/et\/\",\"logo\":{\"@type\":\"ImageObject\",\"inLanguage\":\"et\",\"@id\":\"https:\/\/baubauwall.com\/et\/#\/schema\/logo\/image\/\",\"url\":\"https:\/\/baubauwall.com\/wp-content\/uploads\/2022\/03\/logo-horizontal.svg\",\"contentUrl\":\"https:\/\/baubauwall.com\/wp-content\/uploads\/2022\/03\/logo-horizontal.svg\",\"width\":\"1024\",\"height\":\"1024\",\"caption\":\"BAUBAUWALL Wallpapers\"},\"image\":{\"@id\":\"https:\/\/baubauwall.com\/et\/#\/schema\/logo\/image\/\"},\"sameAs\":[\"https:\/\/www.facebook.com\/Baubauwall\",\"https:\/\/www.instagram.com\/baubauwall\"]}]}<\/script>\n<!-- \/ Yoast SEO plugin. -->","yoast_head_json":{"title":"Lai pilttapeet Kaduv ilu - Hadriani aed - BAUBAUWALL TAPEEDID Tapeedid","description":"Suurejooneline, lai tapeet Hadriani aed. Pilttapeet ajaloolise grav\u00fc\u00fcriga, mis sobib luksust v\u00f5i eklektikat otsiva elutoa v\u00f5i magamistoa seinale","robots":{"index":"index","follow":"follow","max-snippet":"max-snippet:-1","max-image-preview":"max-image-preview:large","max-video-preview":"max-video-preview:-1"},"canonical":"https:\/\/baubauwall.com\/et\/toode\/pilttapeet-kaduv-ilu-hadrian-aed\/","og_locale":"et_EE","og_type":"article","og_title":"Lai pilttapeet Kaduv ilu - Hadriani aed - BAUBAUWALL TAPEEDID Tapeedid","og_description":"Suurejooneline, lai tapeet Hadriani aed. Pilttapeet ajaloolise grav\u00fc\u00fcriga, mis sobib luksust v\u00f5i eklektikat otsiva elutoa v\u00f5i magamistoa seinale","og_url":"https:\/\/baubauwall.com\/et\/toode\/pilttapeet-kaduv-ilu-hadrian-aed\/","og_site_name":"BAUBAUWALL TAPEEDID","article_publisher":"https:\/\/www.facebook.com\/Baubauwall","article_modified_time":"2025-04-02T09:32:32+00:00","og_image":[{"width":2560,"height":1440,"url":"https:\/\/baubauwall.com\/wp-content\/uploads\/2022\/11\/51200483_Mural-Wallpaper_Faded-Splendor_Room_BaubauwallWallpapapers-2-scaled.jpg","type":"image\/jpeg"}],"twitter_card":"summary_large_image","twitter_misc":{"Est. reading time":"1 minut"},"schema":{"@context":"https:\/\/schema.org","@graph":[{"@type":"WebPage","@id":"https:\/\/baubauwall.com\/et\/toode\/pilttapeet-kaduv-ilu-hadrian-aed\/","url":"https:\/\/baubauwall.com\/et\/toode\/pilttapeet-kaduv-ilu-hadrian-aed\/","name":"Lai pilttapeet Kaduv ilu - Hadriani aed - BAUBAUWALL TAPEEDID Tapeedid","isPartOf":{"@id":"https:\/\/baubauwall.com\/et\/#website"},"primaryImageOfPage":{"@id":"https:\/\/baubauwall.com\/et\/toode\/pilttapeet-kaduv-ilu-hadrian-aed\/#primaryimage"},"image":{"@id":"https:\/\/baubauwall.com\/et\/toode\/pilttapeet-kaduv-ilu-hadrian-aed\/#primaryimage"},"thumbnailUrl":"https:\/\/baubauwall.com\/wp-content\/uploads\/2022\/11\/51200483_Mural-Wallpaper_Faded-Splendor_Room_BaubauwallWallpapapers-2-scaled.jpg","datePublished":"2025-03-31T14:00:34+00:00","dateModified":"2025-04-02T09:32:32+00:00","description":"Suurejooneline, lai tapeet Hadriani aed. Pilttapeet ajaloolise grav\u00fc\u00fcriga, mis sobib luksust v\u00f5i eklektikat otsiva elutoa v\u00f5i magamistoa seinale","breadcrumb":{"@id":"https:\/\/baubauwall.com\/et\/toode\/pilttapeet-kaduv-ilu-hadrian-aed\/#breadcrumb"},"inLanguage":"et","potentialAction":[{"@type":"ReadAction","target":["https:\/\/baubauwall.com\/et\/toode\/pilttapeet-kaduv-ilu-hadrian-aed\/"]}]},{"@type":"ImageObject","inLanguage":"et","@id":"https:\/\/baubauwall.com\/et\/toode\/pilttapeet-kaduv-ilu-hadrian-aed\/#primaryimage","url":"https:\/\/baubauwall.com\/wp-content\/uploads\/2022\/11\/51200483_Mural-Wallpaper_Faded-Splendor_Room_BaubauwallWallpapapers-2-scaled.jpg","contentUrl":"https:\/\/baubauwall.com\/wp-content\/uploads\/2022\/11\/51200483_Mural-Wallpaper_Faded-Splendor_Room_BaubauwallWallpapapers-2-scaled.jpg","width":2560,"height":1440,"caption":"Panoramic Mural Wallpaper in a living room. Baubauwall Wallpapers"},{"@type":"BreadcrumbList","@id":"https:\/\/baubauwall.com\/et\/toode\/pilttapeet-kaduv-ilu-hadrian-aed\/#breadcrumb","itemListElement":[{"@type":"ListItem","position":1,"name":"Koju","item":"https:\/\/baubauwall.com\/et\/"},{"@type":"ListItem","position":2,"name":"Tapeedid","item":"https:\/\/baubauwall.com\/et\/tapeedid\/"},{"@type":"ListItem","position":3,"name":"Kaduv ilu &#8211; Hadriani aed"}]},{"@type":"WebSite","@id":"https:\/\/baubauwall.com\/et\/#website","url":"https:\/\/baubauwall.com\/et\/","name":"BAUBAUWALL Wallpapers","description":"Valmis paanides tapeet Eestist!","publisher":{"@id":"https:\/\/baubauwall.com\/et\/#organization"},"potentialAction":[{"@type":"SearchAction","target":{"@type":"EntryPoint","urlTemplate":"https:\/\/baubauwall.com\/et\/?s={search_term_string}"},"query-input":{"@type":"PropertyValueSpecification","valueRequired":true,"valueName":"search_term_string"}}],"inLanguage":"et"},{"@type":"Organization","@id":"https:\/\/baubauwall.com\/et\/#organization","name":"BAUBAUWALL Wallpapers","url":"https:\/\/baubauwall.com\/et\/","logo":{"@type":"ImageObject","inLanguage":"et","@id":"https:\/\/baubauwall.com\/et\/#\/schema\/logo\/image\/","url":"https:\/\/baubauwall.com\/wp-content\/uploads\/2022\/03\/logo-horizontal.svg","contentUrl":"https:\/\/baubauwall.com\/wp-content\/uploads\/2022\/03\/logo-horizontal.svg","width":"1024","height":"1024","caption":"BAUBAUWALL Wallpapers"},"image":{"@id":"https:\/\/baubauwall.com\/et\/#\/schema\/logo\/image\/"},"sameAs":["https:\/\/www.facebook.com\/Baubauwall","https:\/\/www.instagram.com\/baubauwall"]}]}},"jetpack_sharing_enabled":true,"_links":{"self":[{"href":"https:\/\/baubauwall.com\/et\/wp-json\/wp\/v2\/product\/42432","targetHints":{"allow":["GET"]}}],"collection":[{"href":"https:\/\/baubauwall.com\/et\/wp-json\/wp\/v2\/product"}],"about":[{"href":"https:\/\/baubauwall.com\/et\/wp-json\/wp\/v2\/types\/product"}],"replies":[{"embeddable":true,"href":"https:\/\/baubauwall.com\/et\/wp-json\/wp\/v2\/comments?post=42432"}],"wp:featuredmedia":[{"embeddable":true,"href":"https:\/\/baubauwall.com\/et\/wp-json\/wp\/v2\/media\/42415"}],"wp:attachment":[{"href":"https:\/\/baubauwall.com\/et\/wp-json\/wp\/v2\/media?parent=42432"}],"wp:term":[{"taxonomy":"product_brand","embeddable":true,"href":"https:\/\/baubauwall.com\/et\/wp-json\/wp\/v2\/product_brand?post=42432"},{"taxonomy":"product_cat","embeddable":true,"href":"https:\/\/baubauwall.com\/et\/wp-json\/wp\/v2\/product_cat?post=42432"},{"taxonomy":"product_tag","embeddable":true,"href":"https:\/\/baubauwall.com\/et\/wp-json\/wp\/v2\/product_tag?post=42432"}],"curies":[{"name":"wp","href":"https:\/\/api.w.org\/{rel}","templated":true}]}}