{"id":42478,"date":"2025-04-01T15:35:27","date_gmt":"2025-04-01T13:35:27","guid":{"rendered":"https:\/\/baubauwall.com\/product\/mural-wallpaper-valley-waterfalls-sepia-beige\/"},"modified":"2025-04-02T11:20:43","modified_gmt":"2025-04-02T09:20:43","slug":"pilttapeet-koskede-org-sepia-beez","status":"publish","type":"product","link":"https:\/\/baubauwall.com\/et\/toode\/pilttapeet-koskede-org-sepia-beez\/","title":{"rendered":"Koskede org &#8211; seepia bee\u017e"},"content":{"rendered":"<p data-start=\"171\" data-end=\"223\">Suurejooneline pilttapeet seinale, mis vajab lugu. See ajalooline tapeet p\u00f5hineb grav\u00f6\u00f6r <a href=\"https:\/\/digikogu.ekm.ee\/authors\/author_id-1974\" target=\"_blank\" rel=\"noopener\">Wilhelm Friedrich Gmelin<\/a> t\u00f6\u00f6l 19. sajandist, mis kujutab Itaalia maastikku. N\u00fc\u00fcd on ajalooline teos t\u00f6\u00f6deldud efektseks pilttapeediks. Sobita tapeet ajalooga hoone eluruumi seinale v\u00f5i avalikku ruumi. Bee\u017eil pilttapeedil on kujutatud lopsakat orgu koskede ja graatsiliste puudega. K\u00f5ik see on toodud disainile soojades seepia bee\u017eides toonides &#8211; nii on tapeeti lihtne sobitada interj\u00f6\u00f6ri muu sisustusega ning tapeet ei m\u00f5ju intensiivselt.<\/p>\n<p data-start=\"171\" data-end=\"223\">Pilttapeedi lai formaat teeb sellest efektse valiku suurel seinal. Kui Sinu sein on kitsam &#8211; siis vali disainist meeldivam osa endale ning tapeet t\u00f6\u00f6tab \u00fchtviisi h\u00e4sti.<\/p>\n<p><strong>Miks osta tapeet siit? Tapeetimine pole kunagi nii lihtne olnud!<\/strong><\/p>\n<ul>\n<li>Nummerdatud tapeedipaanid &#8211; lihtne paigaldada<\/li>\n<li>Just nii pikad paanid, kui on Sinu sein<\/li>\n<li>Premium, matt fliistapeedi materjal<\/li>\n<li>M\u00fcrgivabad tr\u00fckiv\u00e4rvid, Greenguard sertifitseeritud<\/li>\n<li>Keskkonnas\u00f5bralik, j\u00e4\u00e4tmevaba tapeetimine<\/li>\n<li>Tasuta tapeediliim<\/li>\n<li>Tasuta transport ja kiire tarne 5 t\u00f6\u00f6p\u00e4evaga<\/li>\n<li>Eesti ettev\u00f5te<\/li>\n<\/ul>\n<p>Loe l\u00e4hemalt nutikatest, eritellimust\u00f6\u00f6na valmivatest tapeetidest\u00a0<a href=\"https:\/\/baubauwall.com\/et\/keskkonnasobralikud-tapeedid\/\">siit.<\/a><\/p>\n<p class=\"\" data-start=\"171\" data-end=\"223\"><b>\u00a0<\/b><\/p>\n","protected":false},"excerpt":{"rendered":"<p>Suurejooneline pilttapeet seinale, mis vajab lugu. See ajalooline tapeet p\u00f5hineb grav\u00f6\u00f6r Wilhelm Friedrich Gmelin t\u00f6\u00f6l 19. sajandist, mis kujutab Itaalia maastikku. N\u00fc\u00fcd on ajalooline teos t\u00f6\u00f6deldud efektseks pilttapeediks. Sobita tapeet ajalooga hoone eluruumi seinale v\u00f5i avalikku ruumi. Bee\u017eil pilttapeedil on kujutatud lopsakat orgu koskede ja graatsiliste puudega. K\u00f5ik see on toodud disainile soojades seepia bee\u017eides [&hellip;]<\/p>\n","protected":false},"featured_media":42476,"comment_status":"open","ping_status":"closed","template":"","meta":{"_acf_changed":false,"inline_featured_image":false},"product_brand":[],"product_cat":[780,387,395,406,391,388,265,273,276,752,413,414,415,402,245,248,254],"product_tag":[448,345],"class_list":{"0":"post-42478","1":"product","2":"type-product","3":"status-publish","4":"has-post-thumbnail","6":"product_cat-pilttapeedid-lugudega","7":"product_cat-pilttapeedid","8":"product_cat-romantiline","9":"product_cat-klassika","10":"product_cat-vahemereline","11":"product_cat-vintage-et","12":"product_cat-beezid-tapeedid","13":"product_cat-heledad-tapeedid","14":"product_cat-pastelsed-tapeedid","15":"product_cat-avalik-ruum","16":"product_cat-magamistoa-tapeedid","17":"product_cat-soogitoa-tapeedid","18":"product_cat-kulalistetoa-tapeedid","19":"product_cat-elutoa-tapeedid","20":"product_cat-maastik","21":"product_cat-mets","22":"product_cat-loodus","23":"product_tag-kunst-et","24":"product_tag-pilttapeet","25":"pa_designedby-triinu-silla","27":"first","28":"instock","29":"taxable","30":"shipping-taxable","31":"purchasable","32":"product-type-simple"},"acf":[],"yoast_head":"<!-- This site is optimized with the Yoast SEO plugin v25.9 - https:\/\/yoast.com\/wordpress\/plugins\/seo\/ -->\n<title>Ajalooline tapeet Koskede org - seepia bee\u017e<\/title>\n<meta name=\"description\" content=\"Ajalooline tapeet Itaalia maastiku stseeniga. Pilttapeet, mis sobib nii koju kui avalikku ruumi, olgu selleks ajalooline hoone v\u00f5i kaasaegne interj\u00f6\u00f6r.\" \/>\n<meta name=\"robots\" content=\"index, follow, max-snippet:-1, max-image-preview:large, max-video-preview:-1\" \/>\n<link rel=\"canonical\" href=\"https:\/\/baubauwall.com\/et\/toode\/pilttapeet-koskede-org-sepia-beez\/\" \/>\n<meta property=\"og:locale\" content=\"et_EE\" \/>\n<meta property=\"og:type\" content=\"article\" \/>\n<meta property=\"og:title\" content=\"BAUBAUWALL TAPEEDID\" \/>\n<meta property=\"og:description\" content=\"Ajalooline tapeet Itaalia maastiku stseeniga. Pilttapeet, mis sobib nii koju kui avalikku ruumi, olgu selleks ajalooline hoone v\u00f5i kaasaegne interj\u00f6\u00f6r.\" \/>\n<meta property=\"og:url\" content=\"https:\/\/baubauwall.com\/et\/toode\/pilttapeet-koskede-org-sepia-beez\/\" \/>\n<meta property=\"og:site_name\" content=\"BAUBAUWALL TAPEEDID\" \/>\n<meta property=\"article:publisher\" content=\"https:\/\/www.facebook.com\/Baubauwall\" \/>\n<meta property=\"article:modified_time\" content=\"2025-04-02T09:20:43+00:00\" \/>\n<meta property=\"og:image\" content=\"https:\/\/baubauwall.com\/wp-content\/uploads\/2025\/04\/51200485_Mural_Wallpaper_ValleyOfWaterfalls_Baubauwall_room-4.jpg\" \/>\n\t<meta property=\"og:image:width\" content=\"1600\" \/>\n\t<meta property=\"og:image:height\" content=\"1600\" \/>\n\t<meta property=\"og:image:type\" content=\"image\/jpeg\" \/>\n<meta name=\"twitter:card\" content=\"summary_large_image\" \/>\n<meta name=\"twitter:label1\" content=\"Est. reading time\" \/>\n\t<meta name=\"twitter:data1\" content=\"1 minut\" \/>\n<script type=\"application\/ld+json\" class=\"yoast-schema-graph\">{\"@context\":\"https:\/\/schema.org\",\"@graph\":[{\"@type\":\"WebPage\",\"@id\":\"https:\/\/baubauwall.com\/et\/toode\/pilttapeet-koskede-org-sepia-beez\/\",\"url\":\"https:\/\/baubauwall.com\/et\/toode\/pilttapeet-koskede-org-sepia-beez\/\",\"name\":\"Ajalooline tapeet Koskede org - seepia bee\u017e\",\"isPartOf\":{\"@id\":\"https:\/\/baubauwall.com\/et\/#website\"},\"primaryImageOfPage\":{\"@id\":\"https:\/\/baubauwall.com\/et\/toode\/pilttapeet-koskede-org-sepia-beez\/#primaryimage\"},\"image\":{\"@id\":\"https:\/\/baubauwall.com\/et\/toode\/pilttapeet-koskede-org-sepia-beez\/#primaryimage\"},\"thumbnailUrl\":\"https:\/\/baubauwall.com\/wp-content\/uploads\/2025\/04\/51200485_Mural_Wallpaper_ValleyOfWaterfalls_Baubauwall_room-1.jpg\",\"datePublished\":\"2025-04-01T13:35:27+00:00\",\"dateModified\":\"2025-04-02T09:20:43+00:00\",\"description\":\"Ajalooline tapeet Itaalia maastiku stseeniga. Pilttapeet, mis sobib nii koju kui avalikku ruumi, olgu selleks ajalooline hoone v\u00f5i kaasaegne interj\u00f6\u00f6r.\",\"breadcrumb\":{\"@id\":\"https:\/\/baubauwall.com\/et\/toode\/pilttapeet-koskede-org-sepia-beez\/#breadcrumb\"},\"inLanguage\":\"et\",\"potentialAction\":[{\"@type\":\"ReadAction\",\"target\":[\"https:\/\/baubauwall.com\/et\/toode\/pilttapeet-koskede-org-sepia-beez\/\"]}]},{\"@type\":\"ImageObject\",\"inLanguage\":\"et\",\"@id\":\"https:\/\/baubauwall.com\/et\/toode\/pilttapeet-koskede-org-sepia-beez\/#primaryimage\",\"url\":\"https:\/\/baubauwall.com\/wp-content\/uploads\/2025\/04\/51200485_Mural_Wallpaper_ValleyOfWaterfalls_Baubauwall_room-1.jpg\",\"contentUrl\":\"https:\/\/baubauwall.com\/wp-content\/uploads\/2025\/04\/51200485_Mural_Wallpaper_ValleyOfWaterfalls_Baubauwall_room-1.jpg\",\"width\":2133,\"height\":1600,\"caption\":\"Living room mural wallpaper with vintage scene of trees and waterfalls\"},{\"@type\":\"BreadcrumbList\",\"@id\":\"https:\/\/baubauwall.com\/et\/toode\/pilttapeet-koskede-org-sepia-beez\/#breadcrumb\",\"itemListElement\":[{\"@type\":\"ListItem\",\"position\":1,\"name\":\"Koju\",\"item\":\"https:\/\/baubauwall.com\/et\/\"},{\"@type\":\"ListItem\",\"position\":2,\"name\":\"Tapeedid\",\"item\":\"https:\/\/baubauwall.com\/et\/tapeedid\/\"},{\"@type\":\"ListItem\",\"position\":3,\"name\":\"Koskede org &#8211; seepia bee\u017e\"}]},{\"@type\":\"WebSite\",\"@id\":\"https:\/\/baubauwall.com\/et\/#website\",\"url\":\"https:\/\/baubauwall.com\/et\/\",\"name\":\"BAUBAUWALL Wallpapers\",\"description\":\"Valmis paanides tapeet Eestist!\",\"publisher\":{\"@id\":\"https:\/\/baubauwall.com\/et\/#organization\"},\"potentialAction\":[{\"@type\":\"SearchAction\",\"target\":{\"@type\":\"EntryPoint\",\"urlTemplate\":\"https:\/\/baubauwall.com\/et\/?s={search_term_string}\"},\"query-input\":{\"@type\":\"PropertyValueSpecification\",\"valueRequired\":true,\"valueName\":\"search_term_string\"}}],\"inLanguage\":\"et\"},{\"@type\":\"Organization\",\"@id\":\"https:\/\/baubauwall.com\/et\/#organization\",\"name\":\"BAUBAUWALL Wallpapers\",\"url\":\"https:\/\/baubauwall.com\/et\/\",\"logo\":{\"@type\":\"ImageObject\",\"inLanguage\":\"et\",\"@id\":\"https:\/\/baubauwall.com\/et\/#\/schema\/logo\/image\/\",\"url\":\"https:\/\/baubauwall.com\/wp-content\/uploads\/2022\/03\/logo-horizontal.svg\",\"contentUrl\":\"https:\/\/baubauwall.com\/wp-content\/uploads\/2022\/03\/logo-horizontal.svg\",\"width\":\"1024\",\"height\":\"1024\",\"caption\":\"BAUBAUWALL Wallpapers\"},\"image\":{\"@id\":\"https:\/\/baubauwall.com\/et\/#\/schema\/logo\/image\/\"},\"sameAs\":[\"https:\/\/www.facebook.com\/Baubauwall\",\"https:\/\/www.instagram.com\/baubauwall\"]}]}<\/script>\n<!-- \/ Yoast SEO plugin. -->","yoast_head_json":{"title":"Ajalooline tapeet Koskede org - seepia bee\u017e","description":"Ajalooline tapeet Itaalia maastiku stseeniga. Pilttapeet, mis sobib nii koju kui avalikku ruumi, olgu selleks ajalooline hoone v\u00f5i kaasaegne interj\u00f6\u00f6r.","robots":{"index":"index","follow":"follow","max-snippet":"max-snippet:-1","max-image-preview":"max-image-preview:large","max-video-preview":"max-video-preview:-1"},"canonical":"https:\/\/baubauwall.com\/et\/toode\/pilttapeet-koskede-org-sepia-beez\/","og_locale":"et_EE","og_type":"article","og_title":"BAUBAUWALL TAPEEDID","og_description":"Ajalooline tapeet Itaalia maastiku stseeniga. Pilttapeet, mis sobib nii koju kui avalikku ruumi, olgu selleks ajalooline hoone v\u00f5i kaasaegne interj\u00f6\u00f6r.","og_url":"https:\/\/baubauwall.com\/et\/toode\/pilttapeet-koskede-org-sepia-beez\/","og_site_name":"BAUBAUWALL TAPEEDID","article_publisher":"https:\/\/www.facebook.com\/Baubauwall","article_modified_time":"2025-04-02T09:20:43+00:00","og_image":[{"width":1600,"height":1600,"url":"https:\/\/baubauwall.com\/wp-content\/uploads\/2025\/04\/51200485_Mural_Wallpaper_ValleyOfWaterfalls_Baubauwall_room-4.jpg","type":"image\/jpeg"}],"twitter_card":"summary_large_image","twitter_misc":{"Est. reading time":"1 minut"},"schema":{"@context":"https:\/\/schema.org","@graph":[{"@type":"WebPage","@id":"https:\/\/baubauwall.com\/et\/toode\/pilttapeet-koskede-org-sepia-beez\/","url":"https:\/\/baubauwall.com\/et\/toode\/pilttapeet-koskede-org-sepia-beez\/","name":"Ajalooline tapeet Koskede org - seepia bee\u017e","isPartOf":{"@id":"https:\/\/baubauwall.com\/et\/#website"},"primaryImageOfPage":{"@id":"https:\/\/baubauwall.com\/et\/toode\/pilttapeet-koskede-org-sepia-beez\/#primaryimage"},"image":{"@id":"https:\/\/baubauwall.com\/et\/toode\/pilttapeet-koskede-org-sepia-beez\/#primaryimage"},"thumbnailUrl":"https:\/\/baubauwall.com\/wp-content\/uploads\/2025\/04\/51200485_Mural_Wallpaper_ValleyOfWaterfalls_Baubauwall_room-1.jpg","datePublished":"2025-04-01T13:35:27+00:00","dateModified":"2025-04-02T09:20:43+00:00","description":"Ajalooline tapeet Itaalia maastiku stseeniga. Pilttapeet, mis sobib nii koju kui avalikku ruumi, olgu selleks ajalooline hoone v\u00f5i kaasaegne interj\u00f6\u00f6r.","breadcrumb":{"@id":"https:\/\/baubauwall.com\/et\/toode\/pilttapeet-koskede-org-sepia-beez\/#breadcrumb"},"inLanguage":"et","potentialAction":[{"@type":"ReadAction","target":["https:\/\/baubauwall.com\/et\/toode\/pilttapeet-koskede-org-sepia-beez\/"]}]},{"@type":"ImageObject","inLanguage":"et","@id":"https:\/\/baubauwall.com\/et\/toode\/pilttapeet-koskede-org-sepia-beez\/#primaryimage","url":"https:\/\/baubauwall.com\/wp-content\/uploads\/2025\/04\/51200485_Mural_Wallpaper_ValleyOfWaterfalls_Baubauwall_room-1.jpg","contentUrl":"https:\/\/baubauwall.com\/wp-content\/uploads\/2025\/04\/51200485_Mural_Wallpaper_ValleyOfWaterfalls_Baubauwall_room-1.jpg","width":2133,"height":1600,"caption":"Living room mural wallpaper with vintage scene of trees and waterfalls"},{"@type":"BreadcrumbList","@id":"https:\/\/baubauwall.com\/et\/toode\/pilttapeet-koskede-org-sepia-beez\/#breadcrumb","itemListElement":[{"@type":"ListItem","position":1,"name":"Koju","item":"https:\/\/baubauwall.com\/et\/"},{"@type":"ListItem","position":2,"name":"Tapeedid","item":"https:\/\/baubauwall.com\/et\/tapeedid\/"},{"@type":"ListItem","position":3,"name":"Koskede org &#8211; seepia bee\u017e"}]},{"@type":"WebSite","@id":"https:\/\/baubauwall.com\/et\/#website","url":"https:\/\/baubauwall.com\/et\/","name":"BAUBAUWALL Wallpapers","description":"Valmis paanides tapeet Eestist!","publisher":{"@id":"https:\/\/baubauwall.com\/et\/#organization"},"potentialAction":[{"@type":"SearchAction","target":{"@type":"EntryPoint","urlTemplate":"https:\/\/baubauwall.com\/et\/?s={search_term_string}"},"query-input":{"@type":"PropertyValueSpecification","valueRequired":true,"valueName":"search_term_string"}}],"inLanguage":"et"},{"@type":"Organization","@id":"https:\/\/baubauwall.com\/et\/#organization","name":"BAUBAUWALL Wallpapers","url":"https:\/\/baubauwall.com\/et\/","logo":{"@type":"ImageObject","inLanguage":"et","@id":"https:\/\/baubauwall.com\/et\/#\/schema\/logo\/image\/","url":"https:\/\/baubauwall.com\/wp-content\/uploads\/2022\/03\/logo-horizontal.svg","contentUrl":"https:\/\/baubauwall.com\/wp-content\/uploads\/2022\/03\/logo-horizontal.svg","width":"1024","height":"1024","caption":"BAUBAUWALL Wallpapers"},"image":{"@id":"https:\/\/baubauwall.com\/et\/#\/schema\/logo\/image\/"},"sameAs":["https:\/\/www.facebook.com\/Baubauwall","https:\/\/www.instagram.com\/baubauwall"]}]}},"jetpack_sharing_enabled":true,"_links":{"self":[{"href":"https:\/\/baubauwall.com\/et\/wp-json\/wp\/v2\/product\/42478","targetHints":{"allow":["GET"]}}],"collection":[{"href":"https:\/\/baubauwall.com\/et\/wp-json\/wp\/v2\/product"}],"about":[{"href":"https:\/\/baubauwall.com\/et\/wp-json\/wp\/v2\/types\/product"}],"replies":[{"embeddable":true,"href":"https:\/\/baubauwall.com\/et\/wp-json\/wp\/v2\/comments?post=42478"}],"wp:featuredmedia":[{"embeddable":true,"href":"https:\/\/baubauwall.com\/et\/wp-json\/wp\/v2\/media\/42476"}],"wp:attachment":[{"href":"https:\/\/baubauwall.com\/et\/wp-json\/wp\/v2\/media?parent=42478"}],"wp:term":[{"taxonomy":"product_brand","embeddable":true,"href":"https:\/\/baubauwall.com\/et\/wp-json\/wp\/v2\/product_brand?post=42478"},{"taxonomy":"product_cat","embeddable":true,"href":"https:\/\/baubauwall.com\/et\/wp-json\/wp\/v2\/product_cat?post=42478"},{"taxonomy":"product_tag","embeddable":true,"href":"https:\/\/baubauwall.com\/et\/wp-json\/wp\/v2\/product_tag?post=42478"}],"curies":[{"name":"wp","href":"https:\/\/api.w.org\/{rel}","templated":true}]}}