{"id":42480,"date":"2025-04-01T15:00:34","date_gmt":"2025-04-01T13:00:34","guid":{"rendered":"https:\/\/baubauwall.com\/product\/mural-wallpaper-valley-waterfalls-black-white\/"},"modified":"2025-04-02T10:59:20","modified_gmt":"2025-04-02T08:59:20","slug":"pilttapeet-koskede-org-mustvalge","status":"publish","type":"product","link":"https:\/\/baubauwall.com\/et\/toode\/pilttapeet-koskede-org-mustvalge\/","title":{"rendered":"Koskede org &#8211; mustvalge"},"content":{"rendered":"<p data-start=\"171\" data-end=\"223\">Suurejooneline mustvalge pilttapeet seinale, mis vajab lugu. See ajalooline stseen tapeedil p\u00f5hineb grav\u00f6\u00f6r <a href=\"https:\/\/digikogu.ekm.ee\/authors\/author_id-1974\" target=\"_blank\" rel=\"noopener\">Wilhelm Friedrich Gmelin<\/a> t\u00f6\u00f6st 19. sajandist, mis kujutab Itaalia maastikku. N\u00fc\u00fcd on ajalooline grav\u00fc\u00fcr t\u00f6\u00f6deldud efektseks pilttapeediks. Sobita mustvalge tapeet ajalooga hoone eluruumi seinale v\u00f5i avalikku ruumi. Disainil on kujutatud lopsakat orgu koskede ja graatsiliste puudega. K\u00f5ik see on toodud disainile mustavalgena &#8211; nii on tapeeti lihtne sobitada interj\u00f6\u00f6ri muu sisustusega ning tapeet ei m\u00f5ju intensiivselt.<\/p>\n<p data-start=\"171\" data-end=\"223\">Mustvalge pilttapeedi lai formaat teeb sellest efektse valiku suurel seinal. Kui Sinu sein on kitsam &#8211; siis vali disainist meeldivam osa endale ning tapeet t\u00f6\u00f6tab \u00fchtviisi h\u00e4sti.<\/p>\n<p><strong>Miks osta tapeet siit? Tapeetimine pole kunagi nii lihtne olnud!<\/strong><\/p>\n<ul>\n<li>Nummerdatud tapeedipaanid &#8211; lihtne paigaldada<\/li>\n<li>Just nii pikad paanid, kui on Sinu sein<\/li>\n<li>Premium, matt fliistapeedi materjal<\/li>\n<li>M\u00fcrgivabad tr\u00fckiv\u00e4rvid, Greenguard sertifitseeritud<\/li>\n<li>Keskkonnas\u00f5bralik, j\u00e4\u00e4tmevaba tapeetimine<\/li>\n<li>Tasuta tapeediliim<\/li>\n<li>Tasuta transport ja kiire tarne 5 t\u00f6\u00f6p\u00e4evaga<\/li>\n<li>Eesti ettev\u00f5te<\/li>\n<\/ul>\n<p>Loe l\u00e4hemalt nutikatest, eritellimust\u00f6\u00f6na valmivatest tapeetidest\u00a0<a href=\"https:\/\/baubauwall.com\/et\/keskkonnasobralikud-tapeedid\/\">siit.<\/a><\/p>\n<p class=\"\" data-start=\"171\" data-end=\"223\"><b>\u00a0<\/b><\/p>\n","protected":false},"excerpt":{"rendered":"<p>Suurejooneline mustvalge pilttapeet seinale, mis vajab lugu. See ajalooline stseen tapeedil p\u00f5hineb grav\u00f6\u00f6r Wilhelm Friedrich Gmelin t\u00f6\u00f6st 19. sajandist, mis kujutab Itaalia maastikku. N\u00fc\u00fcd on ajalooline grav\u00fc\u00fcr t\u00f6\u00f6deldud efektseks pilttapeediks. Sobita mustvalge tapeet ajalooga hoone eluruumi seinale v\u00f5i avalikku ruumi. Disainil on kujutatud lopsakat orgu koskede ja graatsiliste puudega. K\u00f5ik see on toodud disainile mustavalgena [&hellip;]<\/p>\n","protected":false},"featured_media":42444,"comment_status":"open","ping_status":"closed","template":"","meta":{"_acf_changed":false,"inline_featured_image":false},"product_brand":[],"product_cat":[780,387,406,391,388,272,752,413,414,415,402,245,248,254],"product_tag":[448,294,345],"class_list":{"0":"post-42480","1":"product","2":"type-product","3":"status-publish","4":"has-post-thumbnail","6":"product_cat-pilttapeedid-lugudega","7":"product_cat-pilttapeedid","8":"product_cat-klassika","9":"product_cat-vahemereline","10":"product_cat-vintage-et","11":"product_cat-hallid-tapeedid","12":"product_cat-avalik-ruum","13":"product_cat-magamistoa-tapeedid","14":"product_cat-soogitoa-tapeedid","15":"product_cat-kulalistetoa-tapeedid","16":"product_cat-elutoa-tapeedid","17":"product_cat-maastik","18":"product_cat-mets","19":"product_cat-loodus","20":"product_tag-kunst-et","21":"product_tag-mustvalge","22":"product_tag-pilttapeet","23":"pa_designedby-triinu-silla","25":"first","26":"instock","27":"taxable","28":"shipping-taxable","29":"purchasable","30":"product-type-simple"},"acf":[],"yoast_head":"<!-- This site is optimized with the Yoast SEO plugin v25.9 - https:\/\/yoast.com\/wordpress\/plugins\/seo\/ -->\n<title>Mustvalge tapeet Koskede org - ajalooline grav\u00fc\u00fcr tapeedil<\/title>\n<meta name=\"description\" content=\"Mustvalge tapeet Koskede org on nagu suur grav\u00fc\u00fcr seinal. Elegantne mustvalge pilttapeet sobita ajalooga interj\u00f6\u00f6ri v\u00f5i vastupidi - kaasaegsesse.\" \/>\n<meta name=\"robots\" content=\"index, follow, max-snippet:-1, max-image-preview:large, max-video-preview:-1\" \/>\n<link rel=\"canonical\" href=\"https:\/\/baubauwall.com\/et\/toode\/pilttapeet-koskede-org-mustvalge\/\" \/>\n<meta property=\"og:locale\" content=\"et_EE\" \/>\n<meta property=\"og:type\" content=\"article\" \/>\n<meta property=\"og:title\" content=\"Mustvalge tapeet Koskede org - ajalooline grav\u00fc\u00fcr tapeedil\" \/>\n<meta property=\"og:description\" content=\"Mustvalge tapeet Koskede org on nagu suur grav\u00fc\u00fcr seinal. Elegantne mustvalge pilttapeet sobita ajalooga interj\u00f6\u00f6ri v\u00f5i vastupidi - kaasaegsesse.\" \/>\n<meta property=\"og:url\" content=\"https:\/\/baubauwall.com\/et\/toode\/pilttapeet-koskede-org-mustvalge\/\" \/>\n<meta property=\"og:site_name\" content=\"BAUBAUWALL TAPEEDID\" \/>\n<meta property=\"article:publisher\" content=\"https:\/\/www.facebook.com\/Baubauwall\" \/>\n<meta property=\"article:modified_time\" content=\"2025-04-02T08:59:20+00:00\" \/>\n<meta property=\"og:image\" content=\"https:\/\/baubauwall.com\/wp-content\/uploads\/2022\/11\/51200484_Mural-Wallpaper-Valley_of_Waterfalls_black-white-room_Baubauwall-2-scaled.jpg\" \/>\n\t<meta property=\"og:image:width\" content=\"2560\" \/>\n\t<meta property=\"og:image:height\" content=\"1440\" \/>\n\t<meta property=\"og:image:type\" content=\"image\/jpeg\" \/>\n<meta name=\"twitter:card\" content=\"summary_large_image\" \/>\n<meta name=\"twitter:label1\" content=\"Est. reading time\" \/>\n\t<meta name=\"twitter:data1\" content=\"1 minut\" \/>\n<script type=\"application\/ld+json\" class=\"yoast-schema-graph\">{\"@context\":\"https:\/\/schema.org\",\"@graph\":[{\"@type\":\"WebPage\",\"@id\":\"https:\/\/baubauwall.com\/et\/toode\/pilttapeet-koskede-org-mustvalge\/\",\"url\":\"https:\/\/baubauwall.com\/et\/toode\/pilttapeet-koskede-org-mustvalge\/\",\"name\":\"Mustvalge tapeet Koskede org - ajalooline grav\u00fc\u00fcr tapeedil\",\"isPartOf\":{\"@id\":\"https:\/\/baubauwall.com\/et\/#website\"},\"primaryImageOfPage\":{\"@id\":\"https:\/\/baubauwall.com\/et\/toode\/pilttapeet-koskede-org-mustvalge\/#primaryimage\"},\"image\":{\"@id\":\"https:\/\/baubauwall.com\/et\/toode\/pilttapeet-koskede-org-mustvalge\/#primaryimage\"},\"thumbnailUrl\":\"https:\/\/baubauwall.com\/wp-content\/uploads\/2022\/11\/51200484_Mural-Wallpaper-Valley_of_Waterfalls_black-white-room_Baubauwall-2-scaled.jpg\",\"datePublished\":\"2025-04-01T13:00:34+00:00\",\"dateModified\":\"2025-04-02T08:59:20+00:00\",\"description\":\"Mustvalge tapeet Koskede org on nagu suur grav\u00fc\u00fcr seinal. Elegantne mustvalge pilttapeet sobita ajalooga interj\u00f6\u00f6ri v\u00f5i vastupidi - kaasaegsesse.\",\"breadcrumb\":{\"@id\":\"https:\/\/baubauwall.com\/et\/toode\/pilttapeet-koskede-org-mustvalge\/#breadcrumb\"},\"inLanguage\":\"et\",\"potentialAction\":[{\"@type\":\"ReadAction\",\"target\":[\"https:\/\/baubauwall.com\/et\/toode\/pilttapeet-koskede-org-mustvalge\/\"]}]},{\"@type\":\"ImageObject\",\"inLanguage\":\"et\",\"@id\":\"https:\/\/baubauwall.com\/et\/toode\/pilttapeet-koskede-org-mustvalge\/#primaryimage\",\"url\":\"https:\/\/baubauwall.com\/wp-content\/uploads\/2022\/11\/51200484_Mural-Wallpaper-Valley_of_Waterfalls_black-white-room_Baubauwall-2-scaled.jpg\",\"contentUrl\":\"https:\/\/baubauwall.com\/wp-content\/uploads\/2022\/11\/51200484_Mural-Wallpaper-Valley_of_Waterfalls_black-white-room_Baubauwall-2-scaled.jpg\",\"width\":2560,\"height\":1440,\"caption\":\"Historic mural wallpaper with grand scene of trees and waterfalls\"},{\"@type\":\"BreadcrumbList\",\"@id\":\"https:\/\/baubauwall.com\/et\/toode\/pilttapeet-koskede-org-mustvalge\/#breadcrumb\",\"itemListElement\":[{\"@type\":\"ListItem\",\"position\":1,\"name\":\"Koju\",\"item\":\"https:\/\/baubauwall.com\/et\/\"},{\"@type\":\"ListItem\",\"position\":2,\"name\":\"Tapeedid\",\"item\":\"https:\/\/baubauwall.com\/et\/tapeedid\/\"},{\"@type\":\"ListItem\",\"position\":3,\"name\":\"Koskede org &#8211; mustvalge\"}]},{\"@type\":\"WebSite\",\"@id\":\"https:\/\/baubauwall.com\/et\/#website\",\"url\":\"https:\/\/baubauwall.com\/et\/\",\"name\":\"BAUBAUWALL Wallpapers\",\"description\":\"Valmis paanides tapeet Eestist!\",\"publisher\":{\"@id\":\"https:\/\/baubauwall.com\/et\/#organization\"},\"potentialAction\":[{\"@type\":\"SearchAction\",\"target\":{\"@type\":\"EntryPoint\",\"urlTemplate\":\"https:\/\/baubauwall.com\/et\/?s={search_term_string}\"},\"query-input\":{\"@type\":\"PropertyValueSpecification\",\"valueRequired\":true,\"valueName\":\"search_term_string\"}}],\"inLanguage\":\"et\"},{\"@type\":\"Organization\",\"@id\":\"https:\/\/baubauwall.com\/et\/#organization\",\"name\":\"BAUBAUWALL Wallpapers\",\"url\":\"https:\/\/baubauwall.com\/et\/\",\"logo\":{\"@type\":\"ImageObject\",\"inLanguage\":\"et\",\"@id\":\"https:\/\/baubauwall.com\/et\/#\/schema\/logo\/image\/\",\"url\":\"https:\/\/baubauwall.com\/wp-content\/uploads\/2022\/03\/logo-horizontal.svg\",\"contentUrl\":\"https:\/\/baubauwall.com\/wp-content\/uploads\/2022\/03\/logo-horizontal.svg\",\"width\":\"1024\",\"height\":\"1024\",\"caption\":\"BAUBAUWALL Wallpapers\"},\"image\":{\"@id\":\"https:\/\/baubauwall.com\/et\/#\/schema\/logo\/image\/\"},\"sameAs\":[\"https:\/\/www.facebook.com\/Baubauwall\",\"https:\/\/www.instagram.com\/baubauwall\"]}]}<\/script>\n<!-- \/ Yoast SEO plugin. -->","yoast_head_json":{"title":"Mustvalge tapeet Koskede org - ajalooline grav\u00fc\u00fcr tapeedil","description":"Mustvalge tapeet Koskede org on nagu suur grav\u00fc\u00fcr seinal. Elegantne mustvalge pilttapeet sobita ajalooga interj\u00f6\u00f6ri v\u00f5i vastupidi - kaasaegsesse.","robots":{"index":"index","follow":"follow","max-snippet":"max-snippet:-1","max-image-preview":"max-image-preview:large","max-video-preview":"max-video-preview:-1"},"canonical":"https:\/\/baubauwall.com\/et\/toode\/pilttapeet-koskede-org-mustvalge\/","og_locale":"et_EE","og_type":"article","og_title":"Mustvalge tapeet Koskede org - ajalooline grav\u00fc\u00fcr tapeedil","og_description":"Mustvalge tapeet Koskede org on nagu suur grav\u00fc\u00fcr seinal. Elegantne mustvalge pilttapeet sobita ajalooga interj\u00f6\u00f6ri v\u00f5i vastupidi - kaasaegsesse.","og_url":"https:\/\/baubauwall.com\/et\/toode\/pilttapeet-koskede-org-mustvalge\/","og_site_name":"BAUBAUWALL TAPEEDID","article_publisher":"https:\/\/www.facebook.com\/Baubauwall","article_modified_time":"2025-04-02T08:59:20+00:00","og_image":[{"width":2560,"height":1440,"url":"https:\/\/baubauwall.com\/wp-content\/uploads\/2022\/11\/51200484_Mural-Wallpaper-Valley_of_Waterfalls_black-white-room_Baubauwall-2-scaled.jpg","type":"image\/jpeg"}],"twitter_card":"summary_large_image","twitter_misc":{"Est. reading time":"1 minut"},"schema":{"@context":"https:\/\/schema.org","@graph":[{"@type":"WebPage","@id":"https:\/\/baubauwall.com\/et\/toode\/pilttapeet-koskede-org-mustvalge\/","url":"https:\/\/baubauwall.com\/et\/toode\/pilttapeet-koskede-org-mustvalge\/","name":"Mustvalge tapeet Koskede org - ajalooline grav\u00fc\u00fcr tapeedil","isPartOf":{"@id":"https:\/\/baubauwall.com\/et\/#website"},"primaryImageOfPage":{"@id":"https:\/\/baubauwall.com\/et\/toode\/pilttapeet-koskede-org-mustvalge\/#primaryimage"},"image":{"@id":"https:\/\/baubauwall.com\/et\/toode\/pilttapeet-koskede-org-mustvalge\/#primaryimage"},"thumbnailUrl":"https:\/\/baubauwall.com\/wp-content\/uploads\/2022\/11\/51200484_Mural-Wallpaper-Valley_of_Waterfalls_black-white-room_Baubauwall-2-scaled.jpg","datePublished":"2025-04-01T13:00:34+00:00","dateModified":"2025-04-02T08:59:20+00:00","description":"Mustvalge tapeet Koskede org on nagu suur grav\u00fc\u00fcr seinal. Elegantne mustvalge pilttapeet sobita ajalooga interj\u00f6\u00f6ri v\u00f5i vastupidi - kaasaegsesse.","breadcrumb":{"@id":"https:\/\/baubauwall.com\/et\/toode\/pilttapeet-koskede-org-mustvalge\/#breadcrumb"},"inLanguage":"et","potentialAction":[{"@type":"ReadAction","target":["https:\/\/baubauwall.com\/et\/toode\/pilttapeet-koskede-org-mustvalge\/"]}]},{"@type":"ImageObject","inLanguage":"et","@id":"https:\/\/baubauwall.com\/et\/toode\/pilttapeet-koskede-org-mustvalge\/#primaryimage","url":"https:\/\/baubauwall.com\/wp-content\/uploads\/2022\/11\/51200484_Mural-Wallpaper-Valley_of_Waterfalls_black-white-room_Baubauwall-2-scaled.jpg","contentUrl":"https:\/\/baubauwall.com\/wp-content\/uploads\/2022\/11\/51200484_Mural-Wallpaper-Valley_of_Waterfalls_black-white-room_Baubauwall-2-scaled.jpg","width":2560,"height":1440,"caption":"Historic mural wallpaper with grand scene of trees and waterfalls"},{"@type":"BreadcrumbList","@id":"https:\/\/baubauwall.com\/et\/toode\/pilttapeet-koskede-org-mustvalge\/#breadcrumb","itemListElement":[{"@type":"ListItem","position":1,"name":"Koju","item":"https:\/\/baubauwall.com\/et\/"},{"@type":"ListItem","position":2,"name":"Tapeedid","item":"https:\/\/baubauwall.com\/et\/tapeedid\/"},{"@type":"ListItem","position":3,"name":"Koskede org &#8211; mustvalge"}]},{"@type":"WebSite","@id":"https:\/\/baubauwall.com\/et\/#website","url":"https:\/\/baubauwall.com\/et\/","name":"BAUBAUWALL Wallpapers","description":"Valmis paanides tapeet Eestist!","publisher":{"@id":"https:\/\/baubauwall.com\/et\/#organization"},"potentialAction":[{"@type":"SearchAction","target":{"@type":"EntryPoint","urlTemplate":"https:\/\/baubauwall.com\/et\/?s={search_term_string}"},"query-input":{"@type":"PropertyValueSpecification","valueRequired":true,"valueName":"search_term_string"}}],"inLanguage":"et"},{"@type":"Organization","@id":"https:\/\/baubauwall.com\/et\/#organization","name":"BAUBAUWALL Wallpapers","url":"https:\/\/baubauwall.com\/et\/","logo":{"@type":"ImageObject","inLanguage":"et","@id":"https:\/\/baubauwall.com\/et\/#\/schema\/logo\/image\/","url":"https:\/\/baubauwall.com\/wp-content\/uploads\/2022\/03\/logo-horizontal.svg","contentUrl":"https:\/\/baubauwall.com\/wp-content\/uploads\/2022\/03\/logo-horizontal.svg","width":"1024","height":"1024","caption":"BAUBAUWALL Wallpapers"},"image":{"@id":"https:\/\/baubauwall.com\/et\/#\/schema\/logo\/image\/"},"sameAs":["https:\/\/www.facebook.com\/Baubauwall","https:\/\/www.instagram.com\/baubauwall"]}]}},"jetpack_sharing_enabled":true,"_links":{"self":[{"href":"https:\/\/baubauwall.com\/et\/wp-json\/wp\/v2\/product\/42480","targetHints":{"allow":["GET"]}}],"collection":[{"href":"https:\/\/baubauwall.com\/et\/wp-json\/wp\/v2\/product"}],"about":[{"href":"https:\/\/baubauwall.com\/et\/wp-json\/wp\/v2\/types\/product"}],"replies":[{"embeddable":true,"href":"https:\/\/baubauwall.com\/et\/wp-json\/wp\/v2\/comments?post=42480"}],"wp:featuredmedia":[{"embeddable":true,"href":"https:\/\/baubauwall.com\/et\/wp-json\/wp\/v2\/media\/42444"}],"wp:attachment":[{"href":"https:\/\/baubauwall.com\/et\/wp-json\/wp\/v2\/media?parent=42480"}],"wp:term":[{"taxonomy":"product_brand","embeddable":true,"href":"https:\/\/baubauwall.com\/et\/wp-json\/wp\/v2\/product_brand?post=42480"},{"taxonomy":"product_cat","embeddable":true,"href":"https:\/\/baubauwall.com\/et\/wp-json\/wp\/v2\/product_cat?post=42480"},{"taxonomy":"product_tag","embeddable":true,"href":"https:\/\/baubauwall.com\/et\/wp-json\/wp\/v2\/product_tag?post=42480"}],"curies":[{"name":"wp","href":"https:\/\/api.w.org\/{rel}","templated":true}]}}