{"id":43009,"date":"2025-05-23T09:24:34","date_gmt":"2025-05-23T07:24:34","guid":{"rendered":"https:\/\/baubauwall.com\/product\/mural-wallpaper-tropical-drift\/"},"modified":"2025-05-29T11:23:53","modified_gmt":"2025-05-29T09:23:53","slug":"pilttapeet-troopiline-triiv","status":"publish","type":"product","link":"https:\/\/baubauwall.com\/et\/toode\/pilttapeet-troopiline-triiv\/","title":{"rendered":"Troopiline triiv"},"content":{"rendered":"<p>Lase oma seinal puhata \u2013 justkui oleksid palmide all. Troopiline triiv on banaanipuu lehtedega tapeet, mis toob interj\u00f6\u00f6ri stiili, soojust ja veidi troopikatuult! Suured maalilised lehed ja paradiisilille \u00f5ied on maalitud pehmetes rohelistes toonides \u2013 mitte liiga v\u00e4rviline, mitte liiga summutatud. Just paras.<\/p>\n<p data-start=\"671\" data-end=\"928\">See pilttapeet sobib h\u00e4sti magamistuppa, kui soovid luua hubast ja m\u00f5nusalt troopilist tunnet. V\u00f5i elutoa aktsentseinale, et tuua ruumi lopsakust. Ka kodukontoris t\u00f6\u00f6tab see tapeet h\u00e4sti \u2013 aitab keskenduda, aga samas viib m\u00f5tted hetkeks banaanipuu lehtede varju.<\/p>\n<p data-start=\"930\" data-end=\"1136\">Troopilises stiilis tapeedi tr\u00fckime vastavalt Sinu seina m\u00f5\u00f5tudele \u2013 ei mingit kodust tapeedil\u00f5ikumist ega raiskamist. Tapeetimine on lihtsam, kui arvad. Sest meilt saad tapeedi valmis l\u00f5igatud ning nummerdatud paanides, mis on just nii pikad, kui sein. Kaasa tuleb ka sobiv fliistapeedi liim. <a href=\"https:\/\/baubauwall.com\/et\/ideed\/let-the-homes-do-the-talking\/\">Piilu ka tehtud t\u00f6\u00f6de tapeedigaleriid<\/a> &#8211; kas midagi v\u00f5iks sobida ka Sinu interj\u00f6\u00f6ri?<\/p>\n<p><strong>Miks osta tapeet siit? Sest tapeedi valimine, tellimine ja tapeetimine on n\u00fc\u00fcd lihtne.<\/strong><\/p>\n<ul>\n<li>Eesti ettev\u00f5tte, Eestis tr\u00fckitud tapeedid<\/li>\n<li>Nummerdatud tapeedipaanid<\/li>\n<li>Just nii pikad tapeedipaanid, kui on Sinu sein<\/li>\n<li>Premium, matt fliistapeedi materjal<\/li>\n<li>M\u00fcrgivabad tr\u00fckiv\u00e4rvid, Greenguard sertifitseeritud<\/li>\n<li>Keskkonnas\u00f5bralik, j\u00e4\u00e4tmevaba tapeetimine<\/li>\n<li>Tasuta tapeediliim<\/li>\n<li>Tasuta transport ja kiire tarne 5 t\u00f6\u00f6p\u00e4evaga<\/li>\n<\/ul>\n<p>Loe l\u00e4hemalt nutikatest, eritellimust\u00f6\u00f6na valmivatest tapeetidest\u00a0<a href=\"https:\/\/baubauwall.com\/et\/keskkonnasobralikud-tapeedid\/\">siit.<\/a><\/p>\n<p>&nbsp;<\/p>\n","protected":false},"excerpt":{"rendered":"<p>Lase oma seinal puhata \u2013 justkui oleksid palmide all. Troopiline triiv on banaanipuu lehtedega tapeet, mis toob interj\u00f6\u00f6ri stiili, soojust ja veidi troopikatuult! Suured maalilised lehed ja paradiisilille \u00f5ied on maalitud pehmetes rohelistes toonides \u2013 mitte liiga v\u00e4rviline, mitte liiga summutatud. Just paras. See pilttapeet sobib h\u00e4sti magamistuppa, kui soovid luua hubast ja m\u00f5nusalt troopilist [&hellip;]<\/p>\n","protected":false},"featured_media":42992,"comment_status":"open","ping_status":"closed","template":"","meta":{"_acf_changed":false,"inline_featured_image":false},"product_brand":[],"product_cat":[387,388,265,271,752,413,414,415,402,250,254,561],"product_tag":[345],"class_list":{"0":"post-43009","1":"product","2":"type-product","3":"status-publish","4":"has-post-thumbnail","6":"product_cat-pilttapeedid","7":"product_cat-vintage-et","8":"product_cat-beezid-tapeedid","9":"product_cat-rohelised-tapeedid","10":"product_cat-avalik-ruum","11":"product_cat-magamistoa-tapeedid","12":"product_cat-soogitoa-tapeedid","13":"product_cat-kulalistetoa-tapeedid","14":"product_cat-elutoa-tapeedid","15":"product_cat-dzungel-troopika","16":"product_cat-loodus","17":"product_cat-suvised-tapeedid","18":"product_tag-pilttapeet","19":"pa_designedby-baubauwall","21":"first","22":"instock","23":"taxable","24":"shipping-taxable","25":"purchasable","26":"product-type-simple"},"acf":[],"yoast_head":"<!-- This site is optimized with the Yoast SEO plugin v25.9 - https:\/\/yoast.com\/wordpress\/plugins\/seo\/ -->\n<title>Banaanipuu lehtedega tapeet - Troopiline triiv<\/title>\n<meta name=\"description\" content=\"Too tuppa veidi troopikat - banaanipuu lehtedega tapeet on selleks ju perfektne. Ilmekas rohelistes toonides pilttapeet, mis hoiab interj\u00f6\u00f6ri efektse!\" \/>\n<meta name=\"robots\" content=\"index, follow, max-snippet:-1, max-image-preview:large, max-video-preview:-1\" \/>\n<link rel=\"canonical\" href=\"https:\/\/baubauwall.com\/et\/toode\/pilttapeet-troopiline-triiv\/\" \/>\n<meta property=\"og:locale\" content=\"et_EE\" \/>\n<meta property=\"og:type\" content=\"article\" \/>\n<meta property=\"og:title\" content=\"BAUBAUWALL TAPEEDID\" \/>\n<meta property=\"og:description\" content=\"Too tuppa veidi troopikat - banaanipuu lehtedega tapeet on selleks ju perfektne. Ilmekas rohelistes toonides pilttapeet, mis hoiab interj\u00f6\u00f6ri efektse!\" \/>\n<meta property=\"og:url\" content=\"https:\/\/baubauwall.com\/et\/toode\/pilttapeet-troopiline-triiv\/\" \/>\n<meta property=\"og:site_name\" content=\"BAUBAUWALL TAPEEDID\" \/>\n<meta property=\"article:publisher\" content=\"https:\/\/www.facebook.com\/Baubauwall\" \/>\n<meta property=\"article:modified_time\" content=\"2025-05-29T09:23:53+00:00\" \/>\n<meta property=\"og:image\" content=\"https:\/\/baubauwall.com\/wp-content\/uploads\/2022\/11\/51200486_TropicalDrift_Baubauwall_Wall_Mural_room4.jpg\" \/>\n\t<meta property=\"og:image:width\" content=\"1600\" \/>\n\t<meta property=\"og:image:height\" content=\"1600\" \/>\n\t<meta property=\"og:image:type\" content=\"image\/jpeg\" \/>\n<meta name=\"twitter:card\" content=\"summary_large_image\" \/>\n<meta name=\"twitter:label1\" content=\"Est. reading time\" \/>\n\t<meta name=\"twitter:data1\" content=\"2 minutit\" \/>\n<script type=\"application\/ld+json\" class=\"yoast-schema-graph\">{\"@context\":\"https:\/\/schema.org\",\"@graph\":[{\"@type\":\"WebPage\",\"@id\":\"https:\/\/baubauwall.com\/et\/toode\/pilttapeet-troopiline-triiv\/\",\"url\":\"https:\/\/baubauwall.com\/et\/toode\/pilttapeet-troopiline-triiv\/\",\"name\":\"Banaanipuu lehtedega tapeet - Troopiline triiv\",\"isPartOf\":{\"@id\":\"https:\/\/baubauwall.com\/et\/#website\"},\"primaryImageOfPage\":{\"@id\":\"https:\/\/baubauwall.com\/et\/toode\/pilttapeet-troopiline-triiv\/#primaryimage\"},\"image\":{\"@id\":\"https:\/\/baubauwall.com\/et\/toode\/pilttapeet-troopiline-triiv\/#primaryimage\"},\"thumbnailUrl\":\"https:\/\/baubauwall.com\/wp-content\/uploads\/2022\/11\/51200486_TropicalDrift_Baubauwall_Wall_Mural_room1.jpg\",\"datePublished\":\"2025-05-23T07:24:34+00:00\",\"dateModified\":\"2025-05-29T09:23:53+00:00\",\"description\":\"Too tuppa veidi troopikat - banaanipuu lehtedega tapeet on selleks ju perfektne. Ilmekas rohelistes toonides pilttapeet, mis hoiab interj\u00f6\u00f6ri efektse!\",\"breadcrumb\":{\"@id\":\"https:\/\/baubauwall.com\/et\/toode\/pilttapeet-troopiline-triiv\/#breadcrumb\"},\"inLanguage\":\"et\",\"potentialAction\":[{\"@type\":\"ReadAction\",\"target\":[\"https:\/\/baubauwall.com\/et\/toode\/pilttapeet-troopiline-triiv\/\"]}]},{\"@type\":\"ImageObject\",\"inLanguage\":\"et\",\"@id\":\"https:\/\/baubauwall.com\/et\/toode\/pilttapeet-troopiline-triiv\/#primaryimage\",\"url\":\"https:\/\/baubauwall.com\/wp-content\/uploads\/2022\/11\/51200486_TropicalDrift_Baubauwall_Wall_Mural_room1.jpg\",\"contentUrl\":\"https:\/\/baubauwall.com\/wp-content\/uploads\/2022\/11\/51200486_TropicalDrift_Baubauwall_Wall_Mural_room1.jpg\",\"width\":1067,\"height\":1600,\"caption\":\"Tropical mural wallpaper with large green banana leaves and bird of paradise flowers in a living room with white fireplace and modern chair in the corner\"},{\"@type\":\"BreadcrumbList\",\"@id\":\"https:\/\/baubauwall.com\/et\/toode\/pilttapeet-troopiline-triiv\/#breadcrumb\",\"itemListElement\":[{\"@type\":\"ListItem\",\"position\":1,\"name\":\"Koju\",\"item\":\"https:\/\/baubauwall.com\/et\/\"},{\"@type\":\"ListItem\",\"position\":2,\"name\":\"Tapeedid\",\"item\":\"https:\/\/baubauwall.com\/et\/tapeedid\/\"},{\"@type\":\"ListItem\",\"position\":3,\"name\":\"Troopiline triiv\"}]},{\"@type\":\"WebSite\",\"@id\":\"https:\/\/baubauwall.com\/et\/#website\",\"url\":\"https:\/\/baubauwall.com\/et\/\",\"name\":\"BAUBAUWALL Wallpapers\",\"description\":\"Valmis paanides tapeet Eestist!\",\"publisher\":{\"@id\":\"https:\/\/baubauwall.com\/et\/#organization\"},\"potentialAction\":[{\"@type\":\"SearchAction\",\"target\":{\"@type\":\"EntryPoint\",\"urlTemplate\":\"https:\/\/baubauwall.com\/et\/?s={search_term_string}\"},\"query-input\":{\"@type\":\"PropertyValueSpecification\",\"valueRequired\":true,\"valueName\":\"search_term_string\"}}],\"inLanguage\":\"et\"},{\"@type\":\"Organization\",\"@id\":\"https:\/\/baubauwall.com\/et\/#organization\",\"name\":\"BAUBAUWALL Wallpapers\",\"url\":\"https:\/\/baubauwall.com\/et\/\",\"logo\":{\"@type\":\"ImageObject\",\"inLanguage\":\"et\",\"@id\":\"https:\/\/baubauwall.com\/et\/#\/schema\/logo\/image\/\",\"url\":\"https:\/\/baubauwall.com\/wp-content\/uploads\/2022\/03\/logo-horizontal.svg\",\"contentUrl\":\"https:\/\/baubauwall.com\/wp-content\/uploads\/2022\/03\/logo-horizontal.svg\",\"width\":\"1024\",\"height\":\"1024\",\"caption\":\"BAUBAUWALL Wallpapers\"},\"image\":{\"@id\":\"https:\/\/baubauwall.com\/et\/#\/schema\/logo\/image\/\"},\"sameAs\":[\"https:\/\/www.facebook.com\/Baubauwall\",\"https:\/\/www.instagram.com\/baubauwall\"]}]}<\/script>\n<!-- \/ Yoast SEO plugin. -->","yoast_head_json":{"title":"Banaanipuu lehtedega tapeet - Troopiline triiv","description":"Too tuppa veidi troopikat - banaanipuu lehtedega tapeet on selleks ju perfektne. Ilmekas rohelistes toonides pilttapeet, mis hoiab interj\u00f6\u00f6ri efektse!","robots":{"index":"index","follow":"follow","max-snippet":"max-snippet:-1","max-image-preview":"max-image-preview:large","max-video-preview":"max-video-preview:-1"},"canonical":"https:\/\/baubauwall.com\/et\/toode\/pilttapeet-troopiline-triiv\/","og_locale":"et_EE","og_type":"article","og_title":"BAUBAUWALL TAPEEDID","og_description":"Too tuppa veidi troopikat - banaanipuu lehtedega tapeet on selleks ju perfektne. Ilmekas rohelistes toonides pilttapeet, mis hoiab interj\u00f6\u00f6ri efektse!","og_url":"https:\/\/baubauwall.com\/et\/toode\/pilttapeet-troopiline-triiv\/","og_site_name":"BAUBAUWALL TAPEEDID","article_publisher":"https:\/\/www.facebook.com\/Baubauwall","article_modified_time":"2025-05-29T09:23:53+00:00","og_image":[{"width":1600,"height":1600,"url":"https:\/\/baubauwall.com\/wp-content\/uploads\/2022\/11\/51200486_TropicalDrift_Baubauwall_Wall_Mural_room4.jpg","type":"image\/jpeg"}],"twitter_card":"summary_large_image","twitter_misc":{"Est. reading time":"2 minutit"},"schema":{"@context":"https:\/\/schema.org","@graph":[{"@type":"WebPage","@id":"https:\/\/baubauwall.com\/et\/toode\/pilttapeet-troopiline-triiv\/","url":"https:\/\/baubauwall.com\/et\/toode\/pilttapeet-troopiline-triiv\/","name":"Banaanipuu lehtedega tapeet - Troopiline triiv","isPartOf":{"@id":"https:\/\/baubauwall.com\/et\/#website"},"primaryImageOfPage":{"@id":"https:\/\/baubauwall.com\/et\/toode\/pilttapeet-troopiline-triiv\/#primaryimage"},"image":{"@id":"https:\/\/baubauwall.com\/et\/toode\/pilttapeet-troopiline-triiv\/#primaryimage"},"thumbnailUrl":"https:\/\/baubauwall.com\/wp-content\/uploads\/2022\/11\/51200486_TropicalDrift_Baubauwall_Wall_Mural_room1.jpg","datePublished":"2025-05-23T07:24:34+00:00","dateModified":"2025-05-29T09:23:53+00:00","description":"Too tuppa veidi troopikat - banaanipuu lehtedega tapeet on selleks ju perfektne. Ilmekas rohelistes toonides pilttapeet, mis hoiab interj\u00f6\u00f6ri efektse!","breadcrumb":{"@id":"https:\/\/baubauwall.com\/et\/toode\/pilttapeet-troopiline-triiv\/#breadcrumb"},"inLanguage":"et","potentialAction":[{"@type":"ReadAction","target":["https:\/\/baubauwall.com\/et\/toode\/pilttapeet-troopiline-triiv\/"]}]},{"@type":"ImageObject","inLanguage":"et","@id":"https:\/\/baubauwall.com\/et\/toode\/pilttapeet-troopiline-triiv\/#primaryimage","url":"https:\/\/baubauwall.com\/wp-content\/uploads\/2022\/11\/51200486_TropicalDrift_Baubauwall_Wall_Mural_room1.jpg","contentUrl":"https:\/\/baubauwall.com\/wp-content\/uploads\/2022\/11\/51200486_TropicalDrift_Baubauwall_Wall_Mural_room1.jpg","width":1067,"height":1600,"caption":"Tropical mural wallpaper with large green banana leaves and bird of paradise flowers in a living room with white fireplace and modern chair in the corner"},{"@type":"BreadcrumbList","@id":"https:\/\/baubauwall.com\/et\/toode\/pilttapeet-troopiline-triiv\/#breadcrumb","itemListElement":[{"@type":"ListItem","position":1,"name":"Koju","item":"https:\/\/baubauwall.com\/et\/"},{"@type":"ListItem","position":2,"name":"Tapeedid","item":"https:\/\/baubauwall.com\/et\/tapeedid\/"},{"@type":"ListItem","position":3,"name":"Troopiline triiv"}]},{"@type":"WebSite","@id":"https:\/\/baubauwall.com\/et\/#website","url":"https:\/\/baubauwall.com\/et\/","name":"BAUBAUWALL Wallpapers","description":"Valmis paanides tapeet Eestist!","publisher":{"@id":"https:\/\/baubauwall.com\/et\/#organization"},"potentialAction":[{"@type":"SearchAction","target":{"@type":"EntryPoint","urlTemplate":"https:\/\/baubauwall.com\/et\/?s={search_term_string}"},"query-input":{"@type":"PropertyValueSpecification","valueRequired":true,"valueName":"search_term_string"}}],"inLanguage":"et"},{"@type":"Organization","@id":"https:\/\/baubauwall.com\/et\/#organization","name":"BAUBAUWALL Wallpapers","url":"https:\/\/baubauwall.com\/et\/","logo":{"@type":"ImageObject","inLanguage":"et","@id":"https:\/\/baubauwall.com\/et\/#\/schema\/logo\/image\/","url":"https:\/\/baubauwall.com\/wp-content\/uploads\/2022\/03\/logo-horizontal.svg","contentUrl":"https:\/\/baubauwall.com\/wp-content\/uploads\/2022\/03\/logo-horizontal.svg","width":"1024","height":"1024","caption":"BAUBAUWALL Wallpapers"},"image":{"@id":"https:\/\/baubauwall.com\/et\/#\/schema\/logo\/image\/"},"sameAs":["https:\/\/www.facebook.com\/Baubauwall","https:\/\/www.instagram.com\/baubauwall"]}]}},"jetpack_sharing_enabled":true,"_links":{"self":[{"href":"https:\/\/baubauwall.com\/et\/wp-json\/wp\/v2\/product\/43009","targetHints":{"allow":["GET"]}}],"collection":[{"href":"https:\/\/baubauwall.com\/et\/wp-json\/wp\/v2\/product"}],"about":[{"href":"https:\/\/baubauwall.com\/et\/wp-json\/wp\/v2\/types\/product"}],"replies":[{"embeddable":true,"href":"https:\/\/baubauwall.com\/et\/wp-json\/wp\/v2\/comments?post=43009"}],"wp:featuredmedia":[{"embeddable":true,"href":"https:\/\/baubauwall.com\/et\/wp-json\/wp\/v2\/media\/42992"}],"wp:attachment":[{"href":"https:\/\/baubauwall.com\/et\/wp-json\/wp\/v2\/media?parent=43009"}],"wp:term":[{"taxonomy":"product_brand","embeddable":true,"href":"https:\/\/baubauwall.com\/et\/wp-json\/wp\/v2\/product_brand?post=43009"},{"taxonomy":"product_cat","embeddable":true,"href":"https:\/\/baubauwall.com\/et\/wp-json\/wp\/v2\/product_cat?post=43009"},{"taxonomy":"product_tag","embeddable":true,"href":"https:\/\/baubauwall.com\/et\/wp-json\/wp\/v2\/product_tag?post=43009"}],"curies":[{"name":"wp","href":"https:\/\/api.w.org\/{rel}","templated":true}]}}