{"id":43057,"date":"2025-05-23T11:00:34","date_gmt":"2025-05-23T09:00:34","guid":{"rendered":"https:\/\/baubauwall.com\/product\/mural-wallpaper-antique-garden-chinoiserie\/"},"modified":"2025-05-29T12:08:12","modified_gmt":"2025-05-29T10:08:12","slug":"pilttapeet-antiikne-aed-chinoiserie","status":"publish","type":"product","link":"https:\/\/baubauwall.com\/et\/toode\/pilttapeet-antiikne-aed-chinoiserie\/","title":{"rendered":"Antiikne aed chinoiserie"},"content":{"rendered":"<p data-start=\"472\" data-end=\"748\">Antiikne aed on chinoiserie tapeet, mis viib sind ajas tagasi. \u00d5rnad linnud ja \u00f5itsevad oksad moodustavad bee\u017ei botaanilise pilttapeedi, mis m\u00f5jub rahulikult ning luksuslikult.<\/p>\n<p data-start=\"750\" data-end=\"1171\">Tapeet on inspireeritud 18.\u201319. sajandi <em>chinoiserie<\/em> stiilist, mis kujutas Euroopa kunstnike romantilist ettekujutust Aasiast \u2013 tihti sisaldades loodusmotiive, eksootilisi linde ja stiliseeritud aiamaastikke. See stiil oli eriti populaarne Inglise ja Prantsuse aadlike salongides ja talveaedades. T\u00e4naseks on <em>chinoiserie <\/em>tapeedid\u00a0leidnud tee tagasi kaasaegsesse sisekujundusse, kus v\u00e4\u00e4rtustatakse k\u00e4sit\u00f6\u00f6na m\u00f5juvaid, detailseid mustreid.<\/p>\n<p data-start=\"1173\" data-end=\"1401\"><em>Chinoiserie<\/em> tapeet sobib h\u00e4sti magamistuppa, k\u00fclalistetuppa v\u00f5i\u00a0elutoa seinale efekti looma. Selle tapeedi sepia toonis disain m\u00f5jub rahulikult ja aitab luua ajatult elegantset interj\u00f6\u00f6ri.<\/p>\n<p data-start=\"256\" data-end=\"314\"><a href=\"https:\/\/baubauwall.com\/et\/ideed\/let-the-homes-do-the-talking\/\">Piilu ka tehtud t\u00f6\u00f6de tapeedigaleriid<\/a>\u00a0\u2013 kas midagi v\u00f5iks veel inspireerida?<\/p>\n<p><strong>Miks osta tapeet siit? Sest tapeedi valimine, tellimine ja tapeetimine on n\u00fc\u00fcd lihtne.<\/strong><\/p>\n<ul>\n<li>Eesti ettev\u00f5tte, Eestis tr\u00fckitud tapeedid<\/li>\n<li>Nummerdatud tapeedipaanid<\/li>\n<li>Just nii pikad tapeedipaanid, kui on Sinu sein<\/li>\n<li>Premium, matt fliistapeedi materjal<\/li>\n<li>M\u00fcrgivabad tr\u00fckiv\u00e4rvid, Greenguard sertifitseeritud<\/li>\n<li>Keskkonnas\u00f5bralik, j\u00e4\u00e4tmevaba tapeetimine<\/li>\n<li>Tasuta tapeediliim<\/li>\n<li>Tasuta transport ja kiire tarne 5 t\u00f6\u00f6p\u00e4evaga<\/li>\n<\/ul>\n<p>Vaata veel ideid ja ilusat tapeedimaailma meie\u00a0<a href=\"https:\/\/www.instagram.com\/baubauwall\">Instagramis!<\/a><\/p>\n","protected":false},"excerpt":{"rendered":"<p>Antiikne aed on chinoiserie tapeet, mis viib sind ajas tagasi. \u00d5rnad linnud ja \u00f5itsevad oksad moodustavad bee\u017ei botaanilise pilttapeedi, mis m\u00f5jub rahulikult ning luksuslikult. Tapeet on inspireeritud 18.\u201319. sajandi chinoiserie stiilist, mis kujutas Euroopa kunstnike romantilist ettekujutust Aasiast \u2013 tihti sisaldades loodusmotiive, eksootilisi linde ja stiliseeritud aiamaastikke. See stiil oli eriti populaarne Inglise ja Prantsuse [&hellip;]<\/p>\n","protected":false},"featured_media":43046,"comment_status":"open","ping_status":"closed","template":"","meta":{"_acf_changed":false,"inline_featured_image":false},"product_brand":[],"product_cat":[387,395,391,388,265,273,276,752,413,414,416,399,402,254,257,260],"product_tag":[792,511],"class_list":{"0":"post-43057","1":"product","2":"type-product","3":"status-publish","4":"has-post-thumbnail","6":"product_cat-pilttapeedid","7":"product_cat-romantiline","8":"product_cat-vahemereline","9":"product_cat-vintage-et","10":"product_cat-beezid-tapeedid","11":"product_cat-heledad-tapeedid","12":"product_cat-pastelsed-tapeedid","13":"product_cat-avalik-ruum","14":"product_cat-magamistoa-tapeedid","15":"product_cat-soogitoa-tapeedid","16":"product_cat-esiku-tapeedid","17":"product_cat-kodukontori-tapeedid","18":"product_cat-elutoa-tapeedid","19":"product_cat-loodus","20":"product_cat-linnud","21":"product_cat-lilled","22":"product_tag-chinoiserie-idamaine-2-et","23":"product_tag-mural-et","24":"pa_designedby-baubauwall","26":"first","27":"instock","28":"taxable","29":"shipping-taxable","30":"purchasable","31":"product-type-simple"},"acf":[],"yoast_head":"<!-- This site is optimized with the Yoast SEO plugin v25.9 - https:\/\/yoast.com\/wordpress\/plugins\/seo\/ -->\n<title>Antiikne aed chinoiserie tapeet. Baubauwall - tapeediekspert<\/title>\n<meta name=\"description\" content=\"Chinoiserie tapeet ei l\u00e4he iialgi moest. Antiikne aed pilttapeet on elegantne disain, millelt leiad bee\u017eil taustal imeilusad linnud ja taimed!\" \/>\n<meta name=\"robots\" content=\"index, follow, max-snippet:-1, max-image-preview:large, max-video-preview:-1\" \/>\n<link rel=\"canonical\" href=\"https:\/\/baubauwall.com\/et\/toode\/pilttapeet-antiikne-aed-chinoiserie\/\" \/>\n<meta property=\"og:locale\" content=\"et_EE\" \/>\n<meta property=\"og:type\" content=\"article\" \/>\n<meta property=\"og:title\" content=\"BAUBAUWALL TAPEEDID\" \/>\n<meta property=\"og:description\" content=\"Chinoiserie t\u00e4hendab prantsuse keeles &quot;hiina stiili&quot; ning sai Euroopas populaarseks juba 17. sajandil. Tapeetide maailmas t\u00e4hendab see delikaatseid, sageli k\u00e4sitsi maalitud detaile, peeneid mustreid ning rahulikku luksust. T\u00e4nap\u00e4eval hinnatakse chinoiserie tapeete nende ajatu elegantsi ja romantilise meeleolu t\u00f5ttu \u2013 need sobivad suurep\u00e4raselt klassikalise sisekujunduse juurde.\" \/>\n<meta property=\"og:url\" content=\"https:\/\/baubauwall.com\/et\/toode\/pilttapeet-antiikne-aed-chinoiserie\/\" \/>\n<meta property=\"og:site_name\" content=\"BAUBAUWALL TAPEEDID\" \/>\n<meta property=\"article:publisher\" content=\"https:\/\/www.facebook.com\/Baubauwall\" \/>\n<meta property=\"article:modified_time\" content=\"2025-05-29T10:08:12+00:00\" \/>\n<meta property=\"og:image\" content=\"https:\/\/baubauwall.com\/wp-content\/uploads\/2022\/11\/51200490_AntiqueGardenChinoiserie_Baubauwall_Wall_Mural_room3.jpg\" \/>\n\t<meta property=\"og:image:width\" content=\"2397\" \/>\n\t<meta property=\"og:image:height\" content=\"1600\" \/>\n\t<meta property=\"og:image:type\" content=\"image\/jpeg\" \/>\n<meta name=\"twitter:card\" content=\"summary_large_image\" \/>\n<meta name=\"twitter:label1\" content=\"Est. reading time\" \/>\n\t<meta name=\"twitter:data1\" content=\"1 minut\" \/>\n<script type=\"application\/ld+json\" class=\"yoast-schema-graph\">{\"@context\":\"https:\/\/schema.org\",\"@graph\":[{\"@type\":\"WebPage\",\"@id\":\"https:\/\/baubauwall.com\/et\/toode\/pilttapeet-antiikne-aed-chinoiserie\/\",\"url\":\"https:\/\/baubauwall.com\/et\/toode\/pilttapeet-antiikne-aed-chinoiserie\/\",\"name\":\"Antiikne aed chinoiserie tapeet. Baubauwall - tapeediekspert\",\"isPartOf\":{\"@id\":\"https:\/\/baubauwall.com\/et\/#website\"},\"primaryImageOfPage\":{\"@id\":\"https:\/\/baubauwall.com\/et\/toode\/pilttapeet-antiikne-aed-chinoiserie\/#primaryimage\"},\"image\":{\"@id\":\"https:\/\/baubauwall.com\/et\/toode\/pilttapeet-antiikne-aed-chinoiserie\/#primaryimage\"},\"thumbnailUrl\":\"https:\/\/baubauwall.com\/wp-content\/uploads\/2022\/11\/51200490_AntiqueGardenChinoiserie_Baubauwall_Wall_Mural_room2.jpg\",\"datePublished\":\"2025-05-23T09:00:34+00:00\",\"dateModified\":\"2025-05-29T10:08:12+00:00\",\"description\":\"Chinoiserie tapeet ei l\u00e4he iialgi moest. Antiikne aed pilttapeet on elegantne disain, millelt leiad bee\u017eil taustal imeilusad linnud ja taimed!\",\"breadcrumb\":{\"@id\":\"https:\/\/baubauwall.com\/et\/toode\/pilttapeet-antiikne-aed-chinoiserie\/#breadcrumb\"},\"inLanguage\":\"et\",\"potentialAction\":[{\"@type\":\"ReadAction\",\"target\":[\"https:\/\/baubauwall.com\/et\/toode\/pilttapeet-antiikne-aed-chinoiserie\/\"]}]},{\"@type\":\"ImageObject\",\"inLanguage\":\"et\",\"@id\":\"https:\/\/baubauwall.com\/et\/toode\/pilttapeet-antiikne-aed-chinoiserie\/#primaryimage\",\"url\":\"https:\/\/baubauwall.com\/wp-content\/uploads\/2022\/11\/51200490_AntiqueGardenChinoiserie_Baubauwall_Wall_Mural_room2.jpg\",\"contentUrl\":\"https:\/\/baubauwall.com\/wp-content\/uploads\/2022\/11\/51200490_AntiqueGardenChinoiserie_Baubauwall_Wall_Mural_room2.jpg\",\"width\":2400,\"height\":1600,\"caption\":\"Antique-style chinoiserie wallpaper covering full wall behind bed and nightstand\"},{\"@type\":\"BreadcrumbList\",\"@id\":\"https:\/\/baubauwall.com\/et\/toode\/pilttapeet-antiikne-aed-chinoiserie\/#breadcrumb\",\"itemListElement\":[{\"@type\":\"ListItem\",\"position\":1,\"name\":\"Koju\",\"item\":\"https:\/\/baubauwall.com\/et\/\"},{\"@type\":\"ListItem\",\"position\":2,\"name\":\"Tapeedid\",\"item\":\"https:\/\/baubauwall.com\/et\/tapeedid\/\"},{\"@type\":\"ListItem\",\"position\":3,\"name\":\"Antiikne aed chinoiserie\"}]},{\"@type\":\"WebSite\",\"@id\":\"https:\/\/baubauwall.com\/et\/#website\",\"url\":\"https:\/\/baubauwall.com\/et\/\",\"name\":\"BAUBAUWALL Wallpapers\",\"description\":\"Valmis paanides tapeet Eestist!\",\"publisher\":{\"@id\":\"https:\/\/baubauwall.com\/et\/#organization\"},\"potentialAction\":[{\"@type\":\"SearchAction\",\"target\":{\"@type\":\"EntryPoint\",\"urlTemplate\":\"https:\/\/baubauwall.com\/et\/?s={search_term_string}\"},\"query-input\":{\"@type\":\"PropertyValueSpecification\",\"valueRequired\":true,\"valueName\":\"search_term_string\"}}],\"inLanguage\":\"et\"},{\"@type\":\"Organization\",\"@id\":\"https:\/\/baubauwall.com\/et\/#organization\",\"name\":\"BAUBAUWALL Wallpapers\",\"url\":\"https:\/\/baubauwall.com\/et\/\",\"logo\":{\"@type\":\"ImageObject\",\"inLanguage\":\"et\",\"@id\":\"https:\/\/baubauwall.com\/et\/#\/schema\/logo\/image\/\",\"url\":\"https:\/\/baubauwall.com\/wp-content\/uploads\/2022\/03\/logo-horizontal.svg\",\"contentUrl\":\"https:\/\/baubauwall.com\/wp-content\/uploads\/2022\/03\/logo-horizontal.svg\",\"width\":\"1024\",\"height\":\"1024\",\"caption\":\"BAUBAUWALL Wallpapers\"},\"image\":{\"@id\":\"https:\/\/baubauwall.com\/et\/#\/schema\/logo\/image\/\"},\"sameAs\":[\"https:\/\/www.facebook.com\/Baubauwall\",\"https:\/\/www.instagram.com\/baubauwall\"]}]}<\/script>\n<!-- \/ Yoast SEO plugin. -->","yoast_head_json":{"title":"Antiikne aed chinoiserie tapeet. Baubauwall - tapeediekspert","description":"Chinoiserie tapeet ei l\u00e4he iialgi moest. Antiikne aed pilttapeet on elegantne disain, millelt leiad bee\u017eil taustal imeilusad linnud ja taimed!","robots":{"index":"index","follow":"follow","max-snippet":"max-snippet:-1","max-image-preview":"max-image-preview:large","max-video-preview":"max-video-preview:-1"},"canonical":"https:\/\/baubauwall.com\/et\/toode\/pilttapeet-antiikne-aed-chinoiserie\/","og_locale":"et_EE","og_type":"article","og_title":"BAUBAUWALL TAPEEDID","og_description":"Chinoiserie t\u00e4hendab prantsuse keeles \"hiina stiili\" ning sai Euroopas populaarseks juba 17. sajandil. Tapeetide maailmas t\u00e4hendab see delikaatseid, sageli k\u00e4sitsi maalitud detaile, peeneid mustreid ning rahulikku luksust. T\u00e4nap\u00e4eval hinnatakse chinoiserie tapeete nende ajatu elegantsi ja romantilise meeleolu t\u00f5ttu \u2013 need sobivad suurep\u00e4raselt klassikalise sisekujunduse juurde.","og_url":"https:\/\/baubauwall.com\/et\/toode\/pilttapeet-antiikne-aed-chinoiserie\/","og_site_name":"BAUBAUWALL TAPEEDID","article_publisher":"https:\/\/www.facebook.com\/Baubauwall","article_modified_time":"2025-05-29T10:08:12+00:00","og_image":[{"width":2397,"height":1600,"url":"https:\/\/baubauwall.com\/wp-content\/uploads\/2022\/11\/51200490_AntiqueGardenChinoiserie_Baubauwall_Wall_Mural_room3.jpg","type":"image\/jpeg"}],"twitter_card":"summary_large_image","twitter_misc":{"Est. reading time":"1 minut"},"schema":{"@context":"https:\/\/schema.org","@graph":[{"@type":"WebPage","@id":"https:\/\/baubauwall.com\/et\/toode\/pilttapeet-antiikne-aed-chinoiserie\/","url":"https:\/\/baubauwall.com\/et\/toode\/pilttapeet-antiikne-aed-chinoiserie\/","name":"Antiikne aed chinoiserie tapeet. Baubauwall - tapeediekspert","isPartOf":{"@id":"https:\/\/baubauwall.com\/et\/#website"},"primaryImageOfPage":{"@id":"https:\/\/baubauwall.com\/et\/toode\/pilttapeet-antiikne-aed-chinoiserie\/#primaryimage"},"image":{"@id":"https:\/\/baubauwall.com\/et\/toode\/pilttapeet-antiikne-aed-chinoiserie\/#primaryimage"},"thumbnailUrl":"https:\/\/baubauwall.com\/wp-content\/uploads\/2022\/11\/51200490_AntiqueGardenChinoiserie_Baubauwall_Wall_Mural_room2.jpg","datePublished":"2025-05-23T09:00:34+00:00","dateModified":"2025-05-29T10:08:12+00:00","description":"Chinoiserie tapeet ei l\u00e4he iialgi moest. Antiikne aed pilttapeet on elegantne disain, millelt leiad bee\u017eil taustal imeilusad linnud ja taimed!","breadcrumb":{"@id":"https:\/\/baubauwall.com\/et\/toode\/pilttapeet-antiikne-aed-chinoiserie\/#breadcrumb"},"inLanguage":"et","potentialAction":[{"@type":"ReadAction","target":["https:\/\/baubauwall.com\/et\/toode\/pilttapeet-antiikne-aed-chinoiserie\/"]}]},{"@type":"ImageObject","inLanguage":"et","@id":"https:\/\/baubauwall.com\/et\/toode\/pilttapeet-antiikne-aed-chinoiserie\/#primaryimage","url":"https:\/\/baubauwall.com\/wp-content\/uploads\/2022\/11\/51200490_AntiqueGardenChinoiserie_Baubauwall_Wall_Mural_room2.jpg","contentUrl":"https:\/\/baubauwall.com\/wp-content\/uploads\/2022\/11\/51200490_AntiqueGardenChinoiserie_Baubauwall_Wall_Mural_room2.jpg","width":2400,"height":1600,"caption":"Antique-style chinoiserie wallpaper covering full wall behind bed and nightstand"},{"@type":"BreadcrumbList","@id":"https:\/\/baubauwall.com\/et\/toode\/pilttapeet-antiikne-aed-chinoiserie\/#breadcrumb","itemListElement":[{"@type":"ListItem","position":1,"name":"Koju","item":"https:\/\/baubauwall.com\/et\/"},{"@type":"ListItem","position":2,"name":"Tapeedid","item":"https:\/\/baubauwall.com\/et\/tapeedid\/"},{"@type":"ListItem","position":3,"name":"Antiikne aed chinoiserie"}]},{"@type":"WebSite","@id":"https:\/\/baubauwall.com\/et\/#website","url":"https:\/\/baubauwall.com\/et\/","name":"BAUBAUWALL Wallpapers","description":"Valmis paanides tapeet Eestist!","publisher":{"@id":"https:\/\/baubauwall.com\/et\/#organization"},"potentialAction":[{"@type":"SearchAction","target":{"@type":"EntryPoint","urlTemplate":"https:\/\/baubauwall.com\/et\/?s={search_term_string}"},"query-input":{"@type":"PropertyValueSpecification","valueRequired":true,"valueName":"search_term_string"}}],"inLanguage":"et"},{"@type":"Organization","@id":"https:\/\/baubauwall.com\/et\/#organization","name":"BAUBAUWALL Wallpapers","url":"https:\/\/baubauwall.com\/et\/","logo":{"@type":"ImageObject","inLanguage":"et","@id":"https:\/\/baubauwall.com\/et\/#\/schema\/logo\/image\/","url":"https:\/\/baubauwall.com\/wp-content\/uploads\/2022\/03\/logo-horizontal.svg","contentUrl":"https:\/\/baubauwall.com\/wp-content\/uploads\/2022\/03\/logo-horizontal.svg","width":"1024","height":"1024","caption":"BAUBAUWALL Wallpapers"},"image":{"@id":"https:\/\/baubauwall.com\/et\/#\/schema\/logo\/image\/"},"sameAs":["https:\/\/www.facebook.com\/Baubauwall","https:\/\/www.instagram.com\/baubauwall"]}]}},"jetpack_sharing_enabled":true,"_links":{"self":[{"href":"https:\/\/baubauwall.com\/et\/wp-json\/wp\/v2\/product\/43057","targetHints":{"allow":["GET"]}}],"collection":[{"href":"https:\/\/baubauwall.com\/et\/wp-json\/wp\/v2\/product"}],"about":[{"href":"https:\/\/baubauwall.com\/et\/wp-json\/wp\/v2\/types\/product"}],"replies":[{"embeddable":true,"href":"https:\/\/baubauwall.com\/et\/wp-json\/wp\/v2\/comments?post=43057"}],"wp:featuredmedia":[{"embeddable":true,"href":"https:\/\/baubauwall.com\/et\/wp-json\/wp\/v2\/media\/43046"}],"wp:attachment":[{"href":"https:\/\/baubauwall.com\/et\/wp-json\/wp\/v2\/media?parent=43057"}],"wp:term":[{"taxonomy":"product_brand","embeddable":true,"href":"https:\/\/baubauwall.com\/et\/wp-json\/wp\/v2\/product_brand?post=43057"},{"taxonomy":"product_cat","embeddable":true,"href":"https:\/\/baubauwall.com\/et\/wp-json\/wp\/v2\/product_cat?post=43057"},{"taxonomy":"product_tag","embeddable":true,"href":"https:\/\/baubauwall.com\/et\/wp-json\/wp\/v2\/product_tag?post=43057"}],"curies":[{"name":"wp","href":"https:\/\/api.w.org\/{rel}","templated":true}]}}