{"id":43078,"date":"2025-05-23T12:00:34","date_gmt":"2025-05-23T10:00:34","guid":{"rendered":"https:\/\/baubauwall.com\/product\/mural-wallpaper-sunwashed-jungle-leaves\/"},"modified":"2025-05-29T13:24:35","modified_gmt":"2025-05-29T11:24:35","slug":"pilttapeet-paikeserammestus","status":"publish","type":"product","link":"https:\/\/baubauwall.com\/et\/toode\/pilttapeet-paikeserammestus\/","title":{"rendered":"P\u00e4ikeserammestus"},"content":{"rendered":"<p data-start=\"309\" data-end=\"380\">P\u00e4ikeserammestus on t\u00e4pselt see tunne, kui suvine p\u00e4ike paitab l\u00e4bi lehtede, aeg peatub ja k\u00f5ik tundub korraks pehmem. See botaaniline, lehtedega tapeet \u00fchendab troopika vormid ja p\u00e4ikesest pleekinud toonid \u2013 bee\u017e, oliiviroheline ja tolmune kuld. Tulemuseks on pilttapeet, mis m\u00f5jub nagu soe uinak v\u00f5rkkiiges.<\/p>\n<p data-start=\"705\" data-end=\"1029\">Tapeedi botaaniline disain on pehme ja mitmekihiline, justkui lehevarjud langeksid rahulikult seinale. Lehtedega tapeet sobib h\u00e4sti magamistuppa, kus taust ei tohi olla liiga intensiivne, aga ka elutoa fookusseinaks, kui otsid rahulikku, loodusl\u00e4hedast atmosf\u00e4\u00e4ri. Tapeet m\u00e4ngib h\u00e4sti heleda puidu, linaste tekstiilide ja soojades toonides lubikrohviga.<\/p>\n<p data-start=\"705\" data-end=\"1029\"><strong data-start=\"1636\" data-end=\"1663\">V\u00e4ike sisekujundusnipp:<\/strong><br data-start=\"1663\" data-end=\"1666\" \/>Kombineeri P\u00e4ikeserammestuse tapeet n\u00e4iteks bee\u017ei diivani, punutud detailide ja mattide savitoonidega. Tulemus on soe, tasakaalukas ja alati kutsuv.<\/p>\n<p><strong>Miks valida pilttapeet Baubauwallist? Sest me teeme tapeedi valimise, ostmise ja paigalduse lihtsaks.\u00a0<\/strong><\/p>\n<ul>\n<li><a href=\"https:\/\/baubauwall.com\/et\/meist\/\">Eesti ettev\u00f5te<\/a><\/li>\n<li>Tr\u00fckime t\u00e4pselt Sinu seina m\u00f5\u00f5dus tapeedi<\/li>\n<li>Just nii pikad tapeedipaanid, kui on Sinu sein<\/li>\n<li>Premium, matt fliistapeedi materjal, 100% taaskasutatud kiust<\/li>\n<li>M\u00fcrgivabad tr\u00fckiv\u00e4rvid, Greenguard sertifitseeritud<\/li>\n<li>Keskkonnas\u00f5bralik, j\u00e4\u00e4tmevaba tapeetimine<\/li>\n<li>Tasuta tapeediliim<\/li>\n<li>Tasuta transport ja kiire tarne 5 t\u00f6\u00f6p\u00e4evaga<\/li>\n<\/ul>\n<p>Loe l\u00e4hemalt nutikatest, eritellimust\u00f6\u00f6na valmivatest tapeetidest\u00a0<a href=\"https:\/\/kodu.geenius.ee\/rubriik\/sisustus\/eesti-ettevote-pakub-uudse-lahenemisega-vaga-ainulaadseid-tapeete-mis-trukitakse-siinsamas-kodumaal\/\">siit.<\/a><\/p>\n","protected":false},"excerpt":{"rendered":"<p>P\u00e4ikeserammestus on t\u00e4pselt see tunne, kui suvine p\u00e4ike paitab l\u00e4bi lehtede, aeg peatub ja k\u00f5ik tundub korraks pehmem. See botaaniline, lehtedega tapeet \u00fchendab troopika vormid ja p\u00e4ikesest pleekinud toonid \u2013 bee\u017e, oliiviroheline ja tolmune kuld. Tulemuseks on pilttapeet, mis m\u00f5jub nagu soe uinak v\u00f5rkkiiges. Tapeedi botaaniline disain on pehme ja mitmekihiline, justkui lehevarjud langeksid rahulikult [&hellip;]<\/p>\n","protected":false},"featured_media":43381,"comment_status":"open","ping_status":"closed","template":"","meta":{"_acf_changed":false,"inline_featured_image":false},"product_brand":[],"product_cat":[387,406,388,265,411,752,413,414,415,416,399,402,250,254,561],"product_tag":[334,345],"class_list":{"0":"post-43078","1":"product","2":"type-product","3":"status-publish","4":"has-post-thumbnail","6":"product_cat-pilttapeedid","7":"product_cat-klassika","8":"product_cat-vintage-et","9":"product_cat-beezid-tapeedid","10":"product_cat-kollased-tapeedid","11":"product_cat-avalik-ruum","12":"product_cat-magamistoa-tapeedid","13":"product_cat-soogitoa-tapeedid","14":"product_cat-kulalistetoa-tapeedid","15":"product_cat-esiku-tapeedid","16":"product_cat-kodukontori-tapeedid","17":"product_cat-elutoa-tapeedid","18":"product_cat-dzungel-troopika","19":"product_cat-loodus","20":"product_cat-suvised-tapeedid","21":"product_tag-japandi-et","22":"product_tag-pilttapeet","23":"pa_designedby-baubauwall","25":"first","26":"instock","27":"taxable","28":"shipping-taxable","29":"purchasable","30":"product-type-simple"},"acf":[],"yoast_head":"<!-- This site is optimized with the Yoast SEO plugin v25.9 - https:\/\/yoast.com\/wordpress\/plugins\/seo\/ -->\n<title>Troopiliste lehtedega tapeet - P\u00e4ikeserammestus<\/title>\n<meta name=\"description\" content=\"Lehtedega tapeet, millelt tabad soojades toonides suured botaanilised motiivid. Lehtedega tapeet on populaarne valik magamistuppa v\u00f5i elutoa seinale\" \/>\n<meta name=\"robots\" content=\"index, follow, max-snippet:-1, max-image-preview:large, max-video-preview:-1\" \/>\n<link rel=\"canonical\" href=\"https:\/\/baubauwall.com\/et\/toode\/pilttapeet-paikeserammestus\/\" \/>\n<meta property=\"og:locale\" content=\"et_EE\" \/>\n<meta property=\"og:type\" content=\"article\" \/>\n<meta property=\"og:title\" content=\"BAUBAUWALL TAPEEDID\" \/>\n<meta property=\"og:description\" content=\"Sunwashed Jungle Leaves is a botanical mural wallpaper with soft abstract foliage in earthy tones. A calm, minimalist jungle for modern interiors.\" \/>\n<meta property=\"og:url\" content=\"https:\/\/baubauwall.com\/et\/toode\/pilttapeet-paikeserammestus\/\" \/>\n<meta property=\"og:site_name\" content=\"BAUBAUWALL TAPEEDID\" \/>\n<meta property=\"article:publisher\" content=\"https:\/\/www.facebook.com\/Baubauwall\" \/>\n<meta property=\"article:modified_time\" content=\"2025-05-29T11:24:35+00:00\" \/>\n<meta property=\"og:image\" content=\"https:\/\/baubauwall.com\/wp-content\/uploads\/2022\/11\/51200493_SunwashedJungle_Baubauwall_Wall_Mural_room2.jpg\" \/>\n\t<meta property=\"og:image:width\" content=\"1600\" \/>\n\t<meta property=\"og:image:height\" content=\"1600\" \/>\n\t<meta property=\"og:image:type\" content=\"image\/jpeg\" \/>\n<meta name=\"twitter:card\" content=\"summary_large_image\" \/>\n<meta name=\"twitter:label1\" content=\"Est. reading time\" \/>\n\t<meta name=\"twitter:data1\" content=\"1 minut\" \/>\n<script type=\"application\/ld+json\" class=\"yoast-schema-graph\">{\"@context\":\"https:\/\/schema.org\",\"@graph\":[{\"@type\":\"WebPage\",\"@id\":\"https:\/\/baubauwall.com\/et\/toode\/pilttapeet-paikeserammestus\/\",\"url\":\"https:\/\/baubauwall.com\/et\/toode\/pilttapeet-paikeserammestus\/\",\"name\":\"Troopiliste lehtedega tapeet - P\u00e4ikeserammestus\",\"isPartOf\":{\"@id\":\"https:\/\/baubauwall.com\/et\/#website\"},\"primaryImageOfPage\":{\"@id\":\"https:\/\/baubauwall.com\/et\/toode\/pilttapeet-paikeserammestus\/#primaryimage\"},\"image\":{\"@id\":\"https:\/\/baubauwall.com\/et\/toode\/pilttapeet-paikeserammestus\/#primaryimage\"},\"thumbnailUrl\":\"https:\/\/baubauwall.com\/wp-content\/uploads\/2025\/05\/51200493_SunwashedJungleLeaves_Baubauwall_Wall_Mural_room1.jpg\",\"datePublished\":\"2025-05-23T10:00:34+00:00\",\"dateModified\":\"2025-05-29T11:24:35+00:00\",\"description\":\"Lehtedega tapeet, millelt tabad soojades toonides suured botaanilised motiivid. Lehtedega tapeet on populaarne valik magamistuppa v\u00f5i elutoa seinale\",\"breadcrumb\":{\"@id\":\"https:\/\/baubauwall.com\/et\/toode\/pilttapeet-paikeserammestus\/#breadcrumb\"},\"inLanguage\":\"et\",\"potentialAction\":[{\"@type\":\"ReadAction\",\"target\":[\"https:\/\/baubauwall.com\/et\/toode\/pilttapeet-paikeserammestus\/\"]}]},{\"@type\":\"ImageObject\",\"inLanguage\":\"et\",\"@id\":\"https:\/\/baubauwall.com\/et\/toode\/pilttapeet-paikeserammestus\/#primaryimage\",\"url\":\"https:\/\/baubauwall.com\/wp-content\/uploads\/2025\/05\/51200493_SunwashedJungleLeaves_Baubauwall_Wall_Mural_room1.jpg\",\"contentUrl\":\"https:\/\/baubauwall.com\/wp-content\/uploads\/2025\/05\/51200493_SunwashedJungleLeaves_Baubauwall_Wall_Mural_room1.jpg\",\"width\":1067,\"height\":1600,\"caption\":\"Botanical mural wallpaper with abstract jungle leaf design in neutral beige and olive tones on living room accent wall. Baubauwall Wallpapers\"},{\"@type\":\"BreadcrumbList\",\"@id\":\"https:\/\/baubauwall.com\/et\/toode\/pilttapeet-paikeserammestus\/#breadcrumb\",\"itemListElement\":[{\"@type\":\"ListItem\",\"position\":1,\"name\":\"Koju\",\"item\":\"https:\/\/baubauwall.com\/et\/\"},{\"@type\":\"ListItem\",\"position\":2,\"name\":\"Tapeedid\",\"item\":\"https:\/\/baubauwall.com\/et\/tapeedid\/\"},{\"@type\":\"ListItem\",\"position\":3,\"name\":\"P\u00e4ikeserammestus\"}]},{\"@type\":\"WebSite\",\"@id\":\"https:\/\/baubauwall.com\/et\/#website\",\"url\":\"https:\/\/baubauwall.com\/et\/\",\"name\":\"BAUBAUWALL Wallpapers\",\"description\":\"Valmis paanides tapeet Eestist!\",\"publisher\":{\"@id\":\"https:\/\/baubauwall.com\/et\/#organization\"},\"potentialAction\":[{\"@type\":\"SearchAction\",\"target\":{\"@type\":\"EntryPoint\",\"urlTemplate\":\"https:\/\/baubauwall.com\/et\/?s={search_term_string}\"},\"query-input\":{\"@type\":\"PropertyValueSpecification\",\"valueRequired\":true,\"valueName\":\"search_term_string\"}}],\"inLanguage\":\"et\"},{\"@type\":\"Organization\",\"@id\":\"https:\/\/baubauwall.com\/et\/#organization\",\"name\":\"BAUBAUWALL Wallpapers\",\"url\":\"https:\/\/baubauwall.com\/et\/\",\"logo\":{\"@type\":\"ImageObject\",\"inLanguage\":\"et\",\"@id\":\"https:\/\/baubauwall.com\/et\/#\/schema\/logo\/image\/\",\"url\":\"https:\/\/baubauwall.com\/wp-content\/uploads\/2022\/03\/logo-horizontal.svg\",\"contentUrl\":\"https:\/\/baubauwall.com\/wp-content\/uploads\/2022\/03\/logo-horizontal.svg\",\"width\":\"1024\",\"height\":\"1024\",\"caption\":\"BAUBAUWALL Wallpapers\"},\"image\":{\"@id\":\"https:\/\/baubauwall.com\/et\/#\/schema\/logo\/image\/\"},\"sameAs\":[\"https:\/\/www.facebook.com\/Baubauwall\",\"https:\/\/www.instagram.com\/baubauwall\"]}]}<\/script>\n<!-- \/ Yoast SEO plugin. -->","yoast_head_json":{"title":"Troopiliste lehtedega tapeet - P\u00e4ikeserammestus","description":"Lehtedega tapeet, millelt tabad soojades toonides suured botaanilised motiivid. Lehtedega tapeet on populaarne valik magamistuppa v\u00f5i elutoa seinale","robots":{"index":"index","follow":"follow","max-snippet":"max-snippet:-1","max-image-preview":"max-image-preview:large","max-video-preview":"max-video-preview:-1"},"canonical":"https:\/\/baubauwall.com\/et\/toode\/pilttapeet-paikeserammestus\/","og_locale":"et_EE","og_type":"article","og_title":"BAUBAUWALL TAPEEDID","og_description":"Sunwashed Jungle Leaves is a botanical mural wallpaper with soft abstract foliage in earthy tones. A calm, minimalist jungle for modern interiors.","og_url":"https:\/\/baubauwall.com\/et\/toode\/pilttapeet-paikeserammestus\/","og_site_name":"BAUBAUWALL TAPEEDID","article_publisher":"https:\/\/www.facebook.com\/Baubauwall","article_modified_time":"2025-05-29T11:24:35+00:00","og_image":[{"width":1600,"height":1600,"url":"https:\/\/baubauwall.com\/wp-content\/uploads\/2022\/11\/51200493_SunwashedJungle_Baubauwall_Wall_Mural_room2.jpg","type":"image\/jpeg"}],"twitter_card":"summary_large_image","twitter_misc":{"Est. reading time":"1 minut"},"schema":{"@context":"https:\/\/schema.org","@graph":[{"@type":"WebPage","@id":"https:\/\/baubauwall.com\/et\/toode\/pilttapeet-paikeserammestus\/","url":"https:\/\/baubauwall.com\/et\/toode\/pilttapeet-paikeserammestus\/","name":"Troopiliste lehtedega tapeet - P\u00e4ikeserammestus","isPartOf":{"@id":"https:\/\/baubauwall.com\/et\/#website"},"primaryImageOfPage":{"@id":"https:\/\/baubauwall.com\/et\/toode\/pilttapeet-paikeserammestus\/#primaryimage"},"image":{"@id":"https:\/\/baubauwall.com\/et\/toode\/pilttapeet-paikeserammestus\/#primaryimage"},"thumbnailUrl":"https:\/\/baubauwall.com\/wp-content\/uploads\/2025\/05\/51200493_SunwashedJungleLeaves_Baubauwall_Wall_Mural_room1.jpg","datePublished":"2025-05-23T10:00:34+00:00","dateModified":"2025-05-29T11:24:35+00:00","description":"Lehtedega tapeet, millelt tabad soojades toonides suured botaanilised motiivid. Lehtedega tapeet on populaarne valik magamistuppa v\u00f5i elutoa seinale","breadcrumb":{"@id":"https:\/\/baubauwall.com\/et\/toode\/pilttapeet-paikeserammestus\/#breadcrumb"},"inLanguage":"et","potentialAction":[{"@type":"ReadAction","target":["https:\/\/baubauwall.com\/et\/toode\/pilttapeet-paikeserammestus\/"]}]},{"@type":"ImageObject","inLanguage":"et","@id":"https:\/\/baubauwall.com\/et\/toode\/pilttapeet-paikeserammestus\/#primaryimage","url":"https:\/\/baubauwall.com\/wp-content\/uploads\/2025\/05\/51200493_SunwashedJungleLeaves_Baubauwall_Wall_Mural_room1.jpg","contentUrl":"https:\/\/baubauwall.com\/wp-content\/uploads\/2025\/05\/51200493_SunwashedJungleLeaves_Baubauwall_Wall_Mural_room1.jpg","width":1067,"height":1600,"caption":"Botanical mural wallpaper with abstract jungle leaf design in neutral beige and olive tones on living room accent wall. Baubauwall Wallpapers"},{"@type":"BreadcrumbList","@id":"https:\/\/baubauwall.com\/et\/toode\/pilttapeet-paikeserammestus\/#breadcrumb","itemListElement":[{"@type":"ListItem","position":1,"name":"Koju","item":"https:\/\/baubauwall.com\/et\/"},{"@type":"ListItem","position":2,"name":"Tapeedid","item":"https:\/\/baubauwall.com\/et\/tapeedid\/"},{"@type":"ListItem","position":3,"name":"P\u00e4ikeserammestus"}]},{"@type":"WebSite","@id":"https:\/\/baubauwall.com\/et\/#website","url":"https:\/\/baubauwall.com\/et\/","name":"BAUBAUWALL Wallpapers","description":"Valmis paanides tapeet Eestist!","publisher":{"@id":"https:\/\/baubauwall.com\/et\/#organization"},"potentialAction":[{"@type":"SearchAction","target":{"@type":"EntryPoint","urlTemplate":"https:\/\/baubauwall.com\/et\/?s={search_term_string}"},"query-input":{"@type":"PropertyValueSpecification","valueRequired":true,"valueName":"search_term_string"}}],"inLanguage":"et"},{"@type":"Organization","@id":"https:\/\/baubauwall.com\/et\/#organization","name":"BAUBAUWALL Wallpapers","url":"https:\/\/baubauwall.com\/et\/","logo":{"@type":"ImageObject","inLanguage":"et","@id":"https:\/\/baubauwall.com\/et\/#\/schema\/logo\/image\/","url":"https:\/\/baubauwall.com\/wp-content\/uploads\/2022\/03\/logo-horizontal.svg","contentUrl":"https:\/\/baubauwall.com\/wp-content\/uploads\/2022\/03\/logo-horizontal.svg","width":"1024","height":"1024","caption":"BAUBAUWALL Wallpapers"},"image":{"@id":"https:\/\/baubauwall.com\/et\/#\/schema\/logo\/image\/"},"sameAs":["https:\/\/www.facebook.com\/Baubauwall","https:\/\/www.instagram.com\/baubauwall"]}]}},"jetpack_sharing_enabled":true,"_links":{"self":[{"href":"https:\/\/baubauwall.com\/et\/wp-json\/wp\/v2\/product\/43078","targetHints":{"allow":["GET"]}}],"collection":[{"href":"https:\/\/baubauwall.com\/et\/wp-json\/wp\/v2\/product"}],"about":[{"href":"https:\/\/baubauwall.com\/et\/wp-json\/wp\/v2\/types\/product"}],"replies":[{"embeddable":true,"href":"https:\/\/baubauwall.com\/et\/wp-json\/wp\/v2\/comments?post=43078"}],"wp:featuredmedia":[{"embeddable":true,"href":"https:\/\/baubauwall.com\/et\/wp-json\/wp\/v2\/media\/43381"}],"wp:attachment":[{"href":"https:\/\/baubauwall.com\/et\/wp-json\/wp\/v2\/media?parent=43078"}],"wp:term":[{"taxonomy":"product_brand","embeddable":true,"href":"https:\/\/baubauwall.com\/et\/wp-json\/wp\/v2\/product_brand?post=43078"},{"taxonomy":"product_cat","embeddable":true,"href":"https:\/\/baubauwall.com\/et\/wp-json\/wp\/v2\/product_cat?post=43078"},{"taxonomy":"product_tag","embeddable":true,"href":"https:\/\/baubauwall.com\/et\/wp-json\/wp\/v2\/product_tag?post=43078"}],"curies":[{"name":"wp","href":"https:\/\/api.w.org\/{rel}","templated":true}]}}